{"id":3786,"date":"2025-10-08T21:23:20","date_gmt":"2025-10-08T21:23:20","guid":{"rendered":"https:\/\/happyinaknit.com\/?post_type=product&#038;p=3786"},"modified":"2025-11-30T06:53:04","modified_gmt":"2025-11-30T06:53:04","slug":"zealana-air-chunky","status":"publish","type":"product","link":"https:\/\/happyinaknit.com\/en\/product\/zealana-air-chunky\/","title":{"rendered":"Zealana Air Chunky"},"content":{"rendered":"<p data-start=\"78\" data-end=\"444\"><strong data-start=\"78\" data-end=\"93\">Zealana Air<\/strong> \u2013 these are the exceptional threads that connect <strong data-start=\"136\" data-end=\"194\">40 % possum down, 40 % cashmere and 20 % mulberry silk<\/strong>They are <strong data-start=\"204\" data-end=\"249\">lighter and warmer than pure cashmere<\/strong>, extremely soft, durable and pilling-resistant. This luxurious fiber combination gives knits lightness, fluffiness and a subtle sheen. It is a real luxury for your knitting projects.<\/p>\n<p data-start=\"446\" data-end=\"673\"><strong data-start=\"446\" data-end=\"458\">Composition:<\/strong> 40 % cashmere, 40 % possum, 20 % mulberry silk<br data-start=\"509\" data-end=\"512\" \/><strong data-start=\"512\" data-end=\"534\">Weight \/ length:<\/strong> 50 g - 146 m<br data-start=\"547\" data-end=\"550\" \/><strong data-start=\"550\" data-end=\"578\">Recommended needles:<\/strong> 5.5mm<br data-start=\"585\" data-end=\"588\" data-is-only-node=\"\" \/><strong data-start=\"588\" data-end=\"601\">Density:<\/strong> 10 cm \u2013 about 15 stitches \u00d7 18 rows<br data-start=\"633\" data-end=\"636\" \/><strong data-start=\"636\" data-end=\"653\">Country of origin:<\/strong> New Zealand<\/p>\n<p data-start=\"402\" data-end=\"660\"><strong data-start=\"635\" data-end=\"658\">Required quantity:<\/strong><\/p>\n<ul data-start=\"661\" data-end=\"859\">\n<li data-start=\"661\" data-end=\"693\">\n<p data-start=\"663\" data-end=\"693\">For the hat\u2013bini \u2013 1 ball<\/p>\n<\/li>\n<li data-start=\"694\" data-end=\"748\">\n<p data-start=\"696\" data-end=\"748\">For short-sleeved shirts \u2013 4 balls<\/p>\n<\/li>\n<li data-start=\"749\" data-end=\"779\">\n<p data-start=\"751\" data-end=\"779\">For mittens \u2013 1 ball<\/p>\n<\/li>\n<li data-start=\"780\" data-end=\"821\">\n<p data-start=\"782\" data-end=\"821\">For a cardigan with a hood \u2013 9 balls<\/p>\n<\/li>\n<li data-start=\"822\" data-end=\"859\">\n<p data-start=\"824\" data-end=\"859\">For a triangular scarf \u2013 1 ball<\/p>\n<\/li>\n<\/ul>\n<p data-start=\"861\" data-end=\"1057\" data-is-last-node=\"\" data-is-only-node=\"\"><strong data-start=\"861\" data-end=\"875\">Care:<\/strong> Wash by hand at a temperature not exceeding 30 \u00b0C, dry flat.<\/p>\n<p data-start=\"861\" data-end=\"1057\" data-is-last-node=\"\" data-is-only-node=\"\"><br data-start=\"966\" data-end=\"969\" \/><strong data-start=\"969\" data-end=\"981\">Note:<\/strong> Color shades may vary slightly depending on your device&#039;s screen.<\/p>","protected":false},"excerpt":{"rendered":"<p>Zealana Air \u2013 tai i\u0161skirtiniai si\u016blai, kurie sujungia 40 % possumo p\u016bk\u0173, 40 % ka\u0161myro ir 20 % mulberio \u0161ilko. Jie yra lengvesni ir \u0161iltesni nei grynas ka\u0161myras, ypatingai \u0161veln\u016bs, patvar\u016bs ir atspar\u016bs v\u0117limuisi. \u0160i prabangaus pluo\u0161to kombinacija suteikia mezginiams lengvumo, purumo ir subtilaus spindesio. Tai \u2013 tikra prabanga j\u016bs\u0173 mezgimo projektams. Sud\u0117tis: 40 % [&hellip;]<\/p>\n","protected":false},"featured_media":3774,"comment_status":"open","ping_status":"closed","template":"","meta":{"_acf_changed":false},"product_brand":[64],"product_cat":[15,18],"product_tag":[],"pro-kategorijos":[46,809,77],"class_list":{"0":"post-3786","1":"product","2":"type-product","3":"status-publish","4":"has-post-thumbnail","6":"product_brand-zealanalanamania","7":"product_cat-visi-produktai","8":"product_cat-siulai","9":"pro-kategorijos-kasmyras","10":"pro-kategorijos-possumas","11":"pro-kategorijos-silkas","13":"first","14":"instock","15":"shipping-taxable","16":"purchasable","17":"product-type-variable"},"acf":[],"yoast_head":"<!-- This site is optimized with the Yoast SEO plugin v26.8 - https:\/\/yoast.com\/product\/yoast-seo-wordpress\/ -->\n<title>Zealana Air Chunky - Happyinaknit.com<\/title>\n<meta name=\"robots\" content=\"index, follow, max-snippet:-1, max-image-preview:large, max-video-preview:-1\" \/>\n<link rel=\"canonical\" href=\"https:\/\/happyinaknit.com\/en\/product\/zealana-air-chunky\/\" \/>\n<meta property=\"og:locale\" content=\"en_US\" \/>\n<meta property=\"og:type\" content=\"article\" \/>\n<meta property=\"og:title\" content=\"Zealana Air Chunky - Happyinaknit.com\" \/>\n<meta property=\"og:description\" content=\"Zealana Air \u2013 tai i\u0161skirtiniai si\u016blai, kurie sujungia 40 % possumo p\u016bk\u0173, 40 % ka\u0161myro ir 20 % mulberio \u0161ilko. Jie yra lengvesni ir \u0161iltesni nei grynas ka\u0161myras, ypatingai \u0161veln\u016bs, patvar\u016bs ir atspar\u016bs v\u0117limuisi. \u0160i prabangaus pluo\u0161to kombinacija suteikia mezginiams lengvumo, purumo ir subtilaus spindesio. Tai \u2013 tikra prabanga j\u016bs\u0173 mezgimo projektams. Sud\u0117tis: 40 % [&hellip;]\" \/>\n<meta property=\"og:url\" content=\"https:\/\/happyinaknit.com\/en\/product\/zealana-air-chunky\/\" \/>\n<meta property=\"og:site_name\" content=\"Happyinaknit.com\" \/>\n<meta property=\"article:modified_time\" content=\"2025-11-30T06:53:04+00:00\" \/>\n<meta property=\"og:image\" content=\"https:\/\/happyinaknit.com\/wp-content\/uploads\/2025\/10\/IMG_8772.jpg\" \/>\n\t<meta property=\"og:image:width\" content=\"1320\" \/>\n\t<meta property=\"og:image:height\" content=\"1986\" \/>\n\t<meta property=\"og:image:type\" content=\"image\/jpeg\" \/>\n<meta name=\"twitter:card\" content=\"summary_large_image\" \/>\n<meta name=\"twitter:label1\" content=\"Est. reading time\" \/>\n\t<meta name=\"twitter:data1\" content=\"1 minute\" \/>\n<script type=\"application\/ld+json\" class=\"yoast-schema-graph\">{\"@context\":\"https:\/\/schema.org\",\"@graph\":[{\"@type\":\"WebPage\",\"@id\":\"https:\/\/happyinaknit.com\/produktas\/zealana-air-chunky\/\",\"url\":\"https:\/\/happyinaknit.com\/produktas\/zealana-air-chunky\/\",\"name\":\"Zealana Air Chunky - Happyinaknit.com\",\"isPartOf\":{\"@id\":\"https:\/\/happyinaknit.com\/lt\/#website\"},\"primaryImageOfPage\":{\"@id\":\"https:\/\/happyinaknit.com\/produktas\/zealana-air-chunky\/#primaryimage\"},\"image\":{\"@id\":\"https:\/\/happyinaknit.com\/produktas\/zealana-air-chunky\/#primaryimage\"},\"thumbnailUrl\":\"https:\/\/happyinaknit.com\/wp-content\/uploads\/2025\/10\/IMG_8772.jpg\",\"datePublished\":\"2025-10-08T21:23:20+00:00\",\"dateModified\":\"2025-11-30T06:53:04+00:00\",\"breadcrumb\":{\"@id\":\"https:\/\/happyinaknit.com\/produktas\/zealana-air-chunky\/#breadcrumb\"},\"inLanguage\":\"en-US\",\"potentialAction\":[{\"@type\":\"ReadAction\",\"target\":[\"https:\/\/happyinaknit.com\/produktas\/zealana-air-chunky\/\"]}]},{\"@type\":\"ImageObject\",\"inLanguage\":\"en-US\",\"@id\":\"https:\/\/happyinaknit.com\/produktas\/zealana-air-chunky\/#primaryimage\",\"url\":\"https:\/\/happyinaknit.com\/wp-content\/uploads\/2025\/10\/IMG_8772.jpg\",\"contentUrl\":\"https:\/\/happyinaknit.com\/wp-content\/uploads\/2025\/10\/IMG_8772.jpg\",\"width\":1320,\"height\":1986},{\"@type\":\"BreadcrumbList\",\"@id\":\"https:\/\/happyinaknit.com\/produktas\/zealana-air-chunky\/#breadcrumb\",\"itemListElement\":[{\"@type\":\"ListItem\",\"position\":1,\"name\":\"Home\",\"item\":\"https:\/\/happyinaknit.com\/lt\/\"},{\"@type\":\"ListItem\",\"position\":2,\"name\":\"Parduotuv\u0117\",\"item\":\"https:\/\/happyinaknit.com\/lt\/parduotuve\/\"},{\"@type\":\"ListItem\",\"position\":3,\"name\":\"Zealana Air Chunky\"}]},{\"@type\":\"WebSite\",\"@id\":\"https:\/\/happyinaknit.com\/lt\/#website\",\"url\":\"https:\/\/happyinaknit.com\/lt\/\",\"name\":\"Happyinaknit.com\",\"description\":\"\",\"potentialAction\":[{\"@type\":\"SearchAction\",\"target\":{\"@type\":\"EntryPoint\",\"urlTemplate\":\"https:\/\/happyinaknit.com\/lt\/?s={search_term_string}\"},\"query-input\":{\"@type\":\"PropertyValueSpecification\",\"valueRequired\":true,\"valueName\":\"search_term_string\"}}],\"inLanguage\":\"en-US\"}]}<\/script>\n<!-- \/ Yoast SEO plugin. -->","yoast_head_json":{"title":"Zealana Air Chunky - Happyinaknit.com","robots":{"index":"index","follow":"follow","max-snippet":"max-snippet:-1","max-image-preview":"max-image-preview:large","max-video-preview":"max-video-preview:-1"},"canonical":"https:\/\/happyinaknit.com\/en\/product\/zealana-air-chunky\/","og_locale":"en_US","og_type":"article","og_title":"Zealana Air Chunky - Happyinaknit.com","og_description":"Zealana Air \u2013 tai i\u0161skirtiniai si\u016blai, kurie sujungia 40 % possumo p\u016bk\u0173, 40 % ka\u0161myro ir 20 % mulberio \u0161ilko. Jie yra lengvesni ir \u0161iltesni nei grynas ka\u0161myras, ypatingai \u0161veln\u016bs, patvar\u016bs ir atspar\u016bs v\u0117limuisi. \u0160i prabangaus pluo\u0161to kombinacija suteikia mezginiams lengvumo, purumo ir subtilaus spindesio. Tai \u2013 tikra prabanga j\u016bs\u0173 mezgimo projektams. Sud\u0117tis: 40 % [&hellip;]","og_url":"https:\/\/happyinaknit.com\/en\/product\/zealana-air-chunky\/","og_site_name":"Happyinaknit.com","article_modified_time":"2025-11-30T06:53:04+00:00","og_image":[{"width":1320,"height":1986,"url":"https:\/\/happyinaknit.com\/wp-content\/uploads\/2025\/10\/IMG_8772.jpg","type":"image\/jpeg"}],"twitter_card":"summary_large_image","twitter_misc":{"Est. reading time":"1 minute"},"schema":{"@context":"https:\/\/schema.org","@graph":[{"@type":"WebPage","@id":"https:\/\/happyinaknit.com\/produktas\/zealana-air-chunky\/","url":"https:\/\/happyinaknit.com\/produktas\/zealana-air-chunky\/","name":"Zealana Air Chunky - Happyinaknit.com","isPartOf":{"@id":"https:\/\/happyinaknit.com\/lt\/#website"},"primaryImageOfPage":{"@id":"https:\/\/happyinaknit.com\/produktas\/zealana-air-chunky\/#primaryimage"},"image":{"@id":"https:\/\/happyinaknit.com\/produktas\/zealana-air-chunky\/#primaryimage"},"thumbnailUrl":"https:\/\/happyinaknit.com\/wp-content\/uploads\/2025\/10\/IMG_8772.jpg","datePublished":"2025-10-08T21:23:20+00:00","dateModified":"2025-11-30T06:53:04+00:00","breadcrumb":{"@id":"https:\/\/happyinaknit.com\/produktas\/zealana-air-chunky\/#breadcrumb"},"inLanguage":"en-US","potentialAction":[{"@type":"ReadAction","target":["https:\/\/happyinaknit.com\/produktas\/zealana-air-chunky\/"]}]},{"@type":"ImageObject","inLanguage":"en-US","@id":"https:\/\/happyinaknit.com\/produktas\/zealana-air-chunky\/#primaryimage","url":"https:\/\/happyinaknit.com\/wp-content\/uploads\/2025\/10\/IMG_8772.jpg","contentUrl":"https:\/\/happyinaknit.com\/wp-content\/uploads\/2025\/10\/IMG_8772.jpg","width":1320,"height":1986},{"@type":"BreadcrumbList","@id":"https:\/\/happyinaknit.com\/produktas\/zealana-air-chunky\/#breadcrumb","itemListElement":[{"@type":"ListItem","position":1,"name":"Home","item":"https:\/\/happyinaknit.com\/lt\/"},{"@type":"ListItem","position":2,"name":"Parduotuv\u0117","item":"https:\/\/happyinaknit.com\/lt\/parduotuve\/"},{"@type":"ListItem","position":3,"name":"Zealana Air Chunky"}]},{"@type":"WebSite","@id":"https:\/\/happyinaknit.com\/lt\/#website","url":"https:\/\/happyinaknit.com\/lt\/","name":"Happyinaknit.com","description":"","potentialAction":[{"@type":"SearchAction","target":{"@type":"EntryPoint","urlTemplate":"https:\/\/happyinaknit.com\/lt\/?s={search_term_string}"},"query-input":{"@type":"PropertyValueSpecification","valueRequired":true,"valueName":"search_term_string"}}],"inLanguage":"en-US"}]}},"_links":{"self":[{"href":"https:\/\/happyinaknit.com\/en\/wp-json\/wp\/v2\/product\/3786","targetHints":{"allow":["GET"]}}],"collection":[{"href":"https:\/\/happyinaknit.com\/en\/wp-json\/wp\/v2\/product"}],"about":[{"href":"https:\/\/happyinaknit.com\/en\/wp-json\/wp\/v2\/types\/product"}],"replies":[{"embeddable":true,"href":"https:\/\/happyinaknit.com\/en\/wp-json\/wp\/v2\/comments?post=3786"}],"wp:featuredmedia":[{"embeddable":true,"href":"https:\/\/happyinaknit.com\/en\/wp-json\/wp\/v2\/media\/3774"}],"wp:attachment":[{"href":"https:\/\/happyinaknit.com\/en\/wp-json\/wp\/v2\/media?parent=3786"}],"wp:term":[{"taxonomy":"product_brand","embeddable":true,"href":"https:\/\/happyinaknit.com\/en\/wp-json\/wp\/v2\/product_brand?post=3786"},{"taxonomy":"product_cat","embeddable":true,"href":"https:\/\/happyinaknit.com\/en\/wp-json\/wp\/v2\/product_cat?post=3786"},{"taxonomy":"product_tag","embeddable":true,"href":"https:\/\/happyinaknit.com\/en\/wp-json\/wp\/v2\/product_tag?post=3786"},{"taxonomy":"pro-kategorijos","embeddable":true,"href":"https:\/\/happyinaknit.com\/en\/wp-json\/wp\/v2\/pro-kategorijos?post=3786"}],"curies":[{"name":"wp","href":"https:\/\/api.w.org\/{rel}","templated":true}]}}