{"id":3719,"date":"2025-10-08T20:58:22","date_gmt":"2025-10-08T20:58:22","guid":{"rendered":"https:\/\/happyinaknit.com\/?post_type=product&#038;p=3719"},"modified":"2026-03-26T13:18:36","modified_gmt":"2026-03-26T13:18:36","slug":"zealana-kiwi-fingering","status":"publish","type":"product","link":"https:\/\/happyinaknit.com\/en\/product\/zealana-kiwi-fingering\/","title":{"rendered":"Zealana Kiwi Fingering"},"content":{"rendered":"<p data-start=\"108\" data-end=\"488\"><strong data-start=\"108\" data-end=\"134\">Zealana Rimu Fingering<\/strong> - a luxurious, exclusive yarn collection that combines the softness of New Zealand merino wool, the warmth of possum and the naturalness of organic cotton. This combination gives the yarn its exceptional lightness, elasticity and thermal comfort, making it perfect for sweaters, scarves, shawls and accessories that are a pleasure to wear all year round.<\/p>\n<p data-start=\"490\" data-end=\"763\"><strong data-start=\"490\" data-end=\"502\">Composition:<\/strong> 40 % New Zealand merino wool, 30 % possum, 30 % organic cotton<br data-start=\"582\" data-end=\"585\" \/><strong>Weight \/ length:<\/strong> 40 g - 124 m<br data-start=\"619\" data-end=\"622\" \/><strong data-start=\"622\" data-end=\"650\" data-is-only-node=\"\">Recommended needles:<\/strong> 3.0mm<br data-start=\"657\" data-end=\"660\" \/><strong data-start=\"660\" data-end=\"671\">Density:<\/strong> 10 cm \u2013 about 27 eyes<br data-start=\"692\" data-end=\"695\" \/><strong data-start=\"695\" data-end=\"718\">Required quantity:<\/strong> for a size M sweater \u2013 about 7\u20138 balls<\/p>\n<p data-start=\"765\" data-end=\"872\"><strong data-start=\"765\" data-end=\"779\">Care:<\/strong> Wash by hand at a temperature not exceeding 30 \u00b0C, dry flat.<\/p>\n<p data-start=\"874\" data-end=\"962\" data-is-last-node=\"\" data-is-only-node=\"\"><strong data-start=\"874\" data-end=\"886\">Note:<\/strong> Color shades may vary slightly depending on your device&#039;s screen.<\/p>","protected":false},"excerpt":{"rendered":"<p>Zealana Rimu Fingering \u2013 prabangi, i\u0161skirtin\u0117s sud\u0117ties si\u016bl\u0173 kolekcija, jungianti Naujosios Zelandijos merino vilnos \u0161velnum\u0105, possumo \u0161ilum\u0105 ir ekologi\u0161kos medviln\u0117s nat\u016bralum\u0105. \u0160is derinys suteikia si\u016blui ypating\u0105 lengvum\u0105, elastingum\u0105 ir \u0161ilumin\u012f komfort\u0105, tod\u0117l jis puikiai tinka megztiniams, \u0161alikams, skaroms ir aksesuarams, kuriuos malonu d\u0117v\u0117ti visus metus. Sud\u0117tis: 40 % Naujosios Zelandijos merino vilna, 30 % possumas, [&hellip;]<\/p>\n","protected":false},"featured_media":3777,"comment_status":"open","ping_status":"closed","template":"","meta":{"_acf_changed":false},"product_brand":[64],"product_cat":[15,18],"product_tag":[],"pro-kategorijos":[55,71,809],"class_list":{"0":"post-3719","1":"product","2":"type-product","3":"status-publish","4":"has-post-thumbnail","6":"product_brand-zealanalanamania","7":"product_cat-visi-produktai","8":"product_cat-siulai","9":"pro-kategorijos-medvilne","10":"pro-kategorijos-merino-vilna","11":"pro-kategorijos-possumas","13":"first","14":"instock","15":"shipping-taxable","16":"purchasable","17":"product-type-variable"},"acf":[],"yoast_head":"<!-- This site is optimized with the Yoast SEO plugin v26.8 - https:\/\/yoast.com\/product\/yoast-seo-wordpress\/ -->\n<title>Zealana Kiwi Fingering - Happyinaknit.com<\/title>\n<meta name=\"robots\" content=\"index, follow, max-snippet:-1, max-image-preview:large, max-video-preview:-1\" \/>\n<link rel=\"canonical\" href=\"https:\/\/happyinaknit.com\/en\/product\/zealana-kiwi-fingering\/\" \/>\n<meta property=\"og:locale\" content=\"en_US\" \/>\n<meta property=\"og:type\" content=\"article\" \/>\n<meta property=\"og:title\" content=\"Zealana Kiwi Fingering - Happyinaknit.com\" \/>\n<meta property=\"og:description\" content=\"Zealana Rimu Fingering \u2013 prabangi, i\u0161skirtin\u0117s sud\u0117ties si\u016bl\u0173 kolekcija, jungianti Naujosios Zelandijos merino vilnos \u0161velnum\u0105, possumo \u0161ilum\u0105 ir ekologi\u0161kos medviln\u0117s nat\u016bralum\u0105. \u0160is derinys suteikia si\u016blui ypating\u0105 lengvum\u0105, elastingum\u0105 ir \u0161ilumin\u012f komfort\u0105, tod\u0117l jis puikiai tinka megztiniams, \u0161alikams, skaroms ir aksesuarams, kuriuos malonu d\u0117v\u0117ti visus metus. Sud\u0117tis: 40 % Naujosios Zelandijos merino vilna, 30 % possumas, [&hellip;]\" \/>\n<meta property=\"og:url\" content=\"https:\/\/happyinaknit.com\/en\/product\/zealana-kiwi-fingering\/\" \/>\n<meta property=\"og:site_name\" content=\"Happyinaknit.com\" \/>\n<meta property=\"article:modified_time\" content=\"2026-03-26T13:18:36+00:00\" \/>\n<meta property=\"og:image\" content=\"https:\/\/happyinaknit.com\/wp-content\/uploads\/2025\/10\/IMG_8769.jpg\" \/>\n\t<meta property=\"og:image:width\" content=\"1320\" \/>\n\t<meta property=\"og:image:height\" content=\"1884\" \/>\n\t<meta property=\"og:image:type\" content=\"image\/jpeg\" \/>\n<meta name=\"twitter:card\" content=\"summary_large_image\" \/>\n<meta name=\"twitter:label1\" content=\"Est. reading time\" \/>\n\t<meta name=\"twitter:data1\" content=\"1 minute\" \/>\n<script type=\"application\/ld+json\" class=\"yoast-schema-graph\">{\"@context\":\"https:\/\/schema.org\",\"@graph\":[{\"@type\":\"WebPage\",\"@id\":\"https:\/\/happyinaknit.com\/produktas\/zealana-kiwi-fingering\/\",\"url\":\"https:\/\/happyinaknit.com\/produktas\/zealana-kiwi-fingering\/\",\"name\":\"Zealana Kiwi Fingering - Happyinaknit.com\",\"isPartOf\":{\"@id\":\"https:\/\/happyinaknit.com\/lt\/#website\"},\"primaryImageOfPage\":{\"@id\":\"https:\/\/happyinaknit.com\/produktas\/zealana-kiwi-fingering\/#primaryimage\"},\"image\":{\"@id\":\"https:\/\/happyinaknit.com\/produktas\/zealana-kiwi-fingering\/#primaryimage\"},\"thumbnailUrl\":\"https:\/\/happyinaknit.com\/wp-content\/uploads\/2025\/10\/IMG_8769.jpg\",\"datePublished\":\"2025-10-08T20:58:22+00:00\",\"dateModified\":\"2026-03-26T13:18:36+00:00\",\"breadcrumb\":{\"@id\":\"https:\/\/happyinaknit.com\/produktas\/zealana-kiwi-fingering\/#breadcrumb\"},\"inLanguage\":\"en-US\",\"potentialAction\":[{\"@type\":\"ReadAction\",\"target\":[\"https:\/\/happyinaknit.com\/produktas\/zealana-kiwi-fingering\/\"]}]},{\"@type\":\"ImageObject\",\"inLanguage\":\"en-US\",\"@id\":\"https:\/\/happyinaknit.com\/produktas\/zealana-kiwi-fingering\/#primaryimage\",\"url\":\"https:\/\/happyinaknit.com\/wp-content\/uploads\/2025\/10\/IMG_8769.jpg\",\"contentUrl\":\"https:\/\/happyinaknit.com\/wp-content\/uploads\/2025\/10\/IMG_8769.jpg\",\"width\":1320,\"height\":1884},{\"@type\":\"BreadcrumbList\",\"@id\":\"https:\/\/happyinaknit.com\/produktas\/zealana-kiwi-fingering\/#breadcrumb\",\"itemListElement\":[{\"@type\":\"ListItem\",\"position\":1,\"name\":\"Home\",\"item\":\"https:\/\/happyinaknit.com\/lt\/\"},{\"@type\":\"ListItem\",\"position\":2,\"name\":\"Parduotuv\u0117\",\"item\":\"https:\/\/happyinaknit.com\/lt\/parduotuve\/\"},{\"@type\":\"ListItem\",\"position\":3,\"name\":\"Zealana Kiwi Fingering\"}]},{\"@type\":\"WebSite\",\"@id\":\"https:\/\/happyinaknit.com\/lt\/#website\",\"url\":\"https:\/\/happyinaknit.com\/lt\/\",\"name\":\"Happyinaknit.com\",\"description\":\"\",\"potentialAction\":[{\"@type\":\"SearchAction\",\"target\":{\"@type\":\"EntryPoint\",\"urlTemplate\":\"https:\/\/happyinaknit.com\/lt\/?s={search_term_string}\"},\"query-input\":{\"@type\":\"PropertyValueSpecification\",\"valueRequired\":true,\"valueName\":\"search_term_string\"}}],\"inLanguage\":\"en-US\"}]}<\/script>\n<!-- \/ Yoast SEO plugin. -->","yoast_head_json":{"title":"Zealana Kiwi Fingering - Happyinaknit.com","robots":{"index":"index","follow":"follow","max-snippet":"max-snippet:-1","max-image-preview":"max-image-preview:large","max-video-preview":"max-video-preview:-1"},"canonical":"https:\/\/happyinaknit.com\/en\/product\/zealana-kiwi-fingering\/","og_locale":"en_US","og_type":"article","og_title":"Zealana Kiwi Fingering - Happyinaknit.com","og_description":"Zealana Rimu Fingering \u2013 prabangi, i\u0161skirtin\u0117s sud\u0117ties si\u016bl\u0173 kolekcija, jungianti Naujosios Zelandijos merino vilnos \u0161velnum\u0105, possumo \u0161ilum\u0105 ir ekologi\u0161kos medviln\u0117s nat\u016bralum\u0105. \u0160is derinys suteikia si\u016blui ypating\u0105 lengvum\u0105, elastingum\u0105 ir \u0161ilumin\u012f komfort\u0105, tod\u0117l jis puikiai tinka megztiniams, \u0161alikams, skaroms ir aksesuarams, kuriuos malonu d\u0117v\u0117ti visus metus. Sud\u0117tis: 40 % Naujosios Zelandijos merino vilna, 30 % possumas, [&hellip;]","og_url":"https:\/\/happyinaknit.com\/en\/product\/zealana-kiwi-fingering\/","og_site_name":"Happyinaknit.com","article_modified_time":"2026-03-26T13:18:36+00:00","og_image":[{"width":1320,"height":1884,"url":"https:\/\/happyinaknit.com\/wp-content\/uploads\/2025\/10\/IMG_8769.jpg","type":"image\/jpeg"}],"twitter_card":"summary_large_image","twitter_misc":{"Est. reading time":"1 minute"},"schema":{"@context":"https:\/\/schema.org","@graph":[{"@type":"WebPage","@id":"https:\/\/happyinaknit.com\/produktas\/zealana-kiwi-fingering\/","url":"https:\/\/happyinaknit.com\/produktas\/zealana-kiwi-fingering\/","name":"Zealana Kiwi Fingering - Happyinaknit.com","isPartOf":{"@id":"https:\/\/happyinaknit.com\/lt\/#website"},"primaryImageOfPage":{"@id":"https:\/\/happyinaknit.com\/produktas\/zealana-kiwi-fingering\/#primaryimage"},"image":{"@id":"https:\/\/happyinaknit.com\/produktas\/zealana-kiwi-fingering\/#primaryimage"},"thumbnailUrl":"https:\/\/happyinaknit.com\/wp-content\/uploads\/2025\/10\/IMG_8769.jpg","datePublished":"2025-10-08T20:58:22+00:00","dateModified":"2026-03-26T13:18:36+00:00","breadcrumb":{"@id":"https:\/\/happyinaknit.com\/produktas\/zealana-kiwi-fingering\/#breadcrumb"},"inLanguage":"en-US","potentialAction":[{"@type":"ReadAction","target":["https:\/\/happyinaknit.com\/produktas\/zealana-kiwi-fingering\/"]}]},{"@type":"ImageObject","inLanguage":"en-US","@id":"https:\/\/happyinaknit.com\/produktas\/zealana-kiwi-fingering\/#primaryimage","url":"https:\/\/happyinaknit.com\/wp-content\/uploads\/2025\/10\/IMG_8769.jpg","contentUrl":"https:\/\/happyinaknit.com\/wp-content\/uploads\/2025\/10\/IMG_8769.jpg","width":1320,"height":1884},{"@type":"BreadcrumbList","@id":"https:\/\/happyinaknit.com\/produktas\/zealana-kiwi-fingering\/#breadcrumb","itemListElement":[{"@type":"ListItem","position":1,"name":"Home","item":"https:\/\/happyinaknit.com\/lt\/"},{"@type":"ListItem","position":2,"name":"Parduotuv\u0117","item":"https:\/\/happyinaknit.com\/lt\/parduotuve\/"},{"@type":"ListItem","position":3,"name":"Zealana Kiwi Fingering"}]},{"@type":"WebSite","@id":"https:\/\/happyinaknit.com\/lt\/#website","url":"https:\/\/happyinaknit.com\/lt\/","name":"Happyinaknit.com","description":"","potentialAction":[{"@type":"SearchAction","target":{"@type":"EntryPoint","urlTemplate":"https:\/\/happyinaknit.com\/lt\/?s={search_term_string}"},"query-input":{"@type":"PropertyValueSpecification","valueRequired":true,"valueName":"search_term_string"}}],"inLanguage":"en-US"}]}},"_links":{"self":[{"href":"https:\/\/happyinaknit.com\/en\/wp-json\/wp\/v2\/product\/3719","targetHints":{"allow":["GET"]}}],"collection":[{"href":"https:\/\/happyinaknit.com\/en\/wp-json\/wp\/v2\/product"}],"about":[{"href":"https:\/\/happyinaknit.com\/en\/wp-json\/wp\/v2\/types\/product"}],"replies":[{"embeddable":true,"href":"https:\/\/happyinaknit.com\/en\/wp-json\/wp\/v2\/comments?post=3719"}],"wp:featuredmedia":[{"embeddable":true,"href":"https:\/\/happyinaknit.com\/en\/wp-json\/wp\/v2\/media\/3777"}],"wp:attachment":[{"href":"https:\/\/happyinaknit.com\/en\/wp-json\/wp\/v2\/media?parent=3719"}],"wp:term":[{"taxonomy":"product_brand","embeddable":true,"href":"https:\/\/happyinaknit.com\/en\/wp-json\/wp\/v2\/product_brand?post=3719"},{"taxonomy":"product_cat","embeddable":true,"href":"https:\/\/happyinaknit.com\/en\/wp-json\/wp\/v2\/product_cat?post=3719"},{"taxonomy":"product_tag","embeddable":true,"href":"https:\/\/happyinaknit.com\/en\/wp-json\/wp\/v2\/product_tag?post=3719"},{"taxonomy":"pro-kategorijos","embeddable":true,"href":"https:\/\/happyinaknit.com\/en\/wp-json\/wp\/v2\/pro-kategorijos?post=3719"}],"curies":[{"name":"wp","href":"https:\/\/api.w.org\/{rel}","templated":true}]}}