{"id":3582,"date":"2025-10-08T10:47:26","date_gmt":"2025-10-08T10:47:26","guid":{"rendered":"https:\/\/happyinaknit.com\/?post_type=product&#038;p=3582"},"modified":"2026-01-05T21:20:44","modified_gmt":"2026-01-05T21:20:44","slug":"we-are-knitters-the-petit-wool","status":"publish","type":"product","link":"https:\/\/happyinaknit.com\/en\/product\/we-are-knitters-the-petit-wool\/","title":{"rendered":"We are Knitters The Petit Wool"},"content":{"rendered":"<p data-start=\"41\" data-end=\"369\">The Petite Wool is a 100% % natural Peruvian wool of exceptional quality and softness. The single-filament structure gives the yarn fluffiness and elasticity, making knitting extremely pleasant and easy. These yarns are thinner than the classic The Wool, making them perfect for soft, light, yet warm products.<\/p>\n<p data-start=\"371\" data-end=\"529\">You can knit hats, scarves, sweaters, or other winter accessories with The Petite Wool yarn. The knitwear is soft, cozy, and keeps its shape for a long time.<\/p>\n<p data-start=\"531\" data-end=\"913\"><strong data-start=\"531\" data-end=\"543\">Composition:<\/strong> 100 % Peruvian wool<br data-start=\"560\" data-end=\"563\" \/><strong data-start=\"547\" data-end=\"558\">Weight\/length: <\/strong>100 g - 140 m<br data-start=\"598\" data-end=\"601\" \/><strong data-start=\"601\" data-end=\"629\" data-is-only-node=\"\">Recommended needles:<\/strong> 8mm<br data-start=\"634\" data-end=\"637\" \/><strong data-start=\"637\" data-end=\"648\">Density:<\/strong> 10 x 10 cm \u2013 about 12 stitches x 16 rows<br data-start=\"685\" data-end=\"688\" \/><strong data-start=\"688\" data-end=\"711\">Required quantity:<\/strong> for a hat \u2013 1 ball, for a scarf \u2013 2\u20133 balls, for a sweater in size M \u2013 from 6 balls<br data-start=\"802\" data-end=\"805\" \/><strong data-start=\"805\" data-end=\"819\">Care:<\/strong> Hand wash at a temperature not exceeding 30\u00b0C, dry flat.<\/p>\n<p data-start=\"915\" data-end=\"1001\" data-is-last-node=\"\" data-is-only-node=\"\"><em data-start=\"915\" data-end=\"1001\" data-is-last-node=\"\">Note: Color shades may vary slightly depending on your device&#039;s screen.<\/em><\/p>","protected":false},"excerpt":{"rendered":"<p>The Petite Wool\u201c \u2013 tai 100 % nat\u016brali Peru vilna, pasi\u017eyminti i\u0161skirtine kokybe ir \u0161velnumu. Viengubos gijos strukt\u016bra suteikia si\u016blams purumo ir elastingumo, tod\u0117l mezgimas tampa itin malonus ir lengvas. \u0160ie si\u016blai yra plonesni nei klasikiniai \u201eThe Wool\u201c, tod\u0117l puikiai tinka \u0161velniems, lengviems, ta\u010diau \u0161iltiems gaminiams. I\u0161 \u201eThe Petite Wool\u201c si\u016bl\u0173 galite megzti kepures, \u0161alikus, [&hellip;]<\/p>\n","protected":false},"featured_media":3565,"comment_status":"open","ping_status":"closed","template":"","meta":{"_acf_changed":false},"product_brand":[60],"product_cat":[15,182,18],"product_tag":[33],"pro-kategorijos":[56],"class_list":{"0":"post-3582","1":"product","2":"type-product","3":"status-publish","4":"has-post-thumbnail","6":"product_brand-we-are-knitters","7":"product_cat-visi-produktai","8":"product_cat-ispardavimas","9":"product_cat-siulai","10":"product_tag-ispardavimas","11":"pro-kategorijos-vilna","13":"first","14":"instock","15":"sale","16":"shipping-taxable","17":"purchasable","18":"product-type-variable"},"acf":[],"yoast_head":"<!-- This site is optimized with the Yoast SEO plugin v26.8 - https:\/\/yoast.com\/product\/yoast-seo-wordpress\/ -->\n<title>We are Knitters The Petit Wool - Happyinaknit.com<\/title>\n<meta name=\"robots\" content=\"index, follow, max-snippet:-1, max-image-preview:large, max-video-preview:-1\" \/>\n<link rel=\"canonical\" href=\"https:\/\/happyinaknit.com\/en\/product\/we-are-knitters-the-petit-wool\/\" \/>\n<meta property=\"og:locale\" content=\"en_US\" \/>\n<meta property=\"og:type\" content=\"article\" \/>\n<meta property=\"og:title\" content=\"We are Knitters The Petit Wool - Happyinaknit.com\" \/>\n<meta property=\"og:description\" content=\"The Petite Wool\u201c \u2013 tai 100 % nat\u016brali Peru vilna, pasi\u017eyminti i\u0161skirtine kokybe ir \u0161velnumu. Viengubos gijos strukt\u016bra suteikia si\u016blams purumo ir elastingumo, tod\u0117l mezgimas tampa itin malonus ir lengvas. \u0160ie si\u016blai yra plonesni nei klasikiniai \u201eThe Wool\u201c, tod\u0117l puikiai tinka \u0161velniems, lengviems, ta\u010diau \u0161iltiems gaminiams. I\u0161 \u201eThe Petite Wool\u201c si\u016bl\u0173 galite megzti kepures, \u0161alikus, [&hellip;]\" \/>\n<meta property=\"og:url\" content=\"https:\/\/happyinaknit.com\/en\/product\/we-are-knitters-the-petit-wool\/\" \/>\n<meta property=\"og:site_name\" content=\"Happyinaknit.com\" \/>\n<meta property=\"article:modified_time\" content=\"2026-01-05T21:20:44+00:00\" \/>\n<meta property=\"og:image\" content=\"https:\/\/happyinaknit.com\/wp-content\/uploads\/2025\/10\/IMG_8727.jpg\" \/>\n\t<meta property=\"og:image:width\" content=\"1320\" \/>\n\t<meta property=\"og:image:height\" content=\"1285\" \/>\n\t<meta property=\"og:image:type\" content=\"image\/jpeg\" \/>\n<meta name=\"twitter:card\" content=\"summary_large_image\" \/>\n<meta name=\"twitter:label1\" content=\"Est. reading time\" \/>\n\t<meta name=\"twitter:data1\" content=\"1 minute\" \/>\n<script type=\"application\/ld+json\" class=\"yoast-schema-graph\">{\"@context\":\"https:\/\/schema.org\",\"@graph\":[{\"@type\":\"WebPage\",\"@id\":\"https:\/\/happyinaknit.com\/produktas\/we-are-knitters-the-petit-wool\/\",\"url\":\"https:\/\/happyinaknit.com\/produktas\/we-are-knitters-the-petit-wool\/\",\"name\":\"We are Knitters The Petit Wool - Happyinaknit.com\",\"isPartOf\":{\"@id\":\"https:\/\/happyinaknit.com\/lt\/#website\"},\"primaryImageOfPage\":{\"@id\":\"https:\/\/happyinaknit.com\/produktas\/we-are-knitters-the-petit-wool\/#primaryimage\"},\"image\":{\"@id\":\"https:\/\/happyinaknit.com\/produktas\/we-are-knitters-the-petit-wool\/#primaryimage\"},\"thumbnailUrl\":\"https:\/\/happyinaknit.com\/wp-content\/uploads\/2025\/10\/IMG_8727.jpg\",\"datePublished\":\"2025-10-08T10:47:26+00:00\",\"dateModified\":\"2026-01-05T21:20:44+00:00\",\"breadcrumb\":{\"@id\":\"https:\/\/happyinaknit.com\/produktas\/we-are-knitters-the-petit-wool\/#breadcrumb\"},\"inLanguage\":\"en-US\",\"potentialAction\":[{\"@type\":\"ReadAction\",\"target\":[\"https:\/\/happyinaknit.com\/produktas\/we-are-knitters-the-petit-wool\/\"]}]},{\"@type\":\"ImageObject\",\"inLanguage\":\"en-US\",\"@id\":\"https:\/\/happyinaknit.com\/produktas\/we-are-knitters-the-petit-wool\/#primaryimage\",\"url\":\"https:\/\/happyinaknit.com\/wp-content\/uploads\/2025\/10\/IMG_8727.jpg\",\"contentUrl\":\"https:\/\/happyinaknit.com\/wp-content\/uploads\/2025\/10\/IMG_8727.jpg\",\"width\":1320,\"height\":1285},{\"@type\":\"BreadcrumbList\",\"@id\":\"https:\/\/happyinaknit.com\/produktas\/we-are-knitters-the-petit-wool\/#breadcrumb\",\"itemListElement\":[{\"@type\":\"ListItem\",\"position\":1,\"name\":\"Home\",\"item\":\"https:\/\/happyinaknit.com\/lt\/\"},{\"@type\":\"ListItem\",\"position\":2,\"name\":\"Parduotuv\u0117\",\"item\":\"https:\/\/happyinaknit.com\/lt\/parduotuve\/\"},{\"@type\":\"ListItem\",\"position\":3,\"name\":\"We are Knitters The Petit Wool\"}]},{\"@type\":\"WebSite\",\"@id\":\"https:\/\/happyinaknit.com\/lt\/#website\",\"url\":\"https:\/\/happyinaknit.com\/lt\/\",\"name\":\"Happyinaknit.com\",\"description\":\"\",\"potentialAction\":[{\"@type\":\"SearchAction\",\"target\":{\"@type\":\"EntryPoint\",\"urlTemplate\":\"https:\/\/happyinaknit.com\/lt\/?s={search_term_string}\"},\"query-input\":{\"@type\":\"PropertyValueSpecification\",\"valueRequired\":true,\"valueName\":\"search_term_string\"}}],\"inLanguage\":\"en-US\"}]}<\/script>\n<!-- \/ Yoast SEO plugin. -->","yoast_head_json":{"title":"We are Knitters The Petit Wool - Happyinaknit.com","robots":{"index":"index","follow":"follow","max-snippet":"max-snippet:-1","max-image-preview":"max-image-preview:large","max-video-preview":"max-video-preview:-1"},"canonical":"https:\/\/happyinaknit.com\/en\/product\/we-are-knitters-the-petit-wool\/","og_locale":"en_US","og_type":"article","og_title":"We are Knitters The Petit Wool - Happyinaknit.com","og_description":"The Petite Wool\u201c \u2013 tai 100 % nat\u016brali Peru vilna, pasi\u017eyminti i\u0161skirtine kokybe ir \u0161velnumu. Viengubos gijos strukt\u016bra suteikia si\u016blams purumo ir elastingumo, tod\u0117l mezgimas tampa itin malonus ir lengvas. \u0160ie si\u016blai yra plonesni nei klasikiniai \u201eThe Wool\u201c, tod\u0117l puikiai tinka \u0161velniems, lengviems, ta\u010diau \u0161iltiems gaminiams. I\u0161 \u201eThe Petite Wool\u201c si\u016bl\u0173 galite megzti kepures, \u0161alikus, [&hellip;]","og_url":"https:\/\/happyinaknit.com\/en\/product\/we-are-knitters-the-petit-wool\/","og_site_name":"Happyinaknit.com","article_modified_time":"2026-01-05T21:20:44+00:00","og_image":[{"width":1320,"height":1285,"url":"https:\/\/happyinaknit.com\/wp-content\/uploads\/2025\/10\/IMG_8727.jpg","type":"image\/jpeg"}],"twitter_card":"summary_large_image","twitter_misc":{"Est. reading time":"1 minute"},"schema":{"@context":"https:\/\/schema.org","@graph":[{"@type":"WebPage","@id":"https:\/\/happyinaknit.com\/produktas\/we-are-knitters-the-petit-wool\/","url":"https:\/\/happyinaknit.com\/produktas\/we-are-knitters-the-petit-wool\/","name":"We are Knitters The Petit Wool - Happyinaknit.com","isPartOf":{"@id":"https:\/\/happyinaknit.com\/lt\/#website"},"primaryImageOfPage":{"@id":"https:\/\/happyinaknit.com\/produktas\/we-are-knitters-the-petit-wool\/#primaryimage"},"image":{"@id":"https:\/\/happyinaknit.com\/produktas\/we-are-knitters-the-petit-wool\/#primaryimage"},"thumbnailUrl":"https:\/\/happyinaknit.com\/wp-content\/uploads\/2025\/10\/IMG_8727.jpg","datePublished":"2025-10-08T10:47:26+00:00","dateModified":"2026-01-05T21:20:44+00:00","breadcrumb":{"@id":"https:\/\/happyinaknit.com\/produktas\/we-are-knitters-the-petit-wool\/#breadcrumb"},"inLanguage":"en-US","potentialAction":[{"@type":"ReadAction","target":["https:\/\/happyinaknit.com\/produktas\/we-are-knitters-the-petit-wool\/"]}]},{"@type":"ImageObject","inLanguage":"en-US","@id":"https:\/\/happyinaknit.com\/produktas\/we-are-knitters-the-petit-wool\/#primaryimage","url":"https:\/\/happyinaknit.com\/wp-content\/uploads\/2025\/10\/IMG_8727.jpg","contentUrl":"https:\/\/happyinaknit.com\/wp-content\/uploads\/2025\/10\/IMG_8727.jpg","width":1320,"height":1285},{"@type":"BreadcrumbList","@id":"https:\/\/happyinaknit.com\/produktas\/we-are-knitters-the-petit-wool\/#breadcrumb","itemListElement":[{"@type":"ListItem","position":1,"name":"Home","item":"https:\/\/happyinaknit.com\/lt\/"},{"@type":"ListItem","position":2,"name":"Parduotuv\u0117","item":"https:\/\/happyinaknit.com\/lt\/parduotuve\/"},{"@type":"ListItem","position":3,"name":"We are Knitters The Petit Wool"}]},{"@type":"WebSite","@id":"https:\/\/happyinaknit.com\/lt\/#website","url":"https:\/\/happyinaknit.com\/lt\/","name":"Happyinaknit.com","description":"","potentialAction":[{"@type":"SearchAction","target":{"@type":"EntryPoint","urlTemplate":"https:\/\/happyinaknit.com\/lt\/?s={search_term_string}"},"query-input":{"@type":"PropertyValueSpecification","valueRequired":true,"valueName":"search_term_string"}}],"inLanguage":"en-US"}]}},"_links":{"self":[{"href":"https:\/\/happyinaknit.com\/en\/wp-json\/wp\/v2\/product\/3582","targetHints":{"allow":["GET"]}}],"collection":[{"href":"https:\/\/happyinaknit.com\/en\/wp-json\/wp\/v2\/product"}],"about":[{"href":"https:\/\/happyinaknit.com\/en\/wp-json\/wp\/v2\/types\/product"}],"replies":[{"embeddable":true,"href":"https:\/\/happyinaknit.com\/en\/wp-json\/wp\/v2\/comments?post=3582"}],"wp:featuredmedia":[{"embeddable":true,"href":"https:\/\/happyinaknit.com\/en\/wp-json\/wp\/v2\/media\/3565"}],"wp:attachment":[{"href":"https:\/\/happyinaknit.com\/en\/wp-json\/wp\/v2\/media?parent=3582"}],"wp:term":[{"taxonomy":"product_brand","embeddable":true,"href":"https:\/\/happyinaknit.com\/en\/wp-json\/wp\/v2\/product_brand?post=3582"},{"taxonomy":"product_cat","embeddable":true,"href":"https:\/\/happyinaknit.com\/en\/wp-json\/wp\/v2\/product_cat?post=3582"},{"taxonomy":"product_tag","embeddable":true,"href":"https:\/\/happyinaknit.com\/en\/wp-json\/wp\/v2\/product_tag?post=3582"},{"taxonomy":"pro-kategorijos","embeddable":true,"href":"https:\/\/happyinaknit.com\/en\/wp-json\/wp\/v2\/pro-kategorijos?post=3582"}],"curies":[{"name":"wp","href":"https:\/\/api.w.org\/{rel}","templated":true}]}}