{"id":3507,"date":"2025-10-07T21:11:39","date_gmt":"2025-10-07T21:11:39","guid":{"rendered":"https:\/\/happyinaknit.com\/?post_type=product&#038;p=3507"},"modified":"2026-03-24T11:30:15","modified_gmt":"2026-03-24T11:30:15","slug":"casagrande-silk-tweed","status":"publish","type":"product","link":"https:\/\/happyinaknit.com\/en\/product\/casagrande-silk-tweed\/","title":{"rendered":"Casagrande Silk Tweed"},"content":{"rendered":"<p data-start=\"83\" data-end=\"288\">100% natural silk is a luxury that can be felt with every touch. This tweed-structured yarn creates an exceptional fabric: light, soft and at the same time elegant in texture.<\/p>\n<p data-start=\"290\" data-end=\"543\">Silk Tweed is the choice for those who value not only beauty, but also sustainability and craftsmanship. These yarns are perfect for lightweight sweaters, cardigans, scarves or accessories that give a sense of exclusivity and natural luxury.<\/p>\n<ul data-start=\"545\" data-end=\"690\">\n<li data-start=\"545\" data-end=\"573\">\n<p data-start=\"547\" data-end=\"573\"><strong data-start=\"547\" data-end=\"559\">Composition:<\/strong> 100% silk<\/p>\n<\/li>\n<li data-start=\"574\" data-end=\"613\">\n<p data-start=\"576\" data-end=\"613\"><strong data-start=\"576\" data-end=\"598\">Weight \/ length:<\/strong> 50 g \u2014 185 m<\/p>\n<\/li>\n<li data-start=\"614\" data-end=\"640\">\n<p data-start=\"616\" data-end=\"640\"><strong data-start=\"616\" data-end=\"629\">Needles:<\/strong> 3-3.5mm<\/p>\n<\/li>\n<li data-start=\"641\" data-end=\"690\">\n<p data-start=\"643\" data-end=\"690\"><strong data-start=\"643\" data-end=\"656\">Density:<\/strong> 10 \u00d7 10 cm \u2248 22 mesh \u00d7 30 rows<\/p>\n<\/li>\n<\/ul>\n<p data-start=\"692\" data-end=\"793\"><strong data-start=\"692\" data-end=\"711\">Recommended:<\/strong> for luxurious, elegant knitwear and clothing for all seasons.<\/p>\n<p data-start=\"795\" data-end=\"889\"><strong data-start=\"795\" data-end=\"809\">Care:<\/strong><br data-start=\"809\" data-end=\"812\" \/>Hand wash at 30\u00b0C. Dry flat.<\/p>\n<p data-start=\"891\" data-end=\"984\" data-is-last-node=\"\" data-is-only-node=\"\">\ud83e\ude75 <em data-start=\"894\" data-end=\"984\" data-is-last-node=\"\">Silk Tweed is a subtle luxury bestowed by nature and craftsmanship in every stitch.<\/em><\/p>","protected":false},"excerpt":{"rendered":"<p>100% nat\u016bralus \u0161ilkas \u2013 tai prabanga, kuri\u0105 galima pajusti kiekviename prisilietime. \u0160is tvidin\u0117s strukt\u016bros si\u016blassukuria i\u0161skirtin\u012f audin\u012f: lengv\u0105, \u0161veln\u0173 ir kartu turint\u012f eleganti\u0161k\u0105 fakt\u016br\u0105. Silk Tweed \u2013 pasirinkimas tiems, kurie vertina ne tik gro\u017e\u012f, bet ir tvarum\u0105 bei meistri\u0161kum\u0105. \u0160ie si\u016blai puikiai tinka lengviems megztiniams, kardiganams, \u0161alikams ar aksesuarams, suteikiantiems i\u0161skirtinumo ir nat\u016bralios prabangos poj\u016bt\u012f. [&hellip;]<\/p>\n","protected":false},"featured_media":3515,"comment_status":"open","ping_status":"closed","template":"","meta":{"_acf_changed":false},"product_brand":[58],"product_cat":[15,18],"product_tag":[],"pro-kategorijos":[77],"class_list":{"0":"post-3507","1":"product","2":"type-product","3":"status-publish","4":"has-post-thumbnail","6":"product_brand-casagrande","7":"product_cat-visi-produktai","8":"product_cat-siulai","9":"pro-kategorijos-silkas","11":"first","12":"instock","13":"shipping-taxable","14":"purchasable","15":"product-type-variable"},"acf":[],"yoast_head":"<!-- This site is optimized with the Yoast SEO plugin v26.8 - https:\/\/yoast.com\/product\/yoast-seo-wordpress\/ -->\n<title>Casagrande Silk Tweed - Happyinaknit.com<\/title>\n<meta name=\"robots\" content=\"index, follow, max-snippet:-1, max-image-preview:large, max-video-preview:-1\" \/>\n<link rel=\"canonical\" href=\"https:\/\/happyinaknit.com\/en\/product\/casagrande-silk-tweed\/\" \/>\n<meta property=\"og:locale\" content=\"en_US\" \/>\n<meta property=\"og:type\" content=\"article\" \/>\n<meta property=\"og:title\" content=\"Casagrande Silk Tweed - Happyinaknit.com\" \/>\n<meta property=\"og:description\" content=\"100% nat\u016bralus \u0161ilkas \u2013 tai prabanga, kuri\u0105 galima pajusti kiekviename prisilietime. \u0160is tvidin\u0117s strukt\u016bros si\u016blassukuria i\u0161skirtin\u012f audin\u012f: lengv\u0105, \u0161veln\u0173 ir kartu turint\u012f eleganti\u0161k\u0105 fakt\u016br\u0105. Silk Tweed \u2013 pasirinkimas tiems, kurie vertina ne tik gro\u017e\u012f, bet ir tvarum\u0105 bei meistri\u0161kum\u0105. \u0160ie si\u016blai puikiai tinka lengviems megztiniams, kardiganams, \u0161alikams ar aksesuarams, suteikiantiems i\u0161skirtinumo ir nat\u016bralios prabangos poj\u016bt\u012f. [&hellip;]\" \/>\n<meta property=\"og:url\" content=\"https:\/\/happyinaknit.com\/en\/product\/casagrande-silk-tweed\/\" \/>\n<meta property=\"og:site_name\" content=\"Happyinaknit.com\" \/>\n<meta property=\"article:modified_time\" content=\"2026-03-24T11:30:15+00:00\" \/>\n<meta property=\"og:image\" content=\"https:\/\/happyinaknit.com\/wp-content\/uploads\/2025\/10\/IMG_8701.jpg\" \/>\n\t<meta property=\"og:image:width\" content=\"1320\" \/>\n\t<meta property=\"og:image:height\" content=\"1296\" \/>\n\t<meta property=\"og:image:type\" content=\"image\/jpeg\" \/>\n<meta name=\"twitter:card\" content=\"summary_large_image\" \/>\n<meta name=\"twitter:label1\" content=\"Est. reading time\" \/>\n\t<meta name=\"twitter:data1\" content=\"1 minute\" \/>\n<script type=\"application\/ld+json\" class=\"yoast-schema-graph\">{\"@context\":\"https:\/\/schema.org\",\"@graph\":[{\"@type\":\"WebPage\",\"@id\":\"https:\/\/happyinaknit.com\/produktas\/casagrande-silk-tweed\/\",\"url\":\"https:\/\/happyinaknit.com\/produktas\/casagrande-silk-tweed\/\",\"name\":\"Casagrande Silk Tweed - Happyinaknit.com\",\"isPartOf\":{\"@id\":\"https:\/\/happyinaknit.com\/lt\/#website\"},\"primaryImageOfPage\":{\"@id\":\"https:\/\/happyinaknit.com\/produktas\/casagrande-silk-tweed\/#primaryimage\"},\"image\":{\"@id\":\"https:\/\/happyinaknit.com\/produktas\/casagrande-silk-tweed\/#primaryimage\"},\"thumbnailUrl\":\"https:\/\/happyinaknit.com\/wp-content\/uploads\/2025\/10\/IMG_8701.jpg\",\"datePublished\":\"2025-10-07T21:11:39+00:00\",\"dateModified\":\"2026-03-24T11:30:15+00:00\",\"breadcrumb\":{\"@id\":\"https:\/\/happyinaknit.com\/produktas\/casagrande-silk-tweed\/#breadcrumb\"},\"inLanguage\":\"en-US\",\"potentialAction\":[{\"@type\":\"ReadAction\",\"target\":[\"https:\/\/happyinaknit.com\/produktas\/casagrande-silk-tweed\/\"]}]},{\"@type\":\"ImageObject\",\"inLanguage\":\"en-US\",\"@id\":\"https:\/\/happyinaknit.com\/produktas\/casagrande-silk-tweed\/#primaryimage\",\"url\":\"https:\/\/happyinaknit.com\/wp-content\/uploads\/2025\/10\/IMG_8701.jpg\",\"contentUrl\":\"https:\/\/happyinaknit.com\/wp-content\/uploads\/2025\/10\/IMG_8701.jpg\",\"width\":1320,\"height\":1296},{\"@type\":\"BreadcrumbList\",\"@id\":\"https:\/\/happyinaknit.com\/produktas\/casagrande-silk-tweed\/#breadcrumb\",\"itemListElement\":[{\"@type\":\"ListItem\",\"position\":1,\"name\":\"Home\",\"item\":\"https:\/\/happyinaknit.com\/lt\/\"},{\"@type\":\"ListItem\",\"position\":2,\"name\":\"Parduotuv\u0117\",\"item\":\"https:\/\/happyinaknit.com\/lt\/parduotuve\/\"},{\"@type\":\"ListItem\",\"position\":3,\"name\":\"Casagrande Silk Tweed\"}]},{\"@type\":\"WebSite\",\"@id\":\"https:\/\/happyinaknit.com\/lt\/#website\",\"url\":\"https:\/\/happyinaknit.com\/lt\/\",\"name\":\"Happyinaknit.com\",\"description\":\"\",\"potentialAction\":[{\"@type\":\"SearchAction\",\"target\":{\"@type\":\"EntryPoint\",\"urlTemplate\":\"https:\/\/happyinaknit.com\/lt\/?s={search_term_string}\"},\"query-input\":{\"@type\":\"PropertyValueSpecification\",\"valueRequired\":true,\"valueName\":\"search_term_string\"}}],\"inLanguage\":\"en-US\"}]}<\/script>\n<!-- \/ Yoast SEO plugin. -->","yoast_head_json":{"title":"Casagrande Silk Tweed - Happyinaknit.com","robots":{"index":"index","follow":"follow","max-snippet":"max-snippet:-1","max-image-preview":"max-image-preview:large","max-video-preview":"max-video-preview:-1"},"canonical":"https:\/\/happyinaknit.com\/en\/product\/casagrande-silk-tweed\/","og_locale":"en_US","og_type":"article","og_title":"Casagrande Silk Tweed - Happyinaknit.com","og_description":"100% nat\u016bralus \u0161ilkas \u2013 tai prabanga, kuri\u0105 galima pajusti kiekviename prisilietime. \u0160is tvidin\u0117s strukt\u016bros si\u016blassukuria i\u0161skirtin\u012f audin\u012f: lengv\u0105, \u0161veln\u0173 ir kartu turint\u012f eleganti\u0161k\u0105 fakt\u016br\u0105. Silk Tweed \u2013 pasirinkimas tiems, kurie vertina ne tik gro\u017e\u012f, bet ir tvarum\u0105 bei meistri\u0161kum\u0105. \u0160ie si\u016blai puikiai tinka lengviems megztiniams, kardiganams, \u0161alikams ar aksesuarams, suteikiantiems i\u0161skirtinumo ir nat\u016bralios prabangos poj\u016bt\u012f. [&hellip;]","og_url":"https:\/\/happyinaknit.com\/en\/product\/casagrande-silk-tweed\/","og_site_name":"Happyinaknit.com","article_modified_time":"2026-03-24T11:30:15+00:00","og_image":[{"width":1320,"height":1296,"url":"https:\/\/happyinaknit.com\/wp-content\/uploads\/2025\/10\/IMG_8701.jpg","type":"image\/jpeg"}],"twitter_card":"summary_large_image","twitter_misc":{"Est. reading time":"1 minute"},"schema":{"@context":"https:\/\/schema.org","@graph":[{"@type":"WebPage","@id":"https:\/\/happyinaknit.com\/produktas\/casagrande-silk-tweed\/","url":"https:\/\/happyinaknit.com\/produktas\/casagrande-silk-tweed\/","name":"Casagrande Silk Tweed - Happyinaknit.com","isPartOf":{"@id":"https:\/\/happyinaknit.com\/lt\/#website"},"primaryImageOfPage":{"@id":"https:\/\/happyinaknit.com\/produktas\/casagrande-silk-tweed\/#primaryimage"},"image":{"@id":"https:\/\/happyinaknit.com\/produktas\/casagrande-silk-tweed\/#primaryimage"},"thumbnailUrl":"https:\/\/happyinaknit.com\/wp-content\/uploads\/2025\/10\/IMG_8701.jpg","datePublished":"2025-10-07T21:11:39+00:00","dateModified":"2026-03-24T11:30:15+00:00","breadcrumb":{"@id":"https:\/\/happyinaknit.com\/produktas\/casagrande-silk-tweed\/#breadcrumb"},"inLanguage":"en-US","potentialAction":[{"@type":"ReadAction","target":["https:\/\/happyinaknit.com\/produktas\/casagrande-silk-tweed\/"]}]},{"@type":"ImageObject","inLanguage":"en-US","@id":"https:\/\/happyinaknit.com\/produktas\/casagrande-silk-tweed\/#primaryimage","url":"https:\/\/happyinaknit.com\/wp-content\/uploads\/2025\/10\/IMG_8701.jpg","contentUrl":"https:\/\/happyinaknit.com\/wp-content\/uploads\/2025\/10\/IMG_8701.jpg","width":1320,"height":1296},{"@type":"BreadcrumbList","@id":"https:\/\/happyinaknit.com\/produktas\/casagrande-silk-tweed\/#breadcrumb","itemListElement":[{"@type":"ListItem","position":1,"name":"Home","item":"https:\/\/happyinaknit.com\/lt\/"},{"@type":"ListItem","position":2,"name":"Parduotuv\u0117","item":"https:\/\/happyinaknit.com\/lt\/parduotuve\/"},{"@type":"ListItem","position":3,"name":"Casagrande Silk Tweed"}]},{"@type":"WebSite","@id":"https:\/\/happyinaknit.com\/lt\/#website","url":"https:\/\/happyinaknit.com\/lt\/","name":"Happyinaknit.com","description":"","potentialAction":[{"@type":"SearchAction","target":{"@type":"EntryPoint","urlTemplate":"https:\/\/happyinaknit.com\/lt\/?s={search_term_string}"},"query-input":{"@type":"PropertyValueSpecification","valueRequired":true,"valueName":"search_term_string"}}],"inLanguage":"en-US"}]}},"_links":{"self":[{"href":"https:\/\/happyinaknit.com\/en\/wp-json\/wp\/v2\/product\/3507","targetHints":{"allow":["GET"]}}],"collection":[{"href":"https:\/\/happyinaknit.com\/en\/wp-json\/wp\/v2\/product"}],"about":[{"href":"https:\/\/happyinaknit.com\/en\/wp-json\/wp\/v2\/types\/product"}],"replies":[{"embeddable":true,"href":"https:\/\/happyinaknit.com\/en\/wp-json\/wp\/v2\/comments?post=3507"}],"wp:featuredmedia":[{"embeddable":true,"href":"https:\/\/happyinaknit.com\/en\/wp-json\/wp\/v2\/media\/3515"}],"wp:attachment":[{"href":"https:\/\/happyinaknit.com\/en\/wp-json\/wp\/v2\/media?parent=3507"}],"wp:term":[{"taxonomy":"product_brand","embeddable":true,"href":"https:\/\/happyinaknit.com\/en\/wp-json\/wp\/v2\/product_brand?post=3507"},{"taxonomy":"product_cat","embeddable":true,"href":"https:\/\/happyinaknit.com\/en\/wp-json\/wp\/v2\/product_cat?post=3507"},{"taxonomy":"product_tag","embeddable":true,"href":"https:\/\/happyinaknit.com\/en\/wp-json\/wp\/v2\/product_tag?post=3507"},{"taxonomy":"pro-kategorijos","embeddable":true,"href":"https:\/\/happyinaknit.com\/en\/wp-json\/wp\/v2\/pro-kategorijos?post=3507"}],"curies":[{"name":"wp","href":"https:\/\/api.w.org\/{rel}","templated":true}]}}