{"id":3335,"date":"2025-10-07T09:00:27","date_gmt":"2025-10-07T09:00:27","guid":{"rendered":"https:\/\/happyinaknit.com\/?post_type=product&#038;p=3335"},"modified":"2026-02-28T18:50:39","modified_gmt":"2026-02-28T18:50:39","slug":"casagrande-nobilis","status":"publish","type":"product","link":"https:\/\/happyinaknit.com\/en\/product\/casagrande-nobilis\/","title":{"rendered":"Casagrande Nobilis"},"content":{"rendered":"<p data-start=\"70\" data-end=\"309\">Nobilis is a premium quality yarn made from cashmere, lambswool and silk. This combination gives the yarn softness, warmth and a subtle sheen, and the knitwear made from it looks extremely elegant and cozy.<\/p>\n<p data-start=\"311\" data-end=\"479\">Light, soft and breathable yarns are perfect for hats, sweaters, scarves or other accessories where you want to maintain a balance of lightness and warmth.<\/p>\n<ul data-start=\"481\" data-end=\"794\">\n<li data-start=\"481\" data-end=\"552\">\n<p data-start=\"483\" data-end=\"552\"><strong data-start=\"483\" data-end=\"495\">Composition:<\/strong> 53% cashmere, 27% lambswool, 20% silk<\/p>\n<\/li>\n<li data-start=\"553\" data-end=\"592\">\n<p data-start=\"555\" data-end=\"592\"><strong data-start=\"555\" data-end=\"577\">Weight \/ length:<\/strong> 25 g \u2014 180 m<\/p>\n<\/li>\n<li data-start=\"593\" data-end=\"621\">\n<p data-start=\"595\" data-end=\"621\"><strong data-start=\"595\" data-end=\"608\">Needles:<\/strong> 3.5-4.5mm<\/p>\n<\/li>\n<li data-start=\"622\" data-end=\"671\">\n<p data-start=\"624\" data-end=\"671\"><strong data-start=\"624\" data-end=\"637\">Density:<\/strong> 10 \u00d7 10 cm \u2248 22 mesh \u00d7 32 rows<\/p>\n<\/li>\n<li data-start=\"672\" data-end=\"794\">\n<p data-start=\"674\" data-end=\"703\"><strong data-start=\"674\" data-end=\"701\">Recommended quantity:<\/strong><\/p>\n<ul data-start=\"706\" data-end=\"794\">\n<li data-start=\"706\" data-end=\"748\">\n<p data-start=\"708\" data-end=\"748\">for a sweater size S \u2013 from 5 balls<\/p>\n<\/li>\n<li data-start=\"751\" data-end=\"794\">\n<p data-start=\"753\" data-end=\"794\">for the hat (1\u20132 strands) \u2013 about 2 balls<\/p>\n<\/li>\n<\/ul>\n<\/li>\n<\/ul>\n<p data-start=\"796\" data-end=\"888\" data-is-last-node=\"\" data-is-only-node=\"\"><strong data-start=\"796\" data-end=\"810\">Care:<\/strong><br data-start=\"810\" data-end=\"813\" \/>Hand wash at 30\u00b0C. Dry flat.<\/p>","protected":false},"excerpt":{"rendered":"<p>Nobilis \u2013 tai auk\u0161\u010diausios kokyb\u0117s si\u016blai, sukurti i\u0161 ka\u0161myro, avyt\u0117s vilnos (lambswool) ir \u0161ilko. \u0160is derinys suteikia si\u016blams mink\u0161tumo, \u0161ilumos ir subtilaus blizgesio, o mezginiai i\u0161 j\u0173 atrodo itin eleganti\u0161kai ir jaukiai. Lengvi, \u0161veln\u016bs ir kv\u0117puojantys si\u016blai puikiai tinka kepur\u0117ms, megztiniams, skaroms ar kitiems aksesuarams, kuriuose norisi i\u0161laikyti lengvumo ir \u0161ilumos balans\u0105. Sud\u0117tis: 53% ka\u0161myras, [&hellip;]<\/p>\n","protected":false},"featured_media":3344,"comment_status":"open","ping_status":"closed","template":"","meta":{"_acf_changed":false},"product_brand":[58],"product_cat":[15,18],"product_tag":[],"pro-kategorijos":[46,71,77],"class_list":{"0":"post-3335","1":"product","2":"type-product","3":"status-publish","4":"has-post-thumbnail","6":"product_brand-casagrande","7":"product_cat-visi-produktai","8":"product_cat-siulai","9":"pro-kategorijos-kasmyras","10":"pro-kategorijos-merino-vilna","11":"pro-kategorijos-silkas","13":"first","14":"instock","15":"shipping-taxable","16":"purchasable","17":"product-type-variable"},"acf":[],"yoast_head":"<!-- This site is optimized with the Yoast SEO plugin v26.8 - https:\/\/yoast.com\/product\/yoast-seo-wordpress\/ -->\n<title>Casagrande Nobilis - Happyinaknit.com<\/title>\n<meta name=\"robots\" content=\"index, follow, max-snippet:-1, max-image-preview:large, max-video-preview:-1\" \/>\n<link rel=\"canonical\" href=\"https:\/\/happyinaknit.com\/en\/product\/casagrande-nobilis\/\" \/>\n<meta property=\"og:locale\" content=\"en_US\" \/>\n<meta property=\"og:type\" content=\"article\" \/>\n<meta property=\"og:title\" content=\"Casagrande Nobilis - Happyinaknit.com\" \/>\n<meta property=\"og:description\" content=\"Nobilis \u2013 tai auk\u0161\u010diausios kokyb\u0117s si\u016blai, sukurti i\u0161 ka\u0161myro, avyt\u0117s vilnos (lambswool) ir \u0161ilko. \u0160is derinys suteikia si\u016blams mink\u0161tumo, \u0161ilumos ir subtilaus blizgesio, o mezginiai i\u0161 j\u0173 atrodo itin eleganti\u0161kai ir jaukiai. Lengvi, \u0161veln\u016bs ir kv\u0117puojantys si\u016blai puikiai tinka kepur\u0117ms, megztiniams, skaroms ar kitiems aksesuarams, kuriuose norisi i\u0161laikyti lengvumo ir \u0161ilumos balans\u0105. Sud\u0117tis: 53% ka\u0161myras, [&hellip;]\" \/>\n<meta property=\"og:url\" content=\"https:\/\/happyinaknit.com\/en\/product\/casagrande-nobilis\/\" \/>\n<meta property=\"og:site_name\" content=\"Happyinaknit.com\" \/>\n<meta property=\"article:modified_time\" content=\"2026-02-28T18:50:39+00:00\" \/>\n<meta property=\"og:image\" content=\"https:\/\/happyinaknit.com\/wp-content\/uploads\/2025\/10\/IMG_8586.jpg\" \/>\n\t<meta property=\"og:image:width\" content=\"1320\" \/>\n\t<meta property=\"og:image:height\" content=\"1294\" \/>\n\t<meta property=\"og:image:type\" content=\"image\/jpeg\" \/>\n<meta name=\"twitter:card\" content=\"summary_large_image\" \/>\n<meta name=\"twitter:label1\" content=\"Est. reading time\" \/>\n\t<meta name=\"twitter:data1\" content=\"1 minute\" \/>\n<script type=\"application\/ld+json\" class=\"yoast-schema-graph\">{\"@context\":\"https:\/\/schema.org\",\"@graph\":[{\"@type\":\"WebPage\",\"@id\":\"https:\/\/happyinaknit.com\/produktas\/casagrande-nobilis\/\",\"url\":\"https:\/\/happyinaknit.com\/produktas\/casagrande-nobilis\/\",\"name\":\"Casagrande Nobilis - Happyinaknit.com\",\"isPartOf\":{\"@id\":\"https:\/\/happyinaknit.com\/lt\/#website\"},\"primaryImageOfPage\":{\"@id\":\"https:\/\/happyinaknit.com\/produktas\/casagrande-nobilis\/#primaryimage\"},\"image\":{\"@id\":\"https:\/\/happyinaknit.com\/produktas\/casagrande-nobilis\/#primaryimage\"},\"thumbnailUrl\":\"https:\/\/happyinaknit.com\/wp-content\/uploads\/2025\/10\/IMG_8586.jpg\",\"datePublished\":\"2025-10-07T09:00:27+00:00\",\"dateModified\":\"2026-02-28T18:50:39+00:00\",\"breadcrumb\":{\"@id\":\"https:\/\/happyinaknit.com\/produktas\/casagrande-nobilis\/#breadcrumb\"},\"inLanguage\":\"en-US\",\"potentialAction\":[{\"@type\":\"ReadAction\",\"target\":[\"https:\/\/happyinaknit.com\/produktas\/casagrande-nobilis\/\"]}]},{\"@type\":\"ImageObject\",\"inLanguage\":\"en-US\",\"@id\":\"https:\/\/happyinaknit.com\/produktas\/casagrande-nobilis\/#primaryimage\",\"url\":\"https:\/\/happyinaknit.com\/wp-content\/uploads\/2025\/10\/IMG_8586.jpg\",\"contentUrl\":\"https:\/\/happyinaknit.com\/wp-content\/uploads\/2025\/10\/IMG_8586.jpg\",\"width\":1320,\"height\":1294},{\"@type\":\"BreadcrumbList\",\"@id\":\"https:\/\/happyinaknit.com\/produktas\/casagrande-nobilis\/#breadcrumb\",\"itemListElement\":[{\"@type\":\"ListItem\",\"position\":1,\"name\":\"Home\",\"item\":\"https:\/\/happyinaknit.com\/lt\/\"},{\"@type\":\"ListItem\",\"position\":2,\"name\":\"Parduotuv\u0117\",\"item\":\"https:\/\/happyinaknit.com\/lt\/parduotuve\/\"},{\"@type\":\"ListItem\",\"position\":3,\"name\":\"Casagrande Nobilis\"}]},{\"@type\":\"WebSite\",\"@id\":\"https:\/\/happyinaknit.com\/lt\/#website\",\"url\":\"https:\/\/happyinaknit.com\/lt\/\",\"name\":\"Happyinaknit.com\",\"description\":\"\",\"potentialAction\":[{\"@type\":\"SearchAction\",\"target\":{\"@type\":\"EntryPoint\",\"urlTemplate\":\"https:\/\/happyinaknit.com\/lt\/?s={search_term_string}\"},\"query-input\":{\"@type\":\"PropertyValueSpecification\",\"valueRequired\":true,\"valueName\":\"search_term_string\"}}],\"inLanguage\":\"en-US\"}]}<\/script>\n<!-- \/ Yoast SEO plugin. -->","yoast_head_json":{"title":"Casagrande Nobilis - Happyinaknit.com","robots":{"index":"index","follow":"follow","max-snippet":"max-snippet:-1","max-image-preview":"max-image-preview:large","max-video-preview":"max-video-preview:-1"},"canonical":"https:\/\/happyinaknit.com\/en\/product\/casagrande-nobilis\/","og_locale":"en_US","og_type":"article","og_title":"Casagrande Nobilis - Happyinaknit.com","og_description":"Nobilis \u2013 tai auk\u0161\u010diausios kokyb\u0117s si\u016blai, sukurti i\u0161 ka\u0161myro, avyt\u0117s vilnos (lambswool) ir \u0161ilko. \u0160is derinys suteikia si\u016blams mink\u0161tumo, \u0161ilumos ir subtilaus blizgesio, o mezginiai i\u0161 j\u0173 atrodo itin eleganti\u0161kai ir jaukiai. Lengvi, \u0161veln\u016bs ir kv\u0117puojantys si\u016blai puikiai tinka kepur\u0117ms, megztiniams, skaroms ar kitiems aksesuarams, kuriuose norisi i\u0161laikyti lengvumo ir \u0161ilumos balans\u0105. Sud\u0117tis: 53% ka\u0161myras, [&hellip;]","og_url":"https:\/\/happyinaknit.com\/en\/product\/casagrande-nobilis\/","og_site_name":"Happyinaknit.com","article_modified_time":"2026-02-28T18:50:39+00:00","og_image":[{"width":1320,"height":1294,"url":"https:\/\/happyinaknit.com\/wp-content\/uploads\/2025\/10\/IMG_8586.jpg","type":"image\/jpeg"}],"twitter_card":"summary_large_image","twitter_misc":{"Est. reading time":"1 minute"},"schema":{"@context":"https:\/\/schema.org","@graph":[{"@type":"WebPage","@id":"https:\/\/happyinaknit.com\/produktas\/casagrande-nobilis\/","url":"https:\/\/happyinaknit.com\/produktas\/casagrande-nobilis\/","name":"Casagrande Nobilis - Happyinaknit.com","isPartOf":{"@id":"https:\/\/happyinaknit.com\/lt\/#website"},"primaryImageOfPage":{"@id":"https:\/\/happyinaknit.com\/produktas\/casagrande-nobilis\/#primaryimage"},"image":{"@id":"https:\/\/happyinaknit.com\/produktas\/casagrande-nobilis\/#primaryimage"},"thumbnailUrl":"https:\/\/happyinaknit.com\/wp-content\/uploads\/2025\/10\/IMG_8586.jpg","datePublished":"2025-10-07T09:00:27+00:00","dateModified":"2026-02-28T18:50:39+00:00","breadcrumb":{"@id":"https:\/\/happyinaknit.com\/produktas\/casagrande-nobilis\/#breadcrumb"},"inLanguage":"en-US","potentialAction":[{"@type":"ReadAction","target":["https:\/\/happyinaknit.com\/produktas\/casagrande-nobilis\/"]}]},{"@type":"ImageObject","inLanguage":"en-US","@id":"https:\/\/happyinaknit.com\/produktas\/casagrande-nobilis\/#primaryimage","url":"https:\/\/happyinaknit.com\/wp-content\/uploads\/2025\/10\/IMG_8586.jpg","contentUrl":"https:\/\/happyinaknit.com\/wp-content\/uploads\/2025\/10\/IMG_8586.jpg","width":1320,"height":1294},{"@type":"BreadcrumbList","@id":"https:\/\/happyinaknit.com\/produktas\/casagrande-nobilis\/#breadcrumb","itemListElement":[{"@type":"ListItem","position":1,"name":"Home","item":"https:\/\/happyinaknit.com\/lt\/"},{"@type":"ListItem","position":2,"name":"Parduotuv\u0117","item":"https:\/\/happyinaknit.com\/lt\/parduotuve\/"},{"@type":"ListItem","position":3,"name":"Casagrande Nobilis"}]},{"@type":"WebSite","@id":"https:\/\/happyinaknit.com\/lt\/#website","url":"https:\/\/happyinaknit.com\/lt\/","name":"Happyinaknit.com","description":"","potentialAction":[{"@type":"SearchAction","target":{"@type":"EntryPoint","urlTemplate":"https:\/\/happyinaknit.com\/lt\/?s={search_term_string}"},"query-input":{"@type":"PropertyValueSpecification","valueRequired":true,"valueName":"search_term_string"}}],"inLanguage":"en-US"}]}},"_links":{"self":[{"href":"https:\/\/happyinaknit.com\/en\/wp-json\/wp\/v2\/product\/3335","targetHints":{"allow":["GET"]}}],"collection":[{"href":"https:\/\/happyinaknit.com\/en\/wp-json\/wp\/v2\/product"}],"about":[{"href":"https:\/\/happyinaknit.com\/en\/wp-json\/wp\/v2\/types\/product"}],"replies":[{"embeddable":true,"href":"https:\/\/happyinaknit.com\/en\/wp-json\/wp\/v2\/comments?post=3335"}],"wp:featuredmedia":[{"embeddable":true,"href":"https:\/\/happyinaknit.com\/en\/wp-json\/wp\/v2\/media\/3344"}],"wp:attachment":[{"href":"https:\/\/happyinaknit.com\/en\/wp-json\/wp\/v2\/media?parent=3335"}],"wp:term":[{"taxonomy":"product_brand","embeddable":true,"href":"https:\/\/happyinaknit.com\/en\/wp-json\/wp\/v2\/product_brand?post=3335"},{"taxonomy":"product_cat","embeddable":true,"href":"https:\/\/happyinaknit.com\/en\/wp-json\/wp\/v2\/product_cat?post=3335"},{"taxonomy":"product_tag","embeddable":true,"href":"https:\/\/happyinaknit.com\/en\/wp-json\/wp\/v2\/product_tag?post=3335"},{"taxonomy":"pro-kategorijos","embeddable":true,"href":"https:\/\/happyinaknit.com\/en\/wp-json\/wp\/v2\/pro-kategorijos?post=3335"}],"curies":[{"name":"wp","href":"https:\/\/api.w.org\/{rel}","templated":true}]}}