{"id":3308,"date":"2025-10-07T08:08:12","date_gmt":"2025-10-07T08:08:12","guid":{"rendered":"https:\/\/happyinaknit.com\/?post_type=product&#038;p=3308"},"modified":"2026-02-28T18:51:30","modified_gmt":"2026-02-28T18:51:30","slug":"casagrande-yak-tibet","status":"publish","type":"product","link":"https:\/\/happyinaknit.com\/en\/product\/casagrande-yak-tibet\/","title":{"rendered":"Casagrande Yak Tibet"},"content":{"rendered":"<p data-start=\"70\" data-end=\"325\">Yak Tibet is a luxurious yarn that combines baby yak wool with superfine merino wool. This special combination gives the yarn extraordinary softness, warmth and elasticity, while the thin fiber allows for a light but warm fabric.<\/p>\n<p data-start=\"327\" data-end=\"452\">The yarn is perfect for sweaters, cardigans, shawls or scarves when you want a subtle sense of luxury and comfort.<\/p>\n<ul data-start=\"454\" data-end=\"710\">\n<li data-start=\"454\" data-end=\"518\">\n<p data-start=\"456\" data-end=\"518\"><strong data-start=\"456\" data-end=\"468\">Composition:<\/strong> 70% baby yak wool, 30% merino wool superfine<\/p>\n<\/li>\n<li data-start=\"519\" data-end=\"558\">\n<p data-start=\"521\" data-end=\"558\"><strong data-start=\"521\" data-end=\"543\">Weight \/ length:<\/strong> 50 g \u2014 270 m<\/p>\n<\/li>\n<li data-start=\"559\" data-end=\"587\">\n<p data-start=\"561\" data-end=\"587\"><strong data-start=\"561\" data-end=\"574\">Needles:<\/strong> 3.0-3.5mm<\/p>\n<\/li>\n<li data-start=\"588\" data-end=\"637\">\n<p data-start=\"590\" data-end=\"637\"><strong data-start=\"590\" data-end=\"603\">Density:<\/strong> 10 \u00d7 10 cm \u2248 24 mesh \u00d7 38 rows<\/p>\n<\/li>\n<li data-start=\"638\" data-end=\"710\">\n<p data-start=\"640\" data-end=\"710\"><strong data-start=\"640\" data-end=\"667\">Recommended quantity:<\/strong> for a sweater size M \u2013 about 4 balls<\/p>\n<\/li>\n<\/ul>\n<p data-start=\"712\" data-end=\"804\" data-is-last-node=\"\" data-is-only-node=\"\"><strong data-start=\"712\" data-end=\"726\">Care:<\/strong><br data-start=\"726\" data-end=\"729\" \/>Hand wash at 30\u00b0C. Dry flat.<\/p>","protected":false},"excerpt":{"rendered":"<p>Yak Tibet \u2013 tai prabang\u016bs si\u016blai, kuriuose baby yako vilna derinama su merino vilna superfine. \u0160is ypatingas derinys suteikia si\u016blams nepaprast\u0105 \u0161velnum\u0105, \u0161ilum\u0105 ir elastingum\u0105, o plonas pluo\u0161tas leid\u017eia i\u0161gauti lengv\u0105, bet \u0161ilt\u0105 audin\u012f. Si\u016blai puikiai tinka megztiniams, kardiganams, skaroms ar \u0161alikams, kai norisi subtilaus prabangos poj\u016b\u010dio ir komforto. Sud\u0117tis: 70% baby yako vilna, 30% [&hellip;]<\/p>\n","protected":false},"featured_media":3313,"comment_status":"open","ping_status":"closed","template":"","meta":{"_acf_changed":false},"product_brand":[58],"product_cat":[15,18],"product_tag":[],"pro-kategorijos":[76,71],"class_list":{"0":"post-3308","1":"product","2":"type-product","3":"status-publish","4":"has-post-thumbnail","6":"product_brand-casagrande","7":"product_cat-visi-produktai","8":"product_cat-siulai","9":"pro-kategorijos-baby-yako-vilna","10":"pro-kategorijos-merino-vilna","12":"first","13":"instock","14":"shipping-taxable","15":"purchasable","16":"product-type-variable"},"acf":[],"yoast_head":"<!-- This site is optimized with the Yoast SEO plugin v26.8 - https:\/\/yoast.com\/product\/yoast-seo-wordpress\/ -->\n<title>Casagrande Yak Tibet - Happyinaknit.com<\/title>\n<meta name=\"robots\" content=\"index, follow, max-snippet:-1, max-image-preview:large, max-video-preview:-1\" \/>\n<link rel=\"canonical\" href=\"https:\/\/happyinaknit.com\/en\/product\/casagrande-yak-tibet\/\" \/>\n<meta property=\"og:locale\" content=\"en_US\" \/>\n<meta property=\"og:type\" content=\"article\" \/>\n<meta property=\"og:title\" content=\"Casagrande Yak Tibet - Happyinaknit.com\" \/>\n<meta property=\"og:description\" content=\"Yak Tibet \u2013 tai prabang\u016bs si\u016blai, kuriuose baby yako vilna derinama su merino vilna superfine. \u0160is ypatingas derinys suteikia si\u016blams nepaprast\u0105 \u0161velnum\u0105, \u0161ilum\u0105 ir elastingum\u0105, o plonas pluo\u0161tas leid\u017eia i\u0161gauti lengv\u0105, bet \u0161ilt\u0105 audin\u012f. Si\u016blai puikiai tinka megztiniams, kardiganams, skaroms ar \u0161alikams, kai norisi subtilaus prabangos poj\u016b\u010dio ir komforto. Sud\u0117tis: 70% baby yako vilna, 30% [&hellip;]\" \/>\n<meta property=\"og:url\" content=\"https:\/\/happyinaknit.com\/en\/product\/casagrande-yak-tibet\/\" \/>\n<meta property=\"og:site_name\" content=\"Happyinaknit.com\" \/>\n<meta property=\"article:modified_time\" content=\"2026-02-28T18:51:30+00:00\" \/>\n<meta property=\"og:image\" content=\"https:\/\/happyinaknit.com\/wp-content\/uploads\/2025\/10\/IMG_8576.jpg\" \/>\n\t<meta property=\"og:image:width\" content=\"1320\" \/>\n\t<meta property=\"og:image:height\" content=\"1296\" \/>\n\t<meta property=\"og:image:type\" content=\"image\/jpeg\" \/>\n<meta name=\"twitter:card\" content=\"summary_large_image\" \/>\n<script type=\"application\/ld+json\" class=\"yoast-schema-graph\">{\"@context\":\"https:\/\/schema.org\",\"@graph\":[{\"@type\":\"WebPage\",\"@id\":\"https:\/\/happyinaknit.com\/produktas\/casagrande-yak-tibet\/\",\"url\":\"https:\/\/happyinaknit.com\/produktas\/casagrande-yak-tibet\/\",\"name\":\"Casagrande Yak Tibet - Happyinaknit.com\",\"isPartOf\":{\"@id\":\"https:\/\/happyinaknit.com\/lt\/#website\"},\"primaryImageOfPage\":{\"@id\":\"https:\/\/happyinaknit.com\/produktas\/casagrande-yak-tibet\/#primaryimage\"},\"image\":{\"@id\":\"https:\/\/happyinaknit.com\/produktas\/casagrande-yak-tibet\/#primaryimage\"},\"thumbnailUrl\":\"https:\/\/happyinaknit.com\/wp-content\/uploads\/2025\/10\/IMG_8576.jpg\",\"datePublished\":\"2025-10-07T08:08:12+00:00\",\"dateModified\":\"2026-02-28T18:51:30+00:00\",\"breadcrumb\":{\"@id\":\"https:\/\/happyinaknit.com\/produktas\/casagrande-yak-tibet\/#breadcrumb\"},\"inLanguage\":\"en-US\",\"potentialAction\":[{\"@type\":\"ReadAction\",\"target\":[\"https:\/\/happyinaknit.com\/produktas\/casagrande-yak-tibet\/\"]}]},{\"@type\":\"ImageObject\",\"inLanguage\":\"en-US\",\"@id\":\"https:\/\/happyinaknit.com\/produktas\/casagrande-yak-tibet\/#primaryimage\",\"url\":\"https:\/\/happyinaknit.com\/wp-content\/uploads\/2025\/10\/IMG_8576.jpg\",\"contentUrl\":\"https:\/\/happyinaknit.com\/wp-content\/uploads\/2025\/10\/IMG_8576.jpg\",\"width\":1320,\"height\":1296},{\"@type\":\"BreadcrumbList\",\"@id\":\"https:\/\/happyinaknit.com\/produktas\/casagrande-yak-tibet\/#breadcrumb\",\"itemListElement\":[{\"@type\":\"ListItem\",\"position\":1,\"name\":\"Home\",\"item\":\"https:\/\/happyinaknit.com\/lt\/\"},{\"@type\":\"ListItem\",\"position\":2,\"name\":\"Parduotuv\u0117\",\"item\":\"https:\/\/happyinaknit.com\/lt\/parduotuve\/\"},{\"@type\":\"ListItem\",\"position\":3,\"name\":\"Casagrande Yak Tibet\"}]},{\"@type\":\"WebSite\",\"@id\":\"https:\/\/happyinaknit.com\/lt\/#website\",\"url\":\"https:\/\/happyinaknit.com\/lt\/\",\"name\":\"Happyinaknit.com\",\"description\":\"\",\"potentialAction\":[{\"@type\":\"SearchAction\",\"target\":{\"@type\":\"EntryPoint\",\"urlTemplate\":\"https:\/\/happyinaknit.com\/lt\/?s={search_term_string}\"},\"query-input\":{\"@type\":\"PropertyValueSpecification\",\"valueRequired\":true,\"valueName\":\"search_term_string\"}}],\"inLanguage\":\"en-US\"}]}<\/script>\n<!-- \/ Yoast SEO plugin. -->","yoast_head_json":{"title":"Casagrande Yak Tibet - Happyinaknit.com","robots":{"index":"index","follow":"follow","max-snippet":"max-snippet:-1","max-image-preview":"max-image-preview:large","max-video-preview":"max-video-preview:-1"},"canonical":"https:\/\/happyinaknit.com\/en\/product\/casagrande-yak-tibet\/","og_locale":"en_US","og_type":"article","og_title":"Casagrande Yak Tibet - Happyinaknit.com","og_description":"Yak Tibet \u2013 tai prabang\u016bs si\u016blai, kuriuose baby yako vilna derinama su merino vilna superfine. \u0160is ypatingas derinys suteikia si\u016blams nepaprast\u0105 \u0161velnum\u0105, \u0161ilum\u0105 ir elastingum\u0105, o plonas pluo\u0161tas leid\u017eia i\u0161gauti lengv\u0105, bet \u0161ilt\u0105 audin\u012f. Si\u016blai puikiai tinka megztiniams, kardiganams, skaroms ar \u0161alikams, kai norisi subtilaus prabangos poj\u016b\u010dio ir komforto. Sud\u0117tis: 70% baby yako vilna, 30% [&hellip;]","og_url":"https:\/\/happyinaknit.com\/en\/product\/casagrande-yak-tibet\/","og_site_name":"Happyinaknit.com","article_modified_time":"2026-02-28T18:51:30+00:00","og_image":[{"width":1320,"height":1296,"url":"https:\/\/happyinaknit.com\/wp-content\/uploads\/2025\/10\/IMG_8576.jpg","type":"image\/jpeg"}],"twitter_card":"summary_large_image","schema":{"@context":"https:\/\/schema.org","@graph":[{"@type":"WebPage","@id":"https:\/\/happyinaknit.com\/produktas\/casagrande-yak-tibet\/","url":"https:\/\/happyinaknit.com\/produktas\/casagrande-yak-tibet\/","name":"Casagrande Yak Tibet - Happyinaknit.com","isPartOf":{"@id":"https:\/\/happyinaknit.com\/lt\/#website"},"primaryImageOfPage":{"@id":"https:\/\/happyinaknit.com\/produktas\/casagrande-yak-tibet\/#primaryimage"},"image":{"@id":"https:\/\/happyinaknit.com\/produktas\/casagrande-yak-tibet\/#primaryimage"},"thumbnailUrl":"https:\/\/happyinaknit.com\/wp-content\/uploads\/2025\/10\/IMG_8576.jpg","datePublished":"2025-10-07T08:08:12+00:00","dateModified":"2026-02-28T18:51:30+00:00","breadcrumb":{"@id":"https:\/\/happyinaknit.com\/produktas\/casagrande-yak-tibet\/#breadcrumb"},"inLanguage":"en-US","potentialAction":[{"@type":"ReadAction","target":["https:\/\/happyinaknit.com\/produktas\/casagrande-yak-tibet\/"]}]},{"@type":"ImageObject","inLanguage":"en-US","@id":"https:\/\/happyinaknit.com\/produktas\/casagrande-yak-tibet\/#primaryimage","url":"https:\/\/happyinaknit.com\/wp-content\/uploads\/2025\/10\/IMG_8576.jpg","contentUrl":"https:\/\/happyinaknit.com\/wp-content\/uploads\/2025\/10\/IMG_8576.jpg","width":1320,"height":1296},{"@type":"BreadcrumbList","@id":"https:\/\/happyinaknit.com\/produktas\/casagrande-yak-tibet\/#breadcrumb","itemListElement":[{"@type":"ListItem","position":1,"name":"Home","item":"https:\/\/happyinaknit.com\/lt\/"},{"@type":"ListItem","position":2,"name":"Parduotuv\u0117","item":"https:\/\/happyinaknit.com\/lt\/parduotuve\/"},{"@type":"ListItem","position":3,"name":"Casagrande Yak Tibet"}]},{"@type":"WebSite","@id":"https:\/\/happyinaknit.com\/lt\/#website","url":"https:\/\/happyinaknit.com\/lt\/","name":"Happyinaknit.com","description":"","potentialAction":[{"@type":"SearchAction","target":{"@type":"EntryPoint","urlTemplate":"https:\/\/happyinaknit.com\/lt\/?s={search_term_string}"},"query-input":{"@type":"PropertyValueSpecification","valueRequired":true,"valueName":"search_term_string"}}],"inLanguage":"en-US"}]}},"_links":{"self":[{"href":"https:\/\/happyinaknit.com\/en\/wp-json\/wp\/v2\/product\/3308","targetHints":{"allow":["GET"]}}],"collection":[{"href":"https:\/\/happyinaknit.com\/en\/wp-json\/wp\/v2\/product"}],"about":[{"href":"https:\/\/happyinaknit.com\/en\/wp-json\/wp\/v2\/types\/product"}],"replies":[{"embeddable":true,"href":"https:\/\/happyinaknit.com\/en\/wp-json\/wp\/v2\/comments?post=3308"}],"wp:featuredmedia":[{"embeddable":true,"href":"https:\/\/happyinaknit.com\/en\/wp-json\/wp\/v2\/media\/3313"}],"wp:attachment":[{"href":"https:\/\/happyinaknit.com\/en\/wp-json\/wp\/v2\/media?parent=3308"}],"wp:term":[{"taxonomy":"product_brand","embeddable":true,"href":"https:\/\/happyinaknit.com\/en\/wp-json\/wp\/v2\/product_brand?post=3308"},{"taxonomy":"product_cat","embeddable":true,"href":"https:\/\/happyinaknit.com\/en\/wp-json\/wp\/v2\/product_cat?post=3308"},{"taxonomy":"product_tag","embeddable":true,"href":"https:\/\/happyinaknit.com\/en\/wp-json\/wp\/v2\/product_tag?post=3308"},{"taxonomy":"pro-kategorijos","embeddable":true,"href":"https:\/\/happyinaknit.com\/en\/wp-json\/wp\/v2\/pro-kategorijos?post=3308"}],"curies":[{"name":"wp","href":"https:\/\/api.w.org\/{rel}","templated":true}]}}