{"id":3253,"date":"2025-10-07T07:23:54","date_gmt":"2025-10-07T07:23:54","guid":{"rendered":"https:\/\/happyinaknit.com\/?post_type=product&#038;p=3253"},"modified":"2026-03-23T18:56:56","modified_gmt":"2026-03-23T18:56:56","slug":"casagrande-yak-nepal","status":"publish","type":"product","link":"https:\/\/happyinaknit.com\/en\/product\/casagrande-yak-nepal\/","title":{"rendered":"Casagrande Yak Nepal"},"content":{"rendered":"<p data-start=\"65\" data-end=\"402\">Yak Nepal is a yarn of exceptional quality, combining superfine merino wool with baby yak wool. This combination gives the yarn a special softness, warmth and a natural matte luxurious feel. The fiber is light, breathable and gently fits the body, making it perfect for sweaters, cardigans or scarves.<\/p>\n<ul data-start=\"404\" data-end=\"660\">\n<li data-start=\"404\" data-end=\"468\">\n<p data-start=\"406\" data-end=\"468\"><strong data-start=\"406\" data-end=\"418\">Composition:<\/strong> 50% merino wool superfine, 50% baby yak wool<\/p>\n<\/li>\n<li data-start=\"469\" data-end=\"508\">\n<p data-start=\"471\" data-end=\"508\"><strong data-start=\"471\" data-end=\"493\">Weight \/ length:<\/strong> 50 g \u2014 175 m<\/p>\n<\/li>\n<li data-start=\"509\" data-end=\"537\">\n<p data-start=\"511\" data-end=\"537\"><strong data-start=\"511\" data-end=\"524\">Needles:<\/strong> 3.5-4.0mm<\/p>\n<\/li>\n<li data-start=\"538\" data-end=\"587\">\n<p data-start=\"540\" data-end=\"587\"><strong data-start=\"540\" data-end=\"553\">Density:<\/strong> 10 \u00d7 10 cm \u2248 24 mesh \u00d7 38 rows<\/p>\n<\/li>\n<li data-start=\"588\" data-end=\"660\">\n<p data-start=\"590\" data-end=\"660\"><strong data-start=\"590\" data-end=\"617\">Recommended quantity:<\/strong> for a sweater size M \u2013 about 6 balls<\/p>\n<\/li>\n<\/ul>\n<p data-start=\"662\" data-end=\"754\" data-is-last-node=\"\" data-is-only-node=\"\"><strong data-start=\"662\" data-end=\"676\">Care:<\/strong><br data-start=\"676\" data-end=\"679\" \/>Hand wash at 30\u00b0C. Dry flat.<\/p>","protected":false},"excerpt":{"rendered":"<p>Yak Nepal \u2013 tai i\u0161skirtin\u0117s kokyb\u0117s si\u016blai, kuriuose merino vilna superfine dera su baby yako vilna. \u0160is derinys suteikia si\u016blams ypatingo \u0161velnumo, \u0161ilumos ir nat\u016bralaus matinio prabangumo poj\u016bt\u012f. Pluo\u0161tas lengvas, kv\u0117puojantis ir \u0161velniai priglunda prie k\u016bno, tod\u0117l puikiai tinka megztiniams, kardiganams ar \u0161alikams. Sud\u0117tis: 50% merino vilna superfine, 50% baby yako vilna Svoris \/ metra\u017eas: [&hellip;]<\/p>\n","protected":false},"featured_media":3270,"comment_status":"open","ping_status":"closed","template":"","meta":{"_acf_changed":false},"product_brand":[58],"product_cat":[15,18],"product_tag":[],"pro-kategorijos":[76,71],"class_list":{"0":"post-3253","1":"product","2":"type-product","3":"status-publish","4":"has-post-thumbnail","6":"product_brand-casagrande","7":"product_cat-visi-produktai","8":"product_cat-siulai","9":"pro-kategorijos-baby-yako-vilna","10":"pro-kategorijos-merino-vilna","12":"first","13":"instock","14":"shipping-taxable","15":"purchasable","16":"product-type-variable"},"acf":[],"yoast_head":"<!-- This site is optimized with the Yoast SEO plugin v26.8 - https:\/\/yoast.com\/product\/yoast-seo-wordpress\/ -->\n<title>Casagrande Yak Nepal - Happyinaknit.com<\/title>\n<meta name=\"robots\" content=\"index, follow, max-snippet:-1, max-image-preview:large, max-video-preview:-1\" \/>\n<link rel=\"canonical\" href=\"https:\/\/happyinaknit.com\/en\/product\/casagrande-yak-nepal\/\" \/>\n<meta property=\"og:locale\" content=\"en_US\" \/>\n<meta property=\"og:type\" content=\"article\" \/>\n<meta property=\"og:title\" content=\"Casagrande Yak Nepal - Happyinaknit.com\" \/>\n<meta property=\"og:description\" content=\"Yak Nepal \u2013 tai i\u0161skirtin\u0117s kokyb\u0117s si\u016blai, kuriuose merino vilna superfine dera su baby yako vilna. \u0160is derinys suteikia si\u016blams ypatingo \u0161velnumo, \u0161ilumos ir nat\u016bralaus matinio prabangumo poj\u016bt\u012f. Pluo\u0161tas lengvas, kv\u0117puojantis ir \u0161velniai priglunda prie k\u016bno, tod\u0117l puikiai tinka megztiniams, kardiganams ar \u0161alikams. Sud\u0117tis: 50% merino vilna superfine, 50% baby yako vilna Svoris \/ metra\u017eas: [&hellip;]\" \/>\n<meta property=\"og:url\" content=\"https:\/\/happyinaknit.com\/en\/product\/casagrande-yak-nepal\/\" \/>\n<meta property=\"og:site_name\" content=\"Happyinaknit.com\" \/>\n<meta property=\"article:modified_time\" content=\"2026-03-23T18:56:56+00:00\" \/>\n<meta property=\"og:image\" content=\"https:\/\/happyinaknit.com\/wp-content\/uploads\/2025\/10\/IMG_8560.jpg\" \/>\n\t<meta property=\"og:image:width\" content=\"1320\" \/>\n\t<meta property=\"og:image:height\" content=\"1302\" \/>\n\t<meta property=\"og:image:type\" content=\"image\/jpeg\" \/>\n<meta name=\"twitter:card\" content=\"summary_large_image\" \/>\n<script type=\"application\/ld+json\" class=\"yoast-schema-graph\">{\"@context\":\"https:\/\/schema.org\",\"@graph\":[{\"@type\":\"WebPage\",\"@id\":\"https:\/\/happyinaknit.com\/produktas\/casagrande-yak-nepal\/\",\"url\":\"https:\/\/happyinaknit.com\/produktas\/casagrande-yak-nepal\/\",\"name\":\"Casagrande Yak Nepal - Happyinaknit.com\",\"isPartOf\":{\"@id\":\"https:\/\/happyinaknit.com\/lt\/#website\"},\"primaryImageOfPage\":{\"@id\":\"https:\/\/happyinaknit.com\/produktas\/casagrande-yak-nepal\/#primaryimage\"},\"image\":{\"@id\":\"https:\/\/happyinaknit.com\/produktas\/casagrande-yak-nepal\/#primaryimage\"},\"thumbnailUrl\":\"https:\/\/happyinaknit.com\/wp-content\/uploads\/2025\/10\/IMG_8560.jpg\",\"datePublished\":\"2025-10-07T07:23:54+00:00\",\"dateModified\":\"2026-03-23T18:56:56+00:00\",\"breadcrumb\":{\"@id\":\"https:\/\/happyinaknit.com\/produktas\/casagrande-yak-nepal\/#breadcrumb\"},\"inLanguage\":\"en-US\",\"potentialAction\":[{\"@type\":\"ReadAction\",\"target\":[\"https:\/\/happyinaknit.com\/produktas\/casagrande-yak-nepal\/\"]}]},{\"@type\":\"ImageObject\",\"inLanguage\":\"en-US\",\"@id\":\"https:\/\/happyinaknit.com\/produktas\/casagrande-yak-nepal\/#primaryimage\",\"url\":\"https:\/\/happyinaknit.com\/wp-content\/uploads\/2025\/10\/IMG_8560.jpg\",\"contentUrl\":\"https:\/\/happyinaknit.com\/wp-content\/uploads\/2025\/10\/IMG_8560.jpg\",\"width\":1320,\"height\":1302},{\"@type\":\"BreadcrumbList\",\"@id\":\"https:\/\/happyinaknit.com\/produktas\/casagrande-yak-nepal\/#breadcrumb\",\"itemListElement\":[{\"@type\":\"ListItem\",\"position\":1,\"name\":\"Home\",\"item\":\"https:\/\/happyinaknit.com\/lt\/\"},{\"@type\":\"ListItem\",\"position\":2,\"name\":\"Parduotuv\u0117\",\"item\":\"https:\/\/happyinaknit.com\/lt\/parduotuve\/\"},{\"@type\":\"ListItem\",\"position\":3,\"name\":\"Casagrande Yak Nepal\"}]},{\"@type\":\"WebSite\",\"@id\":\"https:\/\/happyinaknit.com\/lt\/#website\",\"url\":\"https:\/\/happyinaknit.com\/lt\/\",\"name\":\"Happyinaknit.com\",\"description\":\"\",\"potentialAction\":[{\"@type\":\"SearchAction\",\"target\":{\"@type\":\"EntryPoint\",\"urlTemplate\":\"https:\/\/happyinaknit.com\/lt\/?s={search_term_string}\"},\"query-input\":{\"@type\":\"PropertyValueSpecification\",\"valueRequired\":true,\"valueName\":\"search_term_string\"}}],\"inLanguage\":\"en-US\"}]}<\/script>\n<!-- \/ Yoast SEO plugin. -->","yoast_head_json":{"title":"Casagrande Yak Nepal - Happyinaknit.com","robots":{"index":"index","follow":"follow","max-snippet":"max-snippet:-1","max-image-preview":"max-image-preview:large","max-video-preview":"max-video-preview:-1"},"canonical":"https:\/\/happyinaknit.com\/en\/product\/casagrande-yak-nepal\/","og_locale":"en_US","og_type":"article","og_title":"Casagrande Yak Nepal - Happyinaknit.com","og_description":"Yak Nepal \u2013 tai i\u0161skirtin\u0117s kokyb\u0117s si\u016blai, kuriuose merino vilna superfine dera su baby yako vilna. \u0160is derinys suteikia si\u016blams ypatingo \u0161velnumo, \u0161ilumos ir nat\u016bralaus matinio prabangumo poj\u016bt\u012f. Pluo\u0161tas lengvas, kv\u0117puojantis ir \u0161velniai priglunda prie k\u016bno, tod\u0117l puikiai tinka megztiniams, kardiganams ar \u0161alikams. Sud\u0117tis: 50% merino vilna superfine, 50% baby yako vilna Svoris \/ metra\u017eas: [&hellip;]","og_url":"https:\/\/happyinaknit.com\/en\/product\/casagrande-yak-nepal\/","og_site_name":"Happyinaknit.com","article_modified_time":"2026-03-23T18:56:56+00:00","og_image":[{"width":1320,"height":1302,"url":"https:\/\/happyinaknit.com\/wp-content\/uploads\/2025\/10\/IMG_8560.jpg","type":"image\/jpeg"}],"twitter_card":"summary_large_image","schema":{"@context":"https:\/\/schema.org","@graph":[{"@type":"WebPage","@id":"https:\/\/happyinaknit.com\/produktas\/casagrande-yak-nepal\/","url":"https:\/\/happyinaknit.com\/produktas\/casagrande-yak-nepal\/","name":"Casagrande Yak Nepal - Happyinaknit.com","isPartOf":{"@id":"https:\/\/happyinaknit.com\/lt\/#website"},"primaryImageOfPage":{"@id":"https:\/\/happyinaknit.com\/produktas\/casagrande-yak-nepal\/#primaryimage"},"image":{"@id":"https:\/\/happyinaknit.com\/produktas\/casagrande-yak-nepal\/#primaryimage"},"thumbnailUrl":"https:\/\/happyinaknit.com\/wp-content\/uploads\/2025\/10\/IMG_8560.jpg","datePublished":"2025-10-07T07:23:54+00:00","dateModified":"2026-03-23T18:56:56+00:00","breadcrumb":{"@id":"https:\/\/happyinaknit.com\/produktas\/casagrande-yak-nepal\/#breadcrumb"},"inLanguage":"en-US","potentialAction":[{"@type":"ReadAction","target":["https:\/\/happyinaknit.com\/produktas\/casagrande-yak-nepal\/"]}]},{"@type":"ImageObject","inLanguage":"en-US","@id":"https:\/\/happyinaknit.com\/produktas\/casagrande-yak-nepal\/#primaryimage","url":"https:\/\/happyinaknit.com\/wp-content\/uploads\/2025\/10\/IMG_8560.jpg","contentUrl":"https:\/\/happyinaknit.com\/wp-content\/uploads\/2025\/10\/IMG_8560.jpg","width":1320,"height":1302},{"@type":"BreadcrumbList","@id":"https:\/\/happyinaknit.com\/produktas\/casagrande-yak-nepal\/#breadcrumb","itemListElement":[{"@type":"ListItem","position":1,"name":"Home","item":"https:\/\/happyinaknit.com\/lt\/"},{"@type":"ListItem","position":2,"name":"Parduotuv\u0117","item":"https:\/\/happyinaknit.com\/lt\/parduotuve\/"},{"@type":"ListItem","position":3,"name":"Casagrande Yak Nepal"}]},{"@type":"WebSite","@id":"https:\/\/happyinaknit.com\/lt\/#website","url":"https:\/\/happyinaknit.com\/lt\/","name":"Happyinaknit.com","description":"","potentialAction":[{"@type":"SearchAction","target":{"@type":"EntryPoint","urlTemplate":"https:\/\/happyinaknit.com\/lt\/?s={search_term_string}"},"query-input":{"@type":"PropertyValueSpecification","valueRequired":true,"valueName":"search_term_string"}}],"inLanguage":"en-US"}]}},"_links":{"self":[{"href":"https:\/\/happyinaknit.com\/en\/wp-json\/wp\/v2\/product\/3253","targetHints":{"allow":["GET"]}}],"collection":[{"href":"https:\/\/happyinaknit.com\/en\/wp-json\/wp\/v2\/product"}],"about":[{"href":"https:\/\/happyinaknit.com\/en\/wp-json\/wp\/v2\/types\/product"}],"replies":[{"embeddable":true,"href":"https:\/\/happyinaknit.com\/en\/wp-json\/wp\/v2\/comments?post=3253"}],"wp:featuredmedia":[{"embeddable":true,"href":"https:\/\/happyinaknit.com\/en\/wp-json\/wp\/v2\/media\/3270"}],"wp:attachment":[{"href":"https:\/\/happyinaknit.com\/en\/wp-json\/wp\/v2\/media?parent=3253"}],"wp:term":[{"taxonomy":"product_brand","embeddable":true,"href":"https:\/\/happyinaknit.com\/en\/wp-json\/wp\/v2\/product_brand?post=3253"},{"taxonomy":"product_cat","embeddable":true,"href":"https:\/\/happyinaknit.com\/en\/wp-json\/wp\/v2\/product_cat?post=3253"},{"taxonomy":"product_tag","embeddable":true,"href":"https:\/\/happyinaknit.com\/en\/wp-json\/wp\/v2\/product_tag?post=3253"},{"taxonomy":"pro-kategorijos","embeddable":true,"href":"https:\/\/happyinaknit.com\/en\/wp-json\/wp\/v2\/pro-kategorijos?post=3253"}],"curies":[{"name":"wp","href":"https:\/\/api.w.org\/{rel}","templated":true}]}}