{"id":3214,"date":"2025-10-06T22:48:43","date_gmt":"2025-10-06T22:48:43","guid":{"rendered":"https:\/\/happyinaknit.com\/?post_type=product&#038;p=3214"},"modified":"2026-04-06T12:57:32","modified_gmt":"2026-04-06T12:57:32","slug":"tenestar","status":"publish","type":"product","link":"https:\/\/happyinaknit.com\/en\/product\/tenestar\/","title":{"rendered":"Tenestar laundry detergent"},"content":{"rendered":"<p data-start=\"195\" data-end=\"530\">Silk is unparalleled in its elegance and luxury. To ensure that this exquisite fiber remains beautiful for a long time, it requires extremely gentle care. <strong data-start=\"396\" data-end=\"408\">TeneStar<\/strong> \u2013 is a specially designed detergent that <strong data-start=\"453\" data-end=\"527\">protects silk fibers, preserves their natural shine and color brightness<\/strong>.<\/p>\n<p data-start=\"532\" data-end=\"920\">Measure <strong data-start=\"541\" data-end=\"572\">does not change the structure of the silk<\/strong>, prevents it from becoming rough and protects the fabric during washing. Does not contain <strong data-start=\"646\" data-end=\"698\">aggressive chemicals or fatty additives<\/strong>, so the silk remains light, soft and elastic.<br data-start=\"752\" data-end=\"755\" \/><strong data-start=\"755\" data-end=\"767\">TeneStar<\/strong> is completely <strong data-start=\"781\" data-end=\"816\">biodegradable product<\/strong>, recommended by leading silk manufacturers such as <em data-start=\"875\" data-end=\"911\">Bleyle, Bogner, Zimmerli, Silkmood<\/em> etc.<\/p>\n<ul data-start=\"922\" data-end=\"1143\">\n<li data-start=\"922\" data-end=\"1143\">\n<p data-start=\"924\" data-end=\"938\"><strong data-start=\"924\" data-end=\"936\">Features:<\/strong><\/p>\n<ul data-start=\"941\" data-end=\"1143\">\n<li data-start=\"941\" data-end=\"980\">\n<p data-start=\"943\" data-end=\"980\">Protects silk fibers during washing<\/p>\n<\/li>\n<li data-start=\"983\" data-end=\"1030\">\n<p data-start=\"985\" data-end=\"1030\">Preserves natural shine and color saturation<\/p>\n<\/li>\n<li data-start=\"1033\" data-end=\"1071\">\n<p data-start=\"1035\" data-end=\"1071\">Leaves the fabric soft and supple<\/p>\n<\/li>\n<li data-start=\"1074\" data-end=\"1115\">\n<p data-start=\"1076\" data-end=\"1115\">Free from harsh chemicals and softeners<\/p>\n<\/li>\n<li data-start=\"1118\" data-end=\"1143\">\n<p data-start=\"1120\" data-end=\"1143\">Biodegradable<\/p>\n<\/li>\n<\/ul>\n<\/li>\n<\/ul>\n<p data-start=\"1145\" data-end=\"1162\"><strong data-start=\"1145\" data-end=\"1160\">Usage:<\/strong><\/p>\n<ul data-start=\"1163\" data-end=\"1691\">\n<li data-start=\"1163\" data-end=\"1282\">\n<p data-start=\"1165\" data-end=\"1282\"><strong data-start=\"1165\" data-end=\"1179\">Dosage:<\/strong> for washing machine \u2013 1 full capful; for hand washing, \u00bd teaspoon per item is enough.<\/p>\n<\/li>\n<li data-start=\"1283\" data-end=\"1314\">\n<p data-start=\"1285\" data-end=\"1314\"><strong data-start=\"1285\" data-end=\"1301\">Temperature:<\/strong> up to 30\u00b0C.<\/p>\n<\/li>\n<li data-start=\"1315\" data-end=\"1691\">\n<p data-start=\"1317\" data-end=\"1330\"><strong data-start=\"1317\" data-end=\"1328\">Important:<\/strong><\/p>\n<ul data-start=\"1333\" data-end=\"1691\">\n<li data-start=\"1333\" data-end=\"1471\">\n<p data-start=\"1335\" data-end=\"1471\">Do not use <strong data-start=\"1347\" data-end=\"1387\">baby shampoo or wool detergent<\/strong> \u2013 these products may contain moisturizing agents that destroy the shine of silk.<\/p>\n<\/li>\n<li data-start=\"1474\" data-end=\"1552\">\n<p data-start=\"1476\" data-end=\"1552\">Suitable for <strong data-start=\"1485\" data-end=\"1515\">for silk fabrics CUPRO<\/strong>, and other silk-type fibers.<\/p>\n<\/li>\n<li data-start=\"1555\" data-end=\"1691\">\n<p data-start=\"1557\" data-end=\"1691\">If the fabric contains wool (e.g. wool\/silk lingerie), <strong data-start=\"1623\" data-end=\"1644\">choose TENEMOLL<\/strong>to prevent the wool fiber from softening too much.<\/p>\n<\/li>\n<\/ul>\n<\/li>\n<\/ul>","protected":false},"excerpt":{"rendered":"<p>\u0160ilkas \u2013 neprilygstamas savo elegancija ir prabanga. Kad \u0161is i\u0161skirtinis pluo\u0161tas ilgai i\u0161likt\u0173 gra\u017eus, jam reikia itin \u0161velnios prie\u017ei\u016bros. TeneStar \u2013 tai specialiai sukurtas skalbiklis, kuris apsaugo \u0161ilko pluo\u0161tus, i\u0161saugo j\u0173 nat\u016bral\u0173 blizges\u012f ir spalv\u0173 ry\u0161kum\u0105. Priemon\u0117 nepakei\u010dia \u0161ilko strukt\u016bros, neleid\u017eia jam \u0161iurk\u0161t\u0117ti ir apsaugo audin\u012f skalbimo metu. Sud\u0117tyje n\u0117ra agresyvi\u0173 chemini\u0173 med\u017eiag\u0173 ar riebalini\u0173 [&hellip;]<\/p>\n","protected":false},"featured_media":3216,"comment_status":"open","ping_status":"closed","template":"","meta":{"_acf_changed":false},"product_brand":[633],"product_cat":[15,20,91],"product_tag":[],"pro-kategorijos":[],"class_list":{"0":"post-3214","1":"product","2":"type-product","3":"status-publish","4":"has-post-thumbnail","6":"product_brand-intervall","7":"product_cat-visi-produktai","8":"product_cat-priedai-mezgimui","9":"product_cat-skalbimo-priemones","11":"first","12":"instock","13":"shipping-taxable","14":"purchasable","15":"product-type-simple"},"acf":[],"yoast_head":"<!-- This site is optimized with the Yoast SEO plugin v26.8 - https:\/\/yoast.com\/product\/yoast-seo-wordpress\/ -->\n<title>Tenestar skalbimo priemon\u0117 - Happyinaknit.com<\/title>\n<meta name=\"robots\" content=\"index, follow, max-snippet:-1, max-image-preview:large, max-video-preview:-1\" \/>\n<link rel=\"canonical\" href=\"https:\/\/happyinaknit.com\/en\/product\/tenestar\/\" \/>\n<meta property=\"og:locale\" content=\"en_US\" \/>\n<meta property=\"og:type\" content=\"article\" \/>\n<meta property=\"og:title\" content=\"Tenestar skalbimo priemon\u0117 - Happyinaknit.com\" \/>\n<meta property=\"og:description\" content=\"\u0160ilkas \u2013 neprilygstamas savo elegancija ir prabanga. Kad \u0161is i\u0161skirtinis pluo\u0161tas ilgai i\u0161likt\u0173 gra\u017eus, jam reikia itin \u0161velnios prie\u017ei\u016bros. TeneStar \u2013 tai specialiai sukurtas skalbiklis, kuris apsaugo \u0161ilko pluo\u0161tus, i\u0161saugo j\u0173 nat\u016bral\u0173 blizges\u012f ir spalv\u0173 ry\u0161kum\u0105. Priemon\u0117 nepakei\u010dia \u0161ilko strukt\u016bros, neleid\u017eia jam \u0161iurk\u0161t\u0117ti ir apsaugo audin\u012f skalbimo metu. Sud\u0117tyje n\u0117ra agresyvi\u0173 chemini\u0173 med\u017eiag\u0173 ar riebalini\u0173 [&hellip;]\" \/>\n<meta property=\"og:url\" content=\"https:\/\/happyinaknit.com\/en\/product\/tenestar\/\" \/>\n<meta property=\"og:site_name\" content=\"Happyinaknit.com\" \/>\n<meta property=\"article:modified_time\" content=\"2026-04-06T12:57:32+00:00\" \/>\n<meta property=\"og:image\" content=\"https:\/\/happyinaknit.com\/wp-content\/uploads\/2025\/10\/IMG_8537.jpg\" \/>\n\t<meta property=\"og:image:width\" content=\"1320\" \/>\n\t<meta property=\"og:image:height\" content=\"1285\" \/>\n\t<meta property=\"og:image:type\" content=\"image\/jpeg\" \/>\n<meta name=\"twitter:card\" content=\"summary_large_image\" \/>\n<meta name=\"twitter:label1\" content=\"Est. reading time\" \/>\n\t<meta name=\"twitter:data1\" content=\"1 minute\" \/>\n<script type=\"application\/ld+json\" class=\"yoast-schema-graph\">{\"@context\":\"https:\/\/schema.org\",\"@graph\":[{\"@type\":\"WebPage\",\"@id\":\"https:\/\/happyinaknit.com\/produktas\/tenestar\/\",\"url\":\"https:\/\/happyinaknit.com\/produktas\/tenestar\/\",\"name\":\"Tenestar skalbimo priemon\u0117 - Happyinaknit.com\",\"isPartOf\":{\"@id\":\"https:\/\/happyinaknit.com\/lt\/#website\"},\"primaryImageOfPage\":{\"@id\":\"https:\/\/happyinaknit.com\/produktas\/tenestar\/#primaryimage\"},\"image\":{\"@id\":\"https:\/\/happyinaknit.com\/produktas\/tenestar\/#primaryimage\"},\"thumbnailUrl\":\"https:\/\/happyinaknit.com\/wp-content\/uploads\/2025\/10\/IMG_8537.jpg\",\"datePublished\":\"2025-10-06T22:48:43+00:00\",\"dateModified\":\"2026-04-06T12:57:32+00:00\",\"breadcrumb\":{\"@id\":\"https:\/\/happyinaknit.com\/produktas\/tenestar\/#breadcrumb\"},\"inLanguage\":\"en-US\",\"potentialAction\":[{\"@type\":\"ReadAction\",\"target\":[\"https:\/\/happyinaknit.com\/produktas\/tenestar\/\"]}]},{\"@type\":\"ImageObject\",\"inLanguage\":\"en-US\",\"@id\":\"https:\/\/happyinaknit.com\/produktas\/tenestar\/#primaryimage\",\"url\":\"https:\/\/happyinaknit.com\/wp-content\/uploads\/2025\/10\/IMG_8537.jpg\",\"contentUrl\":\"https:\/\/happyinaknit.com\/wp-content\/uploads\/2025\/10\/IMG_8537.jpg\",\"width\":1320,\"height\":1285},{\"@type\":\"BreadcrumbList\",\"@id\":\"https:\/\/happyinaknit.com\/produktas\/tenestar\/#breadcrumb\",\"itemListElement\":[{\"@type\":\"ListItem\",\"position\":1,\"name\":\"Home\",\"item\":\"https:\/\/happyinaknit.com\/lt\/\"},{\"@type\":\"ListItem\",\"position\":2,\"name\":\"Parduotuv\u0117\",\"item\":\"https:\/\/happyinaknit.com\/lt\/parduotuve\/\"},{\"@type\":\"ListItem\",\"position\":3,\"name\":\"Tenestar skalbimo priemon\u0117\"}]},{\"@type\":\"WebSite\",\"@id\":\"https:\/\/happyinaknit.com\/lt\/#website\",\"url\":\"https:\/\/happyinaknit.com\/lt\/\",\"name\":\"Happyinaknit.com\",\"description\":\"\",\"potentialAction\":[{\"@type\":\"SearchAction\",\"target\":{\"@type\":\"EntryPoint\",\"urlTemplate\":\"https:\/\/happyinaknit.com\/lt\/?s={search_term_string}\"},\"query-input\":{\"@type\":\"PropertyValueSpecification\",\"valueRequired\":true,\"valueName\":\"search_term_string\"}}],\"inLanguage\":\"en-US\"}]}<\/script>\n<!-- \/ Yoast SEO plugin. -->","yoast_head_json":{"title":"Tenestar skalbimo priemon\u0117 - Happyinaknit.com","robots":{"index":"index","follow":"follow","max-snippet":"max-snippet:-1","max-image-preview":"max-image-preview:large","max-video-preview":"max-video-preview:-1"},"canonical":"https:\/\/happyinaknit.com\/en\/product\/tenestar\/","og_locale":"en_US","og_type":"article","og_title":"Tenestar skalbimo priemon\u0117 - Happyinaknit.com","og_description":"\u0160ilkas \u2013 neprilygstamas savo elegancija ir prabanga. Kad \u0161is i\u0161skirtinis pluo\u0161tas ilgai i\u0161likt\u0173 gra\u017eus, jam reikia itin \u0161velnios prie\u017ei\u016bros. TeneStar \u2013 tai specialiai sukurtas skalbiklis, kuris apsaugo \u0161ilko pluo\u0161tus, i\u0161saugo j\u0173 nat\u016bral\u0173 blizges\u012f ir spalv\u0173 ry\u0161kum\u0105. Priemon\u0117 nepakei\u010dia \u0161ilko strukt\u016bros, neleid\u017eia jam \u0161iurk\u0161t\u0117ti ir apsaugo audin\u012f skalbimo metu. Sud\u0117tyje n\u0117ra agresyvi\u0173 chemini\u0173 med\u017eiag\u0173 ar riebalini\u0173 [&hellip;]","og_url":"https:\/\/happyinaknit.com\/en\/product\/tenestar\/","og_site_name":"Happyinaknit.com","article_modified_time":"2026-04-06T12:57:32+00:00","og_image":[{"width":1320,"height":1285,"url":"https:\/\/happyinaknit.com\/wp-content\/uploads\/2025\/10\/IMG_8537.jpg","type":"image\/jpeg"}],"twitter_card":"summary_large_image","twitter_misc":{"Est. reading time":"1 minute"},"schema":{"@context":"https:\/\/schema.org","@graph":[{"@type":"WebPage","@id":"https:\/\/happyinaknit.com\/produktas\/tenestar\/","url":"https:\/\/happyinaknit.com\/produktas\/tenestar\/","name":"Tenestar skalbimo priemon\u0117 - Happyinaknit.com","isPartOf":{"@id":"https:\/\/happyinaknit.com\/lt\/#website"},"primaryImageOfPage":{"@id":"https:\/\/happyinaknit.com\/produktas\/tenestar\/#primaryimage"},"image":{"@id":"https:\/\/happyinaknit.com\/produktas\/tenestar\/#primaryimage"},"thumbnailUrl":"https:\/\/happyinaknit.com\/wp-content\/uploads\/2025\/10\/IMG_8537.jpg","datePublished":"2025-10-06T22:48:43+00:00","dateModified":"2026-04-06T12:57:32+00:00","breadcrumb":{"@id":"https:\/\/happyinaknit.com\/produktas\/tenestar\/#breadcrumb"},"inLanguage":"en-US","potentialAction":[{"@type":"ReadAction","target":["https:\/\/happyinaknit.com\/produktas\/tenestar\/"]}]},{"@type":"ImageObject","inLanguage":"en-US","@id":"https:\/\/happyinaknit.com\/produktas\/tenestar\/#primaryimage","url":"https:\/\/happyinaknit.com\/wp-content\/uploads\/2025\/10\/IMG_8537.jpg","contentUrl":"https:\/\/happyinaknit.com\/wp-content\/uploads\/2025\/10\/IMG_8537.jpg","width":1320,"height":1285},{"@type":"BreadcrumbList","@id":"https:\/\/happyinaknit.com\/produktas\/tenestar\/#breadcrumb","itemListElement":[{"@type":"ListItem","position":1,"name":"Home","item":"https:\/\/happyinaknit.com\/lt\/"},{"@type":"ListItem","position":2,"name":"Parduotuv\u0117","item":"https:\/\/happyinaknit.com\/lt\/parduotuve\/"},{"@type":"ListItem","position":3,"name":"Tenestar skalbimo priemon\u0117"}]},{"@type":"WebSite","@id":"https:\/\/happyinaknit.com\/lt\/#website","url":"https:\/\/happyinaknit.com\/lt\/","name":"Happyinaknit.com","description":"","potentialAction":[{"@type":"SearchAction","target":{"@type":"EntryPoint","urlTemplate":"https:\/\/happyinaknit.com\/lt\/?s={search_term_string}"},"query-input":{"@type":"PropertyValueSpecification","valueRequired":true,"valueName":"search_term_string"}}],"inLanguage":"en-US"}]}},"_links":{"self":[{"href":"https:\/\/happyinaknit.com\/en\/wp-json\/wp\/v2\/product\/3214","targetHints":{"allow":["GET"]}}],"collection":[{"href":"https:\/\/happyinaknit.com\/en\/wp-json\/wp\/v2\/product"}],"about":[{"href":"https:\/\/happyinaknit.com\/en\/wp-json\/wp\/v2\/types\/product"}],"replies":[{"embeddable":true,"href":"https:\/\/happyinaknit.com\/en\/wp-json\/wp\/v2\/comments?post=3214"}],"wp:featuredmedia":[{"embeddable":true,"href":"https:\/\/happyinaknit.com\/en\/wp-json\/wp\/v2\/media\/3216"}],"wp:attachment":[{"href":"https:\/\/happyinaknit.com\/en\/wp-json\/wp\/v2\/media?parent=3214"}],"wp:term":[{"taxonomy":"product_brand","embeddable":true,"href":"https:\/\/happyinaknit.com\/en\/wp-json\/wp\/v2\/product_brand?post=3214"},{"taxonomy":"product_cat","embeddable":true,"href":"https:\/\/happyinaknit.com\/en\/wp-json\/wp\/v2\/product_cat?post=3214"},{"taxonomy":"product_tag","embeddable":true,"href":"https:\/\/happyinaknit.com\/en\/wp-json\/wp\/v2\/product_tag?post=3214"},{"taxonomy":"pro-kategorijos","embeddable":true,"href":"https:\/\/happyinaknit.com\/en\/wp-json\/wp\/v2\/pro-kategorijos?post=3214"}],"curies":[{"name":"wp","href":"https:\/\/api.w.org\/{rel}","templated":true}]}}