{"id":3212,"date":"2025-10-06T22:41:05","date_gmt":"2025-10-06T22:41:05","guid":{"rendered":"https:\/\/happyinaknit.com\/?post_type=product&#038;p=3212"},"modified":"2025-12-18T07:29:09","modified_gmt":"2025-12-18T07:29:09","slug":"tenderly","status":"publish","type":"product","link":"https:\/\/happyinaknit.com\/en\/product\/tenderly\/","title":{"rendered":"Tenderly laundry detergent"},"content":{"rendered":"<p data-start=\"108\" data-end=\"396\"><strong data-start=\"161\" data-end=\"173\">Tenderly<\/strong> \u2013 it is a gentle but effective remedy for <strong data-start=\"220\" data-end=\"262\">for the refreshment and care of white fabrics<\/strong>. Over time, even the most beautiful white color loses its shine, but <strong data-start=\"330\" data-end=\"342\">Tenderly<\/strong> restores laundry to its original whiteness and freshness.<\/p>\n<p data-start=\"398\" data-end=\"597\">Because <strong data-start=\"402\" data-end=\"479\">a unique blend of bleaches, optical brighteners and anti-greying components<\/strong> combination, this tool gently and thoroughly removes <strong data-start=\"533\" data-end=\"564\">grayness, yellowing and stains<\/strong>, even at low temperatures.<\/p>\n<p data-start=\"599\" data-end=\"797\">Suitable for everyone <strong data-start=\"613\" data-end=\"651\">for white fabrics, except wool<\/strong> \u2013 from shirts and blouses to tablecloths or bed linen. It is enough to use it occasionally to keep fabrics clean and shining like new.<\/p>\n<ul data-start=\"799\" data-end=\"1074\">\n<li data-start=\"799\" data-end=\"1074\">\n<p data-start=\"801\" data-end=\"815\"><strong data-start=\"801\" data-end=\"813\">Features:<\/strong><\/p>\n<ul data-start=\"818\" data-end=\"1074\">\n<li data-start=\"818\" data-end=\"867\">\n<p data-start=\"820\" data-end=\"867\">Refreshes yellowed and grayed fabrics<\/p>\n<\/li>\n<li data-start=\"870\" data-end=\"923\">\n<p data-start=\"872\" data-end=\"923\">Prevents re-graying and yellowing<\/p>\n<\/li>\n<li data-start=\"926\" data-end=\"964\">\n<p data-start=\"928\" data-end=\"964\">Provides a deep but gentle clean<\/p>\n<\/li>\n<li data-start=\"967\" data-end=\"1017\">\n<p data-start=\"969\" data-end=\"1017\">Effective even at low washing temperatures<\/p>\n<\/li>\n<li data-start=\"1020\" data-end=\"1074\">\n<p data-start=\"1022\" data-end=\"1074\">Ideal for all white fabrics (except wool)<\/p>\n<\/li>\n<\/ul>\n<\/li>\n<\/ul>\n<p data-start=\"1076\" data-end=\"1106\"><strong data-start=\"1076\" data-end=\"1104\">Usage and dosage:<\/strong><\/p>\n<ul data-start=\"1107\" data-end=\"1620\">\n<li data-start=\"1107\" data-end=\"1189\">\n<p data-start=\"1109\" data-end=\"1189\">Always follow the recommendations on the product care label.<\/p>\n<\/li>\n<li data-start=\"1190\" data-end=\"1333\">\n<p data-start=\"1192\" data-end=\"1333\"><strong data-start=\"1192\" data-end=\"1215\">Hand wash:<\/strong> At a temperature of 30-40 \u00b0C, 50 g (about 1.5 caps) of the product in 5-7 l of water. Soak for about 30 minutes or longer.<\/p>\n<\/li>\n<li data-start=\"1334\" data-end=\"1524\">\n<p data-start=\"1336\" data-end=\"1524\"><strong data-start=\"1336\" data-end=\"1359\">Machine wash:<\/strong> at 60\u00b0C (or according to the label). Use 100 g (about 3 lids). In case of severe yellowing or greying, the dosage can be increased and the wash repeated.<\/p>\n<\/li>\n<li data-start=\"1525\" data-end=\"1620\">\n<p data-start=\"1527\" data-end=\"1620\"><strong data-start=\"1527\" data-end=\"1538\">Important:<\/strong> Dry colored products in the shade, not in direct sunlight.<\/p>\n<\/li>\n<\/ul>","protected":false},"excerpt":{"rendered":"<p>Tenderly \u2013 tai \u0161velni, bet veiksminga priemon\u0117, skirta balt\u0173 audini\u0173 gaivinimui ir prie\u017ei\u016brai. Su laiku net ir gra\u017eiausia balta spalva praranda spindes\u012f, ta\u010diau Tenderly gr\u0105\u017eina skalbiniams j\u0173 pradin\u012f baltum\u0105 ir \u0161vie\u017eum\u0105. D\u0117l unikalaus balikli\u0173, optini\u0173 \u0161viesikli\u0173 ir pilk\u0117jim\u0105 stabdan\u010di\u0173 komponent\u0173 derinio, \u0161i priemon\u0117 \u0161velniai ir kruop\u0161\u010diai pa\u0161alina pilkum\u0105, pageltim\u0105 ir d\u0117mes, net esant \u017eemai temperat\u016brai. [&hellip;]<\/p>\n","protected":false},"featured_media":3213,"comment_status":"open","ping_status":"closed","template":"","meta":{"_acf_changed":false},"product_brand":[633],"product_cat":[15,20,91],"product_tag":[],"pro-kategorijos":[],"class_list":{"0":"post-3212","1":"product","2":"type-product","3":"status-publish","4":"has-post-thumbnail","6":"product_brand-intervall","7":"product_cat-visi-produktai","8":"product_cat-priedai-mezgimui","9":"product_cat-skalbimo-priemones","11":"first","12":"instock","13":"shipping-taxable","14":"purchasable","15":"product-type-simple"},"acf":[],"yoast_head":"<!-- This site is optimized with the Yoast SEO plugin v26.8 - https:\/\/yoast.com\/product\/yoast-seo-wordpress\/ -->\n<title>Tenderly skalbimo priemon\u0117 - Happyinaknit.com<\/title>\n<meta name=\"robots\" content=\"index, follow, max-snippet:-1, max-image-preview:large, max-video-preview:-1\" \/>\n<link rel=\"canonical\" href=\"https:\/\/happyinaknit.com\/en\/product\/tenderly\/\" \/>\n<meta property=\"og:locale\" content=\"en_US\" \/>\n<meta property=\"og:type\" content=\"article\" \/>\n<meta property=\"og:title\" content=\"Tenderly skalbimo priemon\u0117 - Happyinaknit.com\" \/>\n<meta property=\"og:description\" content=\"Tenderly \u2013 tai \u0161velni, bet veiksminga priemon\u0117, skirta balt\u0173 audini\u0173 gaivinimui ir prie\u017ei\u016brai. Su laiku net ir gra\u017eiausia balta spalva praranda spindes\u012f, ta\u010diau Tenderly gr\u0105\u017eina skalbiniams j\u0173 pradin\u012f baltum\u0105 ir \u0161vie\u017eum\u0105. D\u0117l unikalaus balikli\u0173, optini\u0173 \u0161viesikli\u0173 ir pilk\u0117jim\u0105 stabdan\u010di\u0173 komponent\u0173 derinio, \u0161i priemon\u0117 \u0161velniai ir kruop\u0161\u010diai pa\u0161alina pilkum\u0105, pageltim\u0105 ir d\u0117mes, net esant \u017eemai temperat\u016brai. [&hellip;]\" \/>\n<meta property=\"og:url\" content=\"https:\/\/happyinaknit.com\/en\/product\/tenderly\/\" \/>\n<meta property=\"og:site_name\" content=\"Happyinaknit.com\" \/>\n<meta property=\"article:modified_time\" content=\"2025-12-18T07:29:09+00:00\" \/>\n<meta property=\"og:image\" content=\"https:\/\/happyinaknit.com\/wp-content\/uploads\/2025\/10\/intervall-tenderly.jpg\" \/>\n\t<meta property=\"og:image:width\" content=\"1500\" \/>\n\t<meta property=\"og:image:height\" content=\"1500\" \/>\n\t<meta property=\"og:image:type\" content=\"image\/jpeg\" \/>\n<meta name=\"twitter:card\" content=\"summary_large_image\" \/>\n<meta name=\"twitter:label1\" content=\"Est. reading time\" \/>\n\t<meta name=\"twitter:data1\" content=\"1 minute\" \/>\n<script type=\"application\/ld+json\" class=\"yoast-schema-graph\">{\"@context\":\"https:\/\/schema.org\",\"@graph\":[{\"@type\":\"WebPage\",\"@id\":\"https:\/\/happyinaknit.com\/produktas\/tenderly\/\",\"url\":\"https:\/\/happyinaknit.com\/produktas\/tenderly\/\",\"name\":\"Tenderly skalbimo priemon\u0117 - Happyinaknit.com\",\"isPartOf\":{\"@id\":\"https:\/\/happyinaknit.com\/lt\/#website\"},\"primaryImageOfPage\":{\"@id\":\"https:\/\/happyinaknit.com\/produktas\/tenderly\/#primaryimage\"},\"image\":{\"@id\":\"https:\/\/happyinaknit.com\/produktas\/tenderly\/#primaryimage\"},\"thumbnailUrl\":\"https:\/\/happyinaknit.com\/wp-content\/uploads\/2025\/10\/intervall-tenderly.jpg\",\"datePublished\":\"2025-10-06T22:41:05+00:00\",\"dateModified\":\"2025-12-18T07:29:09+00:00\",\"breadcrumb\":{\"@id\":\"https:\/\/happyinaknit.com\/produktas\/tenderly\/#breadcrumb\"},\"inLanguage\":\"en-US\",\"potentialAction\":[{\"@type\":\"ReadAction\",\"target\":[\"https:\/\/happyinaknit.com\/produktas\/tenderly\/\"]}]},{\"@type\":\"ImageObject\",\"inLanguage\":\"en-US\",\"@id\":\"https:\/\/happyinaknit.com\/produktas\/tenderly\/#primaryimage\",\"url\":\"https:\/\/happyinaknit.com\/wp-content\/uploads\/2025\/10\/intervall-tenderly.jpg\",\"contentUrl\":\"https:\/\/happyinaknit.com\/wp-content\/uploads\/2025\/10\/intervall-tenderly.jpg\",\"width\":1500,\"height\":1500},{\"@type\":\"BreadcrumbList\",\"@id\":\"https:\/\/happyinaknit.com\/produktas\/tenderly\/#breadcrumb\",\"itemListElement\":[{\"@type\":\"ListItem\",\"position\":1,\"name\":\"Home\",\"item\":\"https:\/\/happyinaknit.com\/lt\/\"},{\"@type\":\"ListItem\",\"position\":2,\"name\":\"Parduotuv\u0117\",\"item\":\"https:\/\/happyinaknit.com\/lt\/parduotuve\/\"},{\"@type\":\"ListItem\",\"position\":3,\"name\":\"Tenderly skalbimo priemon\u0117\"}]},{\"@type\":\"WebSite\",\"@id\":\"https:\/\/happyinaknit.com\/lt\/#website\",\"url\":\"https:\/\/happyinaknit.com\/lt\/\",\"name\":\"Happyinaknit.com\",\"description\":\"\",\"potentialAction\":[{\"@type\":\"SearchAction\",\"target\":{\"@type\":\"EntryPoint\",\"urlTemplate\":\"https:\/\/happyinaknit.com\/lt\/?s={search_term_string}\"},\"query-input\":{\"@type\":\"PropertyValueSpecification\",\"valueRequired\":true,\"valueName\":\"search_term_string\"}}],\"inLanguage\":\"en-US\"}]}<\/script>\n<!-- \/ Yoast SEO plugin. -->","yoast_head_json":{"title":"Tenderly skalbimo priemon\u0117 - Happyinaknit.com","robots":{"index":"index","follow":"follow","max-snippet":"max-snippet:-1","max-image-preview":"max-image-preview:large","max-video-preview":"max-video-preview:-1"},"canonical":"https:\/\/happyinaknit.com\/en\/product\/tenderly\/","og_locale":"en_US","og_type":"article","og_title":"Tenderly skalbimo priemon\u0117 - Happyinaknit.com","og_description":"Tenderly \u2013 tai \u0161velni, bet veiksminga priemon\u0117, skirta balt\u0173 audini\u0173 gaivinimui ir prie\u017ei\u016brai. Su laiku net ir gra\u017eiausia balta spalva praranda spindes\u012f, ta\u010diau Tenderly gr\u0105\u017eina skalbiniams j\u0173 pradin\u012f baltum\u0105 ir \u0161vie\u017eum\u0105. D\u0117l unikalaus balikli\u0173, optini\u0173 \u0161viesikli\u0173 ir pilk\u0117jim\u0105 stabdan\u010di\u0173 komponent\u0173 derinio, \u0161i priemon\u0117 \u0161velniai ir kruop\u0161\u010diai pa\u0161alina pilkum\u0105, pageltim\u0105 ir d\u0117mes, net esant \u017eemai temperat\u016brai. [&hellip;]","og_url":"https:\/\/happyinaknit.com\/en\/product\/tenderly\/","og_site_name":"Happyinaknit.com","article_modified_time":"2025-12-18T07:29:09+00:00","og_image":[{"width":1500,"height":1500,"url":"https:\/\/happyinaknit.com\/wp-content\/uploads\/2025\/10\/intervall-tenderly.jpg","type":"image\/jpeg"}],"twitter_card":"summary_large_image","twitter_misc":{"Est. reading time":"1 minute"},"schema":{"@context":"https:\/\/schema.org","@graph":[{"@type":"WebPage","@id":"https:\/\/happyinaknit.com\/produktas\/tenderly\/","url":"https:\/\/happyinaknit.com\/produktas\/tenderly\/","name":"Tenderly skalbimo priemon\u0117 - Happyinaknit.com","isPartOf":{"@id":"https:\/\/happyinaknit.com\/lt\/#website"},"primaryImageOfPage":{"@id":"https:\/\/happyinaknit.com\/produktas\/tenderly\/#primaryimage"},"image":{"@id":"https:\/\/happyinaknit.com\/produktas\/tenderly\/#primaryimage"},"thumbnailUrl":"https:\/\/happyinaknit.com\/wp-content\/uploads\/2025\/10\/intervall-tenderly.jpg","datePublished":"2025-10-06T22:41:05+00:00","dateModified":"2025-12-18T07:29:09+00:00","breadcrumb":{"@id":"https:\/\/happyinaknit.com\/produktas\/tenderly\/#breadcrumb"},"inLanguage":"en-US","potentialAction":[{"@type":"ReadAction","target":["https:\/\/happyinaknit.com\/produktas\/tenderly\/"]}]},{"@type":"ImageObject","inLanguage":"en-US","@id":"https:\/\/happyinaknit.com\/produktas\/tenderly\/#primaryimage","url":"https:\/\/happyinaknit.com\/wp-content\/uploads\/2025\/10\/intervall-tenderly.jpg","contentUrl":"https:\/\/happyinaknit.com\/wp-content\/uploads\/2025\/10\/intervall-tenderly.jpg","width":1500,"height":1500},{"@type":"BreadcrumbList","@id":"https:\/\/happyinaknit.com\/produktas\/tenderly\/#breadcrumb","itemListElement":[{"@type":"ListItem","position":1,"name":"Home","item":"https:\/\/happyinaknit.com\/lt\/"},{"@type":"ListItem","position":2,"name":"Parduotuv\u0117","item":"https:\/\/happyinaknit.com\/lt\/parduotuve\/"},{"@type":"ListItem","position":3,"name":"Tenderly skalbimo priemon\u0117"}]},{"@type":"WebSite","@id":"https:\/\/happyinaknit.com\/lt\/#website","url":"https:\/\/happyinaknit.com\/lt\/","name":"Happyinaknit.com","description":"","potentialAction":[{"@type":"SearchAction","target":{"@type":"EntryPoint","urlTemplate":"https:\/\/happyinaknit.com\/lt\/?s={search_term_string}"},"query-input":{"@type":"PropertyValueSpecification","valueRequired":true,"valueName":"search_term_string"}}],"inLanguage":"en-US"}]}},"_links":{"self":[{"href":"https:\/\/happyinaknit.com\/en\/wp-json\/wp\/v2\/product\/3212","targetHints":{"allow":["GET"]}}],"collection":[{"href":"https:\/\/happyinaknit.com\/en\/wp-json\/wp\/v2\/product"}],"about":[{"href":"https:\/\/happyinaknit.com\/en\/wp-json\/wp\/v2\/types\/product"}],"replies":[{"embeddable":true,"href":"https:\/\/happyinaknit.com\/en\/wp-json\/wp\/v2\/comments?post=3212"}],"wp:featuredmedia":[{"embeddable":true,"href":"https:\/\/happyinaknit.com\/en\/wp-json\/wp\/v2\/media\/3213"}],"wp:attachment":[{"href":"https:\/\/happyinaknit.com\/en\/wp-json\/wp\/v2\/media?parent=3212"}],"wp:term":[{"taxonomy":"product_brand","embeddable":true,"href":"https:\/\/happyinaknit.com\/en\/wp-json\/wp\/v2\/product_brand?post=3212"},{"taxonomy":"product_cat","embeddable":true,"href":"https:\/\/happyinaknit.com\/en\/wp-json\/wp\/v2\/product_cat?post=3212"},{"taxonomy":"product_tag","embeddable":true,"href":"https:\/\/happyinaknit.com\/en\/wp-json\/wp\/v2\/product_tag?post=3212"},{"taxonomy":"pro-kategorijos","embeddable":true,"href":"https:\/\/happyinaknit.com\/en\/wp-json\/wp\/v2\/pro-kategorijos?post=3212"}],"curies":[{"name":"wp","href":"https:\/\/api.w.org\/{rel}","templated":true}]}}