{"id":3210,"date":"2025-10-06T22:35:50","date_gmt":"2025-10-06T22:35:50","guid":{"rendered":"https:\/\/happyinaknit.com\/?post_type=product&#038;p=3210"},"modified":"2026-01-28T14:19:15","modified_gmt":"2026-01-28T14:19:15","slug":"teneplus","status":"publish","type":"product","link":"https:\/\/happyinaknit.com\/en\/product\/teneplus\/","title":{"rendered":"Teneplus Laundry  detergent"},"content":{"rendered":"<p data-start=\"115\" data-end=\"522\"><strong data-start=\"115\" data-end=\"191\">Teneplus \u2013 gentle detergent for microfiber and sports fabrics<\/strong><br data-start=\"191\" data-end=\"194\" \/>To keep your favorite clothes in shape and elasticity for longer, they need special care. <strong data-start=\"291\" data-end=\"303\">Darkness<\/strong> \u2013 it is a detergent, <strong data-start=\"329\" data-end=\"373\">specially designed for microfiber fabrics<\/strong>. It is ideal for <strong data-start=\"393\" data-end=\"445\">for swimwear and sportswear<\/strong>because it gently but effectively removes dirt after each use.<\/p>\n<p data-start=\"524\" data-end=\"823\">Why isn&#039;t plain water enough? Because only <strong data-start=\"566\" data-end=\"578\">Darkness<\/strong> effectively removes <strong data-start=\"599\" data-end=\"656\">residues of cosmetics, sweat, chlorine and suntan cream<\/strong>, which damage the elasticity of the fabric. The product is also perfect for sportswear, because <strong data-start=\"753\" data-end=\"790\">cleans sweat and salt deposits<\/strong> from microscopic fiber pores.<\/p>\n<p data-start=\"825\" data-end=\"958\"><strong data-start=\"825\" data-end=\"837\">Darkness<\/strong> <strong data-start=\"838\" data-end=\"876\">contains no salts, fillers or bleaches<\/strong>, so the pores of the fabric remain open and breathable even after many washes.<\/p>\n<ul data-start=\"960\" data-end=\"1240\">\n<li data-start=\"960\" data-end=\"1240\">\n<p data-start=\"962\" data-end=\"976\"><strong data-start=\"962\" data-end=\"974\">Features:<\/strong><\/p>\n<ul data-start=\"979\" data-end=\"1240\">\n<li data-start=\"979\" data-end=\"1027\">\n<p data-start=\"981\" data-end=\"1027\">Designed for microfiber and sports fabrics<\/p>\n<\/li>\n<li data-start=\"1030\" data-end=\"1098\">\n<p data-start=\"1032\" data-end=\"1098\">Ideal for swimwear and activewear<\/p>\n<\/li>\n<li data-start=\"1101\" data-end=\"1160\">\n<p data-start=\"1103\" data-end=\"1160\">Removes sweat, chlorine, cream and cosmetic residues<\/p>\n<\/li>\n<li data-start=\"1163\" data-end=\"1197\">\n<p data-start=\"1165\" data-end=\"1197\">Free from salts, fillers and bleaches<\/p>\n<\/li>\n<li data-start=\"1200\" data-end=\"1240\">\n<p data-start=\"1202\" data-end=\"1240\">Maintains fabric elasticity and shape<\/p>\n<\/li>\n<\/ul>\n<\/li>\n<\/ul>\n<p data-start=\"1242\" data-end=\"1259\"><strong data-start=\"1242\" data-end=\"1257\">Usage:<\/strong><\/p>\n<ul data-start=\"1260\" data-end=\"1449\">\n<li data-start=\"1260\" data-end=\"1330\">\n<p data-start=\"1262\" data-end=\"1330\">After each wear, briefly rinse the product with <strong data-start=\"1315\" data-end=\"1327\">Darkness<\/strong>.<\/p>\n<\/li>\n<li data-start=\"1331\" data-end=\"1394\">\n<p data-start=\"1333\" data-end=\"1394\">Use a small amount of the product - it is very concentrated.<\/p>\n<\/li>\n<li data-start=\"1395\" data-end=\"1449\">\n<p data-start=\"1397\" data-end=\"1449\">Hand wash in cool or lukewarm water.<\/p>\n<\/li>\n<\/ul>","protected":false},"excerpt":{"rendered":"<p>Teneplus \u2013 \u0161velni skalbimo priemon\u0117 mikrofibrai ir sportiniams audiniamsKad m\u0117gstami drabu\u017eiai ilgiau i\u0161laikyt\u0173 form\u0105 ir elastingum\u0105, jiems reikia ypatingos prie\u017ei\u016bros. Teneplus \u2013 tai skalbimo priemon\u0117, specialiai sukurta mikrofibros audiniams. Ji idealiai tinka maudymosi kostium\u0117liams ir sportiniam trikota\u017eui, nes \u0161velniai, bet veiksmingai pa\u0161alina ne\u0161varumus po kiekvieno naudojimo. Kod\u0117l neu\u017etenka paprasto vandens? Nes tik Teneplus efektyviai pa\u0161alina [&hellip;]<\/p>\n","protected":false},"featured_media":3211,"comment_status":"open","ping_status":"closed","template":"","meta":{"_acf_changed":false},"product_brand":[633],"product_cat":[15,20,91],"product_tag":[],"pro-kategorijos":[],"class_list":{"0":"post-3210","1":"product","2":"type-product","3":"status-publish","4":"has-post-thumbnail","6":"product_brand-intervall","7":"product_cat-visi-produktai","8":"product_cat-priedai-mezgimui","9":"product_cat-skalbimo-priemones","11":"first","12":"instock","13":"shipping-taxable","14":"purchasable","15":"product-type-simple"},"acf":[],"yoast_head":"<!-- This site is optimized with the Yoast SEO plugin v26.8 - https:\/\/yoast.com\/product\/yoast-seo-wordpress\/ -->\n<title>Teneplus skalbimo priemon\u0117 - Happyinaknit.com<\/title>\n<meta name=\"robots\" content=\"index, follow, max-snippet:-1, max-image-preview:large, max-video-preview:-1\" \/>\n<link rel=\"canonical\" href=\"https:\/\/happyinaknit.com\/en\/product\/teneplus\/\" \/>\n<meta property=\"og:locale\" content=\"en_US\" \/>\n<meta property=\"og:type\" content=\"article\" \/>\n<meta property=\"og:title\" content=\"Teneplus skalbimo priemon\u0117 - Happyinaknit.com\" \/>\n<meta property=\"og:description\" content=\"Teneplus \u2013 \u0161velni skalbimo priemon\u0117 mikrofibrai ir sportiniams audiniamsKad m\u0117gstami drabu\u017eiai ilgiau i\u0161laikyt\u0173 form\u0105 ir elastingum\u0105, jiems reikia ypatingos prie\u017ei\u016bros. Teneplus \u2013 tai skalbimo priemon\u0117, specialiai sukurta mikrofibros audiniams. Ji idealiai tinka maudymosi kostium\u0117liams ir sportiniam trikota\u017eui, nes \u0161velniai, bet veiksmingai pa\u0161alina ne\u0161varumus po kiekvieno naudojimo. Kod\u0117l neu\u017etenka paprasto vandens? Nes tik Teneplus efektyviai pa\u0161alina [&hellip;]\" \/>\n<meta property=\"og:url\" content=\"https:\/\/happyinaknit.com\/en\/product\/teneplus\/\" \/>\n<meta property=\"og:site_name\" content=\"Happyinaknit.com\" \/>\n<meta property=\"article:modified_time\" content=\"2026-01-28T14:19:15+00:00\" \/>\n<meta property=\"og:image\" content=\"https:\/\/happyinaknit.com\/wp-content\/uploads\/2025\/10\/7f463a13e202d54e2e906970ed6b86de.jpg.webp\" \/>\n\t<meta property=\"og:image:width\" content=\"1920\" \/>\n\t<meta property=\"og:image:height\" content=\"1920\" \/>\n\t<meta property=\"og:image:type\" content=\"image\/webp\" \/>\n<meta name=\"twitter:card\" content=\"summary_large_image\" \/>\n<meta name=\"twitter:label1\" content=\"Est. reading time\" \/>\n\t<meta name=\"twitter:data1\" content=\"1 minute\" \/>\n<script type=\"application\/ld+json\" class=\"yoast-schema-graph\">{\"@context\":\"https:\/\/schema.org\",\"@graph\":[{\"@type\":\"WebPage\",\"@id\":\"https:\/\/happyinaknit.com\/produktas\/teneplus\/\",\"url\":\"https:\/\/happyinaknit.com\/produktas\/teneplus\/\",\"name\":\"Teneplus skalbimo priemon\u0117 - Happyinaknit.com\",\"isPartOf\":{\"@id\":\"https:\/\/happyinaknit.com\/lt\/#website\"},\"primaryImageOfPage\":{\"@id\":\"https:\/\/happyinaknit.com\/produktas\/teneplus\/#primaryimage\"},\"image\":{\"@id\":\"https:\/\/happyinaknit.com\/produktas\/teneplus\/#primaryimage\"},\"thumbnailUrl\":\"https:\/\/happyinaknit.com\/wp-content\/uploads\/2025\/10\/7f463a13e202d54e2e906970ed6b86de.jpg.webp\",\"datePublished\":\"2025-10-06T22:35:50+00:00\",\"dateModified\":\"2026-01-28T14:19:15+00:00\",\"breadcrumb\":{\"@id\":\"https:\/\/happyinaknit.com\/produktas\/teneplus\/#breadcrumb\"},\"inLanguage\":\"en-US\",\"potentialAction\":[{\"@type\":\"ReadAction\",\"target\":[\"https:\/\/happyinaknit.com\/produktas\/teneplus\/\"]}]},{\"@type\":\"ImageObject\",\"inLanguage\":\"en-US\",\"@id\":\"https:\/\/happyinaknit.com\/produktas\/teneplus\/#primaryimage\",\"url\":\"https:\/\/happyinaknit.com\/wp-content\/uploads\/2025\/10\/7f463a13e202d54e2e906970ed6b86de.jpg.webp\",\"contentUrl\":\"https:\/\/happyinaknit.com\/wp-content\/uploads\/2025\/10\/7f463a13e202d54e2e906970ed6b86de.jpg.webp\",\"width\":1920,\"height\":1920},{\"@type\":\"BreadcrumbList\",\"@id\":\"https:\/\/happyinaknit.com\/produktas\/teneplus\/#breadcrumb\",\"itemListElement\":[{\"@type\":\"ListItem\",\"position\":1,\"name\":\"Home\",\"item\":\"https:\/\/happyinaknit.com\/lt\/\"},{\"@type\":\"ListItem\",\"position\":2,\"name\":\"Parduotuv\u0117\",\"item\":\"https:\/\/happyinaknit.com\/lt\/parduotuve\/\"},{\"@type\":\"ListItem\",\"position\":3,\"name\":\"Teneplus skalbimo priemon\u0117\"}]},{\"@type\":\"WebSite\",\"@id\":\"https:\/\/happyinaknit.com\/lt\/#website\",\"url\":\"https:\/\/happyinaknit.com\/lt\/\",\"name\":\"Happyinaknit.com\",\"description\":\"\",\"potentialAction\":[{\"@type\":\"SearchAction\",\"target\":{\"@type\":\"EntryPoint\",\"urlTemplate\":\"https:\/\/happyinaknit.com\/lt\/?s={search_term_string}\"},\"query-input\":{\"@type\":\"PropertyValueSpecification\",\"valueRequired\":true,\"valueName\":\"search_term_string\"}}],\"inLanguage\":\"en-US\"}]}<\/script>\n<!-- \/ Yoast SEO plugin. -->","yoast_head_json":{"title":"Teneplus skalbimo priemon\u0117 - Happyinaknit.com","robots":{"index":"index","follow":"follow","max-snippet":"max-snippet:-1","max-image-preview":"max-image-preview:large","max-video-preview":"max-video-preview:-1"},"canonical":"https:\/\/happyinaknit.com\/en\/product\/teneplus\/","og_locale":"en_US","og_type":"article","og_title":"Teneplus skalbimo priemon\u0117 - Happyinaknit.com","og_description":"Teneplus \u2013 \u0161velni skalbimo priemon\u0117 mikrofibrai ir sportiniams audiniamsKad m\u0117gstami drabu\u017eiai ilgiau i\u0161laikyt\u0173 form\u0105 ir elastingum\u0105, jiems reikia ypatingos prie\u017ei\u016bros. Teneplus \u2013 tai skalbimo priemon\u0117, specialiai sukurta mikrofibros audiniams. Ji idealiai tinka maudymosi kostium\u0117liams ir sportiniam trikota\u017eui, nes \u0161velniai, bet veiksmingai pa\u0161alina ne\u0161varumus po kiekvieno naudojimo. Kod\u0117l neu\u017etenka paprasto vandens? Nes tik Teneplus efektyviai pa\u0161alina [&hellip;]","og_url":"https:\/\/happyinaknit.com\/en\/product\/teneplus\/","og_site_name":"Happyinaknit.com","article_modified_time":"2026-01-28T14:19:15+00:00","og_image":[{"width":1920,"height":1920,"url":"https:\/\/happyinaknit.com\/wp-content\/uploads\/2025\/10\/7f463a13e202d54e2e906970ed6b86de.jpg.webp","type":"image\/webp"}],"twitter_card":"summary_large_image","twitter_misc":{"Est. reading time":"1 minute"},"schema":{"@context":"https:\/\/schema.org","@graph":[{"@type":"WebPage","@id":"https:\/\/happyinaknit.com\/produktas\/teneplus\/","url":"https:\/\/happyinaknit.com\/produktas\/teneplus\/","name":"Teneplus skalbimo priemon\u0117 - Happyinaknit.com","isPartOf":{"@id":"https:\/\/happyinaknit.com\/lt\/#website"},"primaryImageOfPage":{"@id":"https:\/\/happyinaknit.com\/produktas\/teneplus\/#primaryimage"},"image":{"@id":"https:\/\/happyinaknit.com\/produktas\/teneplus\/#primaryimage"},"thumbnailUrl":"https:\/\/happyinaknit.com\/wp-content\/uploads\/2025\/10\/7f463a13e202d54e2e906970ed6b86de.jpg.webp","datePublished":"2025-10-06T22:35:50+00:00","dateModified":"2026-01-28T14:19:15+00:00","breadcrumb":{"@id":"https:\/\/happyinaknit.com\/produktas\/teneplus\/#breadcrumb"},"inLanguage":"en-US","potentialAction":[{"@type":"ReadAction","target":["https:\/\/happyinaknit.com\/produktas\/teneplus\/"]}]},{"@type":"ImageObject","inLanguage":"en-US","@id":"https:\/\/happyinaknit.com\/produktas\/teneplus\/#primaryimage","url":"https:\/\/happyinaknit.com\/wp-content\/uploads\/2025\/10\/7f463a13e202d54e2e906970ed6b86de.jpg.webp","contentUrl":"https:\/\/happyinaknit.com\/wp-content\/uploads\/2025\/10\/7f463a13e202d54e2e906970ed6b86de.jpg.webp","width":1920,"height":1920},{"@type":"BreadcrumbList","@id":"https:\/\/happyinaknit.com\/produktas\/teneplus\/#breadcrumb","itemListElement":[{"@type":"ListItem","position":1,"name":"Home","item":"https:\/\/happyinaknit.com\/lt\/"},{"@type":"ListItem","position":2,"name":"Parduotuv\u0117","item":"https:\/\/happyinaknit.com\/lt\/parduotuve\/"},{"@type":"ListItem","position":3,"name":"Teneplus skalbimo priemon\u0117"}]},{"@type":"WebSite","@id":"https:\/\/happyinaknit.com\/lt\/#website","url":"https:\/\/happyinaknit.com\/lt\/","name":"Happyinaknit.com","description":"","potentialAction":[{"@type":"SearchAction","target":{"@type":"EntryPoint","urlTemplate":"https:\/\/happyinaknit.com\/lt\/?s={search_term_string}"},"query-input":{"@type":"PropertyValueSpecification","valueRequired":true,"valueName":"search_term_string"}}],"inLanguage":"en-US"}]}},"_links":{"self":[{"href":"https:\/\/happyinaknit.com\/en\/wp-json\/wp\/v2\/product\/3210","targetHints":{"allow":["GET"]}}],"collection":[{"href":"https:\/\/happyinaknit.com\/en\/wp-json\/wp\/v2\/product"}],"about":[{"href":"https:\/\/happyinaknit.com\/en\/wp-json\/wp\/v2\/types\/product"}],"replies":[{"embeddable":true,"href":"https:\/\/happyinaknit.com\/en\/wp-json\/wp\/v2\/comments?post=3210"}],"wp:featuredmedia":[{"embeddable":true,"href":"https:\/\/happyinaknit.com\/en\/wp-json\/wp\/v2\/media\/3211"}],"wp:attachment":[{"href":"https:\/\/happyinaknit.com\/en\/wp-json\/wp\/v2\/media?parent=3210"}],"wp:term":[{"taxonomy":"product_brand","embeddable":true,"href":"https:\/\/happyinaknit.com\/en\/wp-json\/wp\/v2\/product_brand?post=3210"},{"taxonomy":"product_cat","embeddable":true,"href":"https:\/\/happyinaknit.com\/en\/wp-json\/wp\/v2\/product_cat?post=3210"},{"taxonomy":"product_tag","embeddable":true,"href":"https:\/\/happyinaknit.com\/en\/wp-json\/wp\/v2\/product_tag?post=3210"},{"taxonomy":"pro-kategorijos","embeddable":true,"href":"https:\/\/happyinaknit.com\/en\/wp-json\/wp\/v2\/pro-kategorijos?post=3210"}],"curies":[{"name":"wp","href":"https:\/\/api.w.org\/{rel}","templated":true}]}}