{"id":3175,"date":"2025-10-06T21:58:08","date_gmt":"2025-10-06T21:58:08","guid":{"rendered":"https:\/\/happyinaknit.com\/?post_type=product&#038;p=3175"},"modified":"2025-12-15T10:33:06","modified_gmt":"2025-12-15T10:33:06","slug":"wool-and-the-gang-crazy-sexy-wool","status":"publish","type":"product","link":"https:\/\/happyinaknit.com\/en\/product\/wool-and-the-gang-crazy-sexy-wool\/","title":{"rendered":"Wool and the Gang Crazy Sexy Wool"},"content":{"rendered":"<p data-start=\"95\" data-end=\"459\"><strong data-start=\"151\" data-end=\"170\">Crazy Sexy Wool<\/strong> \u00a0- 100 % is a natural, renewable and fully biodegradable yarn made from South American sheep wool. Thick, warm and breathable, it is ideal for winter, but its natural properties keep it pleasant to wear in all seasons.<\/p>\n<p data-start=\"461\" data-end=\"591\">It is soft, fluffy and extremely warm, and knitting with thick cords gives a quick and pleasant result.<\/p>\n<ul data-start=\"593\" data-end=\"885\">\n<li data-start=\"593\" data-end=\"643\">\n<p data-start=\"595\" data-end=\"643\"><strong data-start=\"595\" data-end=\"607\">Composition:<\/strong> 100 % wool (South American sheep)<\/p>\n<\/li>\n<li data-start=\"644\" data-end=\"683\">\n<p data-start=\"646\" data-end=\"683\"><strong data-start=\"646\" data-end=\"668\">Weight \/ length:<\/strong> 200 g \u2014 80 m<\/p>\n<\/li>\n<li data-start=\"684\" data-end=\"707\">\n<p data-start=\"686\" data-end=\"707\"><strong data-start=\"686\" data-end=\"699\">Needles:<\/strong> 12 mm<\/p>\n<\/li>\n<li data-start=\"708\" data-end=\"727\">\n<p data-start=\"710\" data-end=\"727\"><strong data-start=\"710\" data-end=\"723\">Density:<\/strong> 10 \u00d7 10 cm \u2248 7 stitches \u00d7 10 rows (in stockinette stitch)<\/p>\n<\/li>\n<li data-start=\"728\" data-end=\"885\">\n<p data-start=\"730\" data-end=\"759\"><strong data-start=\"730\" data-end=\"757\">Recommended quantity:<\/strong><\/p>\n<ul data-start=\"762\" data-end=\"885\">\n<li data-start=\"762\" data-end=\"789\">\n<p data-start=\"764\" data-end=\"789\">for the hat \u2013 1 ball<\/p>\n<\/li>\n<li data-start=\"792\" data-end=\"821\">\n<p data-start=\"794\" data-end=\"821\">for a scarf \u2013 1\u20132 balls<\/p>\n<\/li>\n<li data-start=\"824\" data-end=\"850\">\n<p data-start=\"826\" data-end=\"850\">snood \u2013 \u00bd ball<\/p>\n<\/li>\n<li data-start=\"853\" data-end=\"885\">\n<p data-start=\"855\" data-end=\"885\">for a sweater \u2013 4\u20135 balls<\/p>\n<\/li>\n<\/ul>\n<\/li>\n<\/ul>","protected":false},"excerpt":{"rendered":"<p>Crazy Sexy Wool \u00a0\u2013 tai 100 % nat\u016bral\u016bs, atsinaujinantys ir visi\u0161kai biologi\u0161kai suyrantys si\u016blai, pagaminti i\u0161 Piet\u0173 Amerikos avi\u0173 vilnos. Stori, \u0161ilti ir kv\u0117puojantys si\u016blai idealiai tinka \u017eiemai, bet d\u0117l savo nat\u016brali\u0173 savybi\u0173 i\u0161lieka malon\u016bs d\u0117v\u0117ti visais met\u0173 laikais. Gaminiai i\u0161 \u0161i\u0173 si\u016bl\u0173 yra mink\u0161ti, pur\u016bs ir itin \u0161ilti, o mezgimas su storais virbalais suteikia [&hellip;]<\/p>\n","protected":false},"featured_media":3182,"comment_status":"open","ping_status":"closed","template":"","meta":{"_acf_changed":false},"product_brand":[61],"product_cat":[15,182,18],"product_tag":[33],"pro-kategorijos":[56],"class_list":{"0":"post-3175","1":"product","2":"type-product","3":"status-publish","4":"has-post-thumbnail","6":"product_brand-wool-and-the-gang","7":"product_cat-visi-produktai","8":"product_cat-ispardavimas","9":"product_cat-siulai","10":"product_tag-ispardavimas","11":"pro-kategorijos-vilna","13":"first","14":"instock","15":"sale","16":"shipping-taxable","17":"purchasable","18":"product-type-variable"},"acf":[],"yoast_head":"<!-- This site is optimized with the Yoast SEO plugin v26.8 - https:\/\/yoast.com\/product\/yoast-seo-wordpress\/ -->\n<title>Wool and the Gang Crazy Sexy Wool - Happyinaknit.com<\/title>\n<meta name=\"robots\" content=\"index, follow, max-snippet:-1, max-image-preview:large, max-video-preview:-1\" \/>\n<link rel=\"canonical\" href=\"https:\/\/happyinaknit.com\/en\/product\/wool-and-the-gang-crazy-sexy-wool\/\" \/>\n<meta property=\"og:locale\" content=\"en_US\" \/>\n<meta property=\"og:type\" content=\"article\" \/>\n<meta property=\"og:title\" content=\"Wool and the Gang Crazy Sexy Wool - Happyinaknit.com\" \/>\n<meta property=\"og:description\" content=\"Crazy Sexy Wool \u00a0\u2013 tai 100 % nat\u016bral\u016bs, atsinaujinantys ir visi\u0161kai biologi\u0161kai suyrantys si\u016blai, pagaminti i\u0161 Piet\u0173 Amerikos avi\u0173 vilnos. Stori, \u0161ilti ir kv\u0117puojantys si\u016blai idealiai tinka \u017eiemai, bet d\u0117l savo nat\u016brali\u0173 savybi\u0173 i\u0161lieka malon\u016bs d\u0117v\u0117ti visais met\u0173 laikais. Gaminiai i\u0161 \u0161i\u0173 si\u016bl\u0173 yra mink\u0161ti, pur\u016bs ir itin \u0161ilti, o mezgimas su storais virbalais suteikia [&hellip;]\" \/>\n<meta property=\"og:url\" content=\"https:\/\/happyinaknit.com\/en\/product\/wool-and-the-gang-crazy-sexy-wool\/\" \/>\n<meta property=\"og:site_name\" content=\"Happyinaknit.com\" \/>\n<meta property=\"article:modified_time\" content=\"2025-12-15T10:33:06+00:00\" \/>\n<meta property=\"og:image\" content=\"https:\/\/happyinaknit.com\/wp-content\/uploads\/2025\/10\/CSW_Mellow_Mauve_1.jpg20180518-156-dzphff.jpg\" \/>\n\t<meta property=\"og:image:width\" content=\"940\" \/>\n\t<meta property=\"og:image:height\" content=\"1200\" \/>\n\t<meta property=\"og:image:type\" content=\"image\/jpeg\" \/>\n<meta name=\"twitter:card\" content=\"summary_large_image\" \/>\n<meta name=\"twitter:label1\" content=\"Est. reading time\" \/>\n\t<meta name=\"twitter:data1\" content=\"1 minute\" \/>\n<script type=\"application\/ld+json\" class=\"yoast-schema-graph\">{\"@context\":\"https:\/\/schema.org\",\"@graph\":[{\"@type\":\"WebPage\",\"@id\":\"https:\/\/happyinaknit.com\/produktas\/wool-and-the-gang-crazy-sexy-wool\/\",\"url\":\"https:\/\/happyinaknit.com\/produktas\/wool-and-the-gang-crazy-sexy-wool\/\",\"name\":\"Wool and the Gang Crazy Sexy Wool - Happyinaknit.com\",\"isPartOf\":{\"@id\":\"https:\/\/happyinaknit.com\/lt\/#website\"},\"primaryImageOfPage\":{\"@id\":\"https:\/\/happyinaknit.com\/produktas\/wool-and-the-gang-crazy-sexy-wool\/#primaryimage\"},\"image\":{\"@id\":\"https:\/\/happyinaknit.com\/produktas\/wool-and-the-gang-crazy-sexy-wool\/#primaryimage\"},\"thumbnailUrl\":\"https:\/\/happyinaknit.com\/wp-content\/uploads\/2025\/10\/CSW_Mellow_Mauve_1.jpg20180518-156-dzphff.jpg\",\"datePublished\":\"2025-10-06T21:58:08+00:00\",\"dateModified\":\"2025-12-15T10:33:06+00:00\",\"breadcrumb\":{\"@id\":\"https:\/\/happyinaknit.com\/produktas\/wool-and-the-gang-crazy-sexy-wool\/#breadcrumb\"},\"inLanguage\":\"en-US\",\"potentialAction\":[{\"@type\":\"ReadAction\",\"target\":[\"https:\/\/happyinaknit.com\/produktas\/wool-and-the-gang-crazy-sexy-wool\/\"]}]},{\"@type\":\"ImageObject\",\"inLanguage\":\"en-US\",\"@id\":\"https:\/\/happyinaknit.com\/produktas\/wool-and-the-gang-crazy-sexy-wool\/#primaryimage\",\"url\":\"https:\/\/happyinaknit.com\/wp-content\/uploads\/2025\/10\/CSW_Mellow_Mauve_1.jpg20180518-156-dzphff.jpg\",\"contentUrl\":\"https:\/\/happyinaknit.com\/wp-content\/uploads\/2025\/10\/CSW_Mellow_Mauve_1.jpg20180518-156-dzphff.jpg\",\"width\":940,\"height\":1200},{\"@type\":\"BreadcrumbList\",\"@id\":\"https:\/\/happyinaknit.com\/produktas\/wool-and-the-gang-crazy-sexy-wool\/#breadcrumb\",\"itemListElement\":[{\"@type\":\"ListItem\",\"position\":1,\"name\":\"Home\",\"item\":\"https:\/\/happyinaknit.com\/lt\/\"},{\"@type\":\"ListItem\",\"position\":2,\"name\":\"Parduotuv\u0117\",\"item\":\"https:\/\/happyinaknit.com\/lt\/parduotuve\/\"},{\"@type\":\"ListItem\",\"position\":3,\"name\":\"Wool and the Gang Crazy Sexy Wool\"}]},{\"@type\":\"WebSite\",\"@id\":\"https:\/\/happyinaknit.com\/lt\/#website\",\"url\":\"https:\/\/happyinaknit.com\/lt\/\",\"name\":\"Happyinaknit.com\",\"description\":\"\",\"potentialAction\":[{\"@type\":\"SearchAction\",\"target\":{\"@type\":\"EntryPoint\",\"urlTemplate\":\"https:\/\/happyinaknit.com\/lt\/?s={search_term_string}\"},\"query-input\":{\"@type\":\"PropertyValueSpecification\",\"valueRequired\":true,\"valueName\":\"search_term_string\"}}],\"inLanguage\":\"en-US\"}]}<\/script>\n<!-- \/ Yoast SEO plugin. -->","yoast_head_json":{"title":"Wool and the Gang Crazy Sexy Wool - Happyinaknit.com","robots":{"index":"index","follow":"follow","max-snippet":"max-snippet:-1","max-image-preview":"max-image-preview:large","max-video-preview":"max-video-preview:-1"},"canonical":"https:\/\/happyinaknit.com\/en\/product\/wool-and-the-gang-crazy-sexy-wool\/","og_locale":"en_US","og_type":"article","og_title":"Wool and the Gang Crazy Sexy Wool - Happyinaknit.com","og_description":"Crazy Sexy Wool \u00a0\u2013 tai 100 % nat\u016bral\u016bs, atsinaujinantys ir visi\u0161kai biologi\u0161kai suyrantys si\u016blai, pagaminti i\u0161 Piet\u0173 Amerikos avi\u0173 vilnos. Stori, \u0161ilti ir kv\u0117puojantys si\u016blai idealiai tinka \u017eiemai, bet d\u0117l savo nat\u016brali\u0173 savybi\u0173 i\u0161lieka malon\u016bs d\u0117v\u0117ti visais met\u0173 laikais. Gaminiai i\u0161 \u0161i\u0173 si\u016bl\u0173 yra mink\u0161ti, pur\u016bs ir itin \u0161ilti, o mezgimas su storais virbalais suteikia [&hellip;]","og_url":"https:\/\/happyinaknit.com\/en\/product\/wool-and-the-gang-crazy-sexy-wool\/","og_site_name":"Happyinaknit.com","article_modified_time":"2025-12-15T10:33:06+00:00","og_image":[{"width":940,"height":1200,"url":"https:\/\/happyinaknit.com\/wp-content\/uploads\/2025\/10\/CSW_Mellow_Mauve_1.jpg20180518-156-dzphff.jpg","type":"image\/jpeg"}],"twitter_card":"summary_large_image","twitter_misc":{"Est. reading time":"1 minute"},"schema":{"@context":"https:\/\/schema.org","@graph":[{"@type":"WebPage","@id":"https:\/\/happyinaknit.com\/produktas\/wool-and-the-gang-crazy-sexy-wool\/","url":"https:\/\/happyinaknit.com\/produktas\/wool-and-the-gang-crazy-sexy-wool\/","name":"Wool and the Gang Crazy Sexy Wool - Happyinaknit.com","isPartOf":{"@id":"https:\/\/happyinaknit.com\/lt\/#website"},"primaryImageOfPage":{"@id":"https:\/\/happyinaknit.com\/produktas\/wool-and-the-gang-crazy-sexy-wool\/#primaryimage"},"image":{"@id":"https:\/\/happyinaknit.com\/produktas\/wool-and-the-gang-crazy-sexy-wool\/#primaryimage"},"thumbnailUrl":"https:\/\/happyinaknit.com\/wp-content\/uploads\/2025\/10\/CSW_Mellow_Mauve_1.jpg20180518-156-dzphff.jpg","datePublished":"2025-10-06T21:58:08+00:00","dateModified":"2025-12-15T10:33:06+00:00","breadcrumb":{"@id":"https:\/\/happyinaknit.com\/produktas\/wool-and-the-gang-crazy-sexy-wool\/#breadcrumb"},"inLanguage":"en-US","potentialAction":[{"@type":"ReadAction","target":["https:\/\/happyinaknit.com\/produktas\/wool-and-the-gang-crazy-sexy-wool\/"]}]},{"@type":"ImageObject","inLanguage":"en-US","@id":"https:\/\/happyinaknit.com\/produktas\/wool-and-the-gang-crazy-sexy-wool\/#primaryimage","url":"https:\/\/happyinaknit.com\/wp-content\/uploads\/2025\/10\/CSW_Mellow_Mauve_1.jpg20180518-156-dzphff.jpg","contentUrl":"https:\/\/happyinaknit.com\/wp-content\/uploads\/2025\/10\/CSW_Mellow_Mauve_1.jpg20180518-156-dzphff.jpg","width":940,"height":1200},{"@type":"BreadcrumbList","@id":"https:\/\/happyinaknit.com\/produktas\/wool-and-the-gang-crazy-sexy-wool\/#breadcrumb","itemListElement":[{"@type":"ListItem","position":1,"name":"Home","item":"https:\/\/happyinaknit.com\/lt\/"},{"@type":"ListItem","position":2,"name":"Parduotuv\u0117","item":"https:\/\/happyinaknit.com\/lt\/parduotuve\/"},{"@type":"ListItem","position":3,"name":"Wool and the Gang Crazy Sexy Wool"}]},{"@type":"WebSite","@id":"https:\/\/happyinaknit.com\/lt\/#website","url":"https:\/\/happyinaknit.com\/lt\/","name":"Happyinaknit.com","description":"","potentialAction":[{"@type":"SearchAction","target":{"@type":"EntryPoint","urlTemplate":"https:\/\/happyinaknit.com\/lt\/?s={search_term_string}"},"query-input":{"@type":"PropertyValueSpecification","valueRequired":true,"valueName":"search_term_string"}}],"inLanguage":"en-US"}]}},"_links":{"self":[{"href":"https:\/\/happyinaknit.com\/en\/wp-json\/wp\/v2\/product\/3175","targetHints":{"allow":["GET"]}}],"collection":[{"href":"https:\/\/happyinaknit.com\/en\/wp-json\/wp\/v2\/product"}],"about":[{"href":"https:\/\/happyinaknit.com\/en\/wp-json\/wp\/v2\/types\/product"}],"replies":[{"embeddable":true,"href":"https:\/\/happyinaknit.com\/en\/wp-json\/wp\/v2\/comments?post=3175"}],"wp:featuredmedia":[{"embeddable":true,"href":"https:\/\/happyinaknit.com\/en\/wp-json\/wp\/v2\/media\/3182"}],"wp:attachment":[{"href":"https:\/\/happyinaknit.com\/en\/wp-json\/wp\/v2\/media?parent=3175"}],"wp:term":[{"taxonomy":"product_brand","embeddable":true,"href":"https:\/\/happyinaknit.com\/en\/wp-json\/wp\/v2\/product_brand?post=3175"},{"taxonomy":"product_cat","embeddable":true,"href":"https:\/\/happyinaknit.com\/en\/wp-json\/wp\/v2\/product_cat?post=3175"},{"taxonomy":"product_tag","embeddable":true,"href":"https:\/\/happyinaknit.com\/en\/wp-json\/wp\/v2\/product_tag?post=3175"},{"taxonomy":"pro-kategorijos","embeddable":true,"href":"https:\/\/happyinaknit.com\/en\/wp-json\/wp\/v2\/pro-kategorijos?post=3175"}],"curies":[{"name":"wp","href":"https:\/\/api.w.org\/{rel}","templated":true}]}}