{"id":3161,"date":"2025-10-06T21:29:41","date_gmt":"2025-10-06T21:29:41","guid":{"rendered":"https:\/\/happyinaknit.com\/?post_type=product&#038;p=3161"},"modified":"2026-03-23T18:59:12","modified_gmt":"2026-03-23T18:59:12","slug":"wool-and-the-gang-glitterball","status":"publish","type":"product","link":"https:\/\/happyinaknit.com\/en\/product\/wool-and-the-gang-glitterball\/","title":{"rendered":"Wool and the Gang Glitterball"},"content":{"rendered":"<p data-start=\"83\" data-end=\"438\">This yarn is made from 95 % Bluefaced Leicester wool, an old English breed that originated in Northumberland in the early 20th century. The sheep's name comes from its characteristic \u201eblue\u201c muzzle - white hairs on dark skin. Today, the sheep are common in the north of England, Scotland and Wales.<\/p>\n<p data-start=\"440\" data-end=\"639\">Bluefaced Leicester wool is valued for its exceptional softness, strength and durability. It is one of the most practical of all natural wools, with long-lasting shape and excellent wearability.<\/p>\n<p data-start=\"641\" data-end=\"750\">These threads are complemented by a delicate <strong data-start=\"671\" data-end=\"683\">lurex<\/strong> thread that gives the knitwear a light shine and elegance.<\/p>\n<ul data-start=\"752\" data-end=\"968\">\n<li data-start=\"752\" data-end=\"814\">\n<p data-start=\"754\" data-end=\"814\"><strong data-start=\"754\" data-end=\"766\">Composition:<\/strong> 95 % Bluefaced Leicester wool, 5 % lurex<\/p>\n<\/li>\n<li data-start=\"815\" data-end=\"855\">\n<p data-start=\"817\" data-end=\"855\"><strong data-start=\"817\" data-end=\"839\">Weight \/ length:<\/strong> 100 g \u2014 390 m<\/p>\n<\/li>\n<li data-start=\"856\" data-end=\"880\">\n<p data-start=\"858\" data-end=\"880\"><strong data-start=\"858\" data-end=\"871\">Needles:<\/strong> 2.5mm<\/p>\n<\/li>\n<li data-start=\"881\" data-end=\"930\">\n<p data-start=\"883\" data-end=\"930\"><strong data-start=\"883\" data-end=\"896\">Density:<\/strong> 10 \u00d7 10 cm \u2248 30 mesh \u00d7 42 rows<\/p>\n<\/li>\n<li data-start=\"881\" data-end=\"930\"><strong data-start=\"672\" data-end=\"689\">Consumption:<\/strong> One ball makes one pair of socks by day 46.<\/li>\n<\/ul>","protected":false},"excerpt":{"rendered":"<p>\u0160ie si\u016blai pagaminti i\u0161 95 % Bluefaced Leicester avi\u0173 vilnos \u2013 tai sena angl\u0173 veisl\u0117, atsiradusi XX a. prad\u017eioje Nortumberlande. Avi\u0173 pavadinimas kil\u0119s nuo b\u016bdingo \u201emelsvo\u201c snuku\u010dio \u2013 balt\u0173 plaukeli\u0173 ant tamsios odos. \u0160ios avys \u0161iandien paplitusios \u0160iaur\u0117s Anglijoje, \u0160kotijoje ir Velse. Bluefaced Leicester vilna vertinama d\u0117l savo ypatingo \u0161velnumo, tvirtumo ir ilgaam\u017ei\u0161kumo. Ji yra [&hellip;]<\/p>\n","protected":false},"featured_media":3167,"comment_status":"open","ping_status":"closed","template":"","meta":{"_acf_changed":false},"product_brand":[61],"product_cat":[15,18,94],"product_tag":[],"pro-kategorijos":[],"class_list":{"0":"post-3161","1":"product","2":"type-product","3":"status-publish","4":"has-post-thumbnail","6":"product_brand-wool-and-the-gang","7":"product_cat-visi-produktai","8":"product_cat-siulai","9":"product_cat-siulai-kojinems","11":"first","12":"instock","13":"shipping-taxable","14":"purchasable","15":"product-type-variable"},"acf":[],"yoast_head":"<!-- This site is optimized with the Yoast SEO plugin v26.8 - https:\/\/yoast.com\/product\/yoast-seo-wordpress\/ -->\n<title>Wool and the Gang Glitterball - Happyinaknit.com<\/title>\n<meta name=\"robots\" content=\"index, follow, max-snippet:-1, max-image-preview:large, max-video-preview:-1\" \/>\n<link rel=\"canonical\" href=\"https:\/\/happyinaknit.com\/en\/product\/wool-and-the-gang-glitterball\/\" \/>\n<meta property=\"og:locale\" content=\"en_US\" \/>\n<meta property=\"og:type\" content=\"article\" \/>\n<meta property=\"og:title\" content=\"Wool and the Gang Glitterball - Happyinaknit.com\" \/>\n<meta property=\"og:description\" content=\"\u0160ie si\u016blai pagaminti i\u0161 95 % Bluefaced Leicester avi\u0173 vilnos \u2013 tai sena angl\u0173 veisl\u0117, atsiradusi XX a. prad\u017eioje Nortumberlande. Avi\u0173 pavadinimas kil\u0119s nuo b\u016bdingo \u201emelsvo\u201c snuku\u010dio \u2013 balt\u0173 plaukeli\u0173 ant tamsios odos. \u0160ios avys \u0161iandien paplitusios \u0160iaur\u0117s Anglijoje, \u0160kotijoje ir Velse. Bluefaced Leicester vilna vertinama d\u0117l savo ypatingo \u0161velnumo, tvirtumo ir ilgaam\u017ei\u0161kumo. Ji yra [&hellip;]\" \/>\n<meta property=\"og:url\" content=\"https:\/\/happyinaknit.com\/en\/product\/wool-and-the-gang-glitterball\/\" \/>\n<meta property=\"og:site_name\" content=\"Happyinaknit.com\" \/>\n<meta property=\"article:modified_time\" content=\"2026-03-23T18:59:12+00:00\" \/>\n<meta property=\"og:image\" content=\"https:\/\/happyinaknit.com\/wp-content\/uploads\/2025\/10\/Glitter_Ball_Sock_Yarn_Disco_Ball_Grey.jpg\" \/>\n\t<meta property=\"og:image:width\" content=\"940\" \/>\n\t<meta property=\"og:image:height\" content=\"1200\" \/>\n\t<meta property=\"og:image:type\" content=\"image\/jpeg\" \/>\n<meta name=\"twitter:card\" content=\"summary_large_image\" \/>\n<meta name=\"twitter:label1\" content=\"Est. reading time\" \/>\n\t<meta name=\"twitter:data1\" content=\"1 minute\" \/>\n<script type=\"application\/ld+json\" class=\"yoast-schema-graph\">{\"@context\":\"https:\/\/schema.org\",\"@graph\":[{\"@type\":\"WebPage\",\"@id\":\"https:\/\/happyinaknit.com\/produktas\/wool-and-the-gang-glitterball\/\",\"url\":\"https:\/\/happyinaknit.com\/produktas\/wool-and-the-gang-glitterball\/\",\"name\":\"Wool and the Gang Glitterball - Happyinaknit.com\",\"isPartOf\":{\"@id\":\"https:\/\/happyinaknit.com\/lt\/#website\"},\"primaryImageOfPage\":{\"@id\":\"https:\/\/happyinaknit.com\/produktas\/wool-and-the-gang-glitterball\/#primaryimage\"},\"image\":{\"@id\":\"https:\/\/happyinaknit.com\/produktas\/wool-and-the-gang-glitterball\/#primaryimage\"},\"thumbnailUrl\":\"https:\/\/happyinaknit.com\/wp-content\/uploads\/2025\/10\/Glitter_Ball_Sock_Yarn_Disco_Ball_Grey.jpg\",\"datePublished\":\"2025-10-06T21:29:41+00:00\",\"dateModified\":\"2026-03-23T18:59:12+00:00\",\"breadcrumb\":{\"@id\":\"https:\/\/happyinaknit.com\/produktas\/wool-and-the-gang-glitterball\/#breadcrumb\"},\"inLanguage\":\"en-US\",\"potentialAction\":[{\"@type\":\"ReadAction\",\"target\":[\"https:\/\/happyinaknit.com\/produktas\/wool-and-the-gang-glitterball\/\"]}]},{\"@type\":\"ImageObject\",\"inLanguage\":\"en-US\",\"@id\":\"https:\/\/happyinaknit.com\/produktas\/wool-and-the-gang-glitterball\/#primaryimage\",\"url\":\"https:\/\/happyinaknit.com\/wp-content\/uploads\/2025\/10\/Glitter_Ball_Sock_Yarn_Disco_Ball_Grey.jpg\",\"contentUrl\":\"https:\/\/happyinaknit.com\/wp-content\/uploads\/2025\/10\/Glitter_Ball_Sock_Yarn_Disco_Ball_Grey.jpg\",\"width\":940,\"height\":1200},{\"@type\":\"BreadcrumbList\",\"@id\":\"https:\/\/happyinaknit.com\/produktas\/wool-and-the-gang-glitterball\/#breadcrumb\",\"itemListElement\":[{\"@type\":\"ListItem\",\"position\":1,\"name\":\"Home\",\"item\":\"https:\/\/happyinaknit.com\/lt\/\"},{\"@type\":\"ListItem\",\"position\":2,\"name\":\"Parduotuv\u0117\",\"item\":\"https:\/\/happyinaknit.com\/lt\/parduotuve\/\"},{\"@type\":\"ListItem\",\"position\":3,\"name\":\"Wool and the Gang Glitterball\"}]},{\"@type\":\"WebSite\",\"@id\":\"https:\/\/happyinaknit.com\/lt\/#website\",\"url\":\"https:\/\/happyinaknit.com\/lt\/\",\"name\":\"Happyinaknit.com\",\"description\":\"\",\"potentialAction\":[{\"@type\":\"SearchAction\",\"target\":{\"@type\":\"EntryPoint\",\"urlTemplate\":\"https:\/\/happyinaknit.com\/lt\/?s={search_term_string}\"},\"query-input\":{\"@type\":\"PropertyValueSpecification\",\"valueRequired\":true,\"valueName\":\"search_term_string\"}}],\"inLanguage\":\"en-US\"}]}<\/script>\n<!-- \/ Yoast SEO plugin. -->","yoast_head_json":{"title":"Wool and the Gang Glitterball - Happyinaknit.com","robots":{"index":"index","follow":"follow","max-snippet":"max-snippet:-1","max-image-preview":"max-image-preview:large","max-video-preview":"max-video-preview:-1"},"canonical":"https:\/\/happyinaknit.com\/en\/product\/wool-and-the-gang-glitterball\/","og_locale":"en_US","og_type":"article","og_title":"Wool and the Gang Glitterball - Happyinaknit.com","og_description":"\u0160ie si\u016blai pagaminti i\u0161 95 % Bluefaced Leicester avi\u0173 vilnos \u2013 tai sena angl\u0173 veisl\u0117, atsiradusi XX a. prad\u017eioje Nortumberlande. Avi\u0173 pavadinimas kil\u0119s nuo b\u016bdingo \u201emelsvo\u201c snuku\u010dio \u2013 balt\u0173 plaukeli\u0173 ant tamsios odos. \u0160ios avys \u0161iandien paplitusios \u0160iaur\u0117s Anglijoje, \u0160kotijoje ir Velse. Bluefaced Leicester vilna vertinama d\u0117l savo ypatingo \u0161velnumo, tvirtumo ir ilgaam\u017ei\u0161kumo. Ji yra [&hellip;]","og_url":"https:\/\/happyinaknit.com\/en\/product\/wool-and-the-gang-glitterball\/","og_site_name":"Happyinaknit.com","article_modified_time":"2026-03-23T18:59:12+00:00","og_image":[{"width":940,"height":1200,"url":"https:\/\/happyinaknit.com\/wp-content\/uploads\/2025\/10\/Glitter_Ball_Sock_Yarn_Disco_Ball_Grey.jpg","type":"image\/jpeg"}],"twitter_card":"summary_large_image","twitter_misc":{"Est. reading time":"1 minute"},"schema":{"@context":"https:\/\/schema.org","@graph":[{"@type":"WebPage","@id":"https:\/\/happyinaknit.com\/produktas\/wool-and-the-gang-glitterball\/","url":"https:\/\/happyinaknit.com\/produktas\/wool-and-the-gang-glitterball\/","name":"Wool and the Gang Glitterball - Happyinaknit.com","isPartOf":{"@id":"https:\/\/happyinaknit.com\/lt\/#website"},"primaryImageOfPage":{"@id":"https:\/\/happyinaknit.com\/produktas\/wool-and-the-gang-glitterball\/#primaryimage"},"image":{"@id":"https:\/\/happyinaknit.com\/produktas\/wool-and-the-gang-glitterball\/#primaryimage"},"thumbnailUrl":"https:\/\/happyinaknit.com\/wp-content\/uploads\/2025\/10\/Glitter_Ball_Sock_Yarn_Disco_Ball_Grey.jpg","datePublished":"2025-10-06T21:29:41+00:00","dateModified":"2026-03-23T18:59:12+00:00","breadcrumb":{"@id":"https:\/\/happyinaknit.com\/produktas\/wool-and-the-gang-glitterball\/#breadcrumb"},"inLanguage":"en-US","potentialAction":[{"@type":"ReadAction","target":["https:\/\/happyinaknit.com\/produktas\/wool-and-the-gang-glitterball\/"]}]},{"@type":"ImageObject","inLanguage":"en-US","@id":"https:\/\/happyinaknit.com\/produktas\/wool-and-the-gang-glitterball\/#primaryimage","url":"https:\/\/happyinaknit.com\/wp-content\/uploads\/2025\/10\/Glitter_Ball_Sock_Yarn_Disco_Ball_Grey.jpg","contentUrl":"https:\/\/happyinaknit.com\/wp-content\/uploads\/2025\/10\/Glitter_Ball_Sock_Yarn_Disco_Ball_Grey.jpg","width":940,"height":1200},{"@type":"BreadcrumbList","@id":"https:\/\/happyinaknit.com\/produktas\/wool-and-the-gang-glitterball\/#breadcrumb","itemListElement":[{"@type":"ListItem","position":1,"name":"Home","item":"https:\/\/happyinaknit.com\/lt\/"},{"@type":"ListItem","position":2,"name":"Parduotuv\u0117","item":"https:\/\/happyinaknit.com\/lt\/parduotuve\/"},{"@type":"ListItem","position":3,"name":"Wool and the Gang Glitterball"}]},{"@type":"WebSite","@id":"https:\/\/happyinaknit.com\/lt\/#website","url":"https:\/\/happyinaknit.com\/lt\/","name":"Happyinaknit.com","description":"","potentialAction":[{"@type":"SearchAction","target":{"@type":"EntryPoint","urlTemplate":"https:\/\/happyinaknit.com\/lt\/?s={search_term_string}"},"query-input":{"@type":"PropertyValueSpecification","valueRequired":true,"valueName":"search_term_string"}}],"inLanguage":"en-US"}]}},"_links":{"self":[{"href":"https:\/\/happyinaknit.com\/en\/wp-json\/wp\/v2\/product\/3161","targetHints":{"allow":["GET"]}}],"collection":[{"href":"https:\/\/happyinaknit.com\/en\/wp-json\/wp\/v2\/product"}],"about":[{"href":"https:\/\/happyinaknit.com\/en\/wp-json\/wp\/v2\/types\/product"}],"replies":[{"embeddable":true,"href":"https:\/\/happyinaknit.com\/en\/wp-json\/wp\/v2\/comments?post=3161"}],"wp:featuredmedia":[{"embeddable":true,"href":"https:\/\/happyinaknit.com\/en\/wp-json\/wp\/v2\/media\/3167"}],"wp:attachment":[{"href":"https:\/\/happyinaknit.com\/en\/wp-json\/wp\/v2\/media?parent=3161"}],"wp:term":[{"taxonomy":"product_brand","embeddable":true,"href":"https:\/\/happyinaknit.com\/en\/wp-json\/wp\/v2\/product_brand?post=3161"},{"taxonomy":"product_cat","embeddable":true,"href":"https:\/\/happyinaknit.com\/en\/wp-json\/wp\/v2\/product_cat?post=3161"},{"taxonomy":"product_tag","embeddable":true,"href":"https:\/\/happyinaknit.com\/en\/wp-json\/wp\/v2\/product_tag?post=3161"},{"taxonomy":"pro-kategorijos","embeddable":true,"href":"https:\/\/happyinaknit.com\/en\/wp-json\/wp\/v2\/pro-kategorijos?post=3161"}],"curies":[{"name":"wp","href":"https:\/\/api.w.org\/{rel}","templated":true}]}}