{"id":3155,"date":"2025-10-06T21:09:24","date_gmt":"2025-10-06T21:09:24","guid":{"rendered":"https:\/\/happyinaknit.com\/?post_type=product&#038;p=3155"},"modified":"2025-10-12T12:49:52","modified_gmt":"2025-10-12T12:49:52","slug":"muud-effekt-leather-balm","status":"publish","type":"product","link":"https:\/\/happyinaknit.com\/en\/product\/muud-effekt-leather-balm\/","title":{"rendered":"Muud Effekt Leather Balm"},"content":{"rendered":"<p data-start=\"137\" data-end=\"474\"><strong data-start=\"137\" data-end=\"175\">Skin care and cleansing product<\/strong><br data-start=\"175\" data-end=\"178\" \/>A product for gentle cleaning and protection of leather products. Regular use helps to preserve the elasticity and natural shine of leather, prolongs its service life and provides surface protection. The ingredients <strong data-start=\"400\" data-end=\"445\">nutrients and antioxidants<\/strong> protects the skin from drying out.<\/p>\n<p data-start=\"476\" data-end=\"633\"><strong data-start=\"476\" data-end=\"491\">Usage:<\/strong><br data-start=\"491\" data-end=\"494\" \/>Apply a small amount of the product to a clean sponge and gently rub into the surface of the leather.<br data-start=\"590\" data-end=\"593\" \/><strong data-start=\"596\" data-end=\"631\">Use a very small amount.<\/strong><\/p>\n<p data-start=\"635\" data-end=\"775\"><strong data-start=\"635\" data-end=\"647\">Note:<\/strong><br data-start=\"647\" data-end=\"650\" \/>Not recommended for use on raw, aniline, suede, nubuck or wild leather. Use only as directed.<\/p>\n<ul data-start=\"777\" data-end=\"921\">\n<li data-start=\"777\" data-end=\"921\">\n<p data-start=\"779\" data-end=\"793\"><strong data-start=\"779\" data-end=\"791\">Features:<\/strong><\/p>\n<ul data-start=\"796\" data-end=\"921\">\n<li data-start=\"796\" data-end=\"839\">\n<p data-start=\"798\" data-end=\"839\">Protects the surface in one simple step<\/p>\n<\/li>\n<li data-start=\"842\" data-end=\"883\">\n<p data-start=\"844\" data-end=\"883\">Extends the life of leather products<\/p>\n<\/li>\n<li data-start=\"886\" data-end=\"921\">\n<p data-start=\"888\" data-end=\"921\">Suitable for all types <strong data-start=\"904\" data-end=\"919\">smooth skin<\/strong><\/p>\n<\/li>\n<\/ul>\n<\/li>\n<\/ul>","protected":false},"excerpt":{"rendered":"<p>Odos prie\u017ei\u016bros ir valymo priemon\u0117Priemon\u0117, skirta \u0161velniai valyti ir apsaugoti odinius gaminius. Reguliarus naudojimas padeda i\u0161saugoti odos elastingum\u0105 ir nat\u016bral\u0173 blizges\u012f, prailgina jos tarnavimo laik\u0105 bei suteikia pavir\u0161iui apsaug\u0105. Sud\u0117tyje esan\u010dios maitinamosios med\u017eiagos ir antioksidantai saugo od\u0105 nuo i\u0161saus\u0117jimo. Naudojimas:U\u017etepkite nedidel\u012f kiek\u012f priemon\u0117s ant \u0161varios kempin\u0117l\u0117s ir \u0161velniai \u012ftrinkite \u012f odos pavir\u0161i\u0173.Naudokite labai nedidel\u012f kiek\u012f. [&hellip;]<\/p>\n","protected":false},"featured_media":3153,"comment_status":"open","ping_status":"closed","template":"","meta":{"_acf_changed":false},"product_brand":[613],"product_cat":[15,20,91],"product_tag":[],"pro-kategorijos":[],"class_list":{"0":"post-3155","1":"product","2":"type-product","3":"status-publish","4":"has-post-thumbnail","6":"product_brand-muud","7":"product_cat-visi-produktai","8":"product_cat-priedai-mezgimui","9":"product_cat-skalbimo-priemones","11":"first","12":"instock","13":"shipping-taxable","14":"purchasable","15":"product-type-simple"},"acf":[],"yoast_head":"<!-- This site is optimized with the Yoast SEO plugin v26.8 - https:\/\/yoast.com\/product\/yoast-seo-wordpress\/ -->\n<title>Muud Effekt Leather Balm - Happyinaknit.com<\/title>\n<meta name=\"robots\" content=\"index, follow, max-snippet:-1, max-image-preview:large, max-video-preview:-1\" \/>\n<link rel=\"canonical\" href=\"https:\/\/happyinaknit.com\/en\/product\/muud-effekt-leather-balm\/\" \/>\n<meta property=\"og:locale\" content=\"en_US\" \/>\n<meta property=\"og:type\" content=\"article\" \/>\n<meta property=\"og:title\" content=\"Muud Effekt Leather Balm - Happyinaknit.com\" \/>\n<meta property=\"og:description\" content=\"Odos prie\u017ei\u016bros ir valymo priemon\u0117Priemon\u0117, skirta \u0161velniai valyti ir apsaugoti odinius gaminius. Reguliarus naudojimas padeda i\u0161saugoti odos elastingum\u0105 ir nat\u016bral\u0173 blizges\u012f, prailgina jos tarnavimo laik\u0105 bei suteikia pavir\u0161iui apsaug\u0105. Sud\u0117tyje esan\u010dios maitinamosios med\u017eiagos ir antioksidantai saugo od\u0105 nuo i\u0161saus\u0117jimo. Naudojimas:U\u017etepkite nedidel\u012f kiek\u012f priemon\u0117s ant \u0161varios kempin\u0117l\u0117s ir \u0161velniai \u012ftrinkite \u012f odos pavir\u0161i\u0173.Naudokite labai nedidel\u012f kiek\u012f. [&hellip;]\" \/>\n<meta property=\"og:url\" content=\"https:\/\/happyinaknit.com\/en\/product\/muud-effekt-leather-balm\/\" \/>\n<meta property=\"og:site_name\" content=\"Happyinaknit.com\" \/>\n<meta property=\"article:modified_time\" content=\"2025-10-12T12:49:52+00:00\" \/>\n<meta property=\"og:image\" content=\"https:\/\/happyinaknit.com\/wp-content\/uploads\/2025\/10\/IMG_8528.jpg\" \/>\n\t<meta property=\"og:image:width\" content=\"1320\" \/>\n\t<meta property=\"og:image:height\" content=\"1587\" \/>\n\t<meta property=\"og:image:type\" content=\"image\/jpeg\" \/>\n<meta name=\"twitter:card\" content=\"summary_large_image\" \/>\n<meta name=\"twitter:label1\" content=\"Est. reading time\" \/>\n\t<meta name=\"twitter:data1\" content=\"1 minute\" \/>\n<script type=\"application\/ld+json\" class=\"yoast-schema-graph\">{\"@context\":\"https:\/\/schema.org\",\"@graph\":[{\"@type\":\"WebPage\",\"@id\":\"https:\/\/happyinaknit.com\/produktas\/muud-effekt-leather-balm\/\",\"url\":\"https:\/\/happyinaknit.com\/produktas\/muud-effekt-leather-balm\/\",\"name\":\"Muud Effekt Leather Balm - Happyinaknit.com\",\"isPartOf\":{\"@id\":\"https:\/\/happyinaknit.com\/lt\/#website\"},\"primaryImageOfPage\":{\"@id\":\"https:\/\/happyinaknit.com\/produktas\/muud-effekt-leather-balm\/#primaryimage\"},\"image\":{\"@id\":\"https:\/\/happyinaknit.com\/produktas\/muud-effekt-leather-balm\/#primaryimage\"},\"thumbnailUrl\":\"https:\/\/happyinaknit.com\/wp-content\/uploads\/2025\/10\/IMG_8528.jpg\",\"datePublished\":\"2025-10-06T21:09:24+00:00\",\"dateModified\":\"2025-10-12T12:49:52+00:00\",\"breadcrumb\":{\"@id\":\"https:\/\/happyinaknit.com\/produktas\/muud-effekt-leather-balm\/#breadcrumb\"},\"inLanguage\":\"en-US\",\"potentialAction\":[{\"@type\":\"ReadAction\",\"target\":[\"https:\/\/happyinaknit.com\/produktas\/muud-effekt-leather-balm\/\"]}]},{\"@type\":\"ImageObject\",\"inLanguage\":\"en-US\",\"@id\":\"https:\/\/happyinaknit.com\/produktas\/muud-effekt-leather-balm\/#primaryimage\",\"url\":\"https:\/\/happyinaknit.com\/wp-content\/uploads\/2025\/10\/IMG_8528.jpg\",\"contentUrl\":\"https:\/\/happyinaknit.com\/wp-content\/uploads\/2025\/10\/IMG_8528.jpg\",\"width\":1320,\"height\":1587},{\"@type\":\"BreadcrumbList\",\"@id\":\"https:\/\/happyinaknit.com\/produktas\/muud-effekt-leather-balm\/#breadcrumb\",\"itemListElement\":[{\"@type\":\"ListItem\",\"position\":1,\"name\":\"Home\",\"item\":\"https:\/\/happyinaknit.com\/lt\/\"},{\"@type\":\"ListItem\",\"position\":2,\"name\":\"Parduotuv\u0117\",\"item\":\"https:\/\/happyinaknit.com\/lt\/parduotuve\/\"},{\"@type\":\"ListItem\",\"position\":3,\"name\":\"Muud Effekt Leather Balm\"}]},{\"@type\":\"WebSite\",\"@id\":\"https:\/\/happyinaknit.com\/lt\/#website\",\"url\":\"https:\/\/happyinaknit.com\/lt\/\",\"name\":\"Happyinaknit.com\",\"description\":\"\",\"potentialAction\":[{\"@type\":\"SearchAction\",\"target\":{\"@type\":\"EntryPoint\",\"urlTemplate\":\"https:\/\/happyinaknit.com\/lt\/?s={search_term_string}\"},\"query-input\":{\"@type\":\"PropertyValueSpecification\",\"valueRequired\":true,\"valueName\":\"search_term_string\"}}],\"inLanguage\":\"en-US\"}]}<\/script>\n<!-- \/ Yoast SEO plugin. -->","yoast_head_json":{"title":"Muud Effekt Leather Balm - Happyinaknit.com","robots":{"index":"index","follow":"follow","max-snippet":"max-snippet:-1","max-image-preview":"max-image-preview:large","max-video-preview":"max-video-preview:-1"},"canonical":"https:\/\/happyinaknit.com\/en\/product\/muud-effekt-leather-balm\/","og_locale":"en_US","og_type":"article","og_title":"Muud Effekt Leather Balm - Happyinaknit.com","og_description":"Odos prie\u017ei\u016bros ir valymo priemon\u0117Priemon\u0117, skirta \u0161velniai valyti ir apsaugoti odinius gaminius. Reguliarus naudojimas padeda i\u0161saugoti odos elastingum\u0105 ir nat\u016bral\u0173 blizges\u012f, prailgina jos tarnavimo laik\u0105 bei suteikia pavir\u0161iui apsaug\u0105. Sud\u0117tyje esan\u010dios maitinamosios med\u017eiagos ir antioksidantai saugo od\u0105 nuo i\u0161saus\u0117jimo. Naudojimas:U\u017etepkite nedidel\u012f kiek\u012f priemon\u0117s ant \u0161varios kempin\u0117l\u0117s ir \u0161velniai \u012ftrinkite \u012f odos pavir\u0161i\u0173.Naudokite labai nedidel\u012f kiek\u012f. [&hellip;]","og_url":"https:\/\/happyinaknit.com\/en\/product\/muud-effekt-leather-balm\/","og_site_name":"Happyinaknit.com","article_modified_time":"2025-10-12T12:49:52+00:00","og_image":[{"width":1320,"height":1587,"url":"https:\/\/happyinaknit.com\/wp-content\/uploads\/2025\/10\/IMG_8528.jpg","type":"image\/jpeg"}],"twitter_card":"summary_large_image","twitter_misc":{"Est. reading time":"1 minute"},"schema":{"@context":"https:\/\/schema.org","@graph":[{"@type":"WebPage","@id":"https:\/\/happyinaknit.com\/produktas\/muud-effekt-leather-balm\/","url":"https:\/\/happyinaknit.com\/produktas\/muud-effekt-leather-balm\/","name":"Muud Effekt Leather Balm - Happyinaknit.com","isPartOf":{"@id":"https:\/\/happyinaknit.com\/lt\/#website"},"primaryImageOfPage":{"@id":"https:\/\/happyinaknit.com\/produktas\/muud-effekt-leather-balm\/#primaryimage"},"image":{"@id":"https:\/\/happyinaknit.com\/produktas\/muud-effekt-leather-balm\/#primaryimage"},"thumbnailUrl":"https:\/\/happyinaknit.com\/wp-content\/uploads\/2025\/10\/IMG_8528.jpg","datePublished":"2025-10-06T21:09:24+00:00","dateModified":"2025-10-12T12:49:52+00:00","breadcrumb":{"@id":"https:\/\/happyinaknit.com\/produktas\/muud-effekt-leather-balm\/#breadcrumb"},"inLanguage":"en-US","potentialAction":[{"@type":"ReadAction","target":["https:\/\/happyinaknit.com\/produktas\/muud-effekt-leather-balm\/"]}]},{"@type":"ImageObject","inLanguage":"en-US","@id":"https:\/\/happyinaknit.com\/produktas\/muud-effekt-leather-balm\/#primaryimage","url":"https:\/\/happyinaknit.com\/wp-content\/uploads\/2025\/10\/IMG_8528.jpg","contentUrl":"https:\/\/happyinaknit.com\/wp-content\/uploads\/2025\/10\/IMG_8528.jpg","width":1320,"height":1587},{"@type":"BreadcrumbList","@id":"https:\/\/happyinaknit.com\/produktas\/muud-effekt-leather-balm\/#breadcrumb","itemListElement":[{"@type":"ListItem","position":1,"name":"Home","item":"https:\/\/happyinaknit.com\/lt\/"},{"@type":"ListItem","position":2,"name":"Parduotuv\u0117","item":"https:\/\/happyinaknit.com\/lt\/parduotuve\/"},{"@type":"ListItem","position":3,"name":"Muud Effekt Leather Balm"}]},{"@type":"WebSite","@id":"https:\/\/happyinaknit.com\/lt\/#website","url":"https:\/\/happyinaknit.com\/lt\/","name":"Happyinaknit.com","description":"","potentialAction":[{"@type":"SearchAction","target":{"@type":"EntryPoint","urlTemplate":"https:\/\/happyinaknit.com\/lt\/?s={search_term_string}"},"query-input":{"@type":"PropertyValueSpecification","valueRequired":true,"valueName":"search_term_string"}}],"inLanguage":"en-US"}]}},"_links":{"self":[{"href":"https:\/\/happyinaknit.com\/en\/wp-json\/wp\/v2\/product\/3155","targetHints":{"allow":["GET"]}}],"collection":[{"href":"https:\/\/happyinaknit.com\/en\/wp-json\/wp\/v2\/product"}],"about":[{"href":"https:\/\/happyinaknit.com\/en\/wp-json\/wp\/v2\/types\/product"}],"replies":[{"embeddable":true,"href":"https:\/\/happyinaknit.com\/en\/wp-json\/wp\/v2\/comments?post=3155"}],"wp:featuredmedia":[{"embeddable":true,"href":"https:\/\/happyinaknit.com\/en\/wp-json\/wp\/v2\/media\/3153"}],"wp:attachment":[{"href":"https:\/\/happyinaknit.com\/en\/wp-json\/wp\/v2\/media?parent=3155"}],"wp:term":[{"taxonomy":"product_brand","embeddable":true,"href":"https:\/\/happyinaknit.com\/en\/wp-json\/wp\/v2\/product_brand?post=3155"},{"taxonomy":"product_cat","embeddable":true,"href":"https:\/\/happyinaknit.com\/en\/wp-json\/wp\/v2\/product_cat?post=3155"},{"taxonomy":"product_tag","embeddable":true,"href":"https:\/\/happyinaknit.com\/en\/wp-json\/wp\/v2\/product_tag?post=3155"},{"taxonomy":"pro-kategorijos","embeddable":true,"href":"https:\/\/happyinaknit.com\/en\/wp-json\/wp\/v2\/pro-kategorijos?post=3155"}],"curies":[{"name":"wp","href":"https:\/\/api.w.org\/{rel}","templated":true}]}}