{"id":3092,"date":"2025-10-06T19:58:56","date_gmt":"2025-10-06T19:58:56","guid":{"rendered":"https:\/\/happyinaknit.com\/?post_type=product&#038;p=3092"},"modified":"2025-10-12T12:53:15","modified_gmt":"2025-10-12T12:53:15","slug":"muud-laura-black","status":"publish","type":"product","link":"https:\/\/happyinaknit.com\/en\/product\/muud-laura-black\/","title":{"rendered":"Laura Black"},"content":{"rendered":"<p data-start=\"111\" data-end=\"415\">Time-tested beauty <strong data-start=\"179\" data-end=\"201\">travel bag<\/strong> from <em data-start=\"205\" data-end=\"211\">change<\/em> \u2013 a great choice for those looking for a stylish, spacious and practical accessory. This elegant handbag is suitable for both everyday use and weekend trips or trips when you want to have everything at hand.<\/p>\n<p data-start=\"417\" data-end=\"800\">Made of high-quality genuine leather, the bag closes with a zipper. Inside there is <strong data-start=\"506\" data-end=\"536\">spacious main compartment<\/strong>and several smaller pockets, conveniently designed for your phone, wallet or keys. Also inside you will find <strong data-start=\"644\" data-end=\"688\">removable small leather wallet (10 \u00d7 16 cm)<\/strong>. The large front panel <em data-start=\"724\" data-end=\"730\">change<\/em> The logo gives a classic design a modern and expressive look.<\/p>\n<ul data-start=\"802\" data-end=\"1137\">\n<li data-start=\"802\" data-end=\"978\">\n<p data-start=\"804\" data-end=\"818\"><strong data-start=\"804\" data-end=\"816\">Features:<\/strong><\/p>\n<ul data-start=\"821\" data-end=\"978\">\n<li data-start=\"821\" data-end=\"854\">\n<p data-start=\"823\" data-end=\"854\">Made of genuine leather<\/p>\n<\/li>\n<li data-start=\"857\" data-end=\"882\">\n<p data-start=\"859\" data-end=\"882\">Zipper closure<\/p>\n<\/li>\n<li data-start=\"885\" data-end=\"924\">\n<p data-start=\"887\" data-end=\"924\">Removable leather wallet (10 \u00d7 16 cm)<\/p>\n<\/li>\n<li data-start=\"927\" data-end=\"978\">\n<p data-start=\"929\" data-end=\"978\">Comfortable handles for carrying in hand or on the shoulder<\/p>\n<\/li>\n<\/ul>\n<\/li>\n<li data-start=\"979\" data-end=\"1059\">\n<p data-start=\"981\" data-end=\"999\"><strong data-start=\"981\" data-end=\"997\">Measurements:<\/strong><\/p>\n<ul data-start=\"1002\" data-end=\"1059\">\n<li data-start=\"1002\" data-end=\"1020\">\n<p data-start=\"1004\" data-end=\"1020\">Height: 34 cm<\/p>\n<\/li>\n<li data-start=\"1023\" data-end=\"1040\">\n<p data-start=\"1025\" data-end=\"1040\">Width: 50 cm<\/p>\n<\/li>\n<li data-start=\"1043\" data-end=\"1059\">\n<p data-start=\"1045\" data-end=\"1059\">Depth: 16 cm<\/p>\n<\/li>\n<\/ul>\n<\/li>\n<li data-start=\"1060\" data-end=\"1137\">\n<p data-start=\"1062\" data-end=\"1137\"><strong data-start=\"1062\" data-end=\"1076\">Lining:<\/strong> Patterned polydrill with a smooth surface \u2013 easy to clean<\/p>\n<\/li>\n<\/ul>","protected":false},"excerpt":{"rendered":"<p>Laiko patikrinto gro\u017eio kelioninis krep\u0161ys i\u0161 muud \u2013 puikus pasirinkimas tiems, kurie ie\u0161ko stilingo, erdvaus ir prakti\u0161ko aksesuaro. \u0160i eleganti\u0161ka rankin\u0117 tinka tiek kasdienai, tiek savaitgalio i\u0161vykoms ar kelion\u0117ms, kai norisi tur\u0117ti visk\u0105 po ranka. Pagamintas i\u0161 auk\u0161tos kokyb\u0117s nat\u016bralios odos, krep\u0161ys u\u017esegamas u\u017etrauktuku. Viduje yra erdvus pagrindinis skyriusir kelios ma\u017eesn\u0117s ki\u0161en\u0117l\u0117s, patogiai pritaikytos telefonui, [&hellip;]<\/p>\n","protected":false},"featured_media":3095,"comment_status":"open","ping_status":"closed","template":"","meta":{"_acf_changed":false},"product_brand":[613],"product_cat":[15,1079,20],"product_tag":[],"pro-kategorijos":[],"class_list":{"0":"post-3092","1":"product","2":"type-product","3":"status-publish","4":"has-post-thumbnail","6":"product_brand-muud","7":"product_cat-visi-produktai","8":"product_cat-deklai","9":"product_cat-priedai-mezgimui","11":"first","12":"instock","13":"shipping-taxable","14":"purchasable","15":"product-type-simple"},"acf":[],"yoast_head":"<!-- This site is optimized with the Yoast SEO plugin v26.8 - https:\/\/yoast.com\/product\/yoast-seo-wordpress\/ -->\n<title>Muud Laura Black - Happyinaknit.com<\/title>\n<meta name=\"robots\" content=\"index, follow, max-snippet:-1, max-image-preview:large, max-video-preview:-1\" \/>\n<link rel=\"canonical\" href=\"https:\/\/happyinaknit.com\/en\/product\/muud-laura-black\/\" \/>\n<meta property=\"og:locale\" content=\"en_US\" \/>\n<meta property=\"og:type\" content=\"article\" \/>\n<meta property=\"og:title\" content=\"Muud Laura Black - Happyinaknit.com\" \/>\n<meta property=\"og:description\" content=\"Laiko patikrinto gro\u017eio kelioninis krep\u0161ys i\u0161 muud \u2013 puikus pasirinkimas tiems, kurie ie\u0161ko stilingo, erdvaus ir prakti\u0161ko aksesuaro. \u0160i eleganti\u0161ka rankin\u0117 tinka tiek kasdienai, tiek savaitgalio i\u0161vykoms ar kelion\u0117ms, kai norisi tur\u0117ti visk\u0105 po ranka. Pagamintas i\u0161 auk\u0161tos kokyb\u0117s nat\u016bralios odos, krep\u0161ys u\u017esegamas u\u017etrauktuku. Viduje yra erdvus pagrindinis skyriusir kelios ma\u017eesn\u0117s ki\u0161en\u0117l\u0117s, patogiai pritaikytos telefonui, [&hellip;]\" \/>\n<meta property=\"og:url\" content=\"https:\/\/happyinaknit.com\/en\/product\/muud-laura-black\/\" \/>\n<meta property=\"og:site_name\" content=\"Happyinaknit.com\" \/>\n<meta property=\"article:modified_time\" content=\"2025-10-12T12:53:15+00:00\" \/>\n<meta property=\"og:image\" content=\"https:\/\/happyinaknit.com\/wp-content\/uploads\/2025\/10\/Laura_Tote-Living-QB-4395-Black-8_1800x1800.jpg.webp\" \/>\n\t<meta property=\"og:image:width\" content=\"1200\" \/>\n\t<meta property=\"og:image:height\" content=\"1800\" \/>\n\t<meta property=\"og:image:type\" content=\"image\/webp\" \/>\n<meta name=\"twitter:card\" content=\"summary_large_image\" \/>\n<meta name=\"twitter:label1\" content=\"Est. reading time\" \/>\n\t<meta name=\"twitter:data1\" content=\"1 minute\" \/>\n<script type=\"application\/ld+json\" class=\"yoast-schema-graph\">{\"@context\":\"https:\/\/schema.org\",\"@graph\":[{\"@type\":\"WebPage\",\"@id\":\"https:\/\/happyinaknit.com\/produktas\/muud-laura-black\/\",\"url\":\"https:\/\/happyinaknit.com\/produktas\/muud-laura-black\/\",\"name\":\"Muud Laura Black - Happyinaknit.com\",\"isPartOf\":{\"@id\":\"https:\/\/happyinaknit.com\/lt\/#website\"},\"primaryImageOfPage\":{\"@id\":\"https:\/\/happyinaknit.com\/produktas\/muud-laura-black\/#primaryimage\"},\"image\":{\"@id\":\"https:\/\/happyinaknit.com\/produktas\/muud-laura-black\/#primaryimage\"},\"thumbnailUrl\":\"https:\/\/happyinaknit.com\/wp-content\/uploads\/2025\/10\/Laura_Tote-Living-QB-4395-Black-8_1800x1800.jpg.webp\",\"datePublished\":\"2025-10-06T19:58:56+00:00\",\"dateModified\":\"2025-10-12T12:53:15+00:00\",\"breadcrumb\":{\"@id\":\"https:\/\/happyinaknit.com\/produktas\/muud-laura-black\/#breadcrumb\"},\"inLanguage\":\"en-US\",\"potentialAction\":[{\"@type\":\"ReadAction\",\"target\":[\"https:\/\/happyinaknit.com\/produktas\/muud-laura-black\/\"]}]},{\"@type\":\"ImageObject\",\"inLanguage\":\"en-US\",\"@id\":\"https:\/\/happyinaknit.com\/produktas\/muud-laura-black\/#primaryimage\",\"url\":\"https:\/\/happyinaknit.com\/wp-content\/uploads\/2025\/10\/Laura_Tote-Living-QB-4395-Black-8_1800x1800.jpg.webp\",\"contentUrl\":\"https:\/\/happyinaknit.com\/wp-content\/uploads\/2025\/10\/Laura_Tote-Living-QB-4395-Black-8_1800x1800.jpg.webp\",\"width\":1200,\"height\":1800},{\"@type\":\"BreadcrumbList\",\"@id\":\"https:\/\/happyinaknit.com\/produktas\/muud-laura-black\/#breadcrumb\",\"itemListElement\":[{\"@type\":\"ListItem\",\"position\":1,\"name\":\"Home\",\"item\":\"https:\/\/happyinaknit.com\/lt\/\"},{\"@type\":\"ListItem\",\"position\":2,\"name\":\"Parduotuv\u0117\",\"item\":\"https:\/\/happyinaknit.com\/lt\/parduotuve\/\"},{\"@type\":\"ListItem\",\"position\":3,\"name\":\"Muud Laura Black\"}]},{\"@type\":\"WebSite\",\"@id\":\"https:\/\/happyinaknit.com\/lt\/#website\",\"url\":\"https:\/\/happyinaknit.com\/lt\/\",\"name\":\"Happyinaknit.com\",\"description\":\"\",\"potentialAction\":[{\"@type\":\"SearchAction\",\"target\":{\"@type\":\"EntryPoint\",\"urlTemplate\":\"https:\/\/happyinaknit.com\/lt\/?s={search_term_string}\"},\"query-input\":{\"@type\":\"PropertyValueSpecification\",\"valueRequired\":true,\"valueName\":\"search_term_string\"}}],\"inLanguage\":\"en-US\"}]}<\/script>\n<!-- \/ Yoast SEO plugin. -->","yoast_head_json":{"title":"Muud Laura Black - Happyinaknit.com","robots":{"index":"index","follow":"follow","max-snippet":"max-snippet:-1","max-image-preview":"max-image-preview:large","max-video-preview":"max-video-preview:-1"},"canonical":"https:\/\/happyinaknit.com\/en\/product\/muud-laura-black\/","og_locale":"en_US","og_type":"article","og_title":"Muud Laura Black - Happyinaknit.com","og_description":"Laiko patikrinto gro\u017eio kelioninis krep\u0161ys i\u0161 muud \u2013 puikus pasirinkimas tiems, kurie ie\u0161ko stilingo, erdvaus ir prakti\u0161ko aksesuaro. \u0160i eleganti\u0161ka rankin\u0117 tinka tiek kasdienai, tiek savaitgalio i\u0161vykoms ar kelion\u0117ms, kai norisi tur\u0117ti visk\u0105 po ranka. Pagamintas i\u0161 auk\u0161tos kokyb\u0117s nat\u016bralios odos, krep\u0161ys u\u017esegamas u\u017etrauktuku. Viduje yra erdvus pagrindinis skyriusir kelios ma\u017eesn\u0117s ki\u0161en\u0117l\u0117s, patogiai pritaikytos telefonui, [&hellip;]","og_url":"https:\/\/happyinaknit.com\/en\/product\/muud-laura-black\/","og_site_name":"Happyinaknit.com","article_modified_time":"2025-10-12T12:53:15+00:00","og_image":[{"width":1200,"height":1800,"url":"https:\/\/happyinaknit.com\/wp-content\/uploads\/2025\/10\/Laura_Tote-Living-QB-4395-Black-8_1800x1800.jpg.webp","type":"image\/webp"}],"twitter_card":"summary_large_image","twitter_misc":{"Est. reading time":"1 minute"},"schema":{"@context":"https:\/\/schema.org","@graph":[{"@type":"WebPage","@id":"https:\/\/happyinaknit.com\/produktas\/muud-laura-black\/","url":"https:\/\/happyinaknit.com\/produktas\/muud-laura-black\/","name":"Muud Laura Black - Happyinaknit.com","isPartOf":{"@id":"https:\/\/happyinaknit.com\/lt\/#website"},"primaryImageOfPage":{"@id":"https:\/\/happyinaknit.com\/produktas\/muud-laura-black\/#primaryimage"},"image":{"@id":"https:\/\/happyinaknit.com\/produktas\/muud-laura-black\/#primaryimage"},"thumbnailUrl":"https:\/\/happyinaknit.com\/wp-content\/uploads\/2025\/10\/Laura_Tote-Living-QB-4395-Black-8_1800x1800.jpg.webp","datePublished":"2025-10-06T19:58:56+00:00","dateModified":"2025-10-12T12:53:15+00:00","breadcrumb":{"@id":"https:\/\/happyinaknit.com\/produktas\/muud-laura-black\/#breadcrumb"},"inLanguage":"en-US","potentialAction":[{"@type":"ReadAction","target":["https:\/\/happyinaknit.com\/produktas\/muud-laura-black\/"]}]},{"@type":"ImageObject","inLanguage":"en-US","@id":"https:\/\/happyinaknit.com\/produktas\/muud-laura-black\/#primaryimage","url":"https:\/\/happyinaknit.com\/wp-content\/uploads\/2025\/10\/Laura_Tote-Living-QB-4395-Black-8_1800x1800.jpg.webp","contentUrl":"https:\/\/happyinaknit.com\/wp-content\/uploads\/2025\/10\/Laura_Tote-Living-QB-4395-Black-8_1800x1800.jpg.webp","width":1200,"height":1800},{"@type":"BreadcrumbList","@id":"https:\/\/happyinaknit.com\/produktas\/muud-laura-black\/#breadcrumb","itemListElement":[{"@type":"ListItem","position":1,"name":"Home","item":"https:\/\/happyinaknit.com\/lt\/"},{"@type":"ListItem","position":2,"name":"Parduotuv\u0117","item":"https:\/\/happyinaknit.com\/lt\/parduotuve\/"},{"@type":"ListItem","position":3,"name":"Muud Laura Black"}]},{"@type":"WebSite","@id":"https:\/\/happyinaknit.com\/lt\/#website","url":"https:\/\/happyinaknit.com\/lt\/","name":"Happyinaknit.com","description":"","potentialAction":[{"@type":"SearchAction","target":{"@type":"EntryPoint","urlTemplate":"https:\/\/happyinaknit.com\/lt\/?s={search_term_string}"},"query-input":{"@type":"PropertyValueSpecification","valueRequired":true,"valueName":"search_term_string"}}],"inLanguage":"en-US"}]}},"_links":{"self":[{"href":"https:\/\/happyinaknit.com\/en\/wp-json\/wp\/v2\/product\/3092","targetHints":{"allow":["GET"]}}],"collection":[{"href":"https:\/\/happyinaknit.com\/en\/wp-json\/wp\/v2\/product"}],"about":[{"href":"https:\/\/happyinaknit.com\/en\/wp-json\/wp\/v2\/types\/product"}],"replies":[{"embeddable":true,"href":"https:\/\/happyinaknit.com\/en\/wp-json\/wp\/v2\/comments?post=3092"}],"wp:featuredmedia":[{"embeddable":true,"href":"https:\/\/happyinaknit.com\/en\/wp-json\/wp\/v2\/media\/3095"}],"wp:attachment":[{"href":"https:\/\/happyinaknit.com\/en\/wp-json\/wp\/v2\/media?parent=3092"}],"wp:term":[{"taxonomy":"product_brand","embeddable":true,"href":"https:\/\/happyinaknit.com\/en\/wp-json\/wp\/v2\/product_brand?post=3092"},{"taxonomy":"product_cat","embeddable":true,"href":"https:\/\/happyinaknit.com\/en\/wp-json\/wp\/v2\/product_cat?post=3092"},{"taxonomy":"product_tag","embeddable":true,"href":"https:\/\/happyinaknit.com\/en\/wp-json\/wp\/v2\/product_tag?post=3092"},{"taxonomy":"pro-kategorijos","embeddable":true,"href":"https:\/\/happyinaknit.com\/en\/wp-json\/wp\/v2\/pro-kategorijos?post=3092"}],"curies":[{"name":"wp","href":"https:\/\/api.w.org\/{rel}","templated":true}]}}