{"id":3086,"date":"2025-10-06T19:51:53","date_gmt":"2025-10-06T19:51:53","guid":{"rendered":"https:\/\/happyinaknit.com\/?post_type=product&#038;p=3086"},"modified":"2025-10-12T12:53:15","modified_gmt":"2025-10-12T12:53:15","slug":"muud-betsy-xl-whisky","status":"publish","type":"product","link":"https:\/\/happyinaknit.com\/en\/product\/muud-betsy-xl-whisky\/","title":{"rendered":"Muud Betsy XL Whisky"},"content":{"rendered":"<p data-start=\"101\" data-end=\"353\"><strong data-start=\"148\" data-end=\"160\">Betsy XL<\/strong> \u00a0\u2013 is a uniquely designed everyday handbag with a beautiful, quilted pattern. This fashionable <strong data-start=\"254\" data-end=\"270\">maxi handbag<\/strong> will become a bright accent in your image.<\/p>\n<p data-start=\"355\" data-end=\"728\">The handbag is handmade from soft, high-quality genuine leather, which gains even more charm over time. Carefully thought-out details both inside and out make the Betsy XL a versatile choice - it is suitable for both everyday and special occasions. The leather strip on the sides subtly shapes the silhouette of the bag, giving it an elegant shape.<\/p>\n<p data-start=\"730\" data-end=\"877\">The bag can be carried by two handles - on the shoulder, on the arm or in the hands. It is also perfect as a <strong data-start=\"837\" data-end=\"874\">weekend or travel bag<\/strong>.<\/p>\n<ul data-start=\"879\" data-end=\"1331\">\n<li data-start=\"879\" data-end=\"1074\">\n<p data-start=\"881\" data-end=\"895\"><strong data-start=\"881\" data-end=\"893\">Features:<\/strong><\/p>\n<ul data-start=\"898\" data-end=\"1074\">\n<li data-start=\"898\" data-end=\"934\">\n<p data-start=\"900\" data-end=\"934\">Exclusive quilted design<\/p>\n<\/li>\n<li data-start=\"937\" data-end=\"988\">\n<p data-start=\"939\" data-end=\"988\">Natural leather that ages beautifully over time<\/p>\n<\/li>\n<li data-start=\"991\" data-end=\"1042\">\n<p data-start=\"993\" data-end=\"1042\">Internal zip pocket for phone or small items<\/p>\n<\/li>\n<li data-start=\"1045\" data-end=\"1074\">\n<p data-start=\"1047\" data-end=\"1074\">Sturdy bottom construction<\/p>\n<\/li>\n<\/ul>\n<\/li>\n<li data-start=\"1075\" data-end=\"1191\">\n<p data-start=\"1077\" data-end=\"1095\"><strong data-start=\"1077\" data-end=\"1093\">Measurements:<\/strong><\/p>\n<ul data-start=\"1098\" data-end=\"1191\">\n<li data-start=\"1098\" data-end=\"1116\">\n<p data-start=\"1100\" data-end=\"1116\">Height: 42 cm<\/p>\n<\/li>\n<li data-start=\"1119\" data-end=\"1143\">\n<p data-start=\"1121\" data-end=\"1143\">Length at the top: 56 cm<\/p>\n<\/li>\n<li data-start=\"1146\" data-end=\"1171\">\n<p data-start=\"1148\" data-end=\"1171\">Bottom length: 36 cm<\/p>\n<\/li>\n<li data-start=\"1174\" data-end=\"1191\">\n<p data-start=\"1176\" data-end=\"1191\">Width: 12 cm<\/p>\n<\/li>\n<\/ul>\n<\/li>\n<li data-start=\"1192\" data-end=\"1232\">\n<p data-start=\"1194\" data-end=\"1232\"><strong data-start=\"1194\" data-end=\"1214\">Shoulder strap:<\/strong> none (handles)<\/p>\n<\/li>\n<li data-start=\"1233\" data-end=\"1263\">\n<p data-start=\"1235\" data-end=\"1263\"><strong data-start=\"1235\" data-end=\"1248\">Material:<\/strong> natural leather<\/p>\n<\/li>\n<li data-start=\"1264\" data-end=\"1331\">\n<p data-start=\"1266\" data-end=\"1331\"><strong data-start=\"1266\" data-end=\"1280\">Lining:<\/strong> Polydrill with a smooth surface \u2013 easy to clean<\/p>\n<\/li>\n<\/ul>","protected":false},"excerpt":{"rendered":"<p>Betsy XL \u00a0\u2013 tai i\u0161skirtinio dizaino kasdien\u0117 rankin\u0117 su gra\u017eiu, dygsniuotu ra\u0161tu. \u0160i madinga maxi rankin\u0117 taps ry\u0161kiu akcentu j\u016bs\u0173 \u012fvaizdyje. Rankin\u0117 pagaminta rankomis i\u0161 mink\u0161tos, auk\u0161tos kokyb\u0117s nat\u016bralios odos, kuri laikui b\u0117gant \u012fgauna dar daugiau \u017eavesio. Kruop\u0161\u010diai apgalvotos detal\u0117s tiek viduje, tiek i\u0161or\u0117je paver\u010dia \u201eBetsy XL\u201c universaliu pasirinkimu \u2013 ji tinka tiek kasdienai, tiek [&hellip;]<\/p>\n","protected":false},"featured_media":3088,"comment_status":"open","ping_status":"closed","template":"","meta":{"_acf_changed":false},"product_brand":[613],"product_cat":[15,1079,20],"product_tag":[],"pro-kategorijos":[],"class_list":{"0":"post-3086","1":"product","2":"type-product","3":"status-publish","4":"has-post-thumbnail","6":"product_brand-muud","7":"product_cat-visi-produktai","8":"product_cat-deklai","9":"product_cat-priedai-mezgimui","11":"first","12":"instock","13":"sold-individually","14":"shipping-taxable","15":"purchasable","16":"product-type-simple"},"acf":[],"yoast_head":"<!-- This site is optimized with the Yoast SEO plugin v26.8 - https:\/\/yoast.com\/product\/yoast-seo-wordpress\/ -->\n<title>Muud Betsy XL Whisky - Happyinaknit.com<\/title>\n<meta name=\"robots\" content=\"index, follow, max-snippet:-1, max-image-preview:large, max-video-preview:-1\" \/>\n<link rel=\"canonical\" href=\"https:\/\/happyinaknit.com\/en\/product\/muud-betsy-xl-whisky\/\" \/>\n<meta property=\"og:locale\" content=\"en_US\" \/>\n<meta property=\"og:type\" content=\"article\" \/>\n<meta property=\"og:title\" content=\"Muud Betsy XL Whisky - Happyinaknit.com\" \/>\n<meta property=\"og:description\" content=\"Betsy XL \u00a0\u2013 tai i\u0161skirtinio dizaino kasdien\u0117 rankin\u0117 su gra\u017eiu, dygsniuotu ra\u0161tu. \u0160i madinga maxi rankin\u0117 taps ry\u0161kiu akcentu j\u016bs\u0173 \u012fvaizdyje. Rankin\u0117 pagaminta rankomis i\u0161 mink\u0161tos, auk\u0161tos kokyb\u0117s nat\u016bralios odos, kuri laikui b\u0117gant \u012fgauna dar daugiau \u017eavesio. Kruop\u0161\u010diai apgalvotos detal\u0117s tiek viduje, tiek i\u0161or\u0117je paver\u010dia \u201eBetsy XL\u201c universaliu pasirinkimu \u2013 ji tinka tiek kasdienai, tiek [&hellip;]\" \/>\n<meta property=\"og:url\" content=\"https:\/\/happyinaknit.com\/en\/product\/muud-betsy-xl-whisky\/\" \/>\n<meta property=\"og:site_name\" content=\"Happyinaknit.com\" \/>\n<meta property=\"article:modified_time\" content=\"2025-10-12T12:53:15+00:00\" \/>\n<meta property=\"og:image\" content=\"https:\/\/happyinaknit.com\/wp-content\/uploads\/2025\/10\/Betsy_XL-News-QB-4439R2-Whisky-2_1800x1800.png.webp\" \/>\n\t<meta property=\"og:image:width\" content=\"1200\" \/>\n\t<meta property=\"og:image:height\" content=\"1800\" \/>\n\t<meta property=\"og:image:type\" content=\"image\/webp\" \/>\n<meta name=\"twitter:card\" content=\"summary_large_image\" \/>\n<meta name=\"twitter:label1\" content=\"Est. reading time\" \/>\n\t<meta name=\"twitter:data1\" content=\"1 minute\" \/>\n<script type=\"application\/ld+json\" class=\"yoast-schema-graph\">{\"@context\":\"https:\/\/schema.org\",\"@graph\":[{\"@type\":\"WebPage\",\"@id\":\"https:\/\/happyinaknit.com\/produktas\/muud-betsy-xl-whisky\/\",\"url\":\"https:\/\/happyinaknit.com\/produktas\/muud-betsy-xl-whisky\/\",\"name\":\"Muud Betsy XL Whisky - Happyinaknit.com\",\"isPartOf\":{\"@id\":\"https:\/\/happyinaknit.com\/lt\/#website\"},\"primaryImageOfPage\":{\"@id\":\"https:\/\/happyinaknit.com\/produktas\/muud-betsy-xl-whisky\/#primaryimage\"},\"image\":{\"@id\":\"https:\/\/happyinaknit.com\/produktas\/muud-betsy-xl-whisky\/#primaryimage\"},\"thumbnailUrl\":\"https:\/\/happyinaknit.com\/wp-content\/uploads\/2025\/10\/Betsy_XL-News-QB-4439R2-Whisky-2_1800x1800.png.webp\",\"datePublished\":\"2025-10-06T19:51:53+00:00\",\"dateModified\":\"2025-10-12T12:53:15+00:00\",\"breadcrumb\":{\"@id\":\"https:\/\/happyinaknit.com\/produktas\/muud-betsy-xl-whisky\/#breadcrumb\"},\"inLanguage\":\"en-US\",\"potentialAction\":[{\"@type\":\"ReadAction\",\"target\":[\"https:\/\/happyinaknit.com\/produktas\/muud-betsy-xl-whisky\/\"]}]},{\"@type\":\"ImageObject\",\"inLanguage\":\"en-US\",\"@id\":\"https:\/\/happyinaknit.com\/produktas\/muud-betsy-xl-whisky\/#primaryimage\",\"url\":\"https:\/\/happyinaknit.com\/wp-content\/uploads\/2025\/10\/Betsy_XL-News-QB-4439R2-Whisky-2_1800x1800.png.webp\",\"contentUrl\":\"https:\/\/happyinaknit.com\/wp-content\/uploads\/2025\/10\/Betsy_XL-News-QB-4439R2-Whisky-2_1800x1800.png.webp\",\"width\":1200,\"height\":1800},{\"@type\":\"BreadcrumbList\",\"@id\":\"https:\/\/happyinaknit.com\/produktas\/muud-betsy-xl-whisky\/#breadcrumb\",\"itemListElement\":[{\"@type\":\"ListItem\",\"position\":1,\"name\":\"Home\",\"item\":\"https:\/\/happyinaknit.com\/lt\/\"},{\"@type\":\"ListItem\",\"position\":2,\"name\":\"Parduotuv\u0117\",\"item\":\"https:\/\/happyinaknit.com\/lt\/parduotuve\/\"},{\"@type\":\"ListItem\",\"position\":3,\"name\":\"Muud Betsy XL Whisky\"}]},{\"@type\":\"WebSite\",\"@id\":\"https:\/\/happyinaknit.com\/lt\/#website\",\"url\":\"https:\/\/happyinaknit.com\/lt\/\",\"name\":\"Happyinaknit.com\",\"description\":\"\",\"potentialAction\":[{\"@type\":\"SearchAction\",\"target\":{\"@type\":\"EntryPoint\",\"urlTemplate\":\"https:\/\/happyinaknit.com\/lt\/?s={search_term_string}\"},\"query-input\":{\"@type\":\"PropertyValueSpecification\",\"valueRequired\":true,\"valueName\":\"search_term_string\"}}],\"inLanguage\":\"en-US\"}]}<\/script>\n<!-- \/ Yoast SEO plugin. -->","yoast_head_json":{"title":"Muud Betsy XL Whisky - Happyinaknit.com","robots":{"index":"index","follow":"follow","max-snippet":"max-snippet:-1","max-image-preview":"max-image-preview:large","max-video-preview":"max-video-preview:-1"},"canonical":"https:\/\/happyinaknit.com\/en\/product\/muud-betsy-xl-whisky\/","og_locale":"en_US","og_type":"article","og_title":"Muud Betsy XL Whisky - Happyinaknit.com","og_description":"Betsy XL \u00a0\u2013 tai i\u0161skirtinio dizaino kasdien\u0117 rankin\u0117 su gra\u017eiu, dygsniuotu ra\u0161tu. \u0160i madinga maxi rankin\u0117 taps ry\u0161kiu akcentu j\u016bs\u0173 \u012fvaizdyje. Rankin\u0117 pagaminta rankomis i\u0161 mink\u0161tos, auk\u0161tos kokyb\u0117s nat\u016bralios odos, kuri laikui b\u0117gant \u012fgauna dar daugiau \u017eavesio. Kruop\u0161\u010diai apgalvotos detal\u0117s tiek viduje, tiek i\u0161or\u0117je paver\u010dia \u201eBetsy XL\u201c universaliu pasirinkimu \u2013 ji tinka tiek kasdienai, tiek [&hellip;]","og_url":"https:\/\/happyinaknit.com\/en\/product\/muud-betsy-xl-whisky\/","og_site_name":"Happyinaknit.com","article_modified_time":"2025-10-12T12:53:15+00:00","og_image":[{"width":1200,"height":1800,"url":"https:\/\/happyinaknit.com\/wp-content\/uploads\/2025\/10\/Betsy_XL-News-QB-4439R2-Whisky-2_1800x1800.png.webp","type":"image\/webp"}],"twitter_card":"summary_large_image","twitter_misc":{"Est. reading time":"1 minute"},"schema":{"@context":"https:\/\/schema.org","@graph":[{"@type":"WebPage","@id":"https:\/\/happyinaknit.com\/produktas\/muud-betsy-xl-whisky\/","url":"https:\/\/happyinaknit.com\/produktas\/muud-betsy-xl-whisky\/","name":"Muud Betsy XL Whisky - Happyinaknit.com","isPartOf":{"@id":"https:\/\/happyinaknit.com\/lt\/#website"},"primaryImageOfPage":{"@id":"https:\/\/happyinaknit.com\/produktas\/muud-betsy-xl-whisky\/#primaryimage"},"image":{"@id":"https:\/\/happyinaknit.com\/produktas\/muud-betsy-xl-whisky\/#primaryimage"},"thumbnailUrl":"https:\/\/happyinaknit.com\/wp-content\/uploads\/2025\/10\/Betsy_XL-News-QB-4439R2-Whisky-2_1800x1800.png.webp","datePublished":"2025-10-06T19:51:53+00:00","dateModified":"2025-10-12T12:53:15+00:00","breadcrumb":{"@id":"https:\/\/happyinaknit.com\/produktas\/muud-betsy-xl-whisky\/#breadcrumb"},"inLanguage":"en-US","potentialAction":[{"@type":"ReadAction","target":["https:\/\/happyinaknit.com\/produktas\/muud-betsy-xl-whisky\/"]}]},{"@type":"ImageObject","inLanguage":"en-US","@id":"https:\/\/happyinaknit.com\/produktas\/muud-betsy-xl-whisky\/#primaryimage","url":"https:\/\/happyinaknit.com\/wp-content\/uploads\/2025\/10\/Betsy_XL-News-QB-4439R2-Whisky-2_1800x1800.png.webp","contentUrl":"https:\/\/happyinaknit.com\/wp-content\/uploads\/2025\/10\/Betsy_XL-News-QB-4439R2-Whisky-2_1800x1800.png.webp","width":1200,"height":1800},{"@type":"BreadcrumbList","@id":"https:\/\/happyinaknit.com\/produktas\/muud-betsy-xl-whisky\/#breadcrumb","itemListElement":[{"@type":"ListItem","position":1,"name":"Home","item":"https:\/\/happyinaknit.com\/lt\/"},{"@type":"ListItem","position":2,"name":"Parduotuv\u0117","item":"https:\/\/happyinaknit.com\/lt\/parduotuve\/"},{"@type":"ListItem","position":3,"name":"Muud Betsy XL Whisky"}]},{"@type":"WebSite","@id":"https:\/\/happyinaknit.com\/lt\/#website","url":"https:\/\/happyinaknit.com\/lt\/","name":"Happyinaknit.com","description":"","potentialAction":[{"@type":"SearchAction","target":{"@type":"EntryPoint","urlTemplate":"https:\/\/happyinaknit.com\/lt\/?s={search_term_string}"},"query-input":{"@type":"PropertyValueSpecification","valueRequired":true,"valueName":"search_term_string"}}],"inLanguage":"en-US"}]}},"_links":{"self":[{"href":"https:\/\/happyinaknit.com\/en\/wp-json\/wp\/v2\/product\/3086","targetHints":{"allow":["GET"]}}],"collection":[{"href":"https:\/\/happyinaknit.com\/en\/wp-json\/wp\/v2\/product"}],"about":[{"href":"https:\/\/happyinaknit.com\/en\/wp-json\/wp\/v2\/types\/product"}],"replies":[{"embeddable":true,"href":"https:\/\/happyinaknit.com\/en\/wp-json\/wp\/v2\/comments?post=3086"}],"wp:featuredmedia":[{"embeddable":true,"href":"https:\/\/happyinaknit.com\/en\/wp-json\/wp\/v2\/media\/3088"}],"wp:attachment":[{"href":"https:\/\/happyinaknit.com\/en\/wp-json\/wp\/v2\/media?parent=3086"}],"wp:term":[{"taxonomy":"product_brand","embeddable":true,"href":"https:\/\/happyinaknit.com\/en\/wp-json\/wp\/v2\/product_brand?post=3086"},{"taxonomy":"product_cat","embeddable":true,"href":"https:\/\/happyinaknit.com\/en\/wp-json\/wp\/v2\/product_cat?post=3086"},{"taxonomy":"product_tag","embeddable":true,"href":"https:\/\/happyinaknit.com\/en\/wp-json\/wp\/v2\/product_tag?post=3086"},{"taxonomy":"pro-kategorijos","embeddable":true,"href":"https:\/\/happyinaknit.com\/en\/wp-json\/wp\/v2\/pro-kategorijos?post=3086"}],"curies":[{"name":"wp","href":"https:\/\/api.w.org\/{rel}","templated":true}]}}