{"id":3056,"date":"2025-10-06T19:13:24","date_gmt":"2025-10-06T19:13:24","guid":{"rendered":"https:\/\/happyinaknit.com\/?post_type=product&#038;p=3056"},"modified":"2025-10-28T09:50:46","modified_gmt":"2025-10-28T09:50:46","slug":"muud-emeli-whisky","status":"publish","type":"product","link":"https:\/\/happyinaknit.com\/en\/product\/muud-emeli-whisky\/","title":{"rendered":"Muud Emeli Whisky"},"content":{"rendered":"<p data-start=\"96\" data-end=\"426\"><strong data-start=\"149\" data-end=\"158\">Emily<\/strong>\u00a0\u2013 is a small, round leather case designed for creators who value order and aesthetics. It is ideal for <strong data-start=\"272\" data-end=\"349\">for needles, embroidery supplies, beads, buttons or other small items<\/strong> to store \u2013 for everything that often tends to get lost both at home and while traveling.<\/p>\n<p data-start=\"428\" data-end=\"658\">The sturdy shape and magnetic bottom help keep the needles in place, while the zipperless lid gives the box a minimalist, elegant look. Thanks to its design, Emeli is also perfect for use as a <strong data-start=\"635\" data-end=\"655\">jewelry box<\/strong>.<\/p>\n<ul data-start=\"660\" data-end=\"988\">\n<li data-start=\"660\" data-end=\"827\">\n<p data-start=\"662\" data-end=\"676\"><strong data-start=\"662\" data-end=\"674\">Features:<\/strong><\/p>\n<ul data-start=\"679\" data-end=\"827\">\n<li data-start=\"679\" data-end=\"724\">\n<p data-start=\"681\" data-end=\"724\">Handmade, made of genuine leather<\/p>\n<\/li>\n<li data-start=\"727\" data-end=\"770\">\n<p data-start=\"729\" data-end=\"770\">Closure with flap (no zipper)<\/p>\n<\/li>\n<li data-start=\"773\" data-end=\"827\">\n<p data-start=\"775\" data-end=\"827\">Magnetic bottom \u2013 for storing needles and small items<\/p>\n<\/li>\n<\/ul>\n<\/li>\n<li data-start=\"828\" data-end=\"889\">\n<p data-start=\"830\" data-end=\"848\"><strong data-start=\"830\" data-end=\"846\">Measurements:<\/strong><\/p>\n<ul data-start=\"851\" data-end=\"889\">\n<li data-start=\"851\" data-end=\"868\">\n<p data-start=\"853\" data-end=\"868\">Height: 4 cm<\/p>\n<\/li>\n<li data-start=\"871\" data-end=\"889\">\n<p data-start=\"873\" data-end=\"889\">Diameter: 8 cm<\/p>\n<\/li>\n<\/ul>\n<\/li>\n<li data-start=\"890\" data-end=\"920\">\n<p data-start=\"892\" data-end=\"920\"><strong data-start=\"892\" data-end=\"905\">Material:<\/strong> natural leather<\/p>\n<\/li>\n<li data-start=\"921\" data-end=\"988\">\n<p data-start=\"923\" data-end=\"988\"><strong data-start=\"923\" data-end=\"937\">Lining:<\/strong> Polydrill with a smooth surface \u2013 easy to clean<\/p>\n<\/li>\n<\/ul>","protected":false},"excerpt":{"rendered":"<p>Emeli\u00a0\u2013 tai ma\u017ea, apvali odin\u0117 d\u0117\u017eut\u0117, sukurta k\u016br\u0117jams, vertinantiems tvark\u0105 ir estetik\u0105. Ji idealiai tinka adatai, siuvin\u0117jimo reikmenims, karoliukams, sagoms ar kitoms smulkmenoms laikyti \u2013 viskam, kas da\u017enai link\u0119 pasimesti tiek namuose, tiek kelion\u0117se. Tvirta forma ir magnetinis dugnas padeda i\u0161laikyti adatas savo vietoje, o dangtelis be u\u017etrauktuko suteikia d\u0117\u017eutei minimalistin\u012f, eleganti\u0161k\u0105 \u012fvaizd\u012f. D\u0117l savo [&hellip;]<\/p>\n","protected":false},"featured_media":3053,"comment_status":"open","ping_status":"closed","template":"","meta":{"_acf_changed":false},"product_brand":[613],"product_cat":[15,1079,20],"product_tag":[],"pro-kategorijos":[],"class_list":{"0":"post-3056","1":"product","2":"type-product","3":"status-publish","4":"has-post-thumbnail","6":"product_brand-muud","7":"product_cat-visi-produktai","8":"product_cat-deklai","9":"product_cat-priedai-mezgimui","11":"first","12":"instock","13":"shipping-taxable","14":"purchasable","15":"product-type-simple"},"acf":[],"yoast_head":"<!-- This site is optimized with the Yoast SEO plugin v26.8 - https:\/\/yoast.com\/product\/yoast-seo-wordpress\/ -->\n<title>Muud Emeli Whisky - Happyinaknit.com<\/title>\n<meta name=\"robots\" content=\"index, follow, max-snippet:-1, max-image-preview:large, max-video-preview:-1\" \/>\n<link rel=\"canonical\" href=\"https:\/\/happyinaknit.com\/en\/product\/muud-emeli-whisky\/\" \/>\n<meta property=\"og:locale\" content=\"en_US\" \/>\n<meta property=\"og:type\" content=\"article\" \/>\n<meta property=\"og:title\" content=\"Muud Emeli Whisky - Happyinaknit.com\" \/>\n<meta property=\"og:description\" content=\"Emeli\u00a0\u2013 tai ma\u017ea, apvali odin\u0117 d\u0117\u017eut\u0117, sukurta k\u016br\u0117jams, vertinantiems tvark\u0105 ir estetik\u0105. Ji idealiai tinka adatai, siuvin\u0117jimo reikmenims, karoliukams, sagoms ar kitoms smulkmenoms laikyti \u2013 viskam, kas da\u017enai link\u0119 pasimesti tiek namuose, tiek kelion\u0117se. Tvirta forma ir magnetinis dugnas padeda i\u0161laikyti adatas savo vietoje, o dangtelis be u\u017etrauktuko suteikia d\u0117\u017eutei minimalistin\u012f, eleganti\u0161k\u0105 \u012fvaizd\u012f. D\u0117l savo [&hellip;]\" \/>\n<meta property=\"og:url\" content=\"https:\/\/happyinaknit.com\/en\/product\/muud-emeli-whisky\/\" \/>\n<meta property=\"og:site_name\" content=\"Happyinaknit.com\" \/>\n<meta property=\"article:modified_time\" content=\"2025-10-28T09:50:46+00:00\" \/>\n<meta property=\"og:image\" content=\"https:\/\/happyinaknit.com\/wp-content\/uploads\/2025\/10\/Emeli_Case-Embroidery-QB-4382-Whisky-5_1800x1800.jpg.webp\" \/>\n\t<meta property=\"og:image:width\" content=\"1200\" \/>\n\t<meta property=\"og:image:height\" content=\"1800\" \/>\n\t<meta property=\"og:image:type\" content=\"image\/webp\" \/>\n<meta name=\"twitter:card\" content=\"summary_large_image\" \/>\n<meta name=\"twitter:label1\" content=\"Est. reading time\" \/>\n\t<meta name=\"twitter:data1\" content=\"1 minute\" \/>\n<script type=\"application\/ld+json\" class=\"yoast-schema-graph\">{\"@context\":\"https:\/\/schema.org\",\"@graph\":[{\"@type\":\"WebPage\",\"@id\":\"https:\/\/happyinaknit.com\/produktas\/muud-emeli-whisky\/\",\"url\":\"https:\/\/happyinaknit.com\/produktas\/muud-emeli-whisky\/\",\"name\":\"Muud Emeli Whisky - Happyinaknit.com\",\"isPartOf\":{\"@id\":\"https:\/\/happyinaknit.com\/lt\/#website\"},\"primaryImageOfPage\":{\"@id\":\"https:\/\/happyinaknit.com\/produktas\/muud-emeli-whisky\/#primaryimage\"},\"image\":{\"@id\":\"https:\/\/happyinaknit.com\/produktas\/muud-emeli-whisky\/#primaryimage\"},\"thumbnailUrl\":\"https:\/\/happyinaknit.com\/wp-content\/uploads\/2025\/10\/Emeli_Case-Embroidery-QB-4382-Whisky-5_1800x1800.jpg.webp\",\"datePublished\":\"2025-10-06T19:13:24+00:00\",\"dateModified\":\"2025-10-28T09:50:46+00:00\",\"breadcrumb\":{\"@id\":\"https:\/\/happyinaknit.com\/produktas\/muud-emeli-whisky\/#breadcrumb\"},\"inLanguage\":\"en-US\",\"potentialAction\":[{\"@type\":\"ReadAction\",\"target\":[\"https:\/\/happyinaknit.com\/produktas\/muud-emeli-whisky\/\"]}]},{\"@type\":\"ImageObject\",\"inLanguage\":\"en-US\",\"@id\":\"https:\/\/happyinaknit.com\/produktas\/muud-emeli-whisky\/#primaryimage\",\"url\":\"https:\/\/happyinaknit.com\/wp-content\/uploads\/2025\/10\/Emeli_Case-Embroidery-QB-4382-Whisky-5_1800x1800.jpg.webp\",\"contentUrl\":\"https:\/\/happyinaknit.com\/wp-content\/uploads\/2025\/10\/Emeli_Case-Embroidery-QB-4382-Whisky-5_1800x1800.jpg.webp\",\"width\":1200,\"height\":1800},{\"@type\":\"BreadcrumbList\",\"@id\":\"https:\/\/happyinaknit.com\/produktas\/muud-emeli-whisky\/#breadcrumb\",\"itemListElement\":[{\"@type\":\"ListItem\",\"position\":1,\"name\":\"Home\",\"item\":\"https:\/\/happyinaknit.com\/lt\/\"},{\"@type\":\"ListItem\",\"position\":2,\"name\":\"Parduotuv\u0117\",\"item\":\"https:\/\/happyinaknit.com\/lt\/parduotuve\/\"},{\"@type\":\"ListItem\",\"position\":3,\"name\":\"Muud Emeli Whisky\"}]},{\"@type\":\"WebSite\",\"@id\":\"https:\/\/happyinaknit.com\/lt\/#website\",\"url\":\"https:\/\/happyinaknit.com\/lt\/\",\"name\":\"Happyinaknit.com\",\"description\":\"\",\"potentialAction\":[{\"@type\":\"SearchAction\",\"target\":{\"@type\":\"EntryPoint\",\"urlTemplate\":\"https:\/\/happyinaknit.com\/lt\/?s={search_term_string}\"},\"query-input\":{\"@type\":\"PropertyValueSpecification\",\"valueRequired\":true,\"valueName\":\"search_term_string\"}}],\"inLanguage\":\"en-US\"}]}<\/script>\n<!-- \/ Yoast SEO plugin. -->","yoast_head_json":{"title":"Muud Emeli Whisky - Happyinaknit.com","robots":{"index":"index","follow":"follow","max-snippet":"max-snippet:-1","max-image-preview":"max-image-preview:large","max-video-preview":"max-video-preview:-1"},"canonical":"https:\/\/happyinaknit.com\/en\/product\/muud-emeli-whisky\/","og_locale":"en_US","og_type":"article","og_title":"Muud Emeli Whisky - Happyinaknit.com","og_description":"Emeli\u00a0\u2013 tai ma\u017ea, apvali odin\u0117 d\u0117\u017eut\u0117, sukurta k\u016br\u0117jams, vertinantiems tvark\u0105 ir estetik\u0105. Ji idealiai tinka adatai, siuvin\u0117jimo reikmenims, karoliukams, sagoms ar kitoms smulkmenoms laikyti \u2013 viskam, kas da\u017enai link\u0119 pasimesti tiek namuose, tiek kelion\u0117se. Tvirta forma ir magnetinis dugnas padeda i\u0161laikyti adatas savo vietoje, o dangtelis be u\u017etrauktuko suteikia d\u0117\u017eutei minimalistin\u012f, eleganti\u0161k\u0105 \u012fvaizd\u012f. D\u0117l savo [&hellip;]","og_url":"https:\/\/happyinaknit.com\/en\/product\/muud-emeli-whisky\/","og_site_name":"Happyinaknit.com","article_modified_time":"2025-10-28T09:50:46+00:00","og_image":[{"width":1200,"height":1800,"url":"https:\/\/happyinaknit.com\/wp-content\/uploads\/2025\/10\/Emeli_Case-Embroidery-QB-4382-Whisky-5_1800x1800.jpg.webp","type":"image\/webp"}],"twitter_card":"summary_large_image","twitter_misc":{"Est. reading time":"1 minute"},"schema":{"@context":"https:\/\/schema.org","@graph":[{"@type":"WebPage","@id":"https:\/\/happyinaknit.com\/produktas\/muud-emeli-whisky\/","url":"https:\/\/happyinaknit.com\/produktas\/muud-emeli-whisky\/","name":"Muud Emeli Whisky - Happyinaknit.com","isPartOf":{"@id":"https:\/\/happyinaknit.com\/lt\/#website"},"primaryImageOfPage":{"@id":"https:\/\/happyinaknit.com\/produktas\/muud-emeli-whisky\/#primaryimage"},"image":{"@id":"https:\/\/happyinaknit.com\/produktas\/muud-emeli-whisky\/#primaryimage"},"thumbnailUrl":"https:\/\/happyinaknit.com\/wp-content\/uploads\/2025\/10\/Emeli_Case-Embroidery-QB-4382-Whisky-5_1800x1800.jpg.webp","datePublished":"2025-10-06T19:13:24+00:00","dateModified":"2025-10-28T09:50:46+00:00","breadcrumb":{"@id":"https:\/\/happyinaknit.com\/produktas\/muud-emeli-whisky\/#breadcrumb"},"inLanguage":"en-US","potentialAction":[{"@type":"ReadAction","target":["https:\/\/happyinaknit.com\/produktas\/muud-emeli-whisky\/"]}]},{"@type":"ImageObject","inLanguage":"en-US","@id":"https:\/\/happyinaknit.com\/produktas\/muud-emeli-whisky\/#primaryimage","url":"https:\/\/happyinaknit.com\/wp-content\/uploads\/2025\/10\/Emeli_Case-Embroidery-QB-4382-Whisky-5_1800x1800.jpg.webp","contentUrl":"https:\/\/happyinaknit.com\/wp-content\/uploads\/2025\/10\/Emeli_Case-Embroidery-QB-4382-Whisky-5_1800x1800.jpg.webp","width":1200,"height":1800},{"@type":"BreadcrumbList","@id":"https:\/\/happyinaknit.com\/produktas\/muud-emeli-whisky\/#breadcrumb","itemListElement":[{"@type":"ListItem","position":1,"name":"Home","item":"https:\/\/happyinaknit.com\/lt\/"},{"@type":"ListItem","position":2,"name":"Parduotuv\u0117","item":"https:\/\/happyinaknit.com\/lt\/parduotuve\/"},{"@type":"ListItem","position":3,"name":"Muud Emeli Whisky"}]},{"@type":"WebSite","@id":"https:\/\/happyinaknit.com\/lt\/#website","url":"https:\/\/happyinaknit.com\/lt\/","name":"Happyinaknit.com","description":"","potentialAction":[{"@type":"SearchAction","target":{"@type":"EntryPoint","urlTemplate":"https:\/\/happyinaknit.com\/lt\/?s={search_term_string}"},"query-input":{"@type":"PropertyValueSpecification","valueRequired":true,"valueName":"search_term_string"}}],"inLanguage":"en-US"}]}},"_links":{"self":[{"href":"https:\/\/happyinaknit.com\/en\/wp-json\/wp\/v2\/product\/3056","targetHints":{"allow":["GET"]}}],"collection":[{"href":"https:\/\/happyinaknit.com\/en\/wp-json\/wp\/v2\/product"}],"about":[{"href":"https:\/\/happyinaknit.com\/en\/wp-json\/wp\/v2\/types\/product"}],"replies":[{"embeddable":true,"href":"https:\/\/happyinaknit.com\/en\/wp-json\/wp\/v2\/comments?post=3056"}],"wp:featuredmedia":[{"embeddable":true,"href":"https:\/\/happyinaknit.com\/en\/wp-json\/wp\/v2\/media\/3053"}],"wp:attachment":[{"href":"https:\/\/happyinaknit.com\/en\/wp-json\/wp\/v2\/media?parent=3056"}],"wp:term":[{"taxonomy":"product_brand","embeddable":true,"href":"https:\/\/happyinaknit.com\/en\/wp-json\/wp\/v2\/product_brand?post=3056"},{"taxonomy":"product_cat","embeddable":true,"href":"https:\/\/happyinaknit.com\/en\/wp-json\/wp\/v2\/product_cat?post=3056"},{"taxonomy":"product_tag","embeddable":true,"href":"https:\/\/happyinaknit.com\/en\/wp-json\/wp\/v2\/product_tag?post=3056"},{"taxonomy":"pro-kategorijos","embeddable":true,"href":"https:\/\/happyinaknit.com\/en\/wp-json\/wp\/v2\/pro-kategorijos?post=3056"}],"curies":[{"name":"wp","href":"https:\/\/api.w.org\/{rel}","templated":true}]}}