{"id":3037,"date":"2025-10-06T19:00:58","date_gmt":"2025-10-06T19:00:58","guid":{"rendered":"https:\/\/happyinaknit.com\/?post_type=product&#038;p=3037"},"modified":"2025-10-28T09:51:50","modified_gmt":"2025-10-28T09:51:50","slug":"muud-hee-black","status":"publish","type":"product","link":"https:\/\/happyinaknit.com\/en\/product\/muud-hee-black\/","title":{"rendered":"Muud Hee Black"},"content":{"rendered":"<p data-start=\"96\" data-end=\"498\"><strong data-start=\"152\" data-end=\"159\">Hey<\/strong> \u2013 this is a slim and elegant handmade case made of genuine leather, designed <strong data-start=\"258\" data-end=\"339\">for crochet hooks, knitting needles, double crochet hooks and other knitting accessories<\/strong> The case combines the highest quality, aesthetics and craftsmanship - it is a stylish accessory that helps you keep your creative projects organized.<\/p>\n<p data-start=\"500\" data-end=\"716\">The slim design of the Hee case fits easily into your everyday project bag, so you can take all your essential tools with you wherever you go. Over time, the leather gains even more charm and character.<\/p>\n<ul data-start=\"718\" data-end=\"1005\">\n<li data-start=\"718\" data-end=\"814\">\n<p data-start=\"720\" data-end=\"734\"><strong data-start=\"720\" data-end=\"732\">Features:<\/strong><\/p>\n<ul data-start=\"737\" data-end=\"814\">\n<li data-start=\"737\" data-end=\"783\">\n<p data-start=\"739\" data-end=\"783\">Handmade, made of genuine leather<\/p>\n<\/li>\n<li data-start=\"786\" data-end=\"814\">\n<p data-start=\"788\" data-end=\"814\">Zipper closure<\/p>\n<\/li>\n<\/ul>\n<\/li>\n<li data-start=\"815\" data-end=\"876\">\n<p data-start=\"817\" data-end=\"835\"><strong data-start=\"817\" data-end=\"833\">Measurements:<\/strong><\/p>\n<ul data-start=\"838\" data-end=\"876\">\n<li data-start=\"838\" data-end=\"855\">\n<p data-start=\"840\" data-end=\"855\">Height: 2 cm<\/p>\n<\/li>\n<li data-start=\"858\" data-end=\"876\">\n<p data-start=\"860\" data-end=\"876\">Length: 18.5 cm<\/p>\n<\/li>\n<\/ul>\n<\/li>\n<li data-start=\"877\" data-end=\"907\">\n<p data-start=\"879\" data-end=\"907\"><strong data-start=\"879\" data-end=\"892\">Material:<\/strong> natural leather<\/p>\n<\/li>\n<li data-start=\"908\" data-end=\"975\">\n<p data-start=\"910\" data-end=\"975\"><strong data-start=\"910\" data-end=\"924\">Lining:<\/strong> Polydrill with a smooth surface \u2013 easy to clean<\/p>\n<\/li>\n<\/ul>","protected":false},"excerpt":{"rendered":"<p>Hee \u2013 tai plonas ir eleganti\u0161kas rank\u0173 darbo d\u0117klas, pagamintas i\u0161 nat\u016bralios odos, skirtas n\u0117rimo v\u0105\u0161eliams, virbalams, dvigubiems virbalams ir kitiems mezgimo priedams laikyti. D\u0117klas apjungia auk\u0161\u010diausi\u0105 kokyb\u0119, estetik\u0105 ir meistri\u0161kum\u0105 \u2013 tai stilingas aksesuaras, padedantis palaikyti tvark\u0105 j\u016bs\u0173 k\u016brybiniuose projektuose. D\u0117l plono dizaino \u201eHee\u201c d\u0117klas lengvai telpa \u012f kasdien\u012f projekt\u0173 krep\u0161\u012f, tod\u0117l visus b\u016btiniausius [&hellip;]<\/p>\n","protected":false},"featured_media":3038,"comment_status":"open","ping_status":"closed","template":"","meta":{"_acf_changed":false},"product_brand":[613],"product_cat":[15,1079,20],"product_tag":[],"pro-kategorijos":[],"class_list":{"0":"post-3037","1":"product","2":"type-product","3":"status-publish","4":"has-post-thumbnail","6":"product_brand-muud","7":"product_cat-visi-produktai","8":"product_cat-deklai","9":"product_cat-priedai-mezgimui","11":"first","12":"instock","13":"shipping-taxable","14":"purchasable","15":"product-type-simple"},"acf":[],"yoast_head":"<!-- This site is optimized with the Yoast SEO plugin v26.8 - https:\/\/yoast.com\/product\/yoast-seo-wordpress\/ -->\n<title>Muud Hee Black - Happyinaknit.com<\/title>\n<meta name=\"robots\" content=\"index, follow, max-snippet:-1, max-image-preview:large, max-video-preview:-1\" \/>\n<link rel=\"canonical\" href=\"https:\/\/happyinaknit.com\/en\/product\/muud-hee-black\/\" \/>\n<meta property=\"og:locale\" content=\"en_US\" \/>\n<meta property=\"og:type\" content=\"article\" \/>\n<meta property=\"og:title\" content=\"Muud Hee Black - Happyinaknit.com\" \/>\n<meta property=\"og:description\" content=\"Hee \u2013 tai plonas ir eleganti\u0161kas rank\u0173 darbo d\u0117klas, pagamintas i\u0161 nat\u016bralios odos, skirtas n\u0117rimo v\u0105\u0161eliams, virbalams, dvigubiems virbalams ir kitiems mezgimo priedams laikyti. D\u0117klas apjungia auk\u0161\u010diausi\u0105 kokyb\u0119, estetik\u0105 ir meistri\u0161kum\u0105 \u2013 tai stilingas aksesuaras, padedantis palaikyti tvark\u0105 j\u016bs\u0173 k\u016brybiniuose projektuose. D\u0117l plono dizaino \u201eHee\u201c d\u0117klas lengvai telpa \u012f kasdien\u012f projekt\u0173 krep\u0161\u012f, tod\u0117l visus b\u016btiniausius [&hellip;]\" \/>\n<meta property=\"og:url\" content=\"https:\/\/happyinaknit.com\/en\/product\/muud-hee-black\/\" \/>\n<meta property=\"og:site_name\" content=\"Happyinaknit.com\" \/>\n<meta property=\"article:modified_time\" content=\"2025-10-28T09:51:50+00:00\" \/>\n<meta property=\"og:image\" content=\"https:\/\/happyinaknit.com\/wp-content\/uploads\/2025\/10\/Hee_Case-Crochet-QB-4343-6_1800x1800.jpg.webp\" \/>\n\t<meta property=\"og:image:width\" content=\"1200\" \/>\n\t<meta property=\"og:image:height\" content=\"1800\" \/>\n\t<meta property=\"og:image:type\" content=\"image\/webp\" \/>\n<meta name=\"twitter:card\" content=\"summary_large_image\" \/>\n<meta name=\"twitter:label1\" content=\"Est. reading time\" \/>\n\t<meta name=\"twitter:data1\" content=\"1 minute\" \/>\n<script type=\"application\/ld+json\" class=\"yoast-schema-graph\">{\"@context\":\"https:\/\/schema.org\",\"@graph\":[{\"@type\":\"WebPage\",\"@id\":\"https:\/\/happyinaknit.com\/produktas\/muud-hee-black\/\",\"url\":\"https:\/\/happyinaknit.com\/produktas\/muud-hee-black\/\",\"name\":\"Muud Hee Black - Happyinaknit.com\",\"isPartOf\":{\"@id\":\"https:\/\/happyinaknit.com\/lt\/#website\"},\"primaryImageOfPage\":{\"@id\":\"https:\/\/happyinaknit.com\/produktas\/muud-hee-black\/#primaryimage\"},\"image\":{\"@id\":\"https:\/\/happyinaknit.com\/produktas\/muud-hee-black\/#primaryimage\"},\"thumbnailUrl\":\"https:\/\/happyinaknit.com\/wp-content\/uploads\/2025\/10\/Hee_Case-Crochet-QB-4343-6_1800x1800.jpg.webp\",\"datePublished\":\"2025-10-06T19:00:58+00:00\",\"dateModified\":\"2025-10-28T09:51:50+00:00\",\"breadcrumb\":{\"@id\":\"https:\/\/happyinaknit.com\/produktas\/muud-hee-black\/#breadcrumb\"},\"inLanguage\":\"en-US\",\"potentialAction\":[{\"@type\":\"ReadAction\",\"target\":[\"https:\/\/happyinaknit.com\/produktas\/muud-hee-black\/\"]}]},{\"@type\":\"ImageObject\",\"inLanguage\":\"en-US\",\"@id\":\"https:\/\/happyinaknit.com\/produktas\/muud-hee-black\/#primaryimage\",\"url\":\"https:\/\/happyinaknit.com\/wp-content\/uploads\/2025\/10\/Hee_Case-Crochet-QB-4343-6_1800x1800.jpg.webp\",\"contentUrl\":\"https:\/\/happyinaknit.com\/wp-content\/uploads\/2025\/10\/Hee_Case-Crochet-QB-4343-6_1800x1800.jpg.webp\",\"width\":1200,\"height\":1800},{\"@type\":\"BreadcrumbList\",\"@id\":\"https:\/\/happyinaknit.com\/produktas\/muud-hee-black\/#breadcrumb\",\"itemListElement\":[{\"@type\":\"ListItem\",\"position\":1,\"name\":\"Home\",\"item\":\"https:\/\/happyinaknit.com\/lt\/\"},{\"@type\":\"ListItem\",\"position\":2,\"name\":\"Parduotuv\u0117\",\"item\":\"https:\/\/happyinaknit.com\/lt\/parduotuve\/\"},{\"@type\":\"ListItem\",\"position\":3,\"name\":\"Muud Hee Black\"}]},{\"@type\":\"WebSite\",\"@id\":\"https:\/\/happyinaknit.com\/lt\/#website\",\"url\":\"https:\/\/happyinaknit.com\/lt\/\",\"name\":\"Happyinaknit.com\",\"description\":\"\",\"potentialAction\":[{\"@type\":\"SearchAction\",\"target\":{\"@type\":\"EntryPoint\",\"urlTemplate\":\"https:\/\/happyinaknit.com\/lt\/?s={search_term_string}\"},\"query-input\":{\"@type\":\"PropertyValueSpecification\",\"valueRequired\":true,\"valueName\":\"search_term_string\"}}],\"inLanguage\":\"en-US\"}]}<\/script>\n<!-- \/ Yoast SEO plugin. -->","yoast_head_json":{"title":"Muud Hee Black - Happyinaknit.com","robots":{"index":"index","follow":"follow","max-snippet":"max-snippet:-1","max-image-preview":"max-image-preview:large","max-video-preview":"max-video-preview:-1"},"canonical":"https:\/\/happyinaknit.com\/en\/product\/muud-hee-black\/","og_locale":"en_US","og_type":"article","og_title":"Muud Hee Black - Happyinaknit.com","og_description":"Hee \u2013 tai plonas ir eleganti\u0161kas rank\u0173 darbo d\u0117klas, pagamintas i\u0161 nat\u016bralios odos, skirtas n\u0117rimo v\u0105\u0161eliams, virbalams, dvigubiems virbalams ir kitiems mezgimo priedams laikyti. D\u0117klas apjungia auk\u0161\u010diausi\u0105 kokyb\u0119, estetik\u0105 ir meistri\u0161kum\u0105 \u2013 tai stilingas aksesuaras, padedantis palaikyti tvark\u0105 j\u016bs\u0173 k\u016brybiniuose projektuose. D\u0117l plono dizaino \u201eHee\u201c d\u0117klas lengvai telpa \u012f kasdien\u012f projekt\u0173 krep\u0161\u012f, tod\u0117l visus b\u016btiniausius [&hellip;]","og_url":"https:\/\/happyinaknit.com\/en\/product\/muud-hee-black\/","og_site_name":"Happyinaknit.com","article_modified_time":"2025-10-28T09:51:50+00:00","og_image":[{"width":1200,"height":1800,"url":"https:\/\/happyinaknit.com\/wp-content\/uploads\/2025\/10\/Hee_Case-Crochet-QB-4343-6_1800x1800.jpg.webp","type":"image\/webp"}],"twitter_card":"summary_large_image","twitter_misc":{"Est. reading time":"1 minute"},"schema":{"@context":"https:\/\/schema.org","@graph":[{"@type":"WebPage","@id":"https:\/\/happyinaknit.com\/produktas\/muud-hee-black\/","url":"https:\/\/happyinaknit.com\/produktas\/muud-hee-black\/","name":"Muud Hee Black - Happyinaknit.com","isPartOf":{"@id":"https:\/\/happyinaknit.com\/lt\/#website"},"primaryImageOfPage":{"@id":"https:\/\/happyinaknit.com\/produktas\/muud-hee-black\/#primaryimage"},"image":{"@id":"https:\/\/happyinaknit.com\/produktas\/muud-hee-black\/#primaryimage"},"thumbnailUrl":"https:\/\/happyinaknit.com\/wp-content\/uploads\/2025\/10\/Hee_Case-Crochet-QB-4343-6_1800x1800.jpg.webp","datePublished":"2025-10-06T19:00:58+00:00","dateModified":"2025-10-28T09:51:50+00:00","breadcrumb":{"@id":"https:\/\/happyinaknit.com\/produktas\/muud-hee-black\/#breadcrumb"},"inLanguage":"en-US","potentialAction":[{"@type":"ReadAction","target":["https:\/\/happyinaknit.com\/produktas\/muud-hee-black\/"]}]},{"@type":"ImageObject","inLanguage":"en-US","@id":"https:\/\/happyinaknit.com\/produktas\/muud-hee-black\/#primaryimage","url":"https:\/\/happyinaknit.com\/wp-content\/uploads\/2025\/10\/Hee_Case-Crochet-QB-4343-6_1800x1800.jpg.webp","contentUrl":"https:\/\/happyinaknit.com\/wp-content\/uploads\/2025\/10\/Hee_Case-Crochet-QB-4343-6_1800x1800.jpg.webp","width":1200,"height":1800},{"@type":"BreadcrumbList","@id":"https:\/\/happyinaknit.com\/produktas\/muud-hee-black\/#breadcrumb","itemListElement":[{"@type":"ListItem","position":1,"name":"Home","item":"https:\/\/happyinaknit.com\/lt\/"},{"@type":"ListItem","position":2,"name":"Parduotuv\u0117","item":"https:\/\/happyinaknit.com\/lt\/parduotuve\/"},{"@type":"ListItem","position":3,"name":"Muud Hee Black"}]},{"@type":"WebSite","@id":"https:\/\/happyinaknit.com\/lt\/#website","url":"https:\/\/happyinaknit.com\/lt\/","name":"Happyinaknit.com","description":"","potentialAction":[{"@type":"SearchAction","target":{"@type":"EntryPoint","urlTemplate":"https:\/\/happyinaknit.com\/lt\/?s={search_term_string}"},"query-input":{"@type":"PropertyValueSpecification","valueRequired":true,"valueName":"search_term_string"}}],"inLanguage":"en-US"}]}},"_links":{"self":[{"href":"https:\/\/happyinaknit.com\/en\/wp-json\/wp\/v2\/product\/3037","targetHints":{"allow":["GET"]}}],"collection":[{"href":"https:\/\/happyinaknit.com\/en\/wp-json\/wp\/v2\/product"}],"about":[{"href":"https:\/\/happyinaknit.com\/en\/wp-json\/wp\/v2\/types\/product"}],"replies":[{"embeddable":true,"href":"https:\/\/happyinaknit.com\/en\/wp-json\/wp\/v2\/comments?post=3037"}],"wp:featuredmedia":[{"embeddable":true,"href":"https:\/\/happyinaknit.com\/en\/wp-json\/wp\/v2\/media\/3038"}],"wp:attachment":[{"href":"https:\/\/happyinaknit.com\/en\/wp-json\/wp\/v2\/media?parent=3037"}],"wp:term":[{"taxonomy":"product_brand","embeddable":true,"href":"https:\/\/happyinaknit.com\/en\/wp-json\/wp\/v2\/product_brand?post=3037"},{"taxonomy":"product_cat","embeddable":true,"href":"https:\/\/happyinaknit.com\/en\/wp-json\/wp\/v2\/product_cat?post=3037"},{"taxonomy":"product_tag","embeddable":true,"href":"https:\/\/happyinaknit.com\/en\/wp-json\/wp\/v2\/product_tag?post=3037"},{"taxonomy":"pro-kategorijos","embeddable":true,"href":"https:\/\/happyinaknit.com\/en\/wp-json\/wp\/v2\/pro-kategorijos?post=3037"}],"curies":[{"name":"wp","href":"https:\/\/api.w.org\/{rel}","templated":true}]}}