{"id":3018,"date":"2025-10-06T18:45:56","date_gmt":"2025-10-06T18:45:56","guid":{"rendered":"https:\/\/happyinaknit.com\/?post_type=product&#038;p=3018"},"modified":"2025-10-28T09:52:30","modified_gmt":"2025-10-28T09:52:30","slug":"muud-helsinki-xl-black","status":"publish","type":"product","link":"https:\/\/happyinaknit.com\/en\/product\/muud-helsinki-xl-black\/","title":{"rendered":"Muud Helsinki XL Black"},"content":{"rendered":"<p data-start=\"100\" data-end=\"482\"><strong data-start=\"164\" data-end=\"179\">Helsinki XL<\/strong> \u2013 is a stylish and practical leather case for meticulous knitters who want to keep small items like needles, markers or buttons neatly organized. These items often get lost or fall to the bottom of the bag, so the Helsinki XL helps keep everything organized and within easy reach.<\/p>\n<p data-start=\"484\" data-end=\"796\">Made of high-quality genuine leather, this case combines functionality and elegance. The soft leather gives a sense of exclusivity and authenticity, and the case blends perfectly with other <em data-start=\"670\" data-end=\"676\">change<\/em> products. Due to its shape and finish, it is suitable not only for knitting accessories, but also as a delicate <strong data-start=\"773\" data-end=\"793\">jewelry box<\/strong>.<\/p>\n<ul data-start=\"798\" data-end=\"1098\">\n<li data-start=\"798\" data-end=\"935\">\n<p data-start=\"800\" data-end=\"814\"><strong data-start=\"800\" data-end=\"812\">Features:<\/strong><\/p>\n<ul data-start=\"817\" data-end=\"935\">\n<li data-start=\"817\" data-end=\"863\">\n<p data-start=\"819\" data-end=\"863\">Handmade, made of genuine leather<\/p>\n<\/li>\n<li data-start=\"866\" data-end=\"907\">\n<p data-start=\"868\" data-end=\"907\">Internal pocket for small accessories<\/p>\n<\/li>\n<li data-start=\"910\" data-end=\"935\">\n<p data-start=\"912\" data-end=\"935\">Zipper closure<\/p>\n<\/li>\n<\/ul>\n<\/li>\n<li data-start=\"936\" data-end=\"999\">\n<p data-start=\"938\" data-end=\"956\"><strong data-start=\"938\" data-end=\"954\">Measurements:<\/strong><\/p>\n<ul data-start=\"959\" data-end=\"999\">\n<li data-start=\"959\" data-end=\"978\">\n<p data-start=\"961\" data-end=\"978\">Height: 9.5 cm<\/p>\n<\/li>\n<li data-start=\"981\" data-end=\"999\">\n<p data-start=\"983\" data-end=\"999\">Diameter: 9 cm<\/p>\n<\/li>\n<\/ul>\n<\/li>\n<li data-start=\"1000\" data-end=\"1030\">\n<p data-start=\"1002\" data-end=\"1030\"><strong data-start=\"1002\" data-end=\"1015\">Material:<\/strong> natural leather<\/p>\n<\/li>\n<li data-start=\"1031\" data-end=\"1098\">\n<p data-start=\"1033\" data-end=\"1098\"><strong data-start=\"1033\" data-end=\"1047\">Lining:<\/strong> Polydrill with a smooth surface \u2013 easy to clean<\/p>\n<\/li>\n<\/ul>","protected":false},"excerpt":{"rendered":"<p>Helsinki XL \u2013 tai stilingas ir prakti\u0161kas odinis d\u0117klas kruop\u0161tiems mezg\u0117jams, norintiems tvarkingai laikyti smulkius reikmenis, tokius kaip virbalai, \u017eymekliai ar sagos. \u0160ie daiktai da\u017enai pasimeta ar nugula mai\u0161elio dugne, tod\u0117l \u201eHelsinki XL\u201c padeda visk\u0105 i\u0161laikyti tvarkingai ir lengvai pasiekiamai. Pagamintas i\u0161 auk\u0161tos kokyb\u0117s nat\u016bralios odos, \u0161is d\u0117klas sujungia funkcionalum\u0105 ir elegancij\u0105. Mink\u0161ta oda suteikia [&hellip;]<\/p>\n","protected":false},"featured_media":3020,"comment_status":"open","ping_status":"closed","template":"","meta":{"_acf_changed":false},"product_brand":[613],"product_cat":[15,1079,20],"product_tag":[],"pro-kategorijos":[],"class_list":{"0":"post-3018","1":"product","2":"type-product","3":"status-publish","4":"has-post-thumbnail","6":"product_brand-muud","7":"product_cat-visi-produktai","8":"product_cat-deklai","9":"product_cat-priedai-mezgimui","11":"first","12":"instock","13":"shipping-taxable","14":"purchasable","15":"product-type-simple"},"acf":[],"yoast_head":"<!-- This site is optimized with the Yoast SEO plugin v26.8 - https:\/\/yoast.com\/product\/yoast-seo-wordpress\/ -->\n<title>Muud Helsinki XL Black - Happyinaknit.com<\/title>\n<meta name=\"robots\" content=\"index, follow, max-snippet:-1, max-image-preview:large, max-video-preview:-1\" \/>\n<link rel=\"canonical\" href=\"https:\/\/happyinaknit.com\/en\/product\/muud-helsinki-xl-black\/\" \/>\n<meta property=\"og:locale\" content=\"en_US\" \/>\n<meta property=\"og:type\" content=\"article\" \/>\n<meta property=\"og:title\" content=\"Muud Helsinki XL Black - Happyinaknit.com\" \/>\n<meta property=\"og:description\" content=\"Helsinki XL \u2013 tai stilingas ir prakti\u0161kas odinis d\u0117klas kruop\u0161tiems mezg\u0117jams, norintiems tvarkingai laikyti smulkius reikmenis, tokius kaip virbalai, \u017eymekliai ar sagos. \u0160ie daiktai da\u017enai pasimeta ar nugula mai\u0161elio dugne, tod\u0117l \u201eHelsinki XL\u201c padeda visk\u0105 i\u0161laikyti tvarkingai ir lengvai pasiekiamai. Pagamintas i\u0161 auk\u0161tos kokyb\u0117s nat\u016bralios odos, \u0161is d\u0117klas sujungia funkcionalum\u0105 ir elegancij\u0105. Mink\u0161ta oda suteikia [&hellip;]\" \/>\n<meta property=\"og:url\" content=\"https:\/\/happyinaknit.com\/en\/product\/muud-helsinki-xl-black\/\" \/>\n<meta property=\"og:site_name\" content=\"Happyinaknit.com\" \/>\n<meta property=\"article:modified_time\" content=\"2025-10-28T09:52:30+00:00\" \/>\n<meta property=\"og:image\" content=\"https:\/\/happyinaknit.com\/wp-content\/uploads\/2025\/10\/Helsinki_XL_Case-knit-QB-3255R2-Black-6_1800x1800.jpg.webp\" \/>\n\t<meta property=\"og:image:width\" content=\"1200\" \/>\n\t<meta property=\"og:image:height\" content=\"1800\" \/>\n\t<meta property=\"og:image:type\" content=\"image\/webp\" \/>\n<meta name=\"twitter:card\" content=\"summary_large_image\" \/>\n<meta name=\"twitter:label1\" content=\"Est. reading time\" \/>\n\t<meta name=\"twitter:data1\" content=\"1 minute\" \/>\n<script type=\"application\/ld+json\" class=\"yoast-schema-graph\">{\"@context\":\"https:\/\/schema.org\",\"@graph\":[{\"@type\":\"WebPage\",\"@id\":\"https:\/\/happyinaknit.com\/produktas\/muud-helsinki-xl-black\/\",\"url\":\"https:\/\/happyinaknit.com\/produktas\/muud-helsinki-xl-black\/\",\"name\":\"Muud Helsinki XL Black - Happyinaknit.com\",\"isPartOf\":{\"@id\":\"https:\/\/happyinaknit.com\/lt\/#website\"},\"primaryImageOfPage\":{\"@id\":\"https:\/\/happyinaknit.com\/produktas\/muud-helsinki-xl-black\/#primaryimage\"},\"image\":{\"@id\":\"https:\/\/happyinaknit.com\/produktas\/muud-helsinki-xl-black\/#primaryimage\"},\"thumbnailUrl\":\"https:\/\/happyinaknit.com\/wp-content\/uploads\/2025\/10\/Helsinki_XL_Case-knit-QB-3255R2-Black-6_1800x1800.jpg.webp\",\"datePublished\":\"2025-10-06T18:45:56+00:00\",\"dateModified\":\"2025-10-28T09:52:30+00:00\",\"breadcrumb\":{\"@id\":\"https:\/\/happyinaknit.com\/produktas\/muud-helsinki-xl-black\/#breadcrumb\"},\"inLanguage\":\"en-US\",\"potentialAction\":[{\"@type\":\"ReadAction\",\"target\":[\"https:\/\/happyinaknit.com\/produktas\/muud-helsinki-xl-black\/\"]}]},{\"@type\":\"ImageObject\",\"inLanguage\":\"en-US\",\"@id\":\"https:\/\/happyinaknit.com\/produktas\/muud-helsinki-xl-black\/#primaryimage\",\"url\":\"https:\/\/happyinaknit.com\/wp-content\/uploads\/2025\/10\/Helsinki_XL_Case-knit-QB-3255R2-Black-6_1800x1800.jpg.webp\",\"contentUrl\":\"https:\/\/happyinaknit.com\/wp-content\/uploads\/2025\/10\/Helsinki_XL_Case-knit-QB-3255R2-Black-6_1800x1800.jpg.webp\",\"width\":1200,\"height\":1800},{\"@type\":\"BreadcrumbList\",\"@id\":\"https:\/\/happyinaknit.com\/produktas\/muud-helsinki-xl-black\/#breadcrumb\",\"itemListElement\":[{\"@type\":\"ListItem\",\"position\":1,\"name\":\"Home\",\"item\":\"https:\/\/happyinaknit.com\/lt\/\"},{\"@type\":\"ListItem\",\"position\":2,\"name\":\"Parduotuv\u0117\",\"item\":\"https:\/\/happyinaknit.com\/lt\/parduotuve\/\"},{\"@type\":\"ListItem\",\"position\":3,\"name\":\"Muud Helsinki XL Black\"}]},{\"@type\":\"WebSite\",\"@id\":\"https:\/\/happyinaknit.com\/lt\/#website\",\"url\":\"https:\/\/happyinaknit.com\/lt\/\",\"name\":\"Happyinaknit.com\",\"description\":\"\",\"potentialAction\":[{\"@type\":\"SearchAction\",\"target\":{\"@type\":\"EntryPoint\",\"urlTemplate\":\"https:\/\/happyinaknit.com\/lt\/?s={search_term_string}\"},\"query-input\":{\"@type\":\"PropertyValueSpecification\",\"valueRequired\":true,\"valueName\":\"search_term_string\"}}],\"inLanguage\":\"en-US\"}]}<\/script>\n<!-- \/ Yoast SEO plugin. -->","yoast_head_json":{"title":"Muud Helsinki XL Black - Happyinaknit.com","robots":{"index":"index","follow":"follow","max-snippet":"max-snippet:-1","max-image-preview":"max-image-preview:large","max-video-preview":"max-video-preview:-1"},"canonical":"https:\/\/happyinaknit.com\/en\/product\/muud-helsinki-xl-black\/","og_locale":"en_US","og_type":"article","og_title":"Muud Helsinki XL Black - Happyinaknit.com","og_description":"Helsinki XL \u2013 tai stilingas ir prakti\u0161kas odinis d\u0117klas kruop\u0161tiems mezg\u0117jams, norintiems tvarkingai laikyti smulkius reikmenis, tokius kaip virbalai, \u017eymekliai ar sagos. \u0160ie daiktai da\u017enai pasimeta ar nugula mai\u0161elio dugne, tod\u0117l \u201eHelsinki XL\u201c padeda visk\u0105 i\u0161laikyti tvarkingai ir lengvai pasiekiamai. Pagamintas i\u0161 auk\u0161tos kokyb\u0117s nat\u016bralios odos, \u0161is d\u0117klas sujungia funkcionalum\u0105 ir elegancij\u0105. Mink\u0161ta oda suteikia [&hellip;]","og_url":"https:\/\/happyinaknit.com\/en\/product\/muud-helsinki-xl-black\/","og_site_name":"Happyinaknit.com","article_modified_time":"2025-10-28T09:52:30+00:00","og_image":[{"width":1200,"height":1800,"url":"https:\/\/happyinaknit.com\/wp-content\/uploads\/2025\/10\/Helsinki_XL_Case-knit-QB-3255R2-Black-6_1800x1800.jpg.webp","type":"image\/webp"}],"twitter_card":"summary_large_image","twitter_misc":{"Est. reading time":"1 minute"},"schema":{"@context":"https:\/\/schema.org","@graph":[{"@type":"WebPage","@id":"https:\/\/happyinaknit.com\/produktas\/muud-helsinki-xl-black\/","url":"https:\/\/happyinaknit.com\/produktas\/muud-helsinki-xl-black\/","name":"Muud Helsinki XL Black - Happyinaknit.com","isPartOf":{"@id":"https:\/\/happyinaknit.com\/lt\/#website"},"primaryImageOfPage":{"@id":"https:\/\/happyinaknit.com\/produktas\/muud-helsinki-xl-black\/#primaryimage"},"image":{"@id":"https:\/\/happyinaknit.com\/produktas\/muud-helsinki-xl-black\/#primaryimage"},"thumbnailUrl":"https:\/\/happyinaknit.com\/wp-content\/uploads\/2025\/10\/Helsinki_XL_Case-knit-QB-3255R2-Black-6_1800x1800.jpg.webp","datePublished":"2025-10-06T18:45:56+00:00","dateModified":"2025-10-28T09:52:30+00:00","breadcrumb":{"@id":"https:\/\/happyinaknit.com\/produktas\/muud-helsinki-xl-black\/#breadcrumb"},"inLanguage":"en-US","potentialAction":[{"@type":"ReadAction","target":["https:\/\/happyinaknit.com\/produktas\/muud-helsinki-xl-black\/"]}]},{"@type":"ImageObject","inLanguage":"en-US","@id":"https:\/\/happyinaknit.com\/produktas\/muud-helsinki-xl-black\/#primaryimage","url":"https:\/\/happyinaknit.com\/wp-content\/uploads\/2025\/10\/Helsinki_XL_Case-knit-QB-3255R2-Black-6_1800x1800.jpg.webp","contentUrl":"https:\/\/happyinaknit.com\/wp-content\/uploads\/2025\/10\/Helsinki_XL_Case-knit-QB-3255R2-Black-6_1800x1800.jpg.webp","width":1200,"height":1800},{"@type":"BreadcrumbList","@id":"https:\/\/happyinaknit.com\/produktas\/muud-helsinki-xl-black\/#breadcrumb","itemListElement":[{"@type":"ListItem","position":1,"name":"Home","item":"https:\/\/happyinaknit.com\/lt\/"},{"@type":"ListItem","position":2,"name":"Parduotuv\u0117","item":"https:\/\/happyinaknit.com\/lt\/parduotuve\/"},{"@type":"ListItem","position":3,"name":"Muud Helsinki XL Black"}]},{"@type":"WebSite","@id":"https:\/\/happyinaknit.com\/lt\/#website","url":"https:\/\/happyinaknit.com\/lt\/","name":"Happyinaknit.com","description":"","potentialAction":[{"@type":"SearchAction","target":{"@type":"EntryPoint","urlTemplate":"https:\/\/happyinaknit.com\/lt\/?s={search_term_string}"},"query-input":{"@type":"PropertyValueSpecification","valueRequired":true,"valueName":"search_term_string"}}],"inLanguage":"en-US"}]}},"_links":{"self":[{"href":"https:\/\/happyinaknit.com\/en\/wp-json\/wp\/v2\/product\/3018","targetHints":{"allow":["GET"]}}],"collection":[{"href":"https:\/\/happyinaknit.com\/en\/wp-json\/wp\/v2\/product"}],"about":[{"href":"https:\/\/happyinaknit.com\/en\/wp-json\/wp\/v2\/types\/product"}],"replies":[{"embeddable":true,"href":"https:\/\/happyinaknit.com\/en\/wp-json\/wp\/v2\/comments?post=3018"}],"wp:featuredmedia":[{"embeddable":true,"href":"https:\/\/happyinaknit.com\/en\/wp-json\/wp\/v2\/media\/3020"}],"wp:attachment":[{"href":"https:\/\/happyinaknit.com\/en\/wp-json\/wp\/v2\/media?parent=3018"}],"wp:term":[{"taxonomy":"product_brand","embeddable":true,"href":"https:\/\/happyinaknit.com\/en\/wp-json\/wp\/v2\/product_brand?post=3018"},{"taxonomy":"product_cat","embeddable":true,"href":"https:\/\/happyinaknit.com\/en\/wp-json\/wp\/v2\/product_cat?post=3018"},{"taxonomy":"product_tag","embeddable":true,"href":"https:\/\/happyinaknit.com\/en\/wp-json\/wp\/v2\/product_tag?post=3018"},{"taxonomy":"pro-kategorijos","embeddable":true,"href":"https:\/\/happyinaknit.com\/en\/wp-json\/wp\/v2\/pro-kategorijos?post=3018"}],"curies":[{"name":"wp","href":"https:\/\/api.w.org\/{rel}","templated":true}]}}