{"id":3002,"date":"2025-10-06T18:18:14","date_gmt":"2025-10-06T18:18:14","guid":{"rendered":"https:\/\/happyinaknit.com\/?post_type=product&#038;p=3002"},"modified":"2025-12-29T12:02:00","modified_gmt":"2025-12-29T12:02:00","slug":"muud-carla-rich-brown","status":"publish","type":"product","link":"https:\/\/happyinaknit.com\/en\/product\/muud-carla-rich-brown\/","title":{"rendered":"Carla Rich Brown"},"content":{"rendered":"<p data-start=\"124\" data-end=\"499\"><strong data-start=\"189\" data-end=\"198\">Carla<\/strong> \u2013 this is one of the smaller ones <em data-start=\"224\" data-end=\"230\">change<\/em> cases, designed to fit into other cases or project bags, making the most of space. This compact case is perfect for storing small knitting accessories - such as eyeglass stoppers, markers, sewing or embroidery needles.<\/p>\n<p data-start=\"501\" data-end=\"748\">The case has several compartments and pockets that allow you to neatly organize all your small accessories. Carla is a convenient choice for traveling or carrying with others. <em data-start=\"670\" data-end=\"676\">change<\/em> products (for example, it fits perfectly into <strong data-start=\"716\" data-end=\"726\">Bettina<\/strong> whether <strong data-start=\"730\" data-end=\"737\">Civil<\/strong> cases).<\/p>\n<ul data-start=\"750\" data-end=\"1065\">\n<li data-start=\"750\" data-end=\"857\">\n<p data-start=\"752\" data-end=\"766\"><strong data-start=\"752\" data-end=\"764\">Features:<\/strong><\/p>\n<ul data-start=\"769\" data-end=\"857\">\n<li data-start=\"769\" data-end=\"792\">\n<p data-start=\"771\" data-end=\"792\">Button closure<\/p>\n<\/li>\n<li data-start=\"795\" data-end=\"818\">\n<p data-start=\"797\" data-end=\"818\">6 compartments for needles<\/p>\n<\/li>\n<li data-start=\"821\" data-end=\"857\">\n<p data-start=\"823\" data-end=\"857\">Small open pocket for small items<\/p>\n<\/li>\n<\/ul>\n<\/li>\n<li data-start=\"858\" data-end=\"936\">\n<p data-start=\"860\" data-end=\"878\"><strong data-start=\"860\" data-end=\"876\">Measurements:<\/strong><\/p>\n<ul data-start=\"881\" data-end=\"936\">\n<li data-start=\"881\" data-end=\"898\">\n<p data-start=\"883\" data-end=\"898\">Height: 8 cm<\/p>\n<\/li>\n<li data-start=\"901\" data-end=\"917\">\n<p data-start=\"903\" data-end=\"917\">Width: 8 cm<\/p>\n<\/li>\n<li data-start=\"920\" data-end=\"936\">\n<p data-start=\"922\" data-end=\"936\">Weight: 30 g<\/p>\n<\/li>\n<\/ul>\n<\/li>\n<li data-start=\"937\" data-end=\"967\">\n<p data-start=\"939\" data-end=\"967\"><strong data-start=\"939\" data-end=\"952\">Material:<\/strong> natural leather<\/p>\n<\/li>\n<li data-start=\"968\" data-end=\"1035\">\n<p data-start=\"970\" data-end=\"1035\"><strong data-start=\"970\" data-end=\"984\">Lining:<\/strong> Polydrill with a smooth surface \u2013 easy to clean<\/p>\n<\/li>\n<\/ul>","protected":false},"excerpt":{"rendered":"<p>Carla \u2013 tai vienas i\u0161 ma\u017eesni\u0173 muud d\u0117kliuk\u0173, sukurtas taip, kad tilpt\u0173 \u012f kitus d\u0117klus ar projekt\u0173 krep\u0161ius, i\u0161naudojant erdv\u0119 maksimaliai efektyviai. \u0160is kompakti\u0161kas d\u0117klas puikiai tinka smulkiems mezgimo reikmenims laikyti \u2013 tokiems kaip akini\u0173 stabdikliai, \u017eymekliai, siuvimo ar siuvin\u0117jimo adatos. D\u0117kliukas turi kelis skyrelius ir ki\u0161en\u0117les, leid\u017eian\u010dias tvarkingai susid\u0117ti visus ma\u017eus priedus. \u201eCarla\u201c \u2013 [&hellip;]<\/p>\n","protected":false},"featured_media":3003,"comment_status":"open","ping_status":"closed","template":"","meta":{"_acf_changed":false},"product_brand":[613],"product_cat":[15,1079,20],"product_tag":[],"pro-kategorijos":[],"class_list":{"0":"post-3002","1":"product","2":"type-product","3":"status-publish","4":"has-post-thumbnail","6":"product_brand-muud","7":"product_cat-visi-produktai","8":"product_cat-deklai","9":"product_cat-priedai-mezgimui","11":"first","12":"outofstock","13":"shipping-taxable","14":"purchasable","15":"product-type-simple"},"acf":[],"yoast_head":"<!-- This site is optimized with the Yoast SEO plugin v26.8 - https:\/\/yoast.com\/product\/yoast-seo-wordpress\/ -->\n<title>Muud Carla Rich Brown - Happyinaknit.com<\/title>\n<meta name=\"robots\" content=\"index, follow, max-snippet:-1, max-image-preview:large, max-video-preview:-1\" \/>\n<link rel=\"canonical\" href=\"https:\/\/happyinaknit.com\/en\/product\/muud-carla-rich-brown\/\" \/>\n<meta property=\"og:locale\" content=\"en_US\" \/>\n<meta property=\"og:type\" content=\"article\" \/>\n<meta property=\"og:title\" content=\"Muud Carla Rich Brown - Happyinaknit.com\" \/>\n<meta property=\"og:description\" content=\"Carla \u2013 tai vienas i\u0161 ma\u017eesni\u0173 muud d\u0117kliuk\u0173, sukurtas taip, kad tilpt\u0173 \u012f kitus d\u0117klus ar projekt\u0173 krep\u0161ius, i\u0161naudojant erdv\u0119 maksimaliai efektyviai. \u0160is kompakti\u0161kas d\u0117klas puikiai tinka smulkiems mezgimo reikmenims laikyti \u2013 tokiems kaip akini\u0173 stabdikliai, \u017eymekliai, siuvimo ar siuvin\u0117jimo adatos. D\u0117kliukas turi kelis skyrelius ir ki\u0161en\u0117les, leid\u017eian\u010dias tvarkingai susid\u0117ti visus ma\u017eus priedus. \u201eCarla\u201c \u2013 [&hellip;]\" \/>\n<meta property=\"og:url\" content=\"https:\/\/happyinaknit.com\/en\/product\/muud-carla-rich-brown\/\" \/>\n<meta property=\"og:site_name\" content=\"Happyinaknit.com\" \/>\n<meta property=\"article:modified_time\" content=\"2025-12-29T12:02:00+00:00\" \/>\n<meta property=\"og:image\" content=\"https:\/\/happyinaknit.com\/wp-content\/uploads\/2025\/10\/Carla_RichBrown_AFront_1800x1800.jpg.webp\" \/>\n\t<meta property=\"og:image:width\" content=\"1200\" \/>\n\t<meta property=\"og:image:height\" content=\"1800\" \/>\n\t<meta property=\"og:image:type\" content=\"image\/webp\" \/>\n<meta name=\"twitter:card\" content=\"summary_large_image\" \/>\n<meta name=\"twitter:label1\" content=\"Est. reading time\" \/>\n\t<meta name=\"twitter:data1\" content=\"1 minute\" \/>\n<script type=\"application\/ld+json\" class=\"yoast-schema-graph\">{\"@context\":\"https:\/\/schema.org\",\"@graph\":[{\"@type\":\"WebPage\",\"@id\":\"https:\/\/happyinaknit.com\/produktas\/muud-carla-rich-brown\/\",\"url\":\"https:\/\/happyinaknit.com\/produktas\/muud-carla-rich-brown\/\",\"name\":\"Muud Carla Rich Brown - Happyinaknit.com\",\"isPartOf\":{\"@id\":\"https:\/\/happyinaknit.com\/lt\/#website\"},\"primaryImageOfPage\":{\"@id\":\"https:\/\/happyinaknit.com\/produktas\/muud-carla-rich-brown\/#primaryimage\"},\"image\":{\"@id\":\"https:\/\/happyinaknit.com\/produktas\/muud-carla-rich-brown\/#primaryimage\"},\"thumbnailUrl\":\"https:\/\/happyinaknit.com\/wp-content\/uploads\/2025\/10\/Carla_RichBrown_AFront_1800x1800.jpg.webp\",\"datePublished\":\"2025-10-06T18:18:14+00:00\",\"dateModified\":\"2025-12-29T12:02:00+00:00\",\"breadcrumb\":{\"@id\":\"https:\/\/happyinaknit.com\/produktas\/muud-carla-rich-brown\/#breadcrumb\"},\"inLanguage\":\"en-US\",\"potentialAction\":[{\"@type\":\"ReadAction\",\"target\":[\"https:\/\/happyinaknit.com\/produktas\/muud-carla-rich-brown\/\"]}]},{\"@type\":\"ImageObject\",\"inLanguage\":\"en-US\",\"@id\":\"https:\/\/happyinaknit.com\/produktas\/muud-carla-rich-brown\/#primaryimage\",\"url\":\"https:\/\/happyinaknit.com\/wp-content\/uploads\/2025\/10\/Carla_RichBrown_AFront_1800x1800.jpg.webp\",\"contentUrl\":\"https:\/\/happyinaknit.com\/wp-content\/uploads\/2025\/10\/Carla_RichBrown_AFront_1800x1800.jpg.webp\",\"width\":1200,\"height\":1800},{\"@type\":\"BreadcrumbList\",\"@id\":\"https:\/\/happyinaknit.com\/produktas\/muud-carla-rich-brown\/#breadcrumb\",\"itemListElement\":[{\"@type\":\"ListItem\",\"position\":1,\"name\":\"Home\",\"item\":\"https:\/\/happyinaknit.com\/lt\/\"},{\"@type\":\"ListItem\",\"position\":2,\"name\":\"Parduotuv\u0117\",\"item\":\"https:\/\/happyinaknit.com\/lt\/parduotuve\/\"},{\"@type\":\"ListItem\",\"position\":3,\"name\":\"Muud Carla Rich Brown\"}]},{\"@type\":\"WebSite\",\"@id\":\"https:\/\/happyinaknit.com\/lt\/#website\",\"url\":\"https:\/\/happyinaknit.com\/lt\/\",\"name\":\"Happyinaknit.com\",\"description\":\"\",\"potentialAction\":[{\"@type\":\"SearchAction\",\"target\":{\"@type\":\"EntryPoint\",\"urlTemplate\":\"https:\/\/happyinaknit.com\/lt\/?s={search_term_string}\"},\"query-input\":{\"@type\":\"PropertyValueSpecification\",\"valueRequired\":true,\"valueName\":\"search_term_string\"}}],\"inLanguage\":\"en-US\"}]}<\/script>\n<!-- \/ Yoast SEO plugin. -->","yoast_head_json":{"title":"Muud Carla Rich Brown - Happyinaknit.com","robots":{"index":"index","follow":"follow","max-snippet":"max-snippet:-1","max-image-preview":"max-image-preview:large","max-video-preview":"max-video-preview:-1"},"canonical":"https:\/\/happyinaknit.com\/en\/product\/muud-carla-rich-brown\/","og_locale":"en_US","og_type":"article","og_title":"Muud Carla Rich Brown - Happyinaknit.com","og_description":"Carla \u2013 tai vienas i\u0161 ma\u017eesni\u0173 muud d\u0117kliuk\u0173, sukurtas taip, kad tilpt\u0173 \u012f kitus d\u0117klus ar projekt\u0173 krep\u0161ius, i\u0161naudojant erdv\u0119 maksimaliai efektyviai. \u0160is kompakti\u0161kas d\u0117klas puikiai tinka smulkiems mezgimo reikmenims laikyti \u2013 tokiems kaip akini\u0173 stabdikliai, \u017eymekliai, siuvimo ar siuvin\u0117jimo adatos. D\u0117kliukas turi kelis skyrelius ir ki\u0161en\u0117les, leid\u017eian\u010dias tvarkingai susid\u0117ti visus ma\u017eus priedus. \u201eCarla\u201c \u2013 [&hellip;]","og_url":"https:\/\/happyinaknit.com\/en\/product\/muud-carla-rich-brown\/","og_site_name":"Happyinaknit.com","article_modified_time":"2025-12-29T12:02:00+00:00","og_image":[{"width":1200,"height":1800,"url":"https:\/\/happyinaknit.com\/wp-content\/uploads\/2025\/10\/Carla_RichBrown_AFront_1800x1800.jpg.webp","type":"image\/webp"}],"twitter_card":"summary_large_image","twitter_misc":{"Est. reading time":"1 minute"},"schema":{"@context":"https:\/\/schema.org","@graph":[{"@type":"WebPage","@id":"https:\/\/happyinaknit.com\/produktas\/muud-carla-rich-brown\/","url":"https:\/\/happyinaknit.com\/produktas\/muud-carla-rich-brown\/","name":"Muud Carla Rich Brown - Happyinaknit.com","isPartOf":{"@id":"https:\/\/happyinaknit.com\/lt\/#website"},"primaryImageOfPage":{"@id":"https:\/\/happyinaknit.com\/produktas\/muud-carla-rich-brown\/#primaryimage"},"image":{"@id":"https:\/\/happyinaknit.com\/produktas\/muud-carla-rich-brown\/#primaryimage"},"thumbnailUrl":"https:\/\/happyinaknit.com\/wp-content\/uploads\/2025\/10\/Carla_RichBrown_AFront_1800x1800.jpg.webp","datePublished":"2025-10-06T18:18:14+00:00","dateModified":"2025-12-29T12:02:00+00:00","breadcrumb":{"@id":"https:\/\/happyinaknit.com\/produktas\/muud-carla-rich-brown\/#breadcrumb"},"inLanguage":"en-US","potentialAction":[{"@type":"ReadAction","target":["https:\/\/happyinaknit.com\/produktas\/muud-carla-rich-brown\/"]}]},{"@type":"ImageObject","inLanguage":"en-US","@id":"https:\/\/happyinaknit.com\/produktas\/muud-carla-rich-brown\/#primaryimage","url":"https:\/\/happyinaknit.com\/wp-content\/uploads\/2025\/10\/Carla_RichBrown_AFront_1800x1800.jpg.webp","contentUrl":"https:\/\/happyinaknit.com\/wp-content\/uploads\/2025\/10\/Carla_RichBrown_AFront_1800x1800.jpg.webp","width":1200,"height":1800},{"@type":"BreadcrumbList","@id":"https:\/\/happyinaknit.com\/produktas\/muud-carla-rich-brown\/#breadcrumb","itemListElement":[{"@type":"ListItem","position":1,"name":"Home","item":"https:\/\/happyinaknit.com\/lt\/"},{"@type":"ListItem","position":2,"name":"Parduotuv\u0117","item":"https:\/\/happyinaknit.com\/lt\/parduotuve\/"},{"@type":"ListItem","position":3,"name":"Muud Carla Rich Brown"}]},{"@type":"WebSite","@id":"https:\/\/happyinaknit.com\/lt\/#website","url":"https:\/\/happyinaknit.com\/lt\/","name":"Happyinaknit.com","description":"","potentialAction":[{"@type":"SearchAction","target":{"@type":"EntryPoint","urlTemplate":"https:\/\/happyinaknit.com\/lt\/?s={search_term_string}"},"query-input":{"@type":"PropertyValueSpecification","valueRequired":true,"valueName":"search_term_string"}}],"inLanguage":"en-US"}]}},"_links":{"self":[{"href":"https:\/\/happyinaknit.com\/en\/wp-json\/wp\/v2\/product\/3002","targetHints":{"allow":["GET"]}}],"collection":[{"href":"https:\/\/happyinaknit.com\/en\/wp-json\/wp\/v2\/product"}],"about":[{"href":"https:\/\/happyinaknit.com\/en\/wp-json\/wp\/v2\/types\/product"}],"replies":[{"embeddable":true,"href":"https:\/\/happyinaknit.com\/en\/wp-json\/wp\/v2\/comments?post=3002"}],"wp:featuredmedia":[{"embeddable":true,"href":"https:\/\/happyinaknit.com\/en\/wp-json\/wp\/v2\/media\/3003"}],"wp:attachment":[{"href":"https:\/\/happyinaknit.com\/en\/wp-json\/wp\/v2\/media?parent=3002"}],"wp:term":[{"taxonomy":"product_brand","embeddable":true,"href":"https:\/\/happyinaknit.com\/en\/wp-json\/wp\/v2\/product_brand?post=3002"},{"taxonomy":"product_cat","embeddable":true,"href":"https:\/\/happyinaknit.com\/en\/wp-json\/wp\/v2\/product_cat?post=3002"},{"taxonomy":"product_tag","embeddable":true,"href":"https:\/\/happyinaknit.com\/en\/wp-json\/wp\/v2\/product_tag?post=3002"},{"taxonomy":"pro-kategorijos","embeddable":true,"href":"https:\/\/happyinaknit.com\/en\/wp-json\/wp\/v2\/pro-kategorijos?post=3002"}],"curies":[{"name":"wp","href":"https:\/\/api.w.org\/{rel}","templated":true}]}}