{"id":2916,"date":"2025-10-06T10:49:21","date_gmt":"2025-10-06T10:49:21","guid":{"rendered":"https:\/\/happyinaknit.com\/?post_type=product&#038;p=2916"},"modified":"2026-04-08T14:54:03","modified_gmt":"2026-04-08T14:54:03","slug":"lang-yarns-cashmere-light","status":"publish","type":"product","link":"https:\/\/happyinaknit.com\/en\/product\/lang-yarns-cashmere-light\/","title":{"rendered":"Lang Yarns Cashmere Light"},"content":{"rendered":"<p data-start=\"103\" data-end=\"574\">Exceptionally soft, fluffy and light yarn made from the highest quality cashmere. This is a real luxury for the skin - these yarns provide a unique feeling of softness and lightness, as if you were touching a cloud. Cashmere is extracted from the undercoat of cashmere goats, which is why it is extremely rare and valued for its warmth, elasticity and durability. Perfect for hats, scarves or other accessories when you want to create something exclusive and luxurious.<\/p>\n<ul data-start=\"576\" data-end=\"991\">\n<li data-start=\"576\" data-end=\"623\">\n<p data-start=\"578\" data-end=\"623\"><strong data-start=\"578\" data-end=\"590\">Composition:<\/strong> 88 % cashmere, 12 % polyamide<\/p>\n<\/li>\n<li data-start=\"651\" data-end=\"689\">\n<p data-start=\"653\" data-end=\"689\"><strong data-start=\"653\" data-end=\"675\">Weight \/ length:<\/strong> 25 g - 85 m<\/p>\n<\/li>\n<li data-start=\"690\" data-end=\"733\">\n<p data-start=\"692\" data-end=\"733\"><strong data-start=\"692\" data-end=\"720\">Recommended needles:<\/strong> 5.5-6.0mm<\/p>\n<\/li>\n<li data-start=\"734\" data-end=\"783\">\n<p data-start=\"736\" data-end=\"783\"><strong data-start=\"736\" data-end=\"762\">Density (10 \u00d7 10 cm):<\/strong> ~20 stitches \u00d7 31 rows<\/p>\n<\/li>\n<li data-start=\"784\" data-end=\"900\">\n<p data-start=\"786\" data-end=\"816\"><strong data-start=\"786\" data-end=\"814\">Approximate consumption:<\/strong><\/p>\n<ul data-start=\"819\" data-end=\"900\">\n<li data-start=\"819\" data-end=\"858\">\n<p data-start=\"821\" data-end=\"858\">for a triangular scarf ~4\u20135 balls<\/p>\n<\/li>\n<li data-start=\"861\" data-end=\"900\">\n<p data-start=\"863\" data-end=\"900\">for a hat with a flap ~2 balls<\/p>\n<\/li>\n<\/ul>\n<\/li>\n<li data-start=\"901\" data-end=\"991\">\n<p data-start=\"903\" data-end=\"919\"><strong data-start=\"903\" data-end=\"917\">Care:<\/strong><\/p>\n<ul data-start=\"922\" data-end=\"991\">\n<li data-start=\"922\" data-end=\"952\">\n<p data-start=\"924\" data-end=\"952\">Hand wash up to 30\u00b0C<\/p>\n<\/li>\n<li data-start=\"955\" data-end=\"991\">\n<p data-start=\"957\" data-end=\"991\">Dry flat horizontally<\/p>\n<\/li>\n<\/ul>\n<\/li>\n<\/ul>","protected":false},"excerpt":{"rendered":"<p>I\u0161skirtinai \u0161veln\u016bs, pur\u016bs ir lengvi si\u016blai, pagaminti i\u0161 auk\u0161\u010diausios kokyb\u0117s ka\u0161myro. Tai tikra prabanga odai \u2013 \u0161ie si\u016blai suteikia nepakartojamo \u0161velnumo ir lengvumo poj\u016bt\u012f, tarsi liestum debes\u012f. Ka\u0161myras i\u0161gaunamas i\u0161 ka\u0161myro o\u017ek\u0173 paviln\u0117s, tod\u0117l yra itin retas ir vertinamas d\u0117l savo \u0161ilumos, elastingumo bei ilgaam\u017ei\u0161kumo. Puikiai tinka kepur\u0117ms, \u0161alikams ar kitiems aksesuarams, kai norisi sukurti [&hellip;]<\/p>\n","protected":false},"featured_media":2926,"comment_status":"open","ping_status":"closed","template":"","meta":{"_acf_changed":false},"product_brand":[70],"product_cat":[15,18],"product_tag":[96],"pro-kategorijos":[46],"class_list":{"0":"post-2916","1":"product","2":"type-product","3":"status-publish","4":"has-post-thumbnail","6":"product_brand-lang-yarns","7":"product_cat-visi-produktai","8":"product_cat-siulai","9":"product_tag-top","10":"pro-kategorijos-kasmyras","12":"first","13":"instock","14":"shipping-taxable","15":"purchasable","16":"product-type-variable"},"acf":[],"yoast_head":"<!-- This site is optimized with the Yoast SEO plugin v26.8 - https:\/\/yoast.com\/product\/yoast-seo-wordpress\/ -->\n<title>Lang Yarns Cashmere Light - Happyinaknit.com<\/title>\n<meta name=\"robots\" content=\"index, follow, max-snippet:-1, max-image-preview:large, max-video-preview:-1\" \/>\n<link rel=\"canonical\" href=\"https:\/\/happyinaknit.com\/en\/product\/lang-yarns-cashmere-light\/\" \/>\n<meta property=\"og:locale\" content=\"en_US\" \/>\n<meta property=\"og:type\" content=\"article\" \/>\n<meta property=\"og:title\" content=\"Lang Yarns Cashmere Light - Happyinaknit.com\" \/>\n<meta property=\"og:description\" content=\"I\u0161skirtinai \u0161veln\u016bs, pur\u016bs ir lengvi si\u016blai, pagaminti i\u0161 auk\u0161\u010diausios kokyb\u0117s ka\u0161myro. Tai tikra prabanga odai \u2013 \u0161ie si\u016blai suteikia nepakartojamo \u0161velnumo ir lengvumo poj\u016bt\u012f, tarsi liestum debes\u012f. Ka\u0161myras i\u0161gaunamas i\u0161 ka\u0161myro o\u017ek\u0173 paviln\u0117s, tod\u0117l yra itin retas ir vertinamas d\u0117l savo \u0161ilumos, elastingumo bei ilgaam\u017ei\u0161kumo. Puikiai tinka kepur\u0117ms, \u0161alikams ar kitiems aksesuarams, kai norisi sukurti [&hellip;]\" \/>\n<meta property=\"og:url\" content=\"https:\/\/happyinaknit.com\/en\/product\/lang-yarns-cashmere-light\/\" \/>\n<meta property=\"og:site_name\" content=\"Happyinaknit.com\" \/>\n<meta property=\"article:modified_time\" content=\"2026-04-08T14:54:03+00:00\" \/>\n<meta property=\"og:image\" content=\"https:\/\/happyinaknit.com\/wp-content\/uploads\/2025\/10\/950_0148_LANGYARNS_CashmereLight_800_B.jpg\" \/>\n\t<meta property=\"og:image:width\" content=\"800\" \/>\n\t<meta property=\"og:image:height\" content=\"800\" \/>\n\t<meta property=\"og:image:type\" content=\"image\/jpeg\" \/>\n<meta name=\"twitter:card\" content=\"summary_large_image\" \/>\n<meta name=\"twitter:label1\" content=\"Est. reading time\" \/>\n\t<meta name=\"twitter:data1\" content=\"1 minute\" \/>\n<script type=\"application\/ld+json\" class=\"yoast-schema-graph\">{\"@context\":\"https:\/\/schema.org\",\"@graph\":[{\"@type\":\"WebPage\",\"@id\":\"https:\/\/happyinaknit.com\/produktas\/lang-yarns-cashmere-light\/\",\"url\":\"https:\/\/happyinaknit.com\/produktas\/lang-yarns-cashmere-light\/\",\"name\":\"Lang Yarns Cashmere Light - Happyinaknit.com\",\"isPartOf\":{\"@id\":\"https:\/\/happyinaknit.com\/lt\/#website\"},\"primaryImageOfPage\":{\"@id\":\"https:\/\/happyinaknit.com\/produktas\/lang-yarns-cashmere-light\/#primaryimage\"},\"image\":{\"@id\":\"https:\/\/happyinaknit.com\/produktas\/lang-yarns-cashmere-light\/#primaryimage\"},\"thumbnailUrl\":\"https:\/\/happyinaknit.com\/wp-content\/uploads\/2025\/10\/950_0148_LANGYARNS_CashmereLight_800_B.jpg\",\"datePublished\":\"2025-10-06T10:49:21+00:00\",\"dateModified\":\"2026-04-08T14:54:03+00:00\",\"breadcrumb\":{\"@id\":\"https:\/\/happyinaknit.com\/produktas\/lang-yarns-cashmere-light\/#breadcrumb\"},\"inLanguage\":\"en-US\",\"potentialAction\":[{\"@type\":\"ReadAction\",\"target\":[\"https:\/\/happyinaknit.com\/produktas\/lang-yarns-cashmere-light\/\"]}]},{\"@type\":\"ImageObject\",\"inLanguage\":\"en-US\",\"@id\":\"https:\/\/happyinaknit.com\/produktas\/lang-yarns-cashmere-light\/#primaryimage\",\"url\":\"https:\/\/happyinaknit.com\/wp-content\/uploads\/2025\/10\/950_0148_LANGYARNS_CashmereLight_800_B.jpg\",\"contentUrl\":\"https:\/\/happyinaknit.com\/wp-content\/uploads\/2025\/10\/950_0148_LANGYARNS_CashmereLight_800_B.jpg\",\"width\":800,\"height\":800},{\"@type\":\"BreadcrumbList\",\"@id\":\"https:\/\/happyinaknit.com\/produktas\/lang-yarns-cashmere-light\/#breadcrumb\",\"itemListElement\":[{\"@type\":\"ListItem\",\"position\":1,\"name\":\"Home\",\"item\":\"https:\/\/happyinaknit.com\/lt\/\"},{\"@type\":\"ListItem\",\"position\":2,\"name\":\"Parduotuv\u0117\",\"item\":\"https:\/\/happyinaknit.com\/lt\/parduotuve\/\"},{\"@type\":\"ListItem\",\"position\":3,\"name\":\"Lang Yarns Cashmere Light\"}]},{\"@type\":\"WebSite\",\"@id\":\"https:\/\/happyinaknit.com\/lt\/#website\",\"url\":\"https:\/\/happyinaknit.com\/lt\/\",\"name\":\"Happyinaknit.com\",\"description\":\"\",\"potentialAction\":[{\"@type\":\"SearchAction\",\"target\":{\"@type\":\"EntryPoint\",\"urlTemplate\":\"https:\/\/happyinaknit.com\/lt\/?s={search_term_string}\"},\"query-input\":{\"@type\":\"PropertyValueSpecification\",\"valueRequired\":true,\"valueName\":\"search_term_string\"}}],\"inLanguage\":\"en-US\"}]}<\/script>\n<!-- \/ Yoast SEO plugin. -->","yoast_head_json":{"title":"Lang Yarns Cashmere Light - Happyinaknit.com","robots":{"index":"index","follow":"follow","max-snippet":"max-snippet:-1","max-image-preview":"max-image-preview:large","max-video-preview":"max-video-preview:-1"},"canonical":"https:\/\/happyinaknit.com\/en\/product\/lang-yarns-cashmere-light\/","og_locale":"en_US","og_type":"article","og_title":"Lang Yarns Cashmere Light - Happyinaknit.com","og_description":"I\u0161skirtinai \u0161veln\u016bs, pur\u016bs ir lengvi si\u016blai, pagaminti i\u0161 auk\u0161\u010diausios kokyb\u0117s ka\u0161myro. Tai tikra prabanga odai \u2013 \u0161ie si\u016blai suteikia nepakartojamo \u0161velnumo ir lengvumo poj\u016bt\u012f, tarsi liestum debes\u012f. Ka\u0161myras i\u0161gaunamas i\u0161 ka\u0161myro o\u017ek\u0173 paviln\u0117s, tod\u0117l yra itin retas ir vertinamas d\u0117l savo \u0161ilumos, elastingumo bei ilgaam\u017ei\u0161kumo. Puikiai tinka kepur\u0117ms, \u0161alikams ar kitiems aksesuarams, kai norisi sukurti [&hellip;]","og_url":"https:\/\/happyinaknit.com\/en\/product\/lang-yarns-cashmere-light\/","og_site_name":"Happyinaknit.com","article_modified_time":"2026-04-08T14:54:03+00:00","og_image":[{"width":800,"height":800,"url":"https:\/\/happyinaknit.com\/wp-content\/uploads\/2025\/10\/950_0148_LANGYARNS_CashmereLight_800_B.jpg","type":"image\/jpeg"}],"twitter_card":"summary_large_image","twitter_misc":{"Est. reading time":"1 minute"},"schema":{"@context":"https:\/\/schema.org","@graph":[{"@type":"WebPage","@id":"https:\/\/happyinaknit.com\/produktas\/lang-yarns-cashmere-light\/","url":"https:\/\/happyinaknit.com\/produktas\/lang-yarns-cashmere-light\/","name":"Lang Yarns Cashmere Light - Happyinaknit.com","isPartOf":{"@id":"https:\/\/happyinaknit.com\/lt\/#website"},"primaryImageOfPage":{"@id":"https:\/\/happyinaknit.com\/produktas\/lang-yarns-cashmere-light\/#primaryimage"},"image":{"@id":"https:\/\/happyinaknit.com\/produktas\/lang-yarns-cashmere-light\/#primaryimage"},"thumbnailUrl":"https:\/\/happyinaknit.com\/wp-content\/uploads\/2025\/10\/950_0148_LANGYARNS_CashmereLight_800_B.jpg","datePublished":"2025-10-06T10:49:21+00:00","dateModified":"2026-04-08T14:54:03+00:00","breadcrumb":{"@id":"https:\/\/happyinaknit.com\/produktas\/lang-yarns-cashmere-light\/#breadcrumb"},"inLanguage":"en-US","potentialAction":[{"@type":"ReadAction","target":["https:\/\/happyinaknit.com\/produktas\/lang-yarns-cashmere-light\/"]}]},{"@type":"ImageObject","inLanguage":"en-US","@id":"https:\/\/happyinaknit.com\/produktas\/lang-yarns-cashmere-light\/#primaryimage","url":"https:\/\/happyinaknit.com\/wp-content\/uploads\/2025\/10\/950_0148_LANGYARNS_CashmereLight_800_B.jpg","contentUrl":"https:\/\/happyinaknit.com\/wp-content\/uploads\/2025\/10\/950_0148_LANGYARNS_CashmereLight_800_B.jpg","width":800,"height":800},{"@type":"BreadcrumbList","@id":"https:\/\/happyinaknit.com\/produktas\/lang-yarns-cashmere-light\/#breadcrumb","itemListElement":[{"@type":"ListItem","position":1,"name":"Home","item":"https:\/\/happyinaknit.com\/lt\/"},{"@type":"ListItem","position":2,"name":"Parduotuv\u0117","item":"https:\/\/happyinaknit.com\/lt\/parduotuve\/"},{"@type":"ListItem","position":3,"name":"Lang Yarns Cashmere Light"}]},{"@type":"WebSite","@id":"https:\/\/happyinaknit.com\/lt\/#website","url":"https:\/\/happyinaknit.com\/lt\/","name":"Happyinaknit.com","description":"","potentialAction":[{"@type":"SearchAction","target":{"@type":"EntryPoint","urlTemplate":"https:\/\/happyinaknit.com\/lt\/?s={search_term_string}"},"query-input":{"@type":"PropertyValueSpecification","valueRequired":true,"valueName":"search_term_string"}}],"inLanguage":"en-US"}]}},"_links":{"self":[{"href":"https:\/\/happyinaknit.com\/en\/wp-json\/wp\/v2\/product\/2916","targetHints":{"allow":["GET"]}}],"collection":[{"href":"https:\/\/happyinaknit.com\/en\/wp-json\/wp\/v2\/product"}],"about":[{"href":"https:\/\/happyinaknit.com\/en\/wp-json\/wp\/v2\/types\/product"}],"replies":[{"embeddable":true,"href":"https:\/\/happyinaknit.com\/en\/wp-json\/wp\/v2\/comments?post=2916"}],"wp:featuredmedia":[{"embeddable":true,"href":"https:\/\/happyinaknit.com\/en\/wp-json\/wp\/v2\/media\/2926"}],"wp:attachment":[{"href":"https:\/\/happyinaknit.com\/en\/wp-json\/wp\/v2\/media?parent=2916"}],"wp:term":[{"taxonomy":"product_brand","embeddable":true,"href":"https:\/\/happyinaknit.com\/en\/wp-json\/wp\/v2\/product_brand?post=2916"},{"taxonomy":"product_cat","embeddable":true,"href":"https:\/\/happyinaknit.com\/en\/wp-json\/wp\/v2\/product_cat?post=2916"},{"taxonomy":"product_tag","embeddable":true,"href":"https:\/\/happyinaknit.com\/en\/wp-json\/wp\/v2\/product_tag?post=2916"},{"taxonomy":"pro-kategorijos","embeddable":true,"href":"https:\/\/happyinaknit.com\/en\/wp-json\/wp\/v2\/pro-kategorijos?post=2916"}],"curies":[{"name":"wp","href":"https:\/\/api.w.org\/{rel}","templated":true}]}}