{"id":2909,"date":"2025-10-06T10:37:30","date_gmt":"2025-10-06T10:37:30","guid":{"rendered":"https:\/\/happyinaknit.com\/?post_type=product&#038;p=2909"},"modified":"2025-11-13T20:46:31","modified_gmt":"2025-11-13T20:46:31","slug":"lang-yarns-suri-alpaca","status":"publish","type":"product","link":"https:\/\/happyinaknit.com\/en\/product\/lang-yarns-suri-alpaca\/","title":{"rendered":"Lang Yarns Suri Alpaca"},"content":{"rendered":"<p data-start=\"100\" data-end=\"523\">Exclusive threads made from <strong data-start=\"163\" data-end=\"185\">100 % Suri Alpacas<\/strong>. This fiber differs from the usual Huacaya alpaca - its fiber is less wavy, more shiny and softer. The yarns are fluffy, light and warm, giving knitwear a subtle shine and comfort. Sweaters, cardigans or shawls made from them look elegant and luxurious, and provide a feeling of special comfort when worn.<\/p>\n<ul data-start=\"525\" data-end=\"883\">\n<li data-start=\"525\" data-end=\"559\">\n<p data-start=\"527\" data-end=\"559\"><strong data-start=\"527\" data-end=\"539\">Composition:<\/strong> 100 % Suri alpaca<\/p>\n<\/li>\n<li data-start=\"587\" data-end=\"626\">\n<p data-start=\"589\" data-end=\"626\"><strong data-start=\"589\" data-end=\"611\">Weight \/ length:<\/strong> 25 g - 100 m<\/p>\n<\/li>\n<li data-start=\"627\" data-end=\"670\">\n<p data-start=\"629\" data-end=\"670\"><strong data-start=\"629\" data-end=\"657\">Recommended needles:<\/strong> 4.0-4.5mm<\/p>\n<\/li>\n<li data-start=\"671\" data-end=\"721\">\n<p data-start=\"673\" data-end=\"721\"><strong data-start=\"673\" data-end=\"699\">Density (10 \u00d7 10 cm):<\/strong> ~16 stitches \u00d7 24 rows<\/p>\n<\/li>\n<li data-start=\"722\" data-end=\"792\">\n<p data-start=\"724\" data-end=\"792\"><strong data-start=\"724\" data-end=\"752\">Approximate consumption:<\/strong> for a sweater (size 44) ~8 balls<\/p>\n<\/li>\n<li data-start=\"793\" data-end=\"883\">\n<p data-start=\"795\" data-end=\"811\"><strong data-start=\"795\" data-end=\"809\">Care:<\/strong><\/p>\n<ul data-start=\"814\" data-end=\"883\">\n<li data-start=\"814\" data-end=\"844\">\n<p data-start=\"816\" data-end=\"844\">Hand wash up to 30\u00b0C<\/p>\n<\/li>\n<li data-start=\"847\" data-end=\"883\">\n<p data-start=\"849\" data-end=\"883\">Dry flat horizontally<\/p>\n<\/li>\n<\/ul>\n<\/li>\n<\/ul>","protected":false},"excerpt":{"rendered":"<p>I\u0161skirtiniai si\u016blai, pagaminti i\u0161 100 % Suri alpakos. \u0160is pluo\u0161tas skiriasi nuo \u012fprastos Huacaya alpakos \u2013 jo plau\u0161as ma\u017eiau banguotas, labiau \u017evilgantis ir \u0161velnesnis. Si\u016blai yra p\u016bkuoti, lengvi ir \u0161ilti, suteikiantys mezginiams subtilaus blizgesio bei jaukumo. I\u0161 j\u0173 sukurti d\u017eemperiai, megztiniai ar \u0161aliai atrodo eleganti\u0161kai ir prabangiai, o d\u0117vint suteikia ypatingo komforto poj\u016bt\u012f. Sud\u0117tis: 100 [&hellip;]<\/p>\n","protected":false},"featured_media":2912,"comment_status":"open","ping_status":"closed","template":"","meta":{"_acf_changed":false},"product_brand":[70],"product_cat":[15,18],"product_tag":[],"pro-kategorijos":[54],"class_list":{"0":"post-2909","1":"product","2":"type-product","3":"status-publish","4":"has-post-thumbnail","6":"product_brand-lang-yarns","7":"product_cat-visi-produktai","8":"product_cat-siulai","9":"pro-kategorijos-alpaka","11":"first","12":"instock","13":"shipping-taxable","14":"purchasable","15":"product-type-variable"},"acf":[],"yoast_head":"<!-- This site is optimized with the Yoast SEO plugin v26.8 - https:\/\/yoast.com\/product\/yoast-seo-wordpress\/ -->\n<title>Lang Yarns Suri Alpaca - Happyinaknit.com<\/title>\n<meta name=\"robots\" content=\"index, follow, max-snippet:-1, max-image-preview:large, max-video-preview:-1\" \/>\n<link rel=\"canonical\" href=\"https:\/\/happyinaknit.com\/en\/product\/lang-yarns-suri-alpaca\/\" \/>\n<meta property=\"og:locale\" content=\"en_US\" \/>\n<meta property=\"og:type\" content=\"article\" \/>\n<meta property=\"og:title\" content=\"Lang Yarns Suri Alpaca - Happyinaknit.com\" \/>\n<meta property=\"og:description\" content=\"I\u0161skirtiniai si\u016blai, pagaminti i\u0161 100 % Suri alpakos. \u0160is pluo\u0161tas skiriasi nuo \u012fprastos Huacaya alpakos \u2013 jo plau\u0161as ma\u017eiau banguotas, labiau \u017evilgantis ir \u0161velnesnis. Si\u016blai yra p\u016bkuoti, lengvi ir \u0161ilti, suteikiantys mezginiams subtilaus blizgesio bei jaukumo. I\u0161 j\u0173 sukurti d\u017eemperiai, megztiniai ar \u0161aliai atrodo eleganti\u0161kai ir prabangiai, o d\u0117vint suteikia ypatingo komforto poj\u016bt\u012f. Sud\u0117tis: 100 [&hellip;]\" \/>\n<meta property=\"og:url\" content=\"https:\/\/happyinaknit.com\/en\/product\/lang-yarns-suri-alpaca\/\" \/>\n<meta property=\"og:site_name\" content=\"Happyinaknit.com\" \/>\n<meta property=\"article:modified_time\" content=\"2025-11-13T20:46:31+00:00\" \/>\n<meta property=\"og:image\" content=\"https:\/\/happyinaknit.com\/wp-content\/uploads\/2025\/10\/1082_0060_LANGYARNS_SuriAlpaca_800_B.jpg\" \/>\n\t<meta property=\"og:image:width\" content=\"800\" \/>\n\t<meta property=\"og:image:height\" content=\"800\" \/>\n\t<meta property=\"og:image:type\" content=\"image\/jpeg\" \/>\n<meta name=\"twitter:card\" content=\"summary_large_image\" \/>\n<script type=\"application\/ld+json\" class=\"yoast-schema-graph\">{\"@context\":\"https:\/\/schema.org\",\"@graph\":[{\"@type\":\"WebPage\",\"@id\":\"https:\/\/happyinaknit.com\/produktas\/lang-yarns-suri-alpaca\/\",\"url\":\"https:\/\/happyinaknit.com\/produktas\/lang-yarns-suri-alpaca\/\",\"name\":\"Lang Yarns Suri Alpaca - Happyinaknit.com\",\"isPartOf\":{\"@id\":\"https:\/\/happyinaknit.com\/lt\/#website\"},\"primaryImageOfPage\":{\"@id\":\"https:\/\/happyinaknit.com\/produktas\/lang-yarns-suri-alpaca\/#primaryimage\"},\"image\":{\"@id\":\"https:\/\/happyinaknit.com\/produktas\/lang-yarns-suri-alpaca\/#primaryimage\"},\"thumbnailUrl\":\"https:\/\/happyinaknit.com\/wp-content\/uploads\/2025\/10\/1082_0060_LANGYARNS_SuriAlpaca_800_B.jpg\",\"datePublished\":\"2025-10-06T10:37:30+00:00\",\"dateModified\":\"2025-11-13T20:46:31+00:00\",\"breadcrumb\":{\"@id\":\"https:\/\/happyinaknit.com\/produktas\/lang-yarns-suri-alpaca\/#breadcrumb\"},\"inLanguage\":\"en-US\",\"potentialAction\":[{\"@type\":\"ReadAction\",\"target\":[\"https:\/\/happyinaknit.com\/produktas\/lang-yarns-suri-alpaca\/\"]}]},{\"@type\":\"ImageObject\",\"inLanguage\":\"en-US\",\"@id\":\"https:\/\/happyinaknit.com\/produktas\/lang-yarns-suri-alpaca\/#primaryimage\",\"url\":\"https:\/\/happyinaknit.com\/wp-content\/uploads\/2025\/10\/1082_0060_LANGYARNS_SuriAlpaca_800_B.jpg\",\"contentUrl\":\"https:\/\/happyinaknit.com\/wp-content\/uploads\/2025\/10\/1082_0060_LANGYARNS_SuriAlpaca_800_B.jpg\",\"width\":800,\"height\":800},{\"@type\":\"BreadcrumbList\",\"@id\":\"https:\/\/happyinaknit.com\/produktas\/lang-yarns-suri-alpaca\/#breadcrumb\",\"itemListElement\":[{\"@type\":\"ListItem\",\"position\":1,\"name\":\"Home\",\"item\":\"https:\/\/happyinaknit.com\/lt\/\"},{\"@type\":\"ListItem\",\"position\":2,\"name\":\"Parduotuv\u0117\",\"item\":\"https:\/\/happyinaknit.com\/lt\/parduotuve\/\"},{\"@type\":\"ListItem\",\"position\":3,\"name\":\"Lang Yarns Suri Alpaca\"}]},{\"@type\":\"WebSite\",\"@id\":\"https:\/\/happyinaknit.com\/lt\/#website\",\"url\":\"https:\/\/happyinaknit.com\/lt\/\",\"name\":\"Happyinaknit.com\",\"description\":\"\",\"potentialAction\":[{\"@type\":\"SearchAction\",\"target\":{\"@type\":\"EntryPoint\",\"urlTemplate\":\"https:\/\/happyinaknit.com\/lt\/?s={search_term_string}\"},\"query-input\":{\"@type\":\"PropertyValueSpecification\",\"valueRequired\":true,\"valueName\":\"search_term_string\"}}],\"inLanguage\":\"en-US\"}]}<\/script>\n<!-- \/ Yoast SEO plugin. -->","yoast_head_json":{"title":"Lang Yarns Suri Alpaca - Happyinaknit.com","robots":{"index":"index","follow":"follow","max-snippet":"max-snippet:-1","max-image-preview":"max-image-preview:large","max-video-preview":"max-video-preview:-1"},"canonical":"https:\/\/happyinaknit.com\/en\/product\/lang-yarns-suri-alpaca\/","og_locale":"en_US","og_type":"article","og_title":"Lang Yarns Suri Alpaca - Happyinaknit.com","og_description":"I\u0161skirtiniai si\u016blai, pagaminti i\u0161 100 % Suri alpakos. \u0160is pluo\u0161tas skiriasi nuo \u012fprastos Huacaya alpakos \u2013 jo plau\u0161as ma\u017eiau banguotas, labiau \u017evilgantis ir \u0161velnesnis. Si\u016blai yra p\u016bkuoti, lengvi ir \u0161ilti, suteikiantys mezginiams subtilaus blizgesio bei jaukumo. I\u0161 j\u0173 sukurti d\u017eemperiai, megztiniai ar \u0161aliai atrodo eleganti\u0161kai ir prabangiai, o d\u0117vint suteikia ypatingo komforto poj\u016bt\u012f. Sud\u0117tis: 100 [&hellip;]","og_url":"https:\/\/happyinaknit.com\/en\/product\/lang-yarns-suri-alpaca\/","og_site_name":"Happyinaknit.com","article_modified_time":"2025-11-13T20:46:31+00:00","og_image":[{"width":800,"height":800,"url":"https:\/\/happyinaknit.com\/wp-content\/uploads\/2025\/10\/1082_0060_LANGYARNS_SuriAlpaca_800_B.jpg","type":"image\/jpeg"}],"twitter_card":"summary_large_image","schema":{"@context":"https:\/\/schema.org","@graph":[{"@type":"WebPage","@id":"https:\/\/happyinaknit.com\/produktas\/lang-yarns-suri-alpaca\/","url":"https:\/\/happyinaknit.com\/produktas\/lang-yarns-suri-alpaca\/","name":"Lang Yarns Suri Alpaca - Happyinaknit.com","isPartOf":{"@id":"https:\/\/happyinaknit.com\/lt\/#website"},"primaryImageOfPage":{"@id":"https:\/\/happyinaknit.com\/produktas\/lang-yarns-suri-alpaca\/#primaryimage"},"image":{"@id":"https:\/\/happyinaknit.com\/produktas\/lang-yarns-suri-alpaca\/#primaryimage"},"thumbnailUrl":"https:\/\/happyinaknit.com\/wp-content\/uploads\/2025\/10\/1082_0060_LANGYARNS_SuriAlpaca_800_B.jpg","datePublished":"2025-10-06T10:37:30+00:00","dateModified":"2025-11-13T20:46:31+00:00","breadcrumb":{"@id":"https:\/\/happyinaknit.com\/produktas\/lang-yarns-suri-alpaca\/#breadcrumb"},"inLanguage":"en-US","potentialAction":[{"@type":"ReadAction","target":["https:\/\/happyinaknit.com\/produktas\/lang-yarns-suri-alpaca\/"]}]},{"@type":"ImageObject","inLanguage":"en-US","@id":"https:\/\/happyinaknit.com\/produktas\/lang-yarns-suri-alpaca\/#primaryimage","url":"https:\/\/happyinaknit.com\/wp-content\/uploads\/2025\/10\/1082_0060_LANGYARNS_SuriAlpaca_800_B.jpg","contentUrl":"https:\/\/happyinaknit.com\/wp-content\/uploads\/2025\/10\/1082_0060_LANGYARNS_SuriAlpaca_800_B.jpg","width":800,"height":800},{"@type":"BreadcrumbList","@id":"https:\/\/happyinaknit.com\/produktas\/lang-yarns-suri-alpaca\/#breadcrumb","itemListElement":[{"@type":"ListItem","position":1,"name":"Home","item":"https:\/\/happyinaknit.com\/lt\/"},{"@type":"ListItem","position":2,"name":"Parduotuv\u0117","item":"https:\/\/happyinaknit.com\/lt\/parduotuve\/"},{"@type":"ListItem","position":3,"name":"Lang Yarns Suri Alpaca"}]},{"@type":"WebSite","@id":"https:\/\/happyinaknit.com\/lt\/#website","url":"https:\/\/happyinaknit.com\/lt\/","name":"Happyinaknit.com","description":"","potentialAction":[{"@type":"SearchAction","target":{"@type":"EntryPoint","urlTemplate":"https:\/\/happyinaknit.com\/lt\/?s={search_term_string}"},"query-input":{"@type":"PropertyValueSpecification","valueRequired":true,"valueName":"search_term_string"}}],"inLanguage":"en-US"}]}},"_links":{"self":[{"href":"https:\/\/happyinaknit.com\/en\/wp-json\/wp\/v2\/product\/2909","targetHints":{"allow":["GET"]}}],"collection":[{"href":"https:\/\/happyinaknit.com\/en\/wp-json\/wp\/v2\/product"}],"about":[{"href":"https:\/\/happyinaknit.com\/en\/wp-json\/wp\/v2\/types\/product"}],"replies":[{"embeddable":true,"href":"https:\/\/happyinaknit.com\/en\/wp-json\/wp\/v2\/comments?post=2909"}],"wp:featuredmedia":[{"embeddable":true,"href":"https:\/\/happyinaknit.com\/en\/wp-json\/wp\/v2\/media\/2912"}],"wp:attachment":[{"href":"https:\/\/happyinaknit.com\/en\/wp-json\/wp\/v2\/media?parent=2909"}],"wp:term":[{"taxonomy":"product_brand","embeddable":true,"href":"https:\/\/happyinaknit.com\/en\/wp-json\/wp\/v2\/product_brand?post=2909"},{"taxonomy":"product_cat","embeddable":true,"href":"https:\/\/happyinaknit.com\/en\/wp-json\/wp\/v2\/product_cat?post=2909"},{"taxonomy":"product_tag","embeddable":true,"href":"https:\/\/happyinaknit.com\/en\/wp-json\/wp\/v2\/product_tag?post=2909"},{"taxonomy":"pro-kategorijos","embeddable":true,"href":"https:\/\/happyinaknit.com\/en\/wp-json\/wp\/v2\/pro-kategorijos?post=2909"}],"curies":[{"name":"wp","href":"https:\/\/api.w.org\/{rel}","templated":true}]}}