{"id":2891,"date":"2025-10-06T10:14:25","date_gmt":"2025-10-06T10:14:25","guid":{"rendered":"https:\/\/happyinaknit.com\/?post_type=product&#038;p=2891"},"modified":"2025-11-13T20:42:44","modified_gmt":"2025-11-13T20:42:44","slug":"lang-yarns-silk-color","status":"publish","type":"product","link":"https:\/\/happyinaknit.com\/en\/product\/lang-yarns-silk-color\/","title":{"rendered":"Lang Yarns Silk Color"},"content":{"rendered":"<p data-start=\"99\" data-end=\"508\">The true embodiment of luxury \u2013 <strong data-start=\"159\" data-end=\"185\">100 % natural silk<\/strong>. These are light, soft and shiny threads that give knitwear elegance, freshness and a natural sense of luxury. In summer, there is nothing more pleasant than the touch of silk on the skin \u2013 it gently cools, falls beautifully and provides unique comfort. Knitwear looks exceptionally beautiful, as if created from light.<\/p>\n<ul data-start=\"510\" data-end=\"912\">\n<li data-start=\"510\" data-end=\"539\">\n<p data-start=\"512\" data-end=\"539\"><strong data-start=\"512\" data-end=\"524\">Composition:<\/strong> 100 % silk<\/p>\n<\/li>\n<li data-start=\"567\" data-end=\"607\">\n<p data-start=\"569\" data-end=\"607\"><strong data-start=\"569\" data-end=\"591\">Weight \/ length:<\/strong> 100 g - 260 m<\/p>\n<\/li>\n<li data-start=\"608\" data-end=\"651\">\n<p data-start=\"610\" data-end=\"651\"><strong data-start=\"610\" data-end=\"638\">Recommended needles:<\/strong> 3.5-4.0mm<\/p>\n<\/li>\n<li data-start=\"652\" data-end=\"702\">\n<p data-start=\"654\" data-end=\"702\"><strong data-start=\"654\" data-end=\"680\">Density (10 \u00d7 10 cm):<\/strong> ~22 stitches \u00d7 33 rows<\/p>\n<\/li>\n<li data-start=\"703\" data-end=\"821\">\n<p data-start=\"705\" data-end=\"735\"><strong data-start=\"705\" data-end=\"733\">Approximate consumption:<\/strong><\/p>\n<ul data-start=\"738\" data-end=\"821\">\n<li data-start=\"738\" data-end=\"777\">\n<p data-start=\"740\" data-end=\"777\">for men&#039;s product (size M) ~700 g<\/p>\n<\/li>\n<li data-start=\"780\" data-end=\"821\">\n<p data-start=\"782\" data-end=\"821\">for women&#039;s product (size M) ~500 g<\/p>\n<\/li>\n<\/ul>\n<\/li>\n<li data-start=\"822\" data-end=\"912\">\n<p data-start=\"824\" data-end=\"840\"><strong data-start=\"824\" data-end=\"838\">Care:<\/strong><\/p>\n<ul data-start=\"843\" data-end=\"912\">\n<li data-start=\"843\" data-end=\"873\">\n<p data-start=\"845\" data-end=\"873\">Hand wash up to 30\u00b0C<\/p>\n<\/li>\n<li data-start=\"876\" data-end=\"912\">\n<p data-start=\"878\" data-end=\"912\">Dry flat horizontally<\/p>\n<\/li>\n<\/ul>\n<\/li>\n<\/ul>","protected":false},"excerpt":{"rendered":"<p>Tikras prabangos \u012fsik\u016bnijimas \u2013 100 % nat\u016bralus \u0161ilkas. Tai lengvi, \u0161veln\u016bs ir \u017evilgantys si\u016blai, suteikiantys mezginiams elegancijos, gaivumo ir nat\u016bralaus prabangos poj\u016b\u010dio. Vasar\u0105 n\u0117ra nieko malonesnio nei \u0161ilko prisilietimas prie odos \u2013 jis \u0161velniai v\u0117sina, gra\u017eiai krinta ir suteikia nepakartojam\u0105 komfort\u0105. Mezginiai atrodo i\u0161skirtinai dail\u016bs, tarsi sukurti i\u0161 \u0161viesos. Sud\u0117tis: 100 % \u0161ilkas Svoris \/ [&hellip;]<\/p>\n","protected":false},"featured_media":2893,"comment_status":"open","ping_status":"closed","template":"","meta":{"_acf_changed":false},"product_brand":[70],"product_cat":[15,182,18],"product_tag":[33],"pro-kategorijos":[77],"class_list":{"0":"post-2891","1":"product","2":"type-product","3":"status-publish","4":"has-post-thumbnail","6":"product_brand-lang-yarns","7":"product_cat-visi-produktai","8":"product_cat-ispardavimas","9":"product_cat-siulai","10":"product_tag-ispardavimas","11":"pro-kategorijos-silkas","13":"first","14":"instock","15":"sale","16":"shipping-taxable","17":"purchasable","18":"product-type-variable"},"acf":[],"yoast_head":"<!-- This site is optimized with the Yoast SEO plugin v26.8 - https:\/\/yoast.com\/product\/yoast-seo-wordpress\/ -->\n<title>Lang Yarns Silk Color - Happyinaknit.com<\/title>\n<meta name=\"robots\" content=\"index, follow, max-snippet:-1, max-image-preview:large, max-video-preview:-1\" \/>\n<link rel=\"canonical\" href=\"https:\/\/happyinaknit.com\/en\/product\/lang-yarns-silk-color\/\" \/>\n<meta property=\"og:locale\" content=\"en_US\" \/>\n<meta property=\"og:type\" content=\"article\" \/>\n<meta property=\"og:title\" content=\"Lang Yarns Silk Color - Happyinaknit.com\" \/>\n<meta property=\"og:description\" content=\"Tikras prabangos \u012fsik\u016bnijimas \u2013 100 % nat\u016bralus \u0161ilkas. Tai lengvi, \u0161veln\u016bs ir \u017evilgantys si\u016blai, suteikiantys mezginiams elegancijos, gaivumo ir nat\u016bralaus prabangos poj\u016b\u010dio. Vasar\u0105 n\u0117ra nieko malonesnio nei \u0161ilko prisilietimas prie odos \u2013 jis \u0161velniai v\u0117sina, gra\u017eiai krinta ir suteikia nepakartojam\u0105 komfort\u0105. Mezginiai atrodo i\u0161skirtinai dail\u016bs, tarsi sukurti i\u0161 \u0161viesos. Sud\u0117tis: 100 % \u0161ilkas Svoris \/ [&hellip;]\" \/>\n<meta property=\"og:url\" content=\"https:\/\/happyinaknit.com\/en\/product\/lang-yarns-silk-color\/\" \/>\n<meta property=\"og:site_name\" content=\"Happyinaknit.com\" \/>\n<meta property=\"article:modified_time\" content=\"2025-11-13T20:42:44+00:00\" \/>\n<meta property=\"og:image\" content=\"https:\/\/happyinaknit.com\/wp-content\/uploads\/2025\/10\/1141_0006_LANGYARNS_SilkColor_800_B.jpg\" \/>\n\t<meta property=\"og:image:width\" content=\"800\" \/>\n\t<meta property=\"og:image:height\" content=\"800\" \/>\n\t<meta property=\"og:image:type\" content=\"image\/jpeg\" \/>\n<meta name=\"twitter:card\" content=\"summary_large_image\" \/>\n<meta name=\"twitter:label1\" content=\"Est. reading time\" \/>\n\t<meta name=\"twitter:data1\" content=\"1 minute\" \/>\n<script type=\"application\/ld+json\" class=\"yoast-schema-graph\">{\"@context\":\"https:\/\/schema.org\",\"@graph\":[{\"@type\":\"WebPage\",\"@id\":\"https:\/\/happyinaknit.com\/produktas\/lang-yarns-silk-color\/\",\"url\":\"https:\/\/happyinaknit.com\/produktas\/lang-yarns-silk-color\/\",\"name\":\"Lang Yarns Silk Color - Happyinaknit.com\",\"isPartOf\":{\"@id\":\"https:\/\/happyinaknit.com\/lt\/#website\"},\"primaryImageOfPage\":{\"@id\":\"https:\/\/happyinaknit.com\/produktas\/lang-yarns-silk-color\/#primaryimage\"},\"image\":{\"@id\":\"https:\/\/happyinaknit.com\/produktas\/lang-yarns-silk-color\/#primaryimage\"},\"thumbnailUrl\":\"https:\/\/happyinaknit.com\/wp-content\/uploads\/2025\/10\/1141_0006_LANGYARNS_SilkColor_800_B.jpg\",\"datePublished\":\"2025-10-06T10:14:25+00:00\",\"dateModified\":\"2025-11-13T20:42:44+00:00\",\"breadcrumb\":{\"@id\":\"https:\/\/happyinaknit.com\/produktas\/lang-yarns-silk-color\/#breadcrumb\"},\"inLanguage\":\"en-US\",\"potentialAction\":[{\"@type\":\"ReadAction\",\"target\":[\"https:\/\/happyinaknit.com\/produktas\/lang-yarns-silk-color\/\"]}]},{\"@type\":\"ImageObject\",\"inLanguage\":\"en-US\",\"@id\":\"https:\/\/happyinaknit.com\/produktas\/lang-yarns-silk-color\/#primaryimage\",\"url\":\"https:\/\/happyinaknit.com\/wp-content\/uploads\/2025\/10\/1141_0006_LANGYARNS_SilkColor_800_B.jpg\",\"contentUrl\":\"https:\/\/happyinaknit.com\/wp-content\/uploads\/2025\/10\/1141_0006_LANGYARNS_SilkColor_800_B.jpg\",\"width\":800,\"height\":800},{\"@type\":\"BreadcrumbList\",\"@id\":\"https:\/\/happyinaknit.com\/produktas\/lang-yarns-silk-color\/#breadcrumb\",\"itemListElement\":[{\"@type\":\"ListItem\",\"position\":1,\"name\":\"Home\",\"item\":\"https:\/\/happyinaknit.com\/lt\/\"},{\"@type\":\"ListItem\",\"position\":2,\"name\":\"Parduotuv\u0117\",\"item\":\"https:\/\/happyinaknit.com\/lt\/parduotuve\/\"},{\"@type\":\"ListItem\",\"position\":3,\"name\":\"Lang Yarns Silk Color\"}]},{\"@type\":\"WebSite\",\"@id\":\"https:\/\/happyinaknit.com\/lt\/#website\",\"url\":\"https:\/\/happyinaknit.com\/lt\/\",\"name\":\"Happyinaknit.com\",\"description\":\"\",\"potentialAction\":[{\"@type\":\"SearchAction\",\"target\":{\"@type\":\"EntryPoint\",\"urlTemplate\":\"https:\/\/happyinaknit.com\/lt\/?s={search_term_string}\"},\"query-input\":{\"@type\":\"PropertyValueSpecification\",\"valueRequired\":true,\"valueName\":\"search_term_string\"}}],\"inLanguage\":\"en-US\"}]}<\/script>\n<!-- \/ Yoast SEO plugin. -->","yoast_head_json":{"title":"Lang Yarns Silk Color - Happyinaknit.com","robots":{"index":"index","follow":"follow","max-snippet":"max-snippet:-1","max-image-preview":"max-image-preview:large","max-video-preview":"max-video-preview:-1"},"canonical":"https:\/\/happyinaknit.com\/en\/product\/lang-yarns-silk-color\/","og_locale":"en_US","og_type":"article","og_title":"Lang Yarns Silk Color - Happyinaknit.com","og_description":"Tikras prabangos \u012fsik\u016bnijimas \u2013 100 % nat\u016bralus \u0161ilkas. Tai lengvi, \u0161veln\u016bs ir \u017evilgantys si\u016blai, suteikiantys mezginiams elegancijos, gaivumo ir nat\u016bralaus prabangos poj\u016b\u010dio. Vasar\u0105 n\u0117ra nieko malonesnio nei \u0161ilko prisilietimas prie odos \u2013 jis \u0161velniai v\u0117sina, gra\u017eiai krinta ir suteikia nepakartojam\u0105 komfort\u0105. Mezginiai atrodo i\u0161skirtinai dail\u016bs, tarsi sukurti i\u0161 \u0161viesos. Sud\u0117tis: 100 % \u0161ilkas Svoris \/ [&hellip;]","og_url":"https:\/\/happyinaknit.com\/en\/product\/lang-yarns-silk-color\/","og_site_name":"Happyinaknit.com","article_modified_time":"2025-11-13T20:42:44+00:00","og_image":[{"width":800,"height":800,"url":"https:\/\/happyinaknit.com\/wp-content\/uploads\/2025\/10\/1141_0006_LANGYARNS_SilkColor_800_B.jpg","type":"image\/jpeg"}],"twitter_card":"summary_large_image","twitter_misc":{"Est. reading time":"1 minute"},"schema":{"@context":"https:\/\/schema.org","@graph":[{"@type":"WebPage","@id":"https:\/\/happyinaknit.com\/produktas\/lang-yarns-silk-color\/","url":"https:\/\/happyinaknit.com\/produktas\/lang-yarns-silk-color\/","name":"Lang Yarns Silk Color - Happyinaknit.com","isPartOf":{"@id":"https:\/\/happyinaknit.com\/lt\/#website"},"primaryImageOfPage":{"@id":"https:\/\/happyinaknit.com\/produktas\/lang-yarns-silk-color\/#primaryimage"},"image":{"@id":"https:\/\/happyinaknit.com\/produktas\/lang-yarns-silk-color\/#primaryimage"},"thumbnailUrl":"https:\/\/happyinaknit.com\/wp-content\/uploads\/2025\/10\/1141_0006_LANGYARNS_SilkColor_800_B.jpg","datePublished":"2025-10-06T10:14:25+00:00","dateModified":"2025-11-13T20:42:44+00:00","breadcrumb":{"@id":"https:\/\/happyinaknit.com\/produktas\/lang-yarns-silk-color\/#breadcrumb"},"inLanguage":"en-US","potentialAction":[{"@type":"ReadAction","target":["https:\/\/happyinaknit.com\/produktas\/lang-yarns-silk-color\/"]}]},{"@type":"ImageObject","inLanguage":"en-US","@id":"https:\/\/happyinaknit.com\/produktas\/lang-yarns-silk-color\/#primaryimage","url":"https:\/\/happyinaknit.com\/wp-content\/uploads\/2025\/10\/1141_0006_LANGYARNS_SilkColor_800_B.jpg","contentUrl":"https:\/\/happyinaknit.com\/wp-content\/uploads\/2025\/10\/1141_0006_LANGYARNS_SilkColor_800_B.jpg","width":800,"height":800},{"@type":"BreadcrumbList","@id":"https:\/\/happyinaknit.com\/produktas\/lang-yarns-silk-color\/#breadcrumb","itemListElement":[{"@type":"ListItem","position":1,"name":"Home","item":"https:\/\/happyinaknit.com\/lt\/"},{"@type":"ListItem","position":2,"name":"Parduotuv\u0117","item":"https:\/\/happyinaknit.com\/lt\/parduotuve\/"},{"@type":"ListItem","position":3,"name":"Lang Yarns Silk Color"}]},{"@type":"WebSite","@id":"https:\/\/happyinaknit.com\/lt\/#website","url":"https:\/\/happyinaknit.com\/lt\/","name":"Happyinaknit.com","description":"","potentialAction":[{"@type":"SearchAction","target":{"@type":"EntryPoint","urlTemplate":"https:\/\/happyinaknit.com\/lt\/?s={search_term_string}"},"query-input":{"@type":"PropertyValueSpecification","valueRequired":true,"valueName":"search_term_string"}}],"inLanguage":"en-US"}]}},"_links":{"self":[{"href":"https:\/\/happyinaknit.com\/en\/wp-json\/wp\/v2\/product\/2891","targetHints":{"allow":["GET"]}}],"collection":[{"href":"https:\/\/happyinaknit.com\/en\/wp-json\/wp\/v2\/product"}],"about":[{"href":"https:\/\/happyinaknit.com\/en\/wp-json\/wp\/v2\/types\/product"}],"replies":[{"embeddable":true,"href":"https:\/\/happyinaknit.com\/en\/wp-json\/wp\/v2\/comments?post=2891"}],"wp:featuredmedia":[{"embeddable":true,"href":"https:\/\/happyinaknit.com\/en\/wp-json\/wp\/v2\/media\/2893"}],"wp:attachment":[{"href":"https:\/\/happyinaknit.com\/en\/wp-json\/wp\/v2\/media?parent=2891"}],"wp:term":[{"taxonomy":"product_brand","embeddable":true,"href":"https:\/\/happyinaknit.com\/en\/wp-json\/wp\/v2\/product_brand?post=2891"},{"taxonomy":"product_cat","embeddable":true,"href":"https:\/\/happyinaknit.com\/en\/wp-json\/wp\/v2\/product_cat?post=2891"},{"taxonomy":"product_tag","embeddable":true,"href":"https:\/\/happyinaknit.com\/en\/wp-json\/wp\/v2\/product_tag?post=2891"},{"taxonomy":"pro-kategorijos","embeddable":true,"href":"https:\/\/happyinaknit.com\/en\/wp-json\/wp\/v2\/pro-kategorijos?post=2891"}],"curies":[{"name":"wp","href":"https:\/\/api.w.org\/{rel}","templated":true}]}}