{"id":2873,"date":"2025-10-06T09:55:40","date_gmt":"2025-10-06T09:55:40","guid":{"rendered":"https:\/\/happyinaknit.com\/?post_type=product&#038;p=2873"},"modified":"2026-03-11T18:12:31","modified_gmt":"2026-03-11T18:12:31","slug":"lang-yarns-baby-lama","status":"publish","type":"product","link":"https:\/\/happyinaknit.com\/en\/product\/lang-yarns-baby-lama\/","title":{"rendered":"Lang Yarns Baby lama"},"content":{"rendered":"<p data-start=\"110\" data-end=\"673\">Extremely soft yarns made from <strong data-start=\"176\" data-end=\"189\">baby llama<\/strong> Llama fiber is one of the softest natural fibers, suitable even for sensitive skin or people with allergies. Llama fiber has a hollow structure, which makes it excellent <strong data-start=\"362\" data-end=\"384\">thermal insulation<\/strong> and <strong data-start=\"388\" data-end=\"407\">a feeling of lightness<\/strong>These yarns are distinguished by their natural silky shine, durability and shape stability, comparable to cashmere or alpaca.<br data-start=\"530\" data-end=\"533\" data-is-only-node=\"\" \/>Baby Lama combines the properties of natural fibers with carefully selected natural dyes, giving the products a subtle elegance.<\/p>\n<ul data-start=\"675\" data-end=\"1061\">\n<li data-start=\"675\" data-end=\"728\">\n<p data-start=\"677\" data-end=\"728\"><strong data-start=\"677\" data-end=\"689\">Composition:<\/strong> 88 % llama (baby lama), 12 % nylon<\/p>\n<\/li>\n<li data-start=\"757\" data-end=\"796\">\n<p data-start=\"759\" data-end=\"796\"><strong data-start=\"759\" data-end=\"781\">Weight \/ length:<\/strong> 50 g - 120 m<\/p>\n<\/li>\n<li data-start=\"797\" data-end=\"836\">\n<p data-start=\"799\" data-end=\"836\"><strong data-start=\"799\" data-end=\"827\">Recommended needles:<\/strong> 5.0mm<\/p>\n<\/li>\n<li data-start=\"837\" data-end=\"887\">\n<p data-start=\"839\" data-end=\"887\"><strong data-start=\"839\" data-end=\"865\">Density (10 \u00d7 10 cm):<\/strong> ~20 stitches \u00d7 27 rows<\/p>\n<\/li>\n<li data-start=\"888\" data-end=\"970\">\n<p data-start=\"890\" data-end=\"970\"><strong data-start=\"890\" data-end=\"918\">Approximate consumption:<\/strong> medium women&#039;s product (size M) ~400\u2013450 g<\/p>\n<\/li>\n<li data-start=\"971\" data-end=\"1061\">\n<p data-start=\"973\" data-end=\"989\"><strong data-start=\"973\" data-end=\"987\">Care:<\/strong><\/p>\n<ul data-start=\"992\" data-end=\"1061\">\n<li data-start=\"992\" data-end=\"1022\">\n<p data-start=\"994\" data-end=\"1022\">Hand wash up to 30\u00b0C<\/p>\n<\/li>\n<li data-start=\"1025\" data-end=\"1061\">\n<p data-start=\"1027\" data-end=\"1061\">Dry flat horizontally<\/p>\n<\/li>\n<\/ul>\n<\/li>\n<\/ul>","protected":false},"excerpt":{"rendered":"<p>Ypatingai \u0161veln\u016bs si\u016blai, pagaminti i\u0161 baby lama pluo\u0161to \u2013 tai vieni \u0161velniausi\u0173 nat\u016brali\u0173 si\u016bl\u0173, tinkantys net jautriai odai ar alergi\u0161kiems \u017emon\u0117ms. Lamos pluo\u0161tas pasi\u017eymi tu\u0161\u010diavidure strukt\u016bra, tod\u0117l suteikia puiki\u0105 \u0161ilumos izoliacij\u0105 ir lengvumo poj\u016bt\u012f. \u0160ie si\u016blai i\u0161siskiria nat\u016braliu \u0161ilku\u010diu \u017evilgesiu, ilgaam\u017ei\u0161kumu ir formos stabilumu, prilygstan\u010diu ka\u0161myrui ar alpakai.\u201eBaby Lama\u201c derina nat\u016bralaus pluo\u0161to savybes su kruop\u0161\u010diai [&hellip;]<\/p>\n","protected":false},"featured_media":2876,"comment_status":"open","ping_status":"closed","template":"","meta":{"_acf_changed":false},"product_brand":[70],"product_cat":[15,18],"product_tag":[],"pro-kategorijos":[578],"class_list":{"0":"post-2873","1":"product","2":"type-product","3":"status-publish","4":"has-post-thumbnail","6":"product_brand-lang-yarns","7":"product_cat-visi-produktai","8":"product_cat-siulai","9":"pro-kategorijos-lama-baby-lama","11":"first","12":"instock","13":"shipping-taxable","14":"purchasable","15":"product-type-variable"},"acf":[],"yoast_head":"<!-- This site is optimized with the Yoast SEO plugin v26.8 - https:\/\/yoast.com\/product\/yoast-seo-wordpress\/ -->\n<title>Lang Yarns Baby Lama - Happyinaknit.com<\/title>\n<meta name=\"robots\" content=\"index, follow, max-snippet:-1, max-image-preview:large, max-video-preview:-1\" \/>\n<link rel=\"canonical\" href=\"https:\/\/happyinaknit.com\/en\/product\/lang-yarns-baby-lama\/\" \/>\n<meta property=\"og:locale\" content=\"en_US\" \/>\n<meta property=\"og:type\" content=\"article\" \/>\n<meta property=\"og:title\" content=\"Lang Yarns Baby Lama - Happyinaknit.com\" \/>\n<meta property=\"og:description\" content=\"Ypatingai \u0161veln\u016bs si\u016blai, pagaminti i\u0161 baby lama pluo\u0161to \u2013 tai vieni \u0161velniausi\u0173 nat\u016brali\u0173 si\u016bl\u0173, tinkantys net jautriai odai ar alergi\u0161kiems \u017emon\u0117ms. Lamos pluo\u0161tas pasi\u017eymi tu\u0161\u010diavidure strukt\u016bra, tod\u0117l suteikia puiki\u0105 \u0161ilumos izoliacij\u0105 ir lengvumo poj\u016bt\u012f. \u0160ie si\u016blai i\u0161siskiria nat\u016braliu \u0161ilku\u010diu \u017evilgesiu, ilgaam\u017ei\u0161kumu ir formos stabilumu, prilygstan\u010diu ka\u0161myrui ar alpakai.\u201eBaby Lama\u201c derina nat\u016bralaus pluo\u0161to savybes su kruop\u0161\u010diai [&hellip;]\" \/>\n<meta property=\"og:url\" content=\"https:\/\/happyinaknit.com\/en\/product\/lang-yarns-baby-lama\/\" \/>\n<meta property=\"og:site_name\" content=\"Happyinaknit.com\" \/>\n<meta property=\"article:modified_time\" content=\"2026-03-11T18:12:31+00:00\" \/>\n<meta property=\"og:image\" content=\"https:\/\/happyinaknit.com\/wp-content\/uploads\/2025\/10\/1170_0027_LANGYARNS_BabyLama_800_B.jpg\" \/>\n\t<meta property=\"og:image:width\" content=\"800\" \/>\n\t<meta property=\"og:image:height\" content=\"800\" \/>\n\t<meta property=\"og:image:type\" content=\"image\/jpeg\" \/>\n<meta name=\"twitter:card\" content=\"summary_large_image\" \/>\n<meta name=\"twitter:label1\" content=\"Est. reading time\" \/>\n\t<meta name=\"twitter:data1\" content=\"1 minute\" \/>\n<script type=\"application\/ld+json\" class=\"yoast-schema-graph\">{\"@context\":\"https:\/\/schema.org\",\"@graph\":[{\"@type\":\"WebPage\",\"@id\":\"https:\/\/happyinaknit.com\/produktas\/lang-yarns-baby-lama\/\",\"url\":\"https:\/\/happyinaknit.com\/produktas\/lang-yarns-baby-lama\/\",\"name\":\"Lang Yarns Baby Lama - Happyinaknit.com\",\"isPartOf\":{\"@id\":\"https:\/\/happyinaknit.com\/lt\/#website\"},\"primaryImageOfPage\":{\"@id\":\"https:\/\/happyinaknit.com\/produktas\/lang-yarns-baby-lama\/#primaryimage\"},\"image\":{\"@id\":\"https:\/\/happyinaknit.com\/produktas\/lang-yarns-baby-lama\/#primaryimage\"},\"thumbnailUrl\":\"https:\/\/happyinaknit.com\/wp-content\/uploads\/2025\/10\/1170_0027_LANGYARNS_BabyLama_800_B.jpg\",\"datePublished\":\"2025-10-06T09:55:40+00:00\",\"dateModified\":\"2026-03-11T18:12:31+00:00\",\"breadcrumb\":{\"@id\":\"https:\/\/happyinaknit.com\/produktas\/lang-yarns-baby-lama\/#breadcrumb\"},\"inLanguage\":\"en-US\",\"potentialAction\":[{\"@type\":\"ReadAction\",\"target\":[\"https:\/\/happyinaknit.com\/produktas\/lang-yarns-baby-lama\/\"]}]},{\"@type\":\"ImageObject\",\"inLanguage\":\"en-US\",\"@id\":\"https:\/\/happyinaknit.com\/produktas\/lang-yarns-baby-lama\/#primaryimage\",\"url\":\"https:\/\/happyinaknit.com\/wp-content\/uploads\/2025\/10\/1170_0027_LANGYARNS_BabyLama_800_B.jpg\",\"contentUrl\":\"https:\/\/happyinaknit.com\/wp-content\/uploads\/2025\/10\/1170_0027_LANGYARNS_BabyLama_800_B.jpg\",\"width\":800,\"height\":800},{\"@type\":\"BreadcrumbList\",\"@id\":\"https:\/\/happyinaknit.com\/produktas\/lang-yarns-baby-lama\/#breadcrumb\",\"itemListElement\":[{\"@type\":\"ListItem\",\"position\":1,\"name\":\"Home\",\"item\":\"https:\/\/happyinaknit.com\/lt\/\"},{\"@type\":\"ListItem\",\"position\":2,\"name\":\"Parduotuv\u0117\",\"item\":\"https:\/\/happyinaknit.com\/lt\/parduotuve\/\"},{\"@type\":\"ListItem\",\"position\":3,\"name\":\"Lang Yarns Baby Lama\"}]},{\"@type\":\"WebSite\",\"@id\":\"https:\/\/happyinaknit.com\/lt\/#website\",\"url\":\"https:\/\/happyinaknit.com\/lt\/\",\"name\":\"Happyinaknit.com\",\"description\":\"\",\"potentialAction\":[{\"@type\":\"SearchAction\",\"target\":{\"@type\":\"EntryPoint\",\"urlTemplate\":\"https:\/\/happyinaknit.com\/lt\/?s={search_term_string}\"},\"query-input\":{\"@type\":\"PropertyValueSpecification\",\"valueRequired\":true,\"valueName\":\"search_term_string\"}}],\"inLanguage\":\"en-US\"}]}<\/script>\n<!-- \/ Yoast SEO plugin. -->","yoast_head_json":{"title":"Lang Yarns Baby Lama - Happyinaknit.com","robots":{"index":"index","follow":"follow","max-snippet":"max-snippet:-1","max-image-preview":"max-image-preview:large","max-video-preview":"max-video-preview:-1"},"canonical":"https:\/\/happyinaknit.com\/en\/product\/lang-yarns-baby-lama\/","og_locale":"en_US","og_type":"article","og_title":"Lang Yarns Baby Lama - Happyinaknit.com","og_description":"Ypatingai \u0161veln\u016bs si\u016blai, pagaminti i\u0161 baby lama pluo\u0161to \u2013 tai vieni \u0161velniausi\u0173 nat\u016brali\u0173 si\u016bl\u0173, tinkantys net jautriai odai ar alergi\u0161kiems \u017emon\u0117ms. Lamos pluo\u0161tas pasi\u017eymi tu\u0161\u010diavidure strukt\u016bra, tod\u0117l suteikia puiki\u0105 \u0161ilumos izoliacij\u0105 ir lengvumo poj\u016bt\u012f. \u0160ie si\u016blai i\u0161siskiria nat\u016braliu \u0161ilku\u010diu \u017evilgesiu, ilgaam\u017ei\u0161kumu ir formos stabilumu, prilygstan\u010diu ka\u0161myrui ar alpakai.\u201eBaby Lama\u201c derina nat\u016bralaus pluo\u0161to savybes su kruop\u0161\u010diai [&hellip;]","og_url":"https:\/\/happyinaknit.com\/en\/product\/lang-yarns-baby-lama\/","og_site_name":"Happyinaknit.com","article_modified_time":"2026-03-11T18:12:31+00:00","og_image":[{"width":800,"height":800,"url":"https:\/\/happyinaknit.com\/wp-content\/uploads\/2025\/10\/1170_0027_LANGYARNS_BabyLama_800_B.jpg","type":"image\/jpeg"}],"twitter_card":"summary_large_image","twitter_misc":{"Est. reading time":"1 minute"},"schema":{"@context":"https:\/\/schema.org","@graph":[{"@type":"WebPage","@id":"https:\/\/happyinaknit.com\/produktas\/lang-yarns-baby-lama\/","url":"https:\/\/happyinaknit.com\/produktas\/lang-yarns-baby-lama\/","name":"Lang Yarns Baby Lama - Happyinaknit.com","isPartOf":{"@id":"https:\/\/happyinaknit.com\/lt\/#website"},"primaryImageOfPage":{"@id":"https:\/\/happyinaknit.com\/produktas\/lang-yarns-baby-lama\/#primaryimage"},"image":{"@id":"https:\/\/happyinaknit.com\/produktas\/lang-yarns-baby-lama\/#primaryimage"},"thumbnailUrl":"https:\/\/happyinaknit.com\/wp-content\/uploads\/2025\/10\/1170_0027_LANGYARNS_BabyLama_800_B.jpg","datePublished":"2025-10-06T09:55:40+00:00","dateModified":"2026-03-11T18:12:31+00:00","breadcrumb":{"@id":"https:\/\/happyinaknit.com\/produktas\/lang-yarns-baby-lama\/#breadcrumb"},"inLanguage":"en-US","potentialAction":[{"@type":"ReadAction","target":["https:\/\/happyinaknit.com\/produktas\/lang-yarns-baby-lama\/"]}]},{"@type":"ImageObject","inLanguage":"en-US","@id":"https:\/\/happyinaknit.com\/produktas\/lang-yarns-baby-lama\/#primaryimage","url":"https:\/\/happyinaknit.com\/wp-content\/uploads\/2025\/10\/1170_0027_LANGYARNS_BabyLama_800_B.jpg","contentUrl":"https:\/\/happyinaknit.com\/wp-content\/uploads\/2025\/10\/1170_0027_LANGYARNS_BabyLama_800_B.jpg","width":800,"height":800},{"@type":"BreadcrumbList","@id":"https:\/\/happyinaknit.com\/produktas\/lang-yarns-baby-lama\/#breadcrumb","itemListElement":[{"@type":"ListItem","position":1,"name":"Home","item":"https:\/\/happyinaknit.com\/lt\/"},{"@type":"ListItem","position":2,"name":"Parduotuv\u0117","item":"https:\/\/happyinaknit.com\/lt\/parduotuve\/"},{"@type":"ListItem","position":3,"name":"Lang Yarns Baby Lama"}]},{"@type":"WebSite","@id":"https:\/\/happyinaknit.com\/lt\/#website","url":"https:\/\/happyinaknit.com\/lt\/","name":"Happyinaknit.com","description":"","potentialAction":[{"@type":"SearchAction","target":{"@type":"EntryPoint","urlTemplate":"https:\/\/happyinaknit.com\/lt\/?s={search_term_string}"},"query-input":{"@type":"PropertyValueSpecification","valueRequired":true,"valueName":"search_term_string"}}],"inLanguage":"en-US"}]}},"_links":{"self":[{"href":"https:\/\/happyinaknit.com\/en\/wp-json\/wp\/v2\/product\/2873","targetHints":{"allow":["GET"]}}],"collection":[{"href":"https:\/\/happyinaknit.com\/en\/wp-json\/wp\/v2\/product"}],"about":[{"href":"https:\/\/happyinaknit.com\/en\/wp-json\/wp\/v2\/types\/product"}],"replies":[{"embeddable":true,"href":"https:\/\/happyinaknit.com\/en\/wp-json\/wp\/v2\/comments?post=2873"}],"wp:featuredmedia":[{"embeddable":true,"href":"https:\/\/happyinaknit.com\/en\/wp-json\/wp\/v2\/media\/2876"}],"wp:attachment":[{"href":"https:\/\/happyinaknit.com\/en\/wp-json\/wp\/v2\/media?parent=2873"}],"wp:term":[{"taxonomy":"product_brand","embeddable":true,"href":"https:\/\/happyinaknit.com\/en\/wp-json\/wp\/v2\/product_brand?post=2873"},{"taxonomy":"product_cat","embeddable":true,"href":"https:\/\/happyinaknit.com\/en\/wp-json\/wp\/v2\/product_cat?post=2873"},{"taxonomy":"product_tag","embeddable":true,"href":"https:\/\/happyinaknit.com\/en\/wp-json\/wp\/v2\/product_tag?post=2873"},{"taxonomy":"pro-kategorijos","embeddable":true,"href":"https:\/\/happyinaknit.com\/en\/wp-json\/wp\/v2\/pro-kategorijos?post=2873"}],"curies":[{"name":"wp","href":"https:\/\/api.w.org\/{rel}","templated":true}]}}