{"id":2865,"date":"2025-10-06T09:45:55","date_gmt":"2025-10-06T09:45:55","guid":{"rendered":"https:\/\/happyinaknit.com\/?post_type=product&#038;p=2865"},"modified":"2025-11-13T20:39:33","modified_gmt":"2025-11-13T20:39:33","slug":"lang-yarns-delizia","status":"publish","type":"product","link":"https:\/\/happyinaknit.com\/en\/product\/lang-yarns-delizia\/","title":{"rendered":"Lang Yarns Delizia"},"content":{"rendered":"<p data-start=\"153\" data-end=\"584\">Exceptionally luxurious yarns that combine soft <em data-start=\"230\" data-end=\"240\">superkid<\/em> mohair and silk. Multi-thread <strong data-start=\"271\" data-end=\"293\">cord structure<\/strong> with a woven metallic strand gives the impression of subtle shine and luxury. The yarn is extremely fluffy, light and soft - ideal for fashionable accessories, hats or warm, fluffy sweaters. Using large needles, knitting is fast, and the result looks impressive.<\/p>\n<ul data-start=\"586\" data-end=\"1035\">\n<li data-start=\"586\" data-end=\"672\">\n<p data-start=\"588\" data-end=\"672\"><strong data-start=\"588\" data-end=\"600\">Composition:<\/strong> 66 % mohair (superkid), 28 % silk, 4 % polyester, 2 % polyamide<\/p>\n<\/li>\n<li data-start=\"700\" data-end=\"738\">\n<p data-start=\"702\" data-end=\"738\"><strong data-start=\"702\" data-end=\"724\">Weight \/ length:<\/strong> 50 g - 50 m<\/p>\n<\/li>\n<li data-start=\"739\" data-end=\"783\">\n<p data-start=\"741\" data-end=\"783\"><strong data-start=\"741\" data-end=\"769\">Recommended needles:<\/strong> 9.0-10.0mm<\/p>\n<\/li>\n<li data-start=\"784\" data-end=\"834\">\n<p data-start=\"786\" data-end=\"834\"><strong data-start=\"786\" data-end=\"812\">Density (10 \u00d7 10 cm):<\/strong> ~11 stitches \u00d7 15 rows<\/p>\n<\/li>\n<li data-start=\"835\" data-end=\"944\">\n<p data-start=\"837\" data-end=\"867\"><strong data-start=\"837\" data-end=\"865\">Approximate consumption:<\/strong><\/p>\n<ul data-start=\"870\" data-end=\"944\">\n<li data-start=\"870\" data-end=\"896\">\n<p data-start=\"872\" data-end=\"896\">~2 balls for the hat<\/p>\n<\/li>\n<li data-start=\"899\" data-end=\"944\">\n<p data-start=\"901\" data-end=\"944\">for women&#039;s product (size 44\u201346) ~550 g<\/p>\n<\/li>\n<\/ul>\n<\/li>\n<li data-start=\"945\" data-end=\"1035\">\n<p data-start=\"947\" data-end=\"963\"><strong data-start=\"947\" data-end=\"961\">Care:<\/strong><\/p>\n<ul data-start=\"966\" data-end=\"1035\">\n<li data-start=\"966\" data-end=\"996\">\n<p data-start=\"968\" data-end=\"996\">Hand wash up to 30\u00b0C<\/p>\n<\/li>\n<li data-start=\"999\" data-end=\"1035\">\n<p data-start=\"1001\" data-end=\"1035\">Dry flat horizontally<\/p>\n<\/li>\n<\/ul>\n<\/li>\n<\/ul>","protected":false},"excerpt":{"rendered":"<p>I\u0161skirtinai prabang\u016bs si\u016blai, kuriuose dera \u0161velnus superkid moheris ir \u0161ilkas. Keli\u0173 gij\u0173 virvelio strukt\u016bra su \u012fpinta metalizuota sruoga suteikia subtilaus spindesio ir prabangos \u012fsp\u016bd\u012f. Si\u016blai itin pur\u016bs, lengvi ir mink\u0161ti \u2013 idealiai tinka madingiems aksesuarams, kepur\u0117ms ar \u0161iltiems, p\u016bkuotiems megztiniams. Naudojant stambius virbalus, mezgimas vyksta greitai, o rezultatas atrodo \u012fsp\u016bdingai. Sud\u0117tis: 66 % moheris (superkid), [&hellip;]<\/p>\n","protected":false},"featured_media":2866,"comment_status":"open","ping_status":"closed","template":"","meta":{"_acf_changed":false},"product_brand":[70],"product_cat":[15,182,18],"product_tag":[33],"pro-kategorijos":[74,77],"class_list":{"0":"post-2865","1":"product","2":"type-product","3":"status-publish","4":"has-post-thumbnail","6":"product_brand-lang-yarns","7":"product_cat-visi-produktai","8":"product_cat-ispardavimas","9":"product_cat-siulai","10":"product_tag-ispardavimas","11":"pro-kategorijos-moheras","12":"pro-kategorijos-silkas","14":"first","15":"instock","16":"sale","17":"shipping-taxable","18":"purchasable","19":"product-type-variable"},"acf":[],"yoast_head":"<!-- This site is optimized with the Yoast SEO plugin v26.8 - https:\/\/yoast.com\/product\/yoast-seo-wordpress\/ -->\n<title>Lang Yarns Delizia - Happyinaknit.com<\/title>\n<meta name=\"robots\" content=\"index, follow, max-snippet:-1, max-image-preview:large, max-video-preview:-1\" \/>\n<link rel=\"canonical\" href=\"https:\/\/happyinaknit.com\/en\/product\/lang-yarns-delizia\/\" \/>\n<meta property=\"og:locale\" content=\"en_US\" \/>\n<meta property=\"og:type\" content=\"article\" \/>\n<meta property=\"og:title\" content=\"Lang Yarns Delizia - Happyinaknit.com\" \/>\n<meta property=\"og:description\" content=\"I\u0161skirtinai prabang\u016bs si\u016blai, kuriuose dera \u0161velnus superkid moheris ir \u0161ilkas. Keli\u0173 gij\u0173 virvelio strukt\u016bra su \u012fpinta metalizuota sruoga suteikia subtilaus spindesio ir prabangos \u012fsp\u016bd\u012f. Si\u016blai itin pur\u016bs, lengvi ir mink\u0161ti \u2013 idealiai tinka madingiems aksesuarams, kepur\u0117ms ar \u0161iltiems, p\u016bkuotiems megztiniams. Naudojant stambius virbalus, mezgimas vyksta greitai, o rezultatas atrodo \u012fsp\u016bdingai. Sud\u0117tis: 66 % moheris (superkid), [&hellip;]\" \/>\n<meta property=\"og:url\" content=\"https:\/\/happyinaknit.com\/en\/product\/lang-yarns-delizia\/\" \/>\n<meta property=\"og:site_name\" content=\"Happyinaknit.com\" \/>\n<meta property=\"article:modified_time\" content=\"2025-11-13T20:39:33+00:00\" \/>\n<meta property=\"og:image\" content=\"https:\/\/happyinaknit.com\/wp-content\/uploads\/2025\/10\/1097_0005_LANGYARNS_Delizia_800_B.jpg\" \/>\n\t<meta property=\"og:image:width\" content=\"800\" \/>\n\t<meta property=\"og:image:height\" content=\"800\" \/>\n\t<meta property=\"og:image:type\" content=\"image\/jpeg\" \/>\n<meta name=\"twitter:card\" content=\"summary_large_image\" \/>\n<meta name=\"twitter:label1\" content=\"Est. reading time\" \/>\n\t<meta name=\"twitter:data1\" content=\"1 minute\" \/>\n<script type=\"application\/ld+json\" class=\"yoast-schema-graph\">{\"@context\":\"https:\/\/schema.org\",\"@graph\":[{\"@type\":\"WebPage\",\"@id\":\"https:\/\/happyinaknit.com\/produktas\/lang-yarns-delizia\/\",\"url\":\"https:\/\/happyinaknit.com\/produktas\/lang-yarns-delizia\/\",\"name\":\"Lang Yarns Delizia - Happyinaknit.com\",\"isPartOf\":{\"@id\":\"https:\/\/happyinaknit.com\/lt\/#website\"},\"primaryImageOfPage\":{\"@id\":\"https:\/\/happyinaknit.com\/produktas\/lang-yarns-delizia\/#primaryimage\"},\"image\":{\"@id\":\"https:\/\/happyinaknit.com\/produktas\/lang-yarns-delizia\/#primaryimage\"},\"thumbnailUrl\":\"https:\/\/happyinaknit.com\/wp-content\/uploads\/2025\/10\/1097_0005_LANGYARNS_Delizia_800_B.jpg\",\"datePublished\":\"2025-10-06T09:45:55+00:00\",\"dateModified\":\"2025-11-13T20:39:33+00:00\",\"breadcrumb\":{\"@id\":\"https:\/\/happyinaknit.com\/produktas\/lang-yarns-delizia\/#breadcrumb\"},\"inLanguage\":\"en-US\",\"potentialAction\":[{\"@type\":\"ReadAction\",\"target\":[\"https:\/\/happyinaknit.com\/produktas\/lang-yarns-delizia\/\"]}]},{\"@type\":\"ImageObject\",\"inLanguage\":\"en-US\",\"@id\":\"https:\/\/happyinaknit.com\/produktas\/lang-yarns-delizia\/#primaryimage\",\"url\":\"https:\/\/happyinaknit.com\/wp-content\/uploads\/2025\/10\/1097_0005_LANGYARNS_Delizia_800_B.jpg\",\"contentUrl\":\"https:\/\/happyinaknit.com\/wp-content\/uploads\/2025\/10\/1097_0005_LANGYARNS_Delizia_800_B.jpg\",\"width\":800,\"height\":800},{\"@type\":\"BreadcrumbList\",\"@id\":\"https:\/\/happyinaknit.com\/produktas\/lang-yarns-delizia\/#breadcrumb\",\"itemListElement\":[{\"@type\":\"ListItem\",\"position\":1,\"name\":\"Home\",\"item\":\"https:\/\/happyinaknit.com\/lt\/\"},{\"@type\":\"ListItem\",\"position\":2,\"name\":\"Parduotuv\u0117\",\"item\":\"https:\/\/happyinaknit.com\/lt\/parduotuve\/\"},{\"@type\":\"ListItem\",\"position\":3,\"name\":\"Lang Yarns Delizia\"}]},{\"@type\":\"WebSite\",\"@id\":\"https:\/\/happyinaknit.com\/lt\/#website\",\"url\":\"https:\/\/happyinaknit.com\/lt\/\",\"name\":\"Happyinaknit.com\",\"description\":\"\",\"potentialAction\":[{\"@type\":\"SearchAction\",\"target\":{\"@type\":\"EntryPoint\",\"urlTemplate\":\"https:\/\/happyinaknit.com\/lt\/?s={search_term_string}\"},\"query-input\":{\"@type\":\"PropertyValueSpecification\",\"valueRequired\":true,\"valueName\":\"search_term_string\"}}],\"inLanguage\":\"en-US\"}]}<\/script>\n<!-- \/ Yoast SEO plugin. -->","yoast_head_json":{"title":"Lang Yarns Delizia - Happyinaknit.com","robots":{"index":"index","follow":"follow","max-snippet":"max-snippet:-1","max-image-preview":"max-image-preview:large","max-video-preview":"max-video-preview:-1"},"canonical":"https:\/\/happyinaknit.com\/en\/product\/lang-yarns-delizia\/","og_locale":"en_US","og_type":"article","og_title":"Lang Yarns Delizia - Happyinaknit.com","og_description":"I\u0161skirtinai prabang\u016bs si\u016blai, kuriuose dera \u0161velnus superkid moheris ir \u0161ilkas. Keli\u0173 gij\u0173 virvelio strukt\u016bra su \u012fpinta metalizuota sruoga suteikia subtilaus spindesio ir prabangos \u012fsp\u016bd\u012f. Si\u016blai itin pur\u016bs, lengvi ir mink\u0161ti \u2013 idealiai tinka madingiems aksesuarams, kepur\u0117ms ar \u0161iltiems, p\u016bkuotiems megztiniams. Naudojant stambius virbalus, mezgimas vyksta greitai, o rezultatas atrodo \u012fsp\u016bdingai. Sud\u0117tis: 66 % moheris (superkid), [&hellip;]","og_url":"https:\/\/happyinaknit.com\/en\/product\/lang-yarns-delizia\/","og_site_name":"Happyinaknit.com","article_modified_time":"2025-11-13T20:39:33+00:00","og_image":[{"width":800,"height":800,"url":"https:\/\/happyinaknit.com\/wp-content\/uploads\/2025\/10\/1097_0005_LANGYARNS_Delizia_800_B.jpg","type":"image\/jpeg"}],"twitter_card":"summary_large_image","twitter_misc":{"Est. reading time":"1 minute"},"schema":{"@context":"https:\/\/schema.org","@graph":[{"@type":"WebPage","@id":"https:\/\/happyinaknit.com\/produktas\/lang-yarns-delizia\/","url":"https:\/\/happyinaknit.com\/produktas\/lang-yarns-delizia\/","name":"Lang Yarns Delizia - Happyinaknit.com","isPartOf":{"@id":"https:\/\/happyinaknit.com\/lt\/#website"},"primaryImageOfPage":{"@id":"https:\/\/happyinaknit.com\/produktas\/lang-yarns-delizia\/#primaryimage"},"image":{"@id":"https:\/\/happyinaknit.com\/produktas\/lang-yarns-delizia\/#primaryimage"},"thumbnailUrl":"https:\/\/happyinaknit.com\/wp-content\/uploads\/2025\/10\/1097_0005_LANGYARNS_Delizia_800_B.jpg","datePublished":"2025-10-06T09:45:55+00:00","dateModified":"2025-11-13T20:39:33+00:00","breadcrumb":{"@id":"https:\/\/happyinaknit.com\/produktas\/lang-yarns-delizia\/#breadcrumb"},"inLanguage":"en-US","potentialAction":[{"@type":"ReadAction","target":["https:\/\/happyinaknit.com\/produktas\/lang-yarns-delizia\/"]}]},{"@type":"ImageObject","inLanguage":"en-US","@id":"https:\/\/happyinaknit.com\/produktas\/lang-yarns-delizia\/#primaryimage","url":"https:\/\/happyinaknit.com\/wp-content\/uploads\/2025\/10\/1097_0005_LANGYARNS_Delizia_800_B.jpg","contentUrl":"https:\/\/happyinaknit.com\/wp-content\/uploads\/2025\/10\/1097_0005_LANGYARNS_Delizia_800_B.jpg","width":800,"height":800},{"@type":"BreadcrumbList","@id":"https:\/\/happyinaknit.com\/produktas\/lang-yarns-delizia\/#breadcrumb","itemListElement":[{"@type":"ListItem","position":1,"name":"Home","item":"https:\/\/happyinaknit.com\/lt\/"},{"@type":"ListItem","position":2,"name":"Parduotuv\u0117","item":"https:\/\/happyinaknit.com\/lt\/parduotuve\/"},{"@type":"ListItem","position":3,"name":"Lang Yarns Delizia"}]},{"@type":"WebSite","@id":"https:\/\/happyinaknit.com\/lt\/#website","url":"https:\/\/happyinaknit.com\/lt\/","name":"Happyinaknit.com","description":"","potentialAction":[{"@type":"SearchAction","target":{"@type":"EntryPoint","urlTemplate":"https:\/\/happyinaknit.com\/lt\/?s={search_term_string}"},"query-input":{"@type":"PropertyValueSpecification","valueRequired":true,"valueName":"search_term_string"}}],"inLanguage":"en-US"}]}},"_links":{"self":[{"href":"https:\/\/happyinaknit.com\/en\/wp-json\/wp\/v2\/product\/2865","targetHints":{"allow":["GET"]}}],"collection":[{"href":"https:\/\/happyinaknit.com\/en\/wp-json\/wp\/v2\/product"}],"about":[{"href":"https:\/\/happyinaknit.com\/en\/wp-json\/wp\/v2\/types\/product"}],"replies":[{"embeddable":true,"href":"https:\/\/happyinaknit.com\/en\/wp-json\/wp\/v2\/comments?post=2865"}],"wp:featuredmedia":[{"embeddable":true,"href":"https:\/\/happyinaknit.com\/en\/wp-json\/wp\/v2\/media\/2866"}],"wp:attachment":[{"href":"https:\/\/happyinaknit.com\/en\/wp-json\/wp\/v2\/media?parent=2865"}],"wp:term":[{"taxonomy":"product_brand","embeddable":true,"href":"https:\/\/happyinaknit.com\/en\/wp-json\/wp\/v2\/product_brand?post=2865"},{"taxonomy":"product_cat","embeddable":true,"href":"https:\/\/happyinaknit.com\/en\/wp-json\/wp\/v2\/product_cat?post=2865"},{"taxonomy":"product_tag","embeddable":true,"href":"https:\/\/happyinaknit.com\/en\/wp-json\/wp\/v2\/product_tag?post=2865"},{"taxonomy":"pro-kategorijos","embeddable":true,"href":"https:\/\/happyinaknit.com\/en\/wp-json\/wp\/v2\/pro-kategorijos?post=2865"}],"curies":[{"name":"wp","href":"https:\/\/api.w.org\/{rel}","templated":true}]}}