{"id":2859,"date":"2025-10-06T09:33:38","date_gmt":"2025-10-06T09:33:38","guid":{"rendered":"https:\/\/happyinaknit.com\/?post_type=product&#038;p=2859"},"modified":"2025-11-13T20:38:19","modified_gmt":"2025-11-13T20:38:19","slug":"lang-yarns-move-6-fach-6-ply","status":"publish","type":"product","link":"https:\/\/happyinaknit.com\/en\/product\/lang-yarns-move-6-fach-6-ply\/","title":{"rendered":"Lang Yarns MOVE 6-PLY\/6-PLY"},"content":{"rendered":"<p data-start=\"108\" data-end=\"444\">It&#039;s not just a yarn for socks - it&#039;s a celebration of color! The Move collection invites you to escape from neutral tones and create bright, energetic knits. These 6-strand yarns are strong yet soft, making them perfect not only for socks, but also for sweaters, hats or other colorful accessories.<\/p>\n<ul data-start=\"446\" data-end=\"863\">\n<li data-start=\"446\" data-end=\"540\">\n<p data-start=\"448\" data-end=\"540\"><strong data-start=\"448\" data-end=\"460\">Composition:<\/strong> 75 % merino wool (Merino extrafine, mulesing free, superwash), 25 % nylon<\/p>\n<\/li>\n<li data-start=\"568\" data-end=\"608\">\n<p data-start=\"570\" data-end=\"608\"><strong data-start=\"570\" data-end=\"592\">Weight \/ length:<\/strong> 100 g - 270 m<\/p>\n<\/li>\n<li data-start=\"609\" data-end=\"652\">\n<p data-start=\"611\" data-end=\"652\"><strong data-start=\"611\" data-end=\"639\">Recommended needles:<\/strong> 3.0-4.0mm<\/p>\n<\/li>\n<li data-start=\"653\" data-end=\"703\">\n<p data-start=\"655\" data-end=\"703\"><strong data-start=\"655\" data-end=\"681\">Density (10 \u00d7 10 cm):<\/strong> ~22 stitches \u00d7 33 rows<\/p>\n<\/li>\n<li data-start=\"704\" data-end=\"772\">\n<p data-start=\"706\" data-end=\"772\"><strong data-start=\"706\" data-end=\"734\">Approximate consumption:<\/strong> per pair of socks (size 26\u201346) ~150 g<\/p>\n<\/li>\n<li data-start=\"773\" data-end=\"863\">\n<p data-start=\"775\" data-end=\"791\"><strong data-start=\"775\" data-end=\"789\">Care:<\/strong><\/p>\n<ul data-start=\"794\" data-end=\"863\">\n<li data-start=\"794\" data-end=\"824\">\n<p data-start=\"796\" data-end=\"824\">Hand wash up to 30\u00b0C<\/p>\n<\/li>\n<li data-start=\"827\" data-end=\"863\">\n<p data-start=\"829\" data-end=\"863\">Dry flat horizontally<\/p>\n<\/li>\n<\/ul>\n<\/li>\n<\/ul>","protected":false},"excerpt":{"rendered":"<p>Tai ne tik si\u016blai kojin\u0117ms \u2013 tai spalv\u0173 \u0161vent\u0117! \u201eMove\u201c kolekcija kvie\u010dia pab\u0117gti nuo neutrali\u0173 ton\u0173 ir kurti ry\u0161kius, energija pulsuojan\u010dius mezginius. \u0160ie 6 gij\u0173 si\u016blai yra tvirti, bet \u0161veln\u016bs, tod\u0117l puikiai tinka ne tik kojin\u0117ms, bet ir megztiniams, kepur\u0117ms ar kitiems spalvingiems aksesuarams. Sud\u0117tis: 75 % merino vilna (Merino extrafine, mulesing free, superwash), 25 [&hellip;]<\/p>\n","protected":false},"featured_media":2860,"comment_status":"open","ping_status":"closed","template":"","meta":{"_acf_changed":false},"product_brand":[70],"product_cat":[15,182,18,94],"product_tag":[33],"pro-kategorijos":[71],"class_list":{"0":"post-2859","1":"product","2":"type-product","3":"status-publish","4":"has-post-thumbnail","6":"product_brand-lang-yarns","7":"product_cat-visi-produktai","8":"product_cat-ispardavimas","9":"product_cat-siulai","10":"product_cat-siulai-kojinems","11":"product_tag-ispardavimas","12":"pro-kategorijos-merino-vilna","14":"first","15":"instock","16":"sale","17":"shipping-taxable","18":"purchasable","19":"product-type-variable"},"acf":[],"yoast_head":"<!-- This site is optimized with the Yoast SEO plugin v26.8 - https:\/\/yoast.com\/product\/yoast-seo-wordpress\/ -->\n<title>Lang Yarns MOVE 6-FACH\/6-PLY - Happyinaknit.com<\/title>\n<meta name=\"robots\" content=\"index, follow, max-snippet:-1, max-image-preview:large, max-video-preview:-1\" \/>\n<link rel=\"canonical\" href=\"https:\/\/happyinaknit.com\/en\/product\/lang-yarns-move-6-fach-6-ply\/\" \/>\n<meta property=\"og:locale\" content=\"en_US\" \/>\n<meta property=\"og:type\" content=\"article\" \/>\n<meta property=\"og:title\" content=\"Lang Yarns MOVE 6-FACH\/6-PLY - Happyinaknit.com\" \/>\n<meta property=\"og:description\" content=\"Tai ne tik si\u016blai kojin\u0117ms \u2013 tai spalv\u0173 \u0161vent\u0117! \u201eMove\u201c kolekcija kvie\u010dia pab\u0117gti nuo neutrali\u0173 ton\u0173 ir kurti ry\u0161kius, energija pulsuojan\u010dius mezginius. \u0160ie 6 gij\u0173 si\u016blai yra tvirti, bet \u0161veln\u016bs, tod\u0117l puikiai tinka ne tik kojin\u0117ms, bet ir megztiniams, kepur\u0117ms ar kitiems spalvingiems aksesuarams. Sud\u0117tis: 75 % merino vilna (Merino extrafine, mulesing free, superwash), 25 [&hellip;]\" \/>\n<meta property=\"og:url\" content=\"https:\/\/happyinaknit.com\/en\/product\/lang-yarns-move-6-fach-6-ply\/\" \/>\n<meta property=\"og:site_name\" content=\"Happyinaknit.com\" \/>\n<meta property=\"article:modified_time\" content=\"2025-11-13T20:38:19+00:00\" \/>\n<meta property=\"og:image\" content=\"https:\/\/happyinaknit.com\/wp-content\/uploads\/2025\/10\/1146_0004_LANGYARNS_Move6Ply_800_B.jpg\" \/>\n\t<meta property=\"og:image:width\" content=\"800\" \/>\n\t<meta property=\"og:image:height\" content=\"800\" \/>\n\t<meta property=\"og:image:type\" content=\"image\/jpeg\" \/>\n<meta name=\"twitter:card\" content=\"summary_large_image\" \/>\n<script type=\"application\/ld+json\" class=\"yoast-schema-graph\">{\"@context\":\"https:\/\/schema.org\",\"@graph\":[{\"@type\":\"WebPage\",\"@id\":\"https:\/\/happyinaknit.com\/produktas\/lang-yarns-move-6-fach-6-ply\/\",\"url\":\"https:\/\/happyinaknit.com\/produktas\/lang-yarns-move-6-fach-6-ply\/\",\"name\":\"Lang Yarns MOVE 6-FACH\/6-PLY - Happyinaknit.com\",\"isPartOf\":{\"@id\":\"https:\/\/happyinaknit.com\/lt\/#website\"},\"primaryImageOfPage\":{\"@id\":\"https:\/\/happyinaknit.com\/produktas\/lang-yarns-move-6-fach-6-ply\/#primaryimage\"},\"image\":{\"@id\":\"https:\/\/happyinaknit.com\/produktas\/lang-yarns-move-6-fach-6-ply\/#primaryimage\"},\"thumbnailUrl\":\"https:\/\/happyinaknit.com\/wp-content\/uploads\/2025\/10\/1146_0004_LANGYARNS_Move6Ply_800_B.jpg\",\"datePublished\":\"2025-10-06T09:33:38+00:00\",\"dateModified\":\"2025-11-13T20:38:19+00:00\",\"breadcrumb\":{\"@id\":\"https:\/\/happyinaknit.com\/produktas\/lang-yarns-move-6-fach-6-ply\/#breadcrumb\"},\"inLanguage\":\"en-US\",\"potentialAction\":[{\"@type\":\"ReadAction\",\"target\":[\"https:\/\/happyinaknit.com\/produktas\/lang-yarns-move-6-fach-6-ply\/\"]}]},{\"@type\":\"ImageObject\",\"inLanguage\":\"en-US\",\"@id\":\"https:\/\/happyinaknit.com\/produktas\/lang-yarns-move-6-fach-6-ply\/#primaryimage\",\"url\":\"https:\/\/happyinaknit.com\/wp-content\/uploads\/2025\/10\/1146_0004_LANGYARNS_Move6Ply_800_B.jpg\",\"contentUrl\":\"https:\/\/happyinaknit.com\/wp-content\/uploads\/2025\/10\/1146_0004_LANGYARNS_Move6Ply_800_B.jpg\",\"width\":800,\"height\":800},{\"@type\":\"BreadcrumbList\",\"@id\":\"https:\/\/happyinaknit.com\/produktas\/lang-yarns-move-6-fach-6-ply\/#breadcrumb\",\"itemListElement\":[{\"@type\":\"ListItem\",\"position\":1,\"name\":\"Home\",\"item\":\"https:\/\/happyinaknit.com\/lt\/\"},{\"@type\":\"ListItem\",\"position\":2,\"name\":\"Parduotuv\u0117\",\"item\":\"https:\/\/happyinaknit.com\/lt\/parduotuve\/\"},{\"@type\":\"ListItem\",\"position\":3,\"name\":\"Lang Yarns MOVE 6-FACH\/6-PLY\"}]},{\"@type\":\"WebSite\",\"@id\":\"https:\/\/happyinaknit.com\/lt\/#website\",\"url\":\"https:\/\/happyinaknit.com\/lt\/\",\"name\":\"Happyinaknit.com\",\"description\":\"\",\"potentialAction\":[{\"@type\":\"SearchAction\",\"target\":{\"@type\":\"EntryPoint\",\"urlTemplate\":\"https:\/\/happyinaknit.com\/lt\/?s={search_term_string}\"},\"query-input\":{\"@type\":\"PropertyValueSpecification\",\"valueRequired\":true,\"valueName\":\"search_term_string\"}}],\"inLanguage\":\"en-US\"}]}<\/script>\n<!-- \/ Yoast SEO plugin. -->","yoast_head_json":{"title":"Lang Yarns MOVE 6-FACH\/6-PLY - Happyinaknit.com","robots":{"index":"index","follow":"follow","max-snippet":"max-snippet:-1","max-image-preview":"max-image-preview:large","max-video-preview":"max-video-preview:-1"},"canonical":"https:\/\/happyinaknit.com\/en\/product\/lang-yarns-move-6-fach-6-ply\/","og_locale":"en_US","og_type":"article","og_title":"Lang Yarns MOVE 6-FACH\/6-PLY - Happyinaknit.com","og_description":"Tai ne tik si\u016blai kojin\u0117ms \u2013 tai spalv\u0173 \u0161vent\u0117! \u201eMove\u201c kolekcija kvie\u010dia pab\u0117gti nuo neutrali\u0173 ton\u0173 ir kurti ry\u0161kius, energija pulsuojan\u010dius mezginius. \u0160ie 6 gij\u0173 si\u016blai yra tvirti, bet \u0161veln\u016bs, tod\u0117l puikiai tinka ne tik kojin\u0117ms, bet ir megztiniams, kepur\u0117ms ar kitiems spalvingiems aksesuarams. Sud\u0117tis: 75 % merino vilna (Merino extrafine, mulesing free, superwash), 25 [&hellip;]","og_url":"https:\/\/happyinaknit.com\/en\/product\/lang-yarns-move-6-fach-6-ply\/","og_site_name":"Happyinaknit.com","article_modified_time":"2025-11-13T20:38:19+00:00","og_image":[{"width":800,"height":800,"url":"https:\/\/happyinaknit.com\/wp-content\/uploads\/2025\/10\/1146_0004_LANGYARNS_Move6Ply_800_B.jpg","type":"image\/jpeg"}],"twitter_card":"summary_large_image","schema":{"@context":"https:\/\/schema.org","@graph":[{"@type":"WebPage","@id":"https:\/\/happyinaknit.com\/produktas\/lang-yarns-move-6-fach-6-ply\/","url":"https:\/\/happyinaknit.com\/produktas\/lang-yarns-move-6-fach-6-ply\/","name":"Lang Yarns MOVE 6-FACH\/6-PLY - Happyinaknit.com","isPartOf":{"@id":"https:\/\/happyinaknit.com\/lt\/#website"},"primaryImageOfPage":{"@id":"https:\/\/happyinaknit.com\/produktas\/lang-yarns-move-6-fach-6-ply\/#primaryimage"},"image":{"@id":"https:\/\/happyinaknit.com\/produktas\/lang-yarns-move-6-fach-6-ply\/#primaryimage"},"thumbnailUrl":"https:\/\/happyinaknit.com\/wp-content\/uploads\/2025\/10\/1146_0004_LANGYARNS_Move6Ply_800_B.jpg","datePublished":"2025-10-06T09:33:38+00:00","dateModified":"2025-11-13T20:38:19+00:00","breadcrumb":{"@id":"https:\/\/happyinaknit.com\/produktas\/lang-yarns-move-6-fach-6-ply\/#breadcrumb"},"inLanguage":"en-US","potentialAction":[{"@type":"ReadAction","target":["https:\/\/happyinaknit.com\/produktas\/lang-yarns-move-6-fach-6-ply\/"]}]},{"@type":"ImageObject","inLanguage":"en-US","@id":"https:\/\/happyinaknit.com\/produktas\/lang-yarns-move-6-fach-6-ply\/#primaryimage","url":"https:\/\/happyinaknit.com\/wp-content\/uploads\/2025\/10\/1146_0004_LANGYARNS_Move6Ply_800_B.jpg","contentUrl":"https:\/\/happyinaknit.com\/wp-content\/uploads\/2025\/10\/1146_0004_LANGYARNS_Move6Ply_800_B.jpg","width":800,"height":800},{"@type":"BreadcrumbList","@id":"https:\/\/happyinaknit.com\/produktas\/lang-yarns-move-6-fach-6-ply\/#breadcrumb","itemListElement":[{"@type":"ListItem","position":1,"name":"Home","item":"https:\/\/happyinaknit.com\/lt\/"},{"@type":"ListItem","position":2,"name":"Parduotuv\u0117","item":"https:\/\/happyinaknit.com\/lt\/parduotuve\/"},{"@type":"ListItem","position":3,"name":"Lang Yarns MOVE 6-FACH\/6-PLY"}]},{"@type":"WebSite","@id":"https:\/\/happyinaknit.com\/lt\/#website","url":"https:\/\/happyinaknit.com\/lt\/","name":"Happyinaknit.com","description":"","potentialAction":[{"@type":"SearchAction","target":{"@type":"EntryPoint","urlTemplate":"https:\/\/happyinaknit.com\/lt\/?s={search_term_string}"},"query-input":{"@type":"PropertyValueSpecification","valueRequired":true,"valueName":"search_term_string"}}],"inLanguage":"en-US"}]}},"_links":{"self":[{"href":"https:\/\/happyinaknit.com\/en\/wp-json\/wp\/v2\/product\/2859","targetHints":{"allow":["GET"]}}],"collection":[{"href":"https:\/\/happyinaknit.com\/en\/wp-json\/wp\/v2\/product"}],"about":[{"href":"https:\/\/happyinaknit.com\/en\/wp-json\/wp\/v2\/types\/product"}],"replies":[{"embeddable":true,"href":"https:\/\/happyinaknit.com\/en\/wp-json\/wp\/v2\/comments?post=2859"}],"wp:featuredmedia":[{"embeddable":true,"href":"https:\/\/happyinaknit.com\/en\/wp-json\/wp\/v2\/media\/2860"}],"wp:attachment":[{"href":"https:\/\/happyinaknit.com\/en\/wp-json\/wp\/v2\/media?parent=2859"}],"wp:term":[{"taxonomy":"product_brand","embeddable":true,"href":"https:\/\/happyinaknit.com\/en\/wp-json\/wp\/v2\/product_brand?post=2859"},{"taxonomy":"product_cat","embeddable":true,"href":"https:\/\/happyinaknit.com\/en\/wp-json\/wp\/v2\/product_cat?post=2859"},{"taxonomy":"product_tag","embeddable":true,"href":"https:\/\/happyinaknit.com\/en\/wp-json\/wp\/v2\/product_tag?post=2859"},{"taxonomy":"pro-kategorijos","embeddable":true,"href":"https:\/\/happyinaknit.com\/en\/wp-json\/wp\/v2\/pro-kategorijos?post=2859"}],"curies":[{"name":"wp","href":"https:\/\/api.w.org\/{rel}","templated":true}]}}