{"id":2849,"date":"2025-10-06T09:24:56","date_gmt":"2025-10-06T09:24:56","guid":{"rendered":"https:\/\/happyinaknit.com\/?post_type=product&#038;p=2849"},"modified":"2026-04-05T15:46:35","modified_gmt":"2026-04-05T15:46:35","slug":"lang-yarns-alpaca-soxx-6-fach-6-ply","status":"publish","type":"product","link":"https:\/\/happyinaknit.com\/en\/product\/lang-yarns-alpaca-soxx-6-fach-6-ply\/","title":{"rendered":"Lang Yarns ALPACA SOXX 6-FACH\/6-PLY"},"content":{"rendered":"<p data-start=\"115\" data-end=\"696\">Soft, warm and strong yarn made from 70 % superfine alpaca and 30 % durable polyamide. This is a thicker version of Alpaca Soxx, perfect for warm socks, sweaters or other winter products. The yarn remains soft, but due to its strong structure it is durable and retains its shape. Due to <strong data-start=\"461\" data-end=\"473\">Easywash<\/strong> technology can be washed on wool cycle up to 30 \u00b0C \u2013 without harmful chemicals. The treatment process is certified according to <strong data-start=\"606\" data-end=\"618\">Bluesign<\/strong>, <strong data-start=\"620\" data-end=\"629\">REACH<\/strong> and <strong data-start=\"633\" data-end=\"645\" data-is-only-node=\"\">OEKO-TEX<\/strong>standards, making it an environmentally friendly thread.<\/p>\n<ul data-start=\"698\" data-end=\"1249\">\n<li data-start=\"698\" data-end=\"755\">\n<p data-start=\"700\" data-end=\"755\"><strong data-start=\"700\" data-end=\"712\">Composition:<\/strong> 70 % alpaca (superfine), 30 % polyamide<\/p>\n<\/li>\n<li data-start=\"783\" data-end=\"823\">\n<p data-start=\"785\" data-end=\"823\"><strong data-start=\"785\" data-end=\"807\">Weight \/ length:<\/strong> 150 g - 390 m<\/p>\n<\/li>\n<li data-start=\"824\" data-end=\"867\">\n<p data-start=\"826\" data-end=\"867\"><strong data-start=\"826\" data-end=\"854\">Recommended needles:<\/strong> 3.0-4.0mm<\/p>\n<\/li>\n<li data-start=\"868\" data-end=\"918\">\n<p data-start=\"870\" data-end=\"918\"><strong data-start=\"870\" data-end=\"896\">Density (10 \u00d7 10 cm):<\/strong> ~22 stitches \u00d7 33 rows<\/p>\n<\/li>\n<li data-start=\"919\" data-end=\"1026\">\n<p data-start=\"921\" data-end=\"951\"><strong data-start=\"921\" data-end=\"949\">Approximate consumption:<\/strong><\/p>\n<ul data-start=\"954\" data-end=\"1026\">\n<li data-start=\"954\" data-end=\"993\">\n<p data-start=\"956\" data-end=\"993\">for men&#039;s product (size M) ~500 g<\/p>\n<\/li>\n<li data-start=\"996\" data-end=\"1026\">\n<p data-start=\"998\" data-end=\"1026\">for women&#039;s product ~400 g<\/p>\n<\/li>\n<\/ul>\n<\/li>\n<li data-start=\"1027\" data-end=\"1249\">\n<p data-start=\"1029\" data-end=\"1045\"><strong data-start=\"1029\" data-end=\"1043\">Care:<\/strong><\/p>\n<ul data-start=\"1048\" data-end=\"1249\">\n<li data-start=\"1048\" data-end=\"1114\">\n<p data-start=\"1050\" data-end=\"1114\">Washable on wool cycle up to 30\u00b0C (Easywash technology)<\/p>\n<\/li>\n<li data-start=\"1117\" data-end=\"1153\">\n<p data-start=\"1119\" data-end=\"1153\">Dry flat horizontally<\/p>\n<\/li>\n<li data-start=\"1156\" data-end=\"1249\">\n<p data-start=\"1158\" data-end=\"1249\">\u267b\ufe0f <em data-start=\"1161\" data-end=\"1247\">Ecologically processed - chemical-free (Bluesign, REACH, OEKO-TEX certified)<\/em><\/p>\n<\/li>\n<\/ul>\n<\/li>\n<\/ul>","protected":false},"excerpt":{"rendered":"<p>\u0160veln\u016bs, \u0161ilti ir tvirti si\u016blai, pagaminti i\u0161 70 % superfine alpakos ir 30 % patvaraus poliamido. Tai storesn\u0117 \u201eAlpaca Soxx\u201c versija, puikiai tinkanti \u0161iltoms kojin\u0117ms, megztiniams ar kitiems \u017eiemos gaminiams. Si\u016blai i\u0161lieka mink\u0161ti, ta\u010diau d\u0117l stiprios strukt\u016bros yra ilgaam\u017eiai ir i\u0161laiko form\u0105. D\u0117l Easywash technologijos galima skalbti vilnos re\u017eimu iki 30 \u00b0C \u2013 be kenksming\u0173 [&hellip;]<\/p>\n","protected":false},"featured_media":2851,"comment_status":"open","ping_status":"closed","template":"","meta":{"_acf_changed":false},"product_brand":[70],"product_cat":[15,18,94],"product_tag":[],"pro-kategorijos":[54],"class_list":{"0":"post-2849","1":"product","2":"type-product","3":"status-publish","4":"has-post-thumbnail","6":"product_brand-lang-yarns","7":"product_cat-visi-produktai","8":"product_cat-siulai","9":"product_cat-siulai-kojinems","10":"pro-kategorijos-alpaka","12":"first","13":"instock","14":"shipping-taxable","15":"purchasable","16":"product-type-variable"},"acf":[],"yoast_head":"<!-- This site is optimized with the Yoast SEO plugin v26.8 - https:\/\/yoast.com\/product\/yoast-seo-wordpress\/ -->\n<title>Lang Yarns ALPACA SOXX 6-FACH\/6-PLY - Happyinaknit.com<\/title>\n<meta name=\"robots\" content=\"index, follow, max-snippet:-1, max-image-preview:large, max-video-preview:-1\" \/>\n<link rel=\"canonical\" href=\"https:\/\/happyinaknit.com\/en\/product\/lang-yarns-alpaca-soxx-6-fach-6-ply\/\" \/>\n<meta property=\"og:locale\" content=\"en_US\" \/>\n<meta property=\"og:type\" content=\"article\" \/>\n<meta property=\"og:title\" content=\"Lang Yarns ALPACA SOXX 6-FACH\/6-PLY - Happyinaknit.com\" \/>\n<meta property=\"og:description\" content=\"\u0160veln\u016bs, \u0161ilti ir tvirti si\u016blai, pagaminti i\u0161 70 % superfine alpakos ir 30 % patvaraus poliamido. Tai storesn\u0117 \u201eAlpaca Soxx\u201c versija, puikiai tinkanti \u0161iltoms kojin\u0117ms, megztiniams ar kitiems \u017eiemos gaminiams. Si\u016blai i\u0161lieka mink\u0161ti, ta\u010diau d\u0117l stiprios strukt\u016bros yra ilgaam\u017eiai ir i\u0161laiko form\u0105. D\u0117l Easywash technologijos galima skalbti vilnos re\u017eimu iki 30 \u00b0C \u2013 be kenksming\u0173 [&hellip;]\" \/>\n<meta property=\"og:url\" content=\"https:\/\/happyinaknit.com\/en\/product\/lang-yarns-alpaca-soxx-6-fach-6-ply\/\" \/>\n<meta property=\"og:site_name\" content=\"Happyinaknit.com\" \/>\n<meta property=\"article:modified_time\" content=\"2026-04-05T15:46:35+00:00\" \/>\n<meta property=\"og:image\" content=\"https:\/\/happyinaknit.com\/wp-content\/uploads\/2025\/10\/1087_0061_LANGYARNS_AlpacaSoxx6Ply_800_B.jpg\" \/>\n\t<meta property=\"og:image:width\" content=\"800\" \/>\n\t<meta property=\"og:image:height\" content=\"800\" \/>\n\t<meta property=\"og:image:type\" content=\"image\/jpeg\" \/>\n<meta name=\"twitter:card\" content=\"summary_large_image\" \/>\n<meta name=\"twitter:label1\" content=\"Est. reading time\" \/>\n\t<meta name=\"twitter:data1\" content=\"1 minute\" \/>\n<script type=\"application\/ld+json\" class=\"yoast-schema-graph\">{\"@context\":\"https:\/\/schema.org\",\"@graph\":[{\"@type\":\"WebPage\",\"@id\":\"https:\/\/happyinaknit.com\/produktas\/lang-yarns-alpaca-soxx-6-fach-6-ply\/\",\"url\":\"https:\/\/happyinaknit.com\/produktas\/lang-yarns-alpaca-soxx-6-fach-6-ply\/\",\"name\":\"Lang Yarns ALPACA SOXX 6-FACH\/6-PLY - Happyinaknit.com\",\"isPartOf\":{\"@id\":\"https:\/\/happyinaknit.com\/lt\/#website\"},\"primaryImageOfPage\":{\"@id\":\"https:\/\/happyinaknit.com\/produktas\/lang-yarns-alpaca-soxx-6-fach-6-ply\/#primaryimage\"},\"image\":{\"@id\":\"https:\/\/happyinaknit.com\/produktas\/lang-yarns-alpaca-soxx-6-fach-6-ply\/#primaryimage\"},\"thumbnailUrl\":\"https:\/\/happyinaknit.com\/wp-content\/uploads\/2025\/10\/1087_0061_LANGYARNS_AlpacaSoxx6Ply_800_B.jpg\",\"datePublished\":\"2025-10-06T09:24:56+00:00\",\"dateModified\":\"2026-04-05T15:46:35+00:00\",\"breadcrumb\":{\"@id\":\"https:\/\/happyinaknit.com\/produktas\/lang-yarns-alpaca-soxx-6-fach-6-ply\/#breadcrumb\"},\"inLanguage\":\"en-US\",\"potentialAction\":[{\"@type\":\"ReadAction\",\"target\":[\"https:\/\/happyinaknit.com\/produktas\/lang-yarns-alpaca-soxx-6-fach-6-ply\/\"]}]},{\"@type\":\"ImageObject\",\"inLanguage\":\"en-US\",\"@id\":\"https:\/\/happyinaknit.com\/produktas\/lang-yarns-alpaca-soxx-6-fach-6-ply\/#primaryimage\",\"url\":\"https:\/\/happyinaknit.com\/wp-content\/uploads\/2025\/10\/1087_0061_LANGYARNS_AlpacaSoxx6Ply_800_B.jpg\",\"contentUrl\":\"https:\/\/happyinaknit.com\/wp-content\/uploads\/2025\/10\/1087_0061_LANGYARNS_AlpacaSoxx6Ply_800_B.jpg\",\"width\":800,\"height\":800},{\"@type\":\"BreadcrumbList\",\"@id\":\"https:\/\/happyinaknit.com\/produktas\/lang-yarns-alpaca-soxx-6-fach-6-ply\/#breadcrumb\",\"itemListElement\":[{\"@type\":\"ListItem\",\"position\":1,\"name\":\"Home\",\"item\":\"https:\/\/happyinaknit.com\/lt\/\"},{\"@type\":\"ListItem\",\"position\":2,\"name\":\"Parduotuv\u0117\",\"item\":\"https:\/\/happyinaknit.com\/lt\/parduotuve\/\"},{\"@type\":\"ListItem\",\"position\":3,\"name\":\"Lang Yarns ALPACA SOXX 6-FACH\/6-PLY\"}]},{\"@type\":\"WebSite\",\"@id\":\"https:\/\/happyinaknit.com\/lt\/#website\",\"url\":\"https:\/\/happyinaknit.com\/lt\/\",\"name\":\"Happyinaknit.com\",\"description\":\"\",\"potentialAction\":[{\"@type\":\"SearchAction\",\"target\":{\"@type\":\"EntryPoint\",\"urlTemplate\":\"https:\/\/happyinaknit.com\/lt\/?s={search_term_string}\"},\"query-input\":{\"@type\":\"PropertyValueSpecification\",\"valueRequired\":true,\"valueName\":\"search_term_string\"}}],\"inLanguage\":\"en-US\"}]}<\/script>\n<!-- \/ Yoast SEO plugin. -->","yoast_head_json":{"title":"Lang Yarns ALPACA SOXX 6-FACH\/6-PLY - Happyinaknit.com","robots":{"index":"index","follow":"follow","max-snippet":"max-snippet:-1","max-image-preview":"max-image-preview:large","max-video-preview":"max-video-preview:-1"},"canonical":"https:\/\/happyinaknit.com\/en\/product\/lang-yarns-alpaca-soxx-6-fach-6-ply\/","og_locale":"en_US","og_type":"article","og_title":"Lang Yarns ALPACA SOXX 6-FACH\/6-PLY - Happyinaknit.com","og_description":"\u0160veln\u016bs, \u0161ilti ir tvirti si\u016blai, pagaminti i\u0161 70 % superfine alpakos ir 30 % patvaraus poliamido. Tai storesn\u0117 \u201eAlpaca Soxx\u201c versija, puikiai tinkanti \u0161iltoms kojin\u0117ms, megztiniams ar kitiems \u017eiemos gaminiams. Si\u016blai i\u0161lieka mink\u0161ti, ta\u010diau d\u0117l stiprios strukt\u016bros yra ilgaam\u017eiai ir i\u0161laiko form\u0105. D\u0117l Easywash technologijos galima skalbti vilnos re\u017eimu iki 30 \u00b0C \u2013 be kenksming\u0173 [&hellip;]","og_url":"https:\/\/happyinaknit.com\/en\/product\/lang-yarns-alpaca-soxx-6-fach-6-ply\/","og_site_name":"Happyinaknit.com","article_modified_time":"2026-04-05T15:46:35+00:00","og_image":[{"width":800,"height":800,"url":"https:\/\/happyinaknit.com\/wp-content\/uploads\/2025\/10\/1087_0061_LANGYARNS_AlpacaSoxx6Ply_800_B.jpg","type":"image\/jpeg"}],"twitter_card":"summary_large_image","twitter_misc":{"Est. reading time":"1 minute"},"schema":{"@context":"https:\/\/schema.org","@graph":[{"@type":"WebPage","@id":"https:\/\/happyinaknit.com\/produktas\/lang-yarns-alpaca-soxx-6-fach-6-ply\/","url":"https:\/\/happyinaknit.com\/produktas\/lang-yarns-alpaca-soxx-6-fach-6-ply\/","name":"Lang Yarns ALPACA SOXX 6-FACH\/6-PLY - Happyinaknit.com","isPartOf":{"@id":"https:\/\/happyinaknit.com\/lt\/#website"},"primaryImageOfPage":{"@id":"https:\/\/happyinaknit.com\/produktas\/lang-yarns-alpaca-soxx-6-fach-6-ply\/#primaryimage"},"image":{"@id":"https:\/\/happyinaknit.com\/produktas\/lang-yarns-alpaca-soxx-6-fach-6-ply\/#primaryimage"},"thumbnailUrl":"https:\/\/happyinaknit.com\/wp-content\/uploads\/2025\/10\/1087_0061_LANGYARNS_AlpacaSoxx6Ply_800_B.jpg","datePublished":"2025-10-06T09:24:56+00:00","dateModified":"2026-04-05T15:46:35+00:00","breadcrumb":{"@id":"https:\/\/happyinaknit.com\/produktas\/lang-yarns-alpaca-soxx-6-fach-6-ply\/#breadcrumb"},"inLanguage":"en-US","potentialAction":[{"@type":"ReadAction","target":["https:\/\/happyinaknit.com\/produktas\/lang-yarns-alpaca-soxx-6-fach-6-ply\/"]}]},{"@type":"ImageObject","inLanguage":"en-US","@id":"https:\/\/happyinaknit.com\/produktas\/lang-yarns-alpaca-soxx-6-fach-6-ply\/#primaryimage","url":"https:\/\/happyinaknit.com\/wp-content\/uploads\/2025\/10\/1087_0061_LANGYARNS_AlpacaSoxx6Ply_800_B.jpg","contentUrl":"https:\/\/happyinaknit.com\/wp-content\/uploads\/2025\/10\/1087_0061_LANGYARNS_AlpacaSoxx6Ply_800_B.jpg","width":800,"height":800},{"@type":"BreadcrumbList","@id":"https:\/\/happyinaknit.com\/produktas\/lang-yarns-alpaca-soxx-6-fach-6-ply\/#breadcrumb","itemListElement":[{"@type":"ListItem","position":1,"name":"Home","item":"https:\/\/happyinaknit.com\/lt\/"},{"@type":"ListItem","position":2,"name":"Parduotuv\u0117","item":"https:\/\/happyinaknit.com\/lt\/parduotuve\/"},{"@type":"ListItem","position":3,"name":"Lang Yarns ALPACA SOXX 6-FACH\/6-PLY"}]},{"@type":"WebSite","@id":"https:\/\/happyinaknit.com\/lt\/#website","url":"https:\/\/happyinaknit.com\/lt\/","name":"Happyinaknit.com","description":"","potentialAction":[{"@type":"SearchAction","target":{"@type":"EntryPoint","urlTemplate":"https:\/\/happyinaknit.com\/lt\/?s={search_term_string}"},"query-input":{"@type":"PropertyValueSpecification","valueRequired":true,"valueName":"search_term_string"}}],"inLanguage":"en-US"}]}},"_links":{"self":[{"href":"https:\/\/happyinaknit.com\/en\/wp-json\/wp\/v2\/product\/2849","targetHints":{"allow":["GET"]}}],"collection":[{"href":"https:\/\/happyinaknit.com\/en\/wp-json\/wp\/v2\/product"}],"about":[{"href":"https:\/\/happyinaknit.com\/en\/wp-json\/wp\/v2\/types\/product"}],"replies":[{"embeddable":true,"href":"https:\/\/happyinaknit.com\/en\/wp-json\/wp\/v2\/comments?post=2849"}],"wp:featuredmedia":[{"embeddable":true,"href":"https:\/\/happyinaknit.com\/en\/wp-json\/wp\/v2\/media\/2851"}],"wp:attachment":[{"href":"https:\/\/happyinaknit.com\/en\/wp-json\/wp\/v2\/media?parent=2849"}],"wp:term":[{"taxonomy":"product_brand","embeddable":true,"href":"https:\/\/happyinaknit.com\/en\/wp-json\/wp\/v2\/product_brand?post=2849"},{"taxonomy":"product_cat","embeddable":true,"href":"https:\/\/happyinaknit.com\/en\/wp-json\/wp\/v2\/product_cat?post=2849"},{"taxonomy":"product_tag","embeddable":true,"href":"https:\/\/happyinaknit.com\/en\/wp-json\/wp\/v2\/product_tag?post=2849"},{"taxonomy":"pro-kategorijos","embeddable":true,"href":"https:\/\/happyinaknit.com\/en\/wp-json\/wp\/v2\/pro-kategorijos?post=2849"}],"curies":[{"name":"wp","href":"https:\/\/api.w.org\/{rel}","templated":true}]}}