{"id":2818,"date":"2025-10-06T09:03:43","date_gmt":"2025-10-06T09:03:43","guid":{"rendered":"https:\/\/happyinaknit.com\/?post_type=product&#038;p=2818"},"modified":"2026-04-01T14:12:32","modified_gmt":"2026-04-01T14:12:32","slug":"lang-yarns-lambswool","status":"publish","type":"product","link":"https:\/\/happyinaknit.com\/en\/product\/lang-yarns-lambswool\/","title":{"rendered":"Lang Yarns Lambswool"},"content":{"rendered":"<p data-start=\"149\" data-end=\"674\">Extremely soft merino wool from Australia, with a fiber (merino superfine 160&#039;s) comparable to cashmere. The yarn is made in Italy from responsibly grown wool, making it extremely soft, warm and pleasant to the skin. It is a high-quality, natural yarn, perfect for sweaters, cardigans, hats and other warm products.<br data-start=\"499\" data-end=\"502\" \/>This species is <strong data-start=\"515\" data-end=\"532\">mulesing free<\/strong>, completely <strong data-start=\"543\" data-end=\"571\">traceable to the farm of origin<\/strong> and <strong data-start=\"575\" data-end=\"620\">Cradle to Cradle (C2C) certified<\/strong> and <strong data-start=\"625\" data-end=\"660\">RWS (Responsible Wool Standard)<\/strong> standards.<\/p>\n<ul data-start=\"676\" data-end=\"1241\">\n<li data-start=\"676\" data-end=\"742\">\n<p data-start=\"678\" data-end=\"742\"><strong data-start=\"678\" data-end=\"690\">Composition:<\/strong> 100 % merino wool (virgin wool, superfine 160&#039;s)<\/p>\n<\/li>\n<li data-start=\"743\" data-end=\"769\"><strong data-start=\"772\" data-end=\"794\">Weight \/ length:<\/strong> 50 g - 150 m<\/li>\n<li data-start=\"810\" data-end=\"853\">\n<p data-start=\"812\" data-end=\"853\"><strong data-start=\"812\" data-end=\"840\">Recommended needles:<\/strong> 4.5-5.0mm<\/p>\n<\/li>\n<li data-start=\"854\" data-end=\"904\">\n<p data-start=\"856\" data-end=\"904\"><strong data-start=\"856\" data-end=\"882\">Density (10 \u00d7 10 cm):<\/strong> ~20 stitches \u00d7 27 rows<\/p>\n<\/li>\n<li data-start=\"905\" data-end=\"1069\">\n<p data-start=\"907\" data-end=\"937\"><strong data-start=\"907\" data-end=\"935\">Approximate consumption:<\/strong><\/p>\n<ul data-start=\"940\" data-end=\"1069\">\n<li data-start=\"940\" data-end=\"979\">\n<p data-start=\"942\" data-end=\"979\">for men&#039;s product (size M) ~500 g<\/p>\n<\/li>\n<li data-start=\"982\" data-end=\"1023\">\n<p data-start=\"984\" data-end=\"1023\">for women&#039;s product (size M) ~400 g<\/p>\n<\/li>\n<li data-start=\"1026\" data-end=\"1069\">\n<p data-start=\"1028\" data-end=\"1069\">for children&#039;s product (up to 10 years) ~300 g<\/p>\n<\/li>\n<\/ul>\n<\/li>\n<li data-start=\"1070\" data-end=\"1241\">\n<p data-start=\"1072\" data-end=\"1088\"><strong data-start=\"1072\" data-end=\"1086\">Care:<\/strong><\/p>\n<ul data-start=\"1091\" data-end=\"1241\">\n<li data-start=\"1091\" data-end=\"1121\">\n<p data-start=\"1093\" data-end=\"1121\">Hand wash up to 30\u00b0C<\/p>\n<\/li>\n<li data-start=\"1124\" data-end=\"1160\">\n<p data-start=\"1126\" data-end=\"1160\">Dry flat horizontally<\/p>\n<\/li>\n<li data-start=\"1163\" data-end=\"1241\">\n<p data-start=\"1165\" data-end=\"1241\">\u267b\ufe0f <em data-start=\"1168\" data-end=\"1239\">Mulesing free, traceable, Cradle to Cradle and RWS certified yarn<\/em><\/p>\n<\/li>\n<\/ul>\n<\/li>\n<\/ul>","protected":false},"excerpt":{"rendered":"<p>Ypa\u010d \u0161velni merino vilna i\u0161 Australijos, kurios pluo\u0161tas (merino superfine 160\u2019s) prilygsta ka\u0161myrui. Si\u016blai gaminami Italijoje i\u0161 atsakingai u\u017eaugintos vilnos, tod\u0117l yra itin mink\u0161ti, \u0161ilti ir malon\u016bs odai. Tai kokybi\u0161ki, nat\u016bral\u016bs si\u016blai, puikiai tinkantys megztiniams, kardiganams, kepur\u0117ms ir kitiems \u0161iltiems gaminiams.\u0160i r\u016b\u0161is yra mulesing free, visi\u0161kai atsekama iki kilm\u0117s \u016bkio ir sertifikuota pagal Cradle to [&hellip;]<\/p>\n","protected":false},"featured_media":2829,"comment_status":"open","ping_status":"closed","template":"","meta":{"_acf_changed":false},"product_brand":[70],"product_cat":[15,18],"product_tag":[],"pro-kategorijos":[71],"class_list":{"0":"post-2818","1":"product","2":"type-product","3":"status-publish","4":"has-post-thumbnail","6":"product_brand-lang-yarns","7":"product_cat-visi-produktai","8":"product_cat-siulai","9":"pro-kategorijos-merino-vilna","11":"first","12":"instock","13":"shipping-taxable","14":"purchasable","15":"product-type-variable"},"acf":[],"yoast_head":"<!-- This site is optimized with the Yoast SEO plugin v26.8 - https:\/\/yoast.com\/product\/yoast-seo-wordpress\/ -->\n<title>Lang Yarns Lambswool - Happyinaknit.com<\/title>\n<meta name=\"robots\" content=\"index, follow, max-snippet:-1, max-image-preview:large, max-video-preview:-1\" \/>\n<link rel=\"canonical\" href=\"https:\/\/happyinaknit.com\/en\/product\/lang-yarns-lambswool\/\" \/>\n<meta property=\"og:locale\" content=\"en_US\" \/>\n<meta property=\"og:type\" content=\"article\" \/>\n<meta property=\"og:title\" content=\"Lang Yarns Lambswool - Happyinaknit.com\" \/>\n<meta property=\"og:description\" content=\"Ypa\u010d \u0161velni merino vilna i\u0161 Australijos, kurios pluo\u0161tas (merino superfine 160\u2019s) prilygsta ka\u0161myrui. Si\u016blai gaminami Italijoje i\u0161 atsakingai u\u017eaugintos vilnos, tod\u0117l yra itin mink\u0161ti, \u0161ilti ir malon\u016bs odai. Tai kokybi\u0161ki, nat\u016bral\u016bs si\u016blai, puikiai tinkantys megztiniams, kardiganams, kepur\u0117ms ir kitiems \u0161iltiems gaminiams.\u0160i r\u016b\u0161is yra mulesing free, visi\u0161kai atsekama iki kilm\u0117s \u016bkio ir sertifikuota pagal Cradle to [&hellip;]\" \/>\n<meta property=\"og:url\" content=\"https:\/\/happyinaknit.com\/en\/product\/lang-yarns-lambswool\/\" \/>\n<meta property=\"og:site_name\" content=\"Happyinaknit.com\" \/>\n<meta property=\"article:modified_time\" content=\"2026-04-01T14:12:32+00:00\" \/>\n<meta property=\"og:image\" content=\"https:\/\/happyinaknit.com\/wp-content\/uploads\/2025\/10\/1116_0065_LANGYARNS_Lambswool_800_B.jpg\" \/>\n\t<meta property=\"og:image:width\" content=\"800\" \/>\n\t<meta property=\"og:image:height\" content=\"800\" \/>\n\t<meta property=\"og:image:type\" content=\"image\/jpeg\" \/>\n<meta name=\"twitter:card\" content=\"summary_large_image\" \/>\n<meta name=\"twitter:label1\" content=\"Est. reading time\" \/>\n\t<meta name=\"twitter:data1\" content=\"1 minute\" \/>\n<script type=\"application\/ld+json\" class=\"yoast-schema-graph\">{\"@context\":\"https:\/\/schema.org\",\"@graph\":[{\"@type\":\"WebPage\",\"@id\":\"https:\/\/happyinaknit.com\/produktas\/lang-yarns-lambswool\/\",\"url\":\"https:\/\/happyinaknit.com\/produktas\/lang-yarns-lambswool\/\",\"name\":\"Lang Yarns Lambswool - Happyinaknit.com\",\"isPartOf\":{\"@id\":\"https:\/\/happyinaknit.com\/lt\/#website\"},\"primaryImageOfPage\":{\"@id\":\"https:\/\/happyinaknit.com\/produktas\/lang-yarns-lambswool\/#primaryimage\"},\"image\":{\"@id\":\"https:\/\/happyinaknit.com\/produktas\/lang-yarns-lambswool\/#primaryimage\"},\"thumbnailUrl\":\"https:\/\/happyinaknit.com\/wp-content\/uploads\/2025\/10\/1116_0065_LANGYARNS_Lambswool_800_B.jpg\",\"datePublished\":\"2025-10-06T09:03:43+00:00\",\"dateModified\":\"2026-04-01T14:12:32+00:00\",\"breadcrumb\":{\"@id\":\"https:\/\/happyinaknit.com\/produktas\/lang-yarns-lambswool\/#breadcrumb\"},\"inLanguage\":\"en-US\",\"potentialAction\":[{\"@type\":\"ReadAction\",\"target\":[\"https:\/\/happyinaknit.com\/produktas\/lang-yarns-lambswool\/\"]}]},{\"@type\":\"ImageObject\",\"inLanguage\":\"en-US\",\"@id\":\"https:\/\/happyinaknit.com\/produktas\/lang-yarns-lambswool\/#primaryimage\",\"url\":\"https:\/\/happyinaknit.com\/wp-content\/uploads\/2025\/10\/1116_0065_LANGYARNS_Lambswool_800_B.jpg\",\"contentUrl\":\"https:\/\/happyinaknit.com\/wp-content\/uploads\/2025\/10\/1116_0065_LANGYARNS_Lambswool_800_B.jpg\",\"width\":800,\"height\":800},{\"@type\":\"BreadcrumbList\",\"@id\":\"https:\/\/happyinaknit.com\/produktas\/lang-yarns-lambswool\/#breadcrumb\",\"itemListElement\":[{\"@type\":\"ListItem\",\"position\":1,\"name\":\"Home\",\"item\":\"https:\/\/happyinaknit.com\/lt\/\"},{\"@type\":\"ListItem\",\"position\":2,\"name\":\"Parduotuv\u0117\",\"item\":\"https:\/\/happyinaknit.com\/lt\/parduotuve\/\"},{\"@type\":\"ListItem\",\"position\":3,\"name\":\"Lang Yarns Lambswool\"}]},{\"@type\":\"WebSite\",\"@id\":\"https:\/\/happyinaknit.com\/lt\/#website\",\"url\":\"https:\/\/happyinaknit.com\/lt\/\",\"name\":\"Happyinaknit.com\",\"description\":\"\",\"potentialAction\":[{\"@type\":\"SearchAction\",\"target\":{\"@type\":\"EntryPoint\",\"urlTemplate\":\"https:\/\/happyinaknit.com\/lt\/?s={search_term_string}\"},\"query-input\":{\"@type\":\"PropertyValueSpecification\",\"valueRequired\":true,\"valueName\":\"search_term_string\"}}],\"inLanguage\":\"en-US\"}]}<\/script>\n<!-- \/ Yoast SEO plugin. -->","yoast_head_json":{"title":"Lang Yarns Lambswool - Happyinaknit.com","robots":{"index":"index","follow":"follow","max-snippet":"max-snippet:-1","max-image-preview":"max-image-preview:large","max-video-preview":"max-video-preview:-1"},"canonical":"https:\/\/happyinaknit.com\/en\/product\/lang-yarns-lambswool\/","og_locale":"en_US","og_type":"article","og_title":"Lang Yarns Lambswool - Happyinaknit.com","og_description":"Ypa\u010d \u0161velni merino vilna i\u0161 Australijos, kurios pluo\u0161tas (merino superfine 160\u2019s) prilygsta ka\u0161myrui. Si\u016blai gaminami Italijoje i\u0161 atsakingai u\u017eaugintos vilnos, tod\u0117l yra itin mink\u0161ti, \u0161ilti ir malon\u016bs odai. Tai kokybi\u0161ki, nat\u016bral\u016bs si\u016blai, puikiai tinkantys megztiniams, kardiganams, kepur\u0117ms ir kitiems \u0161iltiems gaminiams.\u0160i r\u016b\u0161is yra mulesing free, visi\u0161kai atsekama iki kilm\u0117s \u016bkio ir sertifikuota pagal Cradle to [&hellip;]","og_url":"https:\/\/happyinaknit.com\/en\/product\/lang-yarns-lambswool\/","og_site_name":"Happyinaknit.com","article_modified_time":"2026-04-01T14:12:32+00:00","og_image":[{"width":800,"height":800,"url":"https:\/\/happyinaknit.com\/wp-content\/uploads\/2025\/10\/1116_0065_LANGYARNS_Lambswool_800_B.jpg","type":"image\/jpeg"}],"twitter_card":"summary_large_image","twitter_misc":{"Est. reading time":"1 minute"},"schema":{"@context":"https:\/\/schema.org","@graph":[{"@type":"WebPage","@id":"https:\/\/happyinaknit.com\/produktas\/lang-yarns-lambswool\/","url":"https:\/\/happyinaknit.com\/produktas\/lang-yarns-lambswool\/","name":"Lang Yarns Lambswool - Happyinaknit.com","isPartOf":{"@id":"https:\/\/happyinaknit.com\/lt\/#website"},"primaryImageOfPage":{"@id":"https:\/\/happyinaknit.com\/produktas\/lang-yarns-lambswool\/#primaryimage"},"image":{"@id":"https:\/\/happyinaknit.com\/produktas\/lang-yarns-lambswool\/#primaryimage"},"thumbnailUrl":"https:\/\/happyinaknit.com\/wp-content\/uploads\/2025\/10\/1116_0065_LANGYARNS_Lambswool_800_B.jpg","datePublished":"2025-10-06T09:03:43+00:00","dateModified":"2026-04-01T14:12:32+00:00","breadcrumb":{"@id":"https:\/\/happyinaknit.com\/produktas\/lang-yarns-lambswool\/#breadcrumb"},"inLanguage":"en-US","potentialAction":[{"@type":"ReadAction","target":["https:\/\/happyinaknit.com\/produktas\/lang-yarns-lambswool\/"]}]},{"@type":"ImageObject","inLanguage":"en-US","@id":"https:\/\/happyinaknit.com\/produktas\/lang-yarns-lambswool\/#primaryimage","url":"https:\/\/happyinaknit.com\/wp-content\/uploads\/2025\/10\/1116_0065_LANGYARNS_Lambswool_800_B.jpg","contentUrl":"https:\/\/happyinaknit.com\/wp-content\/uploads\/2025\/10\/1116_0065_LANGYARNS_Lambswool_800_B.jpg","width":800,"height":800},{"@type":"BreadcrumbList","@id":"https:\/\/happyinaknit.com\/produktas\/lang-yarns-lambswool\/#breadcrumb","itemListElement":[{"@type":"ListItem","position":1,"name":"Home","item":"https:\/\/happyinaknit.com\/lt\/"},{"@type":"ListItem","position":2,"name":"Parduotuv\u0117","item":"https:\/\/happyinaknit.com\/lt\/parduotuve\/"},{"@type":"ListItem","position":3,"name":"Lang Yarns Lambswool"}]},{"@type":"WebSite","@id":"https:\/\/happyinaknit.com\/lt\/#website","url":"https:\/\/happyinaknit.com\/lt\/","name":"Happyinaknit.com","description":"","potentialAction":[{"@type":"SearchAction","target":{"@type":"EntryPoint","urlTemplate":"https:\/\/happyinaknit.com\/lt\/?s={search_term_string}"},"query-input":{"@type":"PropertyValueSpecification","valueRequired":true,"valueName":"search_term_string"}}],"inLanguage":"en-US"}]}},"_links":{"self":[{"href":"https:\/\/happyinaknit.com\/en\/wp-json\/wp\/v2\/product\/2818","targetHints":{"allow":["GET"]}}],"collection":[{"href":"https:\/\/happyinaknit.com\/en\/wp-json\/wp\/v2\/product"}],"about":[{"href":"https:\/\/happyinaknit.com\/en\/wp-json\/wp\/v2\/types\/product"}],"replies":[{"embeddable":true,"href":"https:\/\/happyinaknit.com\/en\/wp-json\/wp\/v2\/comments?post=2818"}],"wp:featuredmedia":[{"embeddable":true,"href":"https:\/\/happyinaknit.com\/en\/wp-json\/wp\/v2\/media\/2829"}],"wp:attachment":[{"href":"https:\/\/happyinaknit.com\/en\/wp-json\/wp\/v2\/media?parent=2818"}],"wp:term":[{"taxonomy":"product_brand","embeddable":true,"href":"https:\/\/happyinaknit.com\/en\/wp-json\/wp\/v2\/product_brand?post=2818"},{"taxonomy":"product_cat","embeddable":true,"href":"https:\/\/happyinaknit.com\/en\/wp-json\/wp\/v2\/product_cat?post=2818"},{"taxonomy":"product_tag","embeddable":true,"href":"https:\/\/happyinaknit.com\/en\/wp-json\/wp\/v2\/product_tag?post=2818"},{"taxonomy":"pro-kategorijos","embeddable":true,"href":"https:\/\/happyinaknit.com\/en\/wp-json\/wp\/v2\/pro-kategorijos?post=2818"}],"curies":[{"name":"wp","href":"https:\/\/api.w.org\/{rel}","templated":true}]}}