{"id":2805,"date":"2025-10-06T08:52:33","date_gmt":"2025-10-06T08:52:33","guid":{"rendered":"https:\/\/happyinaknit.com\/?post_type=product&#038;p=2805"},"modified":"2026-03-26T12:27:29","modified_gmt":"2026-03-26T12:27:29","slug":"lang-yarns-footprints","status":"publish","type":"product","link":"https:\/\/happyinaknit.com\/en\/product\/lang-yarns-footprints\/","title":{"rendered":"Lang Yarns Footprints"},"content":{"rendered":"<p data-start=\"99\" data-end=\"483\">A spectacular, fantasy-style yarn for socks, created from a combination of cotton, pure wool and nylon. This composition ensures that the socks are breathable, durable and easy to care for. Due to the long length (400 m per 100 g), just one ball is enough for a pair of socks up to size 46. The yarn is pleasant to the skin, elastic and retains its shape after many washes.<\/p>\n<ul data-start=\"485\" data-end=\"970\">\n<li data-start=\"485\" data-end=\"560\">\n<p data-start=\"487\" data-end=\"560\"><strong data-start=\"487\" data-end=\"499\">Composition:<\/strong> 45 % cotton, 42 % pure wool (superwash), 13 % nylon<\/p>\n<\/li>\n<li data-start=\"588\" data-end=\"628\">\n<p data-start=\"590\" data-end=\"628\"><strong data-start=\"590\" data-end=\"612\">Weight \/ length:<\/strong> 100 g - 400 m<\/p>\n<\/li>\n<li data-start=\"629\" data-end=\"672\">\n<p data-start=\"631\" data-end=\"672\"><strong data-start=\"631\" data-end=\"659\">Recommended needles:<\/strong> 2.5-3.5mm<\/p>\n<\/li>\n<li data-start=\"673\" data-end=\"722\">\n<p data-start=\"675\" data-end=\"722\"><strong data-start=\"675\" data-end=\"701\">Density (10 \u00d7 10 cm):<\/strong> ~30 stitches \u00d7 41 rows<\/p>\n<\/li>\n<li data-start=\"723\" data-end=\"879\">\n<p data-start=\"725\" data-end=\"755\"><strong data-start=\"725\" data-end=\"753\">Approximate consumption:<\/strong><\/p>\n<ul data-start=\"758\" data-end=\"879\">\n<li data-start=\"758\" data-end=\"797\">\n<p data-start=\"760\" data-end=\"797\">for men&#039;s product (size M) ~500 g<\/p>\n<\/li>\n<li data-start=\"800\" data-end=\"830\">\n<p data-start=\"802\" data-end=\"830\">for women&#039;s product ~400 g<\/p>\n<\/li>\n<li data-start=\"833\" data-end=\"879\">\n<p data-start=\"835\" data-end=\"879\">for a pair of socks up to size 46 ~1 ball<\/p>\n<\/li>\n<\/ul>\n<\/li>\n<li data-start=\"880\" data-end=\"970\">\n<p data-start=\"882\" data-end=\"898\"><strong data-start=\"882\" data-end=\"896\">Care:<\/strong><\/p>\n<ul data-start=\"901\" data-end=\"970\">\n<li data-start=\"901\" data-end=\"931\">\n<p data-start=\"903\" data-end=\"931\">Hand wash up to 30\u00b0C<\/p>\n<\/li>\n<li data-start=\"934\" data-end=\"970\">\n<p data-start=\"936\" data-end=\"970\">Dry flat horizontally<\/p>\n<\/li>\n<\/ul>\n<\/li>\n<\/ul>","protected":false},"excerpt":{"rendered":"<p>\u012esp\u016bdingi, fantazijos stiliaus si\u016blai kojin\u0117ms, sukurti i\u0161 medviln\u0117s, grynos vilnos ir nailono derinio. Tokia sud\u0117tis u\u017etikrina, kad kojin\u0117s b\u016bt\u0173 kv\u0117puojan\u010dios, tvirtos ir lengvai pri\u017ei\u016brimos. D\u0117l ilgo metra\u017eo (400 m i\u0161 100 g) u\u017etenka vos vieno kamuoliuko porai iki 46 dyd\u017eio kojini\u0173. Si\u016blai malon\u016bs odai, elastingi ir i\u0161laiko form\u0105 po daugelio skalbim\u0173. Sud\u0117tis: 45 % medviln\u0117, [&hellip;]<\/p>\n","protected":false},"featured_media":2808,"comment_status":"open","ping_status":"closed","template":"","meta":{"_acf_changed":false},"product_brand":[70],"product_cat":[15,18,94],"product_tag":[],"pro-kategorijos":[55,56],"class_list":{"0":"post-2805","1":"product","2":"type-product","3":"status-publish","4":"has-post-thumbnail","6":"product_brand-lang-yarns","7":"product_cat-visi-produktai","8":"product_cat-siulai","9":"product_cat-siulai-kojinems","10":"pro-kategorijos-medvilne","11":"pro-kategorijos-vilna","13":"first","14":"instock","15":"shipping-taxable","16":"purchasable","17":"product-type-variable"},"acf":[],"yoast_head":"<!-- This site is optimized with the Yoast SEO plugin v26.8 - https:\/\/yoast.com\/product\/yoast-seo-wordpress\/ -->\n<title>Lang Yarns Footprints - Happyinaknit.com<\/title>\n<meta name=\"robots\" content=\"index, follow, max-snippet:-1, max-image-preview:large, max-video-preview:-1\" \/>\n<link rel=\"canonical\" href=\"https:\/\/happyinaknit.com\/en\/product\/lang-yarns-footprints\/\" \/>\n<meta property=\"og:locale\" content=\"en_US\" \/>\n<meta property=\"og:type\" content=\"article\" \/>\n<meta property=\"og:title\" content=\"Lang Yarns Footprints - Happyinaknit.com\" \/>\n<meta property=\"og:description\" content=\"\u012esp\u016bdingi, fantazijos stiliaus si\u016blai kojin\u0117ms, sukurti i\u0161 medviln\u0117s, grynos vilnos ir nailono derinio. Tokia sud\u0117tis u\u017etikrina, kad kojin\u0117s b\u016bt\u0173 kv\u0117puojan\u010dios, tvirtos ir lengvai pri\u017ei\u016brimos. D\u0117l ilgo metra\u017eo (400 m i\u0161 100 g) u\u017etenka vos vieno kamuoliuko porai iki 46 dyd\u017eio kojini\u0173. Si\u016blai malon\u016bs odai, elastingi ir i\u0161laiko form\u0105 po daugelio skalbim\u0173. Sud\u0117tis: 45 % medviln\u0117, [&hellip;]\" \/>\n<meta property=\"og:url\" content=\"https:\/\/happyinaknit.com\/en\/product\/lang-yarns-footprints\/\" \/>\n<meta property=\"og:site_name\" content=\"Happyinaknit.com\" \/>\n<meta property=\"article:modified_time\" content=\"2026-03-26T12:27:29+00:00\" \/>\n<meta property=\"og:image\" content=\"https:\/\/happyinaknit.com\/wp-content\/uploads\/2025\/10\/1115_0003_LANGYARNS_Footprints_800_B.jpg\" \/>\n\t<meta property=\"og:image:width\" content=\"800\" \/>\n\t<meta property=\"og:image:height\" content=\"800\" \/>\n\t<meta property=\"og:image:type\" content=\"image\/jpeg\" \/>\n<meta name=\"twitter:card\" content=\"summary_large_image\" \/>\n<meta name=\"twitter:label1\" content=\"Est. reading time\" \/>\n\t<meta name=\"twitter:data1\" content=\"1 minute\" \/>\n<script type=\"application\/ld+json\" class=\"yoast-schema-graph\">{\"@context\":\"https:\/\/schema.org\",\"@graph\":[{\"@type\":\"WebPage\",\"@id\":\"https:\/\/happyinaknit.com\/produktas\/lang-yarns-footprints\/\",\"url\":\"https:\/\/happyinaknit.com\/produktas\/lang-yarns-footprints\/\",\"name\":\"Lang Yarns Footprints - Happyinaknit.com\",\"isPartOf\":{\"@id\":\"https:\/\/happyinaknit.com\/lt\/#website\"},\"primaryImageOfPage\":{\"@id\":\"https:\/\/happyinaknit.com\/produktas\/lang-yarns-footprints\/#primaryimage\"},\"image\":{\"@id\":\"https:\/\/happyinaknit.com\/produktas\/lang-yarns-footprints\/#primaryimage\"},\"thumbnailUrl\":\"https:\/\/happyinaknit.com\/wp-content\/uploads\/2025\/10\/1115_0003_LANGYARNS_Footprints_800_B.jpg\",\"datePublished\":\"2025-10-06T08:52:33+00:00\",\"dateModified\":\"2026-03-26T12:27:29+00:00\",\"breadcrumb\":{\"@id\":\"https:\/\/happyinaknit.com\/produktas\/lang-yarns-footprints\/#breadcrumb\"},\"inLanguage\":\"en-US\",\"potentialAction\":[{\"@type\":\"ReadAction\",\"target\":[\"https:\/\/happyinaknit.com\/produktas\/lang-yarns-footprints\/\"]}]},{\"@type\":\"ImageObject\",\"inLanguage\":\"en-US\",\"@id\":\"https:\/\/happyinaknit.com\/produktas\/lang-yarns-footprints\/#primaryimage\",\"url\":\"https:\/\/happyinaknit.com\/wp-content\/uploads\/2025\/10\/1115_0003_LANGYARNS_Footprints_800_B.jpg\",\"contentUrl\":\"https:\/\/happyinaknit.com\/wp-content\/uploads\/2025\/10\/1115_0003_LANGYARNS_Footprints_800_B.jpg\",\"width\":800,\"height\":800},{\"@type\":\"BreadcrumbList\",\"@id\":\"https:\/\/happyinaknit.com\/produktas\/lang-yarns-footprints\/#breadcrumb\",\"itemListElement\":[{\"@type\":\"ListItem\",\"position\":1,\"name\":\"Home\",\"item\":\"https:\/\/happyinaknit.com\/lt\/\"},{\"@type\":\"ListItem\",\"position\":2,\"name\":\"Parduotuv\u0117\",\"item\":\"https:\/\/happyinaknit.com\/lt\/parduotuve\/\"},{\"@type\":\"ListItem\",\"position\":3,\"name\":\"Lang Yarns Footprints\"}]},{\"@type\":\"WebSite\",\"@id\":\"https:\/\/happyinaknit.com\/lt\/#website\",\"url\":\"https:\/\/happyinaknit.com\/lt\/\",\"name\":\"Happyinaknit.com\",\"description\":\"\",\"potentialAction\":[{\"@type\":\"SearchAction\",\"target\":{\"@type\":\"EntryPoint\",\"urlTemplate\":\"https:\/\/happyinaknit.com\/lt\/?s={search_term_string}\"},\"query-input\":{\"@type\":\"PropertyValueSpecification\",\"valueRequired\":true,\"valueName\":\"search_term_string\"}}],\"inLanguage\":\"en-US\"}]}<\/script>\n<!-- \/ Yoast SEO plugin. -->","yoast_head_json":{"title":"Lang Yarns Footprints - Happyinaknit.com","robots":{"index":"index","follow":"follow","max-snippet":"max-snippet:-1","max-image-preview":"max-image-preview:large","max-video-preview":"max-video-preview:-1"},"canonical":"https:\/\/happyinaknit.com\/en\/product\/lang-yarns-footprints\/","og_locale":"en_US","og_type":"article","og_title":"Lang Yarns Footprints - Happyinaknit.com","og_description":"\u012esp\u016bdingi, fantazijos stiliaus si\u016blai kojin\u0117ms, sukurti i\u0161 medviln\u0117s, grynos vilnos ir nailono derinio. Tokia sud\u0117tis u\u017etikrina, kad kojin\u0117s b\u016bt\u0173 kv\u0117puojan\u010dios, tvirtos ir lengvai pri\u017ei\u016brimos. D\u0117l ilgo metra\u017eo (400 m i\u0161 100 g) u\u017etenka vos vieno kamuoliuko porai iki 46 dyd\u017eio kojini\u0173. Si\u016blai malon\u016bs odai, elastingi ir i\u0161laiko form\u0105 po daugelio skalbim\u0173. Sud\u0117tis: 45 % medviln\u0117, [&hellip;]","og_url":"https:\/\/happyinaknit.com\/en\/product\/lang-yarns-footprints\/","og_site_name":"Happyinaknit.com","article_modified_time":"2026-03-26T12:27:29+00:00","og_image":[{"width":800,"height":800,"url":"https:\/\/happyinaknit.com\/wp-content\/uploads\/2025\/10\/1115_0003_LANGYARNS_Footprints_800_B.jpg","type":"image\/jpeg"}],"twitter_card":"summary_large_image","twitter_misc":{"Est. reading time":"1 minute"},"schema":{"@context":"https:\/\/schema.org","@graph":[{"@type":"WebPage","@id":"https:\/\/happyinaknit.com\/produktas\/lang-yarns-footprints\/","url":"https:\/\/happyinaknit.com\/produktas\/lang-yarns-footprints\/","name":"Lang Yarns Footprints - Happyinaknit.com","isPartOf":{"@id":"https:\/\/happyinaknit.com\/lt\/#website"},"primaryImageOfPage":{"@id":"https:\/\/happyinaknit.com\/produktas\/lang-yarns-footprints\/#primaryimage"},"image":{"@id":"https:\/\/happyinaknit.com\/produktas\/lang-yarns-footprints\/#primaryimage"},"thumbnailUrl":"https:\/\/happyinaknit.com\/wp-content\/uploads\/2025\/10\/1115_0003_LANGYARNS_Footprints_800_B.jpg","datePublished":"2025-10-06T08:52:33+00:00","dateModified":"2026-03-26T12:27:29+00:00","breadcrumb":{"@id":"https:\/\/happyinaknit.com\/produktas\/lang-yarns-footprints\/#breadcrumb"},"inLanguage":"en-US","potentialAction":[{"@type":"ReadAction","target":["https:\/\/happyinaknit.com\/produktas\/lang-yarns-footprints\/"]}]},{"@type":"ImageObject","inLanguage":"en-US","@id":"https:\/\/happyinaknit.com\/produktas\/lang-yarns-footprints\/#primaryimage","url":"https:\/\/happyinaknit.com\/wp-content\/uploads\/2025\/10\/1115_0003_LANGYARNS_Footprints_800_B.jpg","contentUrl":"https:\/\/happyinaknit.com\/wp-content\/uploads\/2025\/10\/1115_0003_LANGYARNS_Footprints_800_B.jpg","width":800,"height":800},{"@type":"BreadcrumbList","@id":"https:\/\/happyinaknit.com\/produktas\/lang-yarns-footprints\/#breadcrumb","itemListElement":[{"@type":"ListItem","position":1,"name":"Home","item":"https:\/\/happyinaknit.com\/lt\/"},{"@type":"ListItem","position":2,"name":"Parduotuv\u0117","item":"https:\/\/happyinaknit.com\/lt\/parduotuve\/"},{"@type":"ListItem","position":3,"name":"Lang Yarns Footprints"}]},{"@type":"WebSite","@id":"https:\/\/happyinaknit.com\/lt\/#website","url":"https:\/\/happyinaknit.com\/lt\/","name":"Happyinaknit.com","description":"","potentialAction":[{"@type":"SearchAction","target":{"@type":"EntryPoint","urlTemplate":"https:\/\/happyinaknit.com\/lt\/?s={search_term_string}"},"query-input":{"@type":"PropertyValueSpecification","valueRequired":true,"valueName":"search_term_string"}}],"inLanguage":"en-US"}]}},"_links":{"self":[{"href":"https:\/\/happyinaknit.com\/en\/wp-json\/wp\/v2\/product\/2805","targetHints":{"allow":["GET"]}}],"collection":[{"href":"https:\/\/happyinaknit.com\/en\/wp-json\/wp\/v2\/product"}],"about":[{"href":"https:\/\/happyinaknit.com\/en\/wp-json\/wp\/v2\/types\/product"}],"replies":[{"embeddable":true,"href":"https:\/\/happyinaknit.com\/en\/wp-json\/wp\/v2\/comments?post=2805"}],"wp:featuredmedia":[{"embeddable":true,"href":"https:\/\/happyinaknit.com\/en\/wp-json\/wp\/v2\/media\/2808"}],"wp:attachment":[{"href":"https:\/\/happyinaknit.com\/en\/wp-json\/wp\/v2\/media?parent=2805"}],"wp:term":[{"taxonomy":"product_brand","embeddable":true,"href":"https:\/\/happyinaknit.com\/en\/wp-json\/wp\/v2\/product_brand?post=2805"},{"taxonomy":"product_cat","embeddable":true,"href":"https:\/\/happyinaknit.com\/en\/wp-json\/wp\/v2\/product_cat?post=2805"},{"taxonomy":"product_tag","embeddable":true,"href":"https:\/\/happyinaknit.com\/en\/wp-json\/wp\/v2\/product_tag?post=2805"},{"taxonomy":"pro-kategorijos","embeddable":true,"href":"https:\/\/happyinaknit.com\/en\/wp-json\/wp\/v2\/pro-kategorijos?post=2805"}],"curies":[{"name":"wp","href":"https:\/\/api.w.org\/{rel}","templated":true}]}}