{"id":2733,"date":"2025-10-06T07:24:23","date_gmt":"2025-10-06T07:24:23","guid":{"rendered":"https:\/\/happyinaknit.com\/?post_type=product&#038;p=2733"},"modified":"2026-03-15T12:33:02","modified_gmt":"2026-03-15T12:33:02","slug":"lang-yarns-alpaca-soxx-4-fach-4-ply","status":"publish","type":"product","link":"https:\/\/happyinaknit.com\/en\/product\/lang-yarns-alpaca-soxx-4-fach-4-ply\/","title":{"rendered":"Lang Yarns ALPACA SOXX 4-FACH\/4-PLY"},"content":{"rendered":"<p data-start=\"125\" data-end=\"619\">A real ball of pleasure! This yarn is made of 70 % superfine alpaca and 30 % durable polyamide, making it perfect for socks and warm but durable products. Thanks to the Easywash technology, the yarn is washable on wool mode up to 30 \u00b0C, while maintaining the natural softness of the alpaca. This environmentally friendly processing method does not use any harmful chemicals and is certified according to <strong data-start=\"565\" data-end=\"577\">Bluesign<\/strong>, <strong data-start=\"579\" data-end=\"588\">REACH<\/strong> and <strong data-start=\"593\" data-end=\"605\">OEKO-TEX<\/strong> standards.<\/p>\n<ul data-start=\"621\" data-end=\"1075\">\n<li data-start=\"621\" data-end=\"678\">\n<p data-start=\"623\" data-end=\"678\"><strong data-start=\"623\" data-end=\"635\">Composition:<\/strong> 70 % alpaca (superfine), 30 % polyamide<\/p>\n<\/li>\n<li data-start=\"706\" data-end=\"746\">\n<p data-start=\"708\" data-end=\"746\"><strong data-start=\"708\" data-end=\"730\">Weight \/ length:<\/strong> 100 g - 390 m<\/p>\n<\/li>\n<li data-start=\"747\" data-end=\"790\">\n<p data-start=\"749\" data-end=\"790\"><strong data-start=\"749\" data-end=\"777\">Recommended needles:<\/strong> 2.5-3.5mm<\/p>\n<\/li>\n<li data-start=\"791\" data-end=\"840\">\n<p data-start=\"793\" data-end=\"840\"><strong data-start=\"793\" data-end=\"819\">Density (10 \u00d7 10 cm):<\/strong> ~30 stitches \u00d7 41 rows<\/p>\n<\/li>\n<li data-start=\"841\" data-end=\"948\">\n<p data-start=\"843\" data-end=\"873\"><strong data-start=\"843\" data-end=\"871\">Approximate consumption:<\/strong><\/p>\n<ul data-start=\"876\" data-end=\"948\">\n<li data-start=\"876\" data-end=\"915\">\n<p data-start=\"878\" data-end=\"915\">for men&#039;s product (size M) ~500 g<\/p>\n<\/li>\n<li data-start=\"918\" data-end=\"948\">\n<p data-start=\"920\" data-end=\"948\">for women&#039;s product ~400 g<\/p>\n<\/li>\n<\/ul>\n<\/li>\n<li data-start=\"949\" data-end=\"1075\">\n<p data-start=\"951\" data-end=\"967\"><strong data-start=\"951\" data-end=\"965\">Care:<\/strong><\/p>\n<ul data-start=\"970\" data-end=\"1075\">\n<li data-start=\"970\" data-end=\"1036\">\n<p data-start=\"972\" data-end=\"1036\">Washable on wool cycle up to 30\u00b0C (Easywash technology)<\/p>\n<\/li>\n<li data-start=\"1039\" data-end=\"1075\">\n<p data-start=\"1041\" data-end=\"1075\">Dry flat horizontally<\/p>\n<\/li>\n<\/ul>\n<\/li>\n<\/ul>","protected":false},"excerpt":{"rendered":"<p>Tikras malonumo kamuoliukas! \u0160ie si\u016blai pagaminti i\u0161 70 % superfine alpakos ir 30 % patvaraus poliamido, tod\u0117l puikiai tinka kojin\u0117ms ir \u0161iltiems, bet tvirtiems gaminiams. D\u0117l \u201eEasywash\u201c technologijos si\u016blai tampa skalbiami vilnos re\u017eimu iki 30 \u00b0C, i\u0161laikydami nat\u016bral\u0173 alpakos \u0161velnum\u0105. \u0160is ekologi\u0161kas apdorojimo b\u016bdas visi\u0161kai nenaudoja kenksming\u0173 chemini\u0173 med\u017eiag\u0173 ir yra sertifikuotas pagal Bluesign, REACH [&hellip;]<\/p>\n","protected":false},"featured_media":2738,"comment_status":"open","ping_status":"closed","template":"","meta":{"_acf_changed":false},"product_brand":[70],"product_cat":[15,18,94],"product_tag":[],"pro-kategorijos":[54],"class_list":{"0":"post-2733","1":"product","2":"type-product","3":"status-publish","4":"has-post-thumbnail","6":"product_brand-lang-yarns","7":"product_cat-visi-produktai","8":"product_cat-siulai","9":"product_cat-siulai-kojinems","10":"pro-kategorijos-alpaka","12":"first","13":"instock","14":"shipping-taxable","15":"purchasable","16":"product-type-variable"},"acf":[],"yoast_head":"<!-- This site is optimized with the Yoast SEO plugin v26.8 - https:\/\/yoast.com\/product\/yoast-seo-wordpress\/ -->\n<title>Lang Yarns ALPACA SOXX 4-FACH\/4-PLY - Happyinaknit.com<\/title>\n<meta name=\"robots\" content=\"index, follow, max-snippet:-1, max-image-preview:large, max-video-preview:-1\" \/>\n<link rel=\"canonical\" href=\"https:\/\/happyinaknit.com\/en\/product\/lang-yarns-alpaca-soxx-4-fach-4-ply\/\" \/>\n<meta property=\"og:locale\" content=\"en_US\" \/>\n<meta property=\"og:type\" content=\"article\" \/>\n<meta property=\"og:title\" content=\"Lang Yarns ALPACA SOXX 4-FACH\/4-PLY - Happyinaknit.com\" \/>\n<meta property=\"og:description\" content=\"Tikras malonumo kamuoliukas! \u0160ie si\u016blai pagaminti i\u0161 70 % superfine alpakos ir 30 % patvaraus poliamido, tod\u0117l puikiai tinka kojin\u0117ms ir \u0161iltiems, bet tvirtiems gaminiams. D\u0117l \u201eEasywash\u201c technologijos si\u016blai tampa skalbiami vilnos re\u017eimu iki 30 \u00b0C, i\u0161laikydami nat\u016bral\u0173 alpakos \u0161velnum\u0105. \u0160is ekologi\u0161kas apdorojimo b\u016bdas visi\u0161kai nenaudoja kenksming\u0173 chemini\u0173 med\u017eiag\u0173 ir yra sertifikuotas pagal Bluesign, REACH [&hellip;]\" \/>\n<meta property=\"og:url\" content=\"https:\/\/happyinaknit.com\/en\/product\/lang-yarns-alpaca-soxx-4-fach-4-ply\/\" \/>\n<meta property=\"og:site_name\" content=\"Happyinaknit.com\" \/>\n<meta property=\"article:modified_time\" content=\"2026-03-15T12:33:02+00:00\" \/>\n<meta property=\"og:image\" content=\"https:\/\/happyinaknit.com\/wp-content\/uploads\/2025\/10\/1062_0165_LANGYARNS_AlpacaSoxx4ply_800_B.jpg\" \/>\n\t<meta property=\"og:image:width\" content=\"800\" \/>\n\t<meta property=\"og:image:height\" content=\"800\" \/>\n\t<meta property=\"og:image:type\" content=\"image\/jpeg\" \/>\n<meta name=\"twitter:card\" content=\"summary_large_image\" \/>\n<meta name=\"twitter:label1\" content=\"Est. reading time\" \/>\n\t<meta name=\"twitter:data1\" content=\"1 minute\" \/>\n<script type=\"application\/ld+json\" class=\"yoast-schema-graph\">{\"@context\":\"https:\/\/schema.org\",\"@graph\":[{\"@type\":\"WebPage\",\"@id\":\"https:\/\/happyinaknit.com\/produktas\/lang-yarns-alpaca-soxx-4-fach-4-ply\/\",\"url\":\"https:\/\/happyinaknit.com\/produktas\/lang-yarns-alpaca-soxx-4-fach-4-ply\/\",\"name\":\"Lang Yarns ALPACA SOXX 4-FACH\/4-PLY - Happyinaknit.com\",\"isPartOf\":{\"@id\":\"https:\/\/happyinaknit.com\/lt\/#website\"},\"primaryImageOfPage\":{\"@id\":\"https:\/\/happyinaknit.com\/produktas\/lang-yarns-alpaca-soxx-4-fach-4-ply\/#primaryimage\"},\"image\":{\"@id\":\"https:\/\/happyinaknit.com\/produktas\/lang-yarns-alpaca-soxx-4-fach-4-ply\/#primaryimage\"},\"thumbnailUrl\":\"https:\/\/happyinaknit.com\/wp-content\/uploads\/2025\/10\/1062_0165_LANGYARNS_AlpacaSoxx4ply_800_B.jpg\",\"datePublished\":\"2025-10-06T07:24:23+00:00\",\"dateModified\":\"2026-03-15T12:33:02+00:00\",\"breadcrumb\":{\"@id\":\"https:\/\/happyinaknit.com\/produktas\/lang-yarns-alpaca-soxx-4-fach-4-ply\/#breadcrumb\"},\"inLanguage\":\"en-US\",\"potentialAction\":[{\"@type\":\"ReadAction\",\"target\":[\"https:\/\/happyinaknit.com\/produktas\/lang-yarns-alpaca-soxx-4-fach-4-ply\/\"]}]},{\"@type\":\"ImageObject\",\"inLanguage\":\"en-US\",\"@id\":\"https:\/\/happyinaknit.com\/produktas\/lang-yarns-alpaca-soxx-4-fach-4-ply\/#primaryimage\",\"url\":\"https:\/\/happyinaknit.com\/wp-content\/uploads\/2025\/10\/1062_0165_LANGYARNS_AlpacaSoxx4ply_800_B.jpg\",\"contentUrl\":\"https:\/\/happyinaknit.com\/wp-content\/uploads\/2025\/10\/1062_0165_LANGYARNS_AlpacaSoxx4ply_800_B.jpg\",\"width\":800,\"height\":800},{\"@type\":\"BreadcrumbList\",\"@id\":\"https:\/\/happyinaknit.com\/produktas\/lang-yarns-alpaca-soxx-4-fach-4-ply\/#breadcrumb\",\"itemListElement\":[{\"@type\":\"ListItem\",\"position\":1,\"name\":\"Home\",\"item\":\"https:\/\/happyinaknit.com\/lt\/\"},{\"@type\":\"ListItem\",\"position\":2,\"name\":\"Parduotuv\u0117\",\"item\":\"https:\/\/happyinaknit.com\/lt\/parduotuve\/\"},{\"@type\":\"ListItem\",\"position\":3,\"name\":\"Lang Yarns ALPACA SOXX 4-FACH\/4-PLY\"}]},{\"@type\":\"WebSite\",\"@id\":\"https:\/\/happyinaknit.com\/lt\/#website\",\"url\":\"https:\/\/happyinaknit.com\/lt\/\",\"name\":\"Happyinaknit.com\",\"description\":\"\",\"potentialAction\":[{\"@type\":\"SearchAction\",\"target\":{\"@type\":\"EntryPoint\",\"urlTemplate\":\"https:\/\/happyinaknit.com\/lt\/?s={search_term_string}\"},\"query-input\":{\"@type\":\"PropertyValueSpecification\",\"valueRequired\":true,\"valueName\":\"search_term_string\"}}],\"inLanguage\":\"en-US\"}]}<\/script>\n<!-- \/ Yoast SEO plugin. -->","yoast_head_json":{"title":"Lang Yarns ALPACA SOXX 4-FACH\/4-PLY - Happyinaknit.com","robots":{"index":"index","follow":"follow","max-snippet":"max-snippet:-1","max-image-preview":"max-image-preview:large","max-video-preview":"max-video-preview:-1"},"canonical":"https:\/\/happyinaknit.com\/en\/product\/lang-yarns-alpaca-soxx-4-fach-4-ply\/","og_locale":"en_US","og_type":"article","og_title":"Lang Yarns ALPACA SOXX 4-FACH\/4-PLY - Happyinaknit.com","og_description":"Tikras malonumo kamuoliukas! \u0160ie si\u016blai pagaminti i\u0161 70 % superfine alpakos ir 30 % patvaraus poliamido, tod\u0117l puikiai tinka kojin\u0117ms ir \u0161iltiems, bet tvirtiems gaminiams. D\u0117l \u201eEasywash\u201c technologijos si\u016blai tampa skalbiami vilnos re\u017eimu iki 30 \u00b0C, i\u0161laikydami nat\u016bral\u0173 alpakos \u0161velnum\u0105. \u0160is ekologi\u0161kas apdorojimo b\u016bdas visi\u0161kai nenaudoja kenksming\u0173 chemini\u0173 med\u017eiag\u0173 ir yra sertifikuotas pagal Bluesign, REACH [&hellip;]","og_url":"https:\/\/happyinaknit.com\/en\/product\/lang-yarns-alpaca-soxx-4-fach-4-ply\/","og_site_name":"Happyinaknit.com","article_modified_time":"2026-03-15T12:33:02+00:00","og_image":[{"width":800,"height":800,"url":"https:\/\/happyinaknit.com\/wp-content\/uploads\/2025\/10\/1062_0165_LANGYARNS_AlpacaSoxx4ply_800_B.jpg","type":"image\/jpeg"}],"twitter_card":"summary_large_image","twitter_misc":{"Est. reading time":"1 minute"},"schema":{"@context":"https:\/\/schema.org","@graph":[{"@type":"WebPage","@id":"https:\/\/happyinaknit.com\/produktas\/lang-yarns-alpaca-soxx-4-fach-4-ply\/","url":"https:\/\/happyinaknit.com\/produktas\/lang-yarns-alpaca-soxx-4-fach-4-ply\/","name":"Lang Yarns ALPACA SOXX 4-FACH\/4-PLY - Happyinaknit.com","isPartOf":{"@id":"https:\/\/happyinaknit.com\/lt\/#website"},"primaryImageOfPage":{"@id":"https:\/\/happyinaknit.com\/produktas\/lang-yarns-alpaca-soxx-4-fach-4-ply\/#primaryimage"},"image":{"@id":"https:\/\/happyinaknit.com\/produktas\/lang-yarns-alpaca-soxx-4-fach-4-ply\/#primaryimage"},"thumbnailUrl":"https:\/\/happyinaknit.com\/wp-content\/uploads\/2025\/10\/1062_0165_LANGYARNS_AlpacaSoxx4ply_800_B.jpg","datePublished":"2025-10-06T07:24:23+00:00","dateModified":"2026-03-15T12:33:02+00:00","breadcrumb":{"@id":"https:\/\/happyinaknit.com\/produktas\/lang-yarns-alpaca-soxx-4-fach-4-ply\/#breadcrumb"},"inLanguage":"en-US","potentialAction":[{"@type":"ReadAction","target":["https:\/\/happyinaknit.com\/produktas\/lang-yarns-alpaca-soxx-4-fach-4-ply\/"]}]},{"@type":"ImageObject","inLanguage":"en-US","@id":"https:\/\/happyinaknit.com\/produktas\/lang-yarns-alpaca-soxx-4-fach-4-ply\/#primaryimage","url":"https:\/\/happyinaknit.com\/wp-content\/uploads\/2025\/10\/1062_0165_LANGYARNS_AlpacaSoxx4ply_800_B.jpg","contentUrl":"https:\/\/happyinaknit.com\/wp-content\/uploads\/2025\/10\/1062_0165_LANGYARNS_AlpacaSoxx4ply_800_B.jpg","width":800,"height":800},{"@type":"BreadcrumbList","@id":"https:\/\/happyinaknit.com\/produktas\/lang-yarns-alpaca-soxx-4-fach-4-ply\/#breadcrumb","itemListElement":[{"@type":"ListItem","position":1,"name":"Home","item":"https:\/\/happyinaknit.com\/lt\/"},{"@type":"ListItem","position":2,"name":"Parduotuv\u0117","item":"https:\/\/happyinaknit.com\/lt\/parduotuve\/"},{"@type":"ListItem","position":3,"name":"Lang Yarns ALPACA SOXX 4-FACH\/4-PLY"}]},{"@type":"WebSite","@id":"https:\/\/happyinaknit.com\/lt\/#website","url":"https:\/\/happyinaknit.com\/lt\/","name":"Happyinaknit.com","description":"","potentialAction":[{"@type":"SearchAction","target":{"@type":"EntryPoint","urlTemplate":"https:\/\/happyinaknit.com\/lt\/?s={search_term_string}"},"query-input":{"@type":"PropertyValueSpecification","valueRequired":true,"valueName":"search_term_string"}}],"inLanguage":"en-US"}]}},"_links":{"self":[{"href":"https:\/\/happyinaknit.com\/en\/wp-json\/wp\/v2\/product\/2733","targetHints":{"allow":["GET"]}}],"collection":[{"href":"https:\/\/happyinaknit.com\/en\/wp-json\/wp\/v2\/product"}],"about":[{"href":"https:\/\/happyinaknit.com\/en\/wp-json\/wp\/v2\/types\/product"}],"replies":[{"embeddable":true,"href":"https:\/\/happyinaknit.com\/en\/wp-json\/wp\/v2\/comments?post=2733"}],"wp:featuredmedia":[{"embeddable":true,"href":"https:\/\/happyinaknit.com\/en\/wp-json\/wp\/v2\/media\/2738"}],"wp:attachment":[{"href":"https:\/\/happyinaknit.com\/en\/wp-json\/wp\/v2\/media?parent=2733"}],"wp:term":[{"taxonomy":"product_brand","embeddable":true,"href":"https:\/\/happyinaknit.com\/en\/wp-json\/wp\/v2\/product_brand?post=2733"},{"taxonomy":"product_cat","embeddable":true,"href":"https:\/\/happyinaknit.com\/en\/wp-json\/wp\/v2\/product_cat?post=2733"},{"taxonomy":"product_tag","embeddable":true,"href":"https:\/\/happyinaknit.com\/en\/wp-json\/wp\/v2\/product_tag?post=2733"},{"taxonomy":"pro-kategorijos","embeddable":true,"href":"https:\/\/happyinaknit.com\/en\/wp-json\/wp\/v2\/pro-kategorijos?post=2733"}],"curies":[{"name":"wp","href":"https:\/\/api.w.org\/{rel}","templated":true}]}}