{"id":2718,"date":"2025-10-05T22:45:17","date_gmt":"2025-10-05T22:45:17","guid":{"rendered":"https:\/\/happyinaknit.com\/?post_type=product&#038;p=2718"},"modified":"2025-11-13T20:59:28","modified_gmt":"2025-11-13T20:59:28","slug":"lang-yarns-astra","status":"publish","type":"product","link":"https:\/\/happyinaknit.com\/en\/product\/lang-yarns-astra\/","title":{"rendered":"Lang Yarns Astra"},"content":{"rendered":"<p data-start=\"97\" data-end=\"534\">This yarn gives your knits a subtle silver or gold shimmer effect \u2013 like a shooting star in your needlework. Astra is perfect for use as a complementary yarn, adding elegance and distinction to simple projects. It looks especially beautiful in combination with fluffy mohair or as an accent in edging, cuffs or collars. Although the yarn looks rough, it is pleasantly soft to the touch.<\/p>\n<ul data-start=\"536\" data-end=\"981\">\n<li data-start=\"536\" data-end=\"586\">\n<p data-start=\"538\" data-end=\"586\"><strong data-start=\"538\" data-end=\"550\">Composition:<\/strong> 60 % polyester, 40 % polyamide<\/p>\n<\/li>\n<li data-start=\"614\" data-end=\"653\">\n<p data-start=\"616\" data-end=\"653\"><strong data-start=\"616\" data-end=\"638\">Weight \/ length:<\/strong> 25 g - 550 m<\/p>\n<\/li>\n<li data-start=\"891\" data-end=\"981\">\n<p data-start=\"893\" data-end=\"909\"><strong data-start=\"893\" data-end=\"907\">Care:<\/strong><\/p>\n<ul data-start=\"912\" data-end=\"981\">\n<li data-start=\"912\" data-end=\"942\">\n<p data-start=\"914\" data-end=\"942\">Hand wash up to 30\u00b0C<\/p>\n<\/li>\n<li data-start=\"945\" data-end=\"981\">\n<p data-start=\"947\" data-end=\"981\">Dry flat horizontally<\/p>\n<\/li>\n<\/ul>\n<\/li>\n<\/ul>","protected":false},"excerpt":{"rendered":"<p>\u0160ie si\u016blai suteikia mezginiams subtilaus sidabro ar aukso \u017evilgesio efekt\u0105 \u2013 tarsi krintanti \u017evaig\u017ed\u0117 j\u016bs\u0173 rankdarbiuose. \u201eAstra\u201c puikiai tinka naudoti kaip papildomi si\u016blai, suteikiantys paprastiems projektams eleganti\u0161kumo ir i\u0161skirtinumo. Ypa\u010d gra\u017eiai atrodo derinyje su p\u016bkuotu moheriu arba kaip akcentas kra\u0161teliuose, rankogaliuose ar apykakl\u0117se. Nors si\u016blai atrodo \u0161iurk\u0161t\u016bs, jie maloniai \u0161veln\u016bs lie\u010diant. Sud\u0117tis: 60 % poliesteris, [&hellip;]<\/p>\n","protected":false},"featured_media":2722,"comment_status":"open","ping_status":"closed","template":"","meta":{"_acf_changed":false},"product_brand":[70],"product_cat":[15,18,323],"product_tag":[],"pro-kategorijos":[87,81],"class_list":{"0":"post-2718","1":"product","2":"type-product","3":"status-publish","4":"has-post-thumbnail","6":"product_brand-lang-yarns","7":"product_cat-visi-produktai","8":"product_cat-siulai","9":"product_cat-siulai-su-lureksu-ir-zvyneliais","10":"pro-kategorijos-liureksas","11":"pro-kategorijos-poliamidas-zvyneliai","13":"first","14":"instock","15":"shipping-taxable","16":"purchasable","17":"product-type-variable"},"acf":[],"yoast_head":"<!-- This site is optimized with the Yoast SEO plugin v26.8 - https:\/\/yoast.com\/product\/yoast-seo-wordpress\/ -->\n<title>Lang Yarns Astra - Happyinaknit.com<\/title>\n<meta name=\"robots\" content=\"index, follow, max-snippet:-1, max-image-preview:large, max-video-preview:-1\" \/>\n<link rel=\"canonical\" href=\"https:\/\/happyinaknit.com\/en\/product\/lang-yarns-astra\/\" \/>\n<meta property=\"og:locale\" content=\"en_US\" \/>\n<meta property=\"og:type\" content=\"article\" \/>\n<meta property=\"og:title\" content=\"Lang Yarns Astra - Happyinaknit.com\" \/>\n<meta property=\"og:description\" content=\"\u0160ie si\u016blai suteikia mezginiams subtilaus sidabro ar aukso \u017evilgesio efekt\u0105 \u2013 tarsi krintanti \u017evaig\u017ed\u0117 j\u016bs\u0173 rankdarbiuose. \u201eAstra\u201c puikiai tinka naudoti kaip papildomi si\u016blai, suteikiantys paprastiems projektams eleganti\u0161kumo ir i\u0161skirtinumo. Ypa\u010d gra\u017eiai atrodo derinyje su p\u016bkuotu moheriu arba kaip akcentas kra\u0161teliuose, rankogaliuose ar apykakl\u0117se. Nors si\u016blai atrodo \u0161iurk\u0161t\u016bs, jie maloniai \u0161veln\u016bs lie\u010diant. Sud\u0117tis: 60 % poliesteris, [&hellip;]\" \/>\n<meta property=\"og:url\" content=\"https:\/\/happyinaknit.com\/en\/product\/lang-yarns-astra\/\" \/>\n<meta property=\"og:site_name\" content=\"Happyinaknit.com\" \/>\n<meta property=\"article:modified_time\" content=\"2025-11-13T20:59:28+00:00\" \/>\n<meta property=\"og:image\" content=\"https:\/\/happyinaknit.com\/wp-content\/uploads\/2025\/10\/1150_0065_LANGYARNS_Astra_800_B.jpg\" \/>\n\t<meta property=\"og:image:width\" content=\"800\" \/>\n\t<meta property=\"og:image:height\" content=\"800\" \/>\n\t<meta property=\"og:image:type\" content=\"image\/jpeg\" \/>\n<meta name=\"twitter:card\" content=\"summary_large_image\" \/>\n<script type=\"application\/ld+json\" class=\"yoast-schema-graph\">{\"@context\":\"https:\/\/schema.org\",\"@graph\":[{\"@type\":\"WebPage\",\"@id\":\"https:\/\/happyinaknit.com\/produktas\/lang-yarns-astra\/\",\"url\":\"https:\/\/happyinaknit.com\/produktas\/lang-yarns-astra\/\",\"name\":\"Lang Yarns Astra - Happyinaknit.com\",\"isPartOf\":{\"@id\":\"https:\/\/happyinaknit.com\/lt\/#website\"},\"primaryImageOfPage\":{\"@id\":\"https:\/\/happyinaknit.com\/produktas\/lang-yarns-astra\/#primaryimage\"},\"image\":{\"@id\":\"https:\/\/happyinaknit.com\/produktas\/lang-yarns-astra\/#primaryimage\"},\"thumbnailUrl\":\"https:\/\/happyinaknit.com\/wp-content\/uploads\/2025\/10\/1150_0065_LANGYARNS_Astra_800_B.jpg\",\"datePublished\":\"2025-10-05T22:45:17+00:00\",\"dateModified\":\"2025-11-13T20:59:28+00:00\",\"breadcrumb\":{\"@id\":\"https:\/\/happyinaknit.com\/produktas\/lang-yarns-astra\/#breadcrumb\"},\"inLanguage\":\"en-US\",\"potentialAction\":[{\"@type\":\"ReadAction\",\"target\":[\"https:\/\/happyinaknit.com\/produktas\/lang-yarns-astra\/\"]}]},{\"@type\":\"ImageObject\",\"inLanguage\":\"en-US\",\"@id\":\"https:\/\/happyinaknit.com\/produktas\/lang-yarns-astra\/#primaryimage\",\"url\":\"https:\/\/happyinaknit.com\/wp-content\/uploads\/2025\/10\/1150_0065_LANGYARNS_Astra_800_B.jpg\",\"contentUrl\":\"https:\/\/happyinaknit.com\/wp-content\/uploads\/2025\/10\/1150_0065_LANGYARNS_Astra_800_B.jpg\",\"width\":800,\"height\":800},{\"@type\":\"BreadcrumbList\",\"@id\":\"https:\/\/happyinaknit.com\/produktas\/lang-yarns-astra\/#breadcrumb\",\"itemListElement\":[{\"@type\":\"ListItem\",\"position\":1,\"name\":\"Home\",\"item\":\"https:\/\/happyinaknit.com\/lt\/\"},{\"@type\":\"ListItem\",\"position\":2,\"name\":\"Parduotuv\u0117\",\"item\":\"https:\/\/happyinaknit.com\/lt\/parduotuve\/\"},{\"@type\":\"ListItem\",\"position\":3,\"name\":\"Lang Yarns Astra\"}]},{\"@type\":\"WebSite\",\"@id\":\"https:\/\/happyinaknit.com\/lt\/#website\",\"url\":\"https:\/\/happyinaknit.com\/lt\/\",\"name\":\"Happyinaknit.com\",\"description\":\"\",\"potentialAction\":[{\"@type\":\"SearchAction\",\"target\":{\"@type\":\"EntryPoint\",\"urlTemplate\":\"https:\/\/happyinaknit.com\/lt\/?s={search_term_string}\"},\"query-input\":{\"@type\":\"PropertyValueSpecification\",\"valueRequired\":true,\"valueName\":\"search_term_string\"}}],\"inLanguage\":\"en-US\"}]}<\/script>\n<!-- \/ Yoast SEO plugin. -->","yoast_head_json":{"title":"Lang Yarns Astra - Happyinaknit.com","robots":{"index":"index","follow":"follow","max-snippet":"max-snippet:-1","max-image-preview":"max-image-preview:large","max-video-preview":"max-video-preview:-1"},"canonical":"https:\/\/happyinaknit.com\/en\/product\/lang-yarns-astra\/","og_locale":"en_US","og_type":"article","og_title":"Lang Yarns Astra - Happyinaknit.com","og_description":"\u0160ie si\u016blai suteikia mezginiams subtilaus sidabro ar aukso \u017evilgesio efekt\u0105 \u2013 tarsi krintanti \u017evaig\u017ed\u0117 j\u016bs\u0173 rankdarbiuose. \u201eAstra\u201c puikiai tinka naudoti kaip papildomi si\u016blai, suteikiantys paprastiems projektams eleganti\u0161kumo ir i\u0161skirtinumo. Ypa\u010d gra\u017eiai atrodo derinyje su p\u016bkuotu moheriu arba kaip akcentas kra\u0161teliuose, rankogaliuose ar apykakl\u0117se. Nors si\u016blai atrodo \u0161iurk\u0161t\u016bs, jie maloniai \u0161veln\u016bs lie\u010diant. Sud\u0117tis: 60 % poliesteris, [&hellip;]","og_url":"https:\/\/happyinaknit.com\/en\/product\/lang-yarns-astra\/","og_site_name":"Happyinaknit.com","article_modified_time":"2025-11-13T20:59:28+00:00","og_image":[{"width":800,"height":800,"url":"https:\/\/happyinaknit.com\/wp-content\/uploads\/2025\/10\/1150_0065_LANGYARNS_Astra_800_B.jpg","type":"image\/jpeg"}],"twitter_card":"summary_large_image","schema":{"@context":"https:\/\/schema.org","@graph":[{"@type":"WebPage","@id":"https:\/\/happyinaknit.com\/produktas\/lang-yarns-astra\/","url":"https:\/\/happyinaknit.com\/produktas\/lang-yarns-astra\/","name":"Lang Yarns Astra - Happyinaknit.com","isPartOf":{"@id":"https:\/\/happyinaknit.com\/lt\/#website"},"primaryImageOfPage":{"@id":"https:\/\/happyinaknit.com\/produktas\/lang-yarns-astra\/#primaryimage"},"image":{"@id":"https:\/\/happyinaknit.com\/produktas\/lang-yarns-astra\/#primaryimage"},"thumbnailUrl":"https:\/\/happyinaknit.com\/wp-content\/uploads\/2025\/10\/1150_0065_LANGYARNS_Astra_800_B.jpg","datePublished":"2025-10-05T22:45:17+00:00","dateModified":"2025-11-13T20:59:28+00:00","breadcrumb":{"@id":"https:\/\/happyinaknit.com\/produktas\/lang-yarns-astra\/#breadcrumb"},"inLanguage":"en-US","potentialAction":[{"@type":"ReadAction","target":["https:\/\/happyinaknit.com\/produktas\/lang-yarns-astra\/"]}]},{"@type":"ImageObject","inLanguage":"en-US","@id":"https:\/\/happyinaknit.com\/produktas\/lang-yarns-astra\/#primaryimage","url":"https:\/\/happyinaknit.com\/wp-content\/uploads\/2025\/10\/1150_0065_LANGYARNS_Astra_800_B.jpg","contentUrl":"https:\/\/happyinaknit.com\/wp-content\/uploads\/2025\/10\/1150_0065_LANGYARNS_Astra_800_B.jpg","width":800,"height":800},{"@type":"BreadcrumbList","@id":"https:\/\/happyinaknit.com\/produktas\/lang-yarns-astra\/#breadcrumb","itemListElement":[{"@type":"ListItem","position":1,"name":"Home","item":"https:\/\/happyinaknit.com\/lt\/"},{"@type":"ListItem","position":2,"name":"Parduotuv\u0117","item":"https:\/\/happyinaknit.com\/lt\/parduotuve\/"},{"@type":"ListItem","position":3,"name":"Lang Yarns Astra"}]},{"@type":"WebSite","@id":"https:\/\/happyinaknit.com\/lt\/#website","url":"https:\/\/happyinaknit.com\/lt\/","name":"Happyinaknit.com","description":"","potentialAction":[{"@type":"SearchAction","target":{"@type":"EntryPoint","urlTemplate":"https:\/\/happyinaknit.com\/lt\/?s={search_term_string}"},"query-input":{"@type":"PropertyValueSpecification","valueRequired":true,"valueName":"search_term_string"}}],"inLanguage":"en-US"}]}},"_links":{"self":[{"href":"https:\/\/happyinaknit.com\/en\/wp-json\/wp\/v2\/product\/2718","targetHints":{"allow":["GET"]}}],"collection":[{"href":"https:\/\/happyinaknit.com\/en\/wp-json\/wp\/v2\/product"}],"about":[{"href":"https:\/\/happyinaknit.com\/en\/wp-json\/wp\/v2\/types\/product"}],"replies":[{"embeddable":true,"href":"https:\/\/happyinaknit.com\/en\/wp-json\/wp\/v2\/comments?post=2718"}],"wp:featuredmedia":[{"embeddable":true,"href":"https:\/\/happyinaknit.com\/en\/wp-json\/wp\/v2\/media\/2722"}],"wp:attachment":[{"href":"https:\/\/happyinaknit.com\/en\/wp-json\/wp\/v2\/media?parent=2718"}],"wp:term":[{"taxonomy":"product_brand","embeddable":true,"href":"https:\/\/happyinaknit.com\/en\/wp-json\/wp\/v2\/product_brand?post=2718"},{"taxonomy":"product_cat","embeddable":true,"href":"https:\/\/happyinaknit.com\/en\/wp-json\/wp\/v2\/product_cat?post=2718"},{"taxonomy":"product_tag","embeddable":true,"href":"https:\/\/happyinaknit.com\/en\/wp-json\/wp\/v2\/product_tag?post=2718"},{"taxonomy":"pro-kategorijos","embeddable":true,"href":"https:\/\/happyinaknit.com\/en\/wp-json\/wp\/v2\/pro-kategorijos?post=2718"}],"curies":[{"name":"wp","href":"https:\/\/api.w.org\/{rel}","templated":true}]}}