{"id":2579,"date":"2025-10-02T22:26:36","date_gmt":"2025-10-02T22:26:36","guid":{"rendered":"https:\/\/happyinaknit.com\/?post_type=product&#038;p=2579"},"modified":"2026-03-28T09:42:06","modified_gmt":"2026-03-28T09:42:06","slug":"lang-yarns-lace","status":"publish","type":"product","link":"https:\/\/happyinaknit.com\/en\/product\/lang-yarns-lace\/","title":{"rendered":"Lang Yarns Lace"},"content":{"rendered":"<p data-start=\"114\" data-end=\"551\">These are extremely thin and light yarns made from the highest quality South African mohair and luxurious silk. The manufacturer uses only fibers with a diameter of less than 25 microns, which makes the yarns extremely soft, fluffy and light. Silk gives knitwear an elegant shine, and mohair gives it a subtle airiness. Knitwear becomes like clouds: light, feminine and extremely comfortable to wear.<\/p>\n<ul data-start=\"553\" data-end=\"954\">\n<li data-start=\"553\" data-end=\"606\">\n<p data-start=\"555\" data-end=\"606\"><strong data-start=\"555\" data-end=\"567\">Composition:<\/strong> 58 % mohair (superkid), 42 % silk<\/p>\n<\/li>\n<li data-start=\"607\" data-end=\"646\">\n<p data-start=\"609\" data-end=\"646\"><strong data-start=\"609\" data-end=\"631\">Weight \/ length:<\/strong> 25 g - 310 m<\/p>\n<\/li>\n<li data-start=\"647\" data-end=\"690\">\n<p data-start=\"649\" data-end=\"690\"><strong data-start=\"649\" data-end=\"677\">Recommended needles:<\/strong> 3.0-3.5mm<\/p>\n<\/li>\n<li data-start=\"691\" data-end=\"741\">\n<p data-start=\"693\" data-end=\"741\"><strong data-start=\"693\" data-end=\"719\">Density: <\/strong>10 \u00d7 10 cm ~26 stitches \u00d7 40 rows<\/p>\n<\/li>\n<li data-start=\"742\" data-end=\"863\">\n<p data-start=\"744\" data-end=\"774\"><strong data-start=\"744\" data-end=\"772\">Approximate consumption:<\/strong><\/p>\n<ul data-start=\"777\" data-end=\"863\">\n<li data-start=\"777\" data-end=\"818\">\n<p data-start=\"779\" data-end=\"818\">for women&#039;s product (size M) ~100 g<\/p>\n<\/li>\n<li data-start=\"821\" data-end=\"863\">\n<p data-start=\"823\" data-end=\"863\">for children&#039;s product (up to 10 years) ~75 g<\/p>\n<\/li>\n<\/ul>\n<\/li>\n<li data-start=\"864\" data-end=\"954\">\n<p data-start=\"866\" data-end=\"882\"><strong data-start=\"866\" data-end=\"880\">Care:<\/strong><\/p>\n<ul data-start=\"885\" data-end=\"954\">\n<li data-start=\"885\" data-end=\"915\">\n<p data-start=\"887\" data-end=\"915\">Hand wash up to 30\u00b0C<\/p>\n<\/li>\n<li data-start=\"918\" data-end=\"954\">\n<p data-start=\"920\" data-end=\"954\">Dry flat horizontally<\/p>\n<\/li>\n<\/ul>\n<\/li>\n<\/ul>","protected":false},"excerpt":{"rendered":"<p>Tai itin ploni ir lengvi si\u016blai, sudaryti i\u0161 auk\u0161\u010diausios kokyb\u0117s Piet\u0173 Afrikos moherio ir prabangaus \u0161ilko. Gamintojas naudoja tik pluo\u0161t\u0105, kurio skersmuo ma\u017eesnis nei 25 mikronai, tod\u0117l si\u016blai yra ypatingai \u0161veln\u016bs, pur\u016bs ir lengvi. \u0160ilkas suteikia mezginiams eleganti\u0161ko \u017evilgesio, o moheris \u2013 subtilaus oringumo. Mezginiai tampa tarsi debes\u0117liai: lengvi, moteri\u0161ki ir itin patog\u016bs d\u0117v\u0117ti. Sud\u0117tis: [&hellip;]<\/p>\n","protected":false},"featured_media":2582,"comment_status":"open","ping_status":"closed","template":"","meta":{"_acf_changed":false},"product_brand":[70],"product_cat":[15,18],"product_tag":[],"pro-kategorijos":[74,77],"class_list":{"0":"post-2579","1":"product","2":"type-product","3":"status-publish","4":"has-post-thumbnail","6":"product_brand-lang-yarns","7":"product_cat-visi-produktai","8":"product_cat-siulai","9":"pro-kategorijos-moheras","10":"pro-kategorijos-silkas","12":"first","13":"instock","14":"shipping-taxable","15":"purchasable","16":"product-type-variable"},"acf":[],"yoast_head":"<!-- This site is optimized with the Yoast SEO plugin v26.8 - https:\/\/yoast.com\/product\/yoast-seo-wordpress\/ -->\n<title>Lang Yarns Lace - Happyinaknit.com<\/title>\n<meta name=\"robots\" content=\"index, follow, max-snippet:-1, max-image-preview:large, max-video-preview:-1\" \/>\n<link rel=\"canonical\" href=\"https:\/\/happyinaknit.com\/en\/product\/lang-yarns-lace\/\" \/>\n<meta property=\"og:locale\" content=\"en_US\" \/>\n<meta property=\"og:type\" content=\"article\" \/>\n<meta property=\"og:title\" content=\"Lang Yarns Lace - Happyinaknit.com\" \/>\n<meta property=\"og:description\" content=\"Tai itin ploni ir lengvi si\u016blai, sudaryti i\u0161 auk\u0161\u010diausios kokyb\u0117s Piet\u0173 Afrikos moherio ir prabangaus \u0161ilko. Gamintojas naudoja tik pluo\u0161t\u0105, kurio skersmuo ma\u017eesnis nei 25 mikronai, tod\u0117l si\u016blai yra ypatingai \u0161veln\u016bs, pur\u016bs ir lengvi. \u0160ilkas suteikia mezginiams eleganti\u0161ko \u017evilgesio, o moheris \u2013 subtilaus oringumo. Mezginiai tampa tarsi debes\u0117liai: lengvi, moteri\u0161ki ir itin patog\u016bs d\u0117v\u0117ti. Sud\u0117tis: [&hellip;]\" \/>\n<meta property=\"og:url\" content=\"https:\/\/happyinaknit.com\/en\/product\/lang-yarns-lace\/\" \/>\n<meta property=\"og:site_name\" content=\"Happyinaknit.com\" \/>\n<meta property=\"article:modified_time\" content=\"2026-03-28T09:42:06+00:00\" \/>\n<meta property=\"og:image\" content=\"https:\/\/happyinaknit.com\/wp-content\/uploads\/2025\/10\/992_0048_LANGYARNS_Lace_800_B.jpg\" \/>\n\t<meta property=\"og:image:width\" content=\"800\" \/>\n\t<meta property=\"og:image:height\" content=\"800\" \/>\n\t<meta property=\"og:image:type\" content=\"image\/jpeg\" \/>\n<meta name=\"twitter:card\" content=\"summary_large_image\" \/>\n<meta name=\"twitter:label1\" content=\"Est. reading time\" \/>\n\t<meta name=\"twitter:data1\" content=\"1 minute\" \/>\n<script type=\"application\/ld+json\" class=\"yoast-schema-graph\">{\"@context\":\"https:\/\/schema.org\",\"@graph\":[{\"@type\":\"WebPage\",\"@id\":\"https:\/\/happyinaknit.com\/produktas\/lang-yarns-lace\/\",\"url\":\"https:\/\/happyinaknit.com\/produktas\/lang-yarns-lace\/\",\"name\":\"Lang Yarns Lace - Happyinaknit.com\",\"isPartOf\":{\"@id\":\"https:\/\/happyinaknit.com\/lt\/#website\"},\"primaryImageOfPage\":{\"@id\":\"https:\/\/happyinaknit.com\/produktas\/lang-yarns-lace\/#primaryimage\"},\"image\":{\"@id\":\"https:\/\/happyinaknit.com\/produktas\/lang-yarns-lace\/#primaryimage\"},\"thumbnailUrl\":\"https:\/\/happyinaknit.com\/wp-content\/uploads\/2025\/10\/992_0048_LANGYARNS_Lace_800_B.jpg\",\"datePublished\":\"2025-10-02T22:26:36+00:00\",\"dateModified\":\"2026-03-28T09:42:06+00:00\",\"breadcrumb\":{\"@id\":\"https:\/\/happyinaknit.com\/produktas\/lang-yarns-lace\/#breadcrumb\"},\"inLanguage\":\"en-US\",\"potentialAction\":[{\"@type\":\"ReadAction\",\"target\":[\"https:\/\/happyinaknit.com\/produktas\/lang-yarns-lace\/\"]}]},{\"@type\":\"ImageObject\",\"inLanguage\":\"en-US\",\"@id\":\"https:\/\/happyinaknit.com\/produktas\/lang-yarns-lace\/#primaryimage\",\"url\":\"https:\/\/happyinaknit.com\/wp-content\/uploads\/2025\/10\/992_0048_LANGYARNS_Lace_800_B.jpg\",\"contentUrl\":\"https:\/\/happyinaknit.com\/wp-content\/uploads\/2025\/10\/992_0048_LANGYARNS_Lace_800_B.jpg\",\"width\":800,\"height\":800},{\"@type\":\"BreadcrumbList\",\"@id\":\"https:\/\/happyinaknit.com\/produktas\/lang-yarns-lace\/#breadcrumb\",\"itemListElement\":[{\"@type\":\"ListItem\",\"position\":1,\"name\":\"Home\",\"item\":\"https:\/\/happyinaknit.com\/lt\/\"},{\"@type\":\"ListItem\",\"position\":2,\"name\":\"Parduotuv\u0117\",\"item\":\"https:\/\/happyinaknit.com\/lt\/parduotuve\/\"},{\"@type\":\"ListItem\",\"position\":3,\"name\":\"Lang Yarns Lace\"}]},{\"@type\":\"WebSite\",\"@id\":\"https:\/\/happyinaknit.com\/lt\/#website\",\"url\":\"https:\/\/happyinaknit.com\/lt\/\",\"name\":\"Happyinaknit.com\",\"description\":\"\",\"potentialAction\":[{\"@type\":\"SearchAction\",\"target\":{\"@type\":\"EntryPoint\",\"urlTemplate\":\"https:\/\/happyinaknit.com\/lt\/?s={search_term_string}\"},\"query-input\":{\"@type\":\"PropertyValueSpecification\",\"valueRequired\":true,\"valueName\":\"search_term_string\"}}],\"inLanguage\":\"en-US\"}]}<\/script>\n<!-- \/ Yoast SEO plugin. -->","yoast_head_json":{"title":"Lang Yarns Lace - Happyinaknit.com","robots":{"index":"index","follow":"follow","max-snippet":"max-snippet:-1","max-image-preview":"max-image-preview:large","max-video-preview":"max-video-preview:-1"},"canonical":"https:\/\/happyinaknit.com\/en\/product\/lang-yarns-lace\/","og_locale":"en_US","og_type":"article","og_title":"Lang Yarns Lace - Happyinaknit.com","og_description":"Tai itin ploni ir lengvi si\u016blai, sudaryti i\u0161 auk\u0161\u010diausios kokyb\u0117s Piet\u0173 Afrikos moherio ir prabangaus \u0161ilko. Gamintojas naudoja tik pluo\u0161t\u0105, kurio skersmuo ma\u017eesnis nei 25 mikronai, tod\u0117l si\u016blai yra ypatingai \u0161veln\u016bs, pur\u016bs ir lengvi. \u0160ilkas suteikia mezginiams eleganti\u0161ko \u017evilgesio, o moheris \u2013 subtilaus oringumo. Mezginiai tampa tarsi debes\u0117liai: lengvi, moteri\u0161ki ir itin patog\u016bs d\u0117v\u0117ti. Sud\u0117tis: [&hellip;]","og_url":"https:\/\/happyinaknit.com\/en\/product\/lang-yarns-lace\/","og_site_name":"Happyinaknit.com","article_modified_time":"2026-03-28T09:42:06+00:00","og_image":[{"width":800,"height":800,"url":"https:\/\/happyinaknit.com\/wp-content\/uploads\/2025\/10\/992_0048_LANGYARNS_Lace_800_B.jpg","type":"image\/jpeg"}],"twitter_card":"summary_large_image","twitter_misc":{"Est. reading time":"1 minute"},"schema":{"@context":"https:\/\/schema.org","@graph":[{"@type":"WebPage","@id":"https:\/\/happyinaknit.com\/produktas\/lang-yarns-lace\/","url":"https:\/\/happyinaknit.com\/produktas\/lang-yarns-lace\/","name":"Lang Yarns Lace - Happyinaknit.com","isPartOf":{"@id":"https:\/\/happyinaknit.com\/lt\/#website"},"primaryImageOfPage":{"@id":"https:\/\/happyinaknit.com\/produktas\/lang-yarns-lace\/#primaryimage"},"image":{"@id":"https:\/\/happyinaknit.com\/produktas\/lang-yarns-lace\/#primaryimage"},"thumbnailUrl":"https:\/\/happyinaknit.com\/wp-content\/uploads\/2025\/10\/992_0048_LANGYARNS_Lace_800_B.jpg","datePublished":"2025-10-02T22:26:36+00:00","dateModified":"2026-03-28T09:42:06+00:00","breadcrumb":{"@id":"https:\/\/happyinaknit.com\/produktas\/lang-yarns-lace\/#breadcrumb"},"inLanguage":"en-US","potentialAction":[{"@type":"ReadAction","target":["https:\/\/happyinaknit.com\/produktas\/lang-yarns-lace\/"]}]},{"@type":"ImageObject","inLanguage":"en-US","@id":"https:\/\/happyinaknit.com\/produktas\/lang-yarns-lace\/#primaryimage","url":"https:\/\/happyinaknit.com\/wp-content\/uploads\/2025\/10\/992_0048_LANGYARNS_Lace_800_B.jpg","contentUrl":"https:\/\/happyinaknit.com\/wp-content\/uploads\/2025\/10\/992_0048_LANGYARNS_Lace_800_B.jpg","width":800,"height":800},{"@type":"BreadcrumbList","@id":"https:\/\/happyinaknit.com\/produktas\/lang-yarns-lace\/#breadcrumb","itemListElement":[{"@type":"ListItem","position":1,"name":"Home","item":"https:\/\/happyinaknit.com\/lt\/"},{"@type":"ListItem","position":2,"name":"Parduotuv\u0117","item":"https:\/\/happyinaknit.com\/lt\/parduotuve\/"},{"@type":"ListItem","position":3,"name":"Lang Yarns Lace"}]},{"@type":"WebSite","@id":"https:\/\/happyinaknit.com\/lt\/#website","url":"https:\/\/happyinaknit.com\/lt\/","name":"Happyinaknit.com","description":"","potentialAction":[{"@type":"SearchAction","target":{"@type":"EntryPoint","urlTemplate":"https:\/\/happyinaknit.com\/lt\/?s={search_term_string}"},"query-input":{"@type":"PropertyValueSpecification","valueRequired":true,"valueName":"search_term_string"}}],"inLanguage":"en-US"}]}},"_links":{"self":[{"href":"https:\/\/happyinaknit.com\/en\/wp-json\/wp\/v2\/product\/2579","targetHints":{"allow":["GET"]}}],"collection":[{"href":"https:\/\/happyinaknit.com\/en\/wp-json\/wp\/v2\/product"}],"about":[{"href":"https:\/\/happyinaknit.com\/en\/wp-json\/wp\/v2\/types\/product"}],"replies":[{"embeddable":true,"href":"https:\/\/happyinaknit.com\/en\/wp-json\/wp\/v2\/comments?post=2579"}],"wp:featuredmedia":[{"embeddable":true,"href":"https:\/\/happyinaknit.com\/en\/wp-json\/wp\/v2\/media\/2582"}],"wp:attachment":[{"href":"https:\/\/happyinaknit.com\/en\/wp-json\/wp\/v2\/media?parent=2579"}],"wp:term":[{"taxonomy":"product_brand","embeddable":true,"href":"https:\/\/happyinaknit.com\/en\/wp-json\/wp\/v2\/product_brand?post=2579"},{"taxonomy":"product_cat","embeddable":true,"href":"https:\/\/happyinaknit.com\/en\/wp-json\/wp\/v2\/product_cat?post=2579"},{"taxonomy":"product_tag","embeddable":true,"href":"https:\/\/happyinaknit.com\/en\/wp-json\/wp\/v2\/product_tag?post=2579"},{"taxonomy":"pro-kategorijos","embeddable":true,"href":"https:\/\/happyinaknit.com\/en\/wp-json\/wp\/v2\/pro-kategorijos?post=2579"}],"curies":[{"name":"wp","href":"https:\/\/api.w.org\/{rel}","templated":true}]}}