{"id":2574,"date":"2025-10-02T22:20:09","date_gmt":"2025-10-02T22:20:09","guid":{"rendered":"https:\/\/happyinaknit.com\/?post_type=product&#038;p=2574"},"modified":"2026-04-04T08:33:24","modified_gmt":"2026-04-04T08:33:24","slug":"lang-yarns-mohair-21","status":"publish","type":"product","link":"https:\/\/happyinaknit.com\/en\/product\/lang-yarns-mohair-21\/","title":{"rendered":"Lang Yarns Mohair 21"},"content":{"rendered":"<p data-start=\"98\" data-end=\"543\">Exceptional quality, ultra-thin mohair yarns that allow you to create delicate, light and almost weightless knitwear. The number \u201c21\u201d in the name refers to the thickness of the mohair fiber \u2013 just 21 microns, which is usually used only in haute couture products. Due to the addition of silk, the yarns acquire a special softness and elegant shine. The knitwear looks airy, soft, feminine and very comfortable to wear.<\/p>\n<ul data-start=\"545\" data-end=\"958\">\n<li data-start=\"545\" data-end=\"610\">\n<p data-start=\"547\" data-end=\"610\"><strong data-start=\"547\" data-end=\"559\">Composition:<\/strong> 58 % superkid mohair (21 microns), 42 % silk<\/p>\n<\/li>\n<li data-start=\"611\" data-end=\"650\">\n<p data-start=\"613\" data-end=\"650\"><strong data-start=\"613\" data-end=\"635\">Weight \/ length:<\/strong> 25 g - 375 m<\/p>\n<\/li>\n<li data-start=\"651\" data-end=\"694\">\n<p data-start=\"653\" data-end=\"694\"><strong data-start=\"653\" data-end=\"681\">Recommended needles:<\/strong> 2.5-3.0mm<\/p>\n<\/li>\n<li data-start=\"695\" data-end=\"745\">\n<p data-start=\"697\" data-end=\"745\"><strong data-start=\"697\" data-end=\"723\">Density: <\/strong>10 \u00d7 10 cm ~29 mesh \u00d7 43 rows<\/p>\n<\/li>\n<li data-start=\"746\" data-end=\"867\">\n<p data-start=\"748\" data-end=\"778\"><strong data-start=\"748\" data-end=\"776\">Approximate consumption:<\/strong><\/p>\n<ul data-start=\"781\" data-end=\"867\">\n<li data-start=\"781\" data-end=\"822\">\n<p data-start=\"783\" data-end=\"822\">for women&#039;s product (size M) ~100 g<\/p>\n<\/li>\n<li data-start=\"825\" data-end=\"867\">\n<p data-start=\"827\" data-end=\"867\">for children&#039;s product (up to 10 years) ~75 g<\/p>\n<\/li>\n<\/ul>\n<\/li>\n<li data-start=\"868\" data-end=\"958\">\n<p data-start=\"870\" data-end=\"886\"><strong data-start=\"870\" data-end=\"884\">Care:<\/strong><\/p>\n<ul data-start=\"889\" data-end=\"958\">\n<li data-start=\"889\" data-end=\"919\">\n<p data-start=\"891\" data-end=\"919\">Hand wash up to 30\u00b0C<\/p>\n<\/li>\n<li data-start=\"922\" data-end=\"958\">\n<p data-start=\"924\" data-end=\"958\">Dry flat horizontally<\/p>\n<\/li>\n<\/ul>\n<\/li>\n<\/ul>","protected":false},"excerpt":{"rendered":"<p>I\u0161skirtin\u0117s kokyb\u0117s itin ploni moherio si\u016blai, kurie leid\u017eia kurti subtilius, lengvus ir beveik nesvarius mezginius. Skai\u010dius \u201e21\u201c pavadinime rei\u0161kia moherio pluo\u0161to stor\u012f \u2013 vos 21 mikronas, kuris paprastai naudojamas tik auk\u0161tosios mados (\u201ehaute couture\u201c) gaminiuose. D\u0117l \u0161ilko priemai\u0161os si\u016blai \u012fgauna ypatingo \u0161velnumo ir eleganti\u0161ko \u017evilgesio. Mezginiai atrodo oringi, mink\u0161ti, moteri\u0161ki ir labai patog\u016bs d\u0117v\u0117ti. Sud\u0117tis: [&hellip;]<\/p>\n","protected":false},"featured_media":2575,"comment_status":"open","ping_status":"closed","template":"","meta":{"_acf_changed":false},"product_brand":[70],"product_cat":[15,18],"product_tag":[],"pro-kategorijos":[74,77],"class_list":{"0":"post-2574","1":"product","2":"type-product","3":"status-publish","4":"has-post-thumbnail","6":"product_brand-lang-yarns","7":"product_cat-visi-produktai","8":"product_cat-siulai","9":"pro-kategorijos-moheras","10":"pro-kategorijos-silkas","12":"first","13":"instock","14":"shipping-taxable","15":"purchasable","16":"product-type-variable"},"acf":[],"yoast_head":"<!-- This site is optimized with the Yoast SEO plugin v26.8 - https:\/\/yoast.com\/product\/yoast-seo-wordpress\/ -->\n<title>Lang Yarns  Mohair 21 - Happyinaknit.com<\/title>\n<meta name=\"robots\" content=\"index, follow, max-snippet:-1, max-image-preview:large, max-video-preview:-1\" \/>\n<link rel=\"canonical\" href=\"https:\/\/happyinaknit.com\/en\/product\/lang-yarns-mohair-21\/\" \/>\n<meta property=\"og:locale\" content=\"en_US\" \/>\n<meta property=\"og:type\" content=\"article\" \/>\n<meta property=\"og:title\" content=\"Lang Yarns  Mohair 21 - Happyinaknit.com\" \/>\n<meta property=\"og:description\" content=\"I\u0161skirtin\u0117s kokyb\u0117s itin ploni moherio si\u016blai, kurie leid\u017eia kurti subtilius, lengvus ir beveik nesvarius mezginius. Skai\u010dius \u201e21\u201c pavadinime rei\u0161kia moherio pluo\u0161to stor\u012f \u2013 vos 21 mikronas, kuris paprastai naudojamas tik auk\u0161tosios mados (\u201ehaute couture\u201c) gaminiuose. D\u0117l \u0161ilko priemai\u0161os si\u016blai \u012fgauna ypatingo \u0161velnumo ir eleganti\u0161ko \u017evilgesio. Mezginiai atrodo oringi, mink\u0161ti, moteri\u0161ki ir labai patog\u016bs d\u0117v\u0117ti. Sud\u0117tis: [&hellip;]\" \/>\n<meta property=\"og:url\" content=\"https:\/\/happyinaknit.com\/en\/product\/lang-yarns-mohair-21\/\" \/>\n<meta property=\"og:site_name\" content=\"Happyinaknit.com\" \/>\n<meta property=\"article:modified_time\" content=\"2026-04-04T08:33:24+00:00\" \/>\n<meta property=\"og:image\" content=\"https:\/\/happyinaknit.com\/wp-content\/uploads\/2025\/10\/1120_0013_LANGYARNS_Mohair21_800_B.jpg\" \/>\n\t<meta property=\"og:image:width\" content=\"800\" \/>\n\t<meta property=\"og:image:height\" content=\"800\" \/>\n\t<meta property=\"og:image:type\" content=\"image\/jpeg\" \/>\n<meta name=\"twitter:card\" content=\"summary_large_image\" \/>\n<meta name=\"twitter:label1\" content=\"Est. reading time\" \/>\n\t<meta name=\"twitter:data1\" content=\"1 minute\" \/>\n<script type=\"application\/ld+json\" class=\"yoast-schema-graph\">{\"@context\":\"https:\/\/schema.org\",\"@graph\":[{\"@type\":\"WebPage\",\"@id\":\"https:\/\/happyinaknit.com\/produktas\/lang-yarns-mohair-21\/\",\"url\":\"https:\/\/happyinaknit.com\/produktas\/lang-yarns-mohair-21\/\",\"name\":\"Lang Yarns Mohair 21 - Happyinaknit.com\",\"isPartOf\":{\"@id\":\"https:\/\/happyinaknit.com\/lt\/#website\"},\"primaryImageOfPage\":{\"@id\":\"https:\/\/happyinaknit.com\/produktas\/lang-yarns-mohair-21\/#primaryimage\"},\"image\":{\"@id\":\"https:\/\/happyinaknit.com\/produktas\/lang-yarns-mohair-21\/#primaryimage\"},\"thumbnailUrl\":\"https:\/\/happyinaknit.com\/wp-content\/uploads\/2025\/10\/1120_0013_LANGYARNS_Mohair21_800_B.jpg\",\"datePublished\":\"2025-10-02T22:20:09+00:00\",\"dateModified\":\"2026-04-04T08:33:24+00:00\",\"breadcrumb\":{\"@id\":\"https:\/\/happyinaknit.com\/produktas\/lang-yarns-mohair-21\/#breadcrumb\"},\"inLanguage\":\"en-US\",\"potentialAction\":[{\"@type\":\"ReadAction\",\"target\":[\"https:\/\/happyinaknit.com\/produktas\/lang-yarns-mohair-21\/\"]}]},{\"@type\":\"ImageObject\",\"inLanguage\":\"en-US\",\"@id\":\"https:\/\/happyinaknit.com\/produktas\/lang-yarns-mohair-21\/#primaryimage\",\"url\":\"https:\/\/happyinaknit.com\/wp-content\/uploads\/2025\/10\/1120_0013_LANGYARNS_Mohair21_800_B.jpg\",\"contentUrl\":\"https:\/\/happyinaknit.com\/wp-content\/uploads\/2025\/10\/1120_0013_LANGYARNS_Mohair21_800_B.jpg\",\"width\":800,\"height\":800},{\"@type\":\"BreadcrumbList\",\"@id\":\"https:\/\/happyinaknit.com\/produktas\/lang-yarns-mohair-21\/#breadcrumb\",\"itemListElement\":[{\"@type\":\"ListItem\",\"position\":1,\"name\":\"Home\",\"item\":\"https:\/\/happyinaknit.com\/lt\/\"},{\"@type\":\"ListItem\",\"position\":2,\"name\":\"Parduotuv\u0117\",\"item\":\"https:\/\/happyinaknit.com\/lt\/parduotuve\/\"},{\"@type\":\"ListItem\",\"position\":3,\"name\":\"Lang Yarns Mohair 21\"}]},{\"@type\":\"WebSite\",\"@id\":\"https:\/\/happyinaknit.com\/lt\/#website\",\"url\":\"https:\/\/happyinaknit.com\/lt\/\",\"name\":\"Happyinaknit.com\",\"description\":\"\",\"potentialAction\":[{\"@type\":\"SearchAction\",\"target\":{\"@type\":\"EntryPoint\",\"urlTemplate\":\"https:\/\/happyinaknit.com\/lt\/?s={search_term_string}\"},\"query-input\":{\"@type\":\"PropertyValueSpecification\",\"valueRequired\":true,\"valueName\":\"search_term_string\"}}],\"inLanguage\":\"en-US\"}]}<\/script>\n<!-- \/ Yoast SEO plugin. -->","yoast_head_json":{"title":"Lang Yarns  Mohair 21 - Happyinaknit.com","robots":{"index":"index","follow":"follow","max-snippet":"max-snippet:-1","max-image-preview":"max-image-preview:large","max-video-preview":"max-video-preview:-1"},"canonical":"https:\/\/happyinaknit.com\/en\/product\/lang-yarns-mohair-21\/","og_locale":"en_US","og_type":"article","og_title":"Lang Yarns  Mohair 21 - Happyinaknit.com","og_description":"I\u0161skirtin\u0117s kokyb\u0117s itin ploni moherio si\u016blai, kurie leid\u017eia kurti subtilius, lengvus ir beveik nesvarius mezginius. Skai\u010dius \u201e21\u201c pavadinime rei\u0161kia moherio pluo\u0161to stor\u012f \u2013 vos 21 mikronas, kuris paprastai naudojamas tik auk\u0161tosios mados (\u201ehaute couture\u201c) gaminiuose. D\u0117l \u0161ilko priemai\u0161os si\u016blai \u012fgauna ypatingo \u0161velnumo ir eleganti\u0161ko \u017evilgesio. Mezginiai atrodo oringi, mink\u0161ti, moteri\u0161ki ir labai patog\u016bs d\u0117v\u0117ti. Sud\u0117tis: [&hellip;]","og_url":"https:\/\/happyinaknit.com\/en\/product\/lang-yarns-mohair-21\/","og_site_name":"Happyinaknit.com","article_modified_time":"2026-04-04T08:33:24+00:00","og_image":[{"width":800,"height":800,"url":"https:\/\/happyinaknit.com\/wp-content\/uploads\/2025\/10\/1120_0013_LANGYARNS_Mohair21_800_B.jpg","type":"image\/jpeg"}],"twitter_card":"summary_large_image","twitter_misc":{"Est. reading time":"1 minute"},"schema":{"@context":"https:\/\/schema.org","@graph":[{"@type":"WebPage","@id":"https:\/\/happyinaknit.com\/produktas\/lang-yarns-mohair-21\/","url":"https:\/\/happyinaknit.com\/produktas\/lang-yarns-mohair-21\/","name":"Lang Yarns Mohair 21 - Happyinaknit.com","isPartOf":{"@id":"https:\/\/happyinaknit.com\/lt\/#website"},"primaryImageOfPage":{"@id":"https:\/\/happyinaknit.com\/produktas\/lang-yarns-mohair-21\/#primaryimage"},"image":{"@id":"https:\/\/happyinaknit.com\/produktas\/lang-yarns-mohair-21\/#primaryimage"},"thumbnailUrl":"https:\/\/happyinaknit.com\/wp-content\/uploads\/2025\/10\/1120_0013_LANGYARNS_Mohair21_800_B.jpg","datePublished":"2025-10-02T22:20:09+00:00","dateModified":"2026-04-04T08:33:24+00:00","breadcrumb":{"@id":"https:\/\/happyinaknit.com\/produktas\/lang-yarns-mohair-21\/#breadcrumb"},"inLanguage":"en-US","potentialAction":[{"@type":"ReadAction","target":["https:\/\/happyinaknit.com\/produktas\/lang-yarns-mohair-21\/"]}]},{"@type":"ImageObject","inLanguage":"en-US","@id":"https:\/\/happyinaknit.com\/produktas\/lang-yarns-mohair-21\/#primaryimage","url":"https:\/\/happyinaknit.com\/wp-content\/uploads\/2025\/10\/1120_0013_LANGYARNS_Mohair21_800_B.jpg","contentUrl":"https:\/\/happyinaknit.com\/wp-content\/uploads\/2025\/10\/1120_0013_LANGYARNS_Mohair21_800_B.jpg","width":800,"height":800},{"@type":"BreadcrumbList","@id":"https:\/\/happyinaknit.com\/produktas\/lang-yarns-mohair-21\/#breadcrumb","itemListElement":[{"@type":"ListItem","position":1,"name":"Home","item":"https:\/\/happyinaknit.com\/lt\/"},{"@type":"ListItem","position":2,"name":"Parduotuv\u0117","item":"https:\/\/happyinaknit.com\/lt\/parduotuve\/"},{"@type":"ListItem","position":3,"name":"Lang Yarns Mohair 21"}]},{"@type":"WebSite","@id":"https:\/\/happyinaknit.com\/lt\/#website","url":"https:\/\/happyinaknit.com\/lt\/","name":"Happyinaknit.com","description":"","potentialAction":[{"@type":"SearchAction","target":{"@type":"EntryPoint","urlTemplate":"https:\/\/happyinaknit.com\/lt\/?s={search_term_string}"},"query-input":{"@type":"PropertyValueSpecification","valueRequired":true,"valueName":"search_term_string"}}],"inLanguage":"en-US"}]}},"_links":{"self":[{"href":"https:\/\/happyinaknit.com\/en\/wp-json\/wp\/v2\/product\/2574","targetHints":{"allow":["GET"]}}],"collection":[{"href":"https:\/\/happyinaknit.com\/en\/wp-json\/wp\/v2\/product"}],"about":[{"href":"https:\/\/happyinaknit.com\/en\/wp-json\/wp\/v2\/types\/product"}],"replies":[{"embeddable":true,"href":"https:\/\/happyinaknit.com\/en\/wp-json\/wp\/v2\/comments?post=2574"}],"wp:featuredmedia":[{"embeddable":true,"href":"https:\/\/happyinaknit.com\/en\/wp-json\/wp\/v2\/media\/2575"}],"wp:attachment":[{"href":"https:\/\/happyinaknit.com\/en\/wp-json\/wp\/v2\/media?parent=2574"}],"wp:term":[{"taxonomy":"product_brand","embeddable":true,"href":"https:\/\/happyinaknit.com\/en\/wp-json\/wp\/v2\/product_brand?post=2574"},{"taxonomy":"product_cat","embeddable":true,"href":"https:\/\/happyinaknit.com\/en\/wp-json\/wp\/v2\/product_cat?post=2574"},{"taxonomy":"product_tag","embeddable":true,"href":"https:\/\/happyinaknit.com\/en\/wp-json\/wp\/v2\/product_tag?post=2574"},{"taxonomy":"pro-kategorijos","embeddable":true,"href":"https:\/\/happyinaknit.com\/en\/wp-json\/wp\/v2\/pro-kategorijos?post=2574"}],"curies":[{"name":"wp","href":"https:\/\/api.w.org\/{rel}","templated":true}]}}