{"id":2508,"date":"2025-10-02T21:22:42","date_gmt":"2025-10-02T21:22:42","guid":{"rendered":"https:\/\/happyinaknit.com\/?post_type=product&#038;p=2508"},"modified":"2026-03-28T15:30:56","modified_gmt":"2026-03-28T15:30:56","slug":"lang-yarns-crealino","status":"publish","type":"product","link":"https:\/\/happyinaknit.com\/en\/product\/lang-yarns-crealino\/","title":{"rendered":"Lang Yarns Crealino"},"content":{"rendered":"<p data-start=\"71\" data-end=\"424\">100 % linen yarns, characterized by natural strength, lightness and special softness. Due to their long length (165 m from 50 g), they allow you to create a variety of summer clothes or accessories. Knits look elegant, breathe well and become softer with wear and washing. These are yarns that reveal the full beauty of linen.<\/p>\n<ul data-start=\"426\" data-end=\"801\">\n<li data-start=\"426\" data-end=\"454\">\n<p data-start=\"428\" data-end=\"454\"><strong data-start=\"428\" data-end=\"440\">Composition:<\/strong> 100 % linen<\/p>\n<\/li>\n<li data-start=\"455\" data-end=\"494\">\n<p data-start=\"457\" data-end=\"494\"><strong data-start=\"457\" data-end=\"479\">Weight \/ length:<\/strong> 50 g - 165 m<\/p>\n<\/li>\n<li data-start=\"495\" data-end=\"538\">\n<p data-start=\"497\" data-end=\"538\"><strong data-start=\"497\" data-end=\"525\">Recommended needles:<\/strong> 3.0-4.0mm<\/p>\n<\/li>\n<li data-start=\"539\" data-end=\"589\">\n<p data-start=\"541\" data-end=\"589\"><strong data-start=\"541\" data-end=\"567\">Density (10 \u00d7 10 cm):<\/strong> ~21 stitches \u00d7 32 rows<\/p>\n<\/li>\n<li data-start=\"590\" data-end=\"659\">\n<p data-start=\"592\" data-end=\"659\"><strong data-start=\"592\" data-end=\"620\">Approximate consumption:<\/strong> for a sweater (size M) ~6 balls<\/p>\n<\/li>\n<li data-start=\"660\" data-end=\"801\">\n<p data-start=\"662\" data-end=\"678\"><strong data-start=\"662\" data-end=\"676\">Care:<\/strong><\/p>\n<ul data-start=\"681\" data-end=\"801\">\n<li data-start=\"681\" data-end=\"762\">\n<p data-start=\"683\" data-end=\"762\">Hand wash up to 30\u00b0C (use mild detergent with fabric softener)<\/p>\n<\/li>\n<li data-start=\"765\" data-end=\"801\">\n<p data-start=\"767\" data-end=\"801\">Dry flat horizontally<\/p>\n<\/li>\n<\/ul>\n<\/li>\n<\/ul>","protected":false},"excerpt":{"rendered":"<p>100 % lino si\u016blai, pasi\u017eymintys nat\u016braliu tvirtumu, lengvumu ir ypatingu \u0161velnumu. D\u0117l ilgo metra\u017eo (165 m i\u0161 50 g) jie leid\u017eia sukurti \u012fvairiausius vasarinius drabu\u017eius ar aksesuarus. Mezginiai atrodo eleganti\u0161kai, puikiai kv\u0117puoja ir tampa vis mink\u0161tesni d\u0117vint bei skalbiant. Tai si\u016blai, kurie atskleid\u017eia vis\u0105 lino gro\u017e\u012f. Sud\u0117tis: 100 % linas Svoris \/ metra\u017eas: 50 g [&hellip;]<\/p>\n","protected":false},"featured_media":2517,"comment_status":"open","ping_status":"closed","template":"","meta":{"_acf_changed":false},"product_brand":[70],"product_cat":[15,18],"product_tag":[33],"pro-kategorijos":[80],"class_list":{"0":"post-2508","1":"product","2":"type-product","3":"status-publish","4":"has-post-thumbnail","6":"product_brand-lang-yarns","7":"product_cat-visi-produktai","8":"product_cat-siulai","9":"product_tag-ispardavimas","10":"pro-kategorijos-linas","12":"first","13":"instock","14":"sale","15":"shipping-taxable","16":"purchasable","17":"product-type-variable"},"acf":[],"yoast_head":"<!-- This site is optimized with the Yoast SEO plugin v26.8 - https:\/\/yoast.com\/product\/yoast-seo-wordpress\/ -->\n<title>Lang Yarns Crealino - Happyinaknit.com<\/title>\n<meta name=\"robots\" content=\"index, follow, max-snippet:-1, max-image-preview:large, max-video-preview:-1\" \/>\n<link rel=\"canonical\" href=\"https:\/\/happyinaknit.com\/en\/product\/lang-yarns-crealino\/\" \/>\n<meta property=\"og:locale\" content=\"en_US\" \/>\n<meta property=\"og:type\" content=\"article\" \/>\n<meta property=\"og:title\" content=\"Lang Yarns Crealino - Happyinaknit.com\" \/>\n<meta property=\"og:description\" content=\"100 % lino si\u016blai, pasi\u017eymintys nat\u016braliu tvirtumu, lengvumu ir ypatingu \u0161velnumu. D\u0117l ilgo metra\u017eo (165 m i\u0161 50 g) jie leid\u017eia sukurti \u012fvairiausius vasarinius drabu\u017eius ar aksesuarus. Mezginiai atrodo eleganti\u0161kai, puikiai kv\u0117puoja ir tampa vis mink\u0161tesni d\u0117vint bei skalbiant. Tai si\u016blai, kurie atskleid\u017eia vis\u0105 lino gro\u017e\u012f. Sud\u0117tis: 100 % linas Svoris \/ metra\u017eas: 50 g [&hellip;]\" \/>\n<meta property=\"og:url\" content=\"https:\/\/happyinaknit.com\/en\/product\/lang-yarns-crealino\/\" \/>\n<meta property=\"og:site_name\" content=\"Happyinaknit.com\" \/>\n<meta property=\"article:modified_time\" content=\"2026-03-28T15:30:56+00:00\" \/>\n<meta property=\"og:image\" content=\"https:\/\/happyinaknit.com\/wp-content\/uploads\/2025\/10\/1089_0019_LANGYARNS_Crealino_800_B.jpg\" \/>\n\t<meta property=\"og:image:width\" content=\"800\" \/>\n\t<meta property=\"og:image:height\" content=\"800\" \/>\n\t<meta property=\"og:image:type\" content=\"image\/jpeg\" \/>\n<meta name=\"twitter:card\" content=\"summary_large_image\" \/>\n<script type=\"application\/ld+json\" class=\"yoast-schema-graph\">{\"@context\":\"https:\/\/schema.org\",\"@graph\":[{\"@type\":\"WebPage\",\"@id\":\"https:\/\/happyinaknit.com\/produktas\/lang-yarns-crealino\/\",\"url\":\"https:\/\/happyinaknit.com\/produktas\/lang-yarns-crealino\/\",\"name\":\"Lang Yarns Crealino - Happyinaknit.com\",\"isPartOf\":{\"@id\":\"https:\/\/happyinaknit.com\/lt\/#website\"},\"primaryImageOfPage\":{\"@id\":\"https:\/\/happyinaknit.com\/produktas\/lang-yarns-crealino\/#primaryimage\"},\"image\":{\"@id\":\"https:\/\/happyinaknit.com\/produktas\/lang-yarns-crealino\/#primaryimage\"},\"thumbnailUrl\":\"https:\/\/happyinaknit.com\/wp-content\/uploads\/2025\/10\/1089_0019_LANGYARNS_Crealino_800_B.jpg\",\"datePublished\":\"2025-10-02T21:22:42+00:00\",\"dateModified\":\"2026-03-28T15:30:56+00:00\",\"breadcrumb\":{\"@id\":\"https:\/\/happyinaknit.com\/produktas\/lang-yarns-crealino\/#breadcrumb\"},\"inLanguage\":\"en-US\",\"potentialAction\":[{\"@type\":\"ReadAction\",\"target\":[\"https:\/\/happyinaknit.com\/produktas\/lang-yarns-crealino\/\"]}]},{\"@type\":\"ImageObject\",\"inLanguage\":\"en-US\",\"@id\":\"https:\/\/happyinaknit.com\/produktas\/lang-yarns-crealino\/#primaryimage\",\"url\":\"https:\/\/happyinaknit.com\/wp-content\/uploads\/2025\/10\/1089_0019_LANGYARNS_Crealino_800_B.jpg\",\"contentUrl\":\"https:\/\/happyinaknit.com\/wp-content\/uploads\/2025\/10\/1089_0019_LANGYARNS_Crealino_800_B.jpg\",\"width\":800,\"height\":800},{\"@type\":\"BreadcrumbList\",\"@id\":\"https:\/\/happyinaknit.com\/produktas\/lang-yarns-crealino\/#breadcrumb\",\"itemListElement\":[{\"@type\":\"ListItem\",\"position\":1,\"name\":\"Home\",\"item\":\"https:\/\/happyinaknit.com\/lt\/\"},{\"@type\":\"ListItem\",\"position\":2,\"name\":\"Parduotuv\u0117\",\"item\":\"https:\/\/happyinaknit.com\/lt\/parduotuve\/\"},{\"@type\":\"ListItem\",\"position\":3,\"name\":\"Lang Yarns Crealino\"}]},{\"@type\":\"WebSite\",\"@id\":\"https:\/\/happyinaknit.com\/lt\/#website\",\"url\":\"https:\/\/happyinaknit.com\/lt\/\",\"name\":\"Happyinaknit.com\",\"description\":\"\",\"potentialAction\":[{\"@type\":\"SearchAction\",\"target\":{\"@type\":\"EntryPoint\",\"urlTemplate\":\"https:\/\/happyinaknit.com\/lt\/?s={search_term_string}\"},\"query-input\":{\"@type\":\"PropertyValueSpecification\",\"valueRequired\":true,\"valueName\":\"search_term_string\"}}],\"inLanguage\":\"en-US\"}]}<\/script>\n<!-- \/ Yoast SEO plugin. -->","yoast_head_json":{"title":"Lang Yarns Crealino - Happyinaknit.com","robots":{"index":"index","follow":"follow","max-snippet":"max-snippet:-1","max-image-preview":"max-image-preview:large","max-video-preview":"max-video-preview:-1"},"canonical":"https:\/\/happyinaknit.com\/en\/product\/lang-yarns-crealino\/","og_locale":"en_US","og_type":"article","og_title":"Lang Yarns Crealino - Happyinaknit.com","og_description":"100 % lino si\u016blai, pasi\u017eymintys nat\u016braliu tvirtumu, lengvumu ir ypatingu \u0161velnumu. D\u0117l ilgo metra\u017eo (165 m i\u0161 50 g) jie leid\u017eia sukurti \u012fvairiausius vasarinius drabu\u017eius ar aksesuarus. Mezginiai atrodo eleganti\u0161kai, puikiai kv\u0117puoja ir tampa vis mink\u0161tesni d\u0117vint bei skalbiant. Tai si\u016blai, kurie atskleid\u017eia vis\u0105 lino gro\u017e\u012f. Sud\u0117tis: 100 % linas Svoris \/ metra\u017eas: 50 g [&hellip;]","og_url":"https:\/\/happyinaknit.com\/en\/product\/lang-yarns-crealino\/","og_site_name":"Happyinaknit.com","article_modified_time":"2026-03-28T15:30:56+00:00","og_image":[{"width":800,"height":800,"url":"https:\/\/happyinaknit.com\/wp-content\/uploads\/2025\/10\/1089_0019_LANGYARNS_Crealino_800_B.jpg","type":"image\/jpeg"}],"twitter_card":"summary_large_image","schema":{"@context":"https:\/\/schema.org","@graph":[{"@type":"WebPage","@id":"https:\/\/happyinaknit.com\/produktas\/lang-yarns-crealino\/","url":"https:\/\/happyinaknit.com\/produktas\/lang-yarns-crealino\/","name":"Lang Yarns Crealino - Happyinaknit.com","isPartOf":{"@id":"https:\/\/happyinaknit.com\/lt\/#website"},"primaryImageOfPage":{"@id":"https:\/\/happyinaknit.com\/produktas\/lang-yarns-crealino\/#primaryimage"},"image":{"@id":"https:\/\/happyinaknit.com\/produktas\/lang-yarns-crealino\/#primaryimage"},"thumbnailUrl":"https:\/\/happyinaknit.com\/wp-content\/uploads\/2025\/10\/1089_0019_LANGYARNS_Crealino_800_B.jpg","datePublished":"2025-10-02T21:22:42+00:00","dateModified":"2026-03-28T15:30:56+00:00","breadcrumb":{"@id":"https:\/\/happyinaknit.com\/produktas\/lang-yarns-crealino\/#breadcrumb"},"inLanguage":"en-US","potentialAction":[{"@type":"ReadAction","target":["https:\/\/happyinaknit.com\/produktas\/lang-yarns-crealino\/"]}]},{"@type":"ImageObject","inLanguage":"en-US","@id":"https:\/\/happyinaknit.com\/produktas\/lang-yarns-crealino\/#primaryimage","url":"https:\/\/happyinaknit.com\/wp-content\/uploads\/2025\/10\/1089_0019_LANGYARNS_Crealino_800_B.jpg","contentUrl":"https:\/\/happyinaknit.com\/wp-content\/uploads\/2025\/10\/1089_0019_LANGYARNS_Crealino_800_B.jpg","width":800,"height":800},{"@type":"BreadcrumbList","@id":"https:\/\/happyinaknit.com\/produktas\/lang-yarns-crealino\/#breadcrumb","itemListElement":[{"@type":"ListItem","position":1,"name":"Home","item":"https:\/\/happyinaknit.com\/lt\/"},{"@type":"ListItem","position":2,"name":"Parduotuv\u0117","item":"https:\/\/happyinaknit.com\/lt\/parduotuve\/"},{"@type":"ListItem","position":3,"name":"Lang Yarns Crealino"}]},{"@type":"WebSite","@id":"https:\/\/happyinaknit.com\/lt\/#website","url":"https:\/\/happyinaknit.com\/lt\/","name":"Happyinaknit.com","description":"","potentialAction":[{"@type":"SearchAction","target":{"@type":"EntryPoint","urlTemplate":"https:\/\/happyinaknit.com\/lt\/?s={search_term_string}"},"query-input":{"@type":"PropertyValueSpecification","valueRequired":true,"valueName":"search_term_string"}}],"inLanguage":"en-US"}]}},"_links":{"self":[{"href":"https:\/\/happyinaknit.com\/en\/wp-json\/wp\/v2\/product\/2508","targetHints":{"allow":["GET"]}}],"collection":[{"href":"https:\/\/happyinaknit.com\/en\/wp-json\/wp\/v2\/product"}],"about":[{"href":"https:\/\/happyinaknit.com\/en\/wp-json\/wp\/v2\/types\/product"}],"replies":[{"embeddable":true,"href":"https:\/\/happyinaknit.com\/en\/wp-json\/wp\/v2\/comments?post=2508"}],"wp:featuredmedia":[{"embeddable":true,"href":"https:\/\/happyinaknit.com\/en\/wp-json\/wp\/v2\/media\/2517"}],"wp:attachment":[{"href":"https:\/\/happyinaknit.com\/en\/wp-json\/wp\/v2\/media?parent=2508"}],"wp:term":[{"taxonomy":"product_brand","embeddable":true,"href":"https:\/\/happyinaknit.com\/en\/wp-json\/wp\/v2\/product_brand?post=2508"},{"taxonomy":"product_cat","embeddable":true,"href":"https:\/\/happyinaknit.com\/en\/wp-json\/wp\/v2\/product_cat?post=2508"},{"taxonomy":"product_tag","embeddable":true,"href":"https:\/\/happyinaknit.com\/en\/wp-json\/wp\/v2\/product_tag?post=2508"},{"taxonomy":"pro-kategorijos","embeddable":true,"href":"https:\/\/happyinaknit.com\/en\/wp-json\/wp\/v2\/pro-kategorijos?post=2508"}],"curies":[{"name":"wp","href":"https:\/\/api.w.org\/{rel}","templated":true}]}}