{"id":2449,"date":"2025-10-02T20:07:09","date_gmt":"2025-10-02T20:07:09","guid":{"rendered":"https:\/\/happyinaknit.com\/?post_type=product&#038;p=2449"},"modified":"2026-03-27T16:08:12","modified_gmt":"2026-03-27T16:08:12","slug":"lang-yarns-regina","status":"publish","type":"product","link":"https:\/\/happyinaknit.com\/en\/product\/lang-yarns-regina\/","title":{"rendered":"Lang Yarns Regina"},"content":{"rendered":"<p data-start=\"86\" data-end=\"556\">Yarns with a beautiful silky sheen and extraordinary softness, combining the best properties of different fibers. Silk gives luxury and elegance, baby alpaca wool - warmth and fluffiness, cotton - breathable lightness, and wool - extra comfort. Knits made from these yarns are airy, soft and breathable, but warm enough for cooler spring days. The colors are bright, and the wide palette makes it easy to find your favorite shade.<\/p>\n<ul data-start=\"558\" data-end=\"1010\">\n<li data-start=\"558\" data-end=\"630\">\n<p data-start=\"560\" data-end=\"630\"><strong data-start=\"560\" data-end=\"572\">Composition:<\/strong> 50 % cotton, 24 % baby alpaca, 20 % silk, 6 % wool<\/p>\n<\/li>\n<li data-start=\"658\" data-end=\"697\">\n<p data-start=\"660\" data-end=\"697\"><strong data-start=\"660\" data-end=\"682\">Weight \/ length:<\/strong> 50 g - 175 m<\/p>\n<\/li>\n<li data-start=\"698\" data-end=\"741\">\n<p data-start=\"700\" data-end=\"741\"><strong data-start=\"700\" data-end=\"728\">Recommended needles:<\/strong> 3.5-4.0mm<\/p>\n<\/li>\n<li data-start=\"742\" data-end=\"792\">\n<p data-start=\"744\" data-end=\"792\"><strong data-start=\"744\" data-end=\"770\">Density (10 \u00d7 10 cm):<\/strong> ~24 stitches \u00d7 32 rows<\/p>\n<\/li>\n<li data-start=\"793\" data-end=\"919\">\n<p data-start=\"795\" data-end=\"825\"><strong data-start=\"795\" data-end=\"823\">Approximate consumption:<\/strong><\/p>\n<ul data-start=\"828\" data-end=\"919\">\n<li data-start=\"828\" data-end=\"873\">\n<p data-start=\"830\" data-end=\"873\">for women&#039;s product (size 44\u201346) ~350 g<\/p>\n<\/li>\n<li data-start=\"876\" data-end=\"919\">\n<p data-start=\"878\" data-end=\"919\">for children&#039;s product (up to 10 years) ~250 g<\/p>\n<\/li>\n<\/ul>\n<\/li>\n<li data-start=\"920\" data-end=\"1010\">\n<p data-start=\"922\" data-end=\"938\"><strong data-start=\"922\" data-end=\"936\">Care:<\/strong><\/p>\n<ul data-start=\"941\" data-end=\"1010\">\n<li data-start=\"941\" data-end=\"971\">\n<p data-start=\"943\" data-end=\"971\">Hand wash up to 30\u00b0C<\/p>\n<\/li>\n<li data-start=\"974\" data-end=\"1010\">\n<p data-start=\"976\" data-end=\"1010\">Dry flat horizontally<\/p>\n<\/li>\n<\/ul>\n<\/li>\n<\/ul>","protected":false},"excerpt":{"rendered":"<p>Si\u016blai su gra\u017eiu \u0161ilku\u010diu \u017evilgesiu ir ypatingu \u0161velnumu, sujungiantys geriausias skirting\u0173 pluo\u0161t\u0173 savybes. \u0160ilkas suteikia prabangos ir elegancijos, baby alpakos vilna \u2013 \u0161ilumos ir purumo, medviln\u0117 \u2013 kv\u0117puojan\u010dio lengvumo, o vilna \u2013 papildomo jaukumo. Mezginiai i\u0161 \u0161i\u0173 si\u016bl\u0173 yra or\u016bs, \u0161veln\u016bs ir kv\u0117puojantys, ta\u010diau pakankamai \u0161ilti v\u0117sesn\u0117ms pavasario dienoms. Spalvos ry\u0161kios, o plati palet\u0117 leid\u017eia [&hellip;]<\/p>\n","protected":false},"featured_media":2460,"comment_status":"open","ping_status":"closed","template":"","meta":{"_acf_changed":false},"product_brand":[70],"product_cat":[15,18],"product_tag":[],"pro-kategorijos":[72,55,77],"class_list":{"0":"post-2449","1":"product","2":"type-product","3":"status-publish","4":"has-post-thumbnail","6":"product_brand-lang-yarns","7":"product_cat-visi-produktai","8":"product_cat-siulai","9":"pro-kategorijos-baby-alpaka","10":"pro-kategorijos-medvilne","11":"pro-kategorijos-silkas","13":"first","14":"instock","15":"shipping-taxable","16":"purchasable","17":"product-type-variable"},"acf":[],"yoast_head":"<!-- This site is optimized with the Yoast SEO plugin v26.8 - https:\/\/yoast.com\/product\/yoast-seo-wordpress\/ -->\n<title>Lang Yarns Regina - Happyinaknit.com<\/title>\n<meta name=\"robots\" content=\"index, follow, max-snippet:-1, max-image-preview:large, max-video-preview:-1\" \/>\n<link rel=\"canonical\" href=\"https:\/\/happyinaknit.com\/en\/product\/lang-yarns-regina\/\" \/>\n<meta property=\"og:locale\" content=\"en_US\" \/>\n<meta property=\"og:type\" content=\"article\" \/>\n<meta property=\"og:title\" content=\"Lang Yarns Regina - Happyinaknit.com\" \/>\n<meta property=\"og:description\" content=\"Si\u016blai su gra\u017eiu \u0161ilku\u010diu \u017evilgesiu ir ypatingu \u0161velnumu, sujungiantys geriausias skirting\u0173 pluo\u0161t\u0173 savybes. \u0160ilkas suteikia prabangos ir elegancijos, baby alpakos vilna \u2013 \u0161ilumos ir purumo, medviln\u0117 \u2013 kv\u0117puojan\u010dio lengvumo, o vilna \u2013 papildomo jaukumo. Mezginiai i\u0161 \u0161i\u0173 si\u016bl\u0173 yra or\u016bs, \u0161veln\u016bs ir kv\u0117puojantys, ta\u010diau pakankamai \u0161ilti v\u0117sesn\u0117ms pavasario dienoms. Spalvos ry\u0161kios, o plati palet\u0117 leid\u017eia [&hellip;]\" \/>\n<meta property=\"og:url\" content=\"https:\/\/happyinaknit.com\/en\/product\/lang-yarns-regina\/\" \/>\n<meta property=\"og:site_name\" content=\"Happyinaknit.com\" \/>\n<meta property=\"article:modified_time\" content=\"2026-03-27T16:08:12+00:00\" \/>\n<meta property=\"og:image\" content=\"https:\/\/happyinaknit.com\/wp-content\/uploads\/2025\/10\/IMG_8363.jpg\" \/>\n\t<meta property=\"og:image:width\" content=\"1320\" \/>\n\t<meta property=\"og:image:height\" content=\"1424\" \/>\n\t<meta property=\"og:image:type\" content=\"image\/jpeg\" \/>\n<meta name=\"twitter:card\" content=\"summary_large_image\" \/>\n<meta name=\"twitter:label1\" content=\"Est. reading time\" \/>\n\t<meta name=\"twitter:data1\" content=\"1 minute\" \/>\n<script type=\"application\/ld+json\" class=\"yoast-schema-graph\">{\"@context\":\"https:\/\/schema.org\",\"@graph\":[{\"@type\":\"WebPage\",\"@id\":\"https:\/\/happyinaknit.com\/produktas\/lang-yarns-regina\/\",\"url\":\"https:\/\/happyinaknit.com\/produktas\/lang-yarns-regina\/\",\"name\":\"Lang Yarns Regina - Happyinaknit.com\",\"isPartOf\":{\"@id\":\"https:\/\/happyinaknit.com\/lt\/#website\"},\"primaryImageOfPage\":{\"@id\":\"https:\/\/happyinaknit.com\/produktas\/lang-yarns-regina\/#primaryimage\"},\"image\":{\"@id\":\"https:\/\/happyinaknit.com\/produktas\/lang-yarns-regina\/#primaryimage\"},\"thumbnailUrl\":\"https:\/\/happyinaknit.com\/wp-content\/uploads\/2025\/10\/IMG_8363.jpg\",\"datePublished\":\"2025-10-02T20:07:09+00:00\",\"dateModified\":\"2026-03-27T16:08:12+00:00\",\"breadcrumb\":{\"@id\":\"https:\/\/happyinaknit.com\/produktas\/lang-yarns-regina\/#breadcrumb\"},\"inLanguage\":\"en-US\",\"potentialAction\":[{\"@type\":\"ReadAction\",\"target\":[\"https:\/\/happyinaknit.com\/produktas\/lang-yarns-regina\/\"]}]},{\"@type\":\"ImageObject\",\"inLanguage\":\"en-US\",\"@id\":\"https:\/\/happyinaknit.com\/produktas\/lang-yarns-regina\/#primaryimage\",\"url\":\"https:\/\/happyinaknit.com\/wp-content\/uploads\/2025\/10\/IMG_8363.jpg\",\"contentUrl\":\"https:\/\/happyinaknit.com\/wp-content\/uploads\/2025\/10\/IMG_8363.jpg\",\"width\":1320,\"height\":1424},{\"@type\":\"BreadcrumbList\",\"@id\":\"https:\/\/happyinaknit.com\/produktas\/lang-yarns-regina\/#breadcrumb\",\"itemListElement\":[{\"@type\":\"ListItem\",\"position\":1,\"name\":\"Home\",\"item\":\"https:\/\/happyinaknit.com\/lt\/\"},{\"@type\":\"ListItem\",\"position\":2,\"name\":\"Parduotuv\u0117\",\"item\":\"https:\/\/happyinaknit.com\/lt\/parduotuve\/\"},{\"@type\":\"ListItem\",\"position\":3,\"name\":\"Lang Yarns Regina\"}]},{\"@type\":\"WebSite\",\"@id\":\"https:\/\/happyinaknit.com\/lt\/#website\",\"url\":\"https:\/\/happyinaknit.com\/lt\/\",\"name\":\"Happyinaknit.com\",\"description\":\"\",\"potentialAction\":[{\"@type\":\"SearchAction\",\"target\":{\"@type\":\"EntryPoint\",\"urlTemplate\":\"https:\/\/happyinaknit.com\/lt\/?s={search_term_string}\"},\"query-input\":{\"@type\":\"PropertyValueSpecification\",\"valueRequired\":true,\"valueName\":\"search_term_string\"}}],\"inLanguage\":\"en-US\"}]}<\/script>\n<!-- \/ Yoast SEO plugin. -->","yoast_head_json":{"title":"Lang Yarns Regina - Happyinaknit.com","robots":{"index":"index","follow":"follow","max-snippet":"max-snippet:-1","max-image-preview":"max-image-preview:large","max-video-preview":"max-video-preview:-1"},"canonical":"https:\/\/happyinaknit.com\/en\/product\/lang-yarns-regina\/","og_locale":"en_US","og_type":"article","og_title":"Lang Yarns Regina - Happyinaknit.com","og_description":"Si\u016blai su gra\u017eiu \u0161ilku\u010diu \u017evilgesiu ir ypatingu \u0161velnumu, sujungiantys geriausias skirting\u0173 pluo\u0161t\u0173 savybes. \u0160ilkas suteikia prabangos ir elegancijos, baby alpakos vilna \u2013 \u0161ilumos ir purumo, medviln\u0117 \u2013 kv\u0117puojan\u010dio lengvumo, o vilna \u2013 papildomo jaukumo. Mezginiai i\u0161 \u0161i\u0173 si\u016bl\u0173 yra or\u016bs, \u0161veln\u016bs ir kv\u0117puojantys, ta\u010diau pakankamai \u0161ilti v\u0117sesn\u0117ms pavasario dienoms. Spalvos ry\u0161kios, o plati palet\u0117 leid\u017eia [&hellip;]","og_url":"https:\/\/happyinaknit.com\/en\/product\/lang-yarns-regina\/","og_site_name":"Happyinaknit.com","article_modified_time":"2026-03-27T16:08:12+00:00","og_image":[{"width":1320,"height":1424,"url":"https:\/\/happyinaknit.com\/wp-content\/uploads\/2025\/10\/IMG_8363.jpg","type":"image\/jpeg"}],"twitter_card":"summary_large_image","twitter_misc":{"Est. reading time":"1 minute"},"schema":{"@context":"https:\/\/schema.org","@graph":[{"@type":"WebPage","@id":"https:\/\/happyinaknit.com\/produktas\/lang-yarns-regina\/","url":"https:\/\/happyinaknit.com\/produktas\/lang-yarns-regina\/","name":"Lang Yarns Regina - Happyinaknit.com","isPartOf":{"@id":"https:\/\/happyinaknit.com\/lt\/#website"},"primaryImageOfPage":{"@id":"https:\/\/happyinaknit.com\/produktas\/lang-yarns-regina\/#primaryimage"},"image":{"@id":"https:\/\/happyinaknit.com\/produktas\/lang-yarns-regina\/#primaryimage"},"thumbnailUrl":"https:\/\/happyinaknit.com\/wp-content\/uploads\/2025\/10\/IMG_8363.jpg","datePublished":"2025-10-02T20:07:09+00:00","dateModified":"2026-03-27T16:08:12+00:00","breadcrumb":{"@id":"https:\/\/happyinaknit.com\/produktas\/lang-yarns-regina\/#breadcrumb"},"inLanguage":"en-US","potentialAction":[{"@type":"ReadAction","target":["https:\/\/happyinaknit.com\/produktas\/lang-yarns-regina\/"]}]},{"@type":"ImageObject","inLanguage":"en-US","@id":"https:\/\/happyinaknit.com\/produktas\/lang-yarns-regina\/#primaryimage","url":"https:\/\/happyinaknit.com\/wp-content\/uploads\/2025\/10\/IMG_8363.jpg","contentUrl":"https:\/\/happyinaknit.com\/wp-content\/uploads\/2025\/10\/IMG_8363.jpg","width":1320,"height":1424},{"@type":"BreadcrumbList","@id":"https:\/\/happyinaknit.com\/produktas\/lang-yarns-regina\/#breadcrumb","itemListElement":[{"@type":"ListItem","position":1,"name":"Home","item":"https:\/\/happyinaknit.com\/lt\/"},{"@type":"ListItem","position":2,"name":"Parduotuv\u0117","item":"https:\/\/happyinaknit.com\/lt\/parduotuve\/"},{"@type":"ListItem","position":3,"name":"Lang Yarns Regina"}]},{"@type":"WebSite","@id":"https:\/\/happyinaknit.com\/lt\/#website","url":"https:\/\/happyinaknit.com\/lt\/","name":"Happyinaknit.com","description":"","potentialAction":[{"@type":"SearchAction","target":{"@type":"EntryPoint","urlTemplate":"https:\/\/happyinaknit.com\/lt\/?s={search_term_string}"},"query-input":{"@type":"PropertyValueSpecification","valueRequired":true,"valueName":"search_term_string"}}],"inLanguage":"en-US"}]}},"_links":{"self":[{"href":"https:\/\/happyinaknit.com\/en\/wp-json\/wp\/v2\/product\/2449","targetHints":{"allow":["GET"]}}],"collection":[{"href":"https:\/\/happyinaknit.com\/en\/wp-json\/wp\/v2\/product"}],"about":[{"href":"https:\/\/happyinaknit.com\/en\/wp-json\/wp\/v2\/types\/product"}],"replies":[{"embeddable":true,"href":"https:\/\/happyinaknit.com\/en\/wp-json\/wp\/v2\/comments?post=2449"}],"wp:featuredmedia":[{"embeddable":true,"href":"https:\/\/happyinaknit.com\/en\/wp-json\/wp\/v2\/media\/2460"}],"wp:attachment":[{"href":"https:\/\/happyinaknit.com\/en\/wp-json\/wp\/v2\/media?parent=2449"}],"wp:term":[{"taxonomy":"product_brand","embeddable":true,"href":"https:\/\/happyinaknit.com\/en\/wp-json\/wp\/v2\/product_brand?post=2449"},{"taxonomy":"product_cat","embeddable":true,"href":"https:\/\/happyinaknit.com\/en\/wp-json\/wp\/v2\/product_cat?post=2449"},{"taxonomy":"product_tag","embeddable":true,"href":"https:\/\/happyinaknit.com\/en\/wp-json\/wp\/v2\/product_tag?post=2449"},{"taxonomy":"pro-kategorijos","embeddable":true,"href":"https:\/\/happyinaknit.com\/en\/wp-json\/wp\/v2\/pro-kategorijos?post=2449"}],"curies":[{"name":"wp","href":"https:\/\/api.w.org\/{rel}","templated":true}]}}