{"id":2383,"date":"2025-10-02T10:26:13","date_gmt":"2025-10-02T10:26:13","guid":{"rendered":"https:\/\/happyinaknit.com\/?post_type=product&#038;p=2383"},"modified":"2026-03-28T09:40:37","modified_gmt":"2026-03-28T09:40:37","slug":"lang-yarns-jawoll-superwash","status":"publish","type":"product","link":"https:\/\/happyinaknit.com\/en\/product\/lang-yarns-jawoll-superwash\/","title":{"rendered":"Lang yarns Jawoll Superwash"},"content":{"rendered":"<p data-start=\"105\" data-end=\"752\">Time-tested and tried a million times, this sock yarn is a true classic! Each ball contains an additional reinforcing thread that can be woven into the heels or toes to make the socks last longer. This yarn is made from Patagonia <em data-start=\"393\" data-end=\"405\">Corriedale<\/em> sheep wool: only carefully selected, soft wool is used, the fiber thickness of which is only 25 microns, making the products soft, comfortable and very pleasant to wear. Due to the high-quality fiber, the threads are extremely resistant to pilling, absorb dyes well, and the colors remain bright.<br data-start=\"674\" data-end=\"677\" \/>In addition to socks, they are also perfect for baby, children&#039;s and men&#039;s products.<\/p>\n<ul data-start=\"754\" data-end=\"1157\">\n<li data-start=\"754\" data-end=\"798\">\n<p data-start=\"756\" data-end=\"798\"><strong data-start=\"756\" data-end=\"768\">Composition:<\/strong> 75 % wool, 25 % polyamide<\/p>\n<\/li>\n<li data-start=\"825\" data-end=\"864\">\n<p data-start=\"827\" data-end=\"864\"><strong data-start=\"827\" data-end=\"849\">Weight \/ length:<\/strong> 50 g - 210 m<\/p>\n<\/li>\n<li data-start=\"865\" data-end=\"908\">\n<p data-start=\"867\" data-end=\"908\"><strong data-start=\"867\" data-end=\"895\">Recommended needles:<\/strong> 2.5-3.5mm<\/p>\n<\/li>\n<li data-start=\"909\" data-end=\"958\">\n<p data-start=\"911\" data-end=\"958\"><strong data-start=\"911\" data-end=\"937\">Density (10 \u00d7 10 cm):<\/strong> ~30 stitches \u00d7 41 rows<\/p>\n<\/li>\n<li data-start=\"959\" data-end=\"1066\">\n<p data-start=\"961\" data-end=\"991\"><strong data-start=\"961\" data-end=\"989\">Approximate consumption:<\/strong><\/p>\n<ul data-start=\"994\" data-end=\"1066\">\n<li data-start=\"994\" data-end=\"1033\">\n<p data-start=\"996\" data-end=\"1033\">for men&#039;s product (size M) ~550 g<\/p>\n<\/li>\n<li data-start=\"1036\" data-end=\"1066\">\n<p data-start=\"1038\" data-end=\"1066\">for women&#039;s product ~450 g<\/p>\n<\/li>\n<\/ul>\n<\/li>\n<li data-start=\"1067\" data-end=\"1157\">\n<p data-start=\"1069\" data-end=\"1085\"><strong data-start=\"1069\" data-end=\"1083\">Care:<\/strong><\/p>\n<ul data-start=\"1088\" data-end=\"1157\">\n<li data-start=\"1088\" data-end=\"1118\">\n<p data-start=\"1090\" data-end=\"1118\">Hand wash up to 30\u00b0C<\/p>\n<\/li>\n<li data-start=\"1121\" data-end=\"1157\">\n<p data-start=\"1123\" data-end=\"1157\">Dry flat horizontally<\/p>\n<\/li>\n<\/ul>\n<\/li>\n<\/ul>","protected":false},"excerpt":{"rendered":"<p>Patikrinti laiko ir milijonus kart\u0173 i\u0161bandyti si\u016blai kojin\u0117ms \u2013 tikra klasika! Kiekviename kamuoliuke rasite papildomos armuojan\u010dios gijos, kuri\u0105 galima \u012fmegzti \u012f kulnus ar pir\u0161t\u0173 galiukus, kad kojin\u0117s tarnaut\u0173 ilgiau. \u0160ie si\u016blai gaminami i\u0161 Patagonijos Corriedale avi\u0173 vilnos: naudojama tik kruop\u0161\u010diai atrinkta, \u0161velni vilna, kurios plau\u0161o storis vos 25 mikronai, tod\u0117l gaminiai yra mink\u0161ti, patog\u016bs ir [&hellip;]<\/p>\n","protected":false},"featured_media":2397,"comment_status":"open","ping_status":"closed","template":"","meta":{"_acf_changed":false},"product_brand":[70],"product_cat":[15,18,94],"product_tag":[],"pro-kategorijos":[56],"class_list":{"0":"post-2383","1":"product","2":"type-product","3":"status-publish","4":"has-post-thumbnail","6":"product_brand-lang-yarns","7":"product_cat-visi-produktai","8":"product_cat-siulai","9":"product_cat-siulai-kojinems","10":"pro-kategorijos-vilna","12":"first","13":"instock","14":"shipping-taxable","15":"purchasable","16":"product-type-variable"},"acf":[],"yoast_head":"<!-- This site is optimized with the Yoast SEO plugin v26.8 - https:\/\/yoast.com\/product\/yoast-seo-wordpress\/ -->\n<title>Lang yarns Jawoll Superwash - Happyinaknit.com<\/title>\n<meta name=\"robots\" content=\"index, follow, max-snippet:-1, max-image-preview:large, max-video-preview:-1\" \/>\n<link rel=\"canonical\" href=\"https:\/\/happyinaknit.com\/en\/product\/lang-yarns-jawoll-superwash\/\" \/>\n<meta property=\"og:locale\" content=\"en_US\" \/>\n<meta property=\"og:type\" content=\"article\" \/>\n<meta property=\"og:title\" content=\"Lang yarns Jawoll Superwash - Happyinaknit.com\" \/>\n<meta property=\"og:description\" content=\"Patikrinti laiko ir milijonus kart\u0173 i\u0161bandyti si\u016blai kojin\u0117ms \u2013 tikra klasika! Kiekviename kamuoliuke rasite papildomos armuojan\u010dios gijos, kuri\u0105 galima \u012fmegzti \u012f kulnus ar pir\u0161t\u0173 galiukus, kad kojin\u0117s tarnaut\u0173 ilgiau. \u0160ie si\u016blai gaminami i\u0161 Patagonijos Corriedale avi\u0173 vilnos: naudojama tik kruop\u0161\u010diai atrinkta, \u0161velni vilna, kurios plau\u0161o storis vos 25 mikronai, tod\u0117l gaminiai yra mink\u0161ti, patog\u016bs ir [&hellip;]\" \/>\n<meta property=\"og:url\" content=\"https:\/\/happyinaknit.com\/en\/product\/lang-yarns-jawoll-superwash\/\" \/>\n<meta property=\"og:site_name\" content=\"Happyinaknit.com\" \/>\n<meta property=\"article:modified_time\" content=\"2026-03-28T09:40:37+00:00\" \/>\n<meta property=\"og:image\" content=\"https:\/\/happyinaknit.com\/wp-content\/uploads\/2025\/10\/83_0119_LANGYARNS_Jawoll_800_B.jpg\" \/>\n\t<meta property=\"og:image:width\" content=\"800\" \/>\n\t<meta property=\"og:image:height\" content=\"800\" \/>\n\t<meta property=\"og:image:type\" content=\"image\/jpeg\" \/>\n<meta name=\"twitter:card\" content=\"summary_large_image\" \/>\n<meta name=\"twitter:label1\" content=\"Est. reading time\" \/>\n\t<meta name=\"twitter:data1\" content=\"1 minute\" \/>\n<script type=\"application\/ld+json\" class=\"yoast-schema-graph\">{\"@context\":\"https:\/\/schema.org\",\"@graph\":[{\"@type\":\"WebPage\",\"@id\":\"https:\/\/happyinaknit.com\/produktas\/lang-yarns-jawoll-superwash\/\",\"url\":\"https:\/\/happyinaknit.com\/produktas\/lang-yarns-jawoll-superwash\/\",\"name\":\"Lang yarns Jawoll Superwash - Happyinaknit.com\",\"isPartOf\":{\"@id\":\"https:\/\/happyinaknit.com\/lt\/#website\"},\"primaryImageOfPage\":{\"@id\":\"https:\/\/happyinaknit.com\/produktas\/lang-yarns-jawoll-superwash\/#primaryimage\"},\"image\":{\"@id\":\"https:\/\/happyinaknit.com\/produktas\/lang-yarns-jawoll-superwash\/#primaryimage\"},\"thumbnailUrl\":\"https:\/\/happyinaknit.com\/wp-content\/uploads\/2025\/10\/83_0119_LANGYARNS_Jawoll_800_B.jpg\",\"datePublished\":\"2025-10-02T10:26:13+00:00\",\"dateModified\":\"2026-03-28T09:40:37+00:00\",\"breadcrumb\":{\"@id\":\"https:\/\/happyinaknit.com\/produktas\/lang-yarns-jawoll-superwash\/#breadcrumb\"},\"inLanguage\":\"en-US\",\"potentialAction\":[{\"@type\":\"ReadAction\",\"target\":[\"https:\/\/happyinaknit.com\/produktas\/lang-yarns-jawoll-superwash\/\"]}]},{\"@type\":\"ImageObject\",\"inLanguage\":\"en-US\",\"@id\":\"https:\/\/happyinaknit.com\/produktas\/lang-yarns-jawoll-superwash\/#primaryimage\",\"url\":\"https:\/\/happyinaknit.com\/wp-content\/uploads\/2025\/10\/83_0119_LANGYARNS_Jawoll_800_B.jpg\",\"contentUrl\":\"https:\/\/happyinaknit.com\/wp-content\/uploads\/2025\/10\/83_0119_LANGYARNS_Jawoll_800_B.jpg\",\"width\":800,\"height\":800},{\"@type\":\"BreadcrumbList\",\"@id\":\"https:\/\/happyinaknit.com\/produktas\/lang-yarns-jawoll-superwash\/#breadcrumb\",\"itemListElement\":[{\"@type\":\"ListItem\",\"position\":1,\"name\":\"Home\",\"item\":\"https:\/\/happyinaknit.com\/lt\/\"},{\"@type\":\"ListItem\",\"position\":2,\"name\":\"Parduotuv\u0117\",\"item\":\"https:\/\/happyinaknit.com\/lt\/parduotuve\/\"},{\"@type\":\"ListItem\",\"position\":3,\"name\":\"Lang yarns Jawoll Superwash\"}]},{\"@type\":\"WebSite\",\"@id\":\"https:\/\/happyinaknit.com\/lt\/#website\",\"url\":\"https:\/\/happyinaknit.com\/lt\/\",\"name\":\"Happyinaknit.com\",\"description\":\"\",\"potentialAction\":[{\"@type\":\"SearchAction\",\"target\":{\"@type\":\"EntryPoint\",\"urlTemplate\":\"https:\/\/happyinaknit.com\/lt\/?s={search_term_string}\"},\"query-input\":{\"@type\":\"PropertyValueSpecification\",\"valueRequired\":true,\"valueName\":\"search_term_string\"}}],\"inLanguage\":\"en-US\"}]}<\/script>\n<!-- \/ Yoast SEO plugin. -->","yoast_head_json":{"title":"Lang yarns Jawoll Superwash - Happyinaknit.com","robots":{"index":"index","follow":"follow","max-snippet":"max-snippet:-1","max-image-preview":"max-image-preview:large","max-video-preview":"max-video-preview:-1"},"canonical":"https:\/\/happyinaknit.com\/en\/product\/lang-yarns-jawoll-superwash\/","og_locale":"en_US","og_type":"article","og_title":"Lang yarns Jawoll Superwash - Happyinaknit.com","og_description":"Patikrinti laiko ir milijonus kart\u0173 i\u0161bandyti si\u016blai kojin\u0117ms \u2013 tikra klasika! Kiekviename kamuoliuke rasite papildomos armuojan\u010dios gijos, kuri\u0105 galima \u012fmegzti \u012f kulnus ar pir\u0161t\u0173 galiukus, kad kojin\u0117s tarnaut\u0173 ilgiau. \u0160ie si\u016blai gaminami i\u0161 Patagonijos Corriedale avi\u0173 vilnos: naudojama tik kruop\u0161\u010diai atrinkta, \u0161velni vilna, kurios plau\u0161o storis vos 25 mikronai, tod\u0117l gaminiai yra mink\u0161ti, patog\u016bs ir [&hellip;]","og_url":"https:\/\/happyinaknit.com\/en\/product\/lang-yarns-jawoll-superwash\/","og_site_name":"Happyinaknit.com","article_modified_time":"2026-03-28T09:40:37+00:00","og_image":[{"width":800,"height":800,"url":"https:\/\/happyinaknit.com\/wp-content\/uploads\/2025\/10\/83_0119_LANGYARNS_Jawoll_800_B.jpg","type":"image\/jpeg"}],"twitter_card":"summary_large_image","twitter_misc":{"Est. reading time":"1 minute"},"schema":{"@context":"https:\/\/schema.org","@graph":[{"@type":"WebPage","@id":"https:\/\/happyinaknit.com\/produktas\/lang-yarns-jawoll-superwash\/","url":"https:\/\/happyinaknit.com\/produktas\/lang-yarns-jawoll-superwash\/","name":"Lang yarns Jawoll Superwash - Happyinaknit.com","isPartOf":{"@id":"https:\/\/happyinaknit.com\/lt\/#website"},"primaryImageOfPage":{"@id":"https:\/\/happyinaknit.com\/produktas\/lang-yarns-jawoll-superwash\/#primaryimage"},"image":{"@id":"https:\/\/happyinaknit.com\/produktas\/lang-yarns-jawoll-superwash\/#primaryimage"},"thumbnailUrl":"https:\/\/happyinaknit.com\/wp-content\/uploads\/2025\/10\/83_0119_LANGYARNS_Jawoll_800_B.jpg","datePublished":"2025-10-02T10:26:13+00:00","dateModified":"2026-03-28T09:40:37+00:00","breadcrumb":{"@id":"https:\/\/happyinaknit.com\/produktas\/lang-yarns-jawoll-superwash\/#breadcrumb"},"inLanguage":"en-US","potentialAction":[{"@type":"ReadAction","target":["https:\/\/happyinaknit.com\/produktas\/lang-yarns-jawoll-superwash\/"]}]},{"@type":"ImageObject","inLanguage":"en-US","@id":"https:\/\/happyinaknit.com\/produktas\/lang-yarns-jawoll-superwash\/#primaryimage","url":"https:\/\/happyinaknit.com\/wp-content\/uploads\/2025\/10\/83_0119_LANGYARNS_Jawoll_800_B.jpg","contentUrl":"https:\/\/happyinaknit.com\/wp-content\/uploads\/2025\/10\/83_0119_LANGYARNS_Jawoll_800_B.jpg","width":800,"height":800},{"@type":"BreadcrumbList","@id":"https:\/\/happyinaknit.com\/produktas\/lang-yarns-jawoll-superwash\/#breadcrumb","itemListElement":[{"@type":"ListItem","position":1,"name":"Home","item":"https:\/\/happyinaknit.com\/lt\/"},{"@type":"ListItem","position":2,"name":"Parduotuv\u0117","item":"https:\/\/happyinaknit.com\/lt\/parduotuve\/"},{"@type":"ListItem","position":3,"name":"Lang yarns Jawoll Superwash"}]},{"@type":"WebSite","@id":"https:\/\/happyinaknit.com\/lt\/#website","url":"https:\/\/happyinaknit.com\/lt\/","name":"Happyinaknit.com","description":"","potentialAction":[{"@type":"SearchAction","target":{"@type":"EntryPoint","urlTemplate":"https:\/\/happyinaknit.com\/lt\/?s={search_term_string}"},"query-input":{"@type":"PropertyValueSpecification","valueRequired":true,"valueName":"search_term_string"}}],"inLanguage":"en-US"}]}},"_links":{"self":[{"href":"https:\/\/happyinaknit.com\/en\/wp-json\/wp\/v2\/product\/2383","targetHints":{"allow":["GET"]}}],"collection":[{"href":"https:\/\/happyinaknit.com\/en\/wp-json\/wp\/v2\/product"}],"about":[{"href":"https:\/\/happyinaknit.com\/en\/wp-json\/wp\/v2\/types\/product"}],"replies":[{"embeddable":true,"href":"https:\/\/happyinaknit.com\/en\/wp-json\/wp\/v2\/comments?post=2383"}],"wp:featuredmedia":[{"embeddable":true,"href":"https:\/\/happyinaknit.com\/en\/wp-json\/wp\/v2\/media\/2397"}],"wp:attachment":[{"href":"https:\/\/happyinaknit.com\/en\/wp-json\/wp\/v2\/media?parent=2383"}],"wp:term":[{"taxonomy":"product_brand","embeddable":true,"href":"https:\/\/happyinaknit.com\/en\/wp-json\/wp\/v2\/product_brand?post=2383"},{"taxonomy":"product_cat","embeddable":true,"href":"https:\/\/happyinaknit.com\/en\/wp-json\/wp\/v2\/product_cat?post=2383"},{"taxonomy":"product_tag","embeddable":true,"href":"https:\/\/happyinaknit.com\/en\/wp-json\/wp\/v2\/product_tag?post=2383"},{"taxonomy":"pro-kategorijos","embeddable":true,"href":"https:\/\/happyinaknit.com\/en\/wp-json\/wp\/v2\/pro-kategorijos?post=2383"}],"curies":[{"name":"wp","href":"https:\/\/api.w.org\/{rel}","templated":true}]}}