{"id":2329,"date":"2025-10-02T09:19:53","date_gmt":"2025-10-02T09:19:53","guid":{"rendered":"https:\/\/happyinaknit.com\/?post_type=product&#038;p=2329"},"modified":"2025-11-29T18:37:15","modified_gmt":"2025-11-29T18:37:15","slug":"lang-yarns-pride","status":"publish","type":"product","link":"https:\/\/happyinaknit.com\/en\/product\/lang-yarns-pride\/","title":{"rendered":"Lang Yarns Pride"},"content":{"rendered":"<p>A natural combination of linen, cotton and viscose, giving knitwear freshness, lightness and a slightly silky sheen. The yarn is pleasant to the body, breathes well and is suitable for summer sweaters, cardigans or blouses. Products knitted from it look light, elegant and comfortable to wear in the warm season.<\/p>\n<ul data-start=\"392\" data-end=\"788\">\n<li data-start=\"392\" data-end=\"448\">\n<p data-start=\"394\" data-end=\"448\"><strong data-start=\"394\" data-end=\"406\">Composition:<\/strong> 40 % linen, 32 % cotton, 28 % viscose<\/p>\n<\/li>\n<li data-start=\"476\" data-end=\"516\">\n<p data-start=\"478\" data-end=\"516\"><strong data-start=\"478\" data-end=\"500\">Weight \/ length:<\/strong> 100 g - 280 m<\/p>\n<\/li>\n<li data-start=\"517\" data-end=\"560\">\n<p data-start=\"519\" data-end=\"560\"><strong data-start=\"519\" data-end=\"547\">Recommended needles:<\/strong> 3.5-4.0mm<\/p>\n<\/li>\n<li data-start=\"561\" data-end=\"611\">\n<p data-start=\"563\" data-end=\"611\"><strong data-start=\"563\" data-end=\"589\">Density (10 \u00d7 10 cm):<\/strong> ~20 mesh \u00d7 30 rows<\/p>\n<\/li>\n<li data-start=\"612\" data-end=\"697\">\n<p data-start=\"614\" data-end=\"697\"><strong data-start=\"614\" data-end=\"642\">Approximate consumption:<\/strong> for a medium women&#039;s product (size 44\u201346) ~400 g<\/p>\n<\/li>\n<li data-start=\"698\" data-end=\"788\">\n<p data-start=\"700\" data-end=\"716\"><strong data-start=\"700\" data-end=\"714\">Care:<\/strong><\/p>\n<ul data-start=\"719\" data-end=\"788\">\n<li data-start=\"719\" data-end=\"749\">\n<p data-start=\"721\" data-end=\"749\">Hand wash up to 30\u00b0C<\/p>\n<\/li>\n<li data-start=\"752\" data-end=\"788\">\n<p data-start=\"754\" data-end=\"788\">Dry flat horizontally<\/p>\n<\/li>\n<\/ul>\n<\/li>\n<\/ul>","protected":false},"excerpt":{"rendered":"<p>Nat\u016bralus lino, medviln\u0117s ir viskoz\u0117s derinys, suteikiantis mezginiams gaivos, lengvumo ir \u0161iek tiek \u0161ilkinio \u017evilgesio. Si\u016blai malon\u016bs prie k\u016bno, gerai kv\u0117puoja ir tinka vasariniams megztiniams, kardiganams ar palaidin\u0117ms. I\u0161 j\u0173 numegzti gaminiai atrodo lengvi, eleganti\u0161ki ir patog\u016bs d\u0117v\u0117ti \u0161iltuoju met\u0173 laiku. Sud\u0117tis: 40 % linas, 32 % medviln\u0117, 28 % viskoz\u0117 Svoris \/ metra\u017eas: 100 [&hellip;]<\/p>\n","protected":false},"featured_media":2337,"comment_status":"open","ping_status":"closed","template":"","meta":{"_acf_changed":false},"product_brand":[70],"product_cat":[15,18],"product_tag":[],"pro-kategorijos":[80,55,78],"class_list":{"0":"post-2329","1":"product","2":"type-product","3":"status-publish","4":"has-post-thumbnail","6":"product_brand-lang-yarns","7":"product_cat-visi-produktai","8":"product_cat-siulai","9":"pro-kategorijos-linas","10":"pro-kategorijos-medvilne","11":"pro-kategorijos-viskoze","13":"first","14":"instock","15":"shipping-taxable","16":"purchasable","17":"product-type-variable"},"acf":[],"yoast_head":"<!-- This site is optimized with the Yoast SEO plugin v26.8 - https:\/\/yoast.com\/product\/yoast-seo-wordpress\/ -->\n<title>Lang Yarns Pride - Happyinaknit.com<\/title>\n<meta name=\"robots\" content=\"index, follow, max-snippet:-1, max-image-preview:large, max-video-preview:-1\" \/>\n<link rel=\"canonical\" href=\"https:\/\/happyinaknit.com\/en\/product\/lang-yarns-pride\/\" \/>\n<meta property=\"og:locale\" content=\"en_US\" \/>\n<meta property=\"og:type\" content=\"article\" \/>\n<meta property=\"og:title\" content=\"Lang Yarns Pride - Happyinaknit.com\" \/>\n<meta property=\"og:description\" content=\"Nat\u016bralus lino, medviln\u0117s ir viskoz\u0117s derinys, suteikiantis mezginiams gaivos, lengvumo ir \u0161iek tiek \u0161ilkinio \u017evilgesio. Si\u016blai malon\u016bs prie k\u016bno, gerai kv\u0117puoja ir tinka vasariniams megztiniams, kardiganams ar palaidin\u0117ms. I\u0161 j\u0173 numegzti gaminiai atrodo lengvi, eleganti\u0161ki ir patog\u016bs d\u0117v\u0117ti \u0161iltuoju met\u0173 laiku. Sud\u0117tis: 40 % linas, 32 % medviln\u0117, 28 % viskoz\u0117 Svoris \/ metra\u017eas: 100 [&hellip;]\" \/>\n<meta property=\"og:url\" content=\"https:\/\/happyinaknit.com\/en\/product\/lang-yarns-pride\/\" \/>\n<meta property=\"og:site_name\" content=\"Happyinaknit.com\" \/>\n<meta property=\"article:modified_time\" content=\"2025-11-29T18:37:15+00:00\" \/>\n<meta property=\"og:image\" content=\"https:\/\/happyinaknit.com\/wp-content\/uploads\/2025\/10\/1090_0061_LANGYARNS_Pride_800_B.jpg\" \/>\n\t<meta property=\"og:image:width\" content=\"800\" \/>\n\t<meta property=\"og:image:height\" content=\"800\" \/>\n\t<meta property=\"og:image:type\" content=\"image\/jpeg\" \/>\n<meta name=\"twitter:card\" content=\"summary_large_image\" \/>\n<script type=\"application\/ld+json\" class=\"yoast-schema-graph\">{\"@context\":\"https:\/\/schema.org\",\"@graph\":[{\"@type\":\"WebPage\",\"@id\":\"https:\/\/happyinaknit.com\/produktas\/lang-yarns-pride\/\",\"url\":\"https:\/\/happyinaknit.com\/produktas\/lang-yarns-pride\/\",\"name\":\"Lang Yarns Pride - Happyinaknit.com\",\"isPartOf\":{\"@id\":\"https:\/\/happyinaknit.com\/lt\/#website\"},\"primaryImageOfPage\":{\"@id\":\"https:\/\/happyinaknit.com\/produktas\/lang-yarns-pride\/#primaryimage\"},\"image\":{\"@id\":\"https:\/\/happyinaknit.com\/produktas\/lang-yarns-pride\/#primaryimage\"},\"thumbnailUrl\":\"https:\/\/happyinaknit.com\/wp-content\/uploads\/2025\/10\/1090_0061_LANGYARNS_Pride_800_B.jpg\",\"datePublished\":\"2025-10-02T09:19:53+00:00\",\"dateModified\":\"2025-11-29T18:37:15+00:00\",\"breadcrumb\":{\"@id\":\"https:\/\/happyinaknit.com\/produktas\/lang-yarns-pride\/#breadcrumb\"},\"inLanguage\":\"en-US\",\"potentialAction\":[{\"@type\":\"ReadAction\",\"target\":[\"https:\/\/happyinaknit.com\/produktas\/lang-yarns-pride\/\"]}]},{\"@type\":\"ImageObject\",\"inLanguage\":\"en-US\",\"@id\":\"https:\/\/happyinaknit.com\/produktas\/lang-yarns-pride\/#primaryimage\",\"url\":\"https:\/\/happyinaknit.com\/wp-content\/uploads\/2025\/10\/1090_0061_LANGYARNS_Pride_800_B.jpg\",\"contentUrl\":\"https:\/\/happyinaknit.com\/wp-content\/uploads\/2025\/10\/1090_0061_LANGYARNS_Pride_800_B.jpg\",\"width\":800,\"height\":800},{\"@type\":\"BreadcrumbList\",\"@id\":\"https:\/\/happyinaknit.com\/produktas\/lang-yarns-pride\/#breadcrumb\",\"itemListElement\":[{\"@type\":\"ListItem\",\"position\":1,\"name\":\"Home\",\"item\":\"https:\/\/happyinaknit.com\/lt\/\"},{\"@type\":\"ListItem\",\"position\":2,\"name\":\"Parduotuv\u0117\",\"item\":\"https:\/\/happyinaknit.com\/lt\/parduotuve\/\"},{\"@type\":\"ListItem\",\"position\":3,\"name\":\"Lang Yarns Pride\"}]},{\"@type\":\"WebSite\",\"@id\":\"https:\/\/happyinaknit.com\/lt\/#website\",\"url\":\"https:\/\/happyinaknit.com\/lt\/\",\"name\":\"Happyinaknit.com\",\"description\":\"\",\"potentialAction\":[{\"@type\":\"SearchAction\",\"target\":{\"@type\":\"EntryPoint\",\"urlTemplate\":\"https:\/\/happyinaknit.com\/lt\/?s={search_term_string}\"},\"query-input\":{\"@type\":\"PropertyValueSpecification\",\"valueRequired\":true,\"valueName\":\"search_term_string\"}}],\"inLanguage\":\"en-US\"}]}<\/script>\n<!-- \/ Yoast SEO plugin. -->","yoast_head_json":{"title":"Lang Yarns Pride - Happyinaknit.com","robots":{"index":"index","follow":"follow","max-snippet":"max-snippet:-1","max-image-preview":"max-image-preview:large","max-video-preview":"max-video-preview:-1"},"canonical":"https:\/\/happyinaknit.com\/en\/product\/lang-yarns-pride\/","og_locale":"en_US","og_type":"article","og_title":"Lang Yarns Pride - Happyinaknit.com","og_description":"Nat\u016bralus lino, medviln\u0117s ir viskoz\u0117s derinys, suteikiantis mezginiams gaivos, lengvumo ir \u0161iek tiek \u0161ilkinio \u017evilgesio. Si\u016blai malon\u016bs prie k\u016bno, gerai kv\u0117puoja ir tinka vasariniams megztiniams, kardiganams ar palaidin\u0117ms. I\u0161 j\u0173 numegzti gaminiai atrodo lengvi, eleganti\u0161ki ir patog\u016bs d\u0117v\u0117ti \u0161iltuoju met\u0173 laiku. Sud\u0117tis: 40 % linas, 32 % medviln\u0117, 28 % viskoz\u0117 Svoris \/ metra\u017eas: 100 [&hellip;]","og_url":"https:\/\/happyinaknit.com\/en\/product\/lang-yarns-pride\/","og_site_name":"Happyinaknit.com","article_modified_time":"2025-11-29T18:37:15+00:00","og_image":[{"width":800,"height":800,"url":"https:\/\/happyinaknit.com\/wp-content\/uploads\/2025\/10\/1090_0061_LANGYARNS_Pride_800_B.jpg","type":"image\/jpeg"}],"twitter_card":"summary_large_image","schema":{"@context":"https:\/\/schema.org","@graph":[{"@type":"WebPage","@id":"https:\/\/happyinaknit.com\/produktas\/lang-yarns-pride\/","url":"https:\/\/happyinaknit.com\/produktas\/lang-yarns-pride\/","name":"Lang Yarns Pride - Happyinaknit.com","isPartOf":{"@id":"https:\/\/happyinaknit.com\/lt\/#website"},"primaryImageOfPage":{"@id":"https:\/\/happyinaknit.com\/produktas\/lang-yarns-pride\/#primaryimage"},"image":{"@id":"https:\/\/happyinaknit.com\/produktas\/lang-yarns-pride\/#primaryimage"},"thumbnailUrl":"https:\/\/happyinaknit.com\/wp-content\/uploads\/2025\/10\/1090_0061_LANGYARNS_Pride_800_B.jpg","datePublished":"2025-10-02T09:19:53+00:00","dateModified":"2025-11-29T18:37:15+00:00","breadcrumb":{"@id":"https:\/\/happyinaknit.com\/produktas\/lang-yarns-pride\/#breadcrumb"},"inLanguage":"en-US","potentialAction":[{"@type":"ReadAction","target":["https:\/\/happyinaknit.com\/produktas\/lang-yarns-pride\/"]}]},{"@type":"ImageObject","inLanguage":"en-US","@id":"https:\/\/happyinaknit.com\/produktas\/lang-yarns-pride\/#primaryimage","url":"https:\/\/happyinaknit.com\/wp-content\/uploads\/2025\/10\/1090_0061_LANGYARNS_Pride_800_B.jpg","contentUrl":"https:\/\/happyinaknit.com\/wp-content\/uploads\/2025\/10\/1090_0061_LANGYARNS_Pride_800_B.jpg","width":800,"height":800},{"@type":"BreadcrumbList","@id":"https:\/\/happyinaknit.com\/produktas\/lang-yarns-pride\/#breadcrumb","itemListElement":[{"@type":"ListItem","position":1,"name":"Home","item":"https:\/\/happyinaknit.com\/lt\/"},{"@type":"ListItem","position":2,"name":"Parduotuv\u0117","item":"https:\/\/happyinaknit.com\/lt\/parduotuve\/"},{"@type":"ListItem","position":3,"name":"Lang Yarns Pride"}]},{"@type":"WebSite","@id":"https:\/\/happyinaknit.com\/lt\/#website","url":"https:\/\/happyinaknit.com\/lt\/","name":"Happyinaknit.com","description":"","potentialAction":[{"@type":"SearchAction","target":{"@type":"EntryPoint","urlTemplate":"https:\/\/happyinaknit.com\/lt\/?s={search_term_string}"},"query-input":{"@type":"PropertyValueSpecification","valueRequired":true,"valueName":"search_term_string"}}],"inLanguage":"en-US"}]}},"_links":{"self":[{"href":"https:\/\/happyinaknit.com\/en\/wp-json\/wp\/v2\/product\/2329","targetHints":{"allow":["GET"]}}],"collection":[{"href":"https:\/\/happyinaknit.com\/en\/wp-json\/wp\/v2\/product"}],"about":[{"href":"https:\/\/happyinaknit.com\/en\/wp-json\/wp\/v2\/types\/product"}],"replies":[{"embeddable":true,"href":"https:\/\/happyinaknit.com\/en\/wp-json\/wp\/v2\/comments?post=2329"}],"wp:featuredmedia":[{"embeddable":true,"href":"https:\/\/happyinaknit.com\/en\/wp-json\/wp\/v2\/media\/2337"}],"wp:attachment":[{"href":"https:\/\/happyinaknit.com\/en\/wp-json\/wp\/v2\/media?parent=2329"}],"wp:term":[{"taxonomy":"product_brand","embeddable":true,"href":"https:\/\/happyinaknit.com\/en\/wp-json\/wp\/v2\/product_brand?post=2329"},{"taxonomy":"product_cat","embeddable":true,"href":"https:\/\/happyinaknit.com\/en\/wp-json\/wp\/v2\/product_cat?post=2329"},{"taxonomy":"product_tag","embeddable":true,"href":"https:\/\/happyinaknit.com\/en\/wp-json\/wp\/v2\/product_tag?post=2329"},{"taxonomy":"pro-kategorijos","embeddable":true,"href":"https:\/\/happyinaknit.com\/en\/wp-json\/wp\/v2\/pro-kategorijos?post=2329"}],"curies":[{"name":"wp","href":"https:\/\/api.w.org\/{rel}","templated":true}]}}