{"id":2175,"date":"2025-10-01T19:57:28","date_gmt":"2025-10-01T19:57:28","guid":{"rendered":"https:\/\/happyinaknit.com\/?post_type=product&#038;p=2175"},"modified":"2025-11-13T20:28:21","modified_gmt":"2025-11-13T20:28:21","slug":"lana-grossa-ecopuno","status":"publish","type":"product","link":"https:\/\/happyinaknit.com\/en\/product\/lana-grossa-ecopuno\/","title":{"rendered":"Lana grossa Ecopuno"},"content":{"rendered":"<p data-start=\"82\" data-end=\"582\">Ecopuno is a high-quality all-season yarn with a soft, light touch and a noble knit texture. The innovative combination of cotton, merino wool and alpaca wool combines the best properties of three natural fibers: refreshing coolness, cozy warmth and softness. These yarns are ideal for sweaters, scarves, cardigans and accessories - both for summer and the transitional season. Ecopuno perfectly retains its shape, is breathable and provides exceptional wearing comfort.<\/p>\n<ul data-start=\"584\" data-end=\"1000\">\n<li data-start=\"584\" data-end=\"652\">\n<p data-start=\"586\" data-end=\"652\"><strong data-start=\"586\" data-end=\"598\">Composition:<\/strong> 72 % cotton, 17 % merino wool, 11 % alpaca wool<\/p>\n<\/li>\n<li data-start=\"679\" data-end=\"718\">\n<p data-start=\"681\" data-end=\"718\"><strong data-start=\"681\" data-end=\"703\">Weight \/ length:<\/strong> 50 g - 215 m<\/p>\n<\/li>\n<li data-start=\"719\" data-end=\"762\">\n<p data-start=\"721\" data-end=\"762\"><strong data-start=\"721\" data-end=\"749\">Recommended needles:<\/strong> 4.0-4.5mm<\/p>\n<\/li>\n<li data-start=\"763\" data-end=\"813\">\n<p data-start=\"765\" data-end=\"813\"><strong data-start=\"765\" data-end=\"791\">Density (10 \u00d7 10 cm):<\/strong> ~24 stitches \u00d7 30 rows<\/p>\n<\/li>\n<li data-start=\"814\" data-end=\"909\">\n<p data-start=\"816\" data-end=\"909\"><strong data-start=\"816\" data-end=\"844\">Approximate consumption:<\/strong> for a medium women&#039;s product up to size 44\u201346 ~7 balls<\/p>\n<\/li>\n<li data-start=\"910\" data-end=\"1000\">\n<p data-start=\"912\" data-end=\"928\"><strong data-start=\"912\" data-end=\"926\">Care:<\/strong><\/p>\n<ul data-start=\"931\" data-end=\"1000\">\n<li data-start=\"931\" data-end=\"961\">\n<p data-start=\"933\" data-end=\"961\">Hand wash up to 30\u00b0C<\/p>\n<\/li>\n<li data-start=\"964\" data-end=\"1000\">\n<p data-start=\"966\" data-end=\"1000\">Dry flat horizontally<\/p>\n<\/li>\n<\/ul>\n<\/li>\n<\/ul>","protected":false},"excerpt":{"rendered":"<p>Ecopuno \u2014 tai auk\u0161tos kokyb\u0117s vis\u0173 sezon\u0173 si\u016blai su \u0161velniu, lengvu prisilietimu ir kilnia mezginio tekst\u016bra. Inovatyvus medviln\u0117s, merino vilnos ir alpak\u0173 vilnos derinys sujungia geriausias trij\u0173 nat\u016brali\u0173 pluo\u0161t\u0173 savybes: gaivi\u0105 v\u0117s\u0105, jauki\u0105 \u0161ilum\u0105 ir mink\u0161tum\u0105. \u0160ie si\u016blai idealiai tinka megztiniams, \u0161alikams, kardiganams bei aksesuarams \u2014 tiek vasarai, tiek pereinamajam sezonui. Ecopuno puikiai i\u0161laiko form\u0105, [&hellip;]<\/p>\n","protected":false},"featured_media":2176,"comment_status":"open","ping_status":"closed","template":"","meta":{"_acf_changed":false},"product_brand":[67],"product_cat":[15,18],"product_tag":[],"pro-kategorijos":[54,55,71],"class_list":{"0":"post-2175","1":"product","2":"type-product","3":"status-publish","4":"has-post-thumbnail","6":"product_brand-lana-grossa","7":"product_cat-visi-produktai","8":"product_cat-siulai","9":"pro-kategorijos-alpaka","10":"pro-kategorijos-medvilne","11":"pro-kategorijos-merino-vilna","13":"first","14":"instock","15":"shipping-taxable","16":"purchasable","17":"product-type-variable"},"acf":[],"yoast_head":"<!-- This site is optimized with the Yoast SEO plugin v26.8 - https:\/\/yoast.com\/product\/yoast-seo-wordpress\/ -->\n<title>Lana grossa Ecopuno - Happyinaknit.com<\/title>\n<meta name=\"robots\" content=\"index, follow, max-snippet:-1, max-image-preview:large, max-video-preview:-1\" \/>\n<link rel=\"canonical\" href=\"https:\/\/happyinaknit.com\/en\/product\/lana-grossa-ecopuno\/\" \/>\n<meta property=\"og:locale\" content=\"en_US\" \/>\n<meta property=\"og:type\" content=\"article\" \/>\n<meta property=\"og:title\" content=\"Lana grossa Ecopuno - Happyinaknit.com\" \/>\n<meta property=\"og:description\" content=\"Ecopuno \u2014 tai auk\u0161tos kokyb\u0117s vis\u0173 sezon\u0173 si\u016blai su \u0161velniu, lengvu prisilietimu ir kilnia mezginio tekst\u016bra. Inovatyvus medviln\u0117s, merino vilnos ir alpak\u0173 vilnos derinys sujungia geriausias trij\u0173 nat\u016brali\u0173 pluo\u0161t\u0173 savybes: gaivi\u0105 v\u0117s\u0105, jauki\u0105 \u0161ilum\u0105 ir mink\u0161tum\u0105. \u0160ie si\u016blai idealiai tinka megztiniams, \u0161alikams, kardiganams bei aksesuarams \u2014 tiek vasarai, tiek pereinamajam sezonui. Ecopuno puikiai i\u0161laiko form\u0105, [&hellip;]\" \/>\n<meta property=\"og:url\" content=\"https:\/\/happyinaknit.com\/en\/product\/lana-grossa-ecopuno\/\" \/>\n<meta property=\"og:site_name\" content=\"Happyinaknit.com\" \/>\n<meta property=\"article:modified_time\" content=\"2025-11-13T20:28:21+00:00\" \/>\n<meta property=\"og:image\" content=\"https:\/\/happyinaknit.com\/wp-content\/uploads\/2025\/10\/IMG_8257.jpg\" \/>\n\t<meta property=\"og:image:width\" content=\"1320\" \/>\n\t<meta property=\"og:image:height\" content=\"1592\" \/>\n\t<meta property=\"og:image:type\" content=\"image\/jpeg\" \/>\n<meta name=\"twitter:card\" content=\"summary_large_image\" \/>\n<meta name=\"twitter:label1\" content=\"Est. reading time\" \/>\n\t<meta name=\"twitter:data1\" content=\"1 minute\" \/>\n<script type=\"application\/ld+json\" class=\"yoast-schema-graph\">{\"@context\":\"https:\/\/schema.org\",\"@graph\":[{\"@type\":\"WebPage\",\"@id\":\"https:\/\/happyinaknit.com\/produktas\/lana-grossa-ecopuno\/\",\"url\":\"https:\/\/happyinaknit.com\/produktas\/lana-grossa-ecopuno\/\",\"name\":\"Lana grossa Ecopuno - Happyinaknit.com\",\"isPartOf\":{\"@id\":\"https:\/\/happyinaknit.com\/lt\/#website\"},\"primaryImageOfPage\":{\"@id\":\"https:\/\/happyinaknit.com\/produktas\/lana-grossa-ecopuno\/#primaryimage\"},\"image\":{\"@id\":\"https:\/\/happyinaknit.com\/produktas\/lana-grossa-ecopuno\/#primaryimage\"},\"thumbnailUrl\":\"https:\/\/happyinaknit.com\/wp-content\/uploads\/2025\/10\/IMG_8257.jpg\",\"datePublished\":\"2025-10-01T19:57:28+00:00\",\"dateModified\":\"2025-11-13T20:28:21+00:00\",\"breadcrumb\":{\"@id\":\"https:\/\/happyinaknit.com\/produktas\/lana-grossa-ecopuno\/#breadcrumb\"},\"inLanguage\":\"en-US\",\"potentialAction\":[{\"@type\":\"ReadAction\",\"target\":[\"https:\/\/happyinaknit.com\/produktas\/lana-grossa-ecopuno\/\"]}]},{\"@type\":\"ImageObject\",\"inLanguage\":\"en-US\",\"@id\":\"https:\/\/happyinaknit.com\/produktas\/lana-grossa-ecopuno\/#primaryimage\",\"url\":\"https:\/\/happyinaknit.com\/wp-content\/uploads\/2025\/10\/IMG_8257.jpg\",\"contentUrl\":\"https:\/\/happyinaknit.com\/wp-content\/uploads\/2025\/10\/IMG_8257.jpg\",\"width\":1320,\"height\":1592},{\"@type\":\"BreadcrumbList\",\"@id\":\"https:\/\/happyinaknit.com\/produktas\/lana-grossa-ecopuno\/#breadcrumb\",\"itemListElement\":[{\"@type\":\"ListItem\",\"position\":1,\"name\":\"Home\",\"item\":\"https:\/\/happyinaknit.com\/lt\/\"},{\"@type\":\"ListItem\",\"position\":2,\"name\":\"Parduotuv\u0117\",\"item\":\"https:\/\/happyinaknit.com\/lt\/parduotuve\/\"},{\"@type\":\"ListItem\",\"position\":3,\"name\":\"Lana grossa Ecopuno\"}]},{\"@type\":\"WebSite\",\"@id\":\"https:\/\/happyinaknit.com\/lt\/#website\",\"url\":\"https:\/\/happyinaknit.com\/lt\/\",\"name\":\"Happyinaknit.com\",\"description\":\"\",\"potentialAction\":[{\"@type\":\"SearchAction\",\"target\":{\"@type\":\"EntryPoint\",\"urlTemplate\":\"https:\/\/happyinaknit.com\/lt\/?s={search_term_string}\"},\"query-input\":{\"@type\":\"PropertyValueSpecification\",\"valueRequired\":true,\"valueName\":\"search_term_string\"}}],\"inLanguage\":\"en-US\"}]}<\/script>\n<!-- \/ Yoast SEO plugin. -->","yoast_head_json":{"title":"Lana grossa Ecopuno - Happyinaknit.com","robots":{"index":"index","follow":"follow","max-snippet":"max-snippet:-1","max-image-preview":"max-image-preview:large","max-video-preview":"max-video-preview:-1"},"canonical":"https:\/\/happyinaknit.com\/en\/product\/lana-grossa-ecopuno\/","og_locale":"en_US","og_type":"article","og_title":"Lana grossa Ecopuno - Happyinaknit.com","og_description":"Ecopuno \u2014 tai auk\u0161tos kokyb\u0117s vis\u0173 sezon\u0173 si\u016blai su \u0161velniu, lengvu prisilietimu ir kilnia mezginio tekst\u016bra. Inovatyvus medviln\u0117s, merino vilnos ir alpak\u0173 vilnos derinys sujungia geriausias trij\u0173 nat\u016brali\u0173 pluo\u0161t\u0173 savybes: gaivi\u0105 v\u0117s\u0105, jauki\u0105 \u0161ilum\u0105 ir mink\u0161tum\u0105. \u0160ie si\u016blai idealiai tinka megztiniams, \u0161alikams, kardiganams bei aksesuarams \u2014 tiek vasarai, tiek pereinamajam sezonui. Ecopuno puikiai i\u0161laiko form\u0105, [&hellip;]","og_url":"https:\/\/happyinaknit.com\/en\/product\/lana-grossa-ecopuno\/","og_site_name":"Happyinaknit.com","article_modified_time":"2025-11-13T20:28:21+00:00","og_image":[{"width":1320,"height":1592,"url":"https:\/\/happyinaknit.com\/wp-content\/uploads\/2025\/10\/IMG_8257.jpg","type":"image\/jpeg"}],"twitter_card":"summary_large_image","twitter_misc":{"Est. reading time":"1 minute"},"schema":{"@context":"https:\/\/schema.org","@graph":[{"@type":"WebPage","@id":"https:\/\/happyinaknit.com\/produktas\/lana-grossa-ecopuno\/","url":"https:\/\/happyinaknit.com\/produktas\/lana-grossa-ecopuno\/","name":"Lana grossa Ecopuno - Happyinaknit.com","isPartOf":{"@id":"https:\/\/happyinaknit.com\/lt\/#website"},"primaryImageOfPage":{"@id":"https:\/\/happyinaknit.com\/produktas\/lana-grossa-ecopuno\/#primaryimage"},"image":{"@id":"https:\/\/happyinaknit.com\/produktas\/lana-grossa-ecopuno\/#primaryimage"},"thumbnailUrl":"https:\/\/happyinaknit.com\/wp-content\/uploads\/2025\/10\/IMG_8257.jpg","datePublished":"2025-10-01T19:57:28+00:00","dateModified":"2025-11-13T20:28:21+00:00","breadcrumb":{"@id":"https:\/\/happyinaknit.com\/produktas\/lana-grossa-ecopuno\/#breadcrumb"},"inLanguage":"en-US","potentialAction":[{"@type":"ReadAction","target":["https:\/\/happyinaknit.com\/produktas\/lana-grossa-ecopuno\/"]}]},{"@type":"ImageObject","inLanguage":"en-US","@id":"https:\/\/happyinaknit.com\/produktas\/lana-grossa-ecopuno\/#primaryimage","url":"https:\/\/happyinaknit.com\/wp-content\/uploads\/2025\/10\/IMG_8257.jpg","contentUrl":"https:\/\/happyinaknit.com\/wp-content\/uploads\/2025\/10\/IMG_8257.jpg","width":1320,"height":1592},{"@type":"BreadcrumbList","@id":"https:\/\/happyinaknit.com\/produktas\/lana-grossa-ecopuno\/#breadcrumb","itemListElement":[{"@type":"ListItem","position":1,"name":"Home","item":"https:\/\/happyinaknit.com\/lt\/"},{"@type":"ListItem","position":2,"name":"Parduotuv\u0117","item":"https:\/\/happyinaknit.com\/lt\/parduotuve\/"},{"@type":"ListItem","position":3,"name":"Lana grossa Ecopuno"}]},{"@type":"WebSite","@id":"https:\/\/happyinaknit.com\/lt\/#website","url":"https:\/\/happyinaknit.com\/lt\/","name":"Happyinaknit.com","description":"","potentialAction":[{"@type":"SearchAction","target":{"@type":"EntryPoint","urlTemplate":"https:\/\/happyinaknit.com\/lt\/?s={search_term_string}"},"query-input":{"@type":"PropertyValueSpecification","valueRequired":true,"valueName":"search_term_string"}}],"inLanguage":"en-US"}]}},"_links":{"self":[{"href":"https:\/\/happyinaknit.com\/en\/wp-json\/wp\/v2\/product\/2175","targetHints":{"allow":["GET"]}}],"collection":[{"href":"https:\/\/happyinaknit.com\/en\/wp-json\/wp\/v2\/product"}],"about":[{"href":"https:\/\/happyinaknit.com\/en\/wp-json\/wp\/v2\/types\/product"}],"replies":[{"embeddable":true,"href":"https:\/\/happyinaknit.com\/en\/wp-json\/wp\/v2\/comments?post=2175"}],"wp:featuredmedia":[{"embeddable":true,"href":"https:\/\/happyinaknit.com\/en\/wp-json\/wp\/v2\/media\/2176"}],"wp:attachment":[{"href":"https:\/\/happyinaknit.com\/en\/wp-json\/wp\/v2\/media?parent=2175"}],"wp:term":[{"taxonomy":"product_brand","embeddable":true,"href":"https:\/\/happyinaknit.com\/en\/wp-json\/wp\/v2\/product_brand?post=2175"},{"taxonomy":"product_cat","embeddable":true,"href":"https:\/\/happyinaknit.com\/en\/wp-json\/wp\/v2\/product_cat?post=2175"},{"taxonomy":"product_tag","embeddable":true,"href":"https:\/\/happyinaknit.com\/en\/wp-json\/wp\/v2\/product_tag?post=2175"},{"taxonomy":"pro-kategorijos","embeddable":true,"href":"https:\/\/happyinaknit.com\/en\/wp-json\/wp\/v2\/pro-kategorijos?post=2175"}],"curies":[{"name":"wp","href":"https:\/\/api.w.org\/{rel}","templated":true}]}}