{"id":2157,"date":"2025-10-01T18:49:34","date_gmt":"2025-10-01T18:49:34","guid":{"rendered":"https:\/\/happyinaknit.com\/?post_type=product&#038;p=2157"},"modified":"2026-04-10T10:39:36","modified_gmt":"2026-04-10T10:39:36","slug":"lana-grossa-gianna","status":"publish","type":"product","link":"https:\/\/happyinaknit.com\/en\/product\/lana-grossa-gianna\/","title":{"rendered":"Lana grossa Gianna"},"content":{"rendered":"<p data-start=\"165\" data-end=\"467\">A luxurious yarn that combines organic cotton, merino wool and cashmere. This combination gives knitwear a natural, soft and subtle sense of luxury. Perfect for sweaters, cardigans or other feminine products, ensuring comfort and an elegant look.<\/p>\n<p data-start=\"469\" data-end=\"754\"><strong data-start=\"469\" data-end=\"481\">Composition:<\/strong> 80% organic cotton, 15% merino wool, 5% cashmere<br data-start=\"536\" data-end=\"539\" \/><strong data-start=\"539\" data-end=\"561\">Weight \/ length:<\/strong> 50 g \u2014 180 m<br data-start=\"574\" data-end=\"577\" \/><strong data-start=\"577\" data-end=\"590\">Needles:<\/strong> 4.0-4.5mm<br data-start=\"601\" data-end=\"604\" \/><strong data-start=\"604\" data-end=\"617\">Density:<\/strong> 10 \u00d7 10 cm \u2248 23 mesh \u00d7 28 rows<br data-start=\"649\" data-end=\"652\" \/><strong data-start=\"652\" data-end=\"679\" data-is-only-node=\"\">Recommended quantity:<\/strong> for an average women&#039;s product up to size 44-46 you need about 7 balls<\/p>\n<p data-start=\"756\" data-end=\"772\"><strong data-start=\"756\" data-end=\"770\">Care:<\/strong><\/p>\n<ul data-start=\"773\" data-end=\"842\">\n<li data-start=\"773\" data-end=\"805\">\n<p data-start=\"775\" data-end=\"805\">Hand wash (up to 30 \u00b0C)<\/p>\n<\/li>\n<li data-start=\"806\" data-end=\"842\">\n<p data-start=\"808\" data-end=\"842\">Dry flat horizontally<\/p>\n<\/li>\n<\/ul>","protected":false},"excerpt":{"rendered":"<p>Prabang\u016bs si\u016blai, kuriuose dera ekologi\u0161ka medviln\u0117, merino vilna ir ka\u0161myras. \u0160is derinys suteikia mezginiams nat\u016bralumo, \u0161velnumo ir subtilaus prabangos poj\u016b\u010dio. Puikiai tinka megztiniams, kardiganams ar kitiems moteri\u0161kiems gaminiams, u\u017etikrinant komfort\u0105 ir eleganti\u0161k\u0105 i\u0161vaizd\u0105. Sud\u0117tis: 80% ekologi\u0161ka medviln\u0117, 15% merino vilna, 5% ka\u0161myrasSvoris \/ metra\u017eas: 50 g \u2014 180 mVirbalai: 4,0\u20134,5 mmTankumas: 10 \u00d7 10 cm [&hellip;]<\/p>\n","protected":false},"featured_media":2163,"comment_status":"open","ping_status":"closed","template":"","meta":{"_acf_changed":false},"product_brand":[67],"product_cat":[15,18],"product_tag":[],"pro-kategorijos":[46,55,71],"class_list":{"0":"post-2157","1":"product","2":"type-product","3":"status-publish","4":"has-post-thumbnail","6":"product_brand-lana-grossa","7":"product_cat-visi-produktai","8":"product_cat-siulai","9":"pro-kategorijos-kasmyras","10":"pro-kategorijos-medvilne","11":"pro-kategorijos-merino-vilna","13":"first","14":"instock","15":"shipping-taxable","16":"purchasable","17":"product-type-variable"},"acf":[],"yoast_head":"<!-- This site is optimized with the Yoast SEO plugin v26.8 - https:\/\/yoast.com\/product\/yoast-seo-wordpress\/ -->\n<title>Lana grossa Gianna - Happyinaknit.com<\/title>\n<meta name=\"robots\" content=\"index, follow, max-snippet:-1, max-image-preview:large, max-video-preview:-1\" \/>\n<link rel=\"canonical\" href=\"https:\/\/happyinaknit.com\/en\/product\/lana-grossa-gianna\/\" \/>\n<meta property=\"og:locale\" content=\"en_US\" \/>\n<meta property=\"og:type\" content=\"article\" \/>\n<meta property=\"og:title\" content=\"Lana grossa Gianna - Happyinaknit.com\" \/>\n<meta property=\"og:description\" content=\"Prabang\u016bs si\u016blai, kuriuose dera ekologi\u0161ka medviln\u0117, merino vilna ir ka\u0161myras. \u0160is derinys suteikia mezginiams nat\u016bralumo, \u0161velnumo ir subtilaus prabangos poj\u016b\u010dio. Puikiai tinka megztiniams, kardiganams ar kitiems moteri\u0161kiems gaminiams, u\u017etikrinant komfort\u0105 ir eleganti\u0161k\u0105 i\u0161vaizd\u0105. Sud\u0117tis: 80% ekologi\u0161ka medviln\u0117, 15% merino vilna, 5% ka\u0161myrasSvoris \/ metra\u017eas: 50 g \u2014 180 mVirbalai: 4,0\u20134,5 mmTankumas: 10 \u00d7 10 cm [&hellip;]\" \/>\n<meta property=\"og:url\" content=\"https:\/\/happyinaknit.com\/en\/product\/lana-grossa-gianna\/\" \/>\n<meta property=\"og:site_name\" content=\"Happyinaknit.com\" \/>\n<meta property=\"article:modified_time\" content=\"2026-04-10T10:39:36+00:00\" \/>\n<meta property=\"og:image\" content=\"https:\/\/happyinaknit.com\/wp-content\/uploads\/2025\/10\/IMG_8252.jpg\" \/>\n\t<meta property=\"og:image:width\" content=\"1320\" \/>\n\t<meta property=\"og:image:height\" content=\"1561\" \/>\n\t<meta property=\"og:image:type\" content=\"image\/jpeg\" \/>\n<meta name=\"twitter:card\" content=\"summary_large_image\" \/>\n<script type=\"application\/ld+json\" class=\"yoast-schema-graph\">{\"@context\":\"https:\/\/schema.org\",\"@graph\":[{\"@type\":\"WebPage\",\"@id\":\"https:\/\/happyinaknit.com\/produktas\/lana-grossa-gianna\/\",\"url\":\"https:\/\/happyinaknit.com\/produktas\/lana-grossa-gianna\/\",\"name\":\"Lana grossa Gianna - Happyinaknit.com\",\"isPartOf\":{\"@id\":\"https:\/\/happyinaknit.com\/lt\/#website\"},\"primaryImageOfPage\":{\"@id\":\"https:\/\/happyinaknit.com\/produktas\/lana-grossa-gianna\/#primaryimage\"},\"image\":{\"@id\":\"https:\/\/happyinaknit.com\/produktas\/lana-grossa-gianna\/#primaryimage\"},\"thumbnailUrl\":\"https:\/\/happyinaknit.com\/wp-content\/uploads\/2025\/10\/IMG_8252.jpg\",\"datePublished\":\"2025-10-01T18:49:34+00:00\",\"dateModified\":\"2026-04-10T10:39:36+00:00\",\"breadcrumb\":{\"@id\":\"https:\/\/happyinaknit.com\/produktas\/lana-grossa-gianna\/#breadcrumb\"},\"inLanguage\":\"en-US\",\"potentialAction\":[{\"@type\":\"ReadAction\",\"target\":[\"https:\/\/happyinaknit.com\/produktas\/lana-grossa-gianna\/\"]}]},{\"@type\":\"ImageObject\",\"inLanguage\":\"en-US\",\"@id\":\"https:\/\/happyinaknit.com\/produktas\/lana-grossa-gianna\/#primaryimage\",\"url\":\"https:\/\/happyinaknit.com\/wp-content\/uploads\/2025\/10\/IMG_8252.jpg\",\"contentUrl\":\"https:\/\/happyinaknit.com\/wp-content\/uploads\/2025\/10\/IMG_8252.jpg\",\"width\":1320,\"height\":1561},{\"@type\":\"BreadcrumbList\",\"@id\":\"https:\/\/happyinaknit.com\/produktas\/lana-grossa-gianna\/#breadcrumb\",\"itemListElement\":[{\"@type\":\"ListItem\",\"position\":1,\"name\":\"Home\",\"item\":\"https:\/\/happyinaknit.com\/lt\/\"},{\"@type\":\"ListItem\",\"position\":2,\"name\":\"Parduotuv\u0117\",\"item\":\"https:\/\/happyinaknit.com\/lt\/parduotuve\/\"},{\"@type\":\"ListItem\",\"position\":3,\"name\":\"Lana grossa Gianna\"}]},{\"@type\":\"WebSite\",\"@id\":\"https:\/\/happyinaknit.com\/lt\/#website\",\"url\":\"https:\/\/happyinaknit.com\/lt\/\",\"name\":\"Happyinaknit.com\",\"description\":\"\",\"potentialAction\":[{\"@type\":\"SearchAction\",\"target\":{\"@type\":\"EntryPoint\",\"urlTemplate\":\"https:\/\/happyinaknit.com\/lt\/?s={search_term_string}\"},\"query-input\":{\"@type\":\"PropertyValueSpecification\",\"valueRequired\":true,\"valueName\":\"search_term_string\"}}],\"inLanguage\":\"en-US\"}]}<\/script>\n<!-- \/ Yoast SEO plugin. -->","yoast_head_json":{"title":"Lana grossa Gianna - Happyinaknit.com","robots":{"index":"index","follow":"follow","max-snippet":"max-snippet:-1","max-image-preview":"max-image-preview:large","max-video-preview":"max-video-preview:-1"},"canonical":"https:\/\/happyinaknit.com\/en\/product\/lana-grossa-gianna\/","og_locale":"en_US","og_type":"article","og_title":"Lana grossa Gianna - Happyinaknit.com","og_description":"Prabang\u016bs si\u016blai, kuriuose dera ekologi\u0161ka medviln\u0117, merino vilna ir ka\u0161myras. \u0160is derinys suteikia mezginiams nat\u016bralumo, \u0161velnumo ir subtilaus prabangos poj\u016b\u010dio. Puikiai tinka megztiniams, kardiganams ar kitiems moteri\u0161kiems gaminiams, u\u017etikrinant komfort\u0105 ir eleganti\u0161k\u0105 i\u0161vaizd\u0105. Sud\u0117tis: 80% ekologi\u0161ka medviln\u0117, 15% merino vilna, 5% ka\u0161myrasSvoris \/ metra\u017eas: 50 g \u2014 180 mVirbalai: 4,0\u20134,5 mmTankumas: 10 \u00d7 10 cm [&hellip;]","og_url":"https:\/\/happyinaknit.com\/en\/product\/lana-grossa-gianna\/","og_site_name":"Happyinaknit.com","article_modified_time":"2026-04-10T10:39:36+00:00","og_image":[{"width":1320,"height":1561,"url":"https:\/\/happyinaknit.com\/wp-content\/uploads\/2025\/10\/IMG_8252.jpg","type":"image\/jpeg"}],"twitter_card":"summary_large_image","schema":{"@context":"https:\/\/schema.org","@graph":[{"@type":"WebPage","@id":"https:\/\/happyinaknit.com\/produktas\/lana-grossa-gianna\/","url":"https:\/\/happyinaknit.com\/produktas\/lana-grossa-gianna\/","name":"Lana grossa Gianna - Happyinaknit.com","isPartOf":{"@id":"https:\/\/happyinaknit.com\/lt\/#website"},"primaryImageOfPage":{"@id":"https:\/\/happyinaknit.com\/produktas\/lana-grossa-gianna\/#primaryimage"},"image":{"@id":"https:\/\/happyinaknit.com\/produktas\/lana-grossa-gianna\/#primaryimage"},"thumbnailUrl":"https:\/\/happyinaknit.com\/wp-content\/uploads\/2025\/10\/IMG_8252.jpg","datePublished":"2025-10-01T18:49:34+00:00","dateModified":"2026-04-10T10:39:36+00:00","breadcrumb":{"@id":"https:\/\/happyinaknit.com\/produktas\/lana-grossa-gianna\/#breadcrumb"},"inLanguage":"en-US","potentialAction":[{"@type":"ReadAction","target":["https:\/\/happyinaknit.com\/produktas\/lana-grossa-gianna\/"]}]},{"@type":"ImageObject","inLanguage":"en-US","@id":"https:\/\/happyinaknit.com\/produktas\/lana-grossa-gianna\/#primaryimage","url":"https:\/\/happyinaknit.com\/wp-content\/uploads\/2025\/10\/IMG_8252.jpg","contentUrl":"https:\/\/happyinaknit.com\/wp-content\/uploads\/2025\/10\/IMG_8252.jpg","width":1320,"height":1561},{"@type":"BreadcrumbList","@id":"https:\/\/happyinaknit.com\/produktas\/lana-grossa-gianna\/#breadcrumb","itemListElement":[{"@type":"ListItem","position":1,"name":"Home","item":"https:\/\/happyinaknit.com\/lt\/"},{"@type":"ListItem","position":2,"name":"Parduotuv\u0117","item":"https:\/\/happyinaknit.com\/lt\/parduotuve\/"},{"@type":"ListItem","position":3,"name":"Lana grossa Gianna"}]},{"@type":"WebSite","@id":"https:\/\/happyinaknit.com\/lt\/#website","url":"https:\/\/happyinaknit.com\/lt\/","name":"Happyinaknit.com","description":"","potentialAction":[{"@type":"SearchAction","target":{"@type":"EntryPoint","urlTemplate":"https:\/\/happyinaknit.com\/lt\/?s={search_term_string}"},"query-input":{"@type":"PropertyValueSpecification","valueRequired":true,"valueName":"search_term_string"}}],"inLanguage":"en-US"}]}},"_links":{"self":[{"href":"https:\/\/happyinaknit.com\/en\/wp-json\/wp\/v2\/product\/2157","targetHints":{"allow":["GET"]}}],"collection":[{"href":"https:\/\/happyinaknit.com\/en\/wp-json\/wp\/v2\/product"}],"about":[{"href":"https:\/\/happyinaknit.com\/en\/wp-json\/wp\/v2\/types\/product"}],"replies":[{"embeddable":true,"href":"https:\/\/happyinaknit.com\/en\/wp-json\/wp\/v2\/comments?post=2157"}],"wp:featuredmedia":[{"embeddable":true,"href":"https:\/\/happyinaknit.com\/en\/wp-json\/wp\/v2\/media\/2163"}],"wp:attachment":[{"href":"https:\/\/happyinaknit.com\/en\/wp-json\/wp\/v2\/media?parent=2157"}],"wp:term":[{"taxonomy":"product_brand","embeddable":true,"href":"https:\/\/happyinaknit.com\/en\/wp-json\/wp\/v2\/product_brand?post=2157"},{"taxonomy":"product_cat","embeddable":true,"href":"https:\/\/happyinaknit.com\/en\/wp-json\/wp\/v2\/product_cat?post=2157"},{"taxonomy":"product_tag","embeddable":true,"href":"https:\/\/happyinaknit.com\/en\/wp-json\/wp\/v2\/product_tag?post=2157"},{"taxonomy":"pro-kategorijos","embeddable":true,"href":"https:\/\/happyinaknit.com\/en\/wp-json\/wp\/v2\/pro-kategorijos?post=2157"}],"curies":[{"name":"wp","href":"https:\/\/api.w.org\/{rel}","templated":true}]}}