{"id":2104,"date":"2025-10-01T09:28:09","date_gmt":"2025-10-01T09:28:09","guid":{"rendered":"https:\/\/happyinaknit.com\/?post_type=product&#038;p=2104"},"modified":"2026-01-11T13:49:40","modified_gmt":"2026-01-11T13:49:40","slug":"regia-premium-merino-yak-color","status":"publish","type":"product","link":"https:\/\/happyinaknit.com\/en\/product\/regia-premium-merino-yak-color\/","title":{"rendered":"Regia Premium Merino Yak Color"},"content":{"rendered":"<p data-start=\"190\" data-end=\"571\">High-quality sock yarn made of merino wool with yak fiber and polyamide, giving knitwear warmth, softness and durability. This yarn is perfect for socks, provides comfort and retains its shape even after multiple washings. The color variations allow you to create stylish, vibrant knitwear, and the combinable fiber ensures warmth and a pleasant touch.<\/p>\n<p data-start=\"573\" data-end=\"805\"><strong data-start=\"573\" data-end=\"585\">Composition:<\/strong> 58% merino wool, 14% yak, 28% polyamide<br data-start=\"629\" data-end=\"632\" \/><strong data-start=\"632\" data-end=\"654\">Weight \/ length:<\/strong> 100 g \u2014 400 m<br data-start=\"668\" data-end=\"671\" \/><strong data-start=\"671\" data-end=\"684\">Needles:<\/strong> 2-3mm<br data-start=\"691\" data-end=\"694\" \/><strong data-start=\"694\" data-end=\"707\">Density:<\/strong> 10 \u00d7 10 cm \u2248 30 mesh \u00d7 42 rows<br data-start=\"739\" data-end=\"742\" \/><strong data-start=\"742\" data-end=\"769\">Recommended quantity:<\/strong> One ball is needed for a pair of socks.<\/p>\n<p data-start=\"807\" data-end=\"823\"><strong data-start=\"807\" data-end=\"821\">Care:<\/strong><\/p>\n<ul data-start=\"824\" data-end=\"893\">\n<li data-start=\"824\" data-end=\"856\">\n<p data-start=\"826\" data-end=\"856\">Hand wash (up to 30 \u00b0C)<\/p>\n<\/li>\n<li data-start=\"857\" data-end=\"893\">\n<p data-start=\"859\" data-end=\"893\">Dry flat horizontally<\/p>\n<\/li>\n<\/ul>","protected":false},"excerpt":{"rendered":"<p>Auk\u0161tos kokyb\u0117s kojini\u0173 si\u016blai i\u0161 merino vilnos su yako pluo\u0161tu ir poliamidu, suteikiantys mezginiams \u0161ilumos, mink\u0161tumo ir patvarumo. \u0160ie si\u016blai puikiai tinka kojin\u0117ms, suteikia komforto ir i\u0161laiko form\u0105 net po daugkartinio skalbimo. Spalvoti variantai leid\u017eia kurti stilingus, gyvybingus mezginius, o derinamas pluo\u0161tas u\u017etikrina \u0161ilum\u0105 ir malon\u0173 prisilietim\u0105. Sud\u0117tis: 58% merino vilna, 14% yakas, 28% poliamidasSvoris [&hellip;]<\/p>\n","protected":false},"featured_media":2120,"comment_status":"open","ping_status":"closed","template":"","meta":{"_acf_changed":false},"product_brand":[65],"product_cat":[15,18,94],"product_tag":[],"pro-kategorijos":[76,56],"class_list":{"0":"post-2104","1":"product","2":"type-product","3":"status-publish","4":"has-post-thumbnail","6":"product_brand-regia","7":"product_cat-visi-produktai","8":"product_cat-siulai","9":"product_cat-siulai-kojinems","10":"pro-kategorijos-baby-yako-vilna","11":"pro-kategorijos-vilna","13":"first","14":"instock","15":"shipping-taxable","16":"purchasable","17":"product-type-variable"},"acf":[],"yoast_head":"<!-- This site is optimized with the Yoast SEO plugin v26.8 - https:\/\/yoast.com\/product\/yoast-seo-wordpress\/ -->\n<title>Regia Premium Merino Yak Color - Happyinaknit.com<\/title>\n<meta name=\"robots\" content=\"index, follow, max-snippet:-1, max-image-preview:large, max-video-preview:-1\" \/>\n<link rel=\"canonical\" href=\"https:\/\/happyinaknit.com\/en\/product\/regia-premium-merino-yak-color\/\" \/>\n<meta property=\"og:locale\" content=\"en_US\" \/>\n<meta property=\"og:type\" content=\"article\" \/>\n<meta property=\"og:title\" content=\"Regia Premium Merino Yak Color - Happyinaknit.com\" \/>\n<meta property=\"og:description\" content=\"Auk\u0161tos kokyb\u0117s kojini\u0173 si\u016blai i\u0161 merino vilnos su yako pluo\u0161tu ir poliamidu, suteikiantys mezginiams \u0161ilumos, mink\u0161tumo ir patvarumo. \u0160ie si\u016blai puikiai tinka kojin\u0117ms, suteikia komforto ir i\u0161laiko form\u0105 net po daugkartinio skalbimo. Spalvoti variantai leid\u017eia kurti stilingus, gyvybingus mezginius, o derinamas pluo\u0161tas u\u017etikrina \u0161ilum\u0105 ir malon\u0173 prisilietim\u0105. Sud\u0117tis: 58% merino vilna, 14% yakas, 28% poliamidasSvoris [&hellip;]\" \/>\n<meta property=\"og:url\" content=\"https:\/\/happyinaknit.com\/en\/product\/regia-premium-merino-yak-color\/\" \/>\n<meta property=\"og:site_name\" content=\"Happyinaknit.com\" \/>\n<meta property=\"article:modified_time\" content=\"2026-01-11T13:49:40+00:00\" \/>\n<meta property=\"og:image\" content=\"https:\/\/happyinaknit.com\/wp-content\/uploads\/2025\/10\/\u0421\u043d\u0438\u043c\u043e\u043a-\u044d\u043a\u0440\u0430\u043d\u0430-2025-10-01-\u0432-12.47.45.png\" \/>\n\t<meta property=\"og:image:width\" content=\"962\" \/>\n\t<meta property=\"og:image:height\" content=\"1128\" \/>\n\t<meta property=\"og:image:type\" content=\"image\/png\" \/>\n<meta name=\"twitter:card\" content=\"summary_large_image\" \/>\n<script type=\"application\/ld+json\" class=\"yoast-schema-graph\">{\"@context\":\"https:\/\/schema.org\",\"@graph\":[{\"@type\":\"WebPage\",\"@id\":\"https:\/\/happyinaknit.com\/produktas\/regia-premium-merino-yak-color\/\",\"url\":\"https:\/\/happyinaknit.com\/produktas\/regia-premium-merino-yak-color\/\",\"name\":\"Regia Premium Merino Yak Color - Happyinaknit.com\",\"isPartOf\":{\"@id\":\"https:\/\/happyinaknit.com\/lt\/#website\"},\"primaryImageOfPage\":{\"@id\":\"https:\/\/happyinaknit.com\/produktas\/regia-premium-merino-yak-color\/#primaryimage\"},\"image\":{\"@id\":\"https:\/\/happyinaknit.com\/produktas\/regia-premium-merino-yak-color\/#primaryimage\"},\"thumbnailUrl\":\"https:\/\/happyinaknit.com\/wp-content\/uploads\/2025\/10\/\u0421\u043d\u0438\u043c\u043e\u043a-\u044d\u043a\u0440\u0430\u043d\u0430-2025-10-01-\u0432-12.47.45.png\",\"datePublished\":\"2025-10-01T09:28:09+00:00\",\"dateModified\":\"2026-01-11T13:49:40+00:00\",\"breadcrumb\":{\"@id\":\"https:\/\/happyinaknit.com\/produktas\/regia-premium-merino-yak-color\/#breadcrumb\"},\"inLanguage\":\"en-US\",\"potentialAction\":[{\"@type\":\"ReadAction\",\"target\":[\"https:\/\/happyinaknit.com\/produktas\/regia-premium-merino-yak-color\/\"]}]},{\"@type\":\"ImageObject\",\"inLanguage\":\"en-US\",\"@id\":\"https:\/\/happyinaknit.com\/produktas\/regia-premium-merino-yak-color\/#primaryimage\",\"url\":\"https:\/\/happyinaknit.com\/wp-content\/uploads\/2025\/10\/\u0421\u043d\u0438\u043c\u043e\u043a-\u044d\u043a\u0440\u0430\u043d\u0430-2025-10-01-\u0432-12.47.45.png\",\"contentUrl\":\"https:\/\/happyinaknit.com\/wp-content\/uploads\/2025\/10\/\u0421\u043d\u0438\u043c\u043e\u043a-\u044d\u043a\u0440\u0430\u043d\u0430-2025-10-01-\u0432-12.47.45.png\",\"width\":962,\"height\":1128},{\"@type\":\"BreadcrumbList\",\"@id\":\"https:\/\/happyinaknit.com\/produktas\/regia-premium-merino-yak-color\/#breadcrumb\",\"itemListElement\":[{\"@type\":\"ListItem\",\"position\":1,\"name\":\"Home\",\"item\":\"https:\/\/happyinaknit.com\/lt\/\"},{\"@type\":\"ListItem\",\"position\":2,\"name\":\"Parduotuv\u0117\",\"item\":\"https:\/\/happyinaknit.com\/lt\/parduotuve\/\"},{\"@type\":\"ListItem\",\"position\":3,\"name\":\"Regia Premium Merino Yak Color\"}]},{\"@type\":\"WebSite\",\"@id\":\"https:\/\/happyinaknit.com\/lt\/#website\",\"url\":\"https:\/\/happyinaknit.com\/lt\/\",\"name\":\"Happyinaknit.com\",\"description\":\"\",\"potentialAction\":[{\"@type\":\"SearchAction\",\"target\":{\"@type\":\"EntryPoint\",\"urlTemplate\":\"https:\/\/happyinaknit.com\/lt\/?s={search_term_string}\"},\"query-input\":{\"@type\":\"PropertyValueSpecification\",\"valueRequired\":true,\"valueName\":\"search_term_string\"}}],\"inLanguage\":\"en-US\"}]}<\/script>\n<!-- \/ Yoast SEO plugin. -->","yoast_head_json":{"title":"Regia Premium Merino Yak Color - Happyinaknit.com","robots":{"index":"index","follow":"follow","max-snippet":"max-snippet:-1","max-image-preview":"max-image-preview:large","max-video-preview":"max-video-preview:-1"},"canonical":"https:\/\/happyinaknit.com\/en\/product\/regia-premium-merino-yak-color\/","og_locale":"en_US","og_type":"article","og_title":"Regia Premium Merino Yak Color - Happyinaknit.com","og_description":"Auk\u0161tos kokyb\u0117s kojini\u0173 si\u016blai i\u0161 merino vilnos su yako pluo\u0161tu ir poliamidu, suteikiantys mezginiams \u0161ilumos, mink\u0161tumo ir patvarumo. \u0160ie si\u016blai puikiai tinka kojin\u0117ms, suteikia komforto ir i\u0161laiko form\u0105 net po daugkartinio skalbimo. Spalvoti variantai leid\u017eia kurti stilingus, gyvybingus mezginius, o derinamas pluo\u0161tas u\u017etikrina \u0161ilum\u0105 ir malon\u0173 prisilietim\u0105. Sud\u0117tis: 58% merino vilna, 14% yakas, 28% poliamidasSvoris [&hellip;]","og_url":"https:\/\/happyinaknit.com\/en\/product\/regia-premium-merino-yak-color\/","og_site_name":"Happyinaknit.com","article_modified_time":"2026-01-11T13:49:40+00:00","og_image":[{"width":962,"height":1128,"url":"https:\/\/happyinaknit.com\/wp-content\/uploads\/2025\/10\/\u0421\u043d\u0438\u043c\u043e\u043a-\u044d\u043a\u0440\u0430\u043d\u0430-2025-10-01-\u0432-12.47.45.png","type":"image\/png"}],"twitter_card":"summary_large_image","schema":{"@context":"https:\/\/schema.org","@graph":[{"@type":"WebPage","@id":"https:\/\/happyinaknit.com\/produktas\/regia-premium-merino-yak-color\/","url":"https:\/\/happyinaknit.com\/produktas\/regia-premium-merino-yak-color\/","name":"Regia Premium Merino Yak Color - Happyinaknit.com","isPartOf":{"@id":"https:\/\/happyinaknit.com\/lt\/#website"},"primaryImageOfPage":{"@id":"https:\/\/happyinaknit.com\/produktas\/regia-premium-merino-yak-color\/#primaryimage"},"image":{"@id":"https:\/\/happyinaknit.com\/produktas\/regia-premium-merino-yak-color\/#primaryimage"},"thumbnailUrl":"https:\/\/happyinaknit.com\/wp-content\/uploads\/2025\/10\/\u0421\u043d\u0438\u043c\u043e\u043a-\u044d\u043a\u0440\u0430\u043d\u0430-2025-10-01-\u0432-12.47.45.png","datePublished":"2025-10-01T09:28:09+00:00","dateModified":"2026-01-11T13:49:40+00:00","breadcrumb":{"@id":"https:\/\/happyinaknit.com\/produktas\/regia-premium-merino-yak-color\/#breadcrumb"},"inLanguage":"en-US","potentialAction":[{"@type":"ReadAction","target":["https:\/\/happyinaknit.com\/produktas\/regia-premium-merino-yak-color\/"]}]},{"@type":"ImageObject","inLanguage":"en-US","@id":"https:\/\/happyinaknit.com\/produktas\/regia-premium-merino-yak-color\/#primaryimage","url":"https:\/\/happyinaknit.com\/wp-content\/uploads\/2025\/10\/\u0421\u043d\u0438\u043c\u043e\u043a-\u044d\u043a\u0440\u0430\u043d\u0430-2025-10-01-\u0432-12.47.45.png","contentUrl":"https:\/\/happyinaknit.com\/wp-content\/uploads\/2025\/10\/\u0421\u043d\u0438\u043c\u043e\u043a-\u044d\u043a\u0440\u0430\u043d\u0430-2025-10-01-\u0432-12.47.45.png","width":962,"height":1128},{"@type":"BreadcrumbList","@id":"https:\/\/happyinaknit.com\/produktas\/regia-premium-merino-yak-color\/#breadcrumb","itemListElement":[{"@type":"ListItem","position":1,"name":"Home","item":"https:\/\/happyinaknit.com\/lt\/"},{"@type":"ListItem","position":2,"name":"Parduotuv\u0117","item":"https:\/\/happyinaknit.com\/lt\/parduotuve\/"},{"@type":"ListItem","position":3,"name":"Regia Premium Merino Yak Color"}]},{"@type":"WebSite","@id":"https:\/\/happyinaknit.com\/lt\/#website","url":"https:\/\/happyinaknit.com\/lt\/","name":"Happyinaknit.com","description":"","potentialAction":[{"@type":"SearchAction","target":{"@type":"EntryPoint","urlTemplate":"https:\/\/happyinaknit.com\/lt\/?s={search_term_string}"},"query-input":{"@type":"PropertyValueSpecification","valueRequired":true,"valueName":"search_term_string"}}],"inLanguage":"en-US"}]}},"_links":{"self":[{"href":"https:\/\/happyinaknit.com\/en\/wp-json\/wp\/v2\/product\/2104","targetHints":{"allow":["GET"]}}],"collection":[{"href":"https:\/\/happyinaknit.com\/en\/wp-json\/wp\/v2\/product"}],"about":[{"href":"https:\/\/happyinaknit.com\/en\/wp-json\/wp\/v2\/types\/product"}],"replies":[{"embeddable":true,"href":"https:\/\/happyinaknit.com\/en\/wp-json\/wp\/v2\/comments?post=2104"}],"wp:featuredmedia":[{"embeddable":true,"href":"https:\/\/happyinaknit.com\/en\/wp-json\/wp\/v2\/media\/2120"}],"wp:attachment":[{"href":"https:\/\/happyinaknit.com\/en\/wp-json\/wp\/v2\/media?parent=2104"}],"wp:term":[{"taxonomy":"product_brand","embeddable":true,"href":"https:\/\/happyinaknit.com\/en\/wp-json\/wp\/v2\/product_brand?post=2104"},{"taxonomy":"product_cat","embeddable":true,"href":"https:\/\/happyinaknit.com\/en\/wp-json\/wp\/v2\/product_cat?post=2104"},{"taxonomy":"product_tag","embeddable":true,"href":"https:\/\/happyinaknit.com\/en\/wp-json\/wp\/v2\/product_tag?post=2104"},{"taxonomy":"pro-kategorijos","embeddable":true,"href":"https:\/\/happyinaknit.com\/en\/wp-json\/wp\/v2\/pro-kategorijos?post=2104"}],"curies":[{"name":"wp","href":"https:\/\/api.w.org\/{rel}","templated":true}]}}