{"id":2087,"date":"2025-10-01T08:32:22","date_gmt":"2025-10-01T08:32:22","guid":{"rendered":"https:\/\/happyinaknit.com\/?post_type=product&#038;p=2087"},"modified":"2025-11-13T21:12:59","modified_gmt":"2025-11-13T21:12:59","slug":"regia-pairfect-design-line-by-arne-carlos","status":"publish","type":"product","link":"https:\/\/happyinaknit.com\/en\/product\/regia-pairfect-design-line-by-arne-carlos\/","title":{"rendered":"Regia Pairfect Design Line by Arne &amp; Carlos"},"content":{"rendered":"<p data-start=\"177\" data-end=\"856\">Sock yarn made of pure wool with a polyamide additive, designed to create perfectly matching pairs. With <strong data-start=\"290\" data-end=\"318\">Regia Pairfect Sock Yarn<\/strong>you can knit two \u201cideally\u201d identical socks from one 100 g ball, using the wonderful color combinations created by Arne &amp; Carlos. Each ball has a convenient \u201ceasy start\u201d strip, and the yarn is guaranteed to be knot-free. This yarn is perfect for socks up to size 46, provides comfort, warmth and durability, and thanks to carefully selected colors and patterns, the knits take on a unique design. The versatile wool allows you to experiment with various knitting projects and styles, and pairs of socks always look perfectly matched.<\/p>\n<p data-start=\"858\" data-end=\"1081\"><strong data-start=\"858\" data-end=\"870\">Composition:<\/strong> 75% wool, 25% polyamide<br data-start=\"896\" data-end=\"899\" \/><strong data-start=\"899\" data-end=\"921\">Weight \/ length:<\/strong> 100 g \u2014 420 m<br data-start=\"935\" data-end=\"938\" \/><strong data-start=\"938\" data-end=\"951\">Needles:<\/strong> 2-3mm<br data-start=\"958\" data-end=\"961\" \/><strong data-start=\"961\" data-end=\"974\">Density:<\/strong> 10 \u00d7 10 cm \u2248 30 mesh \u00d7 42 rows<br data-start=\"1006\" data-end=\"1009\" \/><strong data-start=\"1009\" data-end=\"1036\">Recommended quantity:<\/strong> socks up to size 46 require 2 balls<\/p>\n<p data-start=\"1083\" data-end=\"1099\"><strong data-start=\"1083\" data-end=\"1097\">Care:<\/strong><\/p>\n<ul data-start=\"1100\" data-end=\"1169\">\n<li data-start=\"1100\" data-end=\"1132\">\n<p data-start=\"1102\" data-end=\"1132\">Hand wash (up to 30 \u00b0C)<\/p>\n<\/li>\n<li data-start=\"1133\" data-end=\"1169\">\n<p data-start=\"1135\" data-end=\"1169\">Dry flat horizontally<\/p>\n<\/li>\n<\/ul>","protected":false},"excerpt":{"rendered":"<p>Kojini\u0173 si\u016blai i\u0161 grynos vilnos su poliamido priedu, skirti sukurti tobulai deran\u010dias poras. Su Regia Pairfect Sock Yarngalite megzti dvi \u201eidealiai\u201c identi\u0161kas kojines i\u0161 vieno 100 g kamuoliuko, naudodami nuostabius spalv\u0173 derinius, sukurtus Arne &amp; Carlos. Kiekviename kamuoliuke yra patogi \u201eeasy start\u201c juostel\u0117, o si\u016blai garantuotai be mazg\u0173. \u0160ie si\u016blai puikiai tinka kojin\u0117ms iki 46 [&hellip;]<\/p>\n","protected":false},"featured_media":2092,"comment_status":"open","ping_status":"closed","template":"","meta":{"_acf_changed":false},"product_brand":[65],"product_cat":[15,18,94],"product_tag":[],"pro-kategorijos":[56],"class_list":{"0":"post-2087","1":"product","2":"type-product","3":"status-publish","4":"has-post-thumbnail","6":"product_brand-regia","7":"product_cat-visi-produktai","8":"product_cat-siulai","9":"product_cat-siulai-kojinems","10":"pro-kategorijos-vilna","12":"first","13":"instock","14":"shipping-taxable","15":"purchasable","16":"product-type-variable"},"acf":[],"yoast_head":"<!-- This site is optimized with the Yoast SEO plugin v26.8 - https:\/\/yoast.com\/product\/yoast-seo-wordpress\/ -->\n<title>Regia Pairfect Design Line by Arne &amp; Carlos - Happyinaknit.com<\/title>\n<meta name=\"robots\" content=\"index, follow, max-snippet:-1, max-image-preview:large, max-video-preview:-1\" \/>\n<link rel=\"canonical\" href=\"https:\/\/happyinaknit.com\/en\/product\/regia-pairfect-design-line-by-arne-carlos\/\" \/>\n<meta property=\"og:locale\" content=\"en_US\" \/>\n<meta property=\"og:type\" content=\"article\" \/>\n<meta property=\"og:title\" content=\"Regia Pairfect Design Line by Arne &amp; Carlos - Happyinaknit.com\" \/>\n<meta property=\"og:description\" content=\"Kojini\u0173 si\u016blai i\u0161 grynos vilnos su poliamido priedu, skirti sukurti tobulai deran\u010dias poras. Su Regia Pairfect Sock Yarngalite megzti dvi \u201eidealiai\u201c identi\u0161kas kojines i\u0161 vieno 100 g kamuoliuko, naudodami nuostabius spalv\u0173 derinius, sukurtus Arne &amp; Carlos. Kiekviename kamuoliuke yra patogi \u201eeasy start\u201c juostel\u0117, o si\u016blai garantuotai be mazg\u0173. \u0160ie si\u016blai puikiai tinka kojin\u0117ms iki 46 [&hellip;]\" \/>\n<meta property=\"og:url\" content=\"https:\/\/happyinaknit.com\/en\/product\/regia-pairfect-design-line-by-arne-carlos\/\" \/>\n<meta property=\"og:site_name\" content=\"Happyinaknit.com\" \/>\n<meta property=\"article:modified_time\" content=\"2025-11-13T21:12:59+00:00\" \/>\n<meta property=\"og:image\" content=\"https:\/\/happyinaknit.com\/wp-content\/uploads\/2025\/10\/\u0421\u043d\u0438\u043c\u043e\u043a-\u044d\u043a\u0440\u0430\u043d\u0430-2025-10-01-\u0432-11.38.50.png\" \/>\n\t<meta property=\"og:image:width\" content=\"928\" \/>\n\t<meta property=\"og:image:height\" content=\"968\" \/>\n\t<meta property=\"og:image:type\" content=\"image\/png\" \/>\n<meta name=\"twitter:card\" content=\"summary_large_image\" \/>\n<meta name=\"twitter:label1\" content=\"Est. reading time\" \/>\n\t<meta name=\"twitter:data1\" content=\"1 minute\" \/>\n<script type=\"application\/ld+json\" class=\"yoast-schema-graph\">{\"@context\":\"https:\/\/schema.org\",\"@graph\":[{\"@type\":\"WebPage\",\"@id\":\"https:\/\/happyinaknit.com\/produktas\/regia-pairfect-design-line-by-arne-carlos\/\",\"url\":\"https:\/\/happyinaknit.com\/produktas\/regia-pairfect-design-line-by-arne-carlos\/\",\"name\":\"Regia Pairfect Design Line by Arne & Carlos - Happyinaknit.com\",\"isPartOf\":{\"@id\":\"https:\/\/happyinaknit.com\/lt\/#website\"},\"primaryImageOfPage\":{\"@id\":\"https:\/\/happyinaknit.com\/produktas\/regia-pairfect-design-line-by-arne-carlos\/#primaryimage\"},\"image\":{\"@id\":\"https:\/\/happyinaknit.com\/produktas\/regia-pairfect-design-line-by-arne-carlos\/#primaryimage\"},\"thumbnailUrl\":\"https:\/\/happyinaknit.com\/wp-content\/uploads\/2025\/10\/\u0421\u043d\u0438\u043c\u043e\u043a-\u044d\u043a\u0440\u0430\u043d\u0430-2025-10-01-\u0432-11.38.50.png\",\"datePublished\":\"2025-10-01T08:32:22+00:00\",\"dateModified\":\"2025-11-13T21:12:59+00:00\",\"breadcrumb\":{\"@id\":\"https:\/\/happyinaknit.com\/produktas\/regia-pairfect-design-line-by-arne-carlos\/#breadcrumb\"},\"inLanguage\":\"en-US\",\"potentialAction\":[{\"@type\":\"ReadAction\",\"target\":[\"https:\/\/happyinaknit.com\/produktas\/regia-pairfect-design-line-by-arne-carlos\/\"]}]},{\"@type\":\"ImageObject\",\"inLanguage\":\"en-US\",\"@id\":\"https:\/\/happyinaknit.com\/produktas\/regia-pairfect-design-line-by-arne-carlos\/#primaryimage\",\"url\":\"https:\/\/happyinaknit.com\/wp-content\/uploads\/2025\/10\/\u0421\u043d\u0438\u043c\u043e\u043a-\u044d\u043a\u0440\u0430\u043d\u0430-2025-10-01-\u0432-11.38.50.png\",\"contentUrl\":\"https:\/\/happyinaknit.com\/wp-content\/uploads\/2025\/10\/\u0421\u043d\u0438\u043c\u043e\u043a-\u044d\u043a\u0440\u0430\u043d\u0430-2025-10-01-\u0432-11.38.50.png\",\"width\":928,\"height\":968},{\"@type\":\"BreadcrumbList\",\"@id\":\"https:\/\/happyinaknit.com\/produktas\/regia-pairfect-design-line-by-arne-carlos\/#breadcrumb\",\"itemListElement\":[{\"@type\":\"ListItem\",\"position\":1,\"name\":\"Home\",\"item\":\"https:\/\/happyinaknit.com\/lt\/\"},{\"@type\":\"ListItem\",\"position\":2,\"name\":\"Parduotuv\u0117\",\"item\":\"https:\/\/happyinaknit.com\/lt\/parduotuve\/\"},{\"@type\":\"ListItem\",\"position\":3,\"name\":\"Regia Pairfect Design Line by Arne &#038; Carlos\"}]},{\"@type\":\"WebSite\",\"@id\":\"https:\/\/happyinaknit.com\/lt\/#website\",\"url\":\"https:\/\/happyinaknit.com\/lt\/\",\"name\":\"Happyinaknit.com\",\"description\":\"\",\"potentialAction\":[{\"@type\":\"SearchAction\",\"target\":{\"@type\":\"EntryPoint\",\"urlTemplate\":\"https:\/\/happyinaknit.com\/lt\/?s={search_term_string}\"},\"query-input\":{\"@type\":\"PropertyValueSpecification\",\"valueRequired\":true,\"valueName\":\"search_term_string\"}}],\"inLanguage\":\"en-US\"}]}<\/script>\n<!-- \/ Yoast SEO plugin. -->","yoast_head_json":{"title":"Regia Pairfect Design Line by Arne & Carlos - Happyinaknit.com","robots":{"index":"index","follow":"follow","max-snippet":"max-snippet:-1","max-image-preview":"max-image-preview:large","max-video-preview":"max-video-preview:-1"},"canonical":"https:\/\/happyinaknit.com\/en\/product\/regia-pairfect-design-line-by-arne-carlos\/","og_locale":"en_US","og_type":"article","og_title":"Regia Pairfect Design Line by Arne & Carlos - Happyinaknit.com","og_description":"Kojini\u0173 si\u016blai i\u0161 grynos vilnos su poliamido priedu, skirti sukurti tobulai deran\u010dias poras. Su Regia Pairfect Sock Yarngalite megzti dvi \u201eidealiai\u201c identi\u0161kas kojines i\u0161 vieno 100 g kamuoliuko, naudodami nuostabius spalv\u0173 derinius, sukurtus Arne &amp; Carlos. Kiekviename kamuoliuke yra patogi \u201eeasy start\u201c juostel\u0117, o si\u016blai garantuotai be mazg\u0173. \u0160ie si\u016blai puikiai tinka kojin\u0117ms iki 46 [&hellip;]","og_url":"https:\/\/happyinaknit.com\/en\/product\/regia-pairfect-design-line-by-arne-carlos\/","og_site_name":"Happyinaknit.com","article_modified_time":"2025-11-13T21:12:59+00:00","og_image":[{"width":928,"height":968,"url":"https:\/\/happyinaknit.com\/wp-content\/uploads\/2025\/10\/\u0421\u043d\u0438\u043c\u043e\u043a-\u044d\u043a\u0440\u0430\u043d\u0430-2025-10-01-\u0432-11.38.50.png","type":"image\/png"}],"twitter_card":"summary_large_image","twitter_misc":{"Est. reading time":"1 minute"},"schema":{"@context":"https:\/\/schema.org","@graph":[{"@type":"WebPage","@id":"https:\/\/happyinaknit.com\/produktas\/regia-pairfect-design-line-by-arne-carlos\/","url":"https:\/\/happyinaknit.com\/produktas\/regia-pairfect-design-line-by-arne-carlos\/","name":"Regia Pairfect Design Line by Arne & Carlos - Happyinaknit.com","isPartOf":{"@id":"https:\/\/happyinaknit.com\/lt\/#website"},"primaryImageOfPage":{"@id":"https:\/\/happyinaknit.com\/produktas\/regia-pairfect-design-line-by-arne-carlos\/#primaryimage"},"image":{"@id":"https:\/\/happyinaknit.com\/produktas\/regia-pairfect-design-line-by-arne-carlos\/#primaryimage"},"thumbnailUrl":"https:\/\/happyinaknit.com\/wp-content\/uploads\/2025\/10\/\u0421\u043d\u0438\u043c\u043e\u043a-\u044d\u043a\u0440\u0430\u043d\u0430-2025-10-01-\u0432-11.38.50.png","datePublished":"2025-10-01T08:32:22+00:00","dateModified":"2025-11-13T21:12:59+00:00","breadcrumb":{"@id":"https:\/\/happyinaknit.com\/produktas\/regia-pairfect-design-line-by-arne-carlos\/#breadcrumb"},"inLanguage":"en-US","potentialAction":[{"@type":"ReadAction","target":["https:\/\/happyinaknit.com\/produktas\/regia-pairfect-design-line-by-arne-carlos\/"]}]},{"@type":"ImageObject","inLanguage":"en-US","@id":"https:\/\/happyinaknit.com\/produktas\/regia-pairfect-design-line-by-arne-carlos\/#primaryimage","url":"https:\/\/happyinaknit.com\/wp-content\/uploads\/2025\/10\/\u0421\u043d\u0438\u043c\u043e\u043a-\u044d\u043a\u0440\u0430\u043d\u0430-2025-10-01-\u0432-11.38.50.png","contentUrl":"https:\/\/happyinaknit.com\/wp-content\/uploads\/2025\/10\/\u0421\u043d\u0438\u043c\u043e\u043a-\u044d\u043a\u0440\u0430\u043d\u0430-2025-10-01-\u0432-11.38.50.png","width":928,"height":968},{"@type":"BreadcrumbList","@id":"https:\/\/happyinaknit.com\/produktas\/regia-pairfect-design-line-by-arne-carlos\/#breadcrumb","itemListElement":[{"@type":"ListItem","position":1,"name":"Home","item":"https:\/\/happyinaknit.com\/lt\/"},{"@type":"ListItem","position":2,"name":"Parduotuv\u0117","item":"https:\/\/happyinaknit.com\/lt\/parduotuve\/"},{"@type":"ListItem","position":3,"name":"Regia Pairfect Design Line by Arne &#038; Carlos"}]},{"@type":"WebSite","@id":"https:\/\/happyinaknit.com\/lt\/#website","url":"https:\/\/happyinaknit.com\/lt\/","name":"Happyinaknit.com","description":"","potentialAction":[{"@type":"SearchAction","target":{"@type":"EntryPoint","urlTemplate":"https:\/\/happyinaknit.com\/lt\/?s={search_term_string}"},"query-input":{"@type":"PropertyValueSpecification","valueRequired":true,"valueName":"search_term_string"}}],"inLanguage":"en-US"}]}},"_links":{"self":[{"href":"https:\/\/happyinaknit.com\/en\/wp-json\/wp\/v2\/product\/2087","targetHints":{"allow":["GET"]}}],"collection":[{"href":"https:\/\/happyinaknit.com\/en\/wp-json\/wp\/v2\/product"}],"about":[{"href":"https:\/\/happyinaknit.com\/en\/wp-json\/wp\/v2\/types\/product"}],"replies":[{"embeddable":true,"href":"https:\/\/happyinaknit.com\/en\/wp-json\/wp\/v2\/comments?post=2087"}],"wp:featuredmedia":[{"embeddable":true,"href":"https:\/\/happyinaknit.com\/en\/wp-json\/wp\/v2\/media\/2092"}],"wp:attachment":[{"href":"https:\/\/happyinaknit.com\/en\/wp-json\/wp\/v2\/media?parent=2087"}],"wp:term":[{"taxonomy":"product_brand","embeddable":true,"href":"https:\/\/happyinaknit.com\/en\/wp-json\/wp\/v2\/product_brand?post=2087"},{"taxonomy":"product_cat","embeddable":true,"href":"https:\/\/happyinaknit.com\/en\/wp-json\/wp\/v2\/product_cat?post=2087"},{"taxonomy":"product_tag","embeddable":true,"href":"https:\/\/happyinaknit.com\/en\/wp-json\/wp\/v2\/product_tag?post=2087"},{"taxonomy":"pro-kategorijos","embeddable":true,"href":"https:\/\/happyinaknit.com\/en\/wp-json\/wp\/v2\/pro-kategorijos?post=2087"}],"curies":[{"name":"wp","href":"https:\/\/api.w.org\/{rel}","templated":true}]}}