{"id":2076,"date":"2025-10-01T08:12:40","date_gmt":"2025-10-01T08:12:40","guid":{"rendered":"https:\/\/happyinaknit.com\/?post_type=product&#038;p=2076"},"modified":"2026-03-26T14:27:13","modified_gmt":"2026-03-26T14:27:13","slug":"regia-virtuoso-color","status":"publish","type":"product","link":"https:\/\/happyinaknit.com\/en\/product\/regia-virtuoso-color\/","title":{"rendered":"Regia Virtuoso Color"},"content":{"rendered":"<p data-start=\"155\" data-end=\"539\">Sock yarn made of pure wool with polyamide additives, ensuring warmth, comfort and durability. These yarns are perfect for socks, provide comfort and retain their shape even after repeated washing. Bright color combinations and a gradient effect give the knitwear vitality and allow you to create a spectacular visual effect that is truly eye-catching.<\/p>\n<p data-start=\"541\" data-end=\"929\">This wool is specifically designed for socks, but can also be used for a variety of fall and winter projects, such as sweaters, jackets, scarves and many other knits. It is a versatile wool that allows you to create unique and personalized projects. If you are looking for high-quality wool for socks, <strong data-start=\"841\" data-end=\"865\">Regia Virtuoso Color<\/strong> \u2013 a great choice: soft, warm, durable and versatile.<\/p>\n<p data-start=\"931\" data-end=\"1151\"><strong data-start=\"931\" data-end=\"943\">Composition:<\/strong> 75% wool, 25% polyamide<br data-start=\"975\" data-end=\"978\" \/><strong data-start=\"978\" data-end=\"1000\">Weight \/ length:<\/strong> 150 g \u2014 375 m<br data-start=\"1014\" data-end=\"1017\" \/><strong data-start=\"1017\" data-end=\"1030\">Needles:<\/strong> 3-4mm<br data-start=\"1037\" data-end=\"1040\" \/><strong data-start=\"1040\" data-end=\"1053\">Density:<\/strong> 10 \u00d7 10 cm \u2248 22 mesh \u00d7 30 rows<br data-start=\"1085\" data-end=\"1088\" \/><strong data-start=\"1088\" data-end=\"1115\">Recommended quantity:<\/strong> One ball is needed for a pair of socks.<\/p>\n<p data-start=\"1153\" data-end=\"1169\"><strong data-start=\"1153\" data-end=\"1167\">Care:<\/strong><\/p>\n<ul data-start=\"1170\" data-end=\"1239\">\n<li data-start=\"1170\" data-end=\"1202\">\n<p data-start=\"1172\" data-end=\"1202\">Hand wash (up to 30 \u00b0C)<\/p>\n<\/li>\n<li data-start=\"1203\" data-end=\"1239\">\n<p data-start=\"1205\" data-end=\"1239\">Dry flat horizontally<\/p>\n<\/li>\n<\/ul>","protected":false},"excerpt":{"rendered":"<p>Kojini\u0173 si\u016blai i\u0161 grynos vilnos su poliamido priedu, u\u017etikrinantys \u0161ilum\u0105, komfort\u0105 ir ilgaam\u017ei\u0161kum\u0105. \u0160ie si\u016blai puikiai tinka kojin\u0117ms, suteikia patogumo ir puikiai i\u0161laiko form\u0105 net po daugkartinio skalbimo. Ry\u0161k\u016bs spalv\u0173 deriniai ir gradientinis efektas suteikia mezginiams gyvybingumo ir leid\u017eia sukurti spektakuliar\u0173 vizualin\u012f efekt\u0105, kuris tikrai traukia ak\u012f. \u0160i vilna specialiai skirta kojin\u0117ms, ta\u010diau j\u0105 galima [&hellip;]<\/p>\n","protected":false},"featured_media":2077,"comment_status":"open","ping_status":"closed","template":"","meta":{"_acf_changed":false},"product_brand":[65],"product_cat":[15,18,94],"product_tag":[],"pro-kategorijos":[56],"class_list":{"0":"post-2076","1":"product","2":"type-product","3":"status-publish","4":"has-post-thumbnail","6":"product_brand-regia","7":"product_cat-visi-produktai","8":"product_cat-siulai","9":"product_cat-siulai-kojinems","10":"pro-kategorijos-vilna","12":"first","13":"instock","14":"shipping-taxable","15":"purchasable","16":"product-type-variable"},"acf":[],"yoast_head":"<!-- This site is optimized with the Yoast SEO plugin v26.8 - https:\/\/yoast.com\/product\/yoast-seo-wordpress\/ -->\n<title>Regia Virtuoso Color - Happyinaknit.com<\/title>\n<meta name=\"robots\" content=\"index, follow, max-snippet:-1, max-image-preview:large, max-video-preview:-1\" \/>\n<link rel=\"canonical\" href=\"https:\/\/happyinaknit.com\/en\/product\/regia-virtuoso-color\/\" \/>\n<meta property=\"og:locale\" content=\"en_US\" \/>\n<meta property=\"og:type\" content=\"article\" \/>\n<meta property=\"og:title\" content=\"Regia Virtuoso Color - Happyinaknit.com\" \/>\n<meta property=\"og:description\" content=\"Kojini\u0173 si\u016blai i\u0161 grynos vilnos su poliamido priedu, u\u017etikrinantys \u0161ilum\u0105, komfort\u0105 ir ilgaam\u017ei\u0161kum\u0105. \u0160ie si\u016blai puikiai tinka kojin\u0117ms, suteikia patogumo ir puikiai i\u0161laiko form\u0105 net po daugkartinio skalbimo. Ry\u0161k\u016bs spalv\u0173 deriniai ir gradientinis efektas suteikia mezginiams gyvybingumo ir leid\u017eia sukurti spektakuliar\u0173 vizualin\u012f efekt\u0105, kuris tikrai traukia ak\u012f. \u0160i vilna specialiai skirta kojin\u0117ms, ta\u010diau j\u0105 galima [&hellip;]\" \/>\n<meta property=\"og:url\" content=\"https:\/\/happyinaknit.com\/en\/product\/regia-virtuoso-color\/\" \/>\n<meta property=\"og:site_name\" content=\"Happyinaknit.com\" \/>\n<meta property=\"article:modified_time\" content=\"2026-03-26T14:27:13+00:00\" \/>\n<meta property=\"og:image\" content=\"https:\/\/happyinaknit.com\/wp-content\/uploads\/2025\/10\/regia-virtuoso-color.jpg.webp\" \/>\n\t<meta property=\"og:image:width\" content=\"800\" \/>\n\t<meta property=\"og:image:height\" content=\"800\" \/>\n\t<meta property=\"og:image:type\" content=\"image\/webp\" \/>\n<meta name=\"twitter:card\" content=\"summary_large_image\" \/>\n<meta name=\"twitter:label1\" content=\"Est. reading time\" \/>\n\t<meta name=\"twitter:data1\" content=\"1 minute\" \/>\n<script type=\"application\/ld+json\" class=\"yoast-schema-graph\">{\"@context\":\"https:\/\/schema.org\",\"@graph\":[{\"@type\":\"WebPage\",\"@id\":\"https:\/\/happyinaknit.com\/produktas\/regia-virtuoso-color\/\",\"url\":\"https:\/\/happyinaknit.com\/produktas\/regia-virtuoso-color\/\",\"name\":\"Regia Virtuoso Color - Happyinaknit.com\",\"isPartOf\":{\"@id\":\"https:\/\/happyinaknit.com\/lt\/#website\"},\"primaryImageOfPage\":{\"@id\":\"https:\/\/happyinaknit.com\/produktas\/regia-virtuoso-color\/#primaryimage\"},\"image\":{\"@id\":\"https:\/\/happyinaknit.com\/produktas\/regia-virtuoso-color\/#primaryimage\"},\"thumbnailUrl\":\"https:\/\/happyinaknit.com\/wp-content\/uploads\/2025\/10\/regia-virtuoso-color.jpg.webp\",\"datePublished\":\"2025-10-01T08:12:40+00:00\",\"dateModified\":\"2026-03-26T14:27:13+00:00\",\"breadcrumb\":{\"@id\":\"https:\/\/happyinaknit.com\/produktas\/regia-virtuoso-color\/#breadcrumb\"},\"inLanguage\":\"en-US\",\"potentialAction\":[{\"@type\":\"ReadAction\",\"target\":[\"https:\/\/happyinaknit.com\/produktas\/regia-virtuoso-color\/\"]}]},{\"@type\":\"ImageObject\",\"inLanguage\":\"en-US\",\"@id\":\"https:\/\/happyinaknit.com\/produktas\/regia-virtuoso-color\/#primaryimage\",\"url\":\"https:\/\/happyinaknit.com\/wp-content\/uploads\/2025\/10\/regia-virtuoso-color.jpg.webp\",\"contentUrl\":\"https:\/\/happyinaknit.com\/wp-content\/uploads\/2025\/10\/regia-virtuoso-color.jpg.webp\",\"width\":800,\"height\":800},{\"@type\":\"BreadcrumbList\",\"@id\":\"https:\/\/happyinaknit.com\/produktas\/regia-virtuoso-color\/#breadcrumb\",\"itemListElement\":[{\"@type\":\"ListItem\",\"position\":1,\"name\":\"Home\",\"item\":\"https:\/\/happyinaknit.com\/lt\/\"},{\"@type\":\"ListItem\",\"position\":2,\"name\":\"Parduotuv\u0117\",\"item\":\"https:\/\/happyinaknit.com\/lt\/parduotuve\/\"},{\"@type\":\"ListItem\",\"position\":3,\"name\":\"Regia Virtuoso Color\"}]},{\"@type\":\"WebSite\",\"@id\":\"https:\/\/happyinaknit.com\/lt\/#website\",\"url\":\"https:\/\/happyinaknit.com\/lt\/\",\"name\":\"Happyinaknit.com\",\"description\":\"\",\"potentialAction\":[{\"@type\":\"SearchAction\",\"target\":{\"@type\":\"EntryPoint\",\"urlTemplate\":\"https:\/\/happyinaknit.com\/lt\/?s={search_term_string}\"},\"query-input\":{\"@type\":\"PropertyValueSpecification\",\"valueRequired\":true,\"valueName\":\"search_term_string\"}}],\"inLanguage\":\"en-US\"}]}<\/script>\n<!-- \/ Yoast SEO plugin. -->","yoast_head_json":{"title":"Regia Virtuoso Color - Happyinaknit.com","robots":{"index":"index","follow":"follow","max-snippet":"max-snippet:-1","max-image-preview":"max-image-preview:large","max-video-preview":"max-video-preview:-1"},"canonical":"https:\/\/happyinaknit.com\/en\/product\/regia-virtuoso-color\/","og_locale":"en_US","og_type":"article","og_title":"Regia Virtuoso Color - Happyinaknit.com","og_description":"Kojini\u0173 si\u016blai i\u0161 grynos vilnos su poliamido priedu, u\u017etikrinantys \u0161ilum\u0105, komfort\u0105 ir ilgaam\u017ei\u0161kum\u0105. \u0160ie si\u016blai puikiai tinka kojin\u0117ms, suteikia patogumo ir puikiai i\u0161laiko form\u0105 net po daugkartinio skalbimo. Ry\u0161k\u016bs spalv\u0173 deriniai ir gradientinis efektas suteikia mezginiams gyvybingumo ir leid\u017eia sukurti spektakuliar\u0173 vizualin\u012f efekt\u0105, kuris tikrai traukia ak\u012f. \u0160i vilna specialiai skirta kojin\u0117ms, ta\u010diau j\u0105 galima [&hellip;]","og_url":"https:\/\/happyinaknit.com\/en\/product\/regia-virtuoso-color\/","og_site_name":"Happyinaknit.com","article_modified_time":"2026-03-26T14:27:13+00:00","og_image":[{"width":800,"height":800,"url":"https:\/\/happyinaknit.com\/wp-content\/uploads\/2025\/10\/regia-virtuoso-color.jpg.webp","type":"image\/webp"}],"twitter_card":"summary_large_image","twitter_misc":{"Est. reading time":"1 minute"},"schema":{"@context":"https:\/\/schema.org","@graph":[{"@type":"WebPage","@id":"https:\/\/happyinaknit.com\/produktas\/regia-virtuoso-color\/","url":"https:\/\/happyinaknit.com\/produktas\/regia-virtuoso-color\/","name":"Regia Virtuoso Color - Happyinaknit.com","isPartOf":{"@id":"https:\/\/happyinaknit.com\/lt\/#website"},"primaryImageOfPage":{"@id":"https:\/\/happyinaknit.com\/produktas\/regia-virtuoso-color\/#primaryimage"},"image":{"@id":"https:\/\/happyinaknit.com\/produktas\/regia-virtuoso-color\/#primaryimage"},"thumbnailUrl":"https:\/\/happyinaknit.com\/wp-content\/uploads\/2025\/10\/regia-virtuoso-color.jpg.webp","datePublished":"2025-10-01T08:12:40+00:00","dateModified":"2026-03-26T14:27:13+00:00","breadcrumb":{"@id":"https:\/\/happyinaknit.com\/produktas\/regia-virtuoso-color\/#breadcrumb"},"inLanguage":"en-US","potentialAction":[{"@type":"ReadAction","target":["https:\/\/happyinaknit.com\/produktas\/regia-virtuoso-color\/"]}]},{"@type":"ImageObject","inLanguage":"en-US","@id":"https:\/\/happyinaknit.com\/produktas\/regia-virtuoso-color\/#primaryimage","url":"https:\/\/happyinaknit.com\/wp-content\/uploads\/2025\/10\/regia-virtuoso-color.jpg.webp","contentUrl":"https:\/\/happyinaknit.com\/wp-content\/uploads\/2025\/10\/regia-virtuoso-color.jpg.webp","width":800,"height":800},{"@type":"BreadcrumbList","@id":"https:\/\/happyinaknit.com\/produktas\/regia-virtuoso-color\/#breadcrumb","itemListElement":[{"@type":"ListItem","position":1,"name":"Home","item":"https:\/\/happyinaknit.com\/lt\/"},{"@type":"ListItem","position":2,"name":"Parduotuv\u0117","item":"https:\/\/happyinaknit.com\/lt\/parduotuve\/"},{"@type":"ListItem","position":3,"name":"Regia Virtuoso Color"}]},{"@type":"WebSite","@id":"https:\/\/happyinaknit.com\/lt\/#website","url":"https:\/\/happyinaknit.com\/lt\/","name":"Happyinaknit.com","description":"","potentialAction":[{"@type":"SearchAction","target":{"@type":"EntryPoint","urlTemplate":"https:\/\/happyinaknit.com\/lt\/?s={search_term_string}"},"query-input":{"@type":"PropertyValueSpecification","valueRequired":true,"valueName":"search_term_string"}}],"inLanguage":"en-US"}]}},"_links":{"self":[{"href":"https:\/\/happyinaknit.com\/en\/wp-json\/wp\/v2\/product\/2076","targetHints":{"allow":["GET"]}}],"collection":[{"href":"https:\/\/happyinaknit.com\/en\/wp-json\/wp\/v2\/product"}],"about":[{"href":"https:\/\/happyinaknit.com\/en\/wp-json\/wp\/v2\/types\/product"}],"replies":[{"embeddable":true,"href":"https:\/\/happyinaknit.com\/en\/wp-json\/wp\/v2\/comments?post=2076"}],"wp:featuredmedia":[{"embeddable":true,"href":"https:\/\/happyinaknit.com\/en\/wp-json\/wp\/v2\/media\/2077"}],"wp:attachment":[{"href":"https:\/\/happyinaknit.com\/en\/wp-json\/wp\/v2\/media?parent=2076"}],"wp:term":[{"taxonomy":"product_brand","embeddable":true,"href":"https:\/\/happyinaknit.com\/en\/wp-json\/wp\/v2\/product_brand?post=2076"},{"taxonomy":"product_cat","embeddable":true,"href":"https:\/\/happyinaknit.com\/en\/wp-json\/wp\/v2\/product_cat?post=2076"},{"taxonomy":"product_tag","embeddable":true,"href":"https:\/\/happyinaknit.com\/en\/wp-json\/wp\/v2\/product_tag?post=2076"},{"taxonomy":"pro-kategorijos","embeddable":true,"href":"https:\/\/happyinaknit.com\/en\/wp-json\/wp\/v2\/pro-kategorijos?post=2076"}],"curies":[{"name":"wp","href":"https:\/\/api.w.org\/{rel}","templated":true}]}}