{"id":2073,"date":"2025-10-01T07:56:49","date_gmt":"2025-10-01T07:56:49","guid":{"rendered":"https:\/\/happyinaknit.com\/?post_type=product&#038;p=2073"},"modified":"2025-11-13T21:45:16","modified_gmt":"2025-11-13T21:45:16","slug":"rowan-kidsilk-hae","status":"publish","type":"product","link":"https:\/\/happyinaknit.com\/en\/product\/rowan-kidsilk-hae\/","title":{"rendered":"Rowan Kidsilk Haze"},"content":{"rendered":"<p data-start=\"173\" data-end=\"722\">The extremely popular Kidsilk Hae yarn combines the softness of superkid mohair with the bright sheen of silk, creating an extraordinary sense of luxury in knitwear. This yarn is loved by knitters all over the world. It can be used with different needle sizes to create different effects and styles, and Kidsilk Hae is a particular favorite choice for lace lovers. When combined with other yarns, knitting takes on an almost magical look.<\/p>\n<p data-start=\"173\" data-end=\"722\"><strong data-start=\"724\" data-end=\"736\">Composition:<\/strong> 70% superkid mohair, 30% natural silk<br data-start=\"779\" data-end=\"782\" \/><strong data-start=\"782\" data-end=\"798\">Ball:<\/strong> 25 g \u2014 210 m<br data-start=\"811\" data-end=\"814\" \/><strong data-start=\"814\" data-end=\"827\">Needles:<\/strong> 3.5-5.0mm<br data-start=\"838\" data-end=\"841\" \/><strong data-start=\"841\" data-end=\"854\">Density:<\/strong> 10 \u00d7 10 cm \u2248 18\u201325 mesh \u00d7 23\u201334 rows<br data-start=\"892\" data-end=\"895\" \/><strong data-start=\"895\" data-end=\"922\">Recommended quantity:<\/strong> For a sweater of size S\u2013M \u2013 4\u20135 balls (quantity is approximate, depends on knitting density, pattern and model)<\/p>\n<p data-start=\"1035\" data-end=\"1051\"><strong data-start=\"1035\" data-end=\"1049\">Care:<\/strong><\/p>\n<ul data-start=\"1052\" data-end=\"1121\">\n<li data-start=\"1052\" data-end=\"1084\">\n<p data-start=\"1054\" data-end=\"1084\">Hand wash (up to 30 \u00b0C)<\/p>\n<\/li>\n<li data-start=\"1085\" data-end=\"1121\">\n<p data-start=\"1087\" data-end=\"1121\">Dry flat horizontally<\/p>\n<\/li>\n<\/ul>","protected":false},"excerpt":{"rendered":"<p>Itin populiar\u016bs Kidsilk Hae si\u016blai derina mink\u0161t\u0105 superkid moher\u0105 su ry\u0161kiu \u0161ilko blizgesiu, sukurdami nepaprast\u0105 prabangos poj\u016bt\u012f mezginiams. \u0160ie si\u016blai yra m\u0117gstami mezg\u0117j\u0173 visame pasaulyje. Galima naudoti su \u012fvairaus storio virbalais, kad sukurtum\u0117te skirtingus efektus ir stilius, o n\u0117rini\u0173 m\u0117g\u0117jams Kidsilk Hae tampa ypa\u010d m\u0117gstamu pasirinkimu. Derinant su kitais si\u016blais, mezginys \u012fgyja beveik magi\u0161k\u0105 i\u0161vaizd\u0105. [&hellip;]<\/p>\n","protected":false},"featured_media":2074,"comment_status":"open","ping_status":"closed","template":"","meta":{"_acf_changed":false},"product_brand":[59],"product_cat":[15,182,18],"product_tag":[33],"pro-kategorijos":[74,77],"class_list":{"0":"post-2073","1":"product","2":"type-product","3":"status-publish","4":"has-post-thumbnail","6":"product_brand-rowan","7":"product_cat-visi-produktai","8":"product_cat-ispardavimas","9":"product_cat-siulai","10":"product_tag-ispardavimas","11":"pro-kategorijos-moheras","12":"pro-kategorijos-silkas","14":"first","15":"instock","16":"sale","17":"shipping-taxable","18":"purchasable","19":"product-type-variable"},"acf":[],"yoast_head":"<!-- This site is optimized with the Yoast SEO plugin v26.8 - https:\/\/yoast.com\/product\/yoast-seo-wordpress\/ -->\n<title>Rowan Kidsilk Haze - Happyinaknit.com<\/title>\n<meta name=\"robots\" content=\"index, follow, max-snippet:-1, max-image-preview:large, max-video-preview:-1\" \/>\n<link rel=\"canonical\" href=\"https:\/\/happyinaknit.com\/en\/product\/rowan-kidsilk-hae\/\" \/>\n<meta property=\"og:locale\" content=\"en_US\" \/>\n<meta property=\"og:type\" content=\"article\" \/>\n<meta property=\"og:title\" content=\"Rowan Kidsilk Haze - Happyinaknit.com\" \/>\n<meta property=\"og:description\" content=\"Itin populiar\u016bs Kidsilk Hae si\u016blai derina mink\u0161t\u0105 superkid moher\u0105 su ry\u0161kiu \u0161ilko blizgesiu, sukurdami nepaprast\u0105 prabangos poj\u016bt\u012f mezginiams. \u0160ie si\u016blai yra m\u0117gstami mezg\u0117j\u0173 visame pasaulyje. Galima naudoti su \u012fvairaus storio virbalais, kad sukurtum\u0117te skirtingus efektus ir stilius, o n\u0117rini\u0173 m\u0117g\u0117jams Kidsilk Hae tampa ypa\u010d m\u0117gstamu pasirinkimu. Derinant su kitais si\u016blais, mezginys \u012fgyja beveik magi\u0161k\u0105 i\u0161vaizd\u0105. [&hellip;]\" \/>\n<meta property=\"og:url\" content=\"https:\/\/happyinaknit.com\/en\/product\/rowan-kidsilk-hae\/\" \/>\n<meta property=\"og:site_name\" content=\"Happyinaknit.com\" \/>\n<meta property=\"article:modified_time\" content=\"2025-11-13T21:45:16+00:00\" \/>\n<meta property=\"og:image\" content=\"https:\/\/happyinaknit.com\/wp-content\/uploads\/2025\/10\/open-uri20210212-3-7md55h.jpeg\" \/>\n\t<meta property=\"og:image:width\" content=\"940\" \/>\n\t<meta property=\"og:image:height\" content=\"940\" \/>\n\t<meta property=\"og:image:type\" content=\"image\/jpeg\" \/>\n<meta name=\"twitter:card\" content=\"summary_large_image\" \/>\n<meta name=\"twitter:label1\" content=\"Est. reading time\" \/>\n\t<meta name=\"twitter:data1\" content=\"1 minute\" \/>\n<script type=\"application\/ld+json\" class=\"yoast-schema-graph\">{\"@context\":\"https:\/\/schema.org\",\"@graph\":[{\"@type\":\"WebPage\",\"@id\":\"https:\/\/happyinaknit.com\/produktas\/rowan-kidsilk-hae\/\",\"url\":\"https:\/\/happyinaknit.com\/produktas\/rowan-kidsilk-hae\/\",\"name\":\"Rowan Kidsilk Haze - Happyinaknit.com\",\"isPartOf\":{\"@id\":\"https:\/\/happyinaknit.com\/lt\/#website\"},\"primaryImageOfPage\":{\"@id\":\"https:\/\/happyinaknit.com\/produktas\/rowan-kidsilk-hae\/#primaryimage\"},\"image\":{\"@id\":\"https:\/\/happyinaknit.com\/produktas\/rowan-kidsilk-hae\/#primaryimage\"},\"thumbnailUrl\":\"https:\/\/happyinaknit.com\/wp-content\/uploads\/2025\/10\/open-uri20210212-3-7md55h.jpeg\",\"datePublished\":\"2025-10-01T07:56:49+00:00\",\"dateModified\":\"2025-11-13T21:45:16+00:00\",\"breadcrumb\":{\"@id\":\"https:\/\/happyinaknit.com\/produktas\/rowan-kidsilk-hae\/#breadcrumb\"},\"inLanguage\":\"en-US\",\"potentialAction\":[{\"@type\":\"ReadAction\",\"target\":[\"https:\/\/happyinaknit.com\/produktas\/rowan-kidsilk-hae\/\"]}]},{\"@type\":\"ImageObject\",\"inLanguage\":\"en-US\",\"@id\":\"https:\/\/happyinaknit.com\/produktas\/rowan-kidsilk-hae\/#primaryimage\",\"url\":\"https:\/\/happyinaknit.com\/wp-content\/uploads\/2025\/10\/open-uri20210212-3-7md55h.jpeg\",\"contentUrl\":\"https:\/\/happyinaknit.com\/wp-content\/uploads\/2025\/10\/open-uri20210212-3-7md55h.jpeg\",\"width\":940,\"height\":940},{\"@type\":\"BreadcrumbList\",\"@id\":\"https:\/\/happyinaknit.com\/produktas\/rowan-kidsilk-hae\/#breadcrumb\",\"itemListElement\":[{\"@type\":\"ListItem\",\"position\":1,\"name\":\"Home\",\"item\":\"https:\/\/happyinaknit.com\/lt\/\"},{\"@type\":\"ListItem\",\"position\":2,\"name\":\"Parduotuv\u0117\",\"item\":\"https:\/\/happyinaknit.com\/lt\/parduotuve\/\"},{\"@type\":\"ListItem\",\"position\":3,\"name\":\"Rowan Kidsilk Haze\"}]},{\"@type\":\"WebSite\",\"@id\":\"https:\/\/happyinaknit.com\/lt\/#website\",\"url\":\"https:\/\/happyinaknit.com\/lt\/\",\"name\":\"Happyinaknit.com\",\"description\":\"\",\"potentialAction\":[{\"@type\":\"SearchAction\",\"target\":{\"@type\":\"EntryPoint\",\"urlTemplate\":\"https:\/\/happyinaknit.com\/lt\/?s={search_term_string}\"},\"query-input\":{\"@type\":\"PropertyValueSpecification\",\"valueRequired\":true,\"valueName\":\"search_term_string\"}}],\"inLanguage\":\"en-US\"}]}<\/script>\n<!-- \/ Yoast SEO plugin. -->","yoast_head_json":{"title":"Rowan Kidsilk Haze - Happyinaknit.com","robots":{"index":"index","follow":"follow","max-snippet":"max-snippet:-1","max-image-preview":"max-image-preview:large","max-video-preview":"max-video-preview:-1"},"canonical":"https:\/\/happyinaknit.com\/en\/product\/rowan-kidsilk-hae\/","og_locale":"en_US","og_type":"article","og_title":"Rowan Kidsilk Haze - Happyinaknit.com","og_description":"Itin populiar\u016bs Kidsilk Hae si\u016blai derina mink\u0161t\u0105 superkid moher\u0105 su ry\u0161kiu \u0161ilko blizgesiu, sukurdami nepaprast\u0105 prabangos poj\u016bt\u012f mezginiams. \u0160ie si\u016blai yra m\u0117gstami mezg\u0117j\u0173 visame pasaulyje. Galima naudoti su \u012fvairaus storio virbalais, kad sukurtum\u0117te skirtingus efektus ir stilius, o n\u0117rini\u0173 m\u0117g\u0117jams Kidsilk Hae tampa ypa\u010d m\u0117gstamu pasirinkimu. Derinant su kitais si\u016blais, mezginys \u012fgyja beveik magi\u0161k\u0105 i\u0161vaizd\u0105. [&hellip;]","og_url":"https:\/\/happyinaknit.com\/en\/product\/rowan-kidsilk-hae\/","og_site_name":"Happyinaknit.com","article_modified_time":"2025-11-13T21:45:16+00:00","og_image":[{"width":940,"height":940,"url":"https:\/\/happyinaknit.com\/wp-content\/uploads\/2025\/10\/open-uri20210212-3-7md55h.jpeg","type":"image\/jpeg"}],"twitter_card":"summary_large_image","twitter_misc":{"Est. reading time":"1 minute"},"schema":{"@context":"https:\/\/schema.org","@graph":[{"@type":"WebPage","@id":"https:\/\/happyinaknit.com\/produktas\/rowan-kidsilk-hae\/","url":"https:\/\/happyinaknit.com\/produktas\/rowan-kidsilk-hae\/","name":"Rowan Kidsilk Haze - Happyinaknit.com","isPartOf":{"@id":"https:\/\/happyinaknit.com\/lt\/#website"},"primaryImageOfPage":{"@id":"https:\/\/happyinaknit.com\/produktas\/rowan-kidsilk-hae\/#primaryimage"},"image":{"@id":"https:\/\/happyinaknit.com\/produktas\/rowan-kidsilk-hae\/#primaryimage"},"thumbnailUrl":"https:\/\/happyinaknit.com\/wp-content\/uploads\/2025\/10\/open-uri20210212-3-7md55h.jpeg","datePublished":"2025-10-01T07:56:49+00:00","dateModified":"2025-11-13T21:45:16+00:00","breadcrumb":{"@id":"https:\/\/happyinaknit.com\/produktas\/rowan-kidsilk-hae\/#breadcrumb"},"inLanguage":"en-US","potentialAction":[{"@type":"ReadAction","target":["https:\/\/happyinaknit.com\/produktas\/rowan-kidsilk-hae\/"]}]},{"@type":"ImageObject","inLanguage":"en-US","@id":"https:\/\/happyinaknit.com\/produktas\/rowan-kidsilk-hae\/#primaryimage","url":"https:\/\/happyinaknit.com\/wp-content\/uploads\/2025\/10\/open-uri20210212-3-7md55h.jpeg","contentUrl":"https:\/\/happyinaknit.com\/wp-content\/uploads\/2025\/10\/open-uri20210212-3-7md55h.jpeg","width":940,"height":940},{"@type":"BreadcrumbList","@id":"https:\/\/happyinaknit.com\/produktas\/rowan-kidsilk-hae\/#breadcrumb","itemListElement":[{"@type":"ListItem","position":1,"name":"Home","item":"https:\/\/happyinaknit.com\/lt\/"},{"@type":"ListItem","position":2,"name":"Parduotuv\u0117","item":"https:\/\/happyinaknit.com\/lt\/parduotuve\/"},{"@type":"ListItem","position":3,"name":"Rowan Kidsilk Haze"}]},{"@type":"WebSite","@id":"https:\/\/happyinaknit.com\/lt\/#website","url":"https:\/\/happyinaknit.com\/lt\/","name":"Happyinaknit.com","description":"","potentialAction":[{"@type":"SearchAction","target":{"@type":"EntryPoint","urlTemplate":"https:\/\/happyinaknit.com\/lt\/?s={search_term_string}"},"query-input":{"@type":"PropertyValueSpecification","valueRequired":true,"valueName":"search_term_string"}}],"inLanguage":"en-US"}]}},"_links":{"self":[{"href":"https:\/\/happyinaknit.com\/en\/wp-json\/wp\/v2\/product\/2073","targetHints":{"allow":["GET"]}}],"collection":[{"href":"https:\/\/happyinaknit.com\/en\/wp-json\/wp\/v2\/product"}],"about":[{"href":"https:\/\/happyinaknit.com\/en\/wp-json\/wp\/v2\/types\/product"}],"replies":[{"embeddable":true,"href":"https:\/\/happyinaknit.com\/en\/wp-json\/wp\/v2\/comments?post=2073"}],"wp:featuredmedia":[{"embeddable":true,"href":"https:\/\/happyinaknit.com\/en\/wp-json\/wp\/v2\/media\/2074"}],"wp:attachment":[{"href":"https:\/\/happyinaknit.com\/en\/wp-json\/wp\/v2\/media?parent=2073"}],"wp:term":[{"taxonomy":"product_brand","embeddable":true,"href":"https:\/\/happyinaknit.com\/en\/wp-json\/wp\/v2\/product_brand?post=2073"},{"taxonomy":"product_cat","embeddable":true,"href":"https:\/\/happyinaknit.com\/en\/wp-json\/wp\/v2\/product_cat?post=2073"},{"taxonomy":"product_tag","embeddable":true,"href":"https:\/\/happyinaknit.com\/en\/wp-json\/wp\/v2\/product_tag?post=2073"},{"taxonomy":"pro-kategorijos","embeddable":true,"href":"https:\/\/happyinaknit.com\/en\/wp-json\/wp\/v2\/pro-kategorijos?post=2073"}],"curies":[{"name":"wp","href":"https:\/\/api.w.org\/{rel}","templated":true}]}}