{"id":2049,"date":"2025-10-01T07:15:13","date_gmt":"2025-10-01T07:15:13","guid":{"rendered":"https:\/\/happyinaknit.com\/?post_type=product&#038;p=2049"},"modified":"2025-11-28T20:52:28","modified_gmt":"2025-11-28T20:52:28","slug":"rowan-softest-alpaca","status":"publish","type":"product","link":"https:\/\/happyinaknit.com\/en\/product\/rowan-softest-alpaca\/","title":{"rendered":"Rowan Softest Alpaca"},"content":{"rendered":"<p data-start=\"155\" data-end=\"522\">The softest alpaca yarn that gives knitwear exceptional softness, warmth and comfort. This luxurious fiber is perfect for both everyday sweaters and elegant accessories such as scarves, hats or cardigans. Light, warm and extremely pleasant to the touch, these yarns will turn every knitwear into a true masterpiece of design and comfort.<\/p>\n<p data-start=\"524\" data-end=\"746\"><strong data-start=\"480\" data-end=\"492\">Composition:<\/strong> 70% alpaca, 7% wool, 23% polyamide<br data-start=\"548\" data-end=\"551\" \/><strong data-start=\"551\" data-end=\"573\">Weight \/ length:<\/strong> 50 g - 130 m<br data-start=\"591\" data-end=\"594\" \/><strong data-start=\"594\" data-end=\"607\">Needles:<\/strong> 5.0-5.5mm<br data-start=\"618\" data-end=\"621\" \/><strong data-start=\"621\" data-end=\"634\">Density:<\/strong> 10 \u00d7 10 cm \u2248 18 mesh \u00d7 24 rows<br data-start=\"666\" data-end=\"669\" \/><strong data-start=\"558\" data-end=\"585\">Recommended quantity:<\/strong> for a pair of jeans \u2013 1 ball, for an oversized sweater \u2013 7\u20138 balls<\/p>\n<p data-start=\"524\" data-end=\"746\"><strong data-start=\"748\" data-end=\"762\">Care:<\/strong><\/p>\n<ul data-start=\"765\" data-end=\"834\">\n<li data-start=\"765\" data-end=\"797\">\n<p data-start=\"767\" data-end=\"797\">Hand wash (up to 30 \u00b0C)<\/p>\n<\/li>\n<li data-start=\"798\" data-end=\"834\">\n<p data-start=\"800\" data-end=\"834\">Dry flat horizontally<\/p>\n<\/li>\n<\/ul>","protected":false},"excerpt":{"rendered":"<p>Mink\u0161\u010diausi alpakos si\u016blai, kurie suteikia mezginiams i\u0161skirtin\u012f \u0161velnum\u0105, \u0161ilum\u0105 ir komfort\u0105. \u0160is prabangus pluo\u0161tas puikiai tinka tiek kasdieniams megztiniams, tiek eleganti\u0161kiems aksesuarams, tokiems kaip \u0161alikai, kepur\u0117s ar kardiganai. Lengvi, \u0161ilti ir itin malon\u016bs liesti, \u0161ie si\u016blai pavers kiekvien\u0105 mezgin\u012f tikru dizaino ir komforto \u0161edevru. Sud\u0117tis: 70% alpaka, 7% vilna, 23% poliamidasSvoris \/ metra\u017eas: 50 g [&hellip;]<\/p>\n","protected":false},"featured_media":2061,"comment_status":"open","ping_status":"closed","template":"","meta":{"_acf_changed":false},"product_brand":[59],"product_cat":[15,18],"product_tag":[],"pro-kategorijos":[72,71,56],"class_list":{"0":"post-2049","1":"product","2":"type-product","3":"status-publish","4":"has-post-thumbnail","6":"product_brand-rowan","7":"product_cat-visi-produktai","8":"product_cat-siulai","9":"pro-kategorijos-baby-alpaka","10":"pro-kategorijos-merino-vilna","11":"pro-kategorijos-vilna","13":"first","14":"instock","15":"shipping-taxable","16":"purchasable","17":"product-type-variable"},"acf":[],"yoast_head":"<!-- This site is optimized with the Yoast SEO plugin v26.8 - https:\/\/yoast.com\/product\/yoast-seo-wordpress\/ -->\n<title>Rowan Softest Alpaca - Happyinaknit.com<\/title>\n<meta name=\"robots\" content=\"index, follow, max-snippet:-1, max-image-preview:large, max-video-preview:-1\" \/>\n<link rel=\"canonical\" href=\"https:\/\/happyinaknit.com\/en\/product\/rowan-softest-alpaca\/\" \/>\n<meta property=\"og:locale\" content=\"en_US\" \/>\n<meta property=\"og:type\" content=\"article\" \/>\n<meta property=\"og:title\" content=\"Rowan Softest Alpaca - Happyinaknit.com\" \/>\n<meta property=\"og:description\" content=\"Mink\u0161\u010diausi alpakos si\u016blai, kurie suteikia mezginiams i\u0161skirtin\u012f \u0161velnum\u0105, \u0161ilum\u0105 ir komfort\u0105. \u0160is prabangus pluo\u0161tas puikiai tinka tiek kasdieniams megztiniams, tiek eleganti\u0161kiems aksesuarams, tokiems kaip \u0161alikai, kepur\u0117s ar kardiganai. Lengvi, \u0161ilti ir itin malon\u016bs liesti, \u0161ie si\u016blai pavers kiekvien\u0105 mezgin\u012f tikru dizaino ir komforto \u0161edevru. Sud\u0117tis: 70% alpaka, 7% vilna, 23% poliamidasSvoris \/ metra\u017eas: 50 g [&hellip;]\" \/>\n<meta property=\"og:url\" content=\"https:\/\/happyinaknit.com\/en\/product\/rowan-softest-alpaca\/\" \/>\n<meta property=\"og:site_name\" content=\"Happyinaknit.com\" \/>\n<meta property=\"article:modified_time\" content=\"2025-11-28T20:52:28+00:00\" \/>\n<meta property=\"og:image\" content=\"https:\/\/happyinaknit.com\/wp-content\/uploads\/2025\/10\/IMG_8193-2.jpg\" \/>\n\t<meta property=\"og:image:width\" content=\"1301\" \/>\n\t<meta property=\"og:image:height\" content=\"1233\" \/>\n\t<meta property=\"og:image:type\" content=\"image\/jpeg\" \/>\n<meta name=\"twitter:card\" content=\"summary_large_image\" \/>\n<script type=\"application\/ld+json\" class=\"yoast-schema-graph\">{\"@context\":\"https:\/\/schema.org\",\"@graph\":[{\"@type\":\"WebPage\",\"@id\":\"https:\/\/happyinaknit.com\/produktas\/rowan-softest-alpaca\/\",\"url\":\"https:\/\/happyinaknit.com\/produktas\/rowan-softest-alpaca\/\",\"name\":\"Rowan Softest Alpaca - Happyinaknit.com\",\"isPartOf\":{\"@id\":\"https:\/\/happyinaknit.com\/lt\/#website\"},\"primaryImageOfPage\":{\"@id\":\"https:\/\/happyinaknit.com\/produktas\/rowan-softest-alpaca\/#primaryimage\"},\"image\":{\"@id\":\"https:\/\/happyinaknit.com\/produktas\/rowan-softest-alpaca\/#primaryimage\"},\"thumbnailUrl\":\"https:\/\/happyinaknit.com\/wp-content\/uploads\/2025\/10\/IMG_8193-2.jpg\",\"datePublished\":\"2025-10-01T07:15:13+00:00\",\"dateModified\":\"2025-11-28T20:52:28+00:00\",\"breadcrumb\":{\"@id\":\"https:\/\/happyinaknit.com\/produktas\/rowan-softest-alpaca\/#breadcrumb\"},\"inLanguage\":\"en-US\",\"potentialAction\":[{\"@type\":\"ReadAction\",\"target\":[\"https:\/\/happyinaknit.com\/produktas\/rowan-softest-alpaca\/\"]}]},{\"@type\":\"ImageObject\",\"inLanguage\":\"en-US\",\"@id\":\"https:\/\/happyinaknit.com\/produktas\/rowan-softest-alpaca\/#primaryimage\",\"url\":\"https:\/\/happyinaknit.com\/wp-content\/uploads\/2025\/10\/IMG_8193-2.jpg\",\"contentUrl\":\"https:\/\/happyinaknit.com\/wp-content\/uploads\/2025\/10\/IMG_8193-2.jpg\",\"width\":1301,\"height\":1233},{\"@type\":\"BreadcrumbList\",\"@id\":\"https:\/\/happyinaknit.com\/produktas\/rowan-softest-alpaca\/#breadcrumb\",\"itemListElement\":[{\"@type\":\"ListItem\",\"position\":1,\"name\":\"Home\",\"item\":\"https:\/\/happyinaknit.com\/lt\/\"},{\"@type\":\"ListItem\",\"position\":2,\"name\":\"Parduotuv\u0117\",\"item\":\"https:\/\/happyinaknit.com\/lt\/parduotuve\/\"},{\"@type\":\"ListItem\",\"position\":3,\"name\":\"Rowan Softest Alpaca\"}]},{\"@type\":\"WebSite\",\"@id\":\"https:\/\/happyinaknit.com\/lt\/#website\",\"url\":\"https:\/\/happyinaknit.com\/lt\/\",\"name\":\"Happyinaknit.com\",\"description\":\"\",\"potentialAction\":[{\"@type\":\"SearchAction\",\"target\":{\"@type\":\"EntryPoint\",\"urlTemplate\":\"https:\/\/happyinaknit.com\/lt\/?s={search_term_string}\"},\"query-input\":{\"@type\":\"PropertyValueSpecification\",\"valueRequired\":true,\"valueName\":\"search_term_string\"}}],\"inLanguage\":\"en-US\"}]}<\/script>\n<!-- \/ Yoast SEO plugin. -->","yoast_head_json":{"title":"Rowan Softest Alpaca - Happyinaknit.com","robots":{"index":"index","follow":"follow","max-snippet":"max-snippet:-1","max-image-preview":"max-image-preview:large","max-video-preview":"max-video-preview:-1"},"canonical":"https:\/\/happyinaknit.com\/en\/product\/rowan-softest-alpaca\/","og_locale":"en_US","og_type":"article","og_title":"Rowan Softest Alpaca - Happyinaknit.com","og_description":"Mink\u0161\u010diausi alpakos si\u016blai, kurie suteikia mezginiams i\u0161skirtin\u012f \u0161velnum\u0105, \u0161ilum\u0105 ir komfort\u0105. \u0160is prabangus pluo\u0161tas puikiai tinka tiek kasdieniams megztiniams, tiek eleganti\u0161kiems aksesuarams, tokiems kaip \u0161alikai, kepur\u0117s ar kardiganai. Lengvi, \u0161ilti ir itin malon\u016bs liesti, \u0161ie si\u016blai pavers kiekvien\u0105 mezgin\u012f tikru dizaino ir komforto \u0161edevru. Sud\u0117tis: 70% alpaka, 7% vilna, 23% poliamidasSvoris \/ metra\u017eas: 50 g [&hellip;]","og_url":"https:\/\/happyinaknit.com\/en\/product\/rowan-softest-alpaca\/","og_site_name":"Happyinaknit.com","article_modified_time":"2025-11-28T20:52:28+00:00","og_image":[{"width":1301,"height":1233,"url":"https:\/\/happyinaknit.com\/wp-content\/uploads\/2025\/10\/IMG_8193-2.jpg","type":"image\/jpeg"}],"twitter_card":"summary_large_image","schema":{"@context":"https:\/\/schema.org","@graph":[{"@type":"WebPage","@id":"https:\/\/happyinaknit.com\/produktas\/rowan-softest-alpaca\/","url":"https:\/\/happyinaknit.com\/produktas\/rowan-softest-alpaca\/","name":"Rowan Softest Alpaca - Happyinaknit.com","isPartOf":{"@id":"https:\/\/happyinaknit.com\/lt\/#website"},"primaryImageOfPage":{"@id":"https:\/\/happyinaknit.com\/produktas\/rowan-softest-alpaca\/#primaryimage"},"image":{"@id":"https:\/\/happyinaknit.com\/produktas\/rowan-softest-alpaca\/#primaryimage"},"thumbnailUrl":"https:\/\/happyinaknit.com\/wp-content\/uploads\/2025\/10\/IMG_8193-2.jpg","datePublished":"2025-10-01T07:15:13+00:00","dateModified":"2025-11-28T20:52:28+00:00","breadcrumb":{"@id":"https:\/\/happyinaknit.com\/produktas\/rowan-softest-alpaca\/#breadcrumb"},"inLanguage":"en-US","potentialAction":[{"@type":"ReadAction","target":["https:\/\/happyinaknit.com\/produktas\/rowan-softest-alpaca\/"]}]},{"@type":"ImageObject","inLanguage":"en-US","@id":"https:\/\/happyinaknit.com\/produktas\/rowan-softest-alpaca\/#primaryimage","url":"https:\/\/happyinaknit.com\/wp-content\/uploads\/2025\/10\/IMG_8193-2.jpg","contentUrl":"https:\/\/happyinaknit.com\/wp-content\/uploads\/2025\/10\/IMG_8193-2.jpg","width":1301,"height":1233},{"@type":"BreadcrumbList","@id":"https:\/\/happyinaknit.com\/produktas\/rowan-softest-alpaca\/#breadcrumb","itemListElement":[{"@type":"ListItem","position":1,"name":"Home","item":"https:\/\/happyinaknit.com\/lt\/"},{"@type":"ListItem","position":2,"name":"Parduotuv\u0117","item":"https:\/\/happyinaknit.com\/lt\/parduotuve\/"},{"@type":"ListItem","position":3,"name":"Rowan Softest Alpaca"}]},{"@type":"WebSite","@id":"https:\/\/happyinaknit.com\/lt\/#website","url":"https:\/\/happyinaknit.com\/lt\/","name":"Happyinaknit.com","description":"","potentialAction":[{"@type":"SearchAction","target":{"@type":"EntryPoint","urlTemplate":"https:\/\/happyinaknit.com\/lt\/?s={search_term_string}"},"query-input":{"@type":"PropertyValueSpecification","valueRequired":true,"valueName":"search_term_string"}}],"inLanguage":"en-US"}]}},"_links":{"self":[{"href":"https:\/\/happyinaknit.com\/en\/wp-json\/wp\/v2\/product\/2049","targetHints":{"allow":["GET"]}}],"collection":[{"href":"https:\/\/happyinaknit.com\/en\/wp-json\/wp\/v2\/product"}],"about":[{"href":"https:\/\/happyinaknit.com\/en\/wp-json\/wp\/v2\/types\/product"}],"replies":[{"embeddable":true,"href":"https:\/\/happyinaknit.com\/en\/wp-json\/wp\/v2\/comments?post=2049"}],"wp:featuredmedia":[{"embeddable":true,"href":"https:\/\/happyinaknit.com\/en\/wp-json\/wp\/v2\/media\/2061"}],"wp:attachment":[{"href":"https:\/\/happyinaknit.com\/en\/wp-json\/wp\/v2\/media?parent=2049"}],"wp:term":[{"taxonomy":"product_brand","embeddable":true,"href":"https:\/\/happyinaknit.com\/en\/wp-json\/wp\/v2\/product_brand?post=2049"},{"taxonomy":"product_cat","embeddable":true,"href":"https:\/\/happyinaknit.com\/en\/wp-json\/wp\/v2\/product_cat?post=2049"},{"taxonomy":"product_tag","embeddable":true,"href":"https:\/\/happyinaknit.com\/en\/wp-json\/wp\/v2\/product_tag?post=2049"},{"taxonomy":"pro-kategorijos","embeddable":true,"href":"https:\/\/happyinaknit.com\/en\/wp-json\/wp\/v2\/pro-kategorijos?post=2049"}],"curies":[{"name":"wp","href":"https:\/\/api.w.org\/{rel}","templated":true}]}}