{"id":1871,"date":"2025-09-30T18:25:47","date_gmt":"2025-09-30T18:25:47","guid":{"rendered":"https:\/\/happyinaknit.com\/?post_type=product&#038;p=1871"},"modified":"2026-04-08T15:44:00","modified_gmt":"2026-04-08T15:44:00","slug":"cardiff-cashmere-small","status":"publish","type":"product","link":"https:\/\/happyinaknit.com\/en\/product\/cardiff-cashmere-small\/","title":{"rendered":"Cardiff Cashmere Small"},"content":{"rendered":"<p data-start=\"216\" data-end=\"445\">\u00a0100 % cashmere yarn, characterized by softness, warmth and lightness. It is perfect for smaller patterns, lightweight sweaters, scarves or elegant accessories that require a subtle texture.<\/p>\n<ul data-start=\"447\" data-end=\"742\">\n<li data-start=\"447\" data-end=\"478\">\n<p data-start=\"449\" data-end=\"478\"><strong data-start=\"449\" data-end=\"461\">Composition:<\/strong> 100 % cashmere<\/p>\n<\/li>\n<li data-start=\"479\" data-end=\"517\">\n<p data-start=\"481\" data-end=\"517\"><strong data-start=\"481\" data-end=\"497\">Ball:<\/strong> 25 g (about 170 m)<\/p>\n<\/li>\n<li data-start=\"518\" data-end=\"561\">\n<p data-start=\"520\" data-end=\"561\"><strong data-start=\"520\" data-end=\"548\">Recommended needles:<\/strong> 2.5-3.0mm<\/p>\n<\/li>\n<li data-start=\"562\" data-end=\"632\">\n<p data-start=\"564\" data-end=\"632\"><strong data-start=\"564\" data-end=\"587\">Required quantity:<\/strong> For a size M sweater \u2013 about 8\u201310 balls<\/p>\n<\/li>\n<li data-start=\"633\" data-end=\"742\">\n<p data-start=\"635\" data-end=\"742\"><strong data-start=\"635\" data-end=\"649\">Care:<\/strong> hand wash at a temperature not exceeding 30 \u00b0C, dry flat<\/p>\n<\/li>\n<\/ul>\n<p data-start=\"744\" data-end=\"872\">This is a luxurious knitting choice that allows you to create knitwear that is exceptionally light, soft, and of classic beauty.<\/p>","protected":false},"excerpt":{"rendered":"<p>\u00a0100 % ka\u0161myro si\u016blai, pasi\u017eymintys \u0161velnumu, \u0161iluma ir lengvumu. Jie puikiai tinka smulkesniems ra\u0161tams, lengviems megztiniams, skaroms ar eleganti\u0161kiems aksesuarams, kuriems reikia subtilios tekst\u016bros. Sud\u0117tis: 100 % ka\u0161myras Kamuoliukas: 25 g (apie 170 m) Rekomenduojami virbalai: 2,5\u20133,0 mm Reikalingas kiekis: M dyd\u017eio megztiniui \u2013 apie 8\u201310 kamuoliuk\u0173 Prie\u017ei\u016bra: skalbti rankomis ne auk\u0161tesn\u0117je kaip 30 \u00b0C [&hellip;]<\/p>\n","protected":false},"featured_media":1874,"comment_status":"open","ping_status":"closed","template":"","meta":{"_acf_changed":false},"product_brand":[44],"product_cat":[15,18],"product_tag":[],"pro-kategorijos":[46],"class_list":{"0":"post-1871","1":"product","2":"type-product","3":"status-publish","4":"has-post-thumbnail","6":"product_brand-cardiff-cashmere","7":"product_cat-visi-produktai","8":"product_cat-siulai","9":"pro-kategorijos-kasmyras","11":"first","12":"instock","13":"shipping-taxable","14":"purchasable","15":"product-type-variable"},"acf":[],"yoast_head":"<!-- This site is optimized with the Yoast SEO plugin v26.8 - https:\/\/yoast.com\/product\/yoast-seo-wordpress\/ -->\n<title>Cardiff Cashmere Small - Happyinaknit.com<\/title>\n<meta name=\"robots\" content=\"index, follow, max-snippet:-1, max-image-preview:large, max-video-preview:-1\" \/>\n<link rel=\"canonical\" href=\"https:\/\/happyinaknit.com\/en\/product\/cardiff-cashmere-small\/\" \/>\n<meta property=\"og:locale\" content=\"en_US\" \/>\n<meta property=\"og:type\" content=\"article\" \/>\n<meta property=\"og:title\" content=\"Cardiff Cashmere Small - Happyinaknit.com\" \/>\n<meta property=\"og:description\" content=\"\u00a0100 % ka\u0161myro si\u016blai, pasi\u017eymintys \u0161velnumu, \u0161iluma ir lengvumu. Jie puikiai tinka smulkesniems ra\u0161tams, lengviems megztiniams, skaroms ar eleganti\u0161kiems aksesuarams, kuriems reikia subtilios tekst\u016bros. Sud\u0117tis: 100 % ka\u0161myras Kamuoliukas: 25 g (apie 170 m) Rekomenduojami virbalai: 2,5\u20133,0 mm Reikalingas kiekis: M dyd\u017eio megztiniui \u2013 apie 8\u201310 kamuoliuk\u0173 Prie\u017ei\u016bra: skalbti rankomis ne auk\u0161tesn\u0117je kaip 30 \u00b0C [&hellip;]\" \/>\n<meta property=\"og:url\" content=\"https:\/\/happyinaknit.com\/en\/product\/cardiff-cashmere-small\/\" \/>\n<meta property=\"og:site_name\" content=\"Happyinaknit.com\" \/>\n<meta property=\"article:modified_time\" content=\"2026-04-08T15:44:00+00:00\" \/>\n<meta property=\"og:image\" content=\"https:\/\/happyinaknit.com\/wp-content\/uploads\/2025\/09\/Small_603_MUJI_43813-scaled.jpg\" \/>\n\t<meta property=\"og:image:width\" content=\"2560\" \/>\n\t<meta property=\"og:image:height\" content=\"2560\" \/>\n\t<meta property=\"og:image:type\" content=\"image\/jpeg\" \/>\n<meta name=\"twitter:card\" content=\"summary_large_image\" \/>\n<script type=\"application\/ld+json\" class=\"yoast-schema-graph\">{\"@context\":\"https:\/\/schema.org\",\"@graph\":[{\"@type\":\"WebPage\",\"@id\":\"https:\/\/happyinaknit.com\/produktas\/cardiff-cashmere-small\/\",\"url\":\"https:\/\/happyinaknit.com\/produktas\/cardiff-cashmere-small\/\",\"name\":\"Cardiff Cashmere Small - Happyinaknit.com\",\"isPartOf\":{\"@id\":\"https:\/\/happyinaknit.com\/lt\/#website\"},\"primaryImageOfPage\":{\"@id\":\"https:\/\/happyinaknit.com\/produktas\/cardiff-cashmere-small\/#primaryimage\"},\"image\":{\"@id\":\"https:\/\/happyinaknit.com\/produktas\/cardiff-cashmere-small\/#primaryimage\"},\"thumbnailUrl\":\"https:\/\/happyinaknit.com\/wp-content\/uploads\/2025\/09\/Small_603_MUJI_43813-scaled.jpg\",\"datePublished\":\"2025-09-30T18:25:47+00:00\",\"dateModified\":\"2026-04-08T15:44:00+00:00\",\"breadcrumb\":{\"@id\":\"https:\/\/happyinaknit.com\/produktas\/cardiff-cashmere-small\/#breadcrumb\"},\"inLanguage\":\"en-US\",\"potentialAction\":[{\"@type\":\"ReadAction\",\"target\":[\"https:\/\/happyinaknit.com\/produktas\/cardiff-cashmere-small\/\"]}]},{\"@type\":\"ImageObject\",\"inLanguage\":\"en-US\",\"@id\":\"https:\/\/happyinaknit.com\/produktas\/cardiff-cashmere-small\/#primaryimage\",\"url\":\"https:\/\/happyinaknit.com\/wp-content\/uploads\/2025\/09\/Small_603_MUJI_43813-scaled.jpg\",\"contentUrl\":\"https:\/\/happyinaknit.com\/wp-content\/uploads\/2025\/09\/Small_603_MUJI_43813-scaled.jpg\",\"width\":2560,\"height\":2560},{\"@type\":\"BreadcrumbList\",\"@id\":\"https:\/\/happyinaknit.com\/produktas\/cardiff-cashmere-small\/#breadcrumb\",\"itemListElement\":[{\"@type\":\"ListItem\",\"position\":1,\"name\":\"Home\",\"item\":\"https:\/\/happyinaknit.com\/lt\/\"},{\"@type\":\"ListItem\",\"position\":2,\"name\":\"Parduotuv\u0117\",\"item\":\"https:\/\/happyinaknit.com\/lt\/parduotuve\/\"},{\"@type\":\"ListItem\",\"position\":3,\"name\":\"Cardiff Cashmere Small\"}]},{\"@type\":\"WebSite\",\"@id\":\"https:\/\/happyinaknit.com\/lt\/#website\",\"url\":\"https:\/\/happyinaknit.com\/lt\/\",\"name\":\"Happyinaknit.com\",\"description\":\"\",\"potentialAction\":[{\"@type\":\"SearchAction\",\"target\":{\"@type\":\"EntryPoint\",\"urlTemplate\":\"https:\/\/happyinaknit.com\/lt\/?s={search_term_string}\"},\"query-input\":{\"@type\":\"PropertyValueSpecification\",\"valueRequired\":true,\"valueName\":\"search_term_string\"}}],\"inLanguage\":\"en-US\"}]}<\/script>\n<!-- \/ Yoast SEO plugin. -->","yoast_head_json":{"title":"Cardiff Cashmere Small - Happyinaknit.com","robots":{"index":"index","follow":"follow","max-snippet":"max-snippet:-1","max-image-preview":"max-image-preview:large","max-video-preview":"max-video-preview:-1"},"canonical":"https:\/\/happyinaknit.com\/en\/product\/cardiff-cashmere-small\/","og_locale":"en_US","og_type":"article","og_title":"Cardiff Cashmere Small - Happyinaknit.com","og_description":"\u00a0100 % ka\u0161myro si\u016blai, pasi\u017eymintys \u0161velnumu, \u0161iluma ir lengvumu. Jie puikiai tinka smulkesniems ra\u0161tams, lengviems megztiniams, skaroms ar eleganti\u0161kiems aksesuarams, kuriems reikia subtilios tekst\u016bros. Sud\u0117tis: 100 % ka\u0161myras Kamuoliukas: 25 g (apie 170 m) Rekomenduojami virbalai: 2,5\u20133,0 mm Reikalingas kiekis: M dyd\u017eio megztiniui \u2013 apie 8\u201310 kamuoliuk\u0173 Prie\u017ei\u016bra: skalbti rankomis ne auk\u0161tesn\u0117je kaip 30 \u00b0C [&hellip;]","og_url":"https:\/\/happyinaknit.com\/en\/product\/cardiff-cashmere-small\/","og_site_name":"Happyinaknit.com","article_modified_time":"2026-04-08T15:44:00+00:00","og_image":[{"width":2560,"height":2560,"url":"https:\/\/happyinaknit.com\/wp-content\/uploads\/2025\/09\/Small_603_MUJI_43813-scaled.jpg","type":"image\/jpeg"}],"twitter_card":"summary_large_image","schema":{"@context":"https:\/\/schema.org","@graph":[{"@type":"WebPage","@id":"https:\/\/happyinaknit.com\/produktas\/cardiff-cashmere-small\/","url":"https:\/\/happyinaknit.com\/produktas\/cardiff-cashmere-small\/","name":"Cardiff Cashmere Small - Happyinaknit.com","isPartOf":{"@id":"https:\/\/happyinaknit.com\/lt\/#website"},"primaryImageOfPage":{"@id":"https:\/\/happyinaknit.com\/produktas\/cardiff-cashmere-small\/#primaryimage"},"image":{"@id":"https:\/\/happyinaknit.com\/produktas\/cardiff-cashmere-small\/#primaryimage"},"thumbnailUrl":"https:\/\/happyinaknit.com\/wp-content\/uploads\/2025\/09\/Small_603_MUJI_43813-scaled.jpg","datePublished":"2025-09-30T18:25:47+00:00","dateModified":"2026-04-08T15:44:00+00:00","breadcrumb":{"@id":"https:\/\/happyinaknit.com\/produktas\/cardiff-cashmere-small\/#breadcrumb"},"inLanguage":"en-US","potentialAction":[{"@type":"ReadAction","target":["https:\/\/happyinaknit.com\/produktas\/cardiff-cashmere-small\/"]}]},{"@type":"ImageObject","inLanguage":"en-US","@id":"https:\/\/happyinaknit.com\/produktas\/cardiff-cashmere-small\/#primaryimage","url":"https:\/\/happyinaknit.com\/wp-content\/uploads\/2025\/09\/Small_603_MUJI_43813-scaled.jpg","contentUrl":"https:\/\/happyinaknit.com\/wp-content\/uploads\/2025\/09\/Small_603_MUJI_43813-scaled.jpg","width":2560,"height":2560},{"@type":"BreadcrumbList","@id":"https:\/\/happyinaknit.com\/produktas\/cardiff-cashmere-small\/#breadcrumb","itemListElement":[{"@type":"ListItem","position":1,"name":"Home","item":"https:\/\/happyinaknit.com\/lt\/"},{"@type":"ListItem","position":2,"name":"Parduotuv\u0117","item":"https:\/\/happyinaknit.com\/lt\/parduotuve\/"},{"@type":"ListItem","position":3,"name":"Cardiff Cashmere Small"}]},{"@type":"WebSite","@id":"https:\/\/happyinaknit.com\/lt\/#website","url":"https:\/\/happyinaknit.com\/lt\/","name":"Happyinaknit.com","description":"","potentialAction":[{"@type":"SearchAction","target":{"@type":"EntryPoint","urlTemplate":"https:\/\/happyinaknit.com\/lt\/?s={search_term_string}"},"query-input":{"@type":"PropertyValueSpecification","valueRequired":true,"valueName":"search_term_string"}}],"inLanguage":"en-US"}]}},"_links":{"self":[{"href":"https:\/\/happyinaknit.com\/en\/wp-json\/wp\/v2\/product\/1871","targetHints":{"allow":["GET"]}}],"collection":[{"href":"https:\/\/happyinaknit.com\/en\/wp-json\/wp\/v2\/product"}],"about":[{"href":"https:\/\/happyinaknit.com\/en\/wp-json\/wp\/v2\/types\/product"}],"replies":[{"embeddable":true,"href":"https:\/\/happyinaknit.com\/en\/wp-json\/wp\/v2\/comments?post=1871"}],"wp:featuredmedia":[{"embeddable":true,"href":"https:\/\/happyinaknit.com\/en\/wp-json\/wp\/v2\/media\/1874"}],"wp:attachment":[{"href":"https:\/\/happyinaknit.com\/en\/wp-json\/wp\/v2\/media?parent=1871"}],"wp:term":[{"taxonomy":"product_brand","embeddable":true,"href":"https:\/\/happyinaknit.com\/en\/wp-json\/wp\/v2\/product_brand?post=1871"},{"taxonomy":"product_cat","embeddable":true,"href":"https:\/\/happyinaknit.com\/en\/wp-json\/wp\/v2\/product_cat?post=1871"},{"taxonomy":"product_tag","embeddable":true,"href":"https:\/\/happyinaknit.com\/en\/wp-json\/wp\/v2\/product_tag?post=1871"},{"taxonomy":"pro-kategorijos","embeddable":true,"href":"https:\/\/happyinaknit.com\/en\/wp-json\/wp\/v2\/pro-kategorijos?post=1871"}],"curies":[{"name":"wp","href":"https:\/\/api.w.org\/{rel}","templated":true}]}}