{"id":1649,"date":"2025-09-26T03:53:22","date_gmt":"2025-09-26T03:53:22","guid":{"rendered":"https:\/\/happyinaknit.com\/?post_type=product&#038;p=1649"},"modified":"2026-02-24T12:10:30","modified_gmt":"2026-02-24T12:10:30","slug":"wool-and-the-gang-take-care-mohera","status":"publish","type":"product","link":"https:\/\/happyinaknit.com\/en\/product\/wool-and-the-gang-take-care-mohera\/","title":{"rendered":"Wool and the Gang - Take Care Mohair"},"content":{"rendered":"<p class=\"p1\"><i>Take Care Mohair<\/i> \u2013 fluffy, light and extremely warm yarn made from a combination of South African mohair, wool and polyamide. Perfect for large knits, scarves, cardigans or sweaters. Knits become fluffy, soft and cozy.<\/p>\n<p class=\"p1\"><span class=\"s1\"><b>Composition:<\/b><\/span> 78 % mohair, 13 % wool, 9 % polyamide<\/p>\n<p class=\"p1\"><strong>Weight\/Length:<\/strong> 50 g - 100 m<\/p>\n<p class=\"p3\"><b>Needles:<\/b><span class=\"s2\"> 6-10mm<\/span><\/p>\n<p class=\"p1\"><span class=\"s1\"><b>Density:<\/b><\/span> 10 x 10 cm \u2248 12 stitches x 16 rows<\/p>\n<p class=\"p1\"><span class=\"s1\"><b>Care:<\/b><\/span> hand wash up to 30 \u00b0C, dry flat<\/p>","protected":false},"excerpt":{"rendered":"<p>Take Care Mohera \u2013 pur\u016bs, lengvi ir itin \u0161ilti si\u016blai i\u0161 Piet\u0173 Afrikos moheros, vilnos ir poliamido derinio. Puikiai tinka dideliems mezginiams, \u0161alikams, kardiganams ar megztiniams. Mezginiai tampa pur\u016bs, \u0161veln\u016bs ir jauk\u016bs. Sud\u0117tis: 78 % mohera, 13 % vilna, 9 % poliamidas Svoris \/ ilgis: 50 g &#8211; 100 m Virbalai: 6\u201310 mm Tankumas: 10 [&hellip;]<\/p>\n","protected":false},"featured_media":1727,"comment_status":"open","ping_status":"closed","template":"","meta":{"_acf_changed":false},"product_brand":[61],"product_cat":[15,18],"product_tag":[96],"pro-kategorijos":[74],"class_list":{"0":"post-1649","1":"product","2":"type-product","3":"status-publish","4":"has-post-thumbnail","6":"product_brand-wool-and-the-gang","7":"product_cat-visi-produktai","8":"product_cat-siulai","9":"product_tag-top","10":"pro-kategorijos-moheras","12":"first","13":"instock","14":"shipping-taxable","15":"purchasable","16":"product-type-variable"},"acf":[],"yoast_head":"<!-- This site is optimized with the Yoast SEO plugin v26.8 - https:\/\/yoast.com\/product\/yoast-seo-wordpress\/ -->\n<title>Wool and the Gang \u2013 Take Care Mohair - Happyinaknit.com<\/title>\n<meta name=\"robots\" content=\"index, follow, max-snippet:-1, max-image-preview:large, max-video-preview:-1\" \/>\n<link rel=\"canonical\" href=\"https:\/\/happyinaknit.com\/en\/product\/wool-and-the-gang-take-care-mohera\/\" \/>\n<meta property=\"og:locale\" content=\"en_US\" \/>\n<meta property=\"og:type\" content=\"article\" \/>\n<meta property=\"og:title\" content=\"Wool and the Gang \u2013 Take Care Mohair - Happyinaknit.com\" \/>\n<meta property=\"og:description\" content=\"Take Care Mohera \u2013 pur\u016bs, lengvi ir itin \u0161ilti si\u016blai i\u0161 Piet\u0173 Afrikos moheros, vilnos ir poliamido derinio. Puikiai tinka dideliems mezginiams, \u0161alikams, kardiganams ar megztiniams. Mezginiai tampa pur\u016bs, \u0161veln\u016bs ir jauk\u016bs. Sud\u0117tis: 78 % mohera, 13 % vilna, 9 % poliamidas Svoris \/ ilgis: 50 g &#8211; 100 m Virbalai: 6\u201310 mm Tankumas: 10 [&hellip;]\" \/>\n<meta property=\"og:url\" content=\"https:\/\/happyinaknit.com\/en\/product\/wool-and-the-gang-take-care-mohera\/\" \/>\n<meta property=\"og:site_name\" content=\"Happyinaknit.com\" \/>\n<meta property=\"article:modified_time\" content=\"2026-02-24T12:10:30+00:00\" \/>\n<meta property=\"og:image\" content=\"https:\/\/happyinaknit.com\/wp-content\/uploads\/2025\/09\/IMG_8107.jpeg\" \/>\n\t<meta property=\"og:image:width\" content=\"1320\" \/>\n\t<meta property=\"og:image:height\" content=\"1299\" \/>\n\t<meta property=\"og:image:type\" content=\"image\/jpeg\" \/>\n<meta name=\"twitter:card\" content=\"summary_large_image\" \/>\n<script type=\"application\/ld+json\" class=\"yoast-schema-graph\">{\"@context\":\"https:\/\/schema.org\",\"@graph\":[{\"@type\":\"WebPage\",\"@id\":\"https:\/\/happyinaknit.com\/produktas\/wool-and-the-gang-take-care-mohera\/\",\"url\":\"https:\/\/happyinaknit.com\/produktas\/wool-and-the-gang-take-care-mohera\/\",\"name\":\"Wool and the Gang \u2013 Take Care Mohair - Happyinaknit.com\",\"isPartOf\":{\"@id\":\"https:\/\/happyinaknit.com\/lt\/#website\"},\"primaryImageOfPage\":{\"@id\":\"https:\/\/happyinaknit.com\/produktas\/wool-and-the-gang-take-care-mohera\/#primaryimage\"},\"image\":{\"@id\":\"https:\/\/happyinaknit.com\/produktas\/wool-and-the-gang-take-care-mohera\/#primaryimage\"},\"thumbnailUrl\":\"https:\/\/happyinaknit.com\/wp-content\/uploads\/2025\/09\/IMG_8107.jpeg\",\"datePublished\":\"2025-09-26T03:53:22+00:00\",\"dateModified\":\"2026-02-24T12:10:30+00:00\",\"breadcrumb\":{\"@id\":\"https:\/\/happyinaknit.com\/produktas\/wool-and-the-gang-take-care-mohera\/#breadcrumb\"},\"inLanguage\":\"en-US\",\"potentialAction\":[{\"@type\":\"ReadAction\",\"target\":[\"https:\/\/happyinaknit.com\/produktas\/wool-and-the-gang-take-care-mohera\/\"]}]},{\"@type\":\"ImageObject\",\"inLanguage\":\"en-US\",\"@id\":\"https:\/\/happyinaknit.com\/produktas\/wool-and-the-gang-take-care-mohera\/#primaryimage\",\"url\":\"https:\/\/happyinaknit.com\/wp-content\/uploads\/2025\/09\/IMG_8107.jpeg\",\"contentUrl\":\"https:\/\/happyinaknit.com\/wp-content\/uploads\/2025\/09\/IMG_8107.jpeg\",\"width\":1320,\"height\":1299},{\"@type\":\"BreadcrumbList\",\"@id\":\"https:\/\/happyinaknit.com\/produktas\/wool-and-the-gang-take-care-mohera\/#breadcrumb\",\"itemListElement\":[{\"@type\":\"ListItem\",\"position\":1,\"name\":\"Home\",\"item\":\"https:\/\/happyinaknit.com\/lt\/\"},{\"@type\":\"ListItem\",\"position\":2,\"name\":\"Parduotuv\u0117\",\"item\":\"https:\/\/happyinaknit.com\/lt\/parduotuve\/\"},{\"@type\":\"ListItem\",\"position\":3,\"name\":\"Wool and the Gang \u2013 Take Care Mohair\"}]},{\"@type\":\"WebSite\",\"@id\":\"https:\/\/happyinaknit.com\/lt\/#website\",\"url\":\"https:\/\/happyinaknit.com\/lt\/\",\"name\":\"Happyinaknit.com\",\"description\":\"\",\"potentialAction\":[{\"@type\":\"SearchAction\",\"target\":{\"@type\":\"EntryPoint\",\"urlTemplate\":\"https:\/\/happyinaknit.com\/lt\/?s={search_term_string}\"},\"query-input\":{\"@type\":\"PropertyValueSpecification\",\"valueRequired\":true,\"valueName\":\"search_term_string\"}}],\"inLanguage\":\"en-US\"}]}<\/script>\n<!-- \/ Yoast SEO plugin. -->","yoast_head_json":{"title":"Wool and the Gang \u2013 Take Care Mohair - Happyinaknit.com","robots":{"index":"index","follow":"follow","max-snippet":"max-snippet:-1","max-image-preview":"max-image-preview:large","max-video-preview":"max-video-preview:-1"},"canonical":"https:\/\/happyinaknit.com\/en\/product\/wool-and-the-gang-take-care-mohera\/","og_locale":"en_US","og_type":"article","og_title":"Wool and the Gang \u2013 Take Care Mohair - Happyinaknit.com","og_description":"Take Care Mohera \u2013 pur\u016bs, lengvi ir itin \u0161ilti si\u016blai i\u0161 Piet\u0173 Afrikos moheros, vilnos ir poliamido derinio. Puikiai tinka dideliems mezginiams, \u0161alikams, kardiganams ar megztiniams. Mezginiai tampa pur\u016bs, \u0161veln\u016bs ir jauk\u016bs. Sud\u0117tis: 78 % mohera, 13 % vilna, 9 % poliamidas Svoris \/ ilgis: 50 g &#8211; 100 m Virbalai: 6\u201310 mm Tankumas: 10 [&hellip;]","og_url":"https:\/\/happyinaknit.com\/en\/product\/wool-and-the-gang-take-care-mohera\/","og_site_name":"Happyinaknit.com","article_modified_time":"2026-02-24T12:10:30+00:00","og_image":[{"width":1320,"height":1299,"url":"https:\/\/happyinaknit.com\/wp-content\/uploads\/2025\/09\/IMG_8107.jpeg","type":"image\/jpeg"}],"twitter_card":"summary_large_image","schema":{"@context":"https:\/\/schema.org","@graph":[{"@type":"WebPage","@id":"https:\/\/happyinaknit.com\/produktas\/wool-and-the-gang-take-care-mohera\/","url":"https:\/\/happyinaknit.com\/produktas\/wool-and-the-gang-take-care-mohera\/","name":"Wool and the Gang \u2013 Take Care Mohair - Happyinaknit.com","isPartOf":{"@id":"https:\/\/happyinaknit.com\/lt\/#website"},"primaryImageOfPage":{"@id":"https:\/\/happyinaknit.com\/produktas\/wool-and-the-gang-take-care-mohera\/#primaryimage"},"image":{"@id":"https:\/\/happyinaknit.com\/produktas\/wool-and-the-gang-take-care-mohera\/#primaryimage"},"thumbnailUrl":"https:\/\/happyinaknit.com\/wp-content\/uploads\/2025\/09\/IMG_8107.jpeg","datePublished":"2025-09-26T03:53:22+00:00","dateModified":"2026-02-24T12:10:30+00:00","breadcrumb":{"@id":"https:\/\/happyinaknit.com\/produktas\/wool-and-the-gang-take-care-mohera\/#breadcrumb"},"inLanguage":"en-US","potentialAction":[{"@type":"ReadAction","target":["https:\/\/happyinaknit.com\/produktas\/wool-and-the-gang-take-care-mohera\/"]}]},{"@type":"ImageObject","inLanguage":"en-US","@id":"https:\/\/happyinaknit.com\/produktas\/wool-and-the-gang-take-care-mohera\/#primaryimage","url":"https:\/\/happyinaknit.com\/wp-content\/uploads\/2025\/09\/IMG_8107.jpeg","contentUrl":"https:\/\/happyinaknit.com\/wp-content\/uploads\/2025\/09\/IMG_8107.jpeg","width":1320,"height":1299},{"@type":"BreadcrumbList","@id":"https:\/\/happyinaknit.com\/produktas\/wool-and-the-gang-take-care-mohera\/#breadcrumb","itemListElement":[{"@type":"ListItem","position":1,"name":"Home","item":"https:\/\/happyinaknit.com\/lt\/"},{"@type":"ListItem","position":2,"name":"Parduotuv\u0117","item":"https:\/\/happyinaknit.com\/lt\/parduotuve\/"},{"@type":"ListItem","position":3,"name":"Wool and the Gang \u2013 Take Care Mohair"}]},{"@type":"WebSite","@id":"https:\/\/happyinaknit.com\/lt\/#website","url":"https:\/\/happyinaknit.com\/lt\/","name":"Happyinaknit.com","description":"","potentialAction":[{"@type":"SearchAction","target":{"@type":"EntryPoint","urlTemplate":"https:\/\/happyinaknit.com\/lt\/?s={search_term_string}"},"query-input":{"@type":"PropertyValueSpecification","valueRequired":true,"valueName":"search_term_string"}}],"inLanguage":"en-US"}]}},"_links":{"self":[{"href":"https:\/\/happyinaknit.com\/en\/wp-json\/wp\/v2\/product\/1649","targetHints":{"allow":["GET"]}}],"collection":[{"href":"https:\/\/happyinaknit.com\/en\/wp-json\/wp\/v2\/product"}],"about":[{"href":"https:\/\/happyinaknit.com\/en\/wp-json\/wp\/v2\/types\/product"}],"replies":[{"embeddable":true,"href":"https:\/\/happyinaknit.com\/en\/wp-json\/wp\/v2\/comments?post=1649"}],"wp:featuredmedia":[{"embeddable":true,"href":"https:\/\/happyinaknit.com\/en\/wp-json\/wp\/v2\/media\/1727"}],"wp:attachment":[{"href":"https:\/\/happyinaknit.com\/en\/wp-json\/wp\/v2\/media?parent=1649"}],"wp:term":[{"taxonomy":"product_brand","embeddable":true,"href":"https:\/\/happyinaknit.com\/en\/wp-json\/wp\/v2\/product_brand?post=1649"},{"taxonomy":"product_cat","embeddable":true,"href":"https:\/\/happyinaknit.com\/en\/wp-json\/wp\/v2\/product_cat?post=1649"},{"taxonomy":"product_tag","embeddable":true,"href":"https:\/\/happyinaknit.com\/en\/wp-json\/wp\/v2\/product_tag?post=1649"},{"taxonomy":"pro-kategorijos","embeddable":true,"href":"https:\/\/happyinaknit.com\/en\/wp-json\/wp\/v2\/pro-kategorijos?post=1649"}],"curies":[{"name":"wp","href":"https:\/\/api.w.org\/{rel}","templated":true}]}}