{"id":1566,"date":"2025-09-25T17:02:39","date_gmt":"2025-09-25T17:02:39","guid":{"rendered":"https:\/\/happyinaknit.com\/produktas\/cardiff-cashmere-brushmere-100-kasmyro-siulai-2\/"},"modified":"2025-12-26T11:54:41","modified_gmt":"2025-12-26T11:54:41","slug":"cardiff-cashmere-brushmere-100-kasmyro-siulai-2","status":"publish","type":"product","link":"https:\/\/happyinaknit.com\/en\/product\/cardiff-cashmere-brushmere-100-kasmyro-siulai-2\/","title":{"rendered":"Cardiff Cashmere Brushmere"},"content":{"rendered":"<p data-start=\"176\" data-end=\"385\">Luxurious, ultra-soft 100 % cashmere yarn, characterized by fluffiness, warmth and lightness. It is ideal for sweaters, scarves or other cozy knits that will provide special comfort and elegance.<\/p>\n<ul data-start=\"387\" data-end=\"648\">\n<li data-start=\"387\" data-end=\"418\">\n<p data-start=\"389\" data-end=\"418\"><strong data-start=\"389\" data-end=\"401\">Composition:<\/strong> 100 % cashmere<\/p>\n<\/li>\n<li data-start=\"419\" data-end=\"456\">\n<p data-start=\"421\" data-end=\"456\"><strong data-start=\"421\" data-end=\"437\">Ball:<\/strong> 25 g (about 45 m)<\/p>\n<\/li>\n<li data-start=\"457\" data-end=\"496\">\n<p data-start=\"459\" data-end=\"496\"><strong data-start=\"459\" data-end=\"487\">Recommended needles:<\/strong> 6.0mm<\/p>\n<\/li>\n<li data-start=\"497\" data-end=\"568\">\n<p data-start=\"499\" data-end=\"568\"><strong data-start=\"499\" data-end=\"522\">Required quantity:<\/strong> For a size M sweater \u2013 about 16\u201318 balls<\/p>\n<\/li>\n<li data-start=\"569\" data-end=\"648\">\n<p data-start=\"571\" data-end=\"648\"><strong data-start=\"571\" data-end=\"585\">Care:<\/strong> hand wash up to 30 \u00b0C, dry flat<\/p>\n<\/li>\n<\/ul>\n<p data-start=\"650\" data-end=\"738\">These threads are a great choice if you are looking for exceptional quality and a timeless classic.<\/p>","protected":false},"excerpt":{"rendered":"<p>Prabang\u016bs, itin mink\u0161ti 100 % ka\u0161myro si\u016blai, pasi\u017eymintys purumu, \u0161iluma ir lengvumu. Jie idealiai tinka megztiniams, \u0161alikams ar kitiems jaukiems mezginiams, kurie suteiks ypatingo komforto ir elegancijos. Sud\u0117tis: 100 % ka\u0161myras Kamuoliukas: 25 g (apie 45 m) Rekomenduojami virbalai: 6,0 mm Reikalingas kiekis: M dyd\u017eio megztiniui \u2013 apie 16\u201318 kamuoliuk\u0173 Prie\u017ei\u016bra: skalbti rankomis iki 30 [&hellip;]<\/p>\n","protected":false},"featured_media":1837,"comment_status":"open","ping_status":"closed","template":"","meta":{"_acf_changed":false},"product_brand":[44],"product_cat":[15,18],"product_tag":[],"pro-kategorijos":[46],"class_list":{"0":"post-1566","1":"product","2":"type-product","3":"status-publish","4":"has-post-thumbnail","6":"product_brand-cardiff-cashmere","7":"product_cat-visi-produktai","8":"product_cat-siulai","9":"pro-kategorijos-kasmyras","11":"first","12":"instock","13":"shipping-taxable","14":"purchasable","15":"product-type-variable"},"acf":[],"yoast_head":"<!-- This site is optimized with the Yoast SEO plugin v26.8 - https:\/\/yoast.com\/product\/yoast-seo-wordpress\/ -->\n<title>Cardiff Cashmere Brushmere - Happyinaknit.com<\/title>\n<meta name=\"robots\" content=\"index, follow, max-snippet:-1, max-image-preview:large, max-video-preview:-1\" \/>\n<link rel=\"canonical\" href=\"https:\/\/happyinaknit.com\/en\/product\/cardiff-cashmere-brushmere-100-kasmyro-siulai-2\/\" \/>\n<meta property=\"og:locale\" content=\"en_US\" \/>\n<meta property=\"og:type\" content=\"article\" \/>\n<meta property=\"og:title\" content=\"Cardiff Cashmere Brushmere - Happyinaknit.com\" \/>\n<meta property=\"og:description\" content=\"Prabang\u016bs, itin mink\u0161ti 100 % ka\u0161myro si\u016blai, pasi\u017eymintys purumu, \u0161iluma ir lengvumu. Jie idealiai tinka megztiniams, \u0161alikams ar kitiems jaukiems mezginiams, kurie suteiks ypatingo komforto ir elegancijos. Sud\u0117tis: 100 % ka\u0161myras Kamuoliukas: 25 g (apie 45 m) Rekomenduojami virbalai: 6,0 mm Reikalingas kiekis: M dyd\u017eio megztiniui \u2013 apie 16\u201318 kamuoliuk\u0173 Prie\u017ei\u016bra: skalbti rankomis iki 30 [&hellip;]\" \/>\n<meta property=\"og:url\" content=\"https:\/\/happyinaknit.com\/en\/product\/cardiff-cashmere-brushmere-100-kasmyro-siulai-2\/\" \/>\n<meta property=\"og:site_name\" content=\"Happyinaknit.com\" \/>\n<meta property=\"article:modified_time\" content=\"2025-12-26T11:54:41+00:00\" \/>\n<meta property=\"og:image\" content=\"https:\/\/happyinaknit.com\/wp-content\/uploads\/2025\/09\/BRUSHMERE_106_MUJI_0453.jpg\" \/>\n\t<meta property=\"og:image:width\" content=\"2000\" \/>\n\t<meta property=\"og:image:height\" content=\"2000\" \/>\n\t<meta property=\"og:image:type\" content=\"image\/jpeg\" \/>\n<meta name=\"twitter:card\" content=\"summary_large_image\" \/>\n<script type=\"application\/ld+json\" class=\"yoast-schema-graph\">{\"@context\":\"https:\/\/schema.org\",\"@graph\":[{\"@type\":\"WebPage\",\"@id\":\"https:\/\/happyinaknit.com\/produktas\/cardiff-cashmere-brushmere-100-kasmyro-siulai-2\/\",\"url\":\"https:\/\/happyinaknit.com\/produktas\/cardiff-cashmere-brushmere-100-kasmyro-siulai-2\/\",\"name\":\"Cardiff Cashmere Brushmere - Happyinaknit.com\",\"isPartOf\":{\"@id\":\"https:\/\/happyinaknit.com\/lt\/#website\"},\"primaryImageOfPage\":{\"@id\":\"https:\/\/happyinaknit.com\/produktas\/cardiff-cashmere-brushmere-100-kasmyro-siulai-2\/#primaryimage\"},\"image\":{\"@id\":\"https:\/\/happyinaknit.com\/produktas\/cardiff-cashmere-brushmere-100-kasmyro-siulai-2\/#primaryimage\"},\"thumbnailUrl\":\"https:\/\/happyinaknit.com\/wp-content\/uploads\/2025\/09\/BRUSHMERE_106_MUJI_0453.jpg\",\"datePublished\":\"2025-09-25T17:02:39+00:00\",\"dateModified\":\"2025-12-26T11:54:41+00:00\",\"breadcrumb\":{\"@id\":\"https:\/\/happyinaknit.com\/produktas\/cardiff-cashmere-brushmere-100-kasmyro-siulai-2\/#breadcrumb\"},\"inLanguage\":\"en-US\",\"potentialAction\":[{\"@type\":\"ReadAction\",\"target\":[\"https:\/\/happyinaknit.com\/produktas\/cardiff-cashmere-brushmere-100-kasmyro-siulai-2\/\"]}]},{\"@type\":\"ImageObject\",\"inLanguage\":\"en-US\",\"@id\":\"https:\/\/happyinaknit.com\/produktas\/cardiff-cashmere-brushmere-100-kasmyro-siulai-2\/#primaryimage\",\"url\":\"https:\/\/happyinaknit.com\/wp-content\/uploads\/2025\/09\/BRUSHMERE_106_MUJI_0453.jpg\",\"contentUrl\":\"https:\/\/happyinaknit.com\/wp-content\/uploads\/2025\/09\/BRUSHMERE_106_MUJI_0453.jpg\",\"width\":2000,\"height\":2000},{\"@type\":\"BreadcrumbList\",\"@id\":\"https:\/\/happyinaknit.com\/produktas\/cardiff-cashmere-brushmere-100-kasmyro-siulai-2\/#breadcrumb\",\"itemListElement\":[{\"@type\":\"ListItem\",\"position\":1,\"name\":\"Home\",\"item\":\"https:\/\/happyinaknit.com\/lt\/\"},{\"@type\":\"ListItem\",\"position\":2,\"name\":\"Parduotuv\u0117\",\"item\":\"https:\/\/happyinaknit.com\/lt\/parduotuve\/\"},{\"@type\":\"ListItem\",\"position\":3,\"name\":\"Cardiff Cashmere Brushmere\"}]},{\"@type\":\"WebSite\",\"@id\":\"https:\/\/happyinaknit.com\/lt\/#website\",\"url\":\"https:\/\/happyinaknit.com\/lt\/\",\"name\":\"Happyinaknit.com\",\"description\":\"\",\"potentialAction\":[{\"@type\":\"SearchAction\",\"target\":{\"@type\":\"EntryPoint\",\"urlTemplate\":\"https:\/\/happyinaknit.com\/lt\/?s={search_term_string}\"},\"query-input\":{\"@type\":\"PropertyValueSpecification\",\"valueRequired\":true,\"valueName\":\"search_term_string\"}}],\"inLanguage\":\"en-US\"}]}<\/script>\n<!-- \/ Yoast SEO plugin. -->","yoast_head_json":{"title":"Cardiff Cashmere Brushmere - Happyinaknit.com","robots":{"index":"index","follow":"follow","max-snippet":"max-snippet:-1","max-image-preview":"max-image-preview:large","max-video-preview":"max-video-preview:-1"},"canonical":"https:\/\/happyinaknit.com\/en\/product\/cardiff-cashmere-brushmere-100-kasmyro-siulai-2\/","og_locale":"en_US","og_type":"article","og_title":"Cardiff Cashmere Brushmere - Happyinaknit.com","og_description":"Prabang\u016bs, itin mink\u0161ti 100 % ka\u0161myro si\u016blai, pasi\u017eymintys purumu, \u0161iluma ir lengvumu. Jie idealiai tinka megztiniams, \u0161alikams ar kitiems jaukiems mezginiams, kurie suteiks ypatingo komforto ir elegancijos. Sud\u0117tis: 100 % ka\u0161myras Kamuoliukas: 25 g (apie 45 m) Rekomenduojami virbalai: 6,0 mm Reikalingas kiekis: M dyd\u017eio megztiniui \u2013 apie 16\u201318 kamuoliuk\u0173 Prie\u017ei\u016bra: skalbti rankomis iki 30 [&hellip;]","og_url":"https:\/\/happyinaknit.com\/en\/product\/cardiff-cashmere-brushmere-100-kasmyro-siulai-2\/","og_site_name":"Happyinaknit.com","article_modified_time":"2025-12-26T11:54:41+00:00","og_image":[{"width":2000,"height":2000,"url":"https:\/\/happyinaknit.com\/wp-content\/uploads\/2025\/09\/BRUSHMERE_106_MUJI_0453.jpg","type":"image\/jpeg"}],"twitter_card":"summary_large_image","schema":{"@context":"https:\/\/schema.org","@graph":[{"@type":"WebPage","@id":"https:\/\/happyinaknit.com\/produktas\/cardiff-cashmere-brushmere-100-kasmyro-siulai-2\/","url":"https:\/\/happyinaknit.com\/produktas\/cardiff-cashmere-brushmere-100-kasmyro-siulai-2\/","name":"Cardiff Cashmere Brushmere - Happyinaknit.com","isPartOf":{"@id":"https:\/\/happyinaknit.com\/lt\/#website"},"primaryImageOfPage":{"@id":"https:\/\/happyinaknit.com\/produktas\/cardiff-cashmere-brushmere-100-kasmyro-siulai-2\/#primaryimage"},"image":{"@id":"https:\/\/happyinaknit.com\/produktas\/cardiff-cashmere-brushmere-100-kasmyro-siulai-2\/#primaryimage"},"thumbnailUrl":"https:\/\/happyinaknit.com\/wp-content\/uploads\/2025\/09\/BRUSHMERE_106_MUJI_0453.jpg","datePublished":"2025-09-25T17:02:39+00:00","dateModified":"2025-12-26T11:54:41+00:00","breadcrumb":{"@id":"https:\/\/happyinaknit.com\/produktas\/cardiff-cashmere-brushmere-100-kasmyro-siulai-2\/#breadcrumb"},"inLanguage":"en-US","potentialAction":[{"@type":"ReadAction","target":["https:\/\/happyinaknit.com\/produktas\/cardiff-cashmere-brushmere-100-kasmyro-siulai-2\/"]}]},{"@type":"ImageObject","inLanguage":"en-US","@id":"https:\/\/happyinaknit.com\/produktas\/cardiff-cashmere-brushmere-100-kasmyro-siulai-2\/#primaryimage","url":"https:\/\/happyinaknit.com\/wp-content\/uploads\/2025\/09\/BRUSHMERE_106_MUJI_0453.jpg","contentUrl":"https:\/\/happyinaknit.com\/wp-content\/uploads\/2025\/09\/BRUSHMERE_106_MUJI_0453.jpg","width":2000,"height":2000},{"@type":"BreadcrumbList","@id":"https:\/\/happyinaknit.com\/produktas\/cardiff-cashmere-brushmere-100-kasmyro-siulai-2\/#breadcrumb","itemListElement":[{"@type":"ListItem","position":1,"name":"Home","item":"https:\/\/happyinaknit.com\/lt\/"},{"@type":"ListItem","position":2,"name":"Parduotuv\u0117","item":"https:\/\/happyinaknit.com\/lt\/parduotuve\/"},{"@type":"ListItem","position":3,"name":"Cardiff Cashmere Brushmere"}]},{"@type":"WebSite","@id":"https:\/\/happyinaknit.com\/lt\/#website","url":"https:\/\/happyinaknit.com\/lt\/","name":"Happyinaknit.com","description":"","potentialAction":[{"@type":"SearchAction","target":{"@type":"EntryPoint","urlTemplate":"https:\/\/happyinaknit.com\/lt\/?s={search_term_string}"},"query-input":{"@type":"PropertyValueSpecification","valueRequired":true,"valueName":"search_term_string"}}],"inLanguage":"en-US"}]}},"_links":{"self":[{"href":"https:\/\/happyinaknit.com\/en\/wp-json\/wp\/v2\/product\/1566","targetHints":{"allow":["GET"]}}],"collection":[{"href":"https:\/\/happyinaknit.com\/en\/wp-json\/wp\/v2\/product"}],"about":[{"href":"https:\/\/happyinaknit.com\/en\/wp-json\/wp\/v2\/types\/product"}],"replies":[{"embeddable":true,"href":"https:\/\/happyinaknit.com\/en\/wp-json\/wp\/v2\/comments?post=1566"}],"wp:featuredmedia":[{"embeddable":true,"href":"https:\/\/happyinaknit.com\/en\/wp-json\/wp\/v2\/media\/1837"}],"wp:attachment":[{"href":"https:\/\/happyinaknit.com\/en\/wp-json\/wp\/v2\/media?parent=1566"}],"wp:term":[{"taxonomy":"product_brand","embeddable":true,"href":"https:\/\/happyinaknit.com\/en\/wp-json\/wp\/v2\/product_brand?post=1566"},{"taxonomy":"product_cat","embeddable":true,"href":"https:\/\/happyinaknit.com\/en\/wp-json\/wp\/v2\/product_cat?post=1566"},{"taxonomy":"product_tag","embeddable":true,"href":"https:\/\/happyinaknit.com\/en\/wp-json\/wp\/v2\/product_tag?post=1566"},{"taxonomy":"pro-kategorijos","embeddable":true,"href":"https:\/\/happyinaknit.com\/en\/wp-json\/wp\/v2\/pro-kategorijos?post=1566"}],"curies":[{"name":"wp","href":"https:\/\/api.w.org\/{rel}","templated":true}]}}