{"id":1418,"date":"2025-09-22T12:01:04","date_gmt":"2025-09-22T12:01:04","guid":{"rendered":"https:\/\/happyinaknit.com\/?post_type=product&#038;p=1418"},"modified":"2025-10-12T16:58:30","modified_gmt":"2025-10-12T16:58:30","slug":"mini-zirkles-geltonos-spalvos","status":"publish","type":"product","link":"https:\/\/happyinaknit.com\/en\/product\/mini-zirkles-geltonos-spalvos\/","title":{"rendered":"Cohana Seki mini scissors, green tassel"},"content":{"rendered":"<p data-start=\"0\" data-end=\"278\">Beautiful and extremely practical <strong data-start=\"27\" data-end=\"50\">mini scissors &quot;Seki&quot;<\/strong> from <strong data-start=\"54\" data-end=\"64\">Cohana<\/strong> manufactured by Japanese companies <strong data-start=\"92\" data-end=\"112\">Hasegawa Cutlery<\/strong>.<br data-start=\"113\" data-end=\"116\" \/>These spring scissors are very easy to use - just gently squeeze the handle between two fingers to precisely cut fabric or thread.<\/p>\n<p data-start=\"280\" data-end=\"506\">Each pair of scissors is sold with <strong data-start=\"317\" data-end=\"349\">small protective leather case<\/strong>, therefore they are <strong data-start=\"365\" data-end=\"415\">a great choice for traveling or working on the road<\/strong>.<br data-start=\"416\" data-end=\"419\" \/>Handmade <strong data-start=\"431\" data-end=\"449\">silk tassel<\/strong> gives the scissors an elegant and distinctive finish.<\/p>\n<p data-start=\"508\" data-end=\"666\"><strong data-start=\"508\" data-end=\"524\">Measurements:<\/strong> length 35 mm, width 22 mm, thickness 12 mm.<br data-start=\"565\" data-end=\"568\" \/><strong data-start=\"568\" data-end=\"580\">Composition:<\/strong> stainless steel blade, plastic handles, leather sheath, silk tassel.<\/p>\n<p data-start=\"668\" data-end=\"756\" data-is-last-node=\"\" data-is-only-node=\"\"><strong data-start=\"668\" data-end=\"680\">Note:<\/strong> Color shades may vary slightly depending on your device&#039;s screen.<\/p>","protected":false},"excerpt":{"rendered":"<p>Gra\u017eios ir itin prakti\u0161kos mini \u017eirkl\u0117s \u201eSeki\u201c i\u0161 Cohana gaminamos Japonijos \u012fmon\u0117s Hasegawa Cutlery.\u0160ios spyruoklin\u0117s \u017eirkl\u0117s naudojamos labai paprastai \u2013 pakanka \u0161velniai suspausti ranken\u0117l\u0119 tarp dviej\u0173 pir\u0161t\u0173, kad gal\u0117tum\u0117te tiksliai kirpti audin\u012f ar si\u016blus. Kiekviena \u017eirkli\u0173 pora parduodama su ma\u017eu apsauginiu odiniu d\u0117klu, tod\u0117l jos yra puikus pasirinkimas kelion\u0117ms ar darbui kelyje.Rank\u0173 darbo \u0161ilkinis kutas [&hellip;]<\/p>\n","protected":false},"featured_media":4582,"comment_status":"open","ping_status":"closed","template":"","meta":{"_acf_changed":false},"product_brand":[89],"product_cat":[15,20,90],"product_tag":[],"pro-kategorijos":[],"class_list":{"0":"post-1418","1":"product","2":"type-product","3":"status-publish","4":"has-post-thumbnail","6":"product_brand-cohana","7":"product_cat-visi-produktai","8":"product_cat-priedai-mezgimui","9":"product_cat-zirkles","11":"first","12":"outofstock","13":"shipping-taxable","14":"purchasable","15":"product-type-simple"},"acf":[],"yoast_head":"<!-- This site is optimized with the Yoast SEO plugin v26.8 - https:\/\/yoast.com\/product\/yoast-seo-wordpress\/ -->\n<title>Cohana Seki mini \u017eirkl\u0117s, \u017ealios spalvos kutas - Happyinaknit.com<\/title>\n<meta name=\"robots\" content=\"index, follow, max-snippet:-1, max-image-preview:large, max-video-preview:-1\" \/>\n<link rel=\"canonical\" href=\"https:\/\/happyinaknit.com\/en\/product\/mini-zirkles-geltonos-spalvos\/\" \/>\n<meta property=\"og:locale\" content=\"en_US\" \/>\n<meta property=\"og:type\" content=\"article\" \/>\n<meta property=\"og:title\" content=\"Cohana Seki mini \u017eirkl\u0117s, \u017ealios spalvos kutas - Happyinaknit.com\" \/>\n<meta property=\"og:description\" content=\"Gra\u017eios ir itin prakti\u0161kos mini \u017eirkl\u0117s \u201eSeki\u201c i\u0161 Cohana gaminamos Japonijos \u012fmon\u0117s Hasegawa Cutlery.\u0160ios spyruoklin\u0117s \u017eirkl\u0117s naudojamos labai paprastai \u2013 pakanka \u0161velniai suspausti ranken\u0117l\u0119 tarp dviej\u0173 pir\u0161t\u0173, kad gal\u0117tum\u0117te tiksliai kirpti audin\u012f ar si\u016blus. Kiekviena \u017eirkli\u0173 pora parduodama su ma\u017eu apsauginiu odiniu d\u0117klu, tod\u0117l jos yra puikus pasirinkimas kelion\u0117ms ar darbui kelyje.Rank\u0173 darbo \u0161ilkinis kutas [&hellip;]\" \/>\n<meta property=\"og:url\" content=\"https:\/\/happyinaknit.com\/en\/product\/mini-zirkles-geltonos-spalvos\/\" \/>\n<meta property=\"og:site_name\" content=\"Happyinaknit.com\" \/>\n<meta property=\"article:modified_time\" content=\"2025-10-12T16:58:30+00:00\" \/>\n<meta property=\"og:image\" content=\"https:\/\/happyinaknit.com\/wp-content\/uploads\/2025\/09\/IMG_9325.jpg\" \/>\n\t<meta property=\"og:image:width\" content=\"1320\" \/>\n\t<meta property=\"og:image:height\" content=\"1328\" \/>\n\t<meta property=\"og:image:type\" content=\"image\/jpeg\" \/>\n<meta name=\"twitter:card\" content=\"summary_large_image\" \/>\n<meta name=\"twitter:label1\" content=\"Est. reading time\" \/>\n\t<meta name=\"twitter:data1\" content=\"1 minute\" \/>\n<script type=\"application\/ld+json\" class=\"yoast-schema-graph\">{\"@context\":\"https:\/\/schema.org\",\"@graph\":[{\"@type\":\"WebPage\",\"@id\":\"https:\/\/happyinaknit.com\/produktas\/mini-zirkles-geltonos-spalvos\/\",\"url\":\"https:\/\/happyinaknit.com\/produktas\/mini-zirkles-geltonos-spalvos\/\",\"name\":\"Cohana Seki mini \u017eirkl\u0117s, \u017ealios spalvos kutas - Happyinaknit.com\",\"isPartOf\":{\"@id\":\"https:\/\/happyinaknit.com\/lt\/#website\"},\"primaryImageOfPage\":{\"@id\":\"https:\/\/happyinaknit.com\/produktas\/mini-zirkles-geltonos-spalvos\/#primaryimage\"},\"image\":{\"@id\":\"https:\/\/happyinaknit.com\/produktas\/mini-zirkles-geltonos-spalvos\/#primaryimage\"},\"thumbnailUrl\":\"https:\/\/happyinaknit.com\/wp-content\/uploads\/2025\/09\/IMG_9325.jpg\",\"datePublished\":\"2025-09-22T12:01:04+00:00\",\"dateModified\":\"2025-10-12T16:58:30+00:00\",\"breadcrumb\":{\"@id\":\"https:\/\/happyinaknit.com\/produktas\/mini-zirkles-geltonos-spalvos\/#breadcrumb\"},\"inLanguage\":\"en-US\",\"potentialAction\":[{\"@type\":\"ReadAction\",\"target\":[\"https:\/\/happyinaknit.com\/produktas\/mini-zirkles-geltonos-spalvos\/\"]}]},{\"@type\":\"ImageObject\",\"inLanguage\":\"en-US\",\"@id\":\"https:\/\/happyinaknit.com\/produktas\/mini-zirkles-geltonos-spalvos\/#primaryimage\",\"url\":\"https:\/\/happyinaknit.com\/wp-content\/uploads\/2025\/09\/IMG_9325.jpg\",\"contentUrl\":\"https:\/\/happyinaknit.com\/wp-content\/uploads\/2025\/09\/IMG_9325.jpg\",\"width\":1320,\"height\":1328},{\"@type\":\"BreadcrumbList\",\"@id\":\"https:\/\/happyinaknit.com\/produktas\/mini-zirkles-geltonos-spalvos\/#breadcrumb\",\"itemListElement\":[{\"@type\":\"ListItem\",\"position\":1,\"name\":\"Home\",\"item\":\"https:\/\/happyinaknit.com\/lt\/\"},{\"@type\":\"ListItem\",\"position\":2,\"name\":\"Parduotuv\u0117\",\"item\":\"https:\/\/happyinaknit.com\/lt\/parduotuve\/\"},{\"@type\":\"ListItem\",\"position\":3,\"name\":\"Cohana Seki mini \u017eirkl\u0117s, \u017ealios spalvos kutas\"}]},{\"@type\":\"WebSite\",\"@id\":\"https:\/\/happyinaknit.com\/lt\/#website\",\"url\":\"https:\/\/happyinaknit.com\/lt\/\",\"name\":\"Happyinaknit.com\",\"description\":\"\",\"potentialAction\":[{\"@type\":\"SearchAction\",\"target\":{\"@type\":\"EntryPoint\",\"urlTemplate\":\"https:\/\/happyinaknit.com\/lt\/?s={search_term_string}\"},\"query-input\":{\"@type\":\"PropertyValueSpecification\",\"valueRequired\":true,\"valueName\":\"search_term_string\"}}],\"inLanguage\":\"en-US\"}]}<\/script>\n<!-- \/ Yoast SEO plugin. -->","yoast_head_json":{"title":"Cohana Seki mini \u017eirkl\u0117s, \u017ealios spalvos kutas - Happyinaknit.com","robots":{"index":"index","follow":"follow","max-snippet":"max-snippet:-1","max-image-preview":"max-image-preview:large","max-video-preview":"max-video-preview:-1"},"canonical":"https:\/\/happyinaknit.com\/en\/product\/mini-zirkles-geltonos-spalvos\/","og_locale":"en_US","og_type":"article","og_title":"Cohana Seki mini \u017eirkl\u0117s, \u017ealios spalvos kutas - Happyinaknit.com","og_description":"Gra\u017eios ir itin prakti\u0161kos mini \u017eirkl\u0117s \u201eSeki\u201c i\u0161 Cohana gaminamos Japonijos \u012fmon\u0117s Hasegawa Cutlery.\u0160ios spyruoklin\u0117s \u017eirkl\u0117s naudojamos labai paprastai \u2013 pakanka \u0161velniai suspausti ranken\u0117l\u0119 tarp dviej\u0173 pir\u0161t\u0173, kad gal\u0117tum\u0117te tiksliai kirpti audin\u012f ar si\u016blus. Kiekviena \u017eirkli\u0173 pora parduodama su ma\u017eu apsauginiu odiniu d\u0117klu, tod\u0117l jos yra puikus pasirinkimas kelion\u0117ms ar darbui kelyje.Rank\u0173 darbo \u0161ilkinis kutas [&hellip;]","og_url":"https:\/\/happyinaknit.com\/en\/product\/mini-zirkles-geltonos-spalvos\/","og_site_name":"Happyinaknit.com","article_modified_time":"2025-10-12T16:58:30+00:00","og_image":[{"width":1320,"height":1328,"url":"https:\/\/happyinaknit.com\/wp-content\/uploads\/2025\/09\/IMG_9325.jpg","type":"image\/jpeg"}],"twitter_card":"summary_large_image","twitter_misc":{"Est. reading time":"1 minute"},"schema":{"@context":"https:\/\/schema.org","@graph":[{"@type":"WebPage","@id":"https:\/\/happyinaknit.com\/produktas\/mini-zirkles-geltonos-spalvos\/","url":"https:\/\/happyinaknit.com\/produktas\/mini-zirkles-geltonos-spalvos\/","name":"Cohana Seki mini \u017eirkl\u0117s, \u017ealios spalvos kutas - Happyinaknit.com","isPartOf":{"@id":"https:\/\/happyinaknit.com\/lt\/#website"},"primaryImageOfPage":{"@id":"https:\/\/happyinaknit.com\/produktas\/mini-zirkles-geltonos-spalvos\/#primaryimage"},"image":{"@id":"https:\/\/happyinaknit.com\/produktas\/mini-zirkles-geltonos-spalvos\/#primaryimage"},"thumbnailUrl":"https:\/\/happyinaknit.com\/wp-content\/uploads\/2025\/09\/IMG_9325.jpg","datePublished":"2025-09-22T12:01:04+00:00","dateModified":"2025-10-12T16:58:30+00:00","breadcrumb":{"@id":"https:\/\/happyinaknit.com\/produktas\/mini-zirkles-geltonos-spalvos\/#breadcrumb"},"inLanguage":"en-US","potentialAction":[{"@type":"ReadAction","target":["https:\/\/happyinaknit.com\/produktas\/mini-zirkles-geltonos-spalvos\/"]}]},{"@type":"ImageObject","inLanguage":"en-US","@id":"https:\/\/happyinaknit.com\/produktas\/mini-zirkles-geltonos-spalvos\/#primaryimage","url":"https:\/\/happyinaknit.com\/wp-content\/uploads\/2025\/09\/IMG_9325.jpg","contentUrl":"https:\/\/happyinaknit.com\/wp-content\/uploads\/2025\/09\/IMG_9325.jpg","width":1320,"height":1328},{"@type":"BreadcrumbList","@id":"https:\/\/happyinaknit.com\/produktas\/mini-zirkles-geltonos-spalvos\/#breadcrumb","itemListElement":[{"@type":"ListItem","position":1,"name":"Home","item":"https:\/\/happyinaknit.com\/lt\/"},{"@type":"ListItem","position":2,"name":"Parduotuv\u0117","item":"https:\/\/happyinaknit.com\/lt\/parduotuve\/"},{"@type":"ListItem","position":3,"name":"Cohana Seki mini \u017eirkl\u0117s, \u017ealios spalvos kutas"}]},{"@type":"WebSite","@id":"https:\/\/happyinaknit.com\/lt\/#website","url":"https:\/\/happyinaknit.com\/lt\/","name":"Happyinaknit.com","description":"","potentialAction":[{"@type":"SearchAction","target":{"@type":"EntryPoint","urlTemplate":"https:\/\/happyinaknit.com\/lt\/?s={search_term_string}"},"query-input":{"@type":"PropertyValueSpecification","valueRequired":true,"valueName":"search_term_string"}}],"inLanguage":"en-US"}]}},"_links":{"self":[{"href":"https:\/\/happyinaknit.com\/en\/wp-json\/wp\/v2\/product\/1418","targetHints":{"allow":["GET"]}}],"collection":[{"href":"https:\/\/happyinaknit.com\/en\/wp-json\/wp\/v2\/product"}],"about":[{"href":"https:\/\/happyinaknit.com\/en\/wp-json\/wp\/v2\/types\/product"}],"replies":[{"embeddable":true,"href":"https:\/\/happyinaknit.com\/en\/wp-json\/wp\/v2\/comments?post=1418"}],"wp:featuredmedia":[{"embeddable":true,"href":"https:\/\/happyinaknit.com\/en\/wp-json\/wp\/v2\/media\/4582"}],"wp:attachment":[{"href":"https:\/\/happyinaknit.com\/en\/wp-json\/wp\/v2\/media?parent=1418"}],"wp:term":[{"taxonomy":"product_brand","embeddable":true,"href":"https:\/\/happyinaknit.com\/en\/wp-json\/wp\/v2\/product_brand?post=1418"},{"taxonomy":"product_cat","embeddable":true,"href":"https:\/\/happyinaknit.com\/en\/wp-json\/wp\/v2\/product_cat?post=1418"},{"taxonomy":"product_tag","embeddable":true,"href":"https:\/\/happyinaknit.com\/en\/wp-json\/wp\/v2\/product_tag?post=1418"},{"taxonomy":"pro-kategorijos","embeddable":true,"href":"https:\/\/happyinaknit.com\/en\/wp-json\/wp\/v2\/pro-kategorijos?post=1418"}],"curies":[{"name":"wp","href":"https:\/\/api.w.org\/{rel}","templated":true}]}}