{"id":1297,"date":"2025-09-19T05:45:56","date_gmt":"2025-09-19T05:45:56","guid":{"rendered":"https:\/\/happyinaknit.com\/?post_type=product&#038;p=1297"},"modified":"2026-01-05T17:38:02","modified_gmt":"2026-01-05T17:38:02","slug":"magnetine-adatine-su-adatu-poliruokliu-zalia","status":"publish","type":"product","link":"https:\/\/happyinaknit.com\/en\/product\/magnetine-adatine-su-adatu-poliruokliu-zalia\/","title":{"rendered":"Cohana magnetic needle rest with needle polisher, green"},"content":{"rendered":"<p>Japanese brand <strong data-start=\"22\" data-end=\"32\">Cohana<\/strong> offers products where quality, functionality and design are the most important. All their products are made using traditional methods, in collaboration with the best craftsmen in the country and using as many ecological materials and raw materials as possible.<\/p>\n<p data-start=\"269\" data-end=\"661\">This is amazing <strong data-start=\"281\" data-end=\"325\">magnetic needle holder and polisher<\/strong> combination of <strong data-start=\"341\" data-end=\"351\">Cohana<\/strong> will be a great addition to your craft collection. It is completely handmade - made of ceramic and decorated with a floral motif according to <strong data-start=\"481\" data-end=\"497\">Awaji Kawara<\/strong> a tradition of ceramic tiles dating back to the 17th century. Each product is unique - the variety of glaze shades gives each detail its own character.<\/p>\n<p data-start=\"663\" data-end=\"1041\">This product is not only aesthetic, but also highly functional. Thanks to the built-in magnet, it securely holds the needles during work, and an additional function allows <strong data-start=\"812\" data-end=\"843\">to polish and sharpen needles<\/strong>. Polished needles glide better through fabric and make sewing easier. To use the polisher, simply insert the needle into the side hole and slowly pull it out, applying light pressure to the bottom.<\/p>\n<p data-start=\"1043\" data-end=\"1101\" data-is-last-node=\"\" data-is-only-node=\"\">Needle holder diameter \u2013 <strong data-start=\"1070\" data-end=\"1079\">40mm<\/strong>, height \u2013 <strong data-start=\"1091\" data-end=\"1100\">17 mm<\/strong>.<\/p>","protected":false},"excerpt":{"rendered":"<p>Japon\u0173 prek\u0117s \u017eenklas Cohana si\u016blo gaminius, kuriuose svarbiausia \u2013 kokyb\u0117, funkcionalumas ir dizainas. Visi j\u0173 produktai gaminami tradiciniais metodais, bendradarbiaujant su geriausiais \u0161alies meistrais ir naudojant kuo daugiau ekologi\u0161k\u0173 med\u017eiag\u0173 bei \u017ealiav\u0173. \u0160i nuostabi magnetin\u0117 adat\u0173 laikiklio ir poliruoklio kombinacija i\u0161 Cohana taps puikiu j\u016bs\u0173 rankdarbi\u0173 rinkinio papildymu. Ji visi\u0161kai rank\u0173 darbo \u2013 pagaminta i\u0161 [&hellip;]<\/p>\n","protected":false},"featured_media":4606,"comment_status":"open","ping_status":"closed","template":"","meta":{"_acf_changed":false},"product_brand":[89],"product_cat":[15,1080,52,20],"product_tag":[],"pro-kategorijos":[],"class_list":{"0":"post-1297","1":"product","2":"type-product","3":"status-publish","4":"has-post-thumbnail","6":"product_brand-cohana","7":"product_cat-visi-produktai","8":"product_cat-adatos","9":"product_cat-kiti-mezgimo-reikmenys","10":"product_cat-priedai-mezgimui","12":"first","13":"instock","14":"shipping-taxable","15":"purchasable","16":"product-type-simple"},"acf":[],"yoast_head":"<!-- This site is optimized with the Yoast SEO plugin v26.8 - https:\/\/yoast.com\/product\/yoast-seo-wordpress\/ -->\n<title>Cohana magnetin\u0117 adatin\u0117 su adat\u0173 poliruokliu, \u017ealia - Happyinaknit.com<\/title>\n<meta name=\"robots\" content=\"index, follow, max-snippet:-1, max-image-preview:large, max-video-preview:-1\" \/>\n<link rel=\"canonical\" href=\"https:\/\/happyinaknit.com\/en\/product\/magnetine-adatine-su-adatu-poliruokliu-zalia\/\" \/>\n<meta property=\"og:locale\" content=\"en_US\" \/>\n<meta property=\"og:type\" content=\"article\" \/>\n<meta property=\"og:title\" content=\"Cohana magnetin\u0117 adatin\u0117 su adat\u0173 poliruokliu, \u017ealia - Happyinaknit.com\" \/>\n<meta property=\"og:description\" content=\"Japon\u0173 prek\u0117s \u017eenklas Cohana si\u016blo gaminius, kuriuose svarbiausia \u2013 kokyb\u0117, funkcionalumas ir dizainas. Visi j\u0173 produktai gaminami tradiciniais metodais, bendradarbiaujant su geriausiais \u0161alies meistrais ir naudojant kuo daugiau ekologi\u0161k\u0173 med\u017eiag\u0173 bei \u017ealiav\u0173. \u0160i nuostabi magnetin\u0117 adat\u0173 laikiklio ir poliruoklio kombinacija i\u0161 Cohana taps puikiu j\u016bs\u0173 rankdarbi\u0173 rinkinio papildymu. Ji visi\u0161kai rank\u0173 darbo \u2013 pagaminta i\u0161 [&hellip;]\" \/>\n<meta property=\"og:url\" content=\"https:\/\/happyinaknit.com\/en\/product\/magnetine-adatine-su-adatu-poliruokliu-zalia\/\" \/>\n<meta property=\"og:site_name\" content=\"Happyinaknit.com\" \/>\n<meta property=\"article:modified_time\" content=\"2026-01-05T17:38:02+00:00\" \/>\n<meta property=\"og:image\" content=\"https:\/\/happyinaknit.com\/wp-content\/uploads\/2025\/09\/IMG_9341.jpg\" \/>\n\t<meta property=\"og:image:width\" content=\"1320\" \/>\n\t<meta property=\"og:image:height\" content=\"1363\" \/>\n\t<meta property=\"og:image:type\" content=\"image\/jpeg\" \/>\n<meta name=\"twitter:card\" content=\"summary_large_image\" \/>\n<meta name=\"twitter:label1\" content=\"Est. reading time\" \/>\n\t<meta name=\"twitter:data1\" content=\"1 minute\" \/>\n<script type=\"application\/ld+json\" class=\"yoast-schema-graph\">{\"@context\":\"https:\/\/schema.org\",\"@graph\":[{\"@type\":\"WebPage\",\"@id\":\"https:\/\/happyinaknit.com\/produktas\/magnetine-adatine-su-adatu-poliruokliu-zalia\/\",\"url\":\"https:\/\/happyinaknit.com\/produktas\/magnetine-adatine-su-adatu-poliruokliu-zalia\/\",\"name\":\"Cohana magnetin\u0117 adatin\u0117 su adat\u0173 poliruokliu, \u017ealia - Happyinaknit.com\",\"isPartOf\":{\"@id\":\"https:\/\/happyinaknit.com\/lt\/#website\"},\"primaryImageOfPage\":{\"@id\":\"https:\/\/happyinaknit.com\/produktas\/magnetine-adatine-su-adatu-poliruokliu-zalia\/#primaryimage\"},\"image\":{\"@id\":\"https:\/\/happyinaknit.com\/produktas\/magnetine-adatine-su-adatu-poliruokliu-zalia\/#primaryimage\"},\"thumbnailUrl\":\"https:\/\/happyinaknit.com\/wp-content\/uploads\/2025\/09\/IMG_9341.jpg\",\"datePublished\":\"2025-09-19T05:45:56+00:00\",\"dateModified\":\"2026-01-05T17:38:02+00:00\",\"breadcrumb\":{\"@id\":\"https:\/\/happyinaknit.com\/produktas\/magnetine-adatine-su-adatu-poliruokliu-zalia\/#breadcrumb\"},\"inLanguage\":\"en-US\",\"potentialAction\":[{\"@type\":\"ReadAction\",\"target\":[\"https:\/\/happyinaknit.com\/produktas\/magnetine-adatine-su-adatu-poliruokliu-zalia\/\"]}]},{\"@type\":\"ImageObject\",\"inLanguage\":\"en-US\",\"@id\":\"https:\/\/happyinaknit.com\/produktas\/magnetine-adatine-su-adatu-poliruokliu-zalia\/#primaryimage\",\"url\":\"https:\/\/happyinaknit.com\/wp-content\/uploads\/2025\/09\/IMG_9341.jpg\",\"contentUrl\":\"https:\/\/happyinaknit.com\/wp-content\/uploads\/2025\/09\/IMG_9341.jpg\",\"width\":1320,\"height\":1363},{\"@type\":\"BreadcrumbList\",\"@id\":\"https:\/\/happyinaknit.com\/produktas\/magnetine-adatine-su-adatu-poliruokliu-zalia\/#breadcrumb\",\"itemListElement\":[{\"@type\":\"ListItem\",\"position\":1,\"name\":\"Home\",\"item\":\"https:\/\/happyinaknit.com\/lt\/\"},{\"@type\":\"ListItem\",\"position\":2,\"name\":\"Parduotuv\u0117\",\"item\":\"https:\/\/happyinaknit.com\/lt\/parduotuve\/\"},{\"@type\":\"ListItem\",\"position\":3,\"name\":\"Cohana magnetin\u0117 adatin\u0117 su adat\u0173 poliruokliu, \u017ealia\"}]},{\"@type\":\"WebSite\",\"@id\":\"https:\/\/happyinaknit.com\/lt\/#website\",\"url\":\"https:\/\/happyinaknit.com\/lt\/\",\"name\":\"Happyinaknit.com\",\"description\":\"\",\"potentialAction\":[{\"@type\":\"SearchAction\",\"target\":{\"@type\":\"EntryPoint\",\"urlTemplate\":\"https:\/\/happyinaknit.com\/lt\/?s={search_term_string}\"},\"query-input\":{\"@type\":\"PropertyValueSpecification\",\"valueRequired\":true,\"valueName\":\"search_term_string\"}}],\"inLanguage\":\"en-US\"}]}<\/script>\n<!-- \/ Yoast SEO plugin. -->","yoast_head_json":{"title":"Cohana magnetin\u0117 adatin\u0117 su adat\u0173 poliruokliu, \u017ealia - Happyinaknit.com","robots":{"index":"index","follow":"follow","max-snippet":"max-snippet:-1","max-image-preview":"max-image-preview:large","max-video-preview":"max-video-preview:-1"},"canonical":"https:\/\/happyinaknit.com\/en\/product\/magnetine-adatine-su-adatu-poliruokliu-zalia\/","og_locale":"en_US","og_type":"article","og_title":"Cohana magnetin\u0117 adatin\u0117 su adat\u0173 poliruokliu, \u017ealia - Happyinaknit.com","og_description":"Japon\u0173 prek\u0117s \u017eenklas Cohana si\u016blo gaminius, kuriuose svarbiausia \u2013 kokyb\u0117, funkcionalumas ir dizainas. Visi j\u0173 produktai gaminami tradiciniais metodais, bendradarbiaujant su geriausiais \u0161alies meistrais ir naudojant kuo daugiau ekologi\u0161k\u0173 med\u017eiag\u0173 bei \u017ealiav\u0173. \u0160i nuostabi magnetin\u0117 adat\u0173 laikiklio ir poliruoklio kombinacija i\u0161 Cohana taps puikiu j\u016bs\u0173 rankdarbi\u0173 rinkinio papildymu. Ji visi\u0161kai rank\u0173 darbo \u2013 pagaminta i\u0161 [&hellip;]","og_url":"https:\/\/happyinaknit.com\/en\/product\/magnetine-adatine-su-adatu-poliruokliu-zalia\/","og_site_name":"Happyinaknit.com","article_modified_time":"2026-01-05T17:38:02+00:00","og_image":[{"width":1320,"height":1363,"url":"https:\/\/happyinaknit.com\/wp-content\/uploads\/2025\/09\/IMG_9341.jpg","type":"image\/jpeg"}],"twitter_card":"summary_large_image","twitter_misc":{"Est. reading time":"1 minute"},"schema":{"@context":"https:\/\/schema.org","@graph":[{"@type":"WebPage","@id":"https:\/\/happyinaknit.com\/produktas\/magnetine-adatine-su-adatu-poliruokliu-zalia\/","url":"https:\/\/happyinaknit.com\/produktas\/magnetine-adatine-su-adatu-poliruokliu-zalia\/","name":"Cohana magnetin\u0117 adatin\u0117 su adat\u0173 poliruokliu, \u017ealia - Happyinaknit.com","isPartOf":{"@id":"https:\/\/happyinaknit.com\/lt\/#website"},"primaryImageOfPage":{"@id":"https:\/\/happyinaknit.com\/produktas\/magnetine-adatine-su-adatu-poliruokliu-zalia\/#primaryimage"},"image":{"@id":"https:\/\/happyinaknit.com\/produktas\/magnetine-adatine-su-adatu-poliruokliu-zalia\/#primaryimage"},"thumbnailUrl":"https:\/\/happyinaknit.com\/wp-content\/uploads\/2025\/09\/IMG_9341.jpg","datePublished":"2025-09-19T05:45:56+00:00","dateModified":"2026-01-05T17:38:02+00:00","breadcrumb":{"@id":"https:\/\/happyinaknit.com\/produktas\/magnetine-adatine-su-adatu-poliruokliu-zalia\/#breadcrumb"},"inLanguage":"en-US","potentialAction":[{"@type":"ReadAction","target":["https:\/\/happyinaknit.com\/produktas\/magnetine-adatine-su-adatu-poliruokliu-zalia\/"]}]},{"@type":"ImageObject","inLanguage":"en-US","@id":"https:\/\/happyinaknit.com\/produktas\/magnetine-adatine-su-adatu-poliruokliu-zalia\/#primaryimage","url":"https:\/\/happyinaknit.com\/wp-content\/uploads\/2025\/09\/IMG_9341.jpg","contentUrl":"https:\/\/happyinaknit.com\/wp-content\/uploads\/2025\/09\/IMG_9341.jpg","width":1320,"height":1363},{"@type":"BreadcrumbList","@id":"https:\/\/happyinaknit.com\/produktas\/magnetine-adatine-su-adatu-poliruokliu-zalia\/#breadcrumb","itemListElement":[{"@type":"ListItem","position":1,"name":"Home","item":"https:\/\/happyinaknit.com\/lt\/"},{"@type":"ListItem","position":2,"name":"Parduotuv\u0117","item":"https:\/\/happyinaknit.com\/lt\/parduotuve\/"},{"@type":"ListItem","position":3,"name":"Cohana magnetin\u0117 adatin\u0117 su adat\u0173 poliruokliu, \u017ealia"}]},{"@type":"WebSite","@id":"https:\/\/happyinaknit.com\/lt\/#website","url":"https:\/\/happyinaknit.com\/lt\/","name":"Happyinaknit.com","description":"","potentialAction":[{"@type":"SearchAction","target":{"@type":"EntryPoint","urlTemplate":"https:\/\/happyinaknit.com\/lt\/?s={search_term_string}"},"query-input":{"@type":"PropertyValueSpecification","valueRequired":true,"valueName":"search_term_string"}}],"inLanguage":"en-US"}]}},"_links":{"self":[{"href":"https:\/\/happyinaknit.com\/en\/wp-json\/wp\/v2\/product\/1297","targetHints":{"allow":["GET"]}}],"collection":[{"href":"https:\/\/happyinaknit.com\/en\/wp-json\/wp\/v2\/product"}],"about":[{"href":"https:\/\/happyinaknit.com\/en\/wp-json\/wp\/v2\/types\/product"}],"replies":[{"embeddable":true,"href":"https:\/\/happyinaknit.com\/en\/wp-json\/wp\/v2\/comments?post=1297"}],"wp:featuredmedia":[{"embeddable":true,"href":"https:\/\/happyinaknit.com\/en\/wp-json\/wp\/v2\/media\/4606"}],"wp:attachment":[{"href":"https:\/\/happyinaknit.com\/en\/wp-json\/wp\/v2\/media?parent=1297"}],"wp:term":[{"taxonomy":"product_brand","embeddable":true,"href":"https:\/\/happyinaknit.com\/en\/wp-json\/wp\/v2\/product_brand?post=1297"},{"taxonomy":"product_cat","embeddable":true,"href":"https:\/\/happyinaknit.com\/en\/wp-json\/wp\/v2\/product_cat?post=1297"},{"taxonomy":"product_tag","embeddable":true,"href":"https:\/\/happyinaknit.com\/en\/wp-json\/wp\/v2\/product_tag?post=1297"},{"taxonomy":"pro-kategorijos","embeddable":true,"href":"https:\/\/happyinaknit.com\/en\/wp-json\/wp\/v2\/pro-kategorijos?post=1297"}],"curies":[{"name":"wp","href":"https:\/\/api.w.org\/{rel}","templated":true}]}}