{"id":1111,"date":"2025-09-11T07:38:38","date_gmt":"2025-09-11T07:38:38","guid":{"rendered":"https:\/\/happyinaknit.com\/?post_type=product&#038;p=1111"},"modified":"2026-04-15T22:00:31","modified_gmt":"2026-04-15T22:00:31","slug":"cardiff-cashmere-prime-kasmyro-ir-silko-siulai","status":"publish","type":"product","link":"https:\/\/happyinaknit.com\/en\/product\/cardiff-cashmere-prime-kasmyro-ir-silko-siulai\/","title":{"rendered":"Cardiff Cashmere Prime"},"content":{"rendered":"<p class=\"p1\"><b>Cardiff Cashmere Prime \u2013 luxurious blend of  cashmere and silk<\/b><b><\/b><\/p>\n<p class=\"p3\"><i>Cardiff Cashmere Prime<\/i> is a premium yarn that unites the unmatched softness of cashmere with the refined elegance of silk. This combination provides exceptional softness, subtle shine, and an elegant drape, making it perfect for lightweight sweaters, shawls, or other exquisite knitwear.<\/p>\n<ul>\n<li>\n<p class=\"p1\"><strong>Composition:<\/strong> 68 % cashmere, 32 % silk<\/p>\n<\/li>\n<li>\n<p class=\"p1\"><strong data-start=\"493\" data-end=\"512\">Weight\/Length:<\/strong>: 25 g (about 300 m)<\/p>\n<\/li>\n<li>\n<p class=\"p1\"><strong>Recommended needles:<\/strong> 3.0-3.5mm<\/p>\n<\/li>\n<li>\n<p class=\"p1\">A size M sweater requires about 4-5 balls<\/p>\n<\/li>\n<\/ul>\n<p class=\"p1\"><b>Care:<\/b><b><\/b><\/p>\n<p class=\"p3\">Hand wash up to 30 \u00b0C. Dry flat.<\/p>","protected":false},"excerpt":{"rendered":"<p>Cardiff Cashmere Prime \u2013 prabang\u016bs ka\u0161myro ir \u0161ilko si\u016blai Cardiff Cashmere Prime \u2013 tai auk\u0161\u010diausios kokyb\u0117s si\u016blai, sujungiantys ka\u0161myro \u0161velnum\u0105 ir \u0161ilko prabang\u0105. \u0160is derinys suteikia ypating\u0105 mink\u0161tum\u0105, subtil\u0173 blizges\u012f ir eleganti\u0161k\u0105 kritim\u0105, tod\u0117l jie puikiai tinka lengviems megztiniams, \u0161alikams ar kitiems i\u0161skirtiniams mezginiams. Sud\u0117tis: 68 % ka\u0161myras, 32 % \u0161ilkas Svoris \/ ilgis:: 25 [&hellip;]<\/p>\n","protected":false},"featured_media":1790,"comment_status":"open","ping_status":"closed","template":"","meta":{"_acf_changed":false},"product_brand":[44],"product_cat":[15,18],"product_tag":[96],"pro-kategorijos":[46],"class_list":{"0":"post-1111","1":"product","2":"type-product","3":"status-publish","4":"has-post-thumbnail","6":"product_brand-cardiff-cashmere","7":"product_cat-visi-produktai","8":"product_cat-siulai","9":"product_tag-top","10":"pro-kategorijos-kasmyras","12":"first","13":"instock","14":"shipping-taxable","15":"purchasable","16":"product-type-variable"},"acf":[],"yoast_head":"<!-- This site is optimized with the Yoast SEO plugin v26.8 - https:\/\/yoast.com\/product\/yoast-seo-wordpress\/ -->\n<title>Cardiff Cashmere Prime - Happyinaknit.com<\/title>\n<meta name=\"robots\" content=\"index, follow, max-snippet:-1, max-image-preview:large, max-video-preview:-1\" \/>\n<link rel=\"canonical\" href=\"https:\/\/happyinaknit.com\/en\/product\/cardiff-cashmere-prime-kasmyro-ir-silko-siulai\/\" \/>\n<meta property=\"og:locale\" content=\"en_US\" \/>\n<meta property=\"og:type\" content=\"article\" \/>\n<meta property=\"og:title\" content=\"Cardiff Cashmere Prime - Happyinaknit.com\" \/>\n<meta property=\"og:description\" content=\"Cardiff Cashmere Prime \u2013 prabang\u016bs ka\u0161myro ir \u0161ilko si\u016blai Cardiff Cashmere Prime \u2013 tai auk\u0161\u010diausios kokyb\u0117s si\u016blai, sujungiantys ka\u0161myro \u0161velnum\u0105 ir \u0161ilko prabang\u0105. \u0160is derinys suteikia ypating\u0105 mink\u0161tum\u0105, subtil\u0173 blizges\u012f ir eleganti\u0161k\u0105 kritim\u0105, tod\u0117l jie puikiai tinka lengviems megztiniams, \u0161alikams ar kitiems i\u0161skirtiniams mezginiams. Sud\u0117tis: 68 % ka\u0161myras, 32 % \u0161ilkas Svoris \/ ilgis:: 25 [&hellip;]\" \/>\n<meta property=\"og:url\" content=\"https:\/\/happyinaknit.com\/en\/product\/cardiff-cashmere-prime-kasmyro-ir-silko-siulai\/\" \/>\n<meta property=\"og:site_name\" content=\"Happyinaknit.com\" \/>\n<meta property=\"article:modified_time\" content=\"2026-04-15T22:00:31+00:00\" \/>\n<meta property=\"og:image\" content=\"https:\/\/happyinaknit.com\/wp-content\/uploads\/2025\/09\/PRIME_141_ZEN_4523.jpg\" \/>\n\t<meta property=\"og:image:width\" content=\"2000\" \/>\n\t<meta property=\"og:image:height\" content=\"2000\" \/>\n\t<meta property=\"og:image:type\" content=\"image\/jpeg\" \/>\n<meta name=\"twitter:card\" content=\"summary_large_image\" \/>\n<script type=\"application\/ld+json\" class=\"yoast-schema-graph\">{\"@context\":\"https:\/\/schema.org\",\"@graph\":[{\"@type\":\"WebPage\",\"@id\":\"https:\/\/happyinaknit.com\/produktas\/cardiff-cashmere-prime-kasmyro-ir-silko-siulai\/\",\"url\":\"https:\/\/happyinaknit.com\/produktas\/cardiff-cashmere-prime-kasmyro-ir-silko-siulai\/\",\"name\":\"Cardiff Cashmere Prime - Happyinaknit.com\",\"isPartOf\":{\"@id\":\"https:\/\/happyinaknit.com\/lt\/#website\"},\"primaryImageOfPage\":{\"@id\":\"https:\/\/happyinaknit.com\/produktas\/cardiff-cashmere-prime-kasmyro-ir-silko-siulai\/#primaryimage\"},\"image\":{\"@id\":\"https:\/\/happyinaknit.com\/produktas\/cardiff-cashmere-prime-kasmyro-ir-silko-siulai\/#primaryimage\"},\"thumbnailUrl\":\"https:\/\/happyinaknit.com\/wp-content\/uploads\/2025\/09\/PRIME_141_ZEN_4523.jpg\",\"datePublished\":\"2025-09-11T07:38:38+00:00\",\"dateModified\":\"2026-04-15T22:00:31+00:00\",\"breadcrumb\":{\"@id\":\"https:\/\/happyinaknit.com\/produktas\/cardiff-cashmere-prime-kasmyro-ir-silko-siulai\/#breadcrumb\"},\"inLanguage\":\"en-US\",\"potentialAction\":[{\"@type\":\"ReadAction\",\"target\":[\"https:\/\/happyinaknit.com\/produktas\/cardiff-cashmere-prime-kasmyro-ir-silko-siulai\/\"]}]},{\"@type\":\"ImageObject\",\"inLanguage\":\"en-US\",\"@id\":\"https:\/\/happyinaknit.com\/produktas\/cardiff-cashmere-prime-kasmyro-ir-silko-siulai\/#primaryimage\",\"url\":\"https:\/\/happyinaknit.com\/wp-content\/uploads\/2025\/09\/PRIME_141_ZEN_4523.jpg\",\"contentUrl\":\"https:\/\/happyinaknit.com\/wp-content\/uploads\/2025\/09\/PRIME_141_ZEN_4523.jpg\",\"width\":2000,\"height\":2000},{\"@type\":\"BreadcrumbList\",\"@id\":\"https:\/\/happyinaknit.com\/produktas\/cardiff-cashmere-prime-kasmyro-ir-silko-siulai\/#breadcrumb\",\"itemListElement\":[{\"@type\":\"ListItem\",\"position\":1,\"name\":\"Home\",\"item\":\"https:\/\/happyinaknit.com\/lt\/\"},{\"@type\":\"ListItem\",\"position\":2,\"name\":\"Parduotuv\u0117\",\"item\":\"https:\/\/happyinaknit.com\/lt\/parduotuve\/\"},{\"@type\":\"ListItem\",\"position\":3,\"name\":\"Cardiff Cashmere Prime\"}]},{\"@type\":\"WebSite\",\"@id\":\"https:\/\/happyinaknit.com\/lt\/#website\",\"url\":\"https:\/\/happyinaknit.com\/lt\/\",\"name\":\"Happyinaknit.com\",\"description\":\"\",\"potentialAction\":[{\"@type\":\"SearchAction\",\"target\":{\"@type\":\"EntryPoint\",\"urlTemplate\":\"https:\/\/happyinaknit.com\/lt\/?s={search_term_string}\"},\"query-input\":{\"@type\":\"PropertyValueSpecification\",\"valueRequired\":true,\"valueName\":\"search_term_string\"}}],\"inLanguage\":\"en-US\"}]}<\/script>\n<!-- \/ Yoast SEO plugin. -->","yoast_head_json":{"title":"Cardiff Cashmere Prime - Happyinaknit.com","robots":{"index":"index","follow":"follow","max-snippet":"max-snippet:-1","max-image-preview":"max-image-preview:large","max-video-preview":"max-video-preview:-1"},"canonical":"https:\/\/happyinaknit.com\/en\/product\/cardiff-cashmere-prime-kasmyro-ir-silko-siulai\/","og_locale":"en_US","og_type":"article","og_title":"Cardiff Cashmere Prime - Happyinaknit.com","og_description":"Cardiff Cashmere Prime \u2013 prabang\u016bs ka\u0161myro ir \u0161ilko si\u016blai Cardiff Cashmere Prime \u2013 tai auk\u0161\u010diausios kokyb\u0117s si\u016blai, sujungiantys ka\u0161myro \u0161velnum\u0105 ir \u0161ilko prabang\u0105. \u0160is derinys suteikia ypating\u0105 mink\u0161tum\u0105, subtil\u0173 blizges\u012f ir eleganti\u0161k\u0105 kritim\u0105, tod\u0117l jie puikiai tinka lengviems megztiniams, \u0161alikams ar kitiems i\u0161skirtiniams mezginiams. Sud\u0117tis: 68 % ka\u0161myras, 32 % \u0161ilkas Svoris \/ ilgis:: 25 [&hellip;]","og_url":"https:\/\/happyinaknit.com\/en\/product\/cardiff-cashmere-prime-kasmyro-ir-silko-siulai\/","og_site_name":"Happyinaknit.com","article_modified_time":"2026-04-15T22:00:31+00:00","og_image":[{"width":2000,"height":2000,"url":"https:\/\/happyinaknit.com\/wp-content\/uploads\/2025\/09\/PRIME_141_ZEN_4523.jpg","type":"image\/jpeg"}],"twitter_card":"summary_large_image","schema":{"@context":"https:\/\/schema.org","@graph":[{"@type":"WebPage","@id":"https:\/\/happyinaknit.com\/produktas\/cardiff-cashmere-prime-kasmyro-ir-silko-siulai\/","url":"https:\/\/happyinaknit.com\/produktas\/cardiff-cashmere-prime-kasmyro-ir-silko-siulai\/","name":"Cardiff Cashmere Prime - Happyinaknit.com","isPartOf":{"@id":"https:\/\/happyinaknit.com\/lt\/#website"},"primaryImageOfPage":{"@id":"https:\/\/happyinaknit.com\/produktas\/cardiff-cashmere-prime-kasmyro-ir-silko-siulai\/#primaryimage"},"image":{"@id":"https:\/\/happyinaknit.com\/produktas\/cardiff-cashmere-prime-kasmyro-ir-silko-siulai\/#primaryimage"},"thumbnailUrl":"https:\/\/happyinaknit.com\/wp-content\/uploads\/2025\/09\/PRIME_141_ZEN_4523.jpg","datePublished":"2025-09-11T07:38:38+00:00","dateModified":"2026-04-15T22:00:31+00:00","breadcrumb":{"@id":"https:\/\/happyinaknit.com\/produktas\/cardiff-cashmere-prime-kasmyro-ir-silko-siulai\/#breadcrumb"},"inLanguage":"en-US","potentialAction":[{"@type":"ReadAction","target":["https:\/\/happyinaknit.com\/produktas\/cardiff-cashmere-prime-kasmyro-ir-silko-siulai\/"]}]},{"@type":"ImageObject","inLanguage":"en-US","@id":"https:\/\/happyinaknit.com\/produktas\/cardiff-cashmere-prime-kasmyro-ir-silko-siulai\/#primaryimage","url":"https:\/\/happyinaknit.com\/wp-content\/uploads\/2025\/09\/PRIME_141_ZEN_4523.jpg","contentUrl":"https:\/\/happyinaknit.com\/wp-content\/uploads\/2025\/09\/PRIME_141_ZEN_4523.jpg","width":2000,"height":2000},{"@type":"BreadcrumbList","@id":"https:\/\/happyinaknit.com\/produktas\/cardiff-cashmere-prime-kasmyro-ir-silko-siulai\/#breadcrumb","itemListElement":[{"@type":"ListItem","position":1,"name":"Home","item":"https:\/\/happyinaknit.com\/lt\/"},{"@type":"ListItem","position":2,"name":"Parduotuv\u0117","item":"https:\/\/happyinaknit.com\/lt\/parduotuve\/"},{"@type":"ListItem","position":3,"name":"Cardiff Cashmere Prime"}]},{"@type":"WebSite","@id":"https:\/\/happyinaknit.com\/lt\/#website","url":"https:\/\/happyinaknit.com\/lt\/","name":"Happyinaknit.com","description":"","potentialAction":[{"@type":"SearchAction","target":{"@type":"EntryPoint","urlTemplate":"https:\/\/happyinaknit.com\/lt\/?s={search_term_string}"},"query-input":{"@type":"PropertyValueSpecification","valueRequired":true,"valueName":"search_term_string"}}],"inLanguage":"en-US"}]}},"_links":{"self":[{"href":"https:\/\/happyinaknit.com\/en\/wp-json\/wp\/v2\/product\/1111","targetHints":{"allow":["GET"]}}],"collection":[{"href":"https:\/\/happyinaknit.com\/en\/wp-json\/wp\/v2\/product"}],"about":[{"href":"https:\/\/happyinaknit.com\/en\/wp-json\/wp\/v2\/types\/product"}],"replies":[{"embeddable":true,"href":"https:\/\/happyinaknit.com\/en\/wp-json\/wp\/v2\/comments?post=1111"}],"wp:featuredmedia":[{"embeddable":true,"href":"https:\/\/happyinaknit.com\/en\/wp-json\/wp\/v2\/media\/1790"}],"wp:attachment":[{"href":"https:\/\/happyinaknit.com\/en\/wp-json\/wp\/v2\/media?parent=1111"}],"wp:term":[{"taxonomy":"product_brand","embeddable":true,"href":"https:\/\/happyinaknit.com\/en\/wp-json\/wp\/v2\/product_brand?post=1111"},{"taxonomy":"product_cat","embeddable":true,"href":"https:\/\/happyinaknit.com\/en\/wp-json\/wp\/v2\/product_cat?post=1111"},{"taxonomy":"product_tag","embeddable":true,"href":"https:\/\/happyinaknit.com\/en\/wp-json\/wp\/v2\/product_tag?post=1111"},{"taxonomy":"pro-kategorijos","embeddable":true,"href":"https:\/\/happyinaknit.com\/en\/wp-json\/wp\/v2\/pro-kategorijos?post=1111"}],"curies":[{"name":"wp","href":"https:\/\/api.w.org\/{rel}","templated":true}]}}