{"id":3,"date":"2025-08-22T09:30:17","date_gmt":"2025-08-22T09:30:17","guid":{"rendered":"https:\/\/happyinaknit.com\/?page_id=3"},"modified":"2025-09-11T06:50:43","modified_gmt":"2025-09-11T06:50:43","slug":"privatumo-politika","status":"publish","type":"page","link":"https:\/\/happyinaknit.com\/en\/privatumo-politika\/","title":{"rendered":"Privacy Policy"},"content":{"rendered":"<div data-elementor-type=\"wp-page\" data-elementor-id=\"3\" class=\"elementor elementor-3\" data-elementor-post-type=\"page\">\n\t\t\t\t\t\t<section class=\"elementor-section elementor-top-section elementor-element elementor-element-9e1406d elementor-section-boxed elementor-section-height-default elementor-section-height-default\" data-id=\"9e1406d\" data-element_type=\"section\">\n\t\t\t\t\t\t<div class=\"elementor-container elementor-column-gap-default\">\n\t\t\t\t\t<div class=\"elementor-column elementor-col-100 elementor-top-column elementor-element elementor-element-0f9b58e\" data-id=\"0f9b58e\" data-element_type=\"column\">\n\t\t\t<div class=\"elementor-widget-wrap elementor-element-populated\">\n\t\t\t\t\t\t<div class=\"elementor-element elementor-element-8319e71 elementor-widget elementor-widget-heading\" data-id=\"8319e71\" data-element_type=\"widget\" data-widget_type=\"heading.default\">\n\t\t\t\t\t<h2 class=\"elementor-heading-title elementor-size-default\">PRIVACY POLICY<\/h2>\t\t\t\t<\/div>\n\t\t\t\t\t<\/div>\n\t\t<\/div>\n\t\t\t\t\t<\/div>\n\t\t<\/section>\n\t\t\t\t<section class=\"elementor-section elementor-top-section elementor-element elementor-element-57c7f0ed elementor-section-boxed elementor-section-height-default elementor-section-height-default\" data-id=\"57c7f0ed\" data-element_type=\"section\">\n\t\t\t\t\t\t<div class=\"elementor-container elementor-column-gap-default\">\n\t\t\t\t\t<div class=\"elementor-column elementor-col-100 elementor-top-column elementor-element elementor-element-397af037\" data-id=\"397af037\" data-element_type=\"column\">\n\t\t\t<div class=\"elementor-widget-wrap elementor-element-populated\">\n\t\t\t\t\t\t<div class=\"elementor-element elementor-element-44f2a34 elementor-widget elementor-widget-text-editor\" data-id=\"44f2a34\" data-element_type=\"widget\" data-widget_type=\"text-editor.default\">\n\t\t\t\t\t\t\t\t\t<p><span style=\"font-weight: 400;\">1. KEY CONCEPTS<\/span><\/p>\n<p><span style=\"font-weight: 400;\">1.1. The Company or Personal Data Controller is MB Siulai tau, a small partnership established and operating under the laws of the Republic of Lithuania, with legal entity code 306321763, registered office address K. Donelai\u010dio g. 57-1, Kaunas.<\/span><\/p>\n<p><span style=\"font-weight: 400;\">1.2. Client or Data Subject \u2013 a natural person \u2013 a client of the Company (including website visitors) whose personal data is collected by the Company.<\/span><\/p>\n<p><span style=\"font-weight: 400;\">1.3. Electronic store \u2013 the Company\u2019s electronic store at <\/span><a href=\"https:\/\/happyinaknit.com\/en\/\"><span style=\"font-weight: 400;\">http:\/\/www.happyinaknit.com<\/span><\/a><span style=\"font-weight: 400;\"> \u00a0<\/span><\/p>\n<p><span style=\"font-weight: 400;\">1.4. Services \u2013 all services provided by the Company.<\/span><\/p>\n<p><span style=\"font-weight: 400;\">1.5. Personal data \u2013 any information relating to a natural person \u2013 a Data Subject whose identity is known or can be determined, directly or indirectly, by reference to data such as an identification number, one or more specific physical, physiological, psychological, economic, cultural or social characteristics specific to that person.<\/span><\/p>\n<p><span style=\"font-weight: 400;\">1.6. Personal data processing \u2013 any operation performed on personal data: collection, recording, accumulation, storage, classification, grouping, combination, alteration (supplementation or correction), provision, publication, use, logical and (or) arithmetic operations, search, dissemination, destruction or any other operation or set of operations.<\/span><\/p>\n<p><span style=\"font-weight: 400;\">1.7. Partner \u2013 a legal entity that provides services to the Company related to the activities carried out by the Company, or sells goods to it, or carries out joint projects with the Company, including, but not limited to, marketing promotions, joint sales campaigns, loyalty programs, etc., in media, websites, the Online Store, retail stores, shopping chains, etc.<\/span><\/p>\n<p><span style=\"font-weight: 400;\">1.8. A cookie is a small piece of text information that is automatically created when browsing a website and is stored on the visitor&#039;s computer or other device.<\/span><\/p>\n<p><span style=\"font-weight: 400;\">1.9. Direct marketing \u2013 an activity intended to offer goods or services to individuals by mail, telephone or other direct means and\/or to ask for their opinion on the goods or services offered.<\/span><\/p>\n<p><span style=\"font-weight: 400;\">1.10. Privacy Policy \u2013 means this document establishing the principles and rules for processing Personal Data when using the services of the Online Store.<\/span><\/p>\n<p><span style=\"font-weight: 400;\">1.11. Account \u2013 the Customer&#039;s basic login data to the Online Store, consisting of one email address and Password.<\/span><\/p>\n<p><span style=\"font-weight: 400;\">1.12. Password is a unique combination of numbers, letters, or numbers and letters or other symbols created by the Customer, which, after entering, allows access to the Online Store.<\/span><\/p>\n<p><b><br \/>2. GENERAL PROVISIONS<\/b><\/p>\n<p><span style=\"font-weight: 400;\">2.1. The Client grants the Company the right to perform all Personal Data processing activities within the scope and for the purposes provided for in this Privacy Policy.\u00a0<\/span><\/p>\n<p><span style=\"font-weight: 400;\">2.2. Personal data is processed in accordance with the Law of the Republic of Lithuania on the Legal Protection of Personal Data and other legal acts regulating the processing and protection of Personal data, as well as this Privacy Policy.<\/span><\/p>\n<p><span style=\"font-weight: 400;\">2.3. Personal data is processed in the Company in accordance with the following principles:<\/span><\/p>\n<p><span style=\"font-weight: 400;\">2.3.1. Personal data is collected for specified and legitimate purposes;<\/span><\/p>\n<p><span style=\"font-weight: 400;\">2.3..2. Personal data is processed accurately, fairly and lawfully;\u00a0<\/span><\/p>\n<p><span style=\"font-weight: 400;\">2.3..3. Personal data are adequate and limited to the extent necessary for their collection and further processing;<\/span><\/p>\n<p><span style=\"font-weight: 400;\">2.3..4. Personal data is constantly updated;<\/span><\/p>\n<p><span style=\"font-weight: 400;\">2.3..5. Personal data shall be stored in a form that permits identification of the Data Subject for no longer than is necessary for the purposes for which the data were collected and processed.<\/span><\/p>\n<p><span style=\"font-weight: 400;\">2.3..6. All information about Personal Data is confidential;<\/span><\/p>\n<p><span style=\"font-weight: 400;\">2.3..7. The Client&#039;s Personal Data and personal information will not be used for unlawful purposes.<\/span><\/p>\n<p><span style=\"font-weight: 400;\">2.4. It is considered that the Customer, when making a purchase in the Online Store, has read the current version of the Privacy Policy and agrees with it. If the Customer does not agree with any part of the Privacy Policy or the Privacy Policy, in such case the Customer must not place an order and not purchase the goods in the Online Store.\u00a0<\/span><\/p>\n<p><span style=\"font-weight: 400;\">2.5. The Privacy Policy can be viewed in the Online Store and printed at any time. The Privacy Policy may be changed, supplemented or updated at the discretion of the Company. A new version of the Privacy Policy is published in the Online Store.\u00a0<\/span><\/p>\n<p><span style=\"font-weight: 400;\">2.6. The Customer may place an order in the Online Store without registration, or by registering in the Online Store through his\/her Account.\u00a0<\/span><\/p>\n<p><span style=\"font-weight: 400;\">2.7. During the initial registration with the Online Store through the Account, the Customer must provide their email address and create a secure Password, as well as provide accurate Personal Data to the Online Store. The Customer is responsible for their accuracy. After creating an Account, the Customer is given an identification code.\u00a0<\/span><\/p>\n<p><span style=\"font-weight: 400;\">2.8. When using the Services, as well as when making purchases in the Online Store, the Customer must always provide accurate Personal Data to the Online Store and is responsible for their accuracy.<\/span><\/p>\n<p><span style=\"font-weight: 400;\">2.9. The Customer has the right to change and supplement Personal Data in the Account at any time or to contact the online store with a request to delete the Account.<\/span><\/p>\n<p><span style=\"font-weight: 400;\">2.10. The Client must not disclose the Password to third parties and must keep it safe, otherwise all related liability shall lie with the Client.<br \/><br \/><\/span><strong><br \/>3. COLLECTION, USE, CORRECTION AND STORAGE OF PERSONAL DATA<\/strong><\/p>\n<p><span style=\"font-weight: 400;\">3.1. The Company respects the right of each Client to privacy. The Client&#039;s Personal Data (i.e. name, surname, e-mail address, telephone number, delivery address of the goods\/services, age\/year of birth, payment details for the goods\/services (bank account number, payment method, etc.), purchase history, and also, with the Client&#039;s consent, age, gender, date of birth, place of residence) are collected and processed for the following purposes:<\/span><\/p>\n<p><span style=\"font-weight: 400;\">3.1.1. For the purpose of electronic commerce. The following Personal Data are processed: name, surname, e-mail address, telephone number, delivery address of the goods\/services, age\/year of birth, IP address, payment details for the goods\/services. The storage period of Personal Data used for the purpose of electronic commerce is 5 (five) years from the date of the last connection to the Electronic Store.<\/span><\/p>\n<p><span style=\"font-weight: 400;\">3.1.2. For the purpose of direct marketing. The following Personal Data are processed: name, surname, telephone number, e-mail address, address, age, gender, date of birth, place of residence. The storage period of Personal Data used for the purpose of Direct Marketing is 5 (five) years from the date of the last connection to the Online Store.<\/span><\/p>\n<p><span style=\"font-weight: 400;\">3.2. The Client may provide consent to the processing of his\/her Personal data (name, surname, telephone number, e-mail address, address, age, gender, date of birth, place of residence) for the purpose of Direct Marketing. If, having provided consent to the processing of his\/her data for the purpose of Direct Marketing, as well as to receive Direct Marketing messages, the Client later no longer wishes to do so and informs the Company thereof, the Company will no longer process his\/her Personal data for the purpose of Direct Marketing and will not send the Client any electronic news, except for information related to the Client&#039;s order.<\/span><\/p>\n<p><span style=\"font-weight: 400;\">3.3. The Client has the right to withdraw his\/her consent to the Company processing the Client&#039;s Personal Data for Direct Marketing purposes, as set out in clause 3.2, at any time by submitting a relevant notification to the Company by e-mail. <\/span><a href=\"mailto:info@happyinaknit.com\"><span style=\"font-weight: 400;\">info@happyinaknit.com<\/span><\/a><span style=\"font-weight: 400;\">\u00a0 and clearly indicating that he withdraws his consent to the use of his Personal Data for Direct Marketing purposes and does not wish to receive any Direct Marketing communications.\u00a0<\/span><\/p>\n<p><span style=\"font-weight: 400;\">3.4. The Client also has the opportunity to refuse to exercise his\/her right to object to the processing of the Client&#039;s Personal Data for Direct Marketing purposes by clicking on the relevant link in each email sent.<\/span><\/p>\n<p><span style=\"font-weight: 400;\">3.5. The Client, as a Data Subject, has the following rights related to the processing procedures of the Client&#039;s Personal Data:<\/span><\/p>\n<p><span style=\"font-weight: 400;\">3.5.1. receive information from the Company about the processing of the Client&#039;s Personal data, familiarize yourself with your Personal data and how they are processed;<\/span><\/p>\n<p><span style=\"font-weight: 400;\">3.5.2. receive information from the Company about the sources and types of the Client&#039;s personal data collected, the purpose for which they are processed, and the recipients to whom the data is provided and has been provided for at least the last 1 (one) year;<\/span><\/p>\n<p><span style=\"font-weight: 400;\">3.5.3. demand correction, destruction of the Client&#039;s Personal Data or suspension, except for storage, of the processing of their Personal Data, when the Personal Data is processed in violation of the provisions of the Law on the Legal Protection of Personal Data of the Republic of Lithuania and other laws.<\/span><\/p>\n<p><span style=\"font-weight: 400;\">3.6. When exercising his rights, the Client must provide a passport, identity card or driver&#039;s license. The Company provides the Data Subject with information about the Personal Data of the Data Subject being processed free of charge once a year. The Client may exercise his rights provided for in clause 3.5 by contacting the e-mail address info@happyinaknit.com. The Company has the right to correct, change, delete Personal Data or suspend the processing of Personal Data only after identifying the identity of the Client who applied.\u00a0<\/span><\/p>\n<p><span style=\"font-weight: 400;\">3.7. The Client&#039;s Personal Data is not provided to third parties, except in the following cases:<\/span><\/p>\n<p><span style=\"font-weight: 400;\">3.7.1. When the Client&#039;s consent has been obtained, as specified in this Privacy Policy;<\/span><\/p>\n<p><span style=\"font-weight: 400;\">3.7.2. Personal data for e-commerce purposes is provided to Partners who provide services to the Company related to the activities carried out by the Company;<\/span><\/p>\n<p><span style=\"font-weight: 400;\">3.7.3. In cases provided for by the laws and legal acts of the Republic of Lithuania, to competent institutions.<\/span><\/p>\n<p><span style=\"font-weight: 400;\">3.7.2.<\/span> <span style=\"font-weight: 400;\">In the online store, payments are processed using <\/span><a href=\"https:\/\/makecommerce.lt\/\"><span style=\"font-weight: 400;\">makecommerce.lt<\/span><\/a><span style=\"font-weight: 400;\"> platform managed by Maksekeskus AS (Liivalaia 45, Tallinn 10145, Estonia, reg. no.:12268475), therefore your personal information required for payment execution and confirmation will be transferred to Maksekeskus AS.<\/span><\/p>\n<p><span style=\"font-weight: 400;\">3.8. The Client is aware of his\/her right to object to the processing of his\/her Personal Data for Direct Marketing purposes, i.e. the Client has the right to express his\/her objection immediately or later.<\/span><\/p>\n<p><span style=\"font-weight: 400;\">3.9. The Client agrees that his\/her Personal Data will be transferred to Partners when fulfilling the Client&#039;s order placed in the Online Store, as well as when the Company provides Services to the Client, as well as to the Company&#039;s Partners, as specified in clause 3.7.<\/span><\/p>\n<p><span style=\"font-weight: 400;\">3.10. If the Customer does not agree to the Privacy Policy, the Customer will not be able to use the services of the Online Store.\u00a0<\/span><\/p>\n<p><span style=\"font-weight: 400;\">3.11. The Company implements organizational and technical measures to protect Personal Data from accidental or unlawful destruction, alteration, disclosure, as well as from any other unlawful processing.\u00a0<\/span><\/p>\n<p><span style=\"font-weight: 400;\">3.12. The Client agrees that in cases where it is necessary according to the instructions of the competent authorities and\/or the Client&#039;s Personal Data has been potentially used in the course of illegal activities, or there are reasonable suspicions of identity theft, due to which the competent law enforcement authorities are conducting a pre-trial investigation, or there are other legitimate grounds or purposes, his Personal Data would be stored on the Company&#039;s servers for a longer period than set out in this Privacy Policy.\u00a0<\/span><\/p>\n<p><span style=\"font-weight: 400;\">3.13. Upon receipt of an instruction or inquiry from the Data Subject related to the processing of Personal data, the Company shall provide the Client with a response, satisfying the request\/instruction or with a reasoned refusal to do so, no later than within 30 (thirty) calendar days from the date of the Data Subject&#039;s request. If the Data Subject so requests, the response shall be provided in writing.\u00a0<\/span><\/p>\n<p><span style=\"font-weight: 400;\">3.14. In order for the Company to offer the Customer full-fledged services in the Online Store, with the Customer&#039;s consent, information called Cookies is recorded on the Customer&#039;s computer (device).\u00a0<\/span><i><span style=\"font-weight: 400;\">cookies<\/span><\/i><span style=\"font-weight: 400;\">), which is used to identify the Customer as a previous user of the Online Store, to collect statistics on the attendance of the Online Store, information about the shopping cart. The Customer can at any time review which Cookies are being saved and can delete some or all of the saved Cookies.\u00a0<\/span><\/p>\n<p><span style=\"font-weight: 400;\">3.15. To learn more about cookies, for example how to manage or delete them, you can visit www.allaboutcookies.org.<br \/><br \/><br \/><\/span><b>4. OTHER PROVISIONS<\/b><\/p>\n<p><span style=\"font-weight: 400;\">4.1. The Company has the right to change or supplement the &quot;Privacy Policy&quot; in whole or in part. Supplements or amendments to the Privacy Policy shall enter into force on the date of their publication.<\/span><\/p>\n<p><span style=\"font-weight: 400;\">4.2. If you have any questions, please contact the following contacts: <\/span><a href=\"mailto:info@happyinaknit.com\"><span style=\"font-weight: 400;\">info@happyinaknit.com<\/span><\/a><\/p>\t\t\t\t\t\t\t\t<\/div>\n\t\t\t\t\t<\/div>\n\t\t<\/div>\n\t\t\t\t\t<\/div>\n\t\t<\/section>\n\t\t\t\t<\/div>","protected":false},"excerpt":{"rendered":"<p>1. PAGRINDIN\u0116S S\u0104VOKOS 1.1. Bendrov\u0117 arba Asmens duomen\u0173 valdytojas \u2013 MB Si\u016blai tau, pagal Lietuvos Respublikos \u012fstatymus \u012fsteigta ir veikianti ma\u017eoji bendrija, kurios juridinio asmens kodas 306321763, buvein\u0117s adresas K. Donelai\u010dio g. 57-1, Kaunas. 1.2. Klientas arba Duomen\u0173 subjektas &#8211; fizinis asmuo \u2013 Bendrov\u0117s klientas (tame tarpe tinklapio lankytojai), kurio asmens duomenis renka Bendrov\u0117. 1.3. [&hellip;]<\/p>\n","protected":false},"author":1,"featured_media":0,"parent":0,"menu_order":0,"comment_status":"closed","ping_status":"open","template":"elementor_header_footer","meta":{"_acf_changed":false,"footnotes":""},"class_list":["post-3","page","type-page","status-publish","hentry"],"acf":[],"yoast_head":"<!-- This site is optimized with the Yoast SEO plugin v26.8 - https:\/\/yoast.com\/product\/yoast-seo-wordpress\/ -->\n<title>Privatumo politika - Happyinaknit.com<\/title>\n<meta name=\"robots\" content=\"index, follow, max-snippet:-1, max-image-preview:large, max-video-preview:-1\" \/>\n<link rel=\"canonical\" href=\"https:\/\/happyinaknit.com\/en\/privatumo-politika\/\" \/>\n<meta property=\"og:locale\" content=\"en_US\" \/>\n<meta property=\"og:type\" content=\"article\" \/>\n<meta property=\"og:title\" content=\"Privatumo politika - Happyinaknit.com\" \/>\n<meta property=\"og:description\" content=\"1. PAGRINDIN\u0116S S\u0104VOKOS 1.1. Bendrov\u0117 arba Asmens duomen\u0173 valdytojas \u2013 MB Si\u016blai tau, pagal Lietuvos Respublikos \u012fstatymus \u012fsteigta ir veikianti ma\u017eoji bendrija, kurios juridinio asmens kodas 306321763, buvein\u0117s adresas K. Donelai\u010dio g. 57-1, Kaunas. 1.2. Klientas arba Duomen\u0173 subjektas &#8211; fizinis asmuo \u2013 Bendrov\u0117s klientas (tame tarpe tinklapio lankytojai), kurio asmens duomenis renka Bendrov\u0117. 1.3. [&hellip;]\" \/>\n<meta property=\"og:url\" content=\"https:\/\/happyinaknit.com\/en\/privatumo-politika\/\" \/>\n<meta property=\"og:site_name\" content=\"Happyinaknit.com\" \/>\n<meta property=\"article:modified_time\" content=\"2025-09-11T06:50:43+00:00\" \/>\n<meta name=\"twitter:card\" content=\"summary_large_image\" \/>\n<meta name=\"twitter:label1\" content=\"Est. reading time\" \/>\n\t<meta name=\"twitter:data1\" content=\"17 minutes\" \/>\n<script type=\"application\/ld+json\" class=\"yoast-schema-graph\">{\"@context\":\"https:\/\/schema.org\",\"@graph\":[{\"@type\":\"WebPage\",\"@id\":\"https:\/\/happyinaknit.com\/privatumo-politika\/\",\"url\":\"https:\/\/happyinaknit.com\/privatumo-politika\/\",\"name\":\"Privatumo politika - Happyinaknit.com\",\"isPartOf\":{\"@id\":\"https:\/\/happyinaknit.com\/lt\/#website\"},\"datePublished\":\"2025-08-22T09:30:17+00:00\",\"dateModified\":\"2025-09-11T06:50:43+00:00\",\"breadcrumb\":{\"@id\":\"https:\/\/happyinaknit.com\/privatumo-politika\/#breadcrumb\"},\"inLanguage\":\"en-US\",\"potentialAction\":[{\"@type\":\"ReadAction\",\"target\":[\"https:\/\/happyinaknit.com\/privatumo-politika\/\"]}]},{\"@type\":\"BreadcrumbList\",\"@id\":\"https:\/\/happyinaknit.com\/privatumo-politika\/#breadcrumb\",\"itemListElement\":[{\"@type\":\"ListItem\",\"position\":1,\"name\":\"Home\",\"item\":\"https:\/\/happyinaknit.com\/lt\/\"},{\"@type\":\"ListItem\",\"position\":2,\"name\":\"Privatumo politika\"}]},{\"@type\":\"WebSite\",\"@id\":\"https:\/\/happyinaknit.com\/lt\/#website\",\"url\":\"https:\/\/happyinaknit.com\/lt\/\",\"name\":\"Happyinaknit.com\",\"description\":\"\",\"potentialAction\":[{\"@type\":\"SearchAction\",\"target\":{\"@type\":\"EntryPoint\",\"urlTemplate\":\"https:\/\/happyinaknit.com\/lt\/?s={search_term_string}\"},\"query-input\":{\"@type\":\"PropertyValueSpecification\",\"valueRequired\":true,\"valueName\":\"search_term_string\"}}],\"inLanguage\":\"en-US\"}]}<\/script>\n<!-- \/ Yoast SEO plugin. -->","yoast_head_json":{"title":"Privatumo politika - Happyinaknit.com","robots":{"index":"index","follow":"follow","max-snippet":"max-snippet:-1","max-image-preview":"max-image-preview:large","max-video-preview":"max-video-preview:-1"},"canonical":"https:\/\/happyinaknit.com\/en\/privatumo-politika\/","og_locale":"en_US","og_type":"article","og_title":"Privatumo politika - Happyinaknit.com","og_description":"1. PAGRINDIN\u0116S S\u0104VOKOS 1.1. Bendrov\u0117 arba Asmens duomen\u0173 valdytojas \u2013 MB Si\u016blai tau, pagal Lietuvos Respublikos \u012fstatymus \u012fsteigta ir veikianti ma\u017eoji bendrija, kurios juridinio asmens kodas 306321763, buvein\u0117s adresas K. Donelai\u010dio g. 57-1, Kaunas. 1.2. Klientas arba Duomen\u0173 subjektas &#8211; fizinis asmuo \u2013 Bendrov\u0117s klientas (tame tarpe tinklapio lankytojai), kurio asmens duomenis renka Bendrov\u0117. 1.3. [&hellip;]","og_url":"https:\/\/happyinaknit.com\/en\/privatumo-politika\/","og_site_name":"Happyinaknit.com","article_modified_time":"2025-09-11T06:50:43+00:00","twitter_card":"summary_large_image","twitter_misc":{"Est. reading time":"17 minutes"},"schema":{"@context":"https:\/\/schema.org","@graph":[{"@type":"WebPage","@id":"https:\/\/happyinaknit.com\/privatumo-politika\/","url":"https:\/\/happyinaknit.com\/privatumo-politika\/","name":"Privatumo politika - Happyinaknit.com","isPartOf":{"@id":"https:\/\/happyinaknit.com\/lt\/#website"},"datePublished":"2025-08-22T09:30:17+00:00","dateModified":"2025-09-11T06:50:43+00:00","breadcrumb":{"@id":"https:\/\/happyinaknit.com\/privatumo-politika\/#breadcrumb"},"inLanguage":"en-US","potentialAction":[{"@type":"ReadAction","target":["https:\/\/happyinaknit.com\/privatumo-politika\/"]}]},{"@type":"BreadcrumbList","@id":"https:\/\/happyinaknit.com\/privatumo-politika\/#breadcrumb","itemListElement":[{"@type":"ListItem","position":1,"name":"Home","item":"https:\/\/happyinaknit.com\/lt\/"},{"@type":"ListItem","position":2,"name":"Privatumo politika"}]},{"@type":"WebSite","@id":"https:\/\/happyinaknit.com\/lt\/#website","url":"https:\/\/happyinaknit.com\/lt\/","name":"Happyinaknit.com","description":"","potentialAction":[{"@type":"SearchAction","target":{"@type":"EntryPoint","urlTemplate":"https:\/\/happyinaknit.com\/lt\/?s={search_term_string}"},"query-input":{"@type":"PropertyValueSpecification","valueRequired":true,"valueName":"search_term_string"}}],"inLanguage":"en-US"}]}},"_links":{"self":[{"href":"https:\/\/happyinaknit.com\/en\/wp-json\/wp\/v2\/pages\/3","targetHints":{"allow":["GET"]}}],"collection":[{"href":"https:\/\/happyinaknit.com\/en\/wp-json\/wp\/v2\/pages"}],"about":[{"href":"https:\/\/happyinaknit.com\/en\/wp-json\/wp\/v2\/types\/page"}],"author":[{"embeddable":true,"href":"https:\/\/happyinaknit.com\/en\/wp-json\/wp\/v2\/users\/1"}],"replies":[{"embeddable":true,"href":"https:\/\/happyinaknit.com\/en\/wp-json\/wp\/v2\/comments?post=3"}],"version-history":[{"count":0,"href":"https:\/\/happyinaknit.com\/en\/wp-json\/wp\/v2\/pages\/3\/revisions"}],"wp:attachment":[{"href":"https:\/\/happyinaknit.com\/en\/wp-json\/wp\/v2\/media?parent=3"}],"curies":[{"name":"wp","href":"https:\/\/api.w.org\/{rel}","templated":true}]}}